{"id":62663,"date":"2026-01-29T20:21:38","date_gmt":"2026-01-29T19:21:38","guid":{"rendered":"https:\/\/scandinavischelampen.nl\/?post_type=product&#038;p=62663"},"modified":"2026-01-29T20:39:33","modified_gmt":"2026-01-29T19:39:33","slug":"form-light-hanglamp-taupe-brons-gepoedercoat","status":"publish","type":"product","link":"https:\/\/scandinavischelampen.nl\/fr\/produit\/form-light-hanglamp-taupe-brons-gepoedercoat\/","title":{"rendered":"Suspension Form-Light \u2013 Rev\u00eatement en poudre taupe et bronze \u2013 Design danois vintage"},"content":{"rendered":"<p data-start=\"253\" data-end=\"632\">D\u00e9couvrez l\u2019\u00e9l\u00e9gance intemporelle de cette <strong data-start=\"291\" data-end=\"314\">lampe pendante Form-Light<\/strong>, d\u00e9sormais professionnelle <strong data-start=\"333\" data-end=\"377\">rev\u00eatue en poudre dans un abat-jour \u00e9l\u00e9gant taupe et bronze<\/strong>. Cette magnifique lampe vintage cr\u00e9e instantan\u00e9ment une atmosph\u00e8re dans n\u2019importe quelle pi\u00e8ce. La lumi\u00e8re est diffus\u00e9e doucement et diffusement, cr\u00e9ant une ambiance chaleureuse, tandis que les subtiles perforations au sommet dessinent un dessin lumineux sophistiqu\u00e9 au plafond.  <\/p>\n<p data-start=\"634\" data-end=\"947\">Que vous recherchiez un luminaire \u00e9l\u00e9gant au-dessus de la table \u00e0 manger, dans le salon ou dans une cuisine moderne, cette suspension allie caract\u00e8re, qualit\u00e9 et simplicit\u00e9 scandinave. Ses dimensions g\u00e9n\u00e9reuses et ses chaudes teintes taupe et bronze en font le choix id\u00e9al pour quiconque souhaite ajouter une pi\u00e8ce ma\u00eetresse unique \u00e0 son int\u00e9rieur. <\/p>\n<p data-start=\"949\" data-end=\"1149\">Cette lampe, charg\u00e9e d&rsquo;histoire, a \u00e9t\u00e9 enti\u00e8rement restaur\u00e9e et recouverte d&rsquo;un rev\u00eatement en poudre r\u00e9sistant. Elle retrouve ainsi son aspect neuf et s&rsquo;int\u00e8gre parfaitement aux int\u00e9rieurs modernes comme vintage. <\/p>\n<h3 data-start=\"1151\" data-end=\"1169\"><strong data-start=\"1155\" data-end=\"1167\">Condition<\/strong><\/h3>\n<p data-start=\"1170\" data-end=\"1381\">Cette lampe pendante Form-Light a environ <strong data-start=\"1204\" data-end=\"1219\">30 ans<\/strong> et est en <strong data-start=\"1235\" data-end=\"1256\">excellent \u00e9tat<\/strong>. On observe quelques signes d\u2019usure visibles qui datent de l\u2019\u00e9poque du mod\u00e8le.  L\u2019\u00e9lectricit\u00e9 a \u00e9t\u00e9 enti\u00e8rement renouvel\u00e9e.<\/p>\n<h3 data-start=\"1383\" data-end=\"1434\"><strong data-start=\"1387\" data-end=\"1432\">Caract\u00e9ristiques \u2013 Lampe pendante \u00e0 lumi\u00e8re de forme taupe et bronze<\/strong><\/h3>\n<ul>\n<li data-start=\"1437\" data-end=\"1458\">Diam\u00e8tre : 38cm<\/li>\n<li data-start=\"1437\" data-end=\"1458\"><strong data-start=\"1461\" data-end=\"1472\">Hauteur<\/strong> : 20cm<\/li>\n<li data-start=\"1437\" data-end=\"1458\"><strong data-start=\"1483\" data-end=\"1511\">Hauteur totale avec cordon :<\/strong> 220 cm (r\u00e9glable pendant l\u2019installation)<\/li>\n<li data-start=\"1437\" data-end=\"1458\"><strong data-start=\"1556\" data-end=\"1570\">Mat\u00e9riau :<\/strong> acier<\/li>\n<li data-start=\"1437\" data-end=\"1458\"><strong data-start=\"1581\" data-end=\"1591\">Couleur:<\/strong> Taupe et bronze (rev\u00eatus en poudre professionnellement)<\/li>\n<li data-start=\"1437\" data-end=\"1458\"><strong data-start=\"1631\" data-end=\"1641\">Corde:<\/strong> Blanc<\/li>\n<li data-start=\"1437\" data-end=\"1458\"><strong data-start=\"1650\" data-end=\"1667\">Puissance max. :<\/strong> 60W<\/li>\n<li data-start=\"1437\" data-end=\"1458\"><strong data-start=\"1676\" data-end=\"1688\">Prise:<\/strong> E27 \u2013 adapt\u00e9 aux lampes LED et \u00e0 l\u2019\u00e9clairage intelligent<\/li>\n<li data-start=\"1437\" data-end=\"1458\"><strong data-start=\"1746\" data-end=\"1758\">Poids<\/strong> : 3,7 kg<\/li>\n<\/ul>\n<h3 data-start=\"1769\" data-end=\"1794\"><strong data-start=\"1773\" data-end=\"1792\">\u00c0 propos de Form-Light<\/strong><\/h3>\n<p data-start=\"1795\" data-end=\"2327\">Form-Light a \u00e9t\u00e9 fond\u00e9e en 1991 \u00e0 Ballerup (Danemark) par <strong data-start=\"1869\" data-end=\"1884\">le designer Erik Nissen<\/strong>. La marque s\u2019est fait conna\u00eetre gr\u00e2ce \u00e0 ses lampes suspendues minimalistes \u00e0 plusieurs couches, parfaitement int\u00e9gr\u00e9es au design Mid-Century Modern. Les lampes sont fabriqu\u00e9es en acier robuste rev\u00eatu de poudre et d\u00e9gagent une qualit\u00e9 et une beaut\u00e9 intemporelle. Bien que Form-Light ait \u00e9t\u00e9 produite \u00e0 une \u00e9chelle relativement r\u00e9duite, ces designs figurent d\u00e9sormais parmi les objets de collection populaires. D\u00e9couvrez notre collection et laissez-vous inspirer par la simplicit\u00e9 embl\u00e9matique de Form-Light.    <\/p>\n<p style=\"font-weight: 400;\">\n","protected":false},"excerpt":{"rendered":"<div class=\"group w-full text-token-text-primary border-b border-black\/10 dark:border-gray-900\/50 bg-gray-50 dark:bg-[#444654]\" data-testid=\"conversation-turn-7\">\n<div class=\"flex p-4 gap-4 text-base md:gap-6 md:max-w-2xl lg:max-w-[38rem] xl:max-w-3xl md:py-6 lg:px-0 m-auto\">\n<div class=\"relative flex w-[calc(100%-50px)] flex-col gap-1 md:gap-3 lg:w-[calc(100%-115px)]\">\n<div class=\"flex flex-grow flex-col gap-3 max-w-full\">\n<div class=\"min-h-[20px] flex flex-col items-start gap-3 overflow-x-auto whitespace-pre-wrap break-words\">\n<div class=\"markdown prose w-full break-words dark:prose-invert light\">\n<p><strong data-start=\"2863\" data-end=\"2886\">Lampe pendante styl\u00e9e Form-Light, recouverte de poudre<\/strong> d\u2019un abat-jour plus chaud taupe et bronze. Design scandinave avec lumi\u00e8re diffuse, 38 cm, \u00e9lectricit\u00e9 renouvel\u00e9e et installation E27. Exemplaire vintage unique en bon \u00e9tat.  <\/p>\n<\/div>\n<\/div>\n<\/div>\n<\/div>\n<\/div>\n<\/div>\n","protected":false},"featured_media":62694,"template":"","meta":{"_uag_custom_page_level_css":"","site-sidebar-layout":"default","site-content-layout":"default","ast-site-content-layout":"default","site-content-style":"default","site-sidebar-style":"default","ast-global-header-display":"","ast-banner-title-visibility":"","ast-main-header-display":"","ast-hfb-above-header-display":"","ast-hfb-below-header-display":"","ast-hfb-mobile-header-display":"","site-post-title":"","ast-breadcrumbs-content":"","ast-featured-img":"","footer-sml-layout":"","ast-disable-related-posts":"","theme-transparent-header-meta":"default","adv-header-id-meta":"","stick-header-meta":"","header-above-stick-meta":"","header-main-stick-meta":"","header-below-stick-meta":"","astra-migrate-meta-layouts":"set","ast-page-background-enabled":"default","ast-page-background-meta":{"desktop":{"background-color":"var(--ast-global-color-4)","background-image":"","background-repeat":"repeat","background-position":"center center","background-size":"auto","background-attachment":"scroll","background-type":"","background-media":"","overlay-type":"","overlay-color":"","overlay-opacity":"","overlay-gradient":""},"tablet":{"background-color":"","background-image":"","background-repeat":"repeat","background-position":"center center","background-size":"auto","background-attachment":"scroll","background-type":"","background-media":"","overlay-type":"","overlay-color":"","overlay-opacity":"","overlay-gradient":""},"mobile":{"background-color":"","background-image":"","background-repeat":"repeat","background-position":"center center","background-size":"auto","background-attachment":"scroll","background-type":"","background-media":"","overlay-type":"","overlay-color":"","overlay-opacity":"","overlay-gradient":""}},"ast-content-background-meta":{"desktop":{"background-color":"var(--ast-global-color-5)","background-image":"","background-repeat":"repeat","background-position":"center center","background-size":"auto","background-attachment":"scroll","background-type":"","background-media":"","overlay-type":"","overlay-color":"","overlay-opacity":"","overlay-gradient":""},"tablet":{"background-color":"var(--ast-global-color-5)","background-image":"","background-repeat":"repeat","background-position":"center center","background-size":"auto","background-attachment":"scroll","background-type":"","background-media":"","overlay-type":"","overlay-color":"","overlay-opacity":"","overlay-gradient":""},"mobile":{"background-color":"var(--ast-global-color-5)","background-image":"","background-repeat":"repeat","background-position":"center center","background-size":"auto","background-attachment":"scroll","background-type":"","background-media":"","overlay-type":"","overlay-color":"","overlay-opacity":"","overlay-gradient":""}}},"product_brand":[],"product_cat":[459,499,337,336,338,505,333,335,604],"product_tag":[1012,593],"class_list":{"0":"post-62663","1":"product","2":"type-product","3":"status-publish","4":"has-post-thumbnail","6":"product_cat-collection-de-couleurs","7":"product_cat-eclairage-de-bureau-fr","8":"product_cat-eclairage-de-la-chambre","9":"product_cat-eclairage-de-la-cuisine","10":"product_cat-eclairage-du-salon","11":"product_cat-form-light-fr","12":"product_cat-suspensions-scandinaves","13":"product_cat-suspensions-pour-table-a-manger","14":"product_cat-voir-notre-collection-complete","15":"product_tag-bronze","16":"product_tag-taupe-fr","17":"desktop-align-center","18":"tablet-align-left","19":"mobile-align-left","21":"first","22":"instock","23":"taxable","24":"shipping-taxable","25":"purchasable","26":"product-type-simple"},"yoast_head":"<!-- This site is optimized with the Yoast SEO plugin v27.4 - https:\/\/yoast.com\/product\/yoast-seo-wordpress\/ -->\n<title>Lampe pendante Form-Light \u2013 Taupe et bronze recouverte de poudre<\/title>\n<meta name=\"description\" content=\"Lampe pendante vintage Form-Light, rev\u00eatue professionnellement en poudre en taupe et bronze. Design scandinave, \u00d838 cm, raccord E27. Pi\u00e8ce unique en bon \u00e9tat\" \/>\n<meta name=\"robots\" content=\"index, follow, max-snippet:-1, max-image-preview:large, max-video-preview:-1\" \/>\n<link rel=\"canonical\" href=\"https:\/\/scandinavischelampen.nl\/fr\/produit\/form-light-hanglamp-taupe-brons-gepoedercoat\/\" \/>\n<meta property=\"og:locale\" content=\"fr_FR\" \/>\n<meta property=\"og:type\" content=\"article\" \/>\n<meta property=\"og:title\" content=\"Lampe pendante Form-Light \u2013 Taupe et bronze recouverte de poudre\" \/>\n<meta property=\"og:description\" content=\"Lampe pendante vintage Form-Light, rev\u00eatue professionnellement en poudre en taupe et bronze. Design scandinave, \u00d838 cm, raccord E27. Pi\u00e8ce unique en bon \u00e9tat\" \/>\n<meta property=\"og:url\" content=\"https:\/\/scandinavischelampen.nl\/fr\/produit\/form-light-hanglamp-taupe-brons-gepoedercoat\/\" \/>\n<meta property=\"og:site_name\" content=\"Lampes Scandinaves\" \/>\n<meta property=\"article:publisher\" content=\"https:\/\/www.facebook.com\/scandinavischelampen\/\" \/>\n<meta property=\"article:modified_time\" content=\"2026-01-29T19:39:33+00:00\" \/>\n<meta property=\"og:image\" content=\"https:\/\/i0.wp.com\/scandinavischelampen.nl\/wp-content\/uploads\/2026\/01\/IMG_1549-kopie-scaled.jpg?fit=1920%2C2560&ssl=1\" \/>\n\t<meta property=\"og:image:width\" content=\"1920\" \/>\n\t<meta property=\"og:image:height\" content=\"2560\" \/>\n\t<meta property=\"og:image:type\" content=\"image\/jpeg\" \/>\n<meta name=\"twitter:card\" content=\"summary_large_image\" \/>\n<meta name=\"twitter:label1\" content=\"Dur\u00e9e de lecture estim\u00e9e\" \/>\n\t<meta name=\"twitter:data1\" content=\"2 minutes\" \/>\n<script type=\"application\/ld+json\" class=\"yoast-schema-graph\">{\"@context\":\"https:\\\/\\\/schema.org\",\"@graph\":[{\"@type\":\"WebPage\",\"@id\":\"https:\\\/\\\/scandinavischelampen.nl\\\/fr\\\/produit\\\/form-light-hanglamp-taupe-brons-gepoedercoat\\\/\",\"url\":\"https:\\\/\\\/scandinavischelampen.nl\\\/fr\\\/produit\\\/form-light-hanglamp-taupe-brons-gepoedercoat\\\/\",\"name\":\"Lampe pendante Form-Light \u2013 Taupe et bronze recouverte de poudre\",\"isPartOf\":{\"@id\":\"https:\\\/\\\/scandinavischelampen.nl\\\/fr\\\/#website\"},\"primaryImageOfPage\":{\"@id\":\"https:\\\/\\\/scandinavischelampen.nl\\\/fr\\\/produit\\\/form-light-hanglamp-taupe-brons-gepoedercoat\\\/#primaryimage\"},\"image\":{\"@id\":\"https:\\\/\\\/scandinavischelampen.nl\\\/fr\\\/produit\\\/form-light-hanglamp-taupe-brons-gepoedercoat\\\/#primaryimage\"},\"thumbnailUrl\":\"https:\\\/\\\/i0.wp.com\\\/scandinavischelampen.nl\\\/wp-content\\\/uploads\\\/2026\\\/01\\\/IMG_1549-kopie-scaled.jpg?fit=1920%2C2560&ssl=1\",\"datePublished\":\"2026-01-29T19:21:38+00:00\",\"dateModified\":\"2026-01-29T19:39:33+00:00\",\"description\":\"Lampe pendante vintage Form-Light, rev\u00eatue professionnellement en poudre en taupe et bronze. Design scandinave, \u00d838 cm, raccord E27. Pi\u00e8ce unique en bon \u00e9tat\",\"breadcrumb\":{\"@id\":\"https:\\\/\\\/scandinavischelampen.nl\\\/fr\\\/produit\\\/form-light-hanglamp-taupe-brons-gepoedercoat\\\/#breadcrumb\"},\"inLanguage\":\"fr-FR\",\"potentialAction\":[{\"@type\":\"ReadAction\",\"target\":[\"https:\\\/\\\/scandinavischelampen.nl\\\/fr\\\/produit\\\/form-light-hanglamp-taupe-brons-gepoedercoat\\\/\"]}]},{\"@type\":\"ImageObject\",\"inLanguage\":\"fr-FR\",\"@id\":\"https:\\\/\\\/scandinavischelampen.nl\\\/fr\\\/produit\\\/form-light-hanglamp-taupe-brons-gepoedercoat\\\/#primaryimage\",\"url\":\"https:\\\/\\\/i0.wp.com\\\/scandinavischelampen.nl\\\/wp-content\\\/uploads\\\/2026\\\/01\\\/IMG_1549-kopie-scaled.jpg?fit=1920%2C2560&ssl=1\",\"contentUrl\":\"https:\\\/\\\/i0.wp.com\\\/scandinavischelampen.nl\\\/wp-content\\\/uploads\\\/2026\\\/01\\\/IMG_1549-kopie-scaled.jpg?fit=1920%2C2560&ssl=1\",\"width\":1920,\"height\":2560,\"caption\":\"Suspension Form-Light \u2013 Rev\u00eatement en poudre taupe et bronze \u2013 Design danois vintage\"},{\"@type\":\"BreadcrumbList\",\"@id\":\"https:\\\/\\\/scandinavischelampen.nl\\\/fr\\\/produit\\\/form-light-hanglamp-taupe-brons-gepoedercoat\\\/#breadcrumb\",\"itemListElement\":[{\"@type\":\"ListItem\",\"position\":1,\"name\":\"Home\",\"item\":\"https:\\\/\\\/scandinavischelampen.nl\\\/fr\\\/\"},{\"@type\":\"ListItem\",\"position\":2,\"name\":\"Boutique\",\"item\":\"https:\\\/\\\/scandinavischelampen.nl\\\/fr\\\/boutique\\\/\"},{\"@type\":\"ListItem\",\"position\":3,\"name\":\"Suspension Form-Light \u2013 Rev\u00eatement en poudre taupe et bronze \u2013 Design danois vintage\"}]},{\"@type\":\"WebSite\",\"@id\":\"https:\\\/\\\/scandinavischelampen.nl\\\/fr\\\/#website\",\"url\":\"https:\\\/\\\/scandinavischelampen.nl\\\/fr\\\/\",\"name\":\"Scandinavische Lampen\",\"description\":\"Luminaire design vintage\",\"publisher\":{\"@id\":\"https:\\\/\\\/scandinavischelampen.nl\\\/fr\\\/#organization\"},\"potentialAction\":[{\"@type\":\"SearchAction\",\"target\":{\"@type\":\"EntryPoint\",\"urlTemplate\":\"https:\\\/\\\/scandinavischelampen.nl\\\/fr\\\/?s={search_term_string}\"},\"query-input\":{\"@type\":\"PropertyValueSpecification\",\"valueRequired\":true,\"valueName\":\"search_term_string\"}}],\"inLanguage\":\"fr-FR\"},{\"@type\":\"Organization\",\"@id\":\"https:\\\/\\\/scandinavischelampen.nl\\\/fr\\\/#organization\",\"name\":\"Scandinavische Lampen\",\"url\":\"https:\\\/\\\/scandinavischelampen.nl\\\/fr\\\/\",\"logo\":{\"@type\":\"ImageObject\",\"inLanguage\":\"fr-FR\",\"@id\":\"https:\\\/\\\/scandinavischelampen.nl\\\/fr\\\/#\\\/schema\\\/logo\\\/image\\\/\",\"url\":\"https:\\\/\\\/i0.wp.com\\\/scandinavischelampen.nl\\\/wp-content\\\/uploads\\\/2023\\\/07\\\/cropped-Scandinavische-lampen-logo-oranje-01-scaled.png?fit=4717%2C1570&ssl=1\",\"contentUrl\":\"https:\\\/\\\/i0.wp.com\\\/scandinavischelampen.nl\\\/wp-content\\\/uploads\\\/2023\\\/07\\\/cropped-Scandinavische-lampen-logo-oranje-01-scaled.png?fit=4717%2C1570&ssl=1\",\"width\":4717,\"height\":1570,\"caption\":\"Scandinavische Lampen\"},\"image\":{\"@id\":\"https:\\\/\\\/scandinavischelampen.nl\\\/fr\\\/#\\\/schema\\\/logo\\\/image\\\/\"},\"sameAs\":[\"https:\\\/\\\/www.facebook.com\\\/scandinavischelampen\\\/\",\"https:\\\/\\\/www.instagram.com\\\/scandinavische_lampen\\\/\"]}]}<\/script>\n<!-- \/ Yoast SEO plugin. -->","yoast_head_json":{"title":"Lampe pendante Form-Light \u2013 Taupe et bronze recouverte de poudre","description":"Lampe pendante vintage Form-Light, rev\u00eatue professionnellement en poudre en taupe et bronze. Design scandinave, \u00d838 cm, raccord E27. Pi\u00e8ce unique en bon \u00e9tat","robots":{"index":"index","follow":"follow","max-snippet":"max-snippet:-1","max-image-preview":"max-image-preview:large","max-video-preview":"max-video-preview:-1"},"canonical":"https:\/\/scandinavischelampen.nl\/fr\/produit\/form-light-hanglamp-taupe-brons-gepoedercoat\/","og_locale":"fr_FR","og_type":"article","og_title":"Lampe pendante Form-Light \u2013 Taupe et bronze recouverte de poudre","og_description":"Lampe pendante vintage Form-Light, rev\u00eatue professionnellement en poudre en taupe et bronze. Design scandinave, \u00d838 cm, raccord E27. Pi\u00e8ce unique en bon \u00e9tat","og_url":"https:\/\/scandinavischelampen.nl\/fr\/produit\/form-light-hanglamp-taupe-brons-gepoedercoat\/","og_site_name":"Lampes Scandinaves","article_publisher":"https:\/\/www.facebook.com\/scandinavischelampen\/","article_modified_time":"2026-01-29T19:39:33+00:00","og_image":[{"width":1920,"height":2560,"url":"https:\/\/i0.wp.com\/scandinavischelampen.nl\/wp-content\/uploads\/2026\/01\/IMG_1549-kopie-scaled.jpg?fit=1920%2C2560&ssl=1","type":"image\/jpeg"}],"twitter_card":"summary_large_image","twitter_misc":{"Dur\u00e9e de lecture estim\u00e9e":"2 minutes"},"schema":{"@context":"https:\/\/schema.org","@graph":[{"@type":"WebPage","@id":"https:\/\/scandinavischelampen.nl\/fr\/produit\/form-light-hanglamp-taupe-brons-gepoedercoat\/","url":"https:\/\/scandinavischelampen.nl\/fr\/produit\/form-light-hanglamp-taupe-brons-gepoedercoat\/","name":"Lampe pendante Form-Light \u2013 Taupe et bronze recouverte de poudre","isPartOf":{"@id":"https:\/\/scandinavischelampen.nl\/fr\/#website"},"primaryImageOfPage":{"@id":"https:\/\/scandinavischelampen.nl\/fr\/produit\/form-light-hanglamp-taupe-brons-gepoedercoat\/#primaryimage"},"image":{"@id":"https:\/\/scandinavischelampen.nl\/fr\/produit\/form-light-hanglamp-taupe-brons-gepoedercoat\/#primaryimage"},"thumbnailUrl":"https:\/\/i0.wp.com\/scandinavischelampen.nl\/wp-content\/uploads\/2026\/01\/IMG_1549-kopie-scaled.jpg?fit=1920%2C2560&ssl=1","datePublished":"2026-01-29T19:21:38+00:00","dateModified":"2026-01-29T19:39:33+00:00","description":"Lampe pendante vintage Form-Light, rev\u00eatue professionnellement en poudre en taupe et bronze. Design scandinave, \u00d838 cm, raccord E27. Pi\u00e8ce unique en bon \u00e9tat","breadcrumb":{"@id":"https:\/\/scandinavischelampen.nl\/fr\/produit\/form-light-hanglamp-taupe-brons-gepoedercoat\/#breadcrumb"},"inLanguage":"fr-FR","potentialAction":[{"@type":"ReadAction","target":["https:\/\/scandinavischelampen.nl\/fr\/produit\/form-light-hanglamp-taupe-brons-gepoedercoat\/"]}]},{"@type":"ImageObject","inLanguage":"fr-FR","@id":"https:\/\/scandinavischelampen.nl\/fr\/produit\/form-light-hanglamp-taupe-brons-gepoedercoat\/#primaryimage","url":"https:\/\/i0.wp.com\/scandinavischelampen.nl\/wp-content\/uploads\/2026\/01\/IMG_1549-kopie-scaled.jpg?fit=1920%2C2560&ssl=1","contentUrl":"https:\/\/i0.wp.com\/scandinavischelampen.nl\/wp-content\/uploads\/2026\/01\/IMG_1549-kopie-scaled.jpg?fit=1920%2C2560&ssl=1","width":1920,"height":2560,"caption":"Suspension Form-Light \u2013 Rev\u00eatement en poudre taupe et bronze \u2013 Design danois vintage"},{"@type":"BreadcrumbList","@id":"https:\/\/scandinavischelampen.nl\/fr\/produit\/form-light-hanglamp-taupe-brons-gepoedercoat\/#breadcrumb","itemListElement":[{"@type":"ListItem","position":1,"name":"Home","item":"https:\/\/scandinavischelampen.nl\/fr\/"},{"@type":"ListItem","position":2,"name":"Boutique","item":"https:\/\/scandinavischelampen.nl\/fr\/boutique\/"},{"@type":"ListItem","position":3,"name":"Suspension Form-Light \u2013 Rev\u00eatement en poudre taupe et bronze \u2013 Design danois vintage"}]},{"@type":"WebSite","@id":"https:\/\/scandinavischelampen.nl\/fr\/#website","url":"https:\/\/scandinavischelampen.nl\/fr\/","name":"Scandinavische Lampen","description":"Luminaire design vintage","publisher":{"@id":"https:\/\/scandinavischelampen.nl\/fr\/#organization"},"potentialAction":[{"@type":"SearchAction","target":{"@type":"EntryPoint","urlTemplate":"https:\/\/scandinavischelampen.nl\/fr\/?s={search_term_string}"},"query-input":{"@type":"PropertyValueSpecification","valueRequired":true,"valueName":"search_term_string"}}],"inLanguage":"fr-FR"},{"@type":"Organization","@id":"https:\/\/scandinavischelampen.nl\/fr\/#organization","name":"Scandinavische Lampen","url":"https:\/\/scandinavischelampen.nl\/fr\/","logo":{"@type":"ImageObject","inLanguage":"fr-FR","@id":"https:\/\/scandinavischelampen.nl\/fr\/#\/schema\/logo\/image\/","url":"https:\/\/i0.wp.com\/scandinavischelampen.nl\/wp-content\/uploads\/2023\/07\/cropped-Scandinavische-lampen-logo-oranje-01-scaled.png?fit=4717%2C1570&ssl=1","contentUrl":"https:\/\/i0.wp.com\/scandinavischelampen.nl\/wp-content\/uploads\/2023\/07\/cropped-Scandinavische-lampen-logo-oranje-01-scaled.png?fit=4717%2C1570&ssl=1","width":4717,"height":1570,"caption":"Scandinavische Lampen"},"image":{"@id":"https:\/\/scandinavischelampen.nl\/fr\/#\/schema\/logo\/image\/"},"sameAs":["https:\/\/www.facebook.com\/scandinavischelampen\/","https:\/\/www.instagram.com\/scandinavische_lampen\/"]}]}},"uagb_featured_image_src":{"full":["https:\/\/i0.wp.com\/scandinavischelampen.nl\/wp-content\/uploads\/2026\/01\/IMG_1549-kopie-scaled.jpg?fit=1920%2C2560&ssl=1",1920,2560,false],"thumbnail":["https:\/\/i0.wp.com\/scandinavischelampen.nl\/wp-content\/uploads\/2026\/01\/IMG_1549-kopie-scaled.jpg?resize=150%2C150&ssl=1",150,150,true],"medium":["https:\/\/i0.wp.com\/scandinavischelampen.nl\/wp-content\/uploads\/2026\/01\/IMG_1549-kopie-scaled.jpg?fit=225%2C300&ssl=1",225,300,true],"medium_large":["https:\/\/i0.wp.com\/scandinavischelampen.nl\/wp-content\/uploads\/2026\/01\/IMG_1549-kopie-scaled.jpg?fit=768%2C1024&ssl=1",768,1024,true],"large":["https:\/\/i0.wp.com\/scandinavischelampen.nl\/wp-content\/uploads\/2026\/01\/IMG_1549-kopie-scaled.jpg?fit=768%2C1024&ssl=1",768,1024,true],"1536x1536":["https:\/\/i0.wp.com\/scandinavischelampen.nl\/wp-content\/uploads\/2026\/01\/IMG_1549-kopie-scaled.jpg?fit=1152%2C1536&ssl=1",1152,1536,true],"2048x2048":["https:\/\/i0.wp.com\/scandinavischelampen.nl\/wp-content\/uploads\/2026\/01\/IMG_1549-kopie-scaled.jpg?fit=1536%2C2048&ssl=1",1536,2048,true],"woocommerce_thumbnail":["https:\/\/i0.wp.com\/scandinavischelampen.nl\/wp-content\/uploads\/2026\/01\/IMG_1549-kopie-scaled.jpg?resize=300%2C300&ssl=1",300,300,true],"woocommerce_single":["https:\/\/i0.wp.com\/scandinavischelampen.nl\/wp-content\/uploads\/2026\/01\/IMG_1549-kopie-scaled.jpg?fit=600%2C800&ssl=1",600,800,true],"woocommerce_gallery_thumbnail":["https:\/\/i0.wp.com\/scandinavischelampen.nl\/wp-content\/uploads\/2026\/01\/IMG_1549-kopie-scaled.jpg?resize=100%2C100&ssl=1",100,100,true],"thaps-thumb-img":["https:\/\/i0.wp.com\/scandinavischelampen.nl\/wp-content\/uploads\/2026\/01\/IMG_1549-kopie-scaled.jpg?resize=48%2C64&ssl=1",48,64,true]},"uagb_author_info":{"display_name":"administrator","author_link":"https:\/\/scandinavischelampen.nl\/fr\/author\/"},"uagb_comment_info":0,"uagb_excerpt":"Lampe pendante styl\u00e9e Form-Light, recouverte de poudre d\u2019un abat-jour plus chaud taupe et bronze. Design scandinave avec lumi\u00e8re diffuse, 38 cm, \u00e9lectricit\u00e9 renouvel\u00e9e et installation E27. Exemplaire vintage unique en bon \u00e9tat.","jetpack_sharing_enabled":true,"_links":{"self":[{"href":"https:\/\/scandinavischelampen.nl\/fr\/wp-json\/wp\/v2\/product\/62663","targetHints":{"allow":["GET"]}}],"collection":[{"href":"https:\/\/scandinavischelampen.nl\/fr\/wp-json\/wp\/v2\/product"}],"about":[{"href":"https:\/\/scandinavischelampen.nl\/fr\/wp-json\/wp\/v2\/types\/product"}],"wp:featuredmedia":[{"embeddable":true,"href":"https:\/\/scandinavischelampen.nl\/fr\/wp-json\/wp\/v2\/media\/62694"}],"wp:attachment":[{"href":"https:\/\/scandinavischelampen.nl\/fr\/wp-json\/wp\/v2\/media?parent=62663"}],"wp:term":[{"taxonomy":"product_brand","embeddable":true,"href":"https:\/\/scandinavischelampen.nl\/fr\/wp-json\/wp\/v2\/product_brand?post=62663"},{"taxonomy":"product_cat","embeddable":true,"href":"https:\/\/scandinavischelampen.nl\/fr\/wp-json\/wp\/v2\/product_cat?post=62663"},{"taxonomy":"product_tag","embeddable":true,"href":"https:\/\/scandinavischelampen.nl\/fr\/wp-json\/wp\/v2\/product_tag?post=62663"}],"curies":[{"name":"wp","href":"https:\/\/api.w.org\/{rel}","templated":true}]}}