{"id":61804,"date":"2025-11-29T16:39:07","date_gmt":"2025-11-29T15:39:07","guid":{"rendered":"https:\/\/scandinavischelampen.nl\/product\/jo-hammerborg-milieu-hanglamp-warm-geel\/"},"modified":"2025-11-29T16:39:07","modified_gmt":"2025-11-29T15:39:07","slug":"jo-hammerborg-milieu-hanglamp-warm-geel","status":"publish","type":"product","link":"https:\/\/scandinavischelampen.nl\/fr\/produit\/jo-hammerborg-milieu-hanglamp-warm-geel\/","title":{"rendered":"Jo Hammerborg pour Fog &amp; M\u00f8rup \u2013 Lampe pendante environnementale (Jaune chaud, 1975)"},"content":{"rendered":"<h2 data-start=\"227\" data-end=\"294\"><strong data-start=\"230\" data-end=\"294\">Jo Hammerborg pour Fog &amp; M\u00f8rup \u2013 Lampe pendante environnementale (jaune chaud)<\/strong><\/h2>\n<p data-start=\"296\" data-end=\"648\">Apportez la classe scandinave \u00e0 votre int\u00e9rieur avec cette <strong data-start=\"349\" data-end=\"382\">lampe suspendue Jo Hammerborg Environmental<\/strong> pour <strong data-start=\"388\" data-end=\"403\">Fog &amp; M\u00f8rup<\/strong>, con\u00e7ue en <strong data-start=\"418\" data-end=\"426\">1975<\/strong>. La forme embl\u00e9matique et superpos\u00e9e cr\u00e9e un magnifique jeu de lumi\u00e8re : lumineux au centre et doucement diffus\u00e9 sur les bords. Cela cr\u00e9e une atmosph\u00e8re chaleureuse et apaisante qui s\u2019adapte sans effort \u00e0 diff\u00e9rents espaces.  <\/p>\n<p data-start=\"650\" data-end=\"950\">La lampe a \u00e9t\u00e9 rev\u00eatue professionnellement en poudre dans une <strong data-start=\"703\" data-end=\"722\">teinte jaune chaude<\/strong>, alliant ce design intemporel \u00e0 un aspect frais et contemporain. La couleur ajoute un accent ensoleill\u00e9, parfait pour donner plus de caract\u00e8re et de chaleur \u00e0 votre <strong data-start=\"866\" data-end=\"876\">cuisine<\/strong>, <strong data-start=\"878\" data-end=\"885\">couloir<\/strong>, <strong data-start=\"887\" data-end=\"901\">chambre<\/strong> ou <strong data-start=\"905\" data-end=\"916\">salon<\/strong> . <\/p>\n<p data-start=\"952\" data-end=\"1200\">Gr\u00e2ce \u00e0 ce design en couches r\u00e9fl\u00e9chi, la lumi\u00e8re vive est subtilement r\u00e9fract\u00e9e. L\u2019Environnement est donc id\u00e9al pour les lieux o\u00f9 l\u2019on souhaite \u00e0 la fois une lumi\u00e8re fonctionnelle et ambiante : d\u2019une entr\u00e9e accueillante \u00e0 une salle \u00e0 manger chaleureuse ou un coin chaleureux de la maison. <\/p>\n<hr data-start=\"1202\" data-end=\"1205\">\n<h3 data-start=\"1207\" data-end=\"1225\"><strong data-start=\"1211\" data-end=\"1223\">Condition<\/strong><\/h3>\n<p data-start=\"1226\" data-end=\"1328\">Cette <strong data-start=\"1241\" data-end=\"1272\">lampe pendante Fog &amp; M\u00f8rup Environmental<\/strong> d\u2019origine, con\u00e7ue en 1975, est en <strong data-start=\"1305\" data-end=\"1325\">tr\u00e8s bon \u00e9tat<\/strong>.<\/p>\n<ul data-start=\"1329\" data-end=\"1554\">\n<li data-start=\"1329\" data-end=\"1406\">\n<p data-start=\"1331\" data-end=\"1406\"><strong data-start=\"1345\" data-end=\"1369\">Re-vernis<\/strong> professionnellement en poudre en jaune chaud (comme une finition neuve)<\/p>\n<\/li>\n<li data-start=\"1407\" data-end=\"1471\">\n<p data-start=\"1409\" data-end=\"1471\"><strong data-start=\"1409\" data-end=\"1439\">\u00c9lectricit\u00e9 enti\u00e8rement renouvel\u00e9e<\/strong> pour une utilisation s\u00fbre et imm\u00e9diate<\/p>\n<\/li>\n<li data-start=\"1472\" data-end=\"1554\">\n<p data-start=\"1474\" data-end=\"1554\">Marques minimales d\u2019\u00e2ge sur les parties internes, assortis au design danois authentique<\/p>\n<\/li>\n<\/ul>\n<hr data-start=\"1556\" data-end=\"1559\">\n<h3 data-start=\"1561\" data-end=\"1628\"><strong data-start=\"1565\" data-end=\"1626\">Caract\u00e9ristiques techniques \u2013 Lampe pendante environnementale Jo Hammerborg (jaune chaud)<\/strong><\/h3>\n<ul data-start=\"1629\" data-end=\"1997\">\n<li data-start=\"1629\" data-end=\"1661\">\n<p data-start=\"1631\" data-end=\"1661\"><strong data-start=\"1631\" data-end=\"1645\">Concepteur:<\/strong> Jo Hammerborg<\/p>\n<\/li>\n<li data-start=\"1662\" data-end=\"1705\">\n<p data-start=\"1664\" data-end=\"1705\"><strong data-start=\"1664\" data-end=\"1678\">Fabricant:<\/strong> Fog &amp; M\u00f8rup (Danemark)<\/p>\n<\/li>\n<li data-start=\"1706\" data-end=\"1747\">\n<p data-start=\"1708\" data-end=\"1747\"><strong data-start=\"1708\" data-end=\"1718\">Mod\u00e8le:<\/strong> Environnement (con\u00e7u en 1975)<\/p>\n<\/li>\n<li data-start=\"1748\" data-end=\"1772\">\n<p data-start=\"1750\" data-end=\"1772\"><strong data-start=\"1750\" data-end=\"1760\">Couleur:<\/strong> Jaune chaud<\/p>\n<\/li>\n<li data-start=\"1773\" data-end=\"1798\">\n<p data-start=\"1775\" data-end=\"1798\"><strong data-start=\"1775\" data-end=\"1789\">Mat\u00e9riau<\/strong> : m\u00e9tal<\/p>\n<\/li>\n<li data-start=\"1799\" data-end=\"1822\">\n<p data-start=\"1801\" data-end=\"1822\"><strong data-start=\"1801\" data-end=\"1814\">Diam\u00e8tre<\/strong> : 34 cm<\/p>\n<\/li>\n<li data-start=\"1823\" data-end=\"1844\">\n<p data-start=\"1825\" data-end=\"1844\"><strong data-start=\"1825\" data-end=\"1836\">Hauteur<\/strong> : 23cm<\/p>\n<\/li>\n<li data-start=\"1845\" data-end=\"1870\">\n<p data-start=\"1847\" data-end=\"1870\"><strong data-start=\"1847\" data-end=\"1859\">Poids :<\/strong> environ 2 kg<\/p>\n<\/li>\n<li data-start=\"1871\" data-end=\"1911\">\n<p data-start=\"1873\" data-end=\"1911\"><strong data-start=\"1873\" data-end=\"1885\">Prise:<\/strong> E27 \u2013 adapt\u00e9 aux LED<\/p>\n<\/li>\n<li data-start=\"1912\" data-end=\"1937\">\n<p data-start=\"1914\" data-end=\"1937\"><strong data-start=\"1914\" data-end=\"1931\">Puissance max. :<\/strong> 60W<\/p>\n<\/li>\n<li data-start=\"1938\" data-end=\"1965\">\n<p data-start=\"1940\" data-end=\"1965\"><strong data-start=\"1940\" data-end=\"1956\">Longueur du cordon :<\/strong> 200 cm<\/p>\n<\/li>\n<li data-start=\"1966\" data-end=\"1997\">\n<p data-start=\"1968\" data-end=\"1997\"><strong data-start=\"1968\" data-end=\"1983\">Couleur du cordon :<\/strong> Blanc (nouveau)<\/p>\n<\/li>\n<\/ul>\n<hr data-start=\"1999\" data-end=\"2002\">\n<h3 data-start=\"2004\" data-end=\"2031\"><strong data-start=\"2008\" data-end=\"2029\">Note personnelle<\/strong><\/h3>\n<p data-start=\"2032\" data-end=\"2439\">De Milieu est un excellent exemple de la vision raffin\u00e9e du design de Jo Hammerborg : \u00e0 la fois \u00e9l\u00e9gante, fonctionnelle et atmosph\u00e9rique. Dans cette version jaune chaleureux, la lampe obtient un aspect frais et joyeux sans compromettre son caract\u00e8re danois authentique. Parfait pour ceux qui recherchent un objet de design unique qui marque \u00e0 la fois sur le plan pratique et esth\u00e9tique \u2014 que ce soit dans la cuisine, le couloir, la chambre ou le salon.  <\/p>\n","protected":false},"excerpt":{"rendered":"<p>Enti\u00e8rement rafra\u00eechie par un rev\u00eatement en poudre jaune chaud, cette lampe pendante environnementale Jo Hammerborg (1975) est un classique intemporel du design danois. Le design en couches offre une lumi\u00e8re douce et atmosph\u00e9rique \u2014 parfaite pour la cuisine, le couloir, la chambre ou le salon. \u00c9lectricit\u00e9 renouvel\u00e9e, en parfait \u00e9tat et pr\u00eat \u00e0 l\u2019emploi.  <\/p>\n","protected":false},"featured_media":61773,"template":"","meta":{"_uag_custom_page_level_css":"","site-sidebar-layout":"default","site-content-layout":"","ast-site-content-layout":"default","site-content-style":"default","site-sidebar-style":"default","ast-global-header-display":"","ast-banner-title-visibility":"","ast-main-header-display":"","ast-hfb-above-header-display":"","ast-hfb-below-header-display":"","ast-hfb-mobile-header-display":"","site-post-title":"","ast-breadcrumbs-content":"","ast-featured-img":"","footer-sml-layout":"","ast-disable-related-posts":"","theme-transparent-header-meta":"default","adv-header-id-meta":"","stick-header-meta":"","header-above-stick-meta":"","header-main-stick-meta":"","header-below-stick-meta":"","astra-migrate-meta-layouts":"default","ast-page-background-enabled":"default","ast-page-background-meta":{"desktop":{"background-color":"var(--ast-global-color-4)","background-image":"","background-repeat":"repeat","background-position":"center center","background-size":"auto","background-attachment":"scroll","background-type":"","background-media":"","overlay-type":"","overlay-color":"","overlay-opacity":"","overlay-gradient":""},"tablet":{"background-color":"","background-image":"","background-repeat":"repeat","background-position":"center center","background-size":"auto","background-attachment":"scroll","background-type":"","background-media":"","overlay-type":"","overlay-color":"","overlay-opacity":"","overlay-gradient":""},"mobile":{"background-color":"","background-image":"","background-repeat":"repeat","background-position":"center center","background-size":"auto","background-attachment":"scroll","background-type":"","background-media":"","overlay-type":"","overlay-color":"","overlay-opacity":"","overlay-gradient":""}},"ast-content-background-meta":{"desktop":{"background-color":"var(--ast-global-color-5)","background-image":"","background-repeat":"repeat","background-position":"center center","background-size":"auto","background-attachment":"scroll","background-type":"","background-media":"","overlay-type":"","overlay-color":"","overlay-opacity":"","overlay-gradient":""},"tablet":{"background-color":"var(--ast-global-color-5)","background-image":"","background-repeat":"repeat","background-position":"center center","background-size":"auto","background-attachment":"scroll","background-type":"","background-media":"","overlay-type":"","overlay-color":"","overlay-opacity":"","overlay-gradient":""},"mobile":{"background-color":"var(--ast-global-color-5)","background-image":"","background-repeat":"repeat","background-position":"center center","background-size":"auto","background-attachment":"scroll","background-type":"","background-media":"","overlay-type":"","overlay-color":"","overlay-opacity":"","overlay-gradient":""}}},"product_brand":[],"product_cat":[459,499,353,337,336,338,408,333,604],"product_tag":[554],"class_list":{"0":"post-61804","1":"product","2":"type-product","3":"status-publish","4":"has-post-thumbnail","6":"product_cat-collection-de-couleurs","7":"product_cat-eclairage-de-bureau-fr","8":"product_cat-eclairage-de-couloir","9":"product_cat-eclairage-de-la-chambre","10":"product_cat-eclairage-de-la-cuisine","11":"product_cat-eclairage-du-salon","12":"product_cat-fog-morup-fr","13":"product_cat-suspensions-scandinaves","14":"product_cat-voir-notre-collection-complete","15":"product_tag-jaune","16":"desktop-align-center","17":"tablet-align-left","18":"mobile-align-left","20":"first","21":"instock","22":"taxable","23":"shipping-taxable","24":"purchasable","25":"product-type-simple"},"yoast_head":"<!-- This site is optimized with the Yoast SEO plugin v27.4 - https:\/\/yoast.com\/product\/yoast-seo-wordpress\/ -->\n<title>Lampe suspendue environnementale Jo Hammerborg \u2013 Brouillard &amp; M\u00f8rup \u2013 Jaune chaud<\/title>\n<meta name=\"description\" content=\"D\u00e9couvrez la lampe suspendue Jo Hammerborg Environmental de Fog &amp; M\u00f8rup (1975), \u00e9galement recouverte de poudre jaune chaud. Un design danois intemporel pour cuisine, couloir ou espace salon.\" \/>\n<meta name=\"robots\" content=\"index, follow, max-snippet:-1, max-image-preview:large, max-video-preview:-1\" \/>\n<link rel=\"canonical\" href=\"https:\/\/scandinavischelampen.nl\/fr\/produit\/jo-hammerborg-milieu-hanglamp-warm-geel\/\" \/>\n<meta property=\"og:locale\" content=\"fr_FR\" \/>\n<meta property=\"og:type\" content=\"article\" \/>\n<meta property=\"og:title\" content=\"Lampe suspendue environnementale Jo Hammerborg \u2013 Brouillard &amp; M\u00f8rup \u2013 Jaune chaud\" \/>\n<meta property=\"og:description\" content=\"D\u00e9couvrez la lampe suspendue Jo Hammerborg Environmental de Fog &amp; M\u00f8rup (1975), \u00e9galement recouverte de poudre jaune chaud. Un design danois intemporel pour cuisine, couloir ou espace salon.\" \/>\n<meta property=\"og:url\" content=\"https:\/\/scandinavischelampen.nl\/fr\/produit\/jo-hammerborg-milieu-hanglamp-warm-geel\/\" \/>\n<meta property=\"og:site_name\" content=\"Lampes Scandinaves\" \/>\n<meta property=\"article:publisher\" content=\"https:\/\/www.facebook.com\/scandinavischelampen\/\" \/>\n<meta property=\"og:image\" content=\"https:\/\/i0.wp.com\/scandinavischelampen.nl\/wp-content\/uploads\/2025\/11\/IMG_0864-kopie-scaled.jpg?fit=1920%2C2560&ssl=1\" \/>\n\t<meta property=\"og:image:width\" content=\"1920\" \/>\n\t<meta property=\"og:image:height\" content=\"2560\" \/>\n\t<meta property=\"og:image:type\" content=\"image\/jpeg\" \/>\n<meta name=\"twitter:card\" content=\"summary_large_image\" \/>\n<meta name=\"twitter:label1\" content=\"Dur\u00e9e de lecture estim\u00e9e\" \/>\n\t<meta name=\"twitter:data1\" content=\"2 minutes\" \/>\n<script type=\"application\/ld+json\" class=\"yoast-schema-graph\">{\"@context\":\"https:\\\/\\\/schema.org\",\"@graph\":[{\"@type\":\"WebPage\",\"@id\":\"https:\\\/\\\/scandinavischelampen.nl\\\/fr\\\/produit\\\/jo-hammerborg-milieu-hanglamp-warm-geel\\\/\",\"url\":\"https:\\\/\\\/scandinavischelampen.nl\\\/fr\\\/produit\\\/jo-hammerborg-milieu-hanglamp-warm-geel\\\/\",\"name\":\"Lampe suspendue environnementale Jo Hammerborg \u2013 Brouillard & M\u00f8rup \u2013 Jaune chaud\",\"isPartOf\":{\"@id\":\"https:\\\/\\\/scandinavischelampen.nl\\\/fr\\\/#website\"},\"primaryImageOfPage\":{\"@id\":\"https:\\\/\\\/scandinavischelampen.nl\\\/fr\\\/produit\\\/jo-hammerborg-milieu-hanglamp-warm-geel\\\/#primaryimage\"},\"image\":{\"@id\":\"https:\\\/\\\/scandinavischelampen.nl\\\/fr\\\/produit\\\/jo-hammerborg-milieu-hanglamp-warm-geel\\\/#primaryimage\"},\"thumbnailUrl\":\"https:\\\/\\\/i0.wp.com\\\/scandinavischelampen.nl\\\/wp-content\\\/uploads\\\/2025\\\/11\\\/IMG_0864-kopie-scaled.jpg?fit=1920%2C2560&ssl=1\",\"datePublished\":\"2025-11-29T15:39:07+00:00\",\"description\":\"D\u00e9couvrez la lampe suspendue Jo Hammerborg Environmental de Fog & M\u00f8rup (1975), \u00e9galement recouverte de poudre jaune chaud. Un design danois intemporel pour cuisine, couloir ou espace salon.\",\"breadcrumb\":{\"@id\":\"https:\\\/\\\/scandinavischelampen.nl\\\/fr\\\/produit\\\/jo-hammerborg-milieu-hanglamp-warm-geel\\\/#breadcrumb\"},\"inLanguage\":\"fr-FR\",\"potentialAction\":[{\"@type\":\"ReadAction\",\"target\":[\"https:\\\/\\\/scandinavischelampen.nl\\\/fr\\\/produit\\\/jo-hammerborg-milieu-hanglamp-warm-geel\\\/\"]}]},{\"@type\":\"ImageObject\",\"inLanguage\":\"fr-FR\",\"@id\":\"https:\\\/\\\/scandinavischelampen.nl\\\/fr\\\/produit\\\/jo-hammerborg-milieu-hanglamp-warm-geel\\\/#primaryimage\",\"url\":\"https:\\\/\\\/i0.wp.com\\\/scandinavischelampen.nl\\\/wp-content\\\/uploads\\\/2025\\\/11\\\/IMG_0864-kopie-scaled.jpg?fit=1920%2C2560&ssl=1\",\"contentUrl\":\"https:\\\/\\\/i0.wp.com\\\/scandinavischelampen.nl\\\/wp-content\\\/uploads\\\/2025\\\/11\\\/IMG_0864-kopie-scaled.jpg?fit=1920%2C2560&ssl=1\",\"width\":1920,\"height\":2560,\"caption\":\"Jo Hammerborg pour Fog &amp; M\u00f8rup \u2013 Lampe pendante environnementale\"},{\"@type\":\"BreadcrumbList\",\"@id\":\"https:\\\/\\\/scandinavischelampen.nl\\\/fr\\\/produit\\\/jo-hammerborg-milieu-hanglamp-warm-geel\\\/#breadcrumb\",\"itemListElement\":[{\"@type\":\"ListItem\",\"position\":1,\"name\":\"Home\",\"item\":\"https:\\\/\\\/scandinavischelampen.nl\\\/fr\\\/\"},{\"@type\":\"ListItem\",\"position\":2,\"name\":\"Boutique\",\"item\":\"https:\\\/\\\/scandinavischelampen.nl\\\/fr\\\/boutique\\\/\"},{\"@type\":\"ListItem\",\"position\":3,\"name\":\"Jo Hammerborg pour Fog &amp; M\u00f8rup \u2013 Lampe pendante environnementale (Jaune chaud, 1975)\"}]},{\"@type\":\"WebSite\",\"@id\":\"https:\\\/\\\/scandinavischelampen.nl\\\/fr\\\/#website\",\"url\":\"https:\\\/\\\/scandinavischelampen.nl\\\/fr\\\/\",\"name\":\"Scandinavische Lampen\",\"description\":\"Luminaire design vintage\",\"publisher\":{\"@id\":\"https:\\\/\\\/scandinavischelampen.nl\\\/fr\\\/#organization\"},\"potentialAction\":[{\"@type\":\"SearchAction\",\"target\":{\"@type\":\"EntryPoint\",\"urlTemplate\":\"https:\\\/\\\/scandinavischelampen.nl\\\/fr\\\/?s={search_term_string}\"},\"query-input\":{\"@type\":\"PropertyValueSpecification\",\"valueRequired\":true,\"valueName\":\"search_term_string\"}}],\"inLanguage\":\"fr-FR\"},{\"@type\":\"Organization\",\"@id\":\"https:\\\/\\\/scandinavischelampen.nl\\\/fr\\\/#organization\",\"name\":\"Scandinavische Lampen\",\"url\":\"https:\\\/\\\/scandinavischelampen.nl\\\/fr\\\/\",\"logo\":{\"@type\":\"ImageObject\",\"inLanguage\":\"fr-FR\",\"@id\":\"https:\\\/\\\/scandinavischelampen.nl\\\/fr\\\/#\\\/schema\\\/logo\\\/image\\\/\",\"url\":\"https:\\\/\\\/i0.wp.com\\\/scandinavischelampen.nl\\\/wp-content\\\/uploads\\\/2023\\\/07\\\/cropped-Scandinavische-lampen-logo-oranje-01-scaled.png?fit=4717%2C1570&ssl=1\",\"contentUrl\":\"https:\\\/\\\/i0.wp.com\\\/scandinavischelampen.nl\\\/wp-content\\\/uploads\\\/2023\\\/07\\\/cropped-Scandinavische-lampen-logo-oranje-01-scaled.png?fit=4717%2C1570&ssl=1\",\"width\":4717,\"height\":1570,\"caption\":\"Scandinavische Lampen\"},\"image\":{\"@id\":\"https:\\\/\\\/scandinavischelampen.nl\\\/fr\\\/#\\\/schema\\\/logo\\\/image\\\/\"},\"sameAs\":[\"https:\\\/\\\/www.facebook.com\\\/scandinavischelampen\\\/\",\"https:\\\/\\\/www.instagram.com\\\/scandinavische_lampen\\\/\"]}]}<\/script>\n<!-- \/ Yoast SEO plugin. -->","yoast_head_json":{"title":"Lampe suspendue environnementale Jo Hammerborg \u2013 Brouillard & M\u00f8rup \u2013 Jaune chaud","description":"D\u00e9couvrez la lampe suspendue Jo Hammerborg Environmental de Fog & M\u00f8rup (1975), \u00e9galement recouverte de poudre jaune chaud. Un design danois intemporel pour cuisine, couloir ou espace salon.","robots":{"index":"index","follow":"follow","max-snippet":"max-snippet:-1","max-image-preview":"max-image-preview:large","max-video-preview":"max-video-preview:-1"},"canonical":"https:\/\/scandinavischelampen.nl\/fr\/produit\/jo-hammerborg-milieu-hanglamp-warm-geel\/","og_locale":"fr_FR","og_type":"article","og_title":"Lampe suspendue environnementale Jo Hammerborg \u2013 Brouillard & M\u00f8rup \u2013 Jaune chaud","og_description":"D\u00e9couvrez la lampe suspendue Jo Hammerborg Environmental de Fog & M\u00f8rup (1975), \u00e9galement recouverte de poudre jaune chaud. Un design danois intemporel pour cuisine, couloir ou espace salon.","og_url":"https:\/\/scandinavischelampen.nl\/fr\/produit\/jo-hammerborg-milieu-hanglamp-warm-geel\/","og_site_name":"Lampes Scandinaves","article_publisher":"https:\/\/www.facebook.com\/scandinavischelampen\/","og_image":[{"width":1920,"height":2560,"url":"https:\/\/i0.wp.com\/scandinavischelampen.nl\/wp-content\/uploads\/2025\/11\/IMG_0864-kopie-scaled.jpg?fit=1920%2C2560&ssl=1","type":"image\/jpeg"}],"twitter_card":"summary_large_image","twitter_misc":{"Dur\u00e9e de lecture estim\u00e9e":"2 minutes"},"schema":{"@context":"https:\/\/schema.org","@graph":[{"@type":"WebPage","@id":"https:\/\/scandinavischelampen.nl\/fr\/produit\/jo-hammerborg-milieu-hanglamp-warm-geel\/","url":"https:\/\/scandinavischelampen.nl\/fr\/produit\/jo-hammerborg-milieu-hanglamp-warm-geel\/","name":"Lampe suspendue environnementale Jo Hammerborg \u2013 Brouillard & M\u00f8rup \u2013 Jaune chaud","isPartOf":{"@id":"https:\/\/scandinavischelampen.nl\/fr\/#website"},"primaryImageOfPage":{"@id":"https:\/\/scandinavischelampen.nl\/fr\/produit\/jo-hammerborg-milieu-hanglamp-warm-geel\/#primaryimage"},"image":{"@id":"https:\/\/scandinavischelampen.nl\/fr\/produit\/jo-hammerborg-milieu-hanglamp-warm-geel\/#primaryimage"},"thumbnailUrl":"https:\/\/i0.wp.com\/scandinavischelampen.nl\/wp-content\/uploads\/2025\/11\/IMG_0864-kopie-scaled.jpg?fit=1920%2C2560&ssl=1","datePublished":"2025-11-29T15:39:07+00:00","description":"D\u00e9couvrez la lampe suspendue Jo Hammerborg Environmental de Fog & M\u00f8rup (1975), \u00e9galement recouverte de poudre jaune chaud. Un design danois intemporel pour cuisine, couloir ou espace salon.","breadcrumb":{"@id":"https:\/\/scandinavischelampen.nl\/fr\/produit\/jo-hammerborg-milieu-hanglamp-warm-geel\/#breadcrumb"},"inLanguage":"fr-FR","potentialAction":[{"@type":"ReadAction","target":["https:\/\/scandinavischelampen.nl\/fr\/produit\/jo-hammerborg-milieu-hanglamp-warm-geel\/"]}]},{"@type":"ImageObject","inLanguage":"fr-FR","@id":"https:\/\/scandinavischelampen.nl\/fr\/produit\/jo-hammerborg-milieu-hanglamp-warm-geel\/#primaryimage","url":"https:\/\/i0.wp.com\/scandinavischelampen.nl\/wp-content\/uploads\/2025\/11\/IMG_0864-kopie-scaled.jpg?fit=1920%2C2560&ssl=1","contentUrl":"https:\/\/i0.wp.com\/scandinavischelampen.nl\/wp-content\/uploads\/2025\/11\/IMG_0864-kopie-scaled.jpg?fit=1920%2C2560&ssl=1","width":1920,"height":2560,"caption":"Jo Hammerborg pour Fog &amp; M\u00f8rup \u2013 Lampe pendante environnementale"},{"@type":"BreadcrumbList","@id":"https:\/\/scandinavischelampen.nl\/fr\/produit\/jo-hammerborg-milieu-hanglamp-warm-geel\/#breadcrumb","itemListElement":[{"@type":"ListItem","position":1,"name":"Home","item":"https:\/\/scandinavischelampen.nl\/fr\/"},{"@type":"ListItem","position":2,"name":"Boutique","item":"https:\/\/scandinavischelampen.nl\/fr\/boutique\/"},{"@type":"ListItem","position":3,"name":"Jo Hammerborg pour Fog &amp; M\u00f8rup \u2013 Lampe pendante environnementale (Jaune chaud, 1975)"}]},{"@type":"WebSite","@id":"https:\/\/scandinavischelampen.nl\/fr\/#website","url":"https:\/\/scandinavischelampen.nl\/fr\/","name":"Scandinavische Lampen","description":"Luminaire design vintage","publisher":{"@id":"https:\/\/scandinavischelampen.nl\/fr\/#organization"},"potentialAction":[{"@type":"SearchAction","target":{"@type":"EntryPoint","urlTemplate":"https:\/\/scandinavischelampen.nl\/fr\/?s={search_term_string}"},"query-input":{"@type":"PropertyValueSpecification","valueRequired":true,"valueName":"search_term_string"}}],"inLanguage":"fr-FR"},{"@type":"Organization","@id":"https:\/\/scandinavischelampen.nl\/fr\/#organization","name":"Scandinavische Lampen","url":"https:\/\/scandinavischelampen.nl\/fr\/","logo":{"@type":"ImageObject","inLanguage":"fr-FR","@id":"https:\/\/scandinavischelampen.nl\/fr\/#\/schema\/logo\/image\/","url":"https:\/\/i0.wp.com\/scandinavischelampen.nl\/wp-content\/uploads\/2023\/07\/cropped-Scandinavische-lampen-logo-oranje-01-scaled.png?fit=4717%2C1570&ssl=1","contentUrl":"https:\/\/i0.wp.com\/scandinavischelampen.nl\/wp-content\/uploads\/2023\/07\/cropped-Scandinavische-lampen-logo-oranje-01-scaled.png?fit=4717%2C1570&ssl=1","width":4717,"height":1570,"caption":"Scandinavische Lampen"},"image":{"@id":"https:\/\/scandinavischelampen.nl\/fr\/#\/schema\/logo\/image\/"},"sameAs":["https:\/\/www.facebook.com\/scandinavischelampen\/","https:\/\/www.instagram.com\/scandinavische_lampen\/"]}]}},"uagb_featured_image_src":{"full":["https:\/\/i0.wp.com\/scandinavischelampen.nl\/wp-content\/uploads\/2025\/11\/IMG_0864-kopie-scaled.jpg?fit=1920%2C2560&ssl=1",1920,2560,false],"thumbnail":["https:\/\/i0.wp.com\/scandinavischelampen.nl\/wp-content\/uploads\/2025\/11\/IMG_0864-kopie-scaled.jpg?resize=150%2C150&ssl=1",150,150,true],"medium":["https:\/\/i0.wp.com\/scandinavischelampen.nl\/wp-content\/uploads\/2025\/11\/IMG_0864-kopie-scaled.jpg?fit=225%2C300&ssl=1",225,300,true],"medium_large":["https:\/\/i0.wp.com\/scandinavischelampen.nl\/wp-content\/uploads\/2025\/11\/IMG_0864-kopie-scaled.jpg?fit=768%2C1024&ssl=1",768,1024,true],"large":["https:\/\/i0.wp.com\/scandinavischelampen.nl\/wp-content\/uploads\/2025\/11\/IMG_0864-kopie-scaled.jpg?fit=768%2C1024&ssl=1",768,1024,true],"1536x1536":["https:\/\/i0.wp.com\/scandinavischelampen.nl\/wp-content\/uploads\/2025\/11\/IMG_0864-kopie-scaled.jpg?fit=1152%2C1536&ssl=1",1152,1536,true],"2048x2048":["https:\/\/i0.wp.com\/scandinavischelampen.nl\/wp-content\/uploads\/2025\/11\/IMG_0864-kopie-scaled.jpg?fit=1536%2C2048&ssl=1",1536,2048,true],"woocommerce_thumbnail":["https:\/\/i0.wp.com\/scandinavischelampen.nl\/wp-content\/uploads\/2025\/11\/IMG_0864-kopie-scaled.jpg?resize=300%2C300&ssl=1",300,300,true],"woocommerce_single":["https:\/\/i0.wp.com\/scandinavischelampen.nl\/wp-content\/uploads\/2025\/11\/IMG_0864-kopie-scaled.jpg?fit=600%2C800&ssl=1",600,800,true],"woocommerce_gallery_thumbnail":["https:\/\/i0.wp.com\/scandinavischelampen.nl\/wp-content\/uploads\/2025\/11\/IMG_0864-kopie-scaled.jpg?resize=100%2C100&ssl=1",100,100,true],"thaps-thumb-img":["https:\/\/i0.wp.com\/scandinavischelampen.nl\/wp-content\/uploads\/2025\/11\/IMG_0864-kopie-scaled.jpg?resize=48%2C64&ssl=1",48,64,true]},"uagb_author_info":{"display_name":"administrator","author_link":"https:\/\/scandinavischelampen.nl\/fr\/author\/"},"uagb_comment_info":0,"uagb_excerpt":"Enti\u00e8rement rafra\u00eechie par un rev\u00eatement en poudre jaune chaud, cette lampe pendante environnementale Jo Hammerborg (1975) est un classique intemporel du design danois. Le design en couches offre une lumi\u00e8re douce et atmosph\u00e9rique \u2014 parfaite pour la cuisine, le couloir, la chambre ou le salon. \u00c9lectricit\u00e9 renouvel\u00e9e, en parfait \u00e9tat et pr\u00eat \u00e0 l\u2019emploi.","jetpack_sharing_enabled":true,"_links":{"self":[{"href":"https:\/\/scandinavischelampen.nl\/fr\/wp-json\/wp\/v2\/product\/61804","targetHints":{"allow":["GET"]}}],"collection":[{"href":"https:\/\/scandinavischelampen.nl\/fr\/wp-json\/wp\/v2\/product"}],"about":[{"href":"https:\/\/scandinavischelampen.nl\/fr\/wp-json\/wp\/v2\/types\/product"}],"wp:featuredmedia":[{"embeddable":true,"href":"https:\/\/scandinavischelampen.nl\/fr\/wp-json\/wp\/v2\/media\/61773"}],"wp:attachment":[{"href":"https:\/\/scandinavischelampen.nl\/fr\/wp-json\/wp\/v2\/media?parent=61804"}],"wp:term":[{"taxonomy":"product_brand","embeddable":true,"href":"https:\/\/scandinavischelampen.nl\/fr\/wp-json\/wp\/v2\/product_brand?post=61804"},{"taxonomy":"product_cat","embeddable":true,"href":"https:\/\/scandinavischelampen.nl\/fr\/wp-json\/wp\/v2\/product_cat?post=61804"},{"taxonomy":"product_tag","embeddable":true,"href":"https:\/\/scandinavischelampen.nl\/fr\/wp-json\/wp\/v2\/product_tag?post=61804"}],"curies":[{"name":"wp","href":"https:\/\/api.w.org\/{rel}","templated":true}]}}