{"id":61530,"date":"2025-11-15T01:03:26","date_gmt":"2025-11-15T00:03:26","guid":{"rendered":"https:\/\/scandinavischelampen.nl\/?post_type=product&#038;p=61530"},"modified":"2025-11-15T01:20:31","modified_gmt":"2025-11-15T00:20:31","slug":"vintage-hanglampen-aubergine-set-van-2","status":"publish","type":"product","link":"https:\/\/scandinavischelampen.nl\/fr\/produit\/vintage-hanglampen-aubergine-set-van-2\/","title":{"rendered":"Lampes suspendues vintage Aubergine set de 2"},"content":{"rendered":"<h2>Lampes suspendues vintage Aubergine set de 2<\/h2>\n<p>Faites briller votre int\u00e9rieur avec nos magnifiques lampes suspendues ! Con\u00e7ues avec un \u00e9quilibre parfait entre style et fonctionnalit\u00e9, ces suspensions atmosph\u00e9riques de couleur aubergine sont un must-have pour n\u2019importe quel espace. Avec leur design unique en couches, ils offrent une distribution de lumi\u00e8re enchanteresse, donnant \u00e0 votre couloir ou cuisine une atmosph\u00e8re chaleureuse et accueillante.<\/p>\n<p>Ce qui rend ces lampes vraiment sp\u00e9ciales, c\u2019est le choix d\u2019un rev\u00eatement en poudre professionnel. Cette chaude couleur aubergine ajoute une touche de style \u00e0 votre int\u00e9rieur, tout en offrant un aspect doux et apaisant. <\/p>\n<p>Que vous recherchiez une pi\u00e8ce ma\u00eetresse au-dessus de votre \u00eelot de cuisine ou un ajout subtil \u00e0 votre couloir, ces suspensions offrent la combinaison parfaite d&rsquo;\u00e9l\u00e9gance et de fonctionnalit\u00e9. Enrichissez votre maison d\u00e8s aujourd&rsquo;hui avec ces magnifiques lampes et cr\u00e9ez une ambiance \u00e0 appr\u00e9cier chaque jour !<\/p>\n<h3>\u00c9tat suspensions Aubergine<\/h3>\n<p>L&rsquo;ensemble de lustres a \u00e9t\u00e9 produit autour des ann\u00e9es 1990 et est en bon \u00e9tat avec de l\u00e9g\u00e8res traces d&rsquo;utilisation pr\u00e9c\u00e9dente. Les lustres ont \u00e9t\u00e9 rev\u00eatus de poudre, donc la finition est en \u00e9tat neuf.<\/p>\n<h3>Caract\u00e9ristiques suspensions Aubergine<\/h3>\n<ul>\n<li>Diam\u00e8tre : 23 cm<\/li>\n<li>Hauteur : 15 cm<\/li>\n<li>Mat\u00e9riau : m\u00e9tal<\/li>\n<li>Couleur du cordon : Blanc<\/li>\n<li>Puissance maximale : 60W<\/li>\n<li>Culot: E27<\/li>\n<li>Convient aux lampes LED<\/li>\n<li>Poids : 1,3 kg<\/li>\n<\/ul>\n<div class=\"flex-shrink-0 flex flex-col relative items-end\">\n<div>\n<div class=\"pt-0.5 juice:pt-0\">\n<div class=\"gizmo-bot-avatar flex h-6 w-6 items-center justify-center overflow-hidden rounded-full juice:h-8 juice:w-8\">\n<div class=\"relative p-1 rounded-sm flex items-center justify-center bg-token-main-surface-primary text-token-text-primary h-8 w-8\"><\/div>\n<\/div>\n<\/div>\n<\/div>\n<\/div>\n<div class=\"group\/conversation-turn relative flex w-full min-w-0 flex-col agent-turn\">\n<div class=\"flex-col gap-1 md:gap-3\">\n<div class=\"flex flex-grow flex-col max-w-full\">\n<div class=\"min-h-[20px] text-message flex flex-col items-start whitespace-pre-wrap break-words [.text-message+&amp;]:mt-5 juice:w-full juice:items-end overflow-x-auto gap-2\" dir=\"auto\" data-message-author-role=\"assistant\" data-message-id=\"522d4cbc-d31e-4c2b-aff4-3aef838dd2a9\">\n<div class=\"flex w-full flex-col gap-1 juice:empty:hidden juice:first:pt-[3px]\">\n<div class=\"markdown prose w-full break-words dark:prose-invert light\">\n<h2>Couleur aubergine Elegance<\/h2>\n<p>Faites l\u2019exp\u00e9rience de la perfection dans les moindres d\u00e9tails avec cet ensemble de suspensions, \u00e0 nouveau rev\u00eatues d\u2019un rev\u00eatement en poudre dans une chaude couleur aubergine. Cette couleur soigneusement choisie transforme votre int\u00e9rieur en un environnement \u00e9l\u00e9gant et serein, o\u00f9 la lumi\u00e8re et la couleur se rencontrent en parfait \u00e9quilibre.  Profitez d&rsquo;un effet saisissant qui enrichit votre pi\u00e8ce d&rsquo;un sentiment d&rsquo;\u00e9l\u00e9gance moderne et de beaut\u00e9 intemporelle. <span style=\"font-size: 16px;\">Curieux des autres lampes de notre Collection de Couleurs ? <\/span><a style=\"font-size: 16px;\" href=\"https:\/\/scandinavischelampen.nl\/product-categorie\/verlichting\/color-collection\/\">Consultez-les ici.<\/a><\/p>\n<\/div>\n<\/div>\n<\/div>\n<\/div>\n<\/div>\n<\/div>\n<div><\/div>\n","protected":false},"excerpt":{"rendered":"<p><strong><span style=\"color: #00ff00;\">\u221a<\/span> <span style=\"color: #ff6600;\">Livraison gratuite en Europe d\u00e8s 350 \u20ac<\/span><br \/>\n<\/strong><strong><span style=\"color: #00ff00;\">\u221a<\/span> Command\u00e9 avant <span style=\"color: #ff6600;\">16h00<\/span>? G\u00e9n\u00e9ralement exp\u00e9di\u00e9 le m\u00eame jour<br \/>\n<\/strong><strong><span style=\"color: #00ff00;\">\u221a<\/span> <span style=\"color: #ff6600;\">14 jours<\/span> de r\u00e9flexion<br \/>\n<\/strong><strong><span style=\"color: #00ff00;\">\u221a<\/span> Convient pour les <span style=\"color: #ff6600;\">LED<\/span><\/strong><\/p>\n<ul>\n<li><strong>Diam\u00e8tre : 23 cm<\/strong><\/li>\n<li><strong>Hauteur : 15 cm<\/strong><\/li>\n<\/ul>\n","protected":false},"featured_media":61561,"template":"","meta":{"_uag_custom_page_level_css":"","site-sidebar-layout":"default","site-content-layout":"default","ast-site-content-layout":"default","site-content-style":"default","site-sidebar-style":"default","ast-global-header-display":"","ast-banner-title-visibility":"","ast-main-header-display":"","ast-hfb-above-header-display":"","ast-hfb-below-header-display":"","ast-hfb-mobile-header-display":"","site-post-title":"","ast-breadcrumbs-content":"","ast-featured-img":"","footer-sml-layout":"","ast-disable-related-posts":"","theme-transparent-header-meta":"default","adv-header-id-meta":"","stick-header-meta":"","header-above-stick-meta":"","header-main-stick-meta":"","header-below-stick-meta":"","astra-migrate-meta-layouts":"set","ast-page-background-enabled":"default","ast-page-background-meta":{"desktop":{"background-color":"var(--ast-global-color-4)","background-image":"","background-repeat":"repeat","background-position":"center center","background-size":"auto","background-attachment":"scroll","background-type":"","background-media":"","overlay-type":"","overlay-color":"","overlay-opacity":"","overlay-gradient":""},"tablet":{"background-color":"","background-image":"","background-repeat":"repeat","background-position":"center center","background-size":"auto","background-attachment":"scroll","background-type":"","background-media":"","overlay-type":"","overlay-color":"","overlay-opacity":"","overlay-gradient":""},"mobile":{"background-color":"","background-image":"","background-repeat":"repeat","background-position":"center center","background-size":"auto","background-attachment":"scroll","background-type":"","background-media":"","overlay-type":"","overlay-color":"","overlay-opacity":"","overlay-gradient":""}},"ast-content-background-meta":{"desktop":{"background-color":"var(--ast-global-color-5)","background-image":"","background-repeat":"repeat","background-position":"center center","background-size":"auto","background-attachment":"scroll","background-type":"","background-media":"","overlay-type":"","overlay-color":"","overlay-opacity":"","overlay-gradient":""},"tablet":{"background-color":"var(--ast-global-color-5)","background-image":"","background-repeat":"repeat","background-position":"center center","background-size":"auto","background-attachment":"scroll","background-type":"","background-media":"","overlay-type":"","overlay-color":"","overlay-opacity":"","overlay-gradient":""},"mobile":{"background-color":"var(--ast-global-color-5)","background-image":"","background-repeat":"repeat","background-position":"center center","background-size":"auto","background-attachment":"scroll","background-type":"","background-media":"","overlay-type":"","overlay-color":"","overlay-opacity":"","overlay-gradient":""}}},"product_brand":[],"product_cat":[459,364,499,353,337,336,338,333,604],"product_tag":[460],"class_list":{"0":"post-61530","1":"product","2":"type-product","3":"status-publish","4":"has-post-thumbnail","6":"product_cat-collection-de-couleurs","7":"product_cat-duos-de-lampes","8":"product_cat-eclairage-de-bureau-fr","9":"product_cat-eclairage-de-couloir","10":"product_cat-eclairage-de-la-chambre","11":"product_cat-eclairage-de-la-cuisine","12":"product_cat-eclairage-du-salon","13":"product_cat-suspensions-scandinaves","14":"product_cat-voir-notre-collection-complete","15":"product_tag-rose","16":"desktop-align-center","17":"tablet-align-left","18":"mobile-align-left","20":"first","21":"instock","22":"taxable","23":"shipping-taxable","24":"purchasable","25":"product-type-simple"},"yoast_head":"<!-- This site is optimized with the Yoast SEO plugin v27.4 - https:\/\/yoast.com\/product\/yoast-seo-wordpress\/ -->\n<title>Lampes suspendues vintage Aubergine set de 2<\/title>\n<meta name=\"description\" content=\"Faites l\u2019exp\u00e9rience de la perfection dans les moindres d\u00e9tails avec cet ensemble de suspensions, \u00e0 nouveau rev\u00eatues de poudre de couleur aubergine. Apportez de la lumi\u00e8re et de la couleur dans votre entr\u00e9e !\" \/>\n<meta name=\"robots\" content=\"index, follow, max-snippet:-1, max-image-preview:large, max-video-preview:-1\" \/>\n<link rel=\"canonical\" href=\"https:\/\/scandinavischelampen.nl\/fr\/produit\/vintage-hanglampen-aubergine-set-van-2\/\" \/>\n<meta property=\"og:locale\" content=\"fr_FR\" \/>\n<meta property=\"og:type\" content=\"article\" \/>\n<meta property=\"og:title\" content=\"Lampes suspendues vintage Aubergine set de 2\" \/>\n<meta property=\"og:description\" content=\"Faites l\u2019exp\u00e9rience de la perfection dans les moindres d\u00e9tails avec cet ensemble de suspensions, \u00e0 nouveau rev\u00eatues de poudre de couleur aubergine. Apportez de la lumi\u00e8re et de la couleur dans votre entr\u00e9e !\" \/>\n<meta property=\"og:url\" content=\"https:\/\/scandinavischelampen.nl\/fr\/produit\/vintage-hanglampen-aubergine-set-van-2\/\" \/>\n<meta property=\"og:site_name\" content=\"Lampes Scandinaves\" \/>\n<meta property=\"article:publisher\" content=\"https:\/\/www.facebook.com\/scandinavischelampen\/\" \/>\n<meta property=\"article:modified_time\" content=\"2025-11-15T00:20:31+00:00\" \/>\n<meta property=\"og:image\" content=\"https:\/\/i0.wp.com\/scandinavischelampen.nl\/wp-content\/uploads\/2025\/11\/IMG_0717-2-kopie-scaled.jpg?fit=1920%2C2560&ssl=1\" \/>\n\t<meta property=\"og:image:width\" content=\"1920\" \/>\n\t<meta property=\"og:image:height\" content=\"2560\" \/>\n\t<meta property=\"og:image:type\" content=\"image\/jpeg\" \/>\n<meta name=\"twitter:card\" content=\"summary_large_image\" \/>\n<meta name=\"twitter:label1\" content=\"Dur\u00e9e de lecture estim\u00e9e\" \/>\n\t<meta name=\"twitter:data1\" content=\"2 minutes\" \/>\n<script type=\"application\/ld+json\" class=\"yoast-schema-graph\">{\"@context\":\"https:\\\/\\\/schema.org\",\"@graph\":[{\"@type\":\"WebPage\",\"@id\":\"https:\\\/\\\/scandinavischelampen.nl\\\/fr\\\/produit\\\/vintage-hanglampen-aubergine-set-van-2\\\/\",\"url\":\"https:\\\/\\\/scandinavischelampen.nl\\\/fr\\\/produit\\\/vintage-hanglampen-aubergine-set-van-2\\\/\",\"name\":\"Lampes suspendues vintage Aubergine set de 2\",\"isPartOf\":{\"@id\":\"https:\\\/\\\/scandinavischelampen.nl\\\/fr\\\/#website\"},\"primaryImageOfPage\":{\"@id\":\"https:\\\/\\\/scandinavischelampen.nl\\\/fr\\\/produit\\\/vintage-hanglampen-aubergine-set-van-2\\\/#primaryimage\"},\"image\":{\"@id\":\"https:\\\/\\\/scandinavischelampen.nl\\\/fr\\\/produit\\\/vintage-hanglampen-aubergine-set-van-2\\\/#primaryimage\"},\"thumbnailUrl\":\"https:\\\/\\\/i0.wp.com\\\/scandinavischelampen.nl\\\/wp-content\\\/uploads\\\/2025\\\/11\\\/IMG_0717-2-kopie-scaled.jpg?fit=1920%2C2560&ssl=1\",\"datePublished\":\"2025-11-15T00:03:26+00:00\",\"dateModified\":\"2025-11-15T00:20:31+00:00\",\"description\":\"Faites l\u2019exp\u00e9rience de la perfection dans les moindres d\u00e9tails avec cet ensemble de suspensions, \u00e0 nouveau rev\u00eatues de poudre de couleur aubergine. Apportez de la lumi\u00e8re et de la couleur dans votre entr\u00e9e !\",\"breadcrumb\":{\"@id\":\"https:\\\/\\\/scandinavischelampen.nl\\\/fr\\\/produit\\\/vintage-hanglampen-aubergine-set-van-2\\\/#breadcrumb\"},\"inLanguage\":\"fr-FR\",\"potentialAction\":[{\"@type\":\"ReadAction\",\"target\":[\"https:\\\/\\\/scandinavischelampen.nl\\\/fr\\\/produit\\\/vintage-hanglampen-aubergine-set-van-2\\\/\"]}]},{\"@type\":\"ImageObject\",\"inLanguage\":\"fr-FR\",\"@id\":\"https:\\\/\\\/scandinavischelampen.nl\\\/fr\\\/produit\\\/vintage-hanglampen-aubergine-set-van-2\\\/#primaryimage\",\"url\":\"https:\\\/\\\/i0.wp.com\\\/scandinavischelampen.nl\\\/wp-content\\\/uploads\\\/2025\\\/11\\\/IMG_0717-2-kopie-scaled.jpg?fit=1920%2C2560&ssl=1\",\"contentUrl\":\"https:\\\/\\\/i0.wp.com\\\/scandinavischelampen.nl\\\/wp-content\\\/uploads\\\/2025\\\/11\\\/IMG_0717-2-kopie-scaled.jpg?fit=1920%2C2560&ssl=1\",\"width\":1920,\"height\":2560,\"caption\":\"Lampes suspendues vintage Aubergine set de 2\"},{\"@type\":\"BreadcrumbList\",\"@id\":\"https:\\\/\\\/scandinavischelampen.nl\\\/fr\\\/produit\\\/vintage-hanglampen-aubergine-set-van-2\\\/#breadcrumb\",\"itemListElement\":[{\"@type\":\"ListItem\",\"position\":1,\"name\":\"Home\",\"item\":\"https:\\\/\\\/scandinavischelampen.nl\\\/fr\\\/\"},{\"@type\":\"ListItem\",\"position\":2,\"name\":\"Boutique\",\"item\":\"https:\\\/\\\/scandinavischelampen.nl\\\/fr\\\/boutique\\\/\"},{\"@type\":\"ListItem\",\"position\":3,\"name\":\"Lampes suspendues vintage Aubergine set de 2\"}]},{\"@type\":\"WebSite\",\"@id\":\"https:\\\/\\\/scandinavischelampen.nl\\\/fr\\\/#website\",\"url\":\"https:\\\/\\\/scandinavischelampen.nl\\\/fr\\\/\",\"name\":\"Scandinavische Lampen\",\"description\":\"Luminaire design vintage\",\"publisher\":{\"@id\":\"https:\\\/\\\/scandinavischelampen.nl\\\/fr\\\/#organization\"},\"potentialAction\":[{\"@type\":\"SearchAction\",\"target\":{\"@type\":\"EntryPoint\",\"urlTemplate\":\"https:\\\/\\\/scandinavischelampen.nl\\\/fr\\\/?s={search_term_string}\"},\"query-input\":{\"@type\":\"PropertyValueSpecification\",\"valueRequired\":true,\"valueName\":\"search_term_string\"}}],\"inLanguage\":\"fr-FR\"},{\"@type\":\"Organization\",\"@id\":\"https:\\\/\\\/scandinavischelampen.nl\\\/fr\\\/#organization\",\"name\":\"Scandinavische Lampen\",\"url\":\"https:\\\/\\\/scandinavischelampen.nl\\\/fr\\\/\",\"logo\":{\"@type\":\"ImageObject\",\"inLanguage\":\"fr-FR\",\"@id\":\"https:\\\/\\\/scandinavischelampen.nl\\\/fr\\\/#\\\/schema\\\/logo\\\/image\\\/\",\"url\":\"https:\\\/\\\/i0.wp.com\\\/scandinavischelampen.nl\\\/wp-content\\\/uploads\\\/2023\\\/07\\\/cropped-Scandinavische-lampen-logo-oranje-01-scaled.png?fit=4717%2C1570&ssl=1\",\"contentUrl\":\"https:\\\/\\\/i0.wp.com\\\/scandinavischelampen.nl\\\/wp-content\\\/uploads\\\/2023\\\/07\\\/cropped-Scandinavische-lampen-logo-oranje-01-scaled.png?fit=4717%2C1570&ssl=1\",\"width\":4717,\"height\":1570,\"caption\":\"Scandinavische Lampen\"},\"image\":{\"@id\":\"https:\\\/\\\/scandinavischelampen.nl\\\/fr\\\/#\\\/schema\\\/logo\\\/image\\\/\"},\"sameAs\":[\"https:\\\/\\\/www.facebook.com\\\/scandinavischelampen\\\/\",\"https:\\\/\\\/www.instagram.com\\\/scandinavische_lampen\\\/\"]}]}<\/script>\n<!-- \/ Yoast SEO plugin. -->","yoast_head_json":{"title":"Lampes suspendues vintage Aubergine set de 2","description":"Faites l\u2019exp\u00e9rience de la perfection dans les moindres d\u00e9tails avec cet ensemble de suspensions, \u00e0 nouveau rev\u00eatues de poudre de couleur aubergine. Apportez de la lumi\u00e8re et de la couleur dans votre entr\u00e9e !","robots":{"index":"index","follow":"follow","max-snippet":"max-snippet:-1","max-image-preview":"max-image-preview:large","max-video-preview":"max-video-preview:-1"},"canonical":"https:\/\/scandinavischelampen.nl\/fr\/produit\/vintage-hanglampen-aubergine-set-van-2\/","og_locale":"fr_FR","og_type":"article","og_title":"Lampes suspendues vintage Aubergine set de 2","og_description":"Faites l\u2019exp\u00e9rience de la perfection dans les moindres d\u00e9tails avec cet ensemble de suspensions, \u00e0 nouveau rev\u00eatues de poudre de couleur aubergine. Apportez de la lumi\u00e8re et de la couleur dans votre entr\u00e9e !","og_url":"https:\/\/scandinavischelampen.nl\/fr\/produit\/vintage-hanglampen-aubergine-set-van-2\/","og_site_name":"Lampes Scandinaves","article_publisher":"https:\/\/www.facebook.com\/scandinavischelampen\/","article_modified_time":"2025-11-15T00:20:31+00:00","og_image":[{"width":1920,"height":2560,"url":"https:\/\/i0.wp.com\/scandinavischelampen.nl\/wp-content\/uploads\/2025\/11\/IMG_0717-2-kopie-scaled.jpg?fit=1920%2C2560&ssl=1","type":"image\/jpeg"}],"twitter_card":"summary_large_image","twitter_misc":{"Dur\u00e9e de lecture estim\u00e9e":"2 minutes"},"schema":{"@context":"https:\/\/schema.org","@graph":[{"@type":"WebPage","@id":"https:\/\/scandinavischelampen.nl\/fr\/produit\/vintage-hanglampen-aubergine-set-van-2\/","url":"https:\/\/scandinavischelampen.nl\/fr\/produit\/vintage-hanglampen-aubergine-set-van-2\/","name":"Lampes suspendues vintage Aubergine set de 2","isPartOf":{"@id":"https:\/\/scandinavischelampen.nl\/fr\/#website"},"primaryImageOfPage":{"@id":"https:\/\/scandinavischelampen.nl\/fr\/produit\/vintage-hanglampen-aubergine-set-van-2\/#primaryimage"},"image":{"@id":"https:\/\/scandinavischelampen.nl\/fr\/produit\/vintage-hanglampen-aubergine-set-van-2\/#primaryimage"},"thumbnailUrl":"https:\/\/i0.wp.com\/scandinavischelampen.nl\/wp-content\/uploads\/2025\/11\/IMG_0717-2-kopie-scaled.jpg?fit=1920%2C2560&ssl=1","datePublished":"2025-11-15T00:03:26+00:00","dateModified":"2025-11-15T00:20:31+00:00","description":"Faites l\u2019exp\u00e9rience de la perfection dans les moindres d\u00e9tails avec cet ensemble de suspensions, \u00e0 nouveau rev\u00eatues de poudre de couleur aubergine. Apportez de la lumi\u00e8re et de la couleur dans votre entr\u00e9e !","breadcrumb":{"@id":"https:\/\/scandinavischelampen.nl\/fr\/produit\/vintage-hanglampen-aubergine-set-van-2\/#breadcrumb"},"inLanguage":"fr-FR","potentialAction":[{"@type":"ReadAction","target":["https:\/\/scandinavischelampen.nl\/fr\/produit\/vintage-hanglampen-aubergine-set-van-2\/"]}]},{"@type":"ImageObject","inLanguage":"fr-FR","@id":"https:\/\/scandinavischelampen.nl\/fr\/produit\/vintage-hanglampen-aubergine-set-van-2\/#primaryimage","url":"https:\/\/i0.wp.com\/scandinavischelampen.nl\/wp-content\/uploads\/2025\/11\/IMG_0717-2-kopie-scaled.jpg?fit=1920%2C2560&ssl=1","contentUrl":"https:\/\/i0.wp.com\/scandinavischelampen.nl\/wp-content\/uploads\/2025\/11\/IMG_0717-2-kopie-scaled.jpg?fit=1920%2C2560&ssl=1","width":1920,"height":2560,"caption":"Lampes suspendues vintage Aubergine set de 2"},{"@type":"BreadcrumbList","@id":"https:\/\/scandinavischelampen.nl\/fr\/produit\/vintage-hanglampen-aubergine-set-van-2\/#breadcrumb","itemListElement":[{"@type":"ListItem","position":1,"name":"Home","item":"https:\/\/scandinavischelampen.nl\/fr\/"},{"@type":"ListItem","position":2,"name":"Boutique","item":"https:\/\/scandinavischelampen.nl\/fr\/boutique\/"},{"@type":"ListItem","position":3,"name":"Lampes suspendues vintage Aubergine set de 2"}]},{"@type":"WebSite","@id":"https:\/\/scandinavischelampen.nl\/fr\/#website","url":"https:\/\/scandinavischelampen.nl\/fr\/","name":"Scandinavische Lampen","description":"Luminaire design vintage","publisher":{"@id":"https:\/\/scandinavischelampen.nl\/fr\/#organization"},"potentialAction":[{"@type":"SearchAction","target":{"@type":"EntryPoint","urlTemplate":"https:\/\/scandinavischelampen.nl\/fr\/?s={search_term_string}"},"query-input":{"@type":"PropertyValueSpecification","valueRequired":true,"valueName":"search_term_string"}}],"inLanguage":"fr-FR"},{"@type":"Organization","@id":"https:\/\/scandinavischelampen.nl\/fr\/#organization","name":"Scandinavische Lampen","url":"https:\/\/scandinavischelampen.nl\/fr\/","logo":{"@type":"ImageObject","inLanguage":"fr-FR","@id":"https:\/\/scandinavischelampen.nl\/fr\/#\/schema\/logo\/image\/","url":"https:\/\/i0.wp.com\/scandinavischelampen.nl\/wp-content\/uploads\/2023\/07\/cropped-Scandinavische-lampen-logo-oranje-01-scaled.png?fit=4717%2C1570&ssl=1","contentUrl":"https:\/\/i0.wp.com\/scandinavischelampen.nl\/wp-content\/uploads\/2023\/07\/cropped-Scandinavische-lampen-logo-oranje-01-scaled.png?fit=4717%2C1570&ssl=1","width":4717,"height":1570,"caption":"Scandinavische Lampen"},"image":{"@id":"https:\/\/scandinavischelampen.nl\/fr\/#\/schema\/logo\/image\/"},"sameAs":["https:\/\/www.facebook.com\/scandinavischelampen\/","https:\/\/www.instagram.com\/scandinavische_lampen\/"]}]}},"uagb_featured_image_src":{"full":["https:\/\/i0.wp.com\/scandinavischelampen.nl\/wp-content\/uploads\/2025\/11\/IMG_0717-2-kopie-scaled.jpg?fit=1920%2C2560&ssl=1",1920,2560,false],"thumbnail":["https:\/\/i0.wp.com\/scandinavischelampen.nl\/wp-content\/uploads\/2025\/11\/IMG_0717-2-kopie-scaled.jpg?resize=150%2C150&ssl=1",150,150,true],"medium":["https:\/\/i0.wp.com\/scandinavischelampen.nl\/wp-content\/uploads\/2025\/11\/IMG_0717-2-kopie-scaled.jpg?fit=225%2C300&ssl=1",225,300,true],"medium_large":["https:\/\/i0.wp.com\/scandinavischelampen.nl\/wp-content\/uploads\/2025\/11\/IMG_0717-2-kopie-scaled.jpg?fit=768%2C1024&ssl=1",768,1024,true],"large":["https:\/\/i0.wp.com\/scandinavischelampen.nl\/wp-content\/uploads\/2025\/11\/IMG_0717-2-kopie-scaled.jpg?fit=768%2C1024&ssl=1",768,1024,true],"1536x1536":["https:\/\/i0.wp.com\/scandinavischelampen.nl\/wp-content\/uploads\/2025\/11\/IMG_0717-2-kopie-scaled.jpg?fit=1152%2C1536&ssl=1",1152,1536,true],"2048x2048":["https:\/\/i0.wp.com\/scandinavischelampen.nl\/wp-content\/uploads\/2025\/11\/IMG_0717-2-kopie-scaled.jpg?fit=1536%2C2048&ssl=1",1536,2048,true],"woocommerce_thumbnail":["https:\/\/i0.wp.com\/scandinavischelampen.nl\/wp-content\/uploads\/2025\/11\/IMG_0717-2-kopie-scaled.jpg?resize=300%2C300&ssl=1",300,300,true],"woocommerce_single":["https:\/\/i0.wp.com\/scandinavischelampen.nl\/wp-content\/uploads\/2025\/11\/IMG_0717-2-kopie-scaled.jpg?fit=600%2C800&ssl=1",600,800,true],"woocommerce_gallery_thumbnail":["https:\/\/i0.wp.com\/scandinavischelampen.nl\/wp-content\/uploads\/2025\/11\/IMG_0717-2-kopie-scaled.jpg?resize=100%2C100&ssl=1",100,100,true],"thaps-thumb-img":["https:\/\/i0.wp.com\/scandinavischelampen.nl\/wp-content\/uploads\/2025\/11\/IMG_0717-2-kopie-scaled.jpg?resize=48%2C64&ssl=1",48,64,true]},"uagb_author_info":{"display_name":"administrator","author_link":"https:\/\/scandinavischelampen.nl\/fr\/author\/"},"uagb_comment_info":0,"uagb_excerpt":"\u221a Livraison gratuite en Europe d\u00e8s 350 \u20ac \u221a Command\u00e9 avant 16h00? G\u00e9n\u00e9ralement exp\u00e9di\u00e9 le m\u00eame jour \u221a 14 jours de r\u00e9flexion \u221a Convient pour les LED Diam\u00e8tre : 23 cm Hauteur : 15 cm","jetpack_sharing_enabled":true,"_links":{"self":[{"href":"https:\/\/scandinavischelampen.nl\/fr\/wp-json\/wp\/v2\/product\/61530","targetHints":{"allow":["GET"]}}],"collection":[{"href":"https:\/\/scandinavischelampen.nl\/fr\/wp-json\/wp\/v2\/product"}],"about":[{"href":"https:\/\/scandinavischelampen.nl\/fr\/wp-json\/wp\/v2\/types\/product"}],"wp:featuredmedia":[{"embeddable":true,"href":"https:\/\/scandinavischelampen.nl\/fr\/wp-json\/wp\/v2\/media\/61561"}],"wp:attachment":[{"href":"https:\/\/scandinavischelampen.nl\/fr\/wp-json\/wp\/v2\/media?parent=61530"}],"wp:term":[{"taxonomy":"product_brand","embeddable":true,"href":"https:\/\/scandinavischelampen.nl\/fr\/wp-json\/wp\/v2\/product_brand?post=61530"},{"taxonomy":"product_cat","embeddable":true,"href":"https:\/\/scandinavischelampen.nl\/fr\/wp-json\/wp\/v2\/product_cat?post=61530"},{"taxonomy":"product_tag","embeddable":true,"href":"https:\/\/scandinavischelampen.nl\/fr\/wp-json\/wp\/v2\/product_tag?post=61530"}],"curies":[{"name":"wp","href":"https:\/\/api.w.org\/{rel}","templated":true}]}}