{"id":61287,"date":"2025-11-07T15:57:08","date_gmt":"2025-11-07T14:57:08","guid":{"rendered":"https:\/\/scandinavischelampen.nl\/?post_type=product&#038;p=61287"},"modified":"2025-11-07T16:48:09","modified_gmt":"2025-11-07T15:48:09","slug":"suspension-louis-poulsen-ph-4-3","status":"publish","type":"product","link":"https:\/\/scandinavischelampen.nl\/fr\/produit\/suspension-louis-poulsen-ph-4-3\/","title":{"rendered":"Suspension Louis Poulsen PH 4\/3 \u2013 Ic\u00f4ne du design danois"},"content":{"rendered":"<h3 data-start=\"572\" data-end=\"629\"><strong data-start=\"576\" data-end=\"629\">Suspension Louis Poulsen PH 4\/3 \u2013 Ic\u00f4ne du design danois<\/strong><\/h3>\n<p data-start=\"631\" data-end=\"1074\">La <strong data-start=\"634\" data-end=\"667\">suspension Louis Poulsen PH 4\/3<\/strong> est un chef-d\u2019\u0153uvre de Poul Henningsen et fait partie de la c\u00e9l\u00e8bre famille d\u2019\u00e9crans PH 3. Le design est bas\u00e9 sur le principe r\u00e9volutionnaire de Henningsen d\u2019une <strong data-start=\"831\" data-end=\"874\">lumi\u00e8re non \u00e9blouissante et \u00e9conome en \u00e9nergie<\/strong>. L\u2019utilisation de trois \u00e9crans (un \u00e9cran sup\u00e9rieur et deux coques sous-jacentes) r\u00e9partit soigneusement la lumi\u00e8re pour \u00e9viter l\u2019\u00e9blouissement et cr\u00e9er une lueur harmonieuse et douce.  <\/p>\n<p data-start=\"1076\" data-end=\"1401\">L\u2019\u00e9cran sup\u00e9rieur \u00e9claire subtilement les deux \u00e9crans inf\u00e9rieurs, tandis que les deux coquilles inf\u00e9rieures dirigent la lumi\u00e8re principalement vers le bas. La combinaison de la taille de l\u2019\u00e9cran, du mat\u00e9riau et des surfaces r\u00e9fl\u00e9chissantes cr\u00e9e une <strong data-start=\"1320\" data-end=\"1363\">r\u00e9partition lumineuse parfaitement \u00e9quilibr\u00e9e<\/strong>, caract\u00e9ristique de tous les luminaires PH. <\/p>\n<p data-start=\"1403\" data-end=\"1707\">Le PH 4\/3 est un <strong data-start=\"1420\" data-end=\"1440\">design flexible<\/strong>, id\u00e9al pour les suspensions hautes et basses, et s\u2019adapte parfaitement au-dessus d\u2019une table \u00e0 manger, dans un coin salon ou un espace de bureau. Gr\u00e2ce au design r\u00e9fl\u00e9chi de Poul Henningsen, cette lampe <strong data-start=\"1628\" data-end=\"1691\">apporte non seulement de la lumi\u00e8re, mais aussi de l\u2019\u00e9l\u00e9gance et de l\u2019histoire du design<\/strong> \u00e0 n\u2019importe quelle pi\u00e8ce. <\/p>\n<h2><strong>Condition<\/strong><\/h2>\n<p style=\"font-weight: 400;\">Cette suspension Louis Poulsen PH 5\/41\/2 a environ 20 ans et pr\u00e9sente de l\u00e9gers signes d\u2019utilisation ant\u00e9rieure. Vous pouvez penser \u00e0 quelques rayures l\u00e9g\u00e8res.  L&rsquo;autocollant du fabricant est pr\u00e9sent dans la lampe.<\/p>\n<h2>Sp\u00e9cifications <strong>Louis Poulsen PH 4\/3<\/strong><\/h2>\n<ul style=\"font-weight: 400;\">\n<li>Hauteur : 20cm<\/li>\n<li>Diam\u00e8tre : 40 cm<\/li>\n<li>Mat\u00e9riau : m\u00e9tal<\/li>\n<li>Puissance maximale : 60W<\/li>\n<li>Culot: E27<\/li>\n<li>Convient aux lampes LED<\/li>\n<li>Poids : 1 kg<\/li>\n<\/ul>\n<h2>\u00c0 propos de Louis Poulsen<\/h2>\n<p style=\"font-weight: 400;\">L&rsquo;objectif de Louis Poulsen n&rsquo;est pas seulement de concevoir des lampes. En fa\u00e7onnant la lumi\u00e8re d&rsquo;une lampe, Louis Poulsen veut cr\u00e9er une atmosph\u00e8re dans laquelle les gens se sentent bien, \u00e0 l&rsquo;int\u00e9rieur comme \u00e0 l&rsquo;ext\u00e9rieur. La forme de la lumi\u00e8re cr\u00e9e de l&rsquo;espace et les produits doivent vivre harmonieusement dans l&rsquo;espace qu&rsquo;ils d\u00e9finissent &#8211; indirect, doux et invitant. <a href=\"https:\/\/scandinavischelampen.nl\/product-categorie\/louis-poulsen\/\">D\u00e9couvrez notre collection compl\u00e8te de luminaires Louis Poulsen ici.<\/a><\/p>\n","protected":false},"excerpt":{"rendered":"<div class=\"title-wrapper\">\n<ul>\n<li data-start=\"734\" data-end=\"783\">Design original danois r\u00e9alis\u00e9 par Poul Henningsen \ud83c\udde9\ud83c\uddf0<\/li>\n<li data-start=\"734\" data-end=\"783\">Pi\u00e8ce vintage professionnelle avec de l\u00e9gers signes d\u2019usure \u2728<\/li>\n<li data-start=\"734\" data-end=\"783\">\u00c9cran inf\u00e9rieur retir\u00e9 pour les lampes plus grandes \/ Douille \ud83d\udca1 E27<\/li>\n<li data-start=\"734\" data-end=\"783\">Lumi\u00e8re non \u00e9blouissante et harmonieuse<\/li>\n<li data-start=\"734\" data-end=\"783\">Livraison gratuite aux Pays-Bas \ud83d\ude9a<\/li>\n<\/ul>\n<p><strong data-start=\"1013\" data-end=\"1038\">Diam\u00e8tre de l\u2019\u00e9cran sup\u00e9rieur :<\/strong> 40 cm \u2013 <strong data-start=\"1047\" data-end=\"1058\">Hauteur :<\/strong> 28 cm \u2013 <strong data-start=\"1067\" data-end=\"1079\">Montage :<\/strong> E27<\/p>\n<\/div>\n","protected":false},"featured_media":61290,"template":"","meta":{"_uag_custom_page_level_css":"","site-sidebar-layout":"default","site-content-layout":"default","ast-site-content-layout":"default","site-content-style":"default","site-sidebar-style":"default","ast-global-header-display":"","ast-banner-title-visibility":"","ast-main-header-display":"","ast-hfb-above-header-display":"","ast-hfb-below-header-display":"","ast-hfb-mobile-header-display":"","site-post-title":"","ast-breadcrumbs-content":"","ast-featured-img":"","footer-sml-layout":"","ast-disable-related-posts":"","theme-transparent-header-meta":"default","adv-header-id-meta":"","stick-header-meta":"","header-above-stick-meta":"","header-main-stick-meta":"","header-below-stick-meta":"","astra-migrate-meta-layouts":"set","ast-page-background-enabled":"default","ast-page-background-meta":{"desktop":{"background-color":"var(--ast-global-color-4)","background-image":"","background-repeat":"repeat","background-position":"center center","background-size":"auto","background-attachment":"scroll","background-type":"","background-media":"","overlay-type":"","overlay-color":"","overlay-opacity":"","overlay-gradient":""},"tablet":{"background-color":"","background-image":"","background-repeat":"repeat","background-position":"center center","background-size":"auto","background-attachment":"scroll","background-type":"","background-media":"","overlay-type":"","overlay-color":"","overlay-opacity":"","overlay-gradient":""},"mobile":{"background-color":"","background-image":"","background-repeat":"repeat","background-position":"center center","background-size":"auto","background-attachment":"scroll","background-type":"","background-media":"","overlay-type":"","overlay-color":"","overlay-opacity":"","overlay-gradient":""}},"ast-content-background-meta":{"desktop":{"background-color":"var(--ast-global-color-5)","background-image":"","background-repeat":"repeat","background-position":"center center","background-size":"auto","background-attachment":"scroll","background-type":"","background-media":"","overlay-type":"","overlay-color":"","overlay-opacity":"","overlay-gradient":""},"tablet":{"background-color":"var(--ast-global-color-5)","background-image":"","background-repeat":"repeat","background-position":"center center","background-size":"auto","background-attachment":"scroll","background-type":"","background-media":"","overlay-type":"","overlay-color":"","overlay-opacity":"","overlay-gradient":""},"mobile":{"background-color":"var(--ast-global-color-5)","background-image":"","background-repeat":"repeat","background-position":"center center","background-size":"auto","background-attachment":"scroll","background-type":"","background-media":"","overlay-type":"","overlay-color":"","overlay-opacity":"","overlay-gradient":""}}},"product_brand":[],"product_cat":[499,353,337,336,338,361,333,335,604],"product_tag":[363],"class_list":{"0":"post-61287","1":"product","2":"type-product","3":"status-publish","4":"has-post-thumbnail","6":"product_cat-eclairage-de-bureau-fr","7":"product_cat-eclairage-de-couloir","8":"product_cat-eclairage-de-la-chambre","9":"product_cat-eclairage-de-la-cuisine","10":"product_cat-eclairage-du-salon","11":"product_cat-louis-poulsen-fr","12":"product_cat-suspensions-scandinaves","13":"product_cat-suspensions-pour-table-a-manger","14":"product_cat-voir-notre-collection-complete","15":"product_tag-blanc","16":"desktop-align-center","17":"tablet-align-left","18":"mobile-align-left","20":"first","21":"instock","22":"taxable","23":"shipping-taxable","24":"purchasable","25":"product-type-simple"},"yoast_head":"<!-- This site is optimized with the Yoast SEO plugin v27.4 - https:\/\/yoast.com\/product\/yoast-seo-wordpress\/ -->\n<title>Louis Poulsen PH 4\/3 suspension Design original Poul Henningsen<\/title>\n<meta name=\"description\" content=\"D\u00e9couvrez la suspension Louis Poulsen PH 4\/3 \u2013 une ic\u00f4ne du design danois vintage de Poul Henningsen. Lumi\u00e8re non \u00e9blouissante, parfaite au-dessus de la table \u00e0 manger ou du coin salon.\" \/>\n<meta name=\"robots\" content=\"index, follow, max-snippet:-1, max-image-preview:large, max-video-preview:-1\" \/>\n<link rel=\"canonical\" href=\"https:\/\/scandinavischelampen.nl\/fr\/produit\/suspension-louis-poulsen-ph-4-3\/\" \/>\n<meta property=\"og:locale\" content=\"fr_FR\" \/>\n<meta property=\"og:type\" content=\"article\" \/>\n<meta property=\"og:title\" content=\"Louis Poulsen PH 4\/3 suspension Design original Poul Henningsen\" \/>\n<meta property=\"og:description\" content=\"D\u00e9couvrez la suspension Louis Poulsen PH 4\/3 \u2013 une ic\u00f4ne du design danois vintage de Poul Henningsen. Lumi\u00e8re non \u00e9blouissante, parfaite au-dessus de la table \u00e0 manger ou du coin salon.\" \/>\n<meta property=\"og:url\" content=\"https:\/\/scandinavischelampen.nl\/fr\/produit\/suspension-louis-poulsen-ph-4-3\/\" \/>\n<meta property=\"og:site_name\" content=\"Lampes Scandinaves\" \/>\n<meta property=\"article:publisher\" content=\"https:\/\/www.facebook.com\/scandinavischelampen\/\" \/>\n<meta property=\"article:modified_time\" content=\"2025-11-07T15:48:09+00:00\" \/>\n<meta property=\"og:image\" content=\"https:\/\/i0.wp.com\/scandinavischelampen.nl\/wp-content\/uploads\/2025\/11\/IMG_0711-kopie-scaled.jpg?fit=1920%2C2560&ssl=1\" \/>\n\t<meta property=\"og:image:width\" content=\"1920\" \/>\n\t<meta property=\"og:image:height\" content=\"2560\" \/>\n\t<meta property=\"og:image:type\" content=\"image\/jpeg\" \/>\n<meta name=\"twitter:card\" content=\"summary_large_image\" \/>\n<meta name=\"twitter:label1\" content=\"Dur\u00e9e de lecture estim\u00e9e\" \/>\n\t<meta name=\"twitter:data1\" content=\"2 minutes\" \/>\n<script type=\"application\/ld+json\" class=\"yoast-schema-graph\">{\"@context\":\"https:\\\/\\\/schema.org\",\"@graph\":[{\"@type\":\"WebPage\",\"@id\":\"https:\\\/\\\/scandinavischelampen.nl\\\/fr\\\/produit\\\/suspension-louis-poulsen-ph-4-3\\\/\",\"url\":\"https:\\\/\\\/scandinavischelampen.nl\\\/fr\\\/produit\\\/suspension-louis-poulsen-ph-4-3\\\/\",\"name\":\"Louis Poulsen PH 4\\\/3 suspension Design original Poul Henningsen\",\"isPartOf\":{\"@id\":\"https:\\\/\\\/scandinavischelampen.nl\\\/fr\\\/#website\"},\"primaryImageOfPage\":{\"@id\":\"https:\\\/\\\/scandinavischelampen.nl\\\/fr\\\/produit\\\/suspension-louis-poulsen-ph-4-3\\\/#primaryimage\"},\"image\":{\"@id\":\"https:\\\/\\\/scandinavischelampen.nl\\\/fr\\\/produit\\\/suspension-louis-poulsen-ph-4-3\\\/#primaryimage\"},\"thumbnailUrl\":\"https:\\\/\\\/i0.wp.com\\\/scandinavischelampen.nl\\\/wp-content\\\/uploads\\\/2025\\\/11\\\/IMG_0711-kopie-scaled.jpg?fit=1920%2C2560&ssl=1\",\"datePublished\":\"2025-11-07T14:57:08+00:00\",\"dateModified\":\"2025-11-07T15:48:09+00:00\",\"description\":\"D\u00e9couvrez la suspension Louis Poulsen PH 4\\\/3 \u2013 une ic\u00f4ne du design danois vintage de Poul Henningsen. Lumi\u00e8re non \u00e9blouissante, parfaite au-dessus de la table \u00e0 manger ou du coin salon.\",\"breadcrumb\":{\"@id\":\"https:\\\/\\\/scandinavischelampen.nl\\\/fr\\\/produit\\\/suspension-louis-poulsen-ph-4-3\\\/#breadcrumb\"},\"inLanguage\":\"fr-FR\",\"potentialAction\":[{\"@type\":\"ReadAction\",\"target\":[\"https:\\\/\\\/scandinavischelampen.nl\\\/fr\\\/produit\\\/suspension-louis-poulsen-ph-4-3\\\/\"]}]},{\"@type\":\"ImageObject\",\"inLanguage\":\"fr-FR\",\"@id\":\"https:\\\/\\\/scandinavischelampen.nl\\\/fr\\\/produit\\\/suspension-louis-poulsen-ph-4-3\\\/#primaryimage\",\"url\":\"https:\\\/\\\/i0.wp.com\\\/scandinavischelampen.nl\\\/wp-content\\\/uploads\\\/2025\\\/11\\\/IMG_0711-kopie-scaled.jpg?fit=1920%2C2560&ssl=1\",\"contentUrl\":\"https:\\\/\\\/i0.wp.com\\\/scandinavischelampen.nl\\\/wp-content\\\/uploads\\\/2025\\\/11\\\/IMG_0711-kopie-scaled.jpg?fit=1920%2C2560&ssl=1\",\"width\":1920,\"height\":2560,\"caption\":\"Louis Poulsen PH 4\\\/3 hanglamp \u2013 Deens designicoon\"},{\"@type\":\"BreadcrumbList\",\"@id\":\"https:\\\/\\\/scandinavischelampen.nl\\\/fr\\\/produit\\\/suspension-louis-poulsen-ph-4-3\\\/#breadcrumb\",\"itemListElement\":[{\"@type\":\"ListItem\",\"position\":1,\"name\":\"Home\",\"item\":\"https:\\\/\\\/scandinavischelampen.nl\\\/fr\\\/\"},{\"@type\":\"ListItem\",\"position\":2,\"name\":\"Boutique\",\"item\":\"https:\\\/\\\/scandinavischelampen.nl\\\/fr\\\/boutique\\\/\"},{\"@type\":\"ListItem\",\"position\":3,\"name\":\"Suspension Louis Poulsen PH 4\\\/3 \u2013 Ic\u00f4ne du design danois\"}]},{\"@type\":\"WebSite\",\"@id\":\"https:\\\/\\\/scandinavischelampen.nl\\\/fr\\\/#website\",\"url\":\"https:\\\/\\\/scandinavischelampen.nl\\\/fr\\\/\",\"name\":\"Scandinavische Lampen\",\"description\":\"Luminaire design vintage\",\"publisher\":{\"@id\":\"https:\\\/\\\/scandinavischelampen.nl\\\/fr\\\/#organization\"},\"potentialAction\":[{\"@type\":\"SearchAction\",\"target\":{\"@type\":\"EntryPoint\",\"urlTemplate\":\"https:\\\/\\\/scandinavischelampen.nl\\\/fr\\\/?s={search_term_string}\"},\"query-input\":{\"@type\":\"PropertyValueSpecification\",\"valueRequired\":true,\"valueName\":\"search_term_string\"}}],\"inLanguage\":\"fr-FR\"},{\"@type\":\"Organization\",\"@id\":\"https:\\\/\\\/scandinavischelampen.nl\\\/fr\\\/#organization\",\"name\":\"Scandinavische Lampen\",\"url\":\"https:\\\/\\\/scandinavischelampen.nl\\\/fr\\\/\",\"logo\":{\"@type\":\"ImageObject\",\"inLanguage\":\"fr-FR\",\"@id\":\"https:\\\/\\\/scandinavischelampen.nl\\\/fr\\\/#\\\/schema\\\/logo\\\/image\\\/\",\"url\":\"https:\\\/\\\/i0.wp.com\\\/scandinavischelampen.nl\\\/wp-content\\\/uploads\\\/2023\\\/07\\\/cropped-Scandinavische-lampen-logo-oranje-01-scaled.png?fit=4717%2C1570&ssl=1\",\"contentUrl\":\"https:\\\/\\\/i0.wp.com\\\/scandinavischelampen.nl\\\/wp-content\\\/uploads\\\/2023\\\/07\\\/cropped-Scandinavische-lampen-logo-oranje-01-scaled.png?fit=4717%2C1570&ssl=1\",\"width\":4717,\"height\":1570,\"caption\":\"Scandinavische Lampen\"},\"image\":{\"@id\":\"https:\\\/\\\/scandinavischelampen.nl\\\/fr\\\/#\\\/schema\\\/logo\\\/image\\\/\"},\"sameAs\":[\"https:\\\/\\\/www.facebook.com\\\/scandinavischelampen\\\/\",\"https:\\\/\\\/www.instagram.com\\\/scandinavische_lampen\\\/\"]}]}<\/script>\n<!-- \/ Yoast SEO plugin. -->","yoast_head_json":{"title":"Louis Poulsen PH 4\/3 suspension Design original Poul Henningsen","description":"D\u00e9couvrez la suspension Louis Poulsen PH 4\/3 \u2013 une ic\u00f4ne du design danois vintage de Poul Henningsen. Lumi\u00e8re non \u00e9blouissante, parfaite au-dessus de la table \u00e0 manger ou du coin salon.","robots":{"index":"index","follow":"follow","max-snippet":"max-snippet:-1","max-image-preview":"max-image-preview:large","max-video-preview":"max-video-preview:-1"},"canonical":"https:\/\/scandinavischelampen.nl\/fr\/produit\/suspension-louis-poulsen-ph-4-3\/","og_locale":"fr_FR","og_type":"article","og_title":"Louis Poulsen PH 4\/3 suspension Design original Poul Henningsen","og_description":"D\u00e9couvrez la suspension Louis Poulsen PH 4\/3 \u2013 une ic\u00f4ne du design danois vintage de Poul Henningsen. Lumi\u00e8re non \u00e9blouissante, parfaite au-dessus de la table \u00e0 manger ou du coin salon.","og_url":"https:\/\/scandinavischelampen.nl\/fr\/produit\/suspension-louis-poulsen-ph-4-3\/","og_site_name":"Lampes Scandinaves","article_publisher":"https:\/\/www.facebook.com\/scandinavischelampen\/","article_modified_time":"2025-11-07T15:48:09+00:00","og_image":[{"width":1920,"height":2560,"url":"https:\/\/i0.wp.com\/scandinavischelampen.nl\/wp-content\/uploads\/2025\/11\/IMG_0711-kopie-scaled.jpg?fit=1920%2C2560&ssl=1","type":"image\/jpeg"}],"twitter_card":"summary_large_image","twitter_misc":{"Dur\u00e9e de lecture estim\u00e9e":"2 minutes"},"schema":{"@context":"https:\/\/schema.org","@graph":[{"@type":"WebPage","@id":"https:\/\/scandinavischelampen.nl\/fr\/produit\/suspension-louis-poulsen-ph-4-3\/","url":"https:\/\/scandinavischelampen.nl\/fr\/produit\/suspension-louis-poulsen-ph-4-3\/","name":"Louis Poulsen PH 4\/3 suspension Design original Poul Henningsen","isPartOf":{"@id":"https:\/\/scandinavischelampen.nl\/fr\/#website"},"primaryImageOfPage":{"@id":"https:\/\/scandinavischelampen.nl\/fr\/produit\/suspension-louis-poulsen-ph-4-3\/#primaryimage"},"image":{"@id":"https:\/\/scandinavischelampen.nl\/fr\/produit\/suspension-louis-poulsen-ph-4-3\/#primaryimage"},"thumbnailUrl":"https:\/\/i0.wp.com\/scandinavischelampen.nl\/wp-content\/uploads\/2025\/11\/IMG_0711-kopie-scaled.jpg?fit=1920%2C2560&ssl=1","datePublished":"2025-11-07T14:57:08+00:00","dateModified":"2025-11-07T15:48:09+00:00","description":"D\u00e9couvrez la suspension Louis Poulsen PH 4\/3 \u2013 une ic\u00f4ne du design danois vintage de Poul Henningsen. Lumi\u00e8re non \u00e9blouissante, parfaite au-dessus de la table \u00e0 manger ou du coin salon.","breadcrumb":{"@id":"https:\/\/scandinavischelampen.nl\/fr\/produit\/suspension-louis-poulsen-ph-4-3\/#breadcrumb"},"inLanguage":"fr-FR","potentialAction":[{"@type":"ReadAction","target":["https:\/\/scandinavischelampen.nl\/fr\/produit\/suspension-louis-poulsen-ph-4-3\/"]}]},{"@type":"ImageObject","inLanguage":"fr-FR","@id":"https:\/\/scandinavischelampen.nl\/fr\/produit\/suspension-louis-poulsen-ph-4-3\/#primaryimage","url":"https:\/\/i0.wp.com\/scandinavischelampen.nl\/wp-content\/uploads\/2025\/11\/IMG_0711-kopie-scaled.jpg?fit=1920%2C2560&ssl=1","contentUrl":"https:\/\/i0.wp.com\/scandinavischelampen.nl\/wp-content\/uploads\/2025\/11\/IMG_0711-kopie-scaled.jpg?fit=1920%2C2560&ssl=1","width":1920,"height":2560,"caption":"Louis Poulsen PH 4\/3 hanglamp \u2013 Deens designicoon"},{"@type":"BreadcrumbList","@id":"https:\/\/scandinavischelampen.nl\/fr\/produit\/suspension-louis-poulsen-ph-4-3\/#breadcrumb","itemListElement":[{"@type":"ListItem","position":1,"name":"Home","item":"https:\/\/scandinavischelampen.nl\/fr\/"},{"@type":"ListItem","position":2,"name":"Boutique","item":"https:\/\/scandinavischelampen.nl\/fr\/boutique\/"},{"@type":"ListItem","position":3,"name":"Suspension Louis Poulsen PH 4\/3 \u2013 Ic\u00f4ne du design danois"}]},{"@type":"WebSite","@id":"https:\/\/scandinavischelampen.nl\/fr\/#website","url":"https:\/\/scandinavischelampen.nl\/fr\/","name":"Scandinavische Lampen","description":"Luminaire design vintage","publisher":{"@id":"https:\/\/scandinavischelampen.nl\/fr\/#organization"},"potentialAction":[{"@type":"SearchAction","target":{"@type":"EntryPoint","urlTemplate":"https:\/\/scandinavischelampen.nl\/fr\/?s={search_term_string}"},"query-input":{"@type":"PropertyValueSpecification","valueRequired":true,"valueName":"search_term_string"}}],"inLanguage":"fr-FR"},{"@type":"Organization","@id":"https:\/\/scandinavischelampen.nl\/fr\/#organization","name":"Scandinavische Lampen","url":"https:\/\/scandinavischelampen.nl\/fr\/","logo":{"@type":"ImageObject","inLanguage":"fr-FR","@id":"https:\/\/scandinavischelampen.nl\/fr\/#\/schema\/logo\/image\/","url":"https:\/\/i0.wp.com\/scandinavischelampen.nl\/wp-content\/uploads\/2023\/07\/cropped-Scandinavische-lampen-logo-oranje-01-scaled.png?fit=4717%2C1570&ssl=1","contentUrl":"https:\/\/i0.wp.com\/scandinavischelampen.nl\/wp-content\/uploads\/2023\/07\/cropped-Scandinavische-lampen-logo-oranje-01-scaled.png?fit=4717%2C1570&ssl=1","width":4717,"height":1570,"caption":"Scandinavische Lampen"},"image":{"@id":"https:\/\/scandinavischelampen.nl\/fr\/#\/schema\/logo\/image\/"},"sameAs":["https:\/\/www.facebook.com\/scandinavischelampen\/","https:\/\/www.instagram.com\/scandinavische_lampen\/"]}]}},"uagb_featured_image_src":{"full":["https:\/\/i0.wp.com\/scandinavischelampen.nl\/wp-content\/uploads\/2025\/11\/IMG_0711-kopie-scaled.jpg?fit=1920%2C2560&ssl=1",1920,2560,false],"thumbnail":["https:\/\/i0.wp.com\/scandinavischelampen.nl\/wp-content\/uploads\/2025\/11\/IMG_0711-kopie-scaled.jpg?resize=150%2C150&ssl=1",150,150,true],"medium":["https:\/\/i0.wp.com\/scandinavischelampen.nl\/wp-content\/uploads\/2025\/11\/IMG_0711-kopie-scaled.jpg?fit=225%2C300&ssl=1",225,300,true],"medium_large":["https:\/\/i0.wp.com\/scandinavischelampen.nl\/wp-content\/uploads\/2025\/11\/IMG_0711-kopie-scaled.jpg?fit=768%2C1024&ssl=1",768,1024,true],"large":["https:\/\/i0.wp.com\/scandinavischelampen.nl\/wp-content\/uploads\/2025\/11\/IMG_0711-kopie-scaled.jpg?fit=768%2C1024&ssl=1",768,1024,true],"1536x1536":["https:\/\/i0.wp.com\/scandinavischelampen.nl\/wp-content\/uploads\/2025\/11\/IMG_0711-kopie-scaled.jpg?fit=1152%2C1536&ssl=1",1152,1536,true],"2048x2048":["https:\/\/i0.wp.com\/scandinavischelampen.nl\/wp-content\/uploads\/2025\/11\/IMG_0711-kopie-scaled.jpg?fit=1536%2C2048&ssl=1",1536,2048,true],"woocommerce_thumbnail":["https:\/\/i0.wp.com\/scandinavischelampen.nl\/wp-content\/uploads\/2025\/11\/IMG_0711-kopie-scaled.jpg?resize=300%2C300&ssl=1",300,300,true],"woocommerce_single":["https:\/\/i0.wp.com\/scandinavischelampen.nl\/wp-content\/uploads\/2025\/11\/IMG_0711-kopie-scaled.jpg?fit=600%2C800&ssl=1",600,800,true],"woocommerce_gallery_thumbnail":["https:\/\/i0.wp.com\/scandinavischelampen.nl\/wp-content\/uploads\/2025\/11\/IMG_0711-kopie-scaled.jpg?resize=100%2C100&ssl=1",100,100,true],"thaps-thumb-img":["https:\/\/i0.wp.com\/scandinavischelampen.nl\/wp-content\/uploads\/2025\/11\/IMG_0711-kopie-scaled.jpg?resize=48%2C64&ssl=1",48,64,true]},"uagb_author_info":{"display_name":"administrator","author_link":"https:\/\/scandinavischelampen.nl\/fr\/author\/"},"uagb_comment_info":0,"uagb_excerpt":"Design original danois r\u00e9alis\u00e9 par Poul Henningsen \ud83c\udde9\ud83c\uddf0 Pi\u00e8ce vintage professionnelle avec de l\u00e9gers signes d\u2019usure \u2728 \u00c9cran inf\u00e9rieur retir\u00e9 pour les lampes plus grandes \/ Douille \ud83d\udca1 E27 Lumi\u00e8re non \u00e9blouissante et harmonieuse Livraison gratuite aux Pays-Bas \ud83d\ude9a Diam\u00e8tre de l\u2019\u00e9cran sup\u00e9rieur : 40 cm \u2013 Hauteur : 28 cm \u2013 Montage : E27","jetpack_sharing_enabled":true,"_links":{"self":[{"href":"https:\/\/scandinavischelampen.nl\/fr\/wp-json\/wp\/v2\/product\/61287","targetHints":{"allow":["GET"]}}],"collection":[{"href":"https:\/\/scandinavischelampen.nl\/fr\/wp-json\/wp\/v2\/product"}],"about":[{"href":"https:\/\/scandinavischelampen.nl\/fr\/wp-json\/wp\/v2\/types\/product"}],"wp:featuredmedia":[{"embeddable":true,"href":"https:\/\/scandinavischelampen.nl\/fr\/wp-json\/wp\/v2\/media\/61290"}],"wp:attachment":[{"href":"https:\/\/scandinavischelampen.nl\/fr\/wp-json\/wp\/v2\/media?parent=61287"}],"wp:term":[{"taxonomy":"product_brand","embeddable":true,"href":"https:\/\/scandinavischelampen.nl\/fr\/wp-json\/wp\/v2\/product_brand?post=61287"},{"taxonomy":"product_cat","embeddable":true,"href":"https:\/\/scandinavischelampen.nl\/fr\/wp-json\/wp\/v2\/product_cat?post=61287"},{"taxonomy":"product_tag","embeddable":true,"href":"https:\/\/scandinavischelampen.nl\/fr\/wp-json\/wp\/v2\/product_tag?post=61287"}],"curies":[{"name":"wp","href":"https:\/\/api.w.org\/{rel}","templated":true}]}}