{"id":60999,"date":"2025-11-06T21:00:50","date_gmt":"2025-11-06T20:00:50","guid":{"rendered":"https:\/\/scandinavischelampen.nl\/?post_type=product&#038;p=60999"},"modified":"2026-01-18T10:20:12","modified_gmt":"2026-01-18T09:20:12","slug":"jeka-hanglamp-capri-abrikoos-o-40-cm","status":"publish","type":"product","link":"https:\/\/scandinavischelampen.nl\/fr\/produit\/jeka-hanglamp-capri-abrikoos-o-40-cm\/","title":{"rendered":"Suspension Jeka Capri Abricot \u00d8 40 cm"},"content":{"rendered":"<h2>Suspension Jeka Capri Abricot \u00d8 40 cm<\/h2>\n<p>&nbsp;<\/p>\n<p style=\"font-weight: 400;\">Entrez dans la machine \u00e0 remonter le temps du style avec le pendentif Capri de Jeka. Cette magnifique suspension vous transporte au d\u00e9but du XXe si\u00e8cle, en plein c\u0153ur de la Scandinavie. Habill\u00e9e de sa teinte abricot d&rsquo;origine \u2013 une nuance rare et chaleureuse qui s&rsquo;harmonise parfaitement avec les int\u00e9rieurs modernes \u2013 cette lampe est bien plus qu&rsquo;une simple source de lumi\u00e8re : c&rsquo;est un morceau d&rsquo;histoire au design intemporel. <\/p>\n<p style=\"font-weight: 400;\">Pourquoi se contenter de l&rsquo;ordinaire quand on peut s&rsquo;offrir une touche de raffinement danois ? La diffusion ludique de la lumi\u00e8re vers le bas et sur les c\u00f4t\u00e9s, gr\u00e2ce \u00e0 des couches astucieusement agenc\u00e9es, cr\u00e9e une atmosph\u00e8re enchanteresse dans votre salon, votre cuisine ou votre entr\u00e9e. C&rsquo;est comme si cette lampe, en plus d&rsquo;illuminer l&rsquo;espace, y ajoutait une subtile note scandinave.  <\/p>\n<p style=\"font-weight: 400;\">N\u2019attendez pas trop longtemps, car nous n\u2019avons qu\u2019un seul exemplaire en stock. Transformez votre espace de vie en un lieu o\u00f9 le style et l&rsquo;histoire se rejoignent. Cette lampe est bien plus qu&rsquo;un simple accessoire ; c&rsquo;est la touche finale que m\u00e9rite votre int\u00e9rieur. Commandez d\u00e8s maintenant et invitez le design danois chez vous \u2013 avant que cette occasion unique ne vous \u00e9chappe ! <\/p>\n<h2>Condition<\/h2>\n<p>Cette lampe a \u00e9t\u00e9 fabriqu\u00e9e \u00e0 la fin du si\u00e8cle dernier et est en bon \u00e9tat, ne pr\u00e9sentant que de l\u00e9g\u00e8res traces d&rsquo;utilisation ant\u00e9rieure. L\u2019\u00e9lectricit\u00e9 a \u00e9t\u00e9 enti\u00e8rement renouvel\u00e9e. L&rsquo;autocollant du fabricant est \u00e9galement pr\u00e9sent sur le suspension.<\/p>\n<h2>Caract\u00e9ristiques Jeka Lampe pendante Capri Abricot<\/h2>\n<ul>\n<li>Hauteur : 20cm<\/li>\n<li>Diam\u00e8tre : 40 cm<\/li>\n<li>Hauteur totale avec cordon 220 cm (r\u00e9glable lors de l\u2019installation)<\/li>\n<li>Mat\u00e9riel: Aluminium<\/li>\n<li>Couleur du cordon : Blanc<\/li>\n<li>Puissance maximale : 60W<\/li>\n<li>Culot: E27<\/li>\n<li>Convient aux lampes LED<\/li>\n<li>Poids : 2 kg<\/li>\n<\/ul>\n<h3>D\u00e9couvrez Jeka Metaltryk : Un Aper\u00e7u Historique<\/h3>\n<p>L&rsquo;histoire de Jeka Metaltryk peut comporter quelques aspects myst\u00e9rieux, mais une chose est s\u00fbre : jusqu&rsquo;en 2002, ils \u00e9taient actifs dans la production de lampes. Le nom Jeka est synonyme de qualit\u00e9 exceptionnelle et de designs intemporels dans le monde de l&rsquo;\u00e9clairage. Leurs lampes, caract\u00e9ris\u00e9es par leur artisanat exquis, ont r\u00e9sist\u00e9 \u00e0 l&rsquo;\u00e9preuve du temps et continuent \u00e0 d\u00e9gager une esth\u00e9tique intemporelle. <a href=\"https:\/\/scandinavischelampen.nl\/product-categorie\/merken\/jeka-metaltryk\/\">Explorez notre collection compl\u00e8te de lampes vintage Jeka ici et d\u00e9couvrez par vous-m\u00eame pourquoi ce nom a acquis une r\u00e9putation si solide.<\/a><\/p>\n<p>&nbsp;<\/p>\n","protected":false},"excerpt":{"rendered":"<p><strong><span style=\"color: #00ff00;\">\u221a<\/span> <span style=\"color: #ff6600;\">Livraison gratuite en Europe d\u00e8s 350 \u20ac<\/span><br \/>\n<\/strong><strong><span style=\"color: #00ff00;\">\u221a<\/span> Command\u00e9 avant <span style=\"color: #ff6600;\">16h00<\/span>? G\u00e9n\u00e9ralement exp\u00e9di\u00e9 le m\u00eame jour<br \/>\n<\/strong><strong><span style=\"color: #00ff00;\">\u221a<\/span> <span style=\"color: #ff6600;\">14 jours<\/span> de r\u00e9flexion<br \/>\n<\/strong><strong><span style=\"color: #00ff00;\">\u221a<\/span> Convient pour les <span style=\"color: #ff6600;\">LED<\/span><\/strong><\/p>\n<ul>\n<li><strong>Hauteur : 20cm<\/strong><\/li>\n<li><strong>Diam\u00e8tre : 40 cm<\/strong><\/li>\n<\/ul>\n","protected":false},"featured_media":61010,"template":"","meta":{"_uag_custom_page_level_css":"","site-sidebar-layout":"default","site-content-layout":"default","ast-site-content-layout":"default","site-content-style":"default","site-sidebar-style":"default","ast-global-header-display":"","ast-banner-title-visibility":"","ast-main-header-display":"","ast-hfb-above-header-display":"","ast-hfb-below-header-display":"","ast-hfb-mobile-header-display":"","site-post-title":"","ast-breadcrumbs-content":"","ast-featured-img":"","footer-sml-layout":"","ast-disable-related-posts":"","theme-transparent-header-meta":"default","adv-header-id-meta":"","stick-header-meta":"","header-above-stick-meta":"","header-main-stick-meta":"","header-below-stick-meta":"","astra-migrate-meta-layouts":"set","ast-page-background-enabled":"default","ast-page-background-meta":{"desktop":{"background-color":"var(--ast-global-color-4)","background-image":"","background-repeat":"repeat","background-position":"center center","background-size":"auto","background-attachment":"scroll","background-type":"","background-media":"","overlay-type":"","overlay-color":"","overlay-opacity":"","overlay-gradient":""},"tablet":{"background-color":"","background-image":"","background-repeat":"repeat","background-position":"center center","background-size":"auto","background-attachment":"scroll","background-type":"","background-media":"","overlay-type":"","overlay-color":"","overlay-opacity":"","overlay-gradient":""},"mobile":{"background-color":"","background-image":"","background-repeat":"repeat","background-position":"center center","background-size":"auto","background-attachment":"scroll","background-type":"","background-media":"","overlay-type":"","overlay-color":"","overlay-opacity":"","overlay-gradient":""}},"ast-content-background-meta":{"desktop":{"background-color":"var(--ast-global-color-5)","background-image":"","background-repeat":"repeat","background-position":"center center","background-size":"auto","background-attachment":"scroll","background-type":"","background-media":"","overlay-type":"","overlay-color":"","overlay-opacity":"","overlay-gradient":""},"tablet":{"background-color":"var(--ast-global-color-5)","background-image":"","background-repeat":"repeat","background-position":"center center","background-size":"auto","background-attachment":"scroll","background-type":"","background-media":"","overlay-type":"","overlay-color":"","overlay-opacity":"","overlay-gradient":""},"mobile":{"background-color":"var(--ast-global-color-5)","background-image":"","background-repeat":"repeat","background-position":"center center","background-size":"auto","background-attachment":"scroll","background-type":"","background-media":"","overlay-type":"","overlay-color":"","overlay-opacity":"","overlay-gradient":""}}},"product_brand":[],"product_cat":[499,337,336,338,523,333,335,604],"product_tag":[],"class_list":{"0":"post-60999","1":"product","2":"type-product","3":"status-publish","4":"has-post-thumbnail","6":"product_cat-eclairage-de-bureau-fr","7":"product_cat-eclairage-de-la-chambre","8":"product_cat-eclairage-de-la-cuisine","9":"product_cat-eclairage-du-salon","10":"product_cat-jeka-lampes-fr","11":"product_cat-suspensions-scandinaves","12":"product_cat-suspensions-pour-table-a-manger","13":"product_cat-voir-notre-collection-complete","14":"desktop-align-center","15":"tablet-align-left","16":"mobile-align-left","18":"first","19":"instock","20":"taxable","21":"shipping-taxable","22":"purchasable","23":"product-type-simple"},"yoast_head":"<!-- This site is optimized with the Yoast SEO plugin v27.4 - https:\/\/yoast.com\/product\/yoast-seo-wordpress\/ -->\n<title>Suspension Jeka Capri Abricot \u00d8 40 cm<\/title>\n<meta name=\"description\" content=\"Magnifique lampe pendentif vintage Jeka Metaltryk Capri dans la couleur abricot d\u2019origine. Un v\u00e9ritable attirant l\u2019\u0153il, parfait pour se fondre dans des int\u00e9rieurs modernes.\" \/>\n<meta name=\"robots\" content=\"index, follow, max-snippet:-1, max-image-preview:large, max-video-preview:-1\" \/>\n<link rel=\"canonical\" href=\"https:\/\/scandinavischelampen.nl\/fr\/produit\/jeka-hanglamp-capri-abrikoos-o-40-cm\/\" \/>\n<meta property=\"og:locale\" content=\"fr_FR\" \/>\n<meta property=\"og:type\" content=\"article\" \/>\n<meta property=\"og:title\" content=\"Suspension Jeka Capri Abricot \u00d8 40 cm\" \/>\n<meta property=\"og:description\" content=\"Magnifique lampe pendentif vintage Jeka Metaltryk Capri dans la couleur abricot d\u2019origine. Un v\u00e9ritable attirant l\u2019\u0153il, parfait pour se fondre dans des int\u00e9rieurs modernes.\" \/>\n<meta property=\"og:url\" content=\"https:\/\/scandinavischelampen.nl\/fr\/produit\/jeka-hanglamp-capri-abrikoos-o-40-cm\/\" \/>\n<meta property=\"og:site_name\" content=\"Lampes Scandinaves\" \/>\n<meta property=\"article:publisher\" content=\"https:\/\/www.facebook.com\/scandinavischelampen\/\" \/>\n<meta property=\"article:modified_time\" content=\"2026-01-18T09:20:12+00:00\" \/>\n<meta property=\"og:image\" content=\"https:\/\/i0.wp.com\/scandinavischelampen.nl\/wp-content\/uploads\/2025\/11\/IMG_0604-kopie-scaled.jpg?fit=1920%2C2560&ssl=1\" \/>\n\t<meta property=\"og:image:width\" content=\"1920\" \/>\n\t<meta property=\"og:image:height\" content=\"2560\" \/>\n\t<meta property=\"og:image:type\" content=\"image\/jpeg\" \/>\n<meta name=\"twitter:card\" content=\"summary_large_image\" \/>\n<meta name=\"twitter:label1\" content=\"Dur\u00e9e de lecture estim\u00e9e\" \/>\n\t<meta name=\"twitter:data1\" content=\"2 minutes\" \/>\n<script type=\"application\/ld+json\" class=\"yoast-schema-graph\">{\"@context\":\"https:\\\/\\\/schema.org\",\"@graph\":[{\"@type\":\"WebPage\",\"@id\":\"https:\\\/\\\/scandinavischelampen.nl\\\/fr\\\/produit\\\/jeka-hanglamp-capri-abrikoos-o-40-cm\\\/\",\"url\":\"https:\\\/\\\/scandinavischelampen.nl\\\/fr\\\/produit\\\/jeka-hanglamp-capri-abrikoos-o-40-cm\\\/\",\"name\":\"Suspension Jeka Capri Abricot \u00d8 40 cm\",\"isPartOf\":{\"@id\":\"https:\\\/\\\/scandinavischelampen.nl\\\/fr\\\/#website\"},\"primaryImageOfPage\":{\"@id\":\"https:\\\/\\\/scandinavischelampen.nl\\\/fr\\\/produit\\\/jeka-hanglamp-capri-abrikoos-o-40-cm\\\/#primaryimage\"},\"image\":{\"@id\":\"https:\\\/\\\/scandinavischelampen.nl\\\/fr\\\/produit\\\/jeka-hanglamp-capri-abrikoos-o-40-cm\\\/#primaryimage\"},\"thumbnailUrl\":\"https:\\\/\\\/i0.wp.com\\\/scandinavischelampen.nl\\\/wp-content\\\/uploads\\\/2025\\\/11\\\/IMG_0604-kopie-scaled.jpg?fit=1920%2C2560&ssl=1\",\"datePublished\":\"2025-11-06T20:00:50+00:00\",\"dateModified\":\"2026-01-18T09:20:12+00:00\",\"description\":\"Magnifique lampe pendentif vintage Jeka Metaltryk Capri dans la couleur abricot d\u2019origine. Un v\u00e9ritable attirant l\u2019\u0153il, parfait pour se fondre dans des int\u00e9rieurs modernes.\",\"breadcrumb\":{\"@id\":\"https:\\\/\\\/scandinavischelampen.nl\\\/fr\\\/produit\\\/jeka-hanglamp-capri-abrikoos-o-40-cm\\\/#breadcrumb\"},\"inLanguage\":\"fr-FR\",\"potentialAction\":[{\"@type\":\"ReadAction\",\"target\":[\"https:\\\/\\\/scandinavischelampen.nl\\\/fr\\\/produit\\\/jeka-hanglamp-capri-abrikoos-o-40-cm\\\/\"]}]},{\"@type\":\"ImageObject\",\"inLanguage\":\"fr-FR\",\"@id\":\"https:\\\/\\\/scandinavischelampen.nl\\\/fr\\\/produit\\\/jeka-hanglamp-capri-abrikoos-o-40-cm\\\/#primaryimage\",\"url\":\"https:\\\/\\\/i0.wp.com\\\/scandinavischelampen.nl\\\/wp-content\\\/uploads\\\/2025\\\/11\\\/IMG_0604-kopie-scaled.jpg?fit=1920%2C2560&ssl=1\",\"contentUrl\":\"https:\\\/\\\/i0.wp.com\\\/scandinavischelampen.nl\\\/wp-content\\\/uploads\\\/2025\\\/11\\\/IMG_0604-kopie-scaled.jpg?fit=1920%2C2560&ssl=1\",\"width\":1920,\"height\":2560,\"caption\":\"Suspensions Jeka Capri Abricot \u00d8 40 cm (lot de 2)\"},{\"@type\":\"BreadcrumbList\",\"@id\":\"https:\\\/\\\/scandinavischelampen.nl\\\/fr\\\/produit\\\/jeka-hanglamp-capri-abrikoos-o-40-cm\\\/#breadcrumb\",\"itemListElement\":[{\"@type\":\"ListItem\",\"position\":1,\"name\":\"Home\",\"item\":\"https:\\\/\\\/scandinavischelampen.nl\\\/fr\\\/\"},{\"@type\":\"ListItem\",\"position\":2,\"name\":\"Boutique\",\"item\":\"https:\\\/\\\/scandinavischelampen.nl\\\/fr\\\/boutique\\\/\"},{\"@type\":\"ListItem\",\"position\":3,\"name\":\"Suspension Jeka Capri Abricot \u00d8 40 cm\"}]},{\"@type\":\"WebSite\",\"@id\":\"https:\\\/\\\/scandinavischelampen.nl\\\/fr\\\/#website\",\"url\":\"https:\\\/\\\/scandinavischelampen.nl\\\/fr\\\/\",\"name\":\"Scandinavische Lampen\",\"description\":\"Luminaire design vintage\",\"publisher\":{\"@id\":\"https:\\\/\\\/scandinavischelampen.nl\\\/fr\\\/#organization\"},\"potentialAction\":[{\"@type\":\"SearchAction\",\"target\":{\"@type\":\"EntryPoint\",\"urlTemplate\":\"https:\\\/\\\/scandinavischelampen.nl\\\/fr\\\/?s={search_term_string}\"},\"query-input\":{\"@type\":\"PropertyValueSpecification\",\"valueRequired\":true,\"valueName\":\"search_term_string\"}}],\"inLanguage\":\"fr-FR\"},{\"@type\":\"Organization\",\"@id\":\"https:\\\/\\\/scandinavischelampen.nl\\\/fr\\\/#organization\",\"name\":\"Scandinavische Lampen\",\"url\":\"https:\\\/\\\/scandinavischelampen.nl\\\/fr\\\/\",\"logo\":{\"@type\":\"ImageObject\",\"inLanguage\":\"fr-FR\",\"@id\":\"https:\\\/\\\/scandinavischelampen.nl\\\/fr\\\/#\\\/schema\\\/logo\\\/image\\\/\",\"url\":\"https:\\\/\\\/i0.wp.com\\\/scandinavischelampen.nl\\\/wp-content\\\/uploads\\\/2023\\\/07\\\/cropped-Scandinavische-lampen-logo-oranje-01-scaled.png?fit=4717%2C1570&ssl=1\",\"contentUrl\":\"https:\\\/\\\/i0.wp.com\\\/scandinavischelampen.nl\\\/wp-content\\\/uploads\\\/2023\\\/07\\\/cropped-Scandinavische-lampen-logo-oranje-01-scaled.png?fit=4717%2C1570&ssl=1\",\"width\":4717,\"height\":1570,\"caption\":\"Scandinavische Lampen\"},\"image\":{\"@id\":\"https:\\\/\\\/scandinavischelampen.nl\\\/fr\\\/#\\\/schema\\\/logo\\\/image\\\/\"},\"sameAs\":[\"https:\\\/\\\/www.facebook.com\\\/scandinavischelampen\\\/\",\"https:\\\/\\\/www.instagram.com\\\/scandinavische_lampen\\\/\"]}]}<\/script>\n<!-- \/ Yoast SEO plugin. -->","yoast_head_json":{"title":"Suspension Jeka Capri Abricot \u00d8 40 cm","description":"Magnifique lampe pendentif vintage Jeka Metaltryk Capri dans la couleur abricot d\u2019origine. Un v\u00e9ritable attirant l\u2019\u0153il, parfait pour se fondre dans des int\u00e9rieurs modernes.","robots":{"index":"index","follow":"follow","max-snippet":"max-snippet:-1","max-image-preview":"max-image-preview:large","max-video-preview":"max-video-preview:-1"},"canonical":"https:\/\/scandinavischelampen.nl\/fr\/produit\/jeka-hanglamp-capri-abrikoos-o-40-cm\/","og_locale":"fr_FR","og_type":"article","og_title":"Suspension Jeka Capri Abricot \u00d8 40 cm","og_description":"Magnifique lampe pendentif vintage Jeka Metaltryk Capri dans la couleur abricot d\u2019origine. Un v\u00e9ritable attirant l\u2019\u0153il, parfait pour se fondre dans des int\u00e9rieurs modernes.","og_url":"https:\/\/scandinavischelampen.nl\/fr\/produit\/jeka-hanglamp-capri-abrikoos-o-40-cm\/","og_site_name":"Lampes Scandinaves","article_publisher":"https:\/\/www.facebook.com\/scandinavischelampen\/","article_modified_time":"2026-01-18T09:20:12+00:00","og_image":[{"width":1920,"height":2560,"url":"https:\/\/i0.wp.com\/scandinavischelampen.nl\/wp-content\/uploads\/2025\/11\/IMG_0604-kopie-scaled.jpg?fit=1920%2C2560&ssl=1","type":"image\/jpeg"}],"twitter_card":"summary_large_image","twitter_misc":{"Dur\u00e9e de lecture estim\u00e9e":"2 minutes"},"schema":{"@context":"https:\/\/schema.org","@graph":[{"@type":"WebPage","@id":"https:\/\/scandinavischelampen.nl\/fr\/produit\/jeka-hanglamp-capri-abrikoos-o-40-cm\/","url":"https:\/\/scandinavischelampen.nl\/fr\/produit\/jeka-hanglamp-capri-abrikoos-o-40-cm\/","name":"Suspension Jeka Capri Abricot \u00d8 40 cm","isPartOf":{"@id":"https:\/\/scandinavischelampen.nl\/fr\/#website"},"primaryImageOfPage":{"@id":"https:\/\/scandinavischelampen.nl\/fr\/produit\/jeka-hanglamp-capri-abrikoos-o-40-cm\/#primaryimage"},"image":{"@id":"https:\/\/scandinavischelampen.nl\/fr\/produit\/jeka-hanglamp-capri-abrikoos-o-40-cm\/#primaryimage"},"thumbnailUrl":"https:\/\/i0.wp.com\/scandinavischelampen.nl\/wp-content\/uploads\/2025\/11\/IMG_0604-kopie-scaled.jpg?fit=1920%2C2560&ssl=1","datePublished":"2025-11-06T20:00:50+00:00","dateModified":"2026-01-18T09:20:12+00:00","description":"Magnifique lampe pendentif vintage Jeka Metaltryk Capri dans la couleur abricot d\u2019origine. Un v\u00e9ritable attirant l\u2019\u0153il, parfait pour se fondre dans des int\u00e9rieurs modernes.","breadcrumb":{"@id":"https:\/\/scandinavischelampen.nl\/fr\/produit\/jeka-hanglamp-capri-abrikoos-o-40-cm\/#breadcrumb"},"inLanguage":"fr-FR","potentialAction":[{"@type":"ReadAction","target":["https:\/\/scandinavischelampen.nl\/fr\/produit\/jeka-hanglamp-capri-abrikoos-o-40-cm\/"]}]},{"@type":"ImageObject","inLanguage":"fr-FR","@id":"https:\/\/scandinavischelampen.nl\/fr\/produit\/jeka-hanglamp-capri-abrikoos-o-40-cm\/#primaryimage","url":"https:\/\/i0.wp.com\/scandinavischelampen.nl\/wp-content\/uploads\/2025\/11\/IMG_0604-kopie-scaled.jpg?fit=1920%2C2560&ssl=1","contentUrl":"https:\/\/i0.wp.com\/scandinavischelampen.nl\/wp-content\/uploads\/2025\/11\/IMG_0604-kopie-scaled.jpg?fit=1920%2C2560&ssl=1","width":1920,"height":2560,"caption":"Suspensions Jeka Capri Abricot \u00d8 40 cm (lot de 2)"},{"@type":"BreadcrumbList","@id":"https:\/\/scandinavischelampen.nl\/fr\/produit\/jeka-hanglamp-capri-abrikoos-o-40-cm\/#breadcrumb","itemListElement":[{"@type":"ListItem","position":1,"name":"Home","item":"https:\/\/scandinavischelampen.nl\/fr\/"},{"@type":"ListItem","position":2,"name":"Boutique","item":"https:\/\/scandinavischelampen.nl\/fr\/boutique\/"},{"@type":"ListItem","position":3,"name":"Suspension Jeka Capri Abricot \u00d8 40 cm"}]},{"@type":"WebSite","@id":"https:\/\/scandinavischelampen.nl\/fr\/#website","url":"https:\/\/scandinavischelampen.nl\/fr\/","name":"Scandinavische Lampen","description":"Luminaire design vintage","publisher":{"@id":"https:\/\/scandinavischelampen.nl\/fr\/#organization"},"potentialAction":[{"@type":"SearchAction","target":{"@type":"EntryPoint","urlTemplate":"https:\/\/scandinavischelampen.nl\/fr\/?s={search_term_string}"},"query-input":{"@type":"PropertyValueSpecification","valueRequired":true,"valueName":"search_term_string"}}],"inLanguage":"fr-FR"},{"@type":"Organization","@id":"https:\/\/scandinavischelampen.nl\/fr\/#organization","name":"Scandinavische Lampen","url":"https:\/\/scandinavischelampen.nl\/fr\/","logo":{"@type":"ImageObject","inLanguage":"fr-FR","@id":"https:\/\/scandinavischelampen.nl\/fr\/#\/schema\/logo\/image\/","url":"https:\/\/i0.wp.com\/scandinavischelampen.nl\/wp-content\/uploads\/2023\/07\/cropped-Scandinavische-lampen-logo-oranje-01-scaled.png?fit=4717%2C1570&ssl=1","contentUrl":"https:\/\/i0.wp.com\/scandinavischelampen.nl\/wp-content\/uploads\/2023\/07\/cropped-Scandinavische-lampen-logo-oranje-01-scaled.png?fit=4717%2C1570&ssl=1","width":4717,"height":1570,"caption":"Scandinavische Lampen"},"image":{"@id":"https:\/\/scandinavischelampen.nl\/fr\/#\/schema\/logo\/image\/"},"sameAs":["https:\/\/www.facebook.com\/scandinavischelampen\/","https:\/\/www.instagram.com\/scandinavische_lampen\/"]}]}},"uagb_featured_image_src":{"full":["https:\/\/i0.wp.com\/scandinavischelampen.nl\/wp-content\/uploads\/2025\/11\/IMG_0604-kopie-scaled.jpg?fit=1920%2C2560&ssl=1",1920,2560,false],"thumbnail":["https:\/\/i0.wp.com\/scandinavischelampen.nl\/wp-content\/uploads\/2025\/11\/IMG_0604-kopie-scaled.jpg?resize=150%2C150&ssl=1",150,150,true],"medium":["https:\/\/i0.wp.com\/scandinavischelampen.nl\/wp-content\/uploads\/2025\/11\/IMG_0604-kopie-scaled.jpg?fit=225%2C300&ssl=1",225,300,true],"medium_large":["https:\/\/i0.wp.com\/scandinavischelampen.nl\/wp-content\/uploads\/2025\/11\/IMG_0604-kopie-scaled.jpg?fit=768%2C1024&ssl=1",768,1024,true],"large":["https:\/\/i0.wp.com\/scandinavischelampen.nl\/wp-content\/uploads\/2025\/11\/IMG_0604-kopie-scaled.jpg?fit=768%2C1024&ssl=1",768,1024,true],"1536x1536":["https:\/\/i0.wp.com\/scandinavischelampen.nl\/wp-content\/uploads\/2025\/11\/IMG_0604-kopie-scaled.jpg?fit=1152%2C1536&ssl=1",1152,1536,true],"2048x2048":["https:\/\/i0.wp.com\/scandinavischelampen.nl\/wp-content\/uploads\/2025\/11\/IMG_0604-kopie-scaled.jpg?fit=1536%2C2048&ssl=1",1536,2048,true],"woocommerce_thumbnail":["https:\/\/i0.wp.com\/scandinavischelampen.nl\/wp-content\/uploads\/2025\/11\/IMG_0604-kopie-scaled.jpg?resize=300%2C300&ssl=1",300,300,true],"woocommerce_single":["https:\/\/i0.wp.com\/scandinavischelampen.nl\/wp-content\/uploads\/2025\/11\/IMG_0604-kopie-scaled.jpg?fit=600%2C800&ssl=1",600,800,true],"woocommerce_gallery_thumbnail":["https:\/\/i0.wp.com\/scandinavischelampen.nl\/wp-content\/uploads\/2025\/11\/IMG_0604-kopie-scaled.jpg?resize=100%2C100&ssl=1",100,100,true],"thaps-thumb-img":["https:\/\/i0.wp.com\/scandinavischelampen.nl\/wp-content\/uploads\/2025\/11\/IMG_0604-kopie-scaled.jpg?resize=48%2C64&ssl=1",48,64,true]},"uagb_author_info":{"display_name":"administrator","author_link":"https:\/\/scandinavischelampen.nl\/fr\/author\/"},"uagb_comment_info":0,"uagb_excerpt":"\u221a Livraison gratuite en Europe d\u00e8s 350 \u20ac \u221a Command\u00e9 avant 16h00? G\u00e9n\u00e9ralement exp\u00e9di\u00e9 le m\u00eame jour \u221a 14 jours de r\u00e9flexion \u221a Convient pour les LED Hauteur : 20cm Diam\u00e8tre : 40 cm","jetpack_sharing_enabled":true,"_links":{"self":[{"href":"https:\/\/scandinavischelampen.nl\/fr\/wp-json\/wp\/v2\/product\/60999","targetHints":{"allow":["GET"]}}],"collection":[{"href":"https:\/\/scandinavischelampen.nl\/fr\/wp-json\/wp\/v2\/product"}],"about":[{"href":"https:\/\/scandinavischelampen.nl\/fr\/wp-json\/wp\/v2\/types\/product"}],"wp:featuredmedia":[{"embeddable":true,"href":"https:\/\/scandinavischelampen.nl\/fr\/wp-json\/wp\/v2\/media\/61010"}],"wp:attachment":[{"href":"https:\/\/scandinavischelampen.nl\/fr\/wp-json\/wp\/v2\/media?parent=60999"}],"wp:term":[{"taxonomy":"product_brand","embeddable":true,"href":"https:\/\/scandinavischelampen.nl\/fr\/wp-json\/wp\/v2\/product_brand?post=60999"},{"taxonomy":"product_cat","embeddable":true,"href":"https:\/\/scandinavischelampen.nl\/fr\/wp-json\/wp\/v2\/product_cat?post=60999"},{"taxonomy":"product_tag","embeddable":true,"href":"https:\/\/scandinavischelampen.nl\/fr\/wp-json\/wp\/v2\/product_tag?post=60999"}],"curies":[{"name":"wp","href":"https:\/\/api.w.org\/{rel}","templated":true}]}}