{"id":60654,"date":"2025-10-30T15:40:16","date_gmt":"2025-10-30T14:40:16","guid":{"rendered":"https:\/\/scandinavischelampen.nl\/?post_type=product&#038;p=60654"},"modified":"2025-10-30T15:54:47","modified_gmt":"2025-10-30T14:54:47","slug":"lyfa-semi-pendant-mosgroen","status":"publish","type":"product","link":"https:\/\/scandinavischelampen.nl\/fr\/produit\/lyfa-semi-pendant-mosgroen\/","title":{"rendered":"Lyfa Semi Suspension \u2013 Vert mousse"},"content":{"rendered":"<section><\/section>\n<section><\/section>\n<p data-start=\"125\" data-end=\"434\"><strong data-start=\"125\" data-end=\"175\">Semi pendentif Lyfa \u2013 Vert Mousse <\/strong><br data-start=\"175\" data-end=\"178\">Faites entrer les classiques du design danois dans votre maison avec cette suspension Lyfa Semi, con\u00e7ue \u00e0 l\u2019origine en 1968 par Claus Bonderup et Torsten Thorup. Cette lampe n\u2019est pas seulement un \u00e9clairage ; c\u2019est une d\u00e9claration subtile du minimalisme scandinave et de l\u2019histoire du design. <\/p>\n<p data-start=\"436\" data-end=\"895\">Le Semi se caract\u00e9rise par sa forme g\u00e9om\u00e9trique unique : un cercle qui se termine par une pointe \u00e9l\u00e9gante, r\u00e9alis\u00e9 en aluminium fil\u00e9 \u00e0 la main. Cette forme offre non seulement un design visuellement frappant, mais \u00e9galement une distribution lumineuse fonctionnelle. La lumi\u00e8re est dirig\u00e9e vers le bas de mani\u00e8re douce et conique, cr\u00e9ant un \u00e9clairage chaleureux et atmosph\u00e9rique \u2014 id\u00e9al au-dessus d&rsquo;une table \u00e0 manger, d&rsquo;un bar de cuisine ou dans un coin salon.  <\/p>\n<p data-start=\"897\" data-end=\"1254\">De lamp is recent professioneel opnieuw gepoedercoat in een moderne mosgroene kleur, wat het een frisse, eigentijdse uitstraling geeft, zonder af te doen aan het originele karakter. Deze diepe, natuurlijke tint maakt de lamp veelzijdig en gemakkelijk te combineren met diverse interieurstijlen, van Scandinavisch tot Japans minimalisme of warm modern. <\/p>\n<p data-start=\"1256\" data-end=\"1605\"><strong data-start=\"1256\" data-end=\"1268\">Condition<\/strong><br data-start=\"1268\" data-end=\"1271\">Cette lampe est originale et date d\u2019il y a environ 40 ans. Il est en bon \u00e9tat vintage avec de l\u00e9gers signes d\u2019usure, proportionnels \u00e0 son \u00e2ge. Vous pouvez penser \u00e0 une l\u00e9g\u00e8re flexion du bord et \u00e0 deux petites bosses. Gr\u00e2ce au nouveau rev\u00eatement en poudre, la lampe a un look frais et est pr\u00eate pour des ann\u00e9es d\u2019utilisation.   <\/p>\n<p data-start=\"1607\" data-end=\"1704\">Une merveilleuse occasion d\u2019apporter un classique du design authentique dans votre maison, avec une touche de modernit\u00e9.<\/p>\n<p data-start=\"1706\" data-end=\"1743\"><strong data-start=\"1706\" data-end=\"1741\">Sp\u00e9cifications Lyfa Semi Pendant<\/strong><\/p>\n<ul style=\"font-weight: 400;\">\n<li>Hauteur : 25cm<\/li>\n<li>Diam\u00e8tre : 47 cm<\/li>\n<li>Hauteur totale avec cordon 220 cm (r\u00e9glable lors de l\u2019installation)<\/li>\n<li>Mat\u00e9riau : aluminium<\/li>\n<li>Couleur du cordon : Blanc<\/li>\n<li>Puissance maximale : 60W<\/li>\n<li>Culot: E27<\/li>\n<li>Convient aux lampes LED<\/li>\n<li>Poids : 2,5 kg<\/li>\n<\/ul>\n<h2 style=\"font-weight: 400;\"><strong>\u00c0 propos de Lyfa<\/strong><\/h2>\n<p style=\"font-weight: 400;\">Lyfa a produit de l&rsquo;\u00e9clairage de mani\u00e8re ind\u00e9pendante jusqu&rsquo;\u00e0 la fin des ann\u00e9es 1970. \u00c0 la fin des ann\u00e9es 1970, Fog &amp; Morup a fusionn\u00e9 avec Lyfa. Et quelques ann\u00e9es apr\u00e8s le d\u00e9part \u00e0 la retraite de Jo Hammerborg en 1980, Lyfa-Fog &amp; Morup est repris par Lyskaer. Lyskaer-Lyfa a exist\u00e9 jusqu&rsquo;en 1991, date \u00e0 laquelle elle a \u00e9t\u00e9 reprise par Horn Belysning (Lightyears). <a href=\"https:\/\/scandinavischelampen.nl\/product-categorie\/merken\/lyfa\/\">D\u00e9couvrez notre collection compl\u00e8te de lampes suspendues Lyfa ici.<\/a><\/p>\n<p>&nbsp;<\/p>\n","protected":false},"excerpt":{"rendered":"<p class=\"tw-data-text tw-text-large XcVN5d tw-ta\" dir=\"ltr\" data-placeholder=\"Vertaling\"><strong><span style=\"color: #00ff00;\">\u221a<\/span> <span style=\"color: #ff6600;\">Livraison gratuite en Europe d\u00e8s 350 \u20ac<\/span><br \/>\n<\/strong><strong><span style=\"color: #00ff00;\">\u221a<\/span> Command\u00e9 avant <span style=\"color: #ff6600;\">16h00<\/span>? G\u00e9n\u00e9ralement exp\u00e9di\u00e9 le m\u00eame jour<br \/>\n<\/strong><strong><span style=\"color: #00ff00;\">\u221a<\/span> <span style=\"color: #ff6600;\">14 jours<\/span> de r\u00e9flexion<br \/>\n<\/strong><strong><span style=\"color: #00ff00;\">\u221a<\/span> Convient pour les <span style=\"color: #ff6600;\">LED<\/span><\/strong><\/p>\n<ul style=\"font-weight: 400;\">\n<li><strong>Hauteur : 25cm<\/strong><\/li>\n<li><strong>Diam\u00e8tre : 47 cm<\/strong><\/li>\n<\/ul>\n","protected":false},"featured_media":60661,"template":"","meta":{"_uag_custom_page_level_css":"","site-sidebar-layout":"default","site-content-layout":"default","ast-site-content-layout":"default","site-content-style":"default","site-sidebar-style":"default","ast-global-header-display":"","ast-banner-title-visibility":"","ast-main-header-display":"","ast-hfb-above-header-display":"","ast-hfb-below-header-display":"","ast-hfb-mobile-header-display":"","site-post-title":"","ast-breadcrumbs-content":"","ast-featured-img":"","footer-sml-layout":"","ast-disable-related-posts":"","theme-transparent-header-meta":"default","adv-header-id-meta":"","stick-header-meta":"","header-above-stick-meta":"","header-main-stick-meta":"","header-below-stick-meta":"","astra-migrate-meta-layouts":"set","ast-page-background-enabled":"default","ast-page-background-meta":{"desktop":{"background-color":"var(--ast-global-color-4)","background-image":"","background-repeat":"repeat","background-position":"center center","background-size":"auto","background-attachment":"scroll","background-type":"","background-media":"","overlay-type":"","overlay-color":"","overlay-opacity":"","overlay-gradient":""},"tablet":{"background-color":"","background-image":"","background-repeat":"repeat","background-position":"center center","background-size":"auto","background-attachment":"scroll","background-type":"","background-media":"","overlay-type":"","overlay-color":"","overlay-opacity":"","overlay-gradient":""},"mobile":{"background-color":"","background-image":"","background-repeat":"repeat","background-position":"center center","background-size":"auto","background-attachment":"scroll","background-type":"","background-media":"","overlay-type":"","overlay-color":"","overlay-opacity":"","overlay-gradient":""}},"ast-content-background-meta":{"desktop":{"background-color":"var(--ast-global-color-5)","background-image":"","background-repeat":"repeat","background-position":"center center","background-size":"auto","background-attachment":"scroll","background-type":"","background-media":"","overlay-type":"","overlay-color":"","overlay-opacity":"","overlay-gradient":""},"tablet":{"background-color":"var(--ast-global-color-5)","background-image":"","background-repeat":"repeat","background-position":"center center","background-size":"auto","background-attachment":"scroll","background-type":"","background-media":"","overlay-type":"","overlay-color":"","overlay-opacity":"","overlay-gradient":""},"mobile":{"background-color":"var(--ast-global-color-5)","background-image":"","background-repeat":"repeat","background-position":"center center","background-size":"auto","background-attachment":"scroll","background-type":"","background-media":"","overlay-type":"","overlay-color":"","overlay-opacity":"","overlay-gradient":""}}},"product_brand":[],"product_cat":[459,337,338,408,333,335,604],"product_tag":[341],"class_list":{"0":"post-60654","1":"product","2":"type-product","3":"status-publish","4":"has-post-thumbnail","6":"product_cat-collection-de-couleurs","7":"product_cat-eclairage-de-la-chambre","8":"product_cat-eclairage-du-salon","9":"product_cat-fog-morup-fr","10":"product_cat-suspensions-scandinaves","11":"product_cat-suspensions-pour-table-a-manger","12":"product_cat-voir-notre-collection-complete","13":"product_tag-vert","14":"desktop-align-center","15":"tablet-align-left","16":"mobile-align-left","18":"first","19":"instock","20":"taxable","21":"shipping-taxable","22":"purchasable","23":"product-type-simple"},"yoast_head":"<!-- This site is optimized with the Yoast SEO plugin v27.4 - https:\/\/yoast.com\/product\/yoast-seo-wordpress\/ -->\n<title>Lyfa Semi Suspension \u2013 Vert mousse - Lampes Scandinaves%.<\/title>\n<meta name=\"description\" content=\"Magnifique pendentif Lyfa Semi de couleur vert mousse. Le design unique et intemporel de la suspension Semi est extr\u00eamement polyvalent.\" \/>\n<meta name=\"robots\" content=\"index, follow, max-snippet:-1, max-image-preview:large, max-video-preview:-1\" \/>\n<link rel=\"canonical\" href=\"https:\/\/scandinavischelampen.nl\/fr\/produit\/lyfa-semi-pendant-mosgroen\/\" \/>\n<meta property=\"og:locale\" content=\"fr_FR\" \/>\n<meta property=\"og:type\" content=\"article\" \/>\n<meta property=\"og:title\" content=\"Lyfa Semi Suspension \u2013 Vert mousse - Lampes Scandinaves%.\" \/>\n<meta property=\"og:description\" content=\"Magnifique pendentif Lyfa Semi de couleur vert mousse. Le design unique et intemporel de la suspension Semi est extr\u00eamement polyvalent.\" \/>\n<meta property=\"og:url\" content=\"https:\/\/scandinavischelampen.nl\/fr\/produit\/lyfa-semi-pendant-mosgroen\/\" \/>\n<meta property=\"og:site_name\" content=\"Lampes Scandinaves\" \/>\n<meta property=\"article:publisher\" content=\"https:\/\/www.facebook.com\/scandinavischelampen\/\" \/>\n<meta property=\"article:modified_time\" content=\"2025-10-30T14:54:47+00:00\" \/>\n<meta property=\"og:image\" content=\"https:\/\/i0.wp.com\/scandinavischelampen.nl\/wp-content\/uploads\/2025\/10\/IMG_0445-kopie-scaled.jpg?fit=1920%2C2560&ssl=1\" \/>\n\t<meta property=\"og:image:width\" content=\"1920\" \/>\n\t<meta property=\"og:image:height\" content=\"2560\" \/>\n\t<meta property=\"og:image:type\" content=\"image\/jpeg\" \/>\n<meta name=\"twitter:card\" content=\"summary_large_image\" \/>\n<meta name=\"twitter:label1\" content=\"Dur\u00e9e de lecture estim\u00e9e\" \/>\n\t<meta name=\"twitter:data1\" content=\"2 minutes\" \/>\n<script type=\"application\/ld+json\" class=\"yoast-schema-graph\">{\"@context\":\"https:\\\/\\\/schema.org\",\"@graph\":[{\"@type\":\"WebPage\",\"@id\":\"https:\\\/\\\/scandinavischelampen.nl\\\/fr\\\/produit\\\/lyfa-semi-pendant-mosgroen\\\/\",\"url\":\"https:\\\/\\\/scandinavischelampen.nl\\\/fr\\\/produit\\\/lyfa-semi-pendant-mosgroen\\\/\",\"name\":\"Lyfa Semi Suspension \u2013 Vert mousse - Lampes Scandinaves%.\",\"isPartOf\":{\"@id\":\"https:\\\/\\\/scandinavischelampen.nl\\\/fr\\\/#website\"},\"primaryImageOfPage\":{\"@id\":\"https:\\\/\\\/scandinavischelampen.nl\\\/fr\\\/produit\\\/lyfa-semi-pendant-mosgroen\\\/#primaryimage\"},\"image\":{\"@id\":\"https:\\\/\\\/scandinavischelampen.nl\\\/fr\\\/produit\\\/lyfa-semi-pendant-mosgroen\\\/#primaryimage\"},\"thumbnailUrl\":\"https:\\\/\\\/i0.wp.com\\\/scandinavischelampen.nl\\\/wp-content\\\/uploads\\\/2025\\\/10\\\/IMG_0445-kopie-scaled.jpg?fit=1920%2C2560&ssl=1\",\"datePublished\":\"2025-10-30T14:40:16+00:00\",\"dateModified\":\"2025-10-30T14:54:47+00:00\",\"description\":\"Magnifique pendentif Lyfa Semi de couleur vert mousse. Le design unique et intemporel de la suspension Semi est extr\u00eamement polyvalent.\",\"breadcrumb\":{\"@id\":\"https:\\\/\\\/scandinavischelampen.nl\\\/fr\\\/produit\\\/lyfa-semi-pendant-mosgroen\\\/#breadcrumb\"},\"inLanguage\":\"fr-FR\",\"potentialAction\":[{\"@type\":\"ReadAction\",\"target\":[\"https:\\\/\\\/scandinavischelampen.nl\\\/fr\\\/produit\\\/lyfa-semi-pendant-mosgroen\\\/\"]}]},{\"@type\":\"ImageObject\",\"inLanguage\":\"fr-FR\",\"@id\":\"https:\\\/\\\/scandinavischelampen.nl\\\/fr\\\/produit\\\/lyfa-semi-pendant-mosgroen\\\/#primaryimage\",\"url\":\"https:\\\/\\\/i0.wp.com\\\/scandinavischelampen.nl\\\/wp-content\\\/uploads\\\/2025\\\/10\\\/IMG_0445-kopie-scaled.jpg?fit=1920%2C2560&ssl=1\",\"contentUrl\":\"https:\\\/\\\/i0.wp.com\\\/scandinavischelampen.nl\\\/wp-content\\\/uploads\\\/2025\\\/10\\\/IMG_0445-kopie-scaled.jpg?fit=1920%2C2560&ssl=1\",\"width\":1920,\"height\":2560,\"caption\":\"Semi pendentif Lyfa \u2013 Vert Mousse\"},{\"@type\":\"BreadcrumbList\",\"@id\":\"https:\\\/\\\/scandinavischelampen.nl\\\/fr\\\/produit\\\/lyfa-semi-pendant-mosgroen\\\/#breadcrumb\",\"itemListElement\":[{\"@type\":\"ListItem\",\"position\":1,\"name\":\"Home\",\"item\":\"https:\\\/\\\/scandinavischelampen.nl\\\/fr\\\/\"},{\"@type\":\"ListItem\",\"position\":2,\"name\":\"Boutique\",\"item\":\"https:\\\/\\\/scandinavischelampen.nl\\\/fr\\\/boutique\\\/\"},{\"@type\":\"ListItem\",\"position\":3,\"name\":\"Lyfa Semi Suspension \u2013 Vert mousse\"}]},{\"@type\":\"WebSite\",\"@id\":\"https:\\\/\\\/scandinavischelampen.nl\\\/fr\\\/#website\",\"url\":\"https:\\\/\\\/scandinavischelampen.nl\\\/fr\\\/\",\"name\":\"Scandinavische Lampen\",\"description\":\"Luminaire design vintage\",\"publisher\":{\"@id\":\"https:\\\/\\\/scandinavischelampen.nl\\\/fr\\\/#organization\"},\"potentialAction\":[{\"@type\":\"SearchAction\",\"target\":{\"@type\":\"EntryPoint\",\"urlTemplate\":\"https:\\\/\\\/scandinavischelampen.nl\\\/fr\\\/?s={search_term_string}\"},\"query-input\":{\"@type\":\"PropertyValueSpecification\",\"valueRequired\":true,\"valueName\":\"search_term_string\"}}],\"inLanguage\":\"fr-FR\"},{\"@type\":\"Organization\",\"@id\":\"https:\\\/\\\/scandinavischelampen.nl\\\/fr\\\/#organization\",\"name\":\"Scandinavische Lampen\",\"url\":\"https:\\\/\\\/scandinavischelampen.nl\\\/fr\\\/\",\"logo\":{\"@type\":\"ImageObject\",\"inLanguage\":\"fr-FR\",\"@id\":\"https:\\\/\\\/scandinavischelampen.nl\\\/fr\\\/#\\\/schema\\\/logo\\\/image\\\/\",\"url\":\"https:\\\/\\\/i0.wp.com\\\/scandinavischelampen.nl\\\/wp-content\\\/uploads\\\/2023\\\/07\\\/cropped-Scandinavische-lampen-logo-oranje-01-scaled.png?fit=4717%2C1570&ssl=1\",\"contentUrl\":\"https:\\\/\\\/i0.wp.com\\\/scandinavischelampen.nl\\\/wp-content\\\/uploads\\\/2023\\\/07\\\/cropped-Scandinavische-lampen-logo-oranje-01-scaled.png?fit=4717%2C1570&ssl=1\",\"width\":4717,\"height\":1570,\"caption\":\"Scandinavische Lampen\"},\"image\":{\"@id\":\"https:\\\/\\\/scandinavischelampen.nl\\\/fr\\\/#\\\/schema\\\/logo\\\/image\\\/\"},\"sameAs\":[\"https:\\\/\\\/www.facebook.com\\\/scandinavischelampen\\\/\",\"https:\\\/\\\/www.instagram.com\\\/scandinavische_lampen\\\/\"]}]}<\/script>\n<!-- \/ Yoast SEO plugin. -->","yoast_head_json":{"title":"Lyfa Semi Suspension \u2013 Vert mousse - Lampes Scandinaves%.","description":"Magnifique pendentif Lyfa Semi de couleur vert mousse. Le design unique et intemporel de la suspension Semi est extr\u00eamement polyvalent.","robots":{"index":"index","follow":"follow","max-snippet":"max-snippet:-1","max-image-preview":"max-image-preview:large","max-video-preview":"max-video-preview:-1"},"canonical":"https:\/\/scandinavischelampen.nl\/fr\/produit\/lyfa-semi-pendant-mosgroen\/","og_locale":"fr_FR","og_type":"article","og_title":"Lyfa Semi Suspension \u2013 Vert mousse - Lampes Scandinaves%.","og_description":"Magnifique pendentif Lyfa Semi de couleur vert mousse. Le design unique et intemporel de la suspension Semi est extr\u00eamement polyvalent.","og_url":"https:\/\/scandinavischelampen.nl\/fr\/produit\/lyfa-semi-pendant-mosgroen\/","og_site_name":"Lampes Scandinaves","article_publisher":"https:\/\/www.facebook.com\/scandinavischelampen\/","article_modified_time":"2025-10-30T14:54:47+00:00","og_image":[{"width":1920,"height":2560,"url":"https:\/\/i0.wp.com\/scandinavischelampen.nl\/wp-content\/uploads\/2025\/10\/IMG_0445-kopie-scaled.jpg?fit=1920%2C2560&ssl=1","type":"image\/jpeg"}],"twitter_card":"summary_large_image","twitter_misc":{"Dur\u00e9e de lecture estim\u00e9e":"2 minutes"},"schema":{"@context":"https:\/\/schema.org","@graph":[{"@type":"WebPage","@id":"https:\/\/scandinavischelampen.nl\/fr\/produit\/lyfa-semi-pendant-mosgroen\/","url":"https:\/\/scandinavischelampen.nl\/fr\/produit\/lyfa-semi-pendant-mosgroen\/","name":"Lyfa Semi Suspension \u2013 Vert mousse - Lampes Scandinaves%.","isPartOf":{"@id":"https:\/\/scandinavischelampen.nl\/fr\/#website"},"primaryImageOfPage":{"@id":"https:\/\/scandinavischelampen.nl\/fr\/produit\/lyfa-semi-pendant-mosgroen\/#primaryimage"},"image":{"@id":"https:\/\/scandinavischelampen.nl\/fr\/produit\/lyfa-semi-pendant-mosgroen\/#primaryimage"},"thumbnailUrl":"https:\/\/i0.wp.com\/scandinavischelampen.nl\/wp-content\/uploads\/2025\/10\/IMG_0445-kopie-scaled.jpg?fit=1920%2C2560&ssl=1","datePublished":"2025-10-30T14:40:16+00:00","dateModified":"2025-10-30T14:54:47+00:00","description":"Magnifique pendentif Lyfa Semi de couleur vert mousse. Le design unique et intemporel de la suspension Semi est extr\u00eamement polyvalent.","breadcrumb":{"@id":"https:\/\/scandinavischelampen.nl\/fr\/produit\/lyfa-semi-pendant-mosgroen\/#breadcrumb"},"inLanguage":"fr-FR","potentialAction":[{"@type":"ReadAction","target":["https:\/\/scandinavischelampen.nl\/fr\/produit\/lyfa-semi-pendant-mosgroen\/"]}]},{"@type":"ImageObject","inLanguage":"fr-FR","@id":"https:\/\/scandinavischelampen.nl\/fr\/produit\/lyfa-semi-pendant-mosgroen\/#primaryimage","url":"https:\/\/i0.wp.com\/scandinavischelampen.nl\/wp-content\/uploads\/2025\/10\/IMG_0445-kopie-scaled.jpg?fit=1920%2C2560&ssl=1","contentUrl":"https:\/\/i0.wp.com\/scandinavischelampen.nl\/wp-content\/uploads\/2025\/10\/IMG_0445-kopie-scaled.jpg?fit=1920%2C2560&ssl=1","width":1920,"height":2560,"caption":"Semi pendentif Lyfa \u2013 Vert Mousse"},{"@type":"BreadcrumbList","@id":"https:\/\/scandinavischelampen.nl\/fr\/produit\/lyfa-semi-pendant-mosgroen\/#breadcrumb","itemListElement":[{"@type":"ListItem","position":1,"name":"Home","item":"https:\/\/scandinavischelampen.nl\/fr\/"},{"@type":"ListItem","position":2,"name":"Boutique","item":"https:\/\/scandinavischelampen.nl\/fr\/boutique\/"},{"@type":"ListItem","position":3,"name":"Lyfa Semi Suspension \u2013 Vert mousse"}]},{"@type":"WebSite","@id":"https:\/\/scandinavischelampen.nl\/fr\/#website","url":"https:\/\/scandinavischelampen.nl\/fr\/","name":"Scandinavische Lampen","description":"Luminaire design vintage","publisher":{"@id":"https:\/\/scandinavischelampen.nl\/fr\/#organization"},"potentialAction":[{"@type":"SearchAction","target":{"@type":"EntryPoint","urlTemplate":"https:\/\/scandinavischelampen.nl\/fr\/?s={search_term_string}"},"query-input":{"@type":"PropertyValueSpecification","valueRequired":true,"valueName":"search_term_string"}}],"inLanguage":"fr-FR"},{"@type":"Organization","@id":"https:\/\/scandinavischelampen.nl\/fr\/#organization","name":"Scandinavische Lampen","url":"https:\/\/scandinavischelampen.nl\/fr\/","logo":{"@type":"ImageObject","inLanguage":"fr-FR","@id":"https:\/\/scandinavischelampen.nl\/fr\/#\/schema\/logo\/image\/","url":"https:\/\/i0.wp.com\/scandinavischelampen.nl\/wp-content\/uploads\/2023\/07\/cropped-Scandinavische-lampen-logo-oranje-01-scaled.png?fit=4717%2C1570&ssl=1","contentUrl":"https:\/\/i0.wp.com\/scandinavischelampen.nl\/wp-content\/uploads\/2023\/07\/cropped-Scandinavische-lampen-logo-oranje-01-scaled.png?fit=4717%2C1570&ssl=1","width":4717,"height":1570,"caption":"Scandinavische Lampen"},"image":{"@id":"https:\/\/scandinavischelampen.nl\/fr\/#\/schema\/logo\/image\/"},"sameAs":["https:\/\/www.facebook.com\/scandinavischelampen\/","https:\/\/www.instagram.com\/scandinavische_lampen\/"]}]}},"uagb_featured_image_src":{"full":["https:\/\/i0.wp.com\/scandinavischelampen.nl\/wp-content\/uploads\/2025\/10\/IMG_0445-kopie-scaled.jpg?fit=1920%2C2560&ssl=1",1920,2560,false],"thumbnail":["https:\/\/i0.wp.com\/scandinavischelampen.nl\/wp-content\/uploads\/2025\/10\/IMG_0445-kopie-scaled.jpg?resize=150%2C150&ssl=1",150,150,true],"medium":["https:\/\/i0.wp.com\/scandinavischelampen.nl\/wp-content\/uploads\/2025\/10\/IMG_0445-kopie-scaled.jpg?fit=225%2C300&ssl=1",225,300,true],"medium_large":["https:\/\/i0.wp.com\/scandinavischelampen.nl\/wp-content\/uploads\/2025\/10\/IMG_0445-kopie-scaled.jpg?fit=768%2C1024&ssl=1",768,1024,true],"large":["https:\/\/i0.wp.com\/scandinavischelampen.nl\/wp-content\/uploads\/2025\/10\/IMG_0445-kopie-scaled.jpg?fit=768%2C1024&ssl=1",768,1024,true],"1536x1536":["https:\/\/i0.wp.com\/scandinavischelampen.nl\/wp-content\/uploads\/2025\/10\/IMG_0445-kopie-scaled.jpg?fit=1152%2C1536&ssl=1",1152,1536,true],"2048x2048":["https:\/\/i0.wp.com\/scandinavischelampen.nl\/wp-content\/uploads\/2025\/10\/IMG_0445-kopie-scaled.jpg?fit=1536%2C2048&ssl=1",1536,2048,true],"woocommerce_thumbnail":["https:\/\/i0.wp.com\/scandinavischelampen.nl\/wp-content\/uploads\/2025\/10\/IMG_0445-kopie-scaled.jpg?resize=300%2C300&ssl=1",300,300,true],"woocommerce_single":["https:\/\/i0.wp.com\/scandinavischelampen.nl\/wp-content\/uploads\/2025\/10\/IMG_0445-kopie-scaled.jpg?fit=600%2C800&ssl=1",600,800,true],"woocommerce_gallery_thumbnail":["https:\/\/i0.wp.com\/scandinavischelampen.nl\/wp-content\/uploads\/2025\/10\/IMG_0445-kopie-scaled.jpg?resize=100%2C100&ssl=1",100,100,true],"thaps-thumb-img":["https:\/\/i0.wp.com\/scandinavischelampen.nl\/wp-content\/uploads\/2025\/10\/IMG_0445-kopie-scaled.jpg?resize=48%2C64&ssl=1",48,64,true]},"uagb_author_info":{"display_name":"administrator","author_link":"https:\/\/scandinavischelampen.nl\/fr\/author\/"},"uagb_comment_info":0,"uagb_excerpt":"\u221a Livraison gratuite en Europe d\u00e8s 350 \u20ac \u221a Command\u00e9 avant 16h00? G\u00e9n\u00e9ralement exp\u00e9di\u00e9 le m\u00eame jour \u221a 14 jours de r\u00e9flexion \u221a Convient pour les LED Hauteur : 25cm Diam\u00e8tre : 47 cm","jetpack_sharing_enabled":true,"_links":{"self":[{"href":"https:\/\/scandinavischelampen.nl\/fr\/wp-json\/wp\/v2\/product\/60654","targetHints":{"allow":["GET"]}}],"collection":[{"href":"https:\/\/scandinavischelampen.nl\/fr\/wp-json\/wp\/v2\/product"}],"about":[{"href":"https:\/\/scandinavischelampen.nl\/fr\/wp-json\/wp\/v2\/types\/product"}],"wp:featuredmedia":[{"embeddable":true,"href":"https:\/\/scandinavischelampen.nl\/fr\/wp-json\/wp\/v2\/media\/60661"}],"wp:attachment":[{"href":"https:\/\/scandinavischelampen.nl\/fr\/wp-json\/wp\/v2\/media?parent=60654"}],"wp:term":[{"taxonomy":"product_brand","embeddable":true,"href":"https:\/\/scandinavischelampen.nl\/fr\/wp-json\/wp\/v2\/product_brand?post=60654"},{"taxonomy":"product_cat","embeddable":true,"href":"https:\/\/scandinavischelampen.nl\/fr\/wp-json\/wp\/v2\/product_cat?post=60654"},{"taxonomy":"product_tag","embeddable":true,"href":"https:\/\/scandinavischelampen.nl\/fr\/wp-json\/wp\/v2\/product_tag?post=60654"}],"curies":[{"name":"wp","href":"https:\/\/api.w.org\/{rel}","templated":true}]}}