{"id":58550,"date":"2025-07-11T13:12:46","date_gmt":"2025-07-11T11:12:46","guid":{"rendered":"https:\/\/scandinavischelampen.nl\/?post_type=product&#038;p=58550"},"modified":"2025-11-04T20:32:50","modified_gmt":"2025-11-04T19:32:50","slug":"jeka-hanglamp-1012-h-groen","status":"publish","type":"product","link":"https:\/\/scandinavischelampen.nl\/fr\/produit\/jeka-hanglamp-1012-h-groen\/","title":{"rendered":"Lampe \u00e0 suspension Jeka 1012-H Vert"},"content":{"rendered":"<h2><strong>Vous recherchez l&rsquo;\u00e9quilibre parfait entre charme vintage et style moderne pour votre int\u00e9rieur ?<\/strong><\/h2>\n<p>Alors la superbe lampe suspendue Jeka Metaltryk, mod\u00e8le 1012-H, dans une couleur vert menthe accrocheuse, est exactement ce dont vous avez besoin &#8211; un accroche-regard unique qui ajoute de l&rsquo;atmosph\u00e8re et du caract\u00e8re \u00e0 n&rsquo;importe quelle pi\u00e8ce.<\/p>\n<p>D&rsquo;origine blanche classique, cette lampe a \u00e9t\u00e9 restaur\u00e9e avec soin par une entreprise sp\u00e9cialis\u00e9e et dot\u00e9e d&rsquo;un rev\u00eatement en poudre durable et de haute qualit\u00e9. Gr\u00e2ce \u00e0 cette finition soign\u00e9e, elle est en excellent \u00e9tat et brille comme jamais auparavant ; elle est pr\u00eate \u00e0 ouvrir un nouveau chapitre dans un int\u00e9rieur \u00e9l\u00e9gant et contemporain. <\/p>\n<p>Sa teinte vert menthe fra\u00eeche conf\u00e8re \u00e0 la lampe un look moderne et raffin\u00e9, tandis que son design original conserve son caract\u00e8re vintage. Elle s&rsquo;int\u00e8gre ainsi facilement aux int\u00e9rieurs minimalistes comme aux plus \u00e9clectiques. <\/p>\n<p>Que vous l&rsquo;accrochiez au-dessus de la table \u00e0 manger, dans la cuisine ou comme pi\u00e8ce ma\u00eetresse dans l&rsquo;entr\u00e9e, cette suspension Jeka apporte non seulement de la lumi\u00e8re, mais aussi de la personnalit\u00e9 \u00e0 votre int\u00e9rieur. Une trouvaille rare pour les v\u00e9ritables amateurs de design riche en histoire. <\/p>\n<h3><strong>Condition<\/strong><\/h3>\n<p>Cette suspension a un \u00e2ge respectable d\u2019environ 35 ans et est en bon \u00e9tat avec des signes d\u2019utilisation ant\u00e9rieure. Le grand bol a de l\u00e9g\u00e8res courbures.  Veuillez consulter les photos pour cela. Les abat-jour ont \u00e9t\u00e9 soigneusement recouverts de poudre et brillent comme s&rsquo;ils \u00e9taient neufs. De plus, le c\u00e2blage \u00e9lectrique a \u00e9t\u00e9 renouvel\u00e9.<\/p>\n<h3><strong>Sp\u00e9cifications de la suspension Jeka 1012-H Vert<\/strong><\/h3>\n<ul>\n<li>Diam\u00e8tre : 47 cm<\/li>\n<li>Hauteur : 22 cm<\/li>\n<li>Longueur totale avec cordon : 220 cm (r\u00e9glable \u00e0 l&rsquo;installation)<\/li>\n<li>Mat\u00e9riau : acier<\/li>\n<li>Couleur du cordon : Blanc<\/li>\n<li>maximum 60W<\/li>\n<li>Culot: E27<\/li>\n<li>Convient aux lampes LED<\/li>\n<li>1,3 kg<\/li>\n<\/ul>\n<h3><strong>D\u00e9couvrez Jeka Metaltryk : Un Aper\u00e7u Historique<\/strong><\/h3>\n<p>L&rsquo;histoire de Jeka Metaltryk peut comporter quelques aspects myst\u00e9rieux, mais une chose est s\u00fbre : jusqu&rsquo;en 2002, ils \u00e9taient actifs dans la production de lampes. Le nom Jeka est synonyme de qualit\u00e9 exceptionnelle et de designs intemporels dans le monde de l&rsquo;\u00e9clairage. Leurs lampes, r\u00e9put\u00e9es pour leur savoir-faire exquis, ont r\u00e9sist\u00e9 \u00e0 l&rsquo;\u00e9preuve du temps et continuent \u00e0 d\u00e9gager une esth\u00e9tique intemporelle. Explorez notre collection compl\u00e8te de lampes vintage Jeka ici et d\u00e9couvrez par vous-m\u00eame pourquoi ce nom a acquis une r\u00e9putation si solide.<\/p>\n","protected":false},"excerpt":{"rendered":"<p style=\"font-weight: 400;\"><strong><span style=\"color: #00ff00;\">\u221a<\/span> <span style=\"color: #ff6600;\">Livraison gratuite en Europe d\u00e8s 350 \u20ac<\/span><br \/>\n<\/strong><strong><span style=\"color: #00ff00;\">\u221a<\/span> Command\u00e9 avant <span style=\"color: #ff6600;\">16h00<\/span>? G\u00e9n\u00e9ralement exp\u00e9di\u00e9 le m\u00eame jour<br \/>\n<\/strong><strong><span style=\"color: #00ff00;\">\u221a<\/span> <span style=\"color: #ff6600;\">14 jours<\/span> de r\u00e9flexion<br \/>\n<\/strong><strong><span style=\"color: #00ff00;\">\u221a<\/span> Convient pour les <span style=\"color: #ff6600;\">LED<\/span><\/strong><\/p>\n<ul>\n<li><strong>Diam\u00e8tre : 47 cm<\/strong><\/li>\n<li><strong>Hauteur : 22 cm<\/strong><\/li>\n<\/ul>\n","protected":false},"featured_media":60753,"template":"","meta":{"_uag_custom_page_level_css":"","site-sidebar-layout":"default","site-content-layout":"default","ast-site-content-layout":"default","site-content-style":"default","site-sidebar-style":"default","ast-global-header-display":"","ast-banner-title-visibility":"","ast-main-header-display":"","ast-hfb-above-header-display":"","ast-hfb-below-header-display":"","ast-hfb-mobile-header-display":"","site-post-title":"","ast-breadcrumbs-content":"","ast-featured-img":"","footer-sml-layout":"","ast-disable-related-posts":"","theme-transparent-header-meta":"default","adv-header-id-meta":"","stick-header-meta":"","header-above-stick-meta":"","header-main-stick-meta":"","header-below-stick-meta":"","astra-migrate-meta-layouts":"set","ast-page-background-enabled":"default","ast-page-background-meta":{"desktop":{"background-color":"var(--ast-global-color-4)","background-image":"","background-repeat":"repeat","background-position":"center center","background-size":"auto","background-attachment":"scroll","background-type":"","background-media":"","overlay-type":"","overlay-color":"","overlay-opacity":"","overlay-gradient":""},"tablet":{"background-color":"","background-image":"","background-repeat":"repeat","background-position":"center center","background-size":"auto","background-attachment":"scroll","background-type":"","background-media":"","overlay-type":"","overlay-color":"","overlay-opacity":"","overlay-gradient":""},"mobile":{"background-color":"","background-image":"","background-repeat":"repeat","background-position":"center center","background-size":"auto","background-attachment":"scroll","background-type":"","background-media":"","overlay-type":"","overlay-color":"","overlay-opacity":"","overlay-gradient":""}},"ast-content-background-meta":{"desktop":{"background-color":"var(--ast-global-color-5)","background-image":"","background-repeat":"repeat","background-position":"center center","background-size":"auto","background-attachment":"scroll","background-type":"","background-media":"","overlay-type":"","overlay-color":"","overlay-opacity":"","overlay-gradient":""},"tablet":{"background-color":"var(--ast-global-color-5)","background-image":"","background-repeat":"repeat","background-position":"center center","background-size":"auto","background-attachment":"scroll","background-type":"","background-media":"","overlay-type":"","overlay-color":"","overlay-opacity":"","overlay-gradient":""},"mobile":{"background-color":"var(--ast-global-color-5)","background-image":"","background-repeat":"repeat","background-position":"center center","background-size":"auto","background-attachment":"scroll","background-type":"","background-media":"","overlay-type":"","overlay-color":"","overlay-opacity":"","overlay-gradient":""}}},"product_brand":[],"product_cat":[459,499,337,336,338,523,333,335,604],"product_tag":[341],"class_list":{"0":"post-58550","1":"product","2":"type-product","3":"status-publish","4":"has-post-thumbnail","6":"product_cat-collection-de-couleurs","7":"product_cat-eclairage-de-bureau-fr","8":"product_cat-eclairage-de-la-chambre","9":"product_cat-eclairage-de-la-cuisine","10":"product_cat-eclairage-du-salon","11":"product_cat-jeka-lampes-fr","12":"product_cat-suspensions-scandinaves","13":"product_cat-suspensions-pour-table-a-manger","14":"product_cat-voir-notre-collection-complete","15":"product_tag-vert","16":"desktop-align-center","17":"tablet-align-left","18":"mobile-align-left","20":"first","21":"instock","22":"taxable","23":"shipping-taxable","24":"purchasable","25":"product-type-simple"},"yoast_head":"<!-- This site is optimized with the Yoast SEO plugin v27.4 - https:\/\/yoast.com\/product\/yoast-seo-wordpress\/ -->\n<title>Lampe \u00e0 suspension Jeka 1012-H Vert - scandinave<\/title>\n<meta name=\"description\" content=\"\u00cates-vous \u00e0 la recherche de la pi\u00e8ce ma\u00eetresse ultime pour au-dessus de votre table \u00e0 manger ? Ne cherchez plus ! La lampe suspendue Jeka, mod\u00e8le 1012-H dans un abat-jour vert saisissant, est exactement ce que vous recherchez\" \/>\n<meta name=\"robots\" content=\"index, follow, max-snippet:-1, max-image-preview:large, max-video-preview:-1\" \/>\n<link rel=\"canonical\" href=\"https:\/\/scandinavischelampen.nl\/fr\/produit\/jeka-hanglamp-1012-h-groen\/\" \/>\n<meta property=\"og:locale\" content=\"fr_FR\" \/>\n<meta property=\"og:type\" content=\"article\" \/>\n<meta property=\"og:title\" content=\"Lampe \u00e0 suspension Jeka 1012-H Vert - scandinave\" \/>\n<meta property=\"og:description\" content=\"\u00cates-vous \u00e0 la recherche de la pi\u00e8ce ma\u00eetresse ultime pour au-dessus de votre table \u00e0 manger ? Ne cherchez plus ! La lampe suspendue Jeka, mod\u00e8le 1012-H dans un abat-jour vert saisissant, est exactement ce que vous recherchez\" \/>\n<meta property=\"og:url\" content=\"https:\/\/scandinavischelampen.nl\/fr\/produit\/jeka-hanglamp-1012-h-groen\/\" \/>\n<meta property=\"og:site_name\" content=\"Lampes Scandinaves\" \/>\n<meta property=\"article:publisher\" content=\"https:\/\/www.facebook.com\/scandinavischelampen\/\" \/>\n<meta property=\"article:modified_time\" content=\"2025-11-04T19:32:50+00:00\" \/>\n<meta property=\"og:image\" content=\"https:\/\/i0.wp.com\/scandinavischelampen.nl\/wp-content\/uploads\/2025\/07\/IMG_0150-kopie-scaled.jpg?fit=1920%2C2560&ssl=1\" \/>\n\t<meta property=\"og:image:width\" content=\"1920\" \/>\n\t<meta property=\"og:image:height\" content=\"2560\" \/>\n\t<meta property=\"og:image:type\" content=\"image\/jpeg\" \/>\n<meta name=\"twitter:card\" content=\"summary_large_image\" \/>\n<meta name=\"twitter:label1\" content=\"Dur\u00e9e de lecture estim\u00e9e\" \/>\n\t<meta name=\"twitter:data1\" content=\"2 minutes\" \/>\n<script type=\"application\/ld+json\" class=\"yoast-schema-graph\">{\"@context\":\"https:\\\/\\\/schema.org\",\"@graph\":[{\"@type\":\"WebPage\",\"@id\":\"https:\\\/\\\/scandinavischelampen.nl\\\/fr\\\/produit\\\/jeka-hanglamp-1012-h-groen\\\/\",\"url\":\"https:\\\/\\\/scandinavischelampen.nl\\\/fr\\\/produit\\\/jeka-hanglamp-1012-h-groen\\\/\",\"name\":\"Lampe \u00e0 suspension Jeka 1012-H Vert - scandinave\",\"isPartOf\":{\"@id\":\"https:\\\/\\\/scandinavischelampen.nl\\\/fr\\\/#website\"},\"primaryImageOfPage\":{\"@id\":\"https:\\\/\\\/scandinavischelampen.nl\\\/fr\\\/produit\\\/jeka-hanglamp-1012-h-groen\\\/#primaryimage\"},\"image\":{\"@id\":\"https:\\\/\\\/scandinavischelampen.nl\\\/fr\\\/produit\\\/jeka-hanglamp-1012-h-groen\\\/#primaryimage\"},\"thumbnailUrl\":\"https:\\\/\\\/i0.wp.com\\\/scandinavischelampen.nl\\\/wp-content\\\/uploads\\\/2025\\\/07\\\/IMG_0150-kopie-scaled.jpg?fit=1920%2C2560&ssl=1\",\"datePublished\":\"2025-07-11T11:12:46+00:00\",\"dateModified\":\"2025-11-04T19:32:50+00:00\",\"description\":\"\u00cates-vous \u00e0 la recherche de la pi\u00e8ce ma\u00eetresse ultime pour au-dessus de votre table \u00e0 manger ? Ne cherchez plus ! La lampe suspendue Jeka, mod\u00e8le 1012-H dans un abat-jour vert saisissant, est exactement ce que vous recherchez\",\"breadcrumb\":{\"@id\":\"https:\\\/\\\/scandinavischelampen.nl\\\/fr\\\/produit\\\/jeka-hanglamp-1012-h-groen\\\/#breadcrumb\"},\"inLanguage\":\"fr-FR\",\"potentialAction\":[{\"@type\":\"ReadAction\",\"target\":[\"https:\\\/\\\/scandinavischelampen.nl\\\/fr\\\/produit\\\/jeka-hanglamp-1012-h-groen\\\/\"]}]},{\"@type\":\"ImageObject\",\"inLanguage\":\"fr-FR\",\"@id\":\"https:\\\/\\\/scandinavischelampen.nl\\\/fr\\\/produit\\\/jeka-hanglamp-1012-h-groen\\\/#primaryimage\",\"url\":\"https:\\\/\\\/i0.wp.com\\\/scandinavischelampen.nl\\\/wp-content\\\/uploads\\\/2025\\\/07\\\/IMG_0150-kopie-scaled.jpg?fit=1920%2C2560&ssl=1\",\"contentUrl\":\"https:\\\/\\\/i0.wp.com\\\/scandinavischelampen.nl\\\/wp-content\\\/uploads\\\/2025\\\/07\\\/IMG_0150-kopie-scaled.jpg?fit=1920%2C2560&ssl=1\",\"width\":1920,\"height\":2560,\"caption\":\"Lampe \u00e0 suspension Jeka 1012-H Vert\"},{\"@type\":\"BreadcrumbList\",\"@id\":\"https:\\\/\\\/scandinavischelampen.nl\\\/fr\\\/produit\\\/jeka-hanglamp-1012-h-groen\\\/#breadcrumb\",\"itemListElement\":[{\"@type\":\"ListItem\",\"position\":1,\"name\":\"Home\",\"item\":\"https:\\\/\\\/scandinavischelampen.nl\\\/fr\\\/\"},{\"@type\":\"ListItem\",\"position\":2,\"name\":\"Boutique\",\"item\":\"https:\\\/\\\/scandinavischelampen.nl\\\/fr\\\/boutique\\\/\"},{\"@type\":\"ListItem\",\"position\":3,\"name\":\"Lampe \u00e0 suspension Jeka 1012-H Vert\"}]},{\"@type\":\"WebSite\",\"@id\":\"https:\\\/\\\/scandinavischelampen.nl\\\/fr\\\/#website\",\"url\":\"https:\\\/\\\/scandinavischelampen.nl\\\/fr\\\/\",\"name\":\"Scandinavische Lampen\",\"description\":\"Luminaire design vintage\",\"publisher\":{\"@id\":\"https:\\\/\\\/scandinavischelampen.nl\\\/fr\\\/#organization\"},\"potentialAction\":[{\"@type\":\"SearchAction\",\"target\":{\"@type\":\"EntryPoint\",\"urlTemplate\":\"https:\\\/\\\/scandinavischelampen.nl\\\/fr\\\/?s={search_term_string}\"},\"query-input\":{\"@type\":\"PropertyValueSpecification\",\"valueRequired\":true,\"valueName\":\"search_term_string\"}}],\"inLanguage\":\"fr-FR\"},{\"@type\":\"Organization\",\"@id\":\"https:\\\/\\\/scandinavischelampen.nl\\\/fr\\\/#organization\",\"name\":\"Scandinavische Lampen\",\"url\":\"https:\\\/\\\/scandinavischelampen.nl\\\/fr\\\/\",\"logo\":{\"@type\":\"ImageObject\",\"inLanguage\":\"fr-FR\",\"@id\":\"https:\\\/\\\/scandinavischelampen.nl\\\/fr\\\/#\\\/schema\\\/logo\\\/image\\\/\",\"url\":\"https:\\\/\\\/i0.wp.com\\\/scandinavischelampen.nl\\\/wp-content\\\/uploads\\\/2023\\\/07\\\/cropped-Scandinavische-lampen-logo-oranje-01-scaled.png?fit=4717%2C1570&ssl=1\",\"contentUrl\":\"https:\\\/\\\/i0.wp.com\\\/scandinavischelampen.nl\\\/wp-content\\\/uploads\\\/2023\\\/07\\\/cropped-Scandinavische-lampen-logo-oranje-01-scaled.png?fit=4717%2C1570&ssl=1\",\"width\":4717,\"height\":1570,\"caption\":\"Scandinavische Lampen\"},\"image\":{\"@id\":\"https:\\\/\\\/scandinavischelampen.nl\\\/fr\\\/#\\\/schema\\\/logo\\\/image\\\/\"},\"sameAs\":[\"https:\\\/\\\/www.facebook.com\\\/scandinavischelampen\\\/\",\"https:\\\/\\\/www.instagram.com\\\/scandinavische_lampen\\\/\"]}]}<\/script>\n<!-- \/ Yoast SEO plugin. -->","yoast_head_json":{"title":"Lampe \u00e0 suspension Jeka 1012-H Vert - scandinave","description":"\u00cates-vous \u00e0 la recherche de la pi\u00e8ce ma\u00eetresse ultime pour au-dessus de votre table \u00e0 manger ? Ne cherchez plus ! La lampe suspendue Jeka, mod\u00e8le 1012-H dans un abat-jour vert saisissant, est exactement ce que vous recherchez","robots":{"index":"index","follow":"follow","max-snippet":"max-snippet:-1","max-image-preview":"max-image-preview:large","max-video-preview":"max-video-preview:-1"},"canonical":"https:\/\/scandinavischelampen.nl\/fr\/produit\/jeka-hanglamp-1012-h-groen\/","og_locale":"fr_FR","og_type":"article","og_title":"Lampe \u00e0 suspension Jeka 1012-H Vert - scandinave","og_description":"\u00cates-vous \u00e0 la recherche de la pi\u00e8ce ma\u00eetresse ultime pour au-dessus de votre table \u00e0 manger ? Ne cherchez plus ! La lampe suspendue Jeka, mod\u00e8le 1012-H dans un abat-jour vert saisissant, est exactement ce que vous recherchez","og_url":"https:\/\/scandinavischelampen.nl\/fr\/produit\/jeka-hanglamp-1012-h-groen\/","og_site_name":"Lampes Scandinaves","article_publisher":"https:\/\/www.facebook.com\/scandinavischelampen\/","article_modified_time":"2025-11-04T19:32:50+00:00","og_image":[{"width":1920,"height":2560,"url":"https:\/\/i0.wp.com\/scandinavischelampen.nl\/wp-content\/uploads\/2025\/07\/IMG_0150-kopie-scaled.jpg?fit=1920%2C2560&ssl=1","type":"image\/jpeg"}],"twitter_card":"summary_large_image","twitter_misc":{"Dur\u00e9e de lecture estim\u00e9e":"2 minutes"},"schema":{"@context":"https:\/\/schema.org","@graph":[{"@type":"WebPage","@id":"https:\/\/scandinavischelampen.nl\/fr\/produit\/jeka-hanglamp-1012-h-groen\/","url":"https:\/\/scandinavischelampen.nl\/fr\/produit\/jeka-hanglamp-1012-h-groen\/","name":"Lampe \u00e0 suspension Jeka 1012-H Vert - scandinave","isPartOf":{"@id":"https:\/\/scandinavischelampen.nl\/fr\/#website"},"primaryImageOfPage":{"@id":"https:\/\/scandinavischelampen.nl\/fr\/produit\/jeka-hanglamp-1012-h-groen\/#primaryimage"},"image":{"@id":"https:\/\/scandinavischelampen.nl\/fr\/produit\/jeka-hanglamp-1012-h-groen\/#primaryimage"},"thumbnailUrl":"https:\/\/i0.wp.com\/scandinavischelampen.nl\/wp-content\/uploads\/2025\/07\/IMG_0150-kopie-scaled.jpg?fit=1920%2C2560&ssl=1","datePublished":"2025-07-11T11:12:46+00:00","dateModified":"2025-11-04T19:32:50+00:00","description":"\u00cates-vous \u00e0 la recherche de la pi\u00e8ce ma\u00eetresse ultime pour au-dessus de votre table \u00e0 manger ? Ne cherchez plus ! La lampe suspendue Jeka, mod\u00e8le 1012-H dans un abat-jour vert saisissant, est exactement ce que vous recherchez","breadcrumb":{"@id":"https:\/\/scandinavischelampen.nl\/fr\/produit\/jeka-hanglamp-1012-h-groen\/#breadcrumb"},"inLanguage":"fr-FR","potentialAction":[{"@type":"ReadAction","target":["https:\/\/scandinavischelampen.nl\/fr\/produit\/jeka-hanglamp-1012-h-groen\/"]}]},{"@type":"ImageObject","inLanguage":"fr-FR","@id":"https:\/\/scandinavischelampen.nl\/fr\/produit\/jeka-hanglamp-1012-h-groen\/#primaryimage","url":"https:\/\/i0.wp.com\/scandinavischelampen.nl\/wp-content\/uploads\/2025\/07\/IMG_0150-kopie-scaled.jpg?fit=1920%2C2560&ssl=1","contentUrl":"https:\/\/i0.wp.com\/scandinavischelampen.nl\/wp-content\/uploads\/2025\/07\/IMG_0150-kopie-scaled.jpg?fit=1920%2C2560&ssl=1","width":1920,"height":2560,"caption":"Lampe \u00e0 suspension Jeka 1012-H Vert"},{"@type":"BreadcrumbList","@id":"https:\/\/scandinavischelampen.nl\/fr\/produit\/jeka-hanglamp-1012-h-groen\/#breadcrumb","itemListElement":[{"@type":"ListItem","position":1,"name":"Home","item":"https:\/\/scandinavischelampen.nl\/fr\/"},{"@type":"ListItem","position":2,"name":"Boutique","item":"https:\/\/scandinavischelampen.nl\/fr\/boutique\/"},{"@type":"ListItem","position":3,"name":"Lampe \u00e0 suspension Jeka 1012-H Vert"}]},{"@type":"WebSite","@id":"https:\/\/scandinavischelampen.nl\/fr\/#website","url":"https:\/\/scandinavischelampen.nl\/fr\/","name":"Scandinavische Lampen","description":"Luminaire design vintage","publisher":{"@id":"https:\/\/scandinavischelampen.nl\/fr\/#organization"},"potentialAction":[{"@type":"SearchAction","target":{"@type":"EntryPoint","urlTemplate":"https:\/\/scandinavischelampen.nl\/fr\/?s={search_term_string}"},"query-input":{"@type":"PropertyValueSpecification","valueRequired":true,"valueName":"search_term_string"}}],"inLanguage":"fr-FR"},{"@type":"Organization","@id":"https:\/\/scandinavischelampen.nl\/fr\/#organization","name":"Scandinavische Lampen","url":"https:\/\/scandinavischelampen.nl\/fr\/","logo":{"@type":"ImageObject","inLanguage":"fr-FR","@id":"https:\/\/scandinavischelampen.nl\/fr\/#\/schema\/logo\/image\/","url":"https:\/\/i0.wp.com\/scandinavischelampen.nl\/wp-content\/uploads\/2023\/07\/cropped-Scandinavische-lampen-logo-oranje-01-scaled.png?fit=4717%2C1570&ssl=1","contentUrl":"https:\/\/i0.wp.com\/scandinavischelampen.nl\/wp-content\/uploads\/2023\/07\/cropped-Scandinavische-lampen-logo-oranje-01-scaled.png?fit=4717%2C1570&ssl=1","width":4717,"height":1570,"caption":"Scandinavische Lampen"},"image":{"@id":"https:\/\/scandinavischelampen.nl\/fr\/#\/schema\/logo\/image\/"},"sameAs":["https:\/\/www.facebook.com\/scandinavischelampen\/","https:\/\/www.instagram.com\/scandinavische_lampen\/"]}]}},"uagb_featured_image_src":{"full":["https:\/\/i0.wp.com\/scandinavischelampen.nl\/wp-content\/uploads\/2025\/07\/IMG_0150-kopie-scaled.jpg?fit=1920%2C2560&ssl=1",1920,2560,false],"thumbnail":["https:\/\/i0.wp.com\/scandinavischelampen.nl\/wp-content\/uploads\/2025\/07\/IMG_0150-kopie-scaled.jpg?resize=150%2C150&ssl=1",150,150,true],"medium":["https:\/\/i0.wp.com\/scandinavischelampen.nl\/wp-content\/uploads\/2025\/07\/IMG_0150-kopie-scaled.jpg?fit=225%2C300&ssl=1",225,300,true],"medium_large":["https:\/\/i0.wp.com\/scandinavischelampen.nl\/wp-content\/uploads\/2025\/07\/IMG_0150-kopie-scaled.jpg?fit=768%2C1024&ssl=1",768,1024,true],"large":["https:\/\/i0.wp.com\/scandinavischelampen.nl\/wp-content\/uploads\/2025\/07\/IMG_0150-kopie-scaled.jpg?fit=768%2C1024&ssl=1",768,1024,true],"1536x1536":["https:\/\/i0.wp.com\/scandinavischelampen.nl\/wp-content\/uploads\/2025\/07\/IMG_0150-kopie-scaled.jpg?fit=1152%2C1536&ssl=1",1152,1536,true],"2048x2048":["https:\/\/i0.wp.com\/scandinavischelampen.nl\/wp-content\/uploads\/2025\/07\/IMG_0150-kopie-scaled.jpg?fit=1536%2C2048&ssl=1",1536,2048,true],"woocommerce_thumbnail":["https:\/\/i0.wp.com\/scandinavischelampen.nl\/wp-content\/uploads\/2025\/07\/IMG_0150-kopie-scaled.jpg?resize=300%2C300&ssl=1",300,300,true],"woocommerce_single":["https:\/\/i0.wp.com\/scandinavischelampen.nl\/wp-content\/uploads\/2025\/07\/IMG_0150-kopie-scaled.jpg?fit=600%2C800&ssl=1",600,800,true],"woocommerce_gallery_thumbnail":["https:\/\/i0.wp.com\/scandinavischelampen.nl\/wp-content\/uploads\/2025\/07\/IMG_0150-kopie-scaled.jpg?resize=100%2C100&ssl=1",100,100,true],"thaps-thumb-img":["https:\/\/i0.wp.com\/scandinavischelampen.nl\/wp-content\/uploads\/2025\/07\/IMG_0150-kopie-scaled.jpg?resize=48%2C64&ssl=1",48,64,true]},"uagb_author_info":{"display_name":"administrator","author_link":"https:\/\/scandinavischelampen.nl\/fr\/author\/"},"uagb_comment_info":0,"uagb_excerpt":"\u221a Livraison gratuite en Europe d\u00e8s 350 \u20ac \u221a Command\u00e9 avant 16h00? G\u00e9n\u00e9ralement exp\u00e9di\u00e9 le m\u00eame jour \u221a 14 jours de r\u00e9flexion \u221a Convient pour les LED Diam\u00e8tre : 47 cm Hauteur : 22 cm","jetpack_sharing_enabled":true,"_links":{"self":[{"href":"https:\/\/scandinavischelampen.nl\/fr\/wp-json\/wp\/v2\/product\/58550","targetHints":{"allow":["GET"]}}],"collection":[{"href":"https:\/\/scandinavischelampen.nl\/fr\/wp-json\/wp\/v2\/product"}],"about":[{"href":"https:\/\/scandinavischelampen.nl\/fr\/wp-json\/wp\/v2\/types\/product"}],"wp:featuredmedia":[{"embeddable":true,"href":"https:\/\/scandinavischelampen.nl\/fr\/wp-json\/wp\/v2\/media\/60753"}],"wp:attachment":[{"href":"https:\/\/scandinavischelampen.nl\/fr\/wp-json\/wp\/v2\/media?parent=58550"}],"wp:term":[{"taxonomy":"product_brand","embeddable":true,"href":"https:\/\/scandinavischelampen.nl\/fr\/wp-json\/wp\/v2\/product_brand?post=58550"},{"taxonomy":"product_cat","embeddable":true,"href":"https:\/\/scandinavischelampen.nl\/fr\/wp-json\/wp\/v2\/product_cat?post=58550"},{"taxonomy":"product_tag","embeddable":true,"href":"https:\/\/scandinavischelampen.nl\/fr\/wp-json\/wp\/v2\/product_tag?post=58550"}],"curies":[{"name":"wp","href":"https:\/\/api.w.org\/{rel}","templated":true}]}}