{"id":57025,"date":"2025-05-15T11:09:11","date_gmt":"2025-05-15T09:09:11","guid":{"rendered":"https:\/\/scandinavischelampen.nl\/?post_type=product&#038;p=57025"},"modified":"2025-05-15T11:32:51","modified_gmt":"2025-05-15T09:32:51","slug":"lampe-de-cuisine-scandinave-taupe","status":"publish","type":"product","link":"https:\/\/scandinavischelampen.nl\/fr\/produit\/lampe-de-cuisine-scandinave-taupe\/","title":{"rendered":"Lampe de cuisine scandinave Taupe"},"content":{"rendered":"<h3 data-start=\"169\" data-end=\"226\"><strong data-start=\"173\" data-end=\"226\">Lampe de cuisine taupe au design scandinave intemporel<\/strong><\/h3>\n<p data-start=\"228\" data-end=\"541\">Apportez caract\u00e8re, style et durabilit\u00e9 avec cette belle lampe de cuisine vintage dans un abat-jour taupe doux, fini avec un accent blanc frais. Con\u00e7ue \u00e0 l&rsquo;origine \u00e0 la fin du XXe si\u00e8cle, cette lampe respire l&rsquo;\u00e9l\u00e9gance discr\u00e8te qui fait l&rsquo;attrait du design scandinave : minimaliste, fonctionnelle et chaleureuse. <\/p>\n<p data-start=\"543\" data-end=\"1001\">La lampe a r\u00e9cemment \u00e9t\u00e9 enti\u00e8rement recouverte d&rsquo;un rev\u00eatement en poudre, donnant \u00e0 la couleur un aspect magnifiquement uniforme et moderne, tandis que la silhouette d&rsquo;origine a \u00e9t\u00e9 enti\u00e8rement pr\u00e9serv\u00e9e. Le r\u00e9sultat est une fusion harmonieuse de design authentique et de qualit\u00e9 contemporaine. Le syst\u00e8me \u00e9lectrique a \u00e9galement \u00e9t\u00e9 enti\u00e8rement renouvel\u00e9, de sorte que vous pouvez compter non seulement sur un objet visuellement attrayant, mais \u00e9galement sur la s\u00e9curit\u00e9 et la facilit\u00e9 d&rsquo;utilisation selon les normes actuelles.  <\/p>\n<p data-start=\"1003\" data-end=\"1546\">Avec ses subtiles traces vintage et son apparence pleine de caract\u00e8re, cette lampe raconte une histoire d&rsquo;intemporalit\u00e9 et de revalorisation. La couleur taupe apporte calme et douceur, tandis que l&rsquo;accent blanc apporte une touche fra\u00eeche et moderne. Cette lampe est un \u00e9l\u00e9ment d&rsquo;ambiance parfait au-dessus de la table de la cuisine, d&rsquo;une entr\u00e9e \u00e9l\u00e9gante dans le couloir ou d&rsquo;une pi\u00e8ce ma\u00eetresse chaleureuse dans le salon.  <\/p>\n<h3 data-start=\"1548\" data-end=\"1564\"><strong data-start=\"1552\" data-end=\"1564\">Condition<\/strong><\/h3>\n<p data-start=\"1566\" data-end=\"2112\">La lampe date de la fin du 20\u00e8me si\u00e8cle et est en bon \u00e9tat vintage. L&rsquo;ext\u00e9rieur est rev\u00eatu de poudre de mani\u00e8re professionnelle, ce qui donne \u00e0 la surface un aspect neuf. Le c\u00e2blage et les composants internes ont \u00e9t\u00e9 enti\u00e8rement remplac\u00e9s, de sorte que la lampe peut \u00eatre utilis\u00e9e en toute s\u00e9curit\u00e9 imm\u00e9diatement. Il y a de l\u00e9g\u00e8res traces d&rsquo;utilisation visibles, coh\u00e9rentes avec l&rsquo;\u00e2ge et le caract\u00e8re de l&rsquo;objet. Malheureusement, l&rsquo;\u00e9tiquette d&rsquo;origine est manquante, ce qui laisse le fabricant exact inconnu.    <\/p>\n<h2 data-start=\"1171\" data-end=\"1212\"><strong data-start=\"1171\" data-end=\"1212\">Sp\u00e9cifications Lampe de cuisine danoise Taupe<\/strong><\/h2>\n<ul>\n<li>Diam\u00e8tre : 27 cm<\/li>\n<li>Hauteur : 20cm<\/li>\n<li>Hauteur totale avec cordon 220 cm<\/li>\n<li>Mat\u00e9riau : aluminium<\/li>\n<li>Couleur du cordon : Blanc<\/li>\n<li>Puissance maximale : 60W<\/li>\n<li>Culot: E27<\/li>\n<li>Convient aux lampes LED<\/li>\n<li>Poids : 0,7 kg<\/li>\n<\/ul>\n<h3 data-start=\"214\" data-end=\"251\"><strong data-start=\"218\" data-end=\"251\">Ce qui rend cette lampe sp\u00e9ciale<\/strong><\/h3>\n<p data-start=\"253\" data-end=\"638\">Cette \u00e9l\u00e9gante suspension de couleur taupe se distingue par son charme discret et son design intemporel. La teinte taupe douce et chaude associ\u00e9e \u00e0 la silhouette minimaliste en fait un v\u00e9ritable cr\u00e9ateur d&rsquo;ambiance &#8211; subtilement pr\u00e9sent, mais avec une apparence de design claire. Id\u00e9al pour les espaces tels que la cuisine, le couloir ou un coin lecture cosy, o\u00f9 l&rsquo;ambiance et la fonctionnalit\u00e9 sont recherch\u00e9es.  <\/p>\n<p data-start=\"640\" data-end=\"989\">La couleur calme offre un aspect naturel et harmonieux et peut \u00eatre facilement combin\u00e9e avec diff\u00e9rents styles d&rsquo;int\u00e9rieur, du scandinave au rural ou au moderne. Les lignes \u00e9pur\u00e9es et claires conf\u00e8rent \u00e0 la lampe une forme raffin\u00e9e, sans chichis. C&rsquo;est pr\u00e9cis\u00e9ment cette simplicit\u00e9 qui le rend si puissant : le design parle d&rsquo;\u00e9quilibre et de clart\u00e9.  <\/p>\n<p data-start=\"991\" data-end=\"1220\">Gr\u00e2ce \u00e0 sa taille compacte, cette lampe est parfaite pour les petits espaces, sans sacrifier le style ou l&rsquo;effet. Non seulement il fournit une lumi\u00e8re agr\u00e9able et fonctionnelle, mais il ajoute \u00e9galement une \u00e9l\u00e9gance calme \u00e0 votre int\u00e9rieur. <\/p>\n<p data-start=\"1222\" data-end=\"1422\">D\u00e9couvrez comment la couleur subtile et le design pur se marient dans cette suspension taupe \u2014 une interaction harmonieuse de forme et de fonction, con\u00e7ue pour mettre en valeur votre int\u00e9rieur de mani\u00e8re discr\u00e8te et \u00e9l\u00e9gante.<\/p>\n","protected":false},"excerpt":{"rendered":"<ul>\n<li><strong><span style=\"color: #ff6600;\">Livraison gratuite en Europe<\/span> d\u00e8s 350 \u20ac<\/strong><\/li>\n<li><strong>Command\u00e9 avant <span style=\"color: #ff6600;\">16h<\/span> ? G\u00e9n\u00e9ralement exp\u00e9di\u00e9 le m\u00eame jour<\/strong><\/li>\n<li><strong>D\u00e9lai de r\u00e9flexion de <span style=\"color: #ff6600;\">14 jours<\/span><\/strong><\/li>\n<li><strong>Pratique pour <span style=\"color: #ff6600;\">LED<\/span><\/strong><\/li>\n<\/ul>\n<ul>\n<li><strong>Diam\u00e8tre : 24 cm<\/strong><\/li>\n<li><strong>Hauteur : 17cm<\/strong><\/li>\n<\/ul>\n","protected":false},"featured_media":57048,"template":"","meta":{"_uag_custom_page_level_css":"","site-sidebar-layout":"default","site-content-layout":"default","ast-site-content-layout":"default","site-content-style":"default","site-sidebar-style":"default","ast-global-header-display":"","ast-banner-title-visibility":"","ast-main-header-display":"","ast-hfb-above-header-display":"","ast-hfb-below-header-display":"","ast-hfb-mobile-header-display":"","site-post-title":"","ast-breadcrumbs-content":"","ast-featured-img":"","footer-sml-layout":"","ast-disable-related-posts":"","theme-transparent-header-meta":"default","adv-header-id-meta":"","stick-header-meta":"","header-above-stick-meta":"","header-main-stick-meta":"","header-below-stick-meta":"","astra-migrate-meta-layouts":"set","ast-page-background-enabled":"default","ast-page-background-meta":{"desktop":{"background-color":"var(--ast-global-color-4)","background-image":"","background-repeat":"repeat","background-position":"center center","background-size":"auto","background-attachment":"scroll","background-type":"","background-media":"","overlay-type":"","overlay-color":"","overlay-opacity":"","overlay-gradient":""},"tablet":{"background-color":"","background-image":"","background-repeat":"repeat","background-position":"center center","background-size":"auto","background-attachment":"scroll","background-type":"","background-media":"","overlay-type":"","overlay-color":"","overlay-opacity":"","overlay-gradient":""},"mobile":{"background-color":"","background-image":"","background-repeat":"repeat","background-position":"center center","background-size":"auto","background-attachment":"scroll","background-type":"","background-media":"","overlay-type":"","overlay-color":"","overlay-opacity":"","overlay-gradient":""}},"ast-content-background-meta":{"desktop":{"background-color":"var(--ast-global-color-5)","background-image":"","background-repeat":"repeat","background-position":"center center","background-size":"auto","background-attachment":"scroll","background-type":"","background-media":"","overlay-type":"","overlay-color":"","overlay-opacity":"","overlay-gradient":""},"tablet":{"background-color":"var(--ast-global-color-5)","background-image":"","background-repeat":"repeat","background-position":"center center","background-size":"auto","background-attachment":"scroll","background-type":"","background-media":"","overlay-type":"","overlay-color":"","overlay-opacity":"","overlay-gradient":""},"mobile":{"background-color":"var(--ast-global-color-5)","background-image":"","background-repeat":"repeat","background-position":"center center","background-size":"auto","background-attachment":"scroll","background-type":"","background-media":"","overlay-type":"","overlay-color":"","overlay-opacity":"","overlay-gradient":""}}},"product_brand":[],"product_cat":[459,499,353,337,336,338,333,335,604],"product_tag":[358],"class_list":{"0":"post-57025","1":"product","2":"type-product","3":"status-publish","4":"has-post-thumbnail","6":"product_cat-collection-de-couleurs","7":"product_cat-eclairage-de-bureau-fr","8":"product_cat-eclairage-de-couloir","9":"product_cat-eclairage-de-la-chambre","10":"product_cat-eclairage-de-la-cuisine","11":"product_cat-eclairage-du-salon","12":"product_cat-suspensions-scandinaves","13":"product_cat-suspensions-pour-table-a-manger","14":"product_cat-voir-notre-collection-complete","15":"product_tag-laiton","16":"desktop-align-center","17":"tablet-align-left","18":"mobile-align-left","20":"first","21":"instock","22":"taxable","23":"shipping-taxable","24":"purchasable","25":"product-type-simple"},"yoast_head":"<!-- This site is optimized with the Yoast SEO plugin v27.5 - https:\/\/yoast.com\/product\/yoast-seo-wordpress\/ -->\n<title>Lampe de cuisine scandinave Taupe - Vintage<\/title>\n<meta name=\"description\" content=\"\u00c0 la recherche d&#039;un choix d&#039;\u00e9clairage durable qui peut illuminer non seulement votre cuisine, mais aussi votre salon ou votre hall? Choisissez cette lampe de cuisine en taupe\" \/>\n<meta name=\"robots\" content=\"index, follow, max-snippet:-1, max-image-preview:large, max-video-preview:-1\" \/>\n<link rel=\"canonical\" href=\"https:\/\/scandinavischelampen.nl\/fr\/produit\/lampe-de-cuisine-scandinave-taupe\/\" \/>\n<meta property=\"og:locale\" content=\"fr_FR\" \/>\n<meta property=\"og:type\" content=\"article\" \/>\n<meta property=\"og:title\" content=\"Lampe de cuisine scandinave Taupe - Vintage\" \/>\n<meta property=\"og:description\" content=\"\u00c0 la recherche d&#039;un choix d&#039;\u00e9clairage durable qui peut illuminer non seulement votre cuisine, mais aussi votre salon ou votre hall? Choisissez cette lampe de cuisine en taupe\" \/>\n<meta property=\"og:url\" content=\"https:\/\/scandinavischelampen.nl\/fr\/produit\/lampe-de-cuisine-scandinave-taupe\/\" \/>\n<meta property=\"og:site_name\" content=\"Lampes Scandinaves\" \/>\n<meta property=\"article:publisher\" content=\"https:\/\/www.facebook.com\/scandinavischelampen\/\" \/>\n<meta property=\"article:modified_time\" content=\"2025-05-15T09:32:51+00:00\" \/>\n<meta property=\"og:image\" content=\"https:\/\/i0.wp.com\/scandinavischelampen.nl\/wp-content\/uploads\/2025\/05\/IMG_8396-2-kopie-scaled.jpg?fit=1920%2C2560&ssl=1\" \/>\n\t<meta property=\"og:image:width\" content=\"1920\" \/>\n\t<meta property=\"og:image:height\" content=\"2560\" \/>\n\t<meta property=\"og:image:type\" content=\"image\/jpeg\" \/>\n<meta name=\"twitter:card\" content=\"summary_large_image\" \/>\n<meta name=\"twitter:label1\" content=\"Dur\u00e9e de lecture estim\u00e9e\" \/>\n\t<meta name=\"twitter:data1\" content=\"3 minutes\" \/>\n<script type=\"application\/ld+json\" class=\"yoast-schema-graph\">{\"@context\":\"https:\\\/\\\/schema.org\",\"@graph\":[{\"@type\":\"WebPage\",\"@id\":\"https:\\\/\\\/scandinavischelampen.nl\\\/fr\\\/produit\\\/lampe-de-cuisine-scandinave-taupe\\\/\",\"url\":\"https:\\\/\\\/scandinavischelampen.nl\\\/fr\\\/produit\\\/lampe-de-cuisine-scandinave-taupe\\\/\",\"name\":\"Lampe de cuisine scandinave Taupe - Vintage\",\"isPartOf\":{\"@id\":\"https:\\\/\\\/scandinavischelampen.nl\\\/fr\\\/#website\"},\"primaryImageOfPage\":{\"@id\":\"https:\\\/\\\/scandinavischelampen.nl\\\/fr\\\/produit\\\/lampe-de-cuisine-scandinave-taupe\\\/#primaryimage\"},\"image\":{\"@id\":\"https:\\\/\\\/scandinavischelampen.nl\\\/fr\\\/produit\\\/lampe-de-cuisine-scandinave-taupe\\\/#primaryimage\"},\"thumbnailUrl\":\"https:\\\/\\\/i0.wp.com\\\/scandinavischelampen.nl\\\/wp-content\\\/uploads\\\/2025\\\/05\\\/IMG_8396-2-kopie-scaled.jpg?fit=1920%2C2560&ssl=1\",\"datePublished\":\"2025-05-15T09:09:11+00:00\",\"dateModified\":\"2025-05-15T09:32:51+00:00\",\"description\":\"\u00c0 la recherche d'un choix d'\u00e9clairage durable qui peut illuminer non seulement votre cuisine, mais aussi votre salon ou votre hall? Choisissez cette lampe de cuisine en taupe\",\"breadcrumb\":{\"@id\":\"https:\\\/\\\/scandinavischelampen.nl\\\/fr\\\/produit\\\/lampe-de-cuisine-scandinave-taupe\\\/#breadcrumb\"},\"inLanguage\":\"fr-FR\",\"potentialAction\":[{\"@type\":\"ReadAction\",\"target\":[\"https:\\\/\\\/scandinavischelampen.nl\\\/fr\\\/produit\\\/lampe-de-cuisine-scandinave-taupe\\\/\"]}]},{\"@type\":\"ImageObject\",\"inLanguage\":\"fr-FR\",\"@id\":\"https:\\\/\\\/scandinavischelampen.nl\\\/fr\\\/produit\\\/lampe-de-cuisine-scandinave-taupe\\\/#primaryimage\",\"url\":\"https:\\\/\\\/i0.wp.com\\\/scandinavischelampen.nl\\\/wp-content\\\/uploads\\\/2025\\\/05\\\/IMG_8396-2-kopie-scaled.jpg?fit=1920%2C2560&ssl=1\",\"contentUrl\":\"https:\\\/\\\/i0.wp.com\\\/scandinavischelampen.nl\\\/wp-content\\\/uploads\\\/2025\\\/05\\\/IMG_8396-2-kopie-scaled.jpg?fit=1920%2C2560&ssl=1\",\"width\":1920,\"height\":2560,\"caption\":\"Lampe de cuisine scandinave Taupe\"},{\"@type\":\"BreadcrumbList\",\"@id\":\"https:\\\/\\\/scandinavischelampen.nl\\\/fr\\\/produit\\\/lampe-de-cuisine-scandinave-taupe\\\/#breadcrumb\",\"itemListElement\":[{\"@type\":\"ListItem\",\"position\":1,\"name\":\"Home\",\"item\":\"https:\\\/\\\/scandinavischelampen.nl\\\/fr\\\/\"},{\"@type\":\"ListItem\",\"position\":2,\"name\":\"Boutique\",\"item\":\"https:\\\/\\\/scandinavischelampen.nl\\\/fr\\\/boutique\\\/\"},{\"@type\":\"ListItem\",\"position\":3,\"name\":\"Lampe de cuisine scandinave Taupe\"}]},{\"@type\":\"WebSite\",\"@id\":\"https:\\\/\\\/scandinavischelampen.nl\\\/fr\\\/#website\",\"url\":\"https:\\\/\\\/scandinavischelampen.nl\\\/fr\\\/\",\"name\":\"Scandinavische Lampen\",\"description\":\"Luminaire design vintage\",\"publisher\":{\"@id\":\"https:\\\/\\\/scandinavischelampen.nl\\\/fr\\\/#organization\"},\"potentialAction\":[{\"@type\":\"SearchAction\",\"target\":{\"@type\":\"EntryPoint\",\"urlTemplate\":\"https:\\\/\\\/scandinavischelampen.nl\\\/fr\\\/?s={search_term_string}\"},\"query-input\":{\"@type\":\"PropertyValueSpecification\",\"valueRequired\":true,\"valueName\":\"search_term_string\"}}],\"inLanguage\":\"fr-FR\"},{\"@type\":\"Organization\",\"@id\":\"https:\\\/\\\/scandinavischelampen.nl\\\/fr\\\/#organization\",\"name\":\"Scandinavische Lampen\",\"url\":\"https:\\\/\\\/scandinavischelampen.nl\\\/fr\\\/\",\"logo\":{\"@type\":\"ImageObject\",\"inLanguage\":\"fr-FR\",\"@id\":\"https:\\\/\\\/scandinavischelampen.nl\\\/fr\\\/#\\\/schema\\\/logo\\\/image\\\/\",\"url\":\"https:\\\/\\\/i0.wp.com\\\/scandinavischelampen.nl\\\/wp-content\\\/uploads\\\/2023\\\/07\\\/cropped-Scandinavische-lampen-logo-oranje-01-scaled.png?fit=4717%2C1570&ssl=1\",\"contentUrl\":\"https:\\\/\\\/i0.wp.com\\\/scandinavischelampen.nl\\\/wp-content\\\/uploads\\\/2023\\\/07\\\/cropped-Scandinavische-lampen-logo-oranje-01-scaled.png?fit=4717%2C1570&ssl=1\",\"width\":4717,\"height\":1570,\"caption\":\"Scandinavische Lampen\"},\"image\":{\"@id\":\"https:\\\/\\\/scandinavischelampen.nl\\\/fr\\\/#\\\/schema\\\/logo\\\/image\\\/\"},\"sameAs\":[\"https:\\\/\\\/www.facebook.com\\\/scandinavischelampen\\\/\",\"https:\\\/\\\/www.instagram.com\\\/scandinavische_lampen\\\/\"]}]}<\/script>\n<!-- \/ Yoast SEO plugin. -->","yoast_head_json":{"title":"Lampe de cuisine scandinave Taupe - Vintage","description":"\u00c0 la recherche d'un choix d'\u00e9clairage durable qui peut illuminer non seulement votre cuisine, mais aussi votre salon ou votre hall? Choisissez cette lampe de cuisine en taupe","robots":{"index":"index","follow":"follow","max-snippet":"max-snippet:-1","max-image-preview":"max-image-preview:large","max-video-preview":"max-video-preview:-1"},"canonical":"https:\/\/scandinavischelampen.nl\/fr\/produit\/lampe-de-cuisine-scandinave-taupe\/","og_locale":"fr_FR","og_type":"article","og_title":"Lampe de cuisine scandinave Taupe - Vintage","og_description":"\u00c0 la recherche d'un choix d'\u00e9clairage durable qui peut illuminer non seulement votre cuisine, mais aussi votre salon ou votre hall? Choisissez cette lampe de cuisine en taupe","og_url":"https:\/\/scandinavischelampen.nl\/fr\/produit\/lampe-de-cuisine-scandinave-taupe\/","og_site_name":"Lampes Scandinaves","article_publisher":"https:\/\/www.facebook.com\/scandinavischelampen\/","article_modified_time":"2025-05-15T09:32:51+00:00","og_image":[{"width":1920,"height":2560,"url":"https:\/\/i0.wp.com\/scandinavischelampen.nl\/wp-content\/uploads\/2025\/05\/IMG_8396-2-kopie-scaled.jpg?fit=1920%2C2560&ssl=1","type":"image\/jpeg"}],"twitter_card":"summary_large_image","twitter_misc":{"Dur\u00e9e de lecture estim\u00e9e":"3 minutes"},"schema":{"@context":"https:\/\/schema.org","@graph":[{"@type":"WebPage","@id":"https:\/\/scandinavischelampen.nl\/fr\/produit\/lampe-de-cuisine-scandinave-taupe\/","url":"https:\/\/scandinavischelampen.nl\/fr\/produit\/lampe-de-cuisine-scandinave-taupe\/","name":"Lampe de cuisine scandinave Taupe - Vintage","isPartOf":{"@id":"https:\/\/scandinavischelampen.nl\/fr\/#website"},"primaryImageOfPage":{"@id":"https:\/\/scandinavischelampen.nl\/fr\/produit\/lampe-de-cuisine-scandinave-taupe\/#primaryimage"},"image":{"@id":"https:\/\/scandinavischelampen.nl\/fr\/produit\/lampe-de-cuisine-scandinave-taupe\/#primaryimage"},"thumbnailUrl":"https:\/\/i0.wp.com\/scandinavischelampen.nl\/wp-content\/uploads\/2025\/05\/IMG_8396-2-kopie-scaled.jpg?fit=1920%2C2560&ssl=1","datePublished":"2025-05-15T09:09:11+00:00","dateModified":"2025-05-15T09:32:51+00:00","description":"\u00c0 la recherche d'un choix d'\u00e9clairage durable qui peut illuminer non seulement votre cuisine, mais aussi votre salon ou votre hall? Choisissez cette lampe de cuisine en taupe","breadcrumb":{"@id":"https:\/\/scandinavischelampen.nl\/fr\/produit\/lampe-de-cuisine-scandinave-taupe\/#breadcrumb"},"inLanguage":"fr-FR","potentialAction":[{"@type":"ReadAction","target":["https:\/\/scandinavischelampen.nl\/fr\/produit\/lampe-de-cuisine-scandinave-taupe\/"]}]},{"@type":"ImageObject","inLanguage":"fr-FR","@id":"https:\/\/scandinavischelampen.nl\/fr\/produit\/lampe-de-cuisine-scandinave-taupe\/#primaryimage","url":"https:\/\/i0.wp.com\/scandinavischelampen.nl\/wp-content\/uploads\/2025\/05\/IMG_8396-2-kopie-scaled.jpg?fit=1920%2C2560&ssl=1","contentUrl":"https:\/\/i0.wp.com\/scandinavischelampen.nl\/wp-content\/uploads\/2025\/05\/IMG_8396-2-kopie-scaled.jpg?fit=1920%2C2560&ssl=1","width":1920,"height":2560,"caption":"Lampe de cuisine scandinave Taupe"},{"@type":"BreadcrumbList","@id":"https:\/\/scandinavischelampen.nl\/fr\/produit\/lampe-de-cuisine-scandinave-taupe\/#breadcrumb","itemListElement":[{"@type":"ListItem","position":1,"name":"Home","item":"https:\/\/scandinavischelampen.nl\/fr\/"},{"@type":"ListItem","position":2,"name":"Boutique","item":"https:\/\/scandinavischelampen.nl\/fr\/boutique\/"},{"@type":"ListItem","position":3,"name":"Lampe de cuisine scandinave Taupe"}]},{"@type":"WebSite","@id":"https:\/\/scandinavischelampen.nl\/fr\/#website","url":"https:\/\/scandinavischelampen.nl\/fr\/","name":"Scandinavische Lampen","description":"Luminaire design vintage","publisher":{"@id":"https:\/\/scandinavischelampen.nl\/fr\/#organization"},"potentialAction":[{"@type":"SearchAction","target":{"@type":"EntryPoint","urlTemplate":"https:\/\/scandinavischelampen.nl\/fr\/?s={search_term_string}"},"query-input":{"@type":"PropertyValueSpecification","valueRequired":true,"valueName":"search_term_string"}}],"inLanguage":"fr-FR"},{"@type":"Organization","@id":"https:\/\/scandinavischelampen.nl\/fr\/#organization","name":"Scandinavische Lampen","url":"https:\/\/scandinavischelampen.nl\/fr\/","logo":{"@type":"ImageObject","inLanguage":"fr-FR","@id":"https:\/\/scandinavischelampen.nl\/fr\/#\/schema\/logo\/image\/","url":"https:\/\/i0.wp.com\/scandinavischelampen.nl\/wp-content\/uploads\/2023\/07\/cropped-Scandinavische-lampen-logo-oranje-01-scaled.png?fit=4717%2C1570&ssl=1","contentUrl":"https:\/\/i0.wp.com\/scandinavischelampen.nl\/wp-content\/uploads\/2023\/07\/cropped-Scandinavische-lampen-logo-oranje-01-scaled.png?fit=4717%2C1570&ssl=1","width":4717,"height":1570,"caption":"Scandinavische Lampen"},"image":{"@id":"https:\/\/scandinavischelampen.nl\/fr\/#\/schema\/logo\/image\/"},"sameAs":["https:\/\/www.facebook.com\/scandinavischelampen\/","https:\/\/www.instagram.com\/scandinavische_lampen\/"]}]}},"uagb_featured_image_src":{"full":["https:\/\/i0.wp.com\/scandinavischelampen.nl\/wp-content\/uploads\/2025\/05\/IMG_8396-2-kopie-scaled.jpg?fit=1920%2C2560&ssl=1",1920,2560,false],"thumbnail":["https:\/\/i0.wp.com\/scandinavischelampen.nl\/wp-content\/uploads\/2025\/05\/IMG_8396-2-kopie-scaled.jpg?resize=150%2C150&ssl=1",150,150,true],"medium":["https:\/\/i0.wp.com\/scandinavischelampen.nl\/wp-content\/uploads\/2025\/05\/IMG_8396-2-kopie-scaled.jpg?fit=225%2C300&ssl=1",225,300,true],"medium_large":["https:\/\/i0.wp.com\/scandinavischelampen.nl\/wp-content\/uploads\/2025\/05\/IMG_8396-2-kopie-scaled.jpg?fit=768%2C1024&ssl=1",768,1024,true],"large":["https:\/\/i0.wp.com\/scandinavischelampen.nl\/wp-content\/uploads\/2025\/05\/IMG_8396-2-kopie-scaled.jpg?fit=768%2C1024&ssl=1",768,1024,true],"1536x1536":["https:\/\/i0.wp.com\/scandinavischelampen.nl\/wp-content\/uploads\/2025\/05\/IMG_8396-2-kopie-scaled.jpg?fit=1152%2C1536&ssl=1",1152,1536,true],"2048x2048":["https:\/\/i0.wp.com\/scandinavischelampen.nl\/wp-content\/uploads\/2025\/05\/IMG_8396-2-kopie-scaled.jpg?fit=1536%2C2048&ssl=1",1536,2048,true],"woocommerce_thumbnail":["https:\/\/i0.wp.com\/scandinavischelampen.nl\/wp-content\/uploads\/2025\/05\/IMG_8396-2-kopie-scaled.jpg?resize=300%2C300&ssl=1",300,300,true],"woocommerce_single":["https:\/\/i0.wp.com\/scandinavischelampen.nl\/wp-content\/uploads\/2025\/05\/IMG_8396-2-kopie-scaled.jpg?fit=600%2C800&ssl=1",600,800,true],"woocommerce_gallery_thumbnail":["https:\/\/i0.wp.com\/scandinavischelampen.nl\/wp-content\/uploads\/2025\/05\/IMG_8396-2-kopie-scaled.jpg?resize=100%2C100&ssl=1",100,100,true],"thaps-thumb-img":["https:\/\/i0.wp.com\/scandinavischelampen.nl\/wp-content\/uploads\/2025\/05\/IMG_8396-2-kopie-scaled.jpg?resize=48%2C64&ssl=1",48,64,true]},"uagb_author_info":{"display_name":"administrator","author_link":"https:\/\/scandinavischelampen.nl\/fr\/author\/"},"uagb_comment_info":0,"uagb_excerpt":"Livraison gratuite en Europe d\u00e8s 350 \u20ac Command\u00e9 avant 16h ? G\u00e9n\u00e9ralement exp\u00e9di\u00e9 le m\u00eame jour D\u00e9lai de r\u00e9flexion de 14 jours Pratique pour LED Diam\u00e8tre : 24 cm Hauteur : 17cm","jetpack_sharing_enabled":true,"_links":{"self":[{"href":"https:\/\/scandinavischelampen.nl\/fr\/wp-json\/wp\/v2\/product\/57025","targetHints":{"allow":["GET"]}}],"collection":[{"href":"https:\/\/scandinavischelampen.nl\/fr\/wp-json\/wp\/v2\/product"}],"about":[{"href":"https:\/\/scandinavischelampen.nl\/fr\/wp-json\/wp\/v2\/types\/product"}],"wp:featuredmedia":[{"embeddable":true,"href":"https:\/\/scandinavischelampen.nl\/fr\/wp-json\/wp\/v2\/media\/57048"}],"wp:attachment":[{"href":"https:\/\/scandinavischelampen.nl\/fr\/wp-json\/wp\/v2\/media?parent=57025"}],"wp:term":[{"taxonomy":"product_brand","embeddable":true,"href":"https:\/\/scandinavischelampen.nl\/fr\/wp-json\/wp\/v2\/product_brand?post=57025"},{"taxonomy":"product_cat","embeddable":true,"href":"https:\/\/scandinavischelampen.nl\/fr\/wp-json\/wp\/v2\/product_cat?post=57025"},{"taxonomy":"product_tag","embeddable":true,"href":"https:\/\/scandinavischelampen.nl\/fr\/wp-json\/wp\/v2\/product_tag?post=57025"}],"curies":[{"name":"wp","href":"https:\/\/api.w.org\/{rel}","templated":true}]}}