{"id":56693,"date":"2025-04-30T14:15:57","date_gmt":"2025-04-30T12:15:57","guid":{"rendered":"https:\/\/scandinavischelampen.nl\/?post_type=product&#038;p=56693"},"modified":"2025-04-30T14:27:49","modified_gmt":"2025-04-30T12:27:49","slug":"table-a-manger-scandinave-taupe-lampe-suspendue-eclairage-elegant-2","status":"publish","type":"product","link":"https:\/\/scandinavischelampen.nl\/fr\/produit\/table-a-manger-scandinave-taupe-lampe-suspendue-eclairage-elegant-2\/","title":{"rendered":"Suspension de table \u00e0 manger scandinave taupe &#8211; \u00c9clairage \u00e9l\u00e9gant"},"content":{"rendered":"<h2 data-start=\"158\" data-end=\"251\"><strong data-start=\"158\" data-end=\"249\">Lampe suspendue de table \u00e0 manger scandinave \u00e9l\u00e9gante en taupe \u2013 une pi\u00e8ce ma\u00eetresse raffin\u00e9e au-dessus de votre table \u00e0 manger<\/strong><\/h2>\n<p class=\"\" data-start=\"253\" data-end=\"536\">Cr\u00e9ez une atmosph\u00e8re chaleureuse et accueillante au-dessus de votre table \u00e0 manger avec cette \u00e9l\u00e9gante lampe suspendue de table \u00e0 manger scandinave dans une \u00e9l\u00e9gante couleur taupe. Combinant un design intemporel avec des mat\u00e9riaux de haute qualit\u00e9, cette lampe est con\u00e7ue pour durer des ann\u00e9es, tant en termes de durabilit\u00e9 que d&rsquo;esth\u00e9tique. <\/p>\n<p class=\"\" data-start=\"538\" data-end=\"883\">Gr\u00e2ce au subtil rev\u00eatement en poudre taupe, la lampe d\u00e9gage une \u00e9l\u00e9gance calme qui convient aussi bien aux int\u00e9rieurs modernes et minimalistes qu&rsquo;aux styles de vie plus classiques ou naturels. Le rev\u00eatement en poudre est non seulement r\u00e9sistant aux rayures et aux couleurs, mais \u00e9galement facile \u00e0 nettoyer \u2013 id\u00e9al pour un endroit o\u00f9 les gens vivent et mangent tous les jours. <\/p>\n<p class=\"\" data-start=\"885\" data-end=\"1207\">Avec son design minimaliste, la lampe attire subtilement l&rsquo;attention sans \u00eatre trop puissante. La lumi\u00e8re douce et uniforme qu&rsquo;elle diffuse cr\u00e9e une atmosph\u00e8re chaleureuse et d\u00e9tendue \u00e0 table, parfaite pour les d\u00eeners entre amis, les longues soir\u00e9es en famille ou tout simplement un bon verre de vin apr\u00e8s une longue journ\u00e9e. <\/p>\n<p class=\"\" data-start=\"1209\" data-end=\"1389\">Cette suspension est plus qu\u2019une simple source de lumi\u00e8re : elle constitue le c\u0153ur de votre salle \u00e0 manger. Un lieu o\u00f9 les histoires se partagent, les souvenirs se cr\u00e9ent et l&rsquo;atmosph\u00e8re fait la diff\u00e9rence. <\/p>\n<h2 data-start=\"1391\" data-end=\"1859\"><strong data-start=\"1391\" data-end=\"1415\">Lampe <\/strong> suspendue <strong data-start=\"158\" data-end=\"249\">de <\/strong><strong data-start=\"158\" data-end=\"249\">table \u00e0 manger scandinave en taupe<\/strong><\/h2>\n<p class=\"\" data-start=\"1391\" data-end=\"1859\">Cette suspension scandinave date de la fin du si\u00e8cle dernier et est en bon \u00e9tat vintage. De l\u00e9g\u00e8res traces d&rsquo;utilisation ant\u00e9rieure sont visibles, ce qui ajoute au caract\u00e8re de la pi\u00e8ce. Cela peut inclure une l\u00e9g\u00e8re courbure des \u00e9cailles et une bosse au sommet de la grande \u00e9caille. Veuillez consulter la photo d\u00e9taill\u00e9e ci-jointe pour cela. La lampe a \u00e9t\u00e9 professionnellement dot\u00e9e d&rsquo;un nouveau rev\u00eatement en poudre durable de couleur taupe, rendant la surface comme neuve. Le c\u00e2blage \u00e9lectrique a \u00e9galement \u00e9t\u00e9 enti\u00e8rement renouvel\u00e9, de sorte que la lampe peut \u00eatre utilis\u00e9e imm\u00e9diatement et en toute s\u00e9curit\u00e9.     <\/p>\n<h2 data-start=\"1391\" data-end=\"1859\">Sp\u00e9cifications Lampe \u00e0 <strong data-start=\"158\" data-end=\"249\">suspension de table \u00e0 manger<\/strong> scandinave en taupe<\/h2>\n<ul>\n<li>Diam\u00e8tre : 47 cm<\/li>\n<li>Hauteur : 18 cm<\/li>\n<li>Hauteur totale avec cordon 210 cm (r\u00e9glable lors de l\u2019installation)<\/li>\n<li>Mat\u00e9riau : m\u00e9tal<\/li>\n<li>Couleur du cordon : Blanc<\/li>\n<li>Puissance maximale : 60W<\/li>\n<li>Culot: E27<\/li>\n<li>Convient aux lampes LED<\/li>\n<li>Poids : 1,3 kg<\/li>\n<\/ul>\n<h2>Note personnelle :<\/h2>\n<div class=\"\">\n<p>Cette charmante lampe suspendue est un excellent ajout \u00e0 toute table \u00e0 manger. La conception multicouche unique garantit que vous ne regardez jamais directement dans la lampe, cr\u00e9ant ainsi un \u00e9clairage doux et agr\u00e9able. La couleur taupe clair et fra\u00eeche fait de cette lampe un choix parfait pour un int\u00e9rieur moderne, o\u00f9 elle ajoute une touche ludique et \u00e9l\u00e9gante.<\/p>\n<\/div>\n<div><\/div>\n","protected":false},"excerpt":{"rendered":"<p><strong><span style=\"color: #00ff00;\">\u221a<\/span> <span style=\"color: #ff6600;\">Livraison gratuite en Europe d\u00e8s 350 \u20ac<\/span><br \/>\n<\/strong><strong><span style=\"color: #00ff00;\">\u221a<\/span> Command\u00e9 avant <span style=\"color: #ff6600;\">16h00<\/span>? G\u00e9n\u00e9ralement exp\u00e9di\u00e9 le m\u00eame jour<br \/>\n<\/strong><strong><span style=\"color: #00ff00;\">\u221a<\/span> <span style=\"color: #ff6600;\">14 jours<\/span> de r\u00e9flexion<br \/>\n<\/strong><strong><span style=\"color: #00ff00;\">\u221a<\/span> Convient pour les <span style=\"color: #ff6600;\">LED<\/span><\/strong><\/p>\n<ul>\n<li><strong>Diam\u00e8tre : 47 cm<\/strong><\/li>\n<li><strong>Hauteur : 18 cm<\/strong><\/li>\n<\/ul>\n","protected":false},"featured_media":56728,"template":"","meta":{"_uag_custom_page_level_css":"","site-sidebar-layout":"default","site-content-layout":"default","ast-site-content-layout":"default","site-content-style":"default","site-sidebar-style":"default","ast-global-header-display":"","ast-banner-title-visibility":"","ast-main-header-display":"","ast-hfb-above-header-display":"","ast-hfb-below-header-display":"","ast-hfb-mobile-header-display":"","site-post-title":"","ast-breadcrumbs-content":"","ast-featured-img":"","footer-sml-layout":"","ast-disable-related-posts":"","theme-transparent-header-meta":"default","adv-header-id-meta":"","stick-header-meta":"","header-above-stick-meta":"","header-main-stick-meta":"","header-below-stick-meta":"","astra-migrate-meta-layouts":"set","ast-page-background-enabled":"default","ast-page-background-meta":{"desktop":{"background-color":"var(--ast-global-color-4)","background-image":"","background-repeat":"repeat","background-position":"center center","background-size":"auto","background-attachment":"scroll","background-type":"","background-media":"","overlay-type":"","overlay-color":"","overlay-opacity":"","overlay-gradient":""},"tablet":{"background-color":"","background-image":"","background-repeat":"repeat","background-position":"center center","background-size":"auto","background-attachment":"scroll","background-type":"","background-media":"","overlay-type":"","overlay-color":"","overlay-opacity":"","overlay-gradient":""},"mobile":{"background-color":"","background-image":"","background-repeat":"repeat","background-position":"center center","background-size":"auto","background-attachment":"scroll","background-type":"","background-media":"","overlay-type":"","overlay-color":"","overlay-opacity":"","overlay-gradient":""}},"ast-content-background-meta":{"desktop":{"background-color":"var(--ast-global-color-5)","background-image":"","background-repeat":"repeat","background-position":"center center","background-size":"auto","background-attachment":"scroll","background-type":"","background-media":"","overlay-type":"","overlay-color":"","overlay-opacity":"","overlay-gradient":""},"tablet":{"background-color":"var(--ast-global-color-5)","background-image":"","background-repeat":"repeat","background-position":"center center","background-size":"auto","background-attachment":"scroll","background-type":"","background-media":"","overlay-type":"","overlay-color":"","overlay-opacity":"","overlay-gradient":""},"mobile":{"background-color":"var(--ast-global-color-5)","background-image":"","background-repeat":"repeat","background-position":"center center","background-size":"auto","background-attachment":"scroll","background-type":"","background-media":"","overlay-type":"","overlay-color":"","overlay-opacity":"","overlay-gradient":""}}},"product_brand":[],"product_cat":[459,499,337,336,338,333,604],"product_tag":[593],"class_list":{"0":"post-56693","1":"product","2":"type-product","3":"status-publish","4":"has-post-thumbnail","6":"product_cat-collection-de-couleurs","7":"product_cat-eclairage-de-bureau-fr","8":"product_cat-eclairage-de-la-chambre","9":"product_cat-eclairage-de-la-cuisine","10":"product_cat-eclairage-du-salon","11":"product_cat-suspensions-scandinaves","12":"product_cat-voir-notre-collection-complete","13":"product_tag-taupe-fr","14":"desktop-align-center","15":"tablet-align-left","16":"mobile-align-left","18":"first","19":"instock","20":"taxable","21":"shipping-taxable","22":"purchasable","23":"product-type-simple"},"yoast_head":"<!-- This site is optimized with the Yoast SEO plugin v27.4 - https:\/\/yoast.com\/product\/yoast-seo-wordpress\/ -->\n<title>Lampe suspendue de table \u00e0 manger scandinave \u00e9l\u00e9gante en taupe<\/title>\n<meta name=\"description\" content=\"Cette charmante lampe est un excellent ajout \u00e0 toute table \u00e0 manger. Cette lampe suspendue de table \u00e0 manger a \u00e9t\u00e9 recouverte d&#039;un rev\u00eatement en poudre dans un abat-jour taupe moderne.\" \/>\n<meta name=\"robots\" content=\"index, follow, max-snippet:-1, max-image-preview:large, max-video-preview:-1\" \/>\n<link rel=\"canonical\" href=\"https:\/\/scandinavischelampen.nl\/fr\/produit\/table-a-manger-scandinave-taupe-lampe-suspendue-eclairage-elegant-2\/\" \/>\n<meta property=\"og:locale\" content=\"fr_FR\" \/>\n<meta property=\"og:type\" content=\"article\" \/>\n<meta property=\"og:title\" content=\"Lampe suspendue de table \u00e0 manger scandinave \u00e9l\u00e9gante en taupe\" \/>\n<meta property=\"og:description\" content=\"Cette charmante lampe est un excellent ajout \u00e0 toute table \u00e0 manger. Cette lampe suspendue de table \u00e0 manger a \u00e9t\u00e9 recouverte d&#039;un rev\u00eatement en poudre dans un abat-jour taupe moderne.\" \/>\n<meta property=\"og:url\" content=\"https:\/\/scandinavischelampen.nl\/fr\/produit\/table-a-manger-scandinave-taupe-lampe-suspendue-eclairage-elegant-2\/\" \/>\n<meta property=\"og:site_name\" content=\"Lampes Scandinaves\" \/>\n<meta property=\"article:publisher\" content=\"https:\/\/www.facebook.com\/scandinavischelampen\/\" \/>\n<meta property=\"article:modified_time\" content=\"2025-04-30T12:27:49+00:00\" \/>\n<meta property=\"og:image\" content=\"https:\/\/i0.wp.com\/scandinavischelampen.nl\/wp-content\/uploads\/2025\/04\/IMG_6794-2-kopie-scaled.jpg?fit=1920%2C2560&ssl=1\" \/>\n\t<meta property=\"og:image:width\" content=\"1920\" \/>\n\t<meta property=\"og:image:height\" content=\"2560\" \/>\n\t<meta property=\"og:image:type\" content=\"image\/jpeg\" \/>\n<meta name=\"twitter:card\" content=\"summary_large_image\" \/>\n<meta name=\"twitter:label1\" content=\"Dur\u00e9e de lecture estim\u00e9e\" \/>\n\t<meta name=\"twitter:data1\" content=\"2 minutes\" \/>\n<script type=\"application\/ld+json\" class=\"yoast-schema-graph\">{\"@context\":\"https:\\\/\\\/schema.org\",\"@graph\":[{\"@type\":\"WebPage\",\"@id\":\"https:\\\/\\\/scandinavischelampen.nl\\\/fr\\\/produit\\\/table-a-manger-scandinave-taupe-lampe-suspendue-eclairage-elegant-2\\\/\",\"url\":\"https:\\\/\\\/scandinavischelampen.nl\\\/fr\\\/produit\\\/table-a-manger-scandinave-taupe-lampe-suspendue-eclairage-elegant-2\\\/\",\"name\":\"Lampe suspendue de table \u00e0 manger scandinave \u00e9l\u00e9gante en taupe\",\"isPartOf\":{\"@id\":\"https:\\\/\\\/scandinavischelampen.nl\\\/fr\\\/#website\"},\"primaryImageOfPage\":{\"@id\":\"https:\\\/\\\/scandinavischelampen.nl\\\/fr\\\/produit\\\/table-a-manger-scandinave-taupe-lampe-suspendue-eclairage-elegant-2\\\/#primaryimage\"},\"image\":{\"@id\":\"https:\\\/\\\/scandinavischelampen.nl\\\/fr\\\/produit\\\/table-a-manger-scandinave-taupe-lampe-suspendue-eclairage-elegant-2\\\/#primaryimage\"},\"thumbnailUrl\":\"https:\\\/\\\/i0.wp.com\\\/scandinavischelampen.nl\\\/wp-content\\\/uploads\\\/2025\\\/04\\\/IMG_6794-2-kopie-scaled.jpg?fit=1920%2C2560&ssl=1\",\"datePublished\":\"2025-04-30T12:15:57+00:00\",\"dateModified\":\"2025-04-30T12:27:49+00:00\",\"description\":\"Cette charmante lampe est un excellent ajout \u00e0 toute table \u00e0 manger. Cette lampe suspendue de table \u00e0 manger a \u00e9t\u00e9 recouverte d'un rev\u00eatement en poudre dans un abat-jour taupe moderne.\",\"breadcrumb\":{\"@id\":\"https:\\\/\\\/scandinavischelampen.nl\\\/fr\\\/produit\\\/table-a-manger-scandinave-taupe-lampe-suspendue-eclairage-elegant-2\\\/#breadcrumb\"},\"inLanguage\":\"fr-FR\",\"potentialAction\":[{\"@type\":\"ReadAction\",\"target\":[\"https:\\\/\\\/scandinavischelampen.nl\\\/fr\\\/produit\\\/table-a-manger-scandinave-taupe-lampe-suspendue-eclairage-elegant-2\\\/\"]}]},{\"@type\":\"ImageObject\",\"inLanguage\":\"fr-FR\",\"@id\":\"https:\\\/\\\/scandinavischelampen.nl\\\/fr\\\/produit\\\/table-a-manger-scandinave-taupe-lampe-suspendue-eclairage-elegant-2\\\/#primaryimage\",\"url\":\"https:\\\/\\\/i0.wp.com\\\/scandinavischelampen.nl\\\/wp-content\\\/uploads\\\/2025\\\/04\\\/IMG_6794-2-kopie-scaled.jpg?fit=1920%2C2560&ssl=1\",\"contentUrl\":\"https:\\\/\\\/i0.wp.com\\\/scandinavischelampen.nl\\\/wp-content\\\/uploads\\\/2025\\\/04\\\/IMG_6794-2-kopie-scaled.jpg?fit=1920%2C2560&ssl=1\",\"width\":1920,\"height\":2560,\"caption\":\"Suspension de table \u00e0 manger scandinave taupe - \u00c9clairage \u00e9l\u00e9gant\"},{\"@type\":\"BreadcrumbList\",\"@id\":\"https:\\\/\\\/scandinavischelampen.nl\\\/fr\\\/produit\\\/table-a-manger-scandinave-taupe-lampe-suspendue-eclairage-elegant-2\\\/#breadcrumb\",\"itemListElement\":[{\"@type\":\"ListItem\",\"position\":1,\"name\":\"Home\",\"item\":\"https:\\\/\\\/scandinavischelampen.nl\\\/fr\\\/\"},{\"@type\":\"ListItem\",\"position\":2,\"name\":\"Boutique\",\"item\":\"https:\\\/\\\/scandinavischelampen.nl\\\/fr\\\/boutique\\\/\"},{\"@type\":\"ListItem\",\"position\":3,\"name\":\"Suspension de table \u00e0 manger scandinave taupe &#8211; \u00c9clairage \u00e9l\u00e9gant\"}]},{\"@type\":\"WebSite\",\"@id\":\"https:\\\/\\\/scandinavischelampen.nl\\\/fr\\\/#website\",\"url\":\"https:\\\/\\\/scandinavischelampen.nl\\\/fr\\\/\",\"name\":\"Scandinavische Lampen\",\"description\":\"Luminaire design vintage\",\"publisher\":{\"@id\":\"https:\\\/\\\/scandinavischelampen.nl\\\/fr\\\/#organization\"},\"potentialAction\":[{\"@type\":\"SearchAction\",\"target\":{\"@type\":\"EntryPoint\",\"urlTemplate\":\"https:\\\/\\\/scandinavischelampen.nl\\\/fr\\\/?s={search_term_string}\"},\"query-input\":{\"@type\":\"PropertyValueSpecification\",\"valueRequired\":true,\"valueName\":\"search_term_string\"}}],\"inLanguage\":\"fr-FR\"},{\"@type\":\"Organization\",\"@id\":\"https:\\\/\\\/scandinavischelampen.nl\\\/fr\\\/#organization\",\"name\":\"Scandinavische Lampen\",\"url\":\"https:\\\/\\\/scandinavischelampen.nl\\\/fr\\\/\",\"logo\":{\"@type\":\"ImageObject\",\"inLanguage\":\"fr-FR\",\"@id\":\"https:\\\/\\\/scandinavischelampen.nl\\\/fr\\\/#\\\/schema\\\/logo\\\/image\\\/\",\"url\":\"https:\\\/\\\/i0.wp.com\\\/scandinavischelampen.nl\\\/wp-content\\\/uploads\\\/2023\\\/07\\\/cropped-Scandinavische-lampen-logo-oranje-01-scaled.png?fit=4717%2C1570&ssl=1\",\"contentUrl\":\"https:\\\/\\\/i0.wp.com\\\/scandinavischelampen.nl\\\/wp-content\\\/uploads\\\/2023\\\/07\\\/cropped-Scandinavische-lampen-logo-oranje-01-scaled.png?fit=4717%2C1570&ssl=1\",\"width\":4717,\"height\":1570,\"caption\":\"Scandinavische Lampen\"},\"image\":{\"@id\":\"https:\\\/\\\/scandinavischelampen.nl\\\/fr\\\/#\\\/schema\\\/logo\\\/image\\\/\"},\"sameAs\":[\"https:\\\/\\\/www.facebook.com\\\/scandinavischelampen\\\/\",\"https:\\\/\\\/www.instagram.com\\\/scandinavische_lampen\\\/\"]}]}<\/script>\n<!-- \/ Yoast SEO plugin. -->","yoast_head_json":{"title":"Lampe suspendue de table \u00e0 manger scandinave \u00e9l\u00e9gante en taupe","description":"Cette charmante lampe est un excellent ajout \u00e0 toute table \u00e0 manger. Cette lampe suspendue de table \u00e0 manger a \u00e9t\u00e9 recouverte d'un rev\u00eatement en poudre dans un abat-jour taupe moderne.","robots":{"index":"index","follow":"follow","max-snippet":"max-snippet:-1","max-image-preview":"max-image-preview:large","max-video-preview":"max-video-preview:-1"},"canonical":"https:\/\/scandinavischelampen.nl\/fr\/produit\/table-a-manger-scandinave-taupe-lampe-suspendue-eclairage-elegant-2\/","og_locale":"fr_FR","og_type":"article","og_title":"Lampe suspendue de table \u00e0 manger scandinave \u00e9l\u00e9gante en taupe","og_description":"Cette charmante lampe est un excellent ajout \u00e0 toute table \u00e0 manger. Cette lampe suspendue de table \u00e0 manger a \u00e9t\u00e9 recouverte d'un rev\u00eatement en poudre dans un abat-jour taupe moderne.","og_url":"https:\/\/scandinavischelampen.nl\/fr\/produit\/table-a-manger-scandinave-taupe-lampe-suspendue-eclairage-elegant-2\/","og_site_name":"Lampes Scandinaves","article_publisher":"https:\/\/www.facebook.com\/scandinavischelampen\/","article_modified_time":"2025-04-30T12:27:49+00:00","og_image":[{"width":1920,"height":2560,"url":"https:\/\/i0.wp.com\/scandinavischelampen.nl\/wp-content\/uploads\/2025\/04\/IMG_6794-2-kopie-scaled.jpg?fit=1920%2C2560&ssl=1","type":"image\/jpeg"}],"twitter_card":"summary_large_image","twitter_misc":{"Dur\u00e9e de lecture estim\u00e9e":"2 minutes"},"schema":{"@context":"https:\/\/schema.org","@graph":[{"@type":"WebPage","@id":"https:\/\/scandinavischelampen.nl\/fr\/produit\/table-a-manger-scandinave-taupe-lampe-suspendue-eclairage-elegant-2\/","url":"https:\/\/scandinavischelampen.nl\/fr\/produit\/table-a-manger-scandinave-taupe-lampe-suspendue-eclairage-elegant-2\/","name":"Lampe suspendue de table \u00e0 manger scandinave \u00e9l\u00e9gante en taupe","isPartOf":{"@id":"https:\/\/scandinavischelampen.nl\/fr\/#website"},"primaryImageOfPage":{"@id":"https:\/\/scandinavischelampen.nl\/fr\/produit\/table-a-manger-scandinave-taupe-lampe-suspendue-eclairage-elegant-2\/#primaryimage"},"image":{"@id":"https:\/\/scandinavischelampen.nl\/fr\/produit\/table-a-manger-scandinave-taupe-lampe-suspendue-eclairage-elegant-2\/#primaryimage"},"thumbnailUrl":"https:\/\/i0.wp.com\/scandinavischelampen.nl\/wp-content\/uploads\/2025\/04\/IMG_6794-2-kopie-scaled.jpg?fit=1920%2C2560&ssl=1","datePublished":"2025-04-30T12:15:57+00:00","dateModified":"2025-04-30T12:27:49+00:00","description":"Cette charmante lampe est un excellent ajout \u00e0 toute table \u00e0 manger. Cette lampe suspendue de table \u00e0 manger a \u00e9t\u00e9 recouverte d'un rev\u00eatement en poudre dans un abat-jour taupe moderne.","breadcrumb":{"@id":"https:\/\/scandinavischelampen.nl\/fr\/produit\/table-a-manger-scandinave-taupe-lampe-suspendue-eclairage-elegant-2\/#breadcrumb"},"inLanguage":"fr-FR","potentialAction":[{"@type":"ReadAction","target":["https:\/\/scandinavischelampen.nl\/fr\/produit\/table-a-manger-scandinave-taupe-lampe-suspendue-eclairage-elegant-2\/"]}]},{"@type":"ImageObject","inLanguage":"fr-FR","@id":"https:\/\/scandinavischelampen.nl\/fr\/produit\/table-a-manger-scandinave-taupe-lampe-suspendue-eclairage-elegant-2\/#primaryimage","url":"https:\/\/i0.wp.com\/scandinavischelampen.nl\/wp-content\/uploads\/2025\/04\/IMG_6794-2-kopie-scaled.jpg?fit=1920%2C2560&ssl=1","contentUrl":"https:\/\/i0.wp.com\/scandinavischelampen.nl\/wp-content\/uploads\/2025\/04\/IMG_6794-2-kopie-scaled.jpg?fit=1920%2C2560&ssl=1","width":1920,"height":2560,"caption":"Suspension de table \u00e0 manger scandinave taupe - \u00c9clairage \u00e9l\u00e9gant"},{"@type":"BreadcrumbList","@id":"https:\/\/scandinavischelampen.nl\/fr\/produit\/table-a-manger-scandinave-taupe-lampe-suspendue-eclairage-elegant-2\/#breadcrumb","itemListElement":[{"@type":"ListItem","position":1,"name":"Home","item":"https:\/\/scandinavischelampen.nl\/fr\/"},{"@type":"ListItem","position":2,"name":"Boutique","item":"https:\/\/scandinavischelampen.nl\/fr\/boutique\/"},{"@type":"ListItem","position":3,"name":"Suspension de table \u00e0 manger scandinave taupe &#8211; \u00c9clairage \u00e9l\u00e9gant"}]},{"@type":"WebSite","@id":"https:\/\/scandinavischelampen.nl\/fr\/#website","url":"https:\/\/scandinavischelampen.nl\/fr\/","name":"Scandinavische Lampen","description":"Luminaire design vintage","publisher":{"@id":"https:\/\/scandinavischelampen.nl\/fr\/#organization"},"potentialAction":[{"@type":"SearchAction","target":{"@type":"EntryPoint","urlTemplate":"https:\/\/scandinavischelampen.nl\/fr\/?s={search_term_string}"},"query-input":{"@type":"PropertyValueSpecification","valueRequired":true,"valueName":"search_term_string"}}],"inLanguage":"fr-FR"},{"@type":"Organization","@id":"https:\/\/scandinavischelampen.nl\/fr\/#organization","name":"Scandinavische Lampen","url":"https:\/\/scandinavischelampen.nl\/fr\/","logo":{"@type":"ImageObject","inLanguage":"fr-FR","@id":"https:\/\/scandinavischelampen.nl\/fr\/#\/schema\/logo\/image\/","url":"https:\/\/i0.wp.com\/scandinavischelampen.nl\/wp-content\/uploads\/2023\/07\/cropped-Scandinavische-lampen-logo-oranje-01-scaled.png?fit=4717%2C1570&ssl=1","contentUrl":"https:\/\/i0.wp.com\/scandinavischelampen.nl\/wp-content\/uploads\/2023\/07\/cropped-Scandinavische-lampen-logo-oranje-01-scaled.png?fit=4717%2C1570&ssl=1","width":4717,"height":1570,"caption":"Scandinavische Lampen"},"image":{"@id":"https:\/\/scandinavischelampen.nl\/fr\/#\/schema\/logo\/image\/"},"sameAs":["https:\/\/www.facebook.com\/scandinavischelampen\/","https:\/\/www.instagram.com\/scandinavische_lampen\/"]}]}},"uagb_featured_image_src":{"full":["https:\/\/i0.wp.com\/scandinavischelampen.nl\/wp-content\/uploads\/2025\/04\/IMG_6794-2-kopie-scaled.jpg?fit=1920%2C2560&ssl=1",1920,2560,false],"thumbnail":["https:\/\/i0.wp.com\/scandinavischelampen.nl\/wp-content\/uploads\/2025\/04\/IMG_6794-2-kopie-scaled.jpg?resize=150%2C150&ssl=1",150,150,true],"medium":["https:\/\/i0.wp.com\/scandinavischelampen.nl\/wp-content\/uploads\/2025\/04\/IMG_6794-2-kopie-scaled.jpg?fit=225%2C300&ssl=1",225,300,true],"medium_large":["https:\/\/i0.wp.com\/scandinavischelampen.nl\/wp-content\/uploads\/2025\/04\/IMG_6794-2-kopie-scaled.jpg?fit=768%2C1024&ssl=1",768,1024,true],"large":["https:\/\/i0.wp.com\/scandinavischelampen.nl\/wp-content\/uploads\/2025\/04\/IMG_6794-2-kopie-scaled.jpg?fit=768%2C1024&ssl=1",768,1024,true],"1536x1536":["https:\/\/i0.wp.com\/scandinavischelampen.nl\/wp-content\/uploads\/2025\/04\/IMG_6794-2-kopie-scaled.jpg?fit=1152%2C1536&ssl=1",1152,1536,true],"2048x2048":["https:\/\/i0.wp.com\/scandinavischelampen.nl\/wp-content\/uploads\/2025\/04\/IMG_6794-2-kopie-scaled.jpg?fit=1536%2C2048&ssl=1",1536,2048,true],"woocommerce_thumbnail":["https:\/\/i0.wp.com\/scandinavischelampen.nl\/wp-content\/uploads\/2025\/04\/IMG_6794-2-kopie-scaled.jpg?resize=300%2C300&ssl=1",300,300,true],"woocommerce_single":["https:\/\/i0.wp.com\/scandinavischelampen.nl\/wp-content\/uploads\/2025\/04\/IMG_6794-2-kopie-scaled.jpg?fit=600%2C800&ssl=1",600,800,true],"woocommerce_gallery_thumbnail":["https:\/\/i0.wp.com\/scandinavischelampen.nl\/wp-content\/uploads\/2025\/04\/IMG_6794-2-kopie-scaled.jpg?resize=100%2C100&ssl=1",100,100,true],"thaps-thumb-img":["https:\/\/i0.wp.com\/scandinavischelampen.nl\/wp-content\/uploads\/2025\/04\/IMG_6794-2-kopie-scaled.jpg?resize=48%2C64&ssl=1",48,64,true]},"uagb_author_info":{"display_name":"administrator","author_link":"https:\/\/scandinavischelampen.nl\/fr\/author\/"},"uagb_comment_info":0,"uagb_excerpt":"\u221a Livraison gratuite en Europe d\u00e8s 350 \u20ac \u221a Command\u00e9 avant 16h00? G\u00e9n\u00e9ralement exp\u00e9di\u00e9 le m\u00eame jour \u221a 14 jours de r\u00e9flexion \u221a Convient pour les LED Diam\u00e8tre : 47 cm Hauteur : 18 cm","jetpack_sharing_enabled":true,"_links":{"self":[{"href":"https:\/\/scandinavischelampen.nl\/fr\/wp-json\/wp\/v2\/product\/56693","targetHints":{"allow":["GET"]}}],"collection":[{"href":"https:\/\/scandinavischelampen.nl\/fr\/wp-json\/wp\/v2\/product"}],"about":[{"href":"https:\/\/scandinavischelampen.nl\/fr\/wp-json\/wp\/v2\/types\/product"}],"wp:featuredmedia":[{"embeddable":true,"href":"https:\/\/scandinavischelampen.nl\/fr\/wp-json\/wp\/v2\/media\/56728"}],"wp:attachment":[{"href":"https:\/\/scandinavischelampen.nl\/fr\/wp-json\/wp\/v2\/media?parent=56693"}],"wp:term":[{"taxonomy":"product_brand","embeddable":true,"href":"https:\/\/scandinavischelampen.nl\/fr\/wp-json\/wp\/v2\/product_brand?post=56693"},{"taxonomy":"product_cat","embeddable":true,"href":"https:\/\/scandinavischelampen.nl\/fr\/wp-json\/wp\/v2\/product_cat?post=56693"},{"taxonomy":"product_tag","embeddable":true,"href":"https:\/\/scandinavischelampen.nl\/fr\/wp-json\/wp\/v2\/product_tag?post=56693"}],"curies":[{"name":"wp","href":"https:\/\/api.w.org\/{rel}","templated":true}]}}