{"id":56665,"date":"2025-04-30T12:31:10","date_gmt":"2025-04-30T10:31:10","guid":{"rendered":"https:\/\/scandinavischelampen.nl\/?post_type=product&#038;p=56665"},"modified":"2025-04-30T12:45:20","modified_gmt":"2025-04-30T10:45:20","slug":"suspension-lyfa-type-4108-taupe-clair","status":"publish","type":"product","link":"https:\/\/scandinavischelampen.nl\/fr\/produit\/suspension-lyfa-type-4108-taupe-clair\/","title":{"rendered":"Suspension Lyfa Type 4108 Taupe Clair"},"content":{"rendered":"<h2>Suspension Lyfa Type 4108 Taupe Clair<\/h2>\n<p class=\"\" data-start=\"104\" data-end=\"381\">Vous recherchez le compl\u00e9ment parfait \u00e0 votre int\u00e9rieur moderne ? D\u00e9couvrez cette magnifique suspension vintage de Lyfa, type 4108, dans une \u00e9l\u00e9gante couleur taupe clair. Cette lampe unique est rev\u00eatue de poudre dans une palette de couleurs contemporaines et apporte une atmosph\u00e8re raffin\u00e9e \u00e0 n&rsquo;importe quelle pi\u00e8ce.  <\/p>\n<p class=\"\" data-start=\"383\" data-end=\"671\">Initialement finie en blanc, cette lampe a retrouv\u00e9 une nouvelle vie gr\u00e2ce \u00e0 une restauration minutieuse. Les bols ont \u00e9t\u00e9 recouverts d&rsquo;un \u00e9l\u00e9gant abat-jour taupe, garantissant que la lampe est non seulement en excellent \u00e9tat, mais a \u00e9galement subi une transformation \u00e9l\u00e9gante. <\/p>\n<p class=\"\" data-start=\"673\" data-end=\"891\">La douce couleur taupe fait de cette lampe le choix id\u00e9al pour tout int\u00e9rieur moderne. Le design minimaliste ajoute une touche de charme vintage, tandis que la finition contemporaine s&rsquo;int\u00e8gre parfaitement aux tendances int\u00e9rieures actuelles. <\/p>\n<p class=\"\" data-start=\"893\" data-end=\"1205\">Profitez du jeu subtil d&rsquo;ombre et de lumi\u00e8re, r\u00e9parti sur les diff\u00e9rentes couches de cette lampe sp\u00e9ciale. Que vous recherchiez l&rsquo;\u00e9clairage parfait pour votre table \u00e0 manger ou que vous souhaitiez ajouter une touche \u00e9l\u00e9gante \u00e0 votre salon, cette lampe suspendue Lyfa fournit non seulement de la lumi\u00e8re, mais \u00e9galement une d\u00e9claration de style incomparable. <\/p>\n<h2 data-start=\"1207\" data-end=\"1456\"><strong data-start=\"1207\" data-end=\"1243\">\u00c9tat <\/strong><strong data-start=\"1458\" data-end=\"1507\">Suspension Taupe \u2013 Lyfa Type 4108<\/strong><\/h2>\n<p class=\"\" data-start=\"1207\" data-end=\"1456\">Cette suspension, produite dans les ann\u00e9es 1980, est en excellent \u00e9tat gr\u00e2ce \u00e0 un rev\u00eatement en poudre renouvel\u00e9 et un c\u00e2blage renouvel\u00e9. Elle est la combinaison parfaite du charme r\u00e9tro et de la fonctionnalit\u00e9 moderne. <\/p>\n<h2 data-start=\"1458\" data-end=\"1507\"><strong data-start=\"1458\" data-end=\"1507\">Sp\u00e9cifications Lampe suspendue Taupe \u2013 Lyfa Type 4108<\/strong><\/h2>\n<ul>\n<li>Diam\u00e8tre : 32 cm<\/li>\n<li>Hauteur : 22 cm<\/li>\n<li>Longueur du cordon : 200 cm (r\u00e9glable lors de l&rsquo;installation)<\/li>\n<li>Mat\u00e9riau : acier<\/li>\n<li>Couleur : Taupe clair<\/li>\n<li>Couleur du cordon : Blanc<\/li>\n<li>Puissance maximale : 60W<\/li>\n<li>Culot: E27<\/li>\n<li>Compatible avec des ampoules LED<\/li>\n<li>Poids : 1,1 kg par lampe<\/li>\n<\/ul>\n<h2><strong>\u00c0 propos de Lyfa<\/strong><\/h2>\n<p style=\"font-weight: 400;\">Lyfa a produit de l&rsquo;\u00e9clairage de mani\u00e8re ind\u00e9pendante jusqu&rsquo;\u00e0 la fin des ann\u00e9es 1970. \u00c0 la fin des ann\u00e9es 1970, Fog &amp; Morup a fusionn\u00e9 avec Lyfa. Et quelques ann\u00e9es apr\u00e8s le d\u00e9part \u00e0 la retraite de Jo Hammerborg en 1980, Lyfa-Fog &amp; Morup est repris par Lyskaer. Lyskaer-Lyfa a exist\u00e9 jusqu&rsquo;en 1991, date \u00e0 laquelle elle a \u00e9t\u00e9 reprise par Horn Belysning (Lightyears). <a href=\"https:\/\/scandinavischelampen.nl\/product-categorie\/merken\/lyfa\/?v=796834e7a283\">D\u00e9couvrez notre collection compl\u00e8te de lampes Lyfa ici.<\/a><\/p>\n<div class=\"flex flex-grow flex-col max-w-full\">\n<div class=\"min-h-[20px] text-message flex flex-col items-start gap-3 whitespace-pre-wrap break-words [.text-message+&amp;]:mt-5 overflow-x-auto\" data-message-author-role=\"assistant\" data-message-id=\"ed6ec4d1-dac5-488b-add5-572c4f7089af\">\n<div class=\"markdown prose w-full break-words dark:prose-invert light\">\n<div class=\"flex max-w-full flex-col flex-grow\">\n<div class=\"min-h-8 text-message flex w-full flex-col items-end gap-2 whitespace-normal break-words [.text-message+&amp;]:mt-5\" dir=\"auto\" data-message-author-role=\"assistant\" data-message-id=\"f691000c-a62c-4d3e-956a-1e2a819897ed\" data-message-model-slug=\"gpt-4o-mini\">\n<div class=\"flex w-full flex-col gap-1 empty:hidden first:pt-[3px]\">\n<div class=\"markdown prose w-full break-words dark:prose-invert light\">\n<h2 style=\"font-weight: 400;\"><strong>Qu&rsquo;est-ce qui rend cet ensemble de lampes suspendues sp\u00e9cial ?<\/strong><\/h2>\n<div class=\"flex flex-grow flex-col max-w-full\">\n<div class=\"min-h-[20px] text-message flex flex-col items-start gap-3 whitespace-pre-wrap break-words [.text-message+&amp;]:mt-5 overflow-x-auto\" data-message-author-role=\"assistant\" data-message-id=\"ed6ec4d1-dac5-488b-add5-572c4f7089af\">\n<div class=\"markdown prose w-full break-words dark:prose-invert light\">\n<div class=\"flex max-w-full flex-col flex-grow\">\n<div class=\"min-h-8 text-message flex w-full flex-col items-end gap-2 whitespace-normal break-words [.text-message+&amp;]:mt-5\" dir=\"auto\" data-message-author-role=\"assistant\" data-message-id=\"f691000c-a62c-4d3e-956a-1e2a819897ed\" data-message-model-slug=\"gpt-4o-mini\">\n<div class=\"flex w-full flex-col gap-1 empty:hidden first:pt-[3px]\">\n<div class=\"markdown prose w-full break-words dark:prose-invert light\">\n<p>Cette lampe suspendue est un v\u00e9ritable accroche-regard. Avec ses contours \u00e9l\u00e9gants et sa belle couleur taupe clair, il est absolument unique. Que vous l&rsquo;accrochiez dans la cuisine ou au-dessus de votre table \u00e0 manger, cette lampe vintage donne \u00e0 votre int\u00e9rieur la touche finale parfaite. Laissez votre espace briller avec ces accroche-regards saisissants !   <\/p>\n<\/div>\n<\/div>\n<\/div>\n<\/div>\n<\/div>\n<\/div>\n<\/div>\n<\/div>\n<\/div>\n<\/div>\n<\/div>\n<\/div>\n<\/div>\n<\/div>\n","protected":false},"excerpt":{"rendered":"<p><strong><span style=\"color: #00ff00;\">\u221a<\/span> <span style=\"color: #ff6600;\">Livraison gratuite en Europe d\u00e8s 350 \u20ac<\/span><br \/>\n<\/strong><strong><span style=\"color: #00ff00;\">\u221a<\/span> Command\u00e9 avant <span style=\"color: #ff6600;\">16h00<\/span>? G\u00e9n\u00e9ralement exp\u00e9di\u00e9 le m\u00eame jour<br \/>\n<\/strong><strong><span style=\"color: #00ff00;\">\u221a<\/span> <span style=\"color: #ff6600;\">14 jours<\/span> de r\u00e9flexion<br \/>\n<\/strong><strong><span style=\"color: #00ff00;\">\u221a<\/span> Convient pour les <span style=\"color: #ff6600;\">LED<\/span><\/strong><\/p>\n<ul style=\"font-weight: 400;\">\n<li><strong>Diam\u00e8tre : 32 cm<\/strong><\/li>\n<li><strong>Hauteur : 22 cm<\/strong><\/li>\n<\/ul>\n","protected":false},"featured_media":56668,"template":"","meta":{"_uag_custom_page_level_css":"","site-sidebar-layout":"default","site-content-layout":"default","ast-site-content-layout":"default","site-content-style":"default","site-sidebar-style":"default","ast-global-header-display":"","ast-banner-title-visibility":"","ast-main-header-display":"","ast-hfb-above-header-display":"","ast-hfb-below-header-display":"","ast-hfb-mobile-header-display":"","site-post-title":"","ast-breadcrumbs-content":"","ast-featured-img":"","footer-sml-layout":"","ast-disable-related-posts":"","theme-transparent-header-meta":"default","adv-header-id-meta":"","stick-header-meta":"","header-above-stick-meta":"","header-main-stick-meta":"","header-below-stick-meta":"","astra-migrate-meta-layouts":"set","ast-page-background-enabled":"default","ast-page-background-meta":{"desktop":{"background-color":"var(--ast-global-color-4)","background-image":"","background-repeat":"repeat","background-position":"center center","background-size":"auto","background-attachment":"scroll","background-type":"","background-media":"","overlay-type":"","overlay-color":"","overlay-opacity":"","overlay-gradient":""},"tablet":{"background-color":"","background-image":"","background-repeat":"repeat","background-position":"center center","background-size":"auto","background-attachment":"scroll","background-type":"","background-media":"","overlay-type":"","overlay-color":"","overlay-opacity":"","overlay-gradient":""},"mobile":{"background-color":"","background-image":"","background-repeat":"repeat","background-position":"center center","background-size":"auto","background-attachment":"scroll","background-type":"","background-media":"","overlay-type":"","overlay-color":"","overlay-opacity":"","overlay-gradient":""}},"ast-content-background-meta":{"desktop":{"background-color":"var(--ast-global-color-5)","background-image":"","background-repeat":"repeat","background-position":"center center","background-size":"auto","background-attachment":"scroll","background-type":"","background-media":"","overlay-type":"","overlay-color":"","overlay-opacity":"","overlay-gradient":""},"tablet":{"background-color":"var(--ast-global-color-5)","background-image":"","background-repeat":"repeat","background-position":"center center","background-size":"auto","background-attachment":"scroll","background-type":"","background-media":"","overlay-type":"","overlay-color":"","overlay-opacity":"","overlay-gradient":""},"mobile":{"background-color":"var(--ast-global-color-5)","background-image":"","background-repeat":"repeat","background-position":"center center","background-size":"auto","background-attachment":"scroll","background-type":"","background-media":"","overlay-type":"","overlay-color":"","overlay-opacity":"","overlay-gradient":""}}},"product_brand":[],"product_cat":[459,499,353,337,336,338,367,333,335,604],"product_tag":[593],"class_list":{"0":"post-56665","1":"product","2":"type-product","3":"status-publish","4":"has-post-thumbnail","6":"product_cat-collection-de-couleurs","7":"product_cat-eclairage-de-bureau-fr","8":"product_cat-eclairage-de-couloir","9":"product_cat-eclairage-de-la-chambre","10":"product_cat-eclairage-de-la-cuisine","11":"product_cat-eclairage-du-salon","12":"product_cat-lyfa-lampes-fr","13":"product_cat-suspensions-scandinaves","14":"product_cat-suspensions-pour-table-a-manger","15":"product_cat-voir-notre-collection-complete","16":"product_tag-taupe-fr","17":"desktop-align-center","18":"tablet-align-left","19":"mobile-align-left","21":"first","22":"instock","23":"taxable","24":"shipping-taxable","25":"purchasable","26":"product-type-simple"},"yoast_head":"<!-- This site is optimized with the Yoast SEO plugin v27.4 - https:\/\/yoast.com\/product\/yoast-seo-wordpress\/ -->\n<title>Suspension Lyfa Type 4108 Taupe Clair<\/title>\n<meta name=\"description\" content=\"Ajoutez une touche de charme r\u00e9tro \u00e0 votre int\u00e9rieur avec cette suspension Lyfa taupe clair. Parfait pour n&#039;importe quelle pi\u00e8ce, de la cuisine au coin salon.\" \/>\n<meta name=\"robots\" content=\"index, follow, max-snippet:-1, max-image-preview:large, max-video-preview:-1\" \/>\n<link rel=\"canonical\" href=\"https:\/\/scandinavischelampen.nl\/fr\/produit\/suspension-lyfa-type-4108-taupe-clair\/\" \/>\n<meta property=\"og:locale\" content=\"fr_FR\" \/>\n<meta property=\"og:type\" content=\"article\" \/>\n<meta property=\"og:title\" content=\"Suspension Lyfa Type 4108 Taupe Clair\" \/>\n<meta property=\"og:description\" content=\"Ajoutez une touche de charme r\u00e9tro \u00e0 votre int\u00e9rieur avec cette suspension Lyfa taupe clair. Parfait pour n&#039;importe quelle pi\u00e8ce, de la cuisine au coin salon.\" \/>\n<meta property=\"og:url\" content=\"https:\/\/scandinavischelampen.nl\/fr\/produit\/suspension-lyfa-type-4108-taupe-clair\/\" \/>\n<meta property=\"og:site_name\" content=\"Lampes Scandinaves\" \/>\n<meta property=\"article:publisher\" content=\"https:\/\/www.facebook.com\/scandinavischelampen\/\" \/>\n<meta property=\"article:modified_time\" content=\"2025-04-30T10:45:20+00:00\" \/>\n<meta property=\"og:image\" content=\"https:\/\/i0.wp.com\/scandinavischelampen.nl\/wp-content\/uploads\/2025\/04\/IMG_8344-2-kopie-scaled.jpg?fit=1920%2C2560&ssl=1\" \/>\n\t<meta property=\"og:image:width\" content=\"1920\" \/>\n\t<meta property=\"og:image:height\" content=\"2560\" \/>\n\t<meta property=\"og:image:type\" content=\"image\/jpeg\" \/>\n<meta name=\"twitter:card\" content=\"summary_large_image\" \/>\n<meta name=\"twitter:label1\" content=\"Dur\u00e9e de lecture estim\u00e9e\" \/>\n\t<meta name=\"twitter:data1\" content=\"2 minutes\" \/>\n<script type=\"application\/ld+json\" class=\"yoast-schema-graph\">{\"@context\":\"https:\\\/\\\/schema.org\",\"@graph\":[{\"@type\":\"WebPage\",\"@id\":\"https:\\\/\\\/scandinavischelampen.nl\\\/fr\\\/produit\\\/suspension-lyfa-type-4108-taupe-clair\\\/\",\"url\":\"https:\\\/\\\/scandinavischelampen.nl\\\/fr\\\/produit\\\/suspension-lyfa-type-4108-taupe-clair\\\/\",\"name\":\"Suspension Lyfa Type 4108 Taupe Clair\",\"isPartOf\":{\"@id\":\"https:\\\/\\\/scandinavischelampen.nl\\\/fr\\\/#website\"},\"primaryImageOfPage\":{\"@id\":\"https:\\\/\\\/scandinavischelampen.nl\\\/fr\\\/produit\\\/suspension-lyfa-type-4108-taupe-clair\\\/#primaryimage\"},\"image\":{\"@id\":\"https:\\\/\\\/scandinavischelampen.nl\\\/fr\\\/produit\\\/suspension-lyfa-type-4108-taupe-clair\\\/#primaryimage\"},\"thumbnailUrl\":\"https:\\\/\\\/i0.wp.com\\\/scandinavischelampen.nl\\\/wp-content\\\/uploads\\\/2025\\\/04\\\/IMG_8344-2-kopie-scaled.jpg?fit=1920%2C2560&ssl=1\",\"datePublished\":\"2025-04-30T10:31:10+00:00\",\"dateModified\":\"2025-04-30T10:45:20+00:00\",\"description\":\"Ajoutez une touche de charme r\u00e9tro \u00e0 votre int\u00e9rieur avec cette suspension Lyfa taupe clair. Parfait pour n'importe quelle pi\u00e8ce, de la cuisine au coin salon.\",\"breadcrumb\":{\"@id\":\"https:\\\/\\\/scandinavischelampen.nl\\\/fr\\\/produit\\\/suspension-lyfa-type-4108-taupe-clair\\\/#breadcrumb\"},\"inLanguage\":\"fr-FR\",\"potentialAction\":[{\"@type\":\"ReadAction\",\"target\":[\"https:\\\/\\\/scandinavischelampen.nl\\\/fr\\\/produit\\\/suspension-lyfa-type-4108-taupe-clair\\\/\"]}]},{\"@type\":\"ImageObject\",\"inLanguage\":\"fr-FR\",\"@id\":\"https:\\\/\\\/scandinavischelampen.nl\\\/fr\\\/produit\\\/suspension-lyfa-type-4108-taupe-clair\\\/#primaryimage\",\"url\":\"https:\\\/\\\/i0.wp.com\\\/scandinavischelampen.nl\\\/wp-content\\\/uploads\\\/2025\\\/04\\\/IMG_8344-2-kopie-scaled.jpg?fit=1920%2C2560&ssl=1\",\"contentUrl\":\"https:\\\/\\\/i0.wp.com\\\/scandinavischelampen.nl\\\/wp-content\\\/uploads\\\/2025\\\/04\\\/IMG_8344-2-kopie-scaled.jpg?fit=1920%2C2560&ssl=1\",\"width\":1920,\"height\":2560,\"caption\":\"Suspension Lyfa Type 4108 Taupe Clair\"},{\"@type\":\"BreadcrumbList\",\"@id\":\"https:\\\/\\\/scandinavischelampen.nl\\\/fr\\\/produit\\\/suspension-lyfa-type-4108-taupe-clair\\\/#breadcrumb\",\"itemListElement\":[{\"@type\":\"ListItem\",\"position\":1,\"name\":\"Home\",\"item\":\"https:\\\/\\\/scandinavischelampen.nl\\\/fr\\\/\"},{\"@type\":\"ListItem\",\"position\":2,\"name\":\"Boutique\",\"item\":\"https:\\\/\\\/scandinavischelampen.nl\\\/fr\\\/boutique\\\/\"},{\"@type\":\"ListItem\",\"position\":3,\"name\":\"Suspension Lyfa Type 4108 Taupe Clair\"}]},{\"@type\":\"WebSite\",\"@id\":\"https:\\\/\\\/scandinavischelampen.nl\\\/fr\\\/#website\",\"url\":\"https:\\\/\\\/scandinavischelampen.nl\\\/fr\\\/\",\"name\":\"Scandinavische Lampen\",\"description\":\"Luminaire design vintage\",\"publisher\":{\"@id\":\"https:\\\/\\\/scandinavischelampen.nl\\\/fr\\\/#organization\"},\"potentialAction\":[{\"@type\":\"SearchAction\",\"target\":{\"@type\":\"EntryPoint\",\"urlTemplate\":\"https:\\\/\\\/scandinavischelampen.nl\\\/fr\\\/?s={search_term_string}\"},\"query-input\":{\"@type\":\"PropertyValueSpecification\",\"valueRequired\":true,\"valueName\":\"search_term_string\"}}],\"inLanguage\":\"fr-FR\"},{\"@type\":\"Organization\",\"@id\":\"https:\\\/\\\/scandinavischelampen.nl\\\/fr\\\/#organization\",\"name\":\"Scandinavische Lampen\",\"url\":\"https:\\\/\\\/scandinavischelampen.nl\\\/fr\\\/\",\"logo\":{\"@type\":\"ImageObject\",\"inLanguage\":\"fr-FR\",\"@id\":\"https:\\\/\\\/scandinavischelampen.nl\\\/fr\\\/#\\\/schema\\\/logo\\\/image\\\/\",\"url\":\"https:\\\/\\\/i0.wp.com\\\/scandinavischelampen.nl\\\/wp-content\\\/uploads\\\/2023\\\/07\\\/cropped-Scandinavische-lampen-logo-oranje-01-scaled.png?fit=4717%2C1570&ssl=1\",\"contentUrl\":\"https:\\\/\\\/i0.wp.com\\\/scandinavischelampen.nl\\\/wp-content\\\/uploads\\\/2023\\\/07\\\/cropped-Scandinavische-lampen-logo-oranje-01-scaled.png?fit=4717%2C1570&ssl=1\",\"width\":4717,\"height\":1570,\"caption\":\"Scandinavische Lampen\"},\"image\":{\"@id\":\"https:\\\/\\\/scandinavischelampen.nl\\\/fr\\\/#\\\/schema\\\/logo\\\/image\\\/\"},\"sameAs\":[\"https:\\\/\\\/www.facebook.com\\\/scandinavischelampen\\\/\",\"https:\\\/\\\/www.instagram.com\\\/scandinavische_lampen\\\/\"]}]}<\/script>\n<!-- \/ Yoast SEO plugin. -->","yoast_head_json":{"title":"Suspension Lyfa Type 4108 Taupe Clair","description":"Ajoutez une touche de charme r\u00e9tro \u00e0 votre int\u00e9rieur avec cette suspension Lyfa taupe clair. Parfait pour n'importe quelle pi\u00e8ce, de la cuisine au coin salon.","robots":{"index":"index","follow":"follow","max-snippet":"max-snippet:-1","max-image-preview":"max-image-preview:large","max-video-preview":"max-video-preview:-1"},"canonical":"https:\/\/scandinavischelampen.nl\/fr\/produit\/suspension-lyfa-type-4108-taupe-clair\/","og_locale":"fr_FR","og_type":"article","og_title":"Suspension Lyfa Type 4108 Taupe Clair","og_description":"Ajoutez une touche de charme r\u00e9tro \u00e0 votre int\u00e9rieur avec cette suspension Lyfa taupe clair. Parfait pour n'importe quelle pi\u00e8ce, de la cuisine au coin salon.","og_url":"https:\/\/scandinavischelampen.nl\/fr\/produit\/suspension-lyfa-type-4108-taupe-clair\/","og_site_name":"Lampes Scandinaves","article_publisher":"https:\/\/www.facebook.com\/scandinavischelampen\/","article_modified_time":"2025-04-30T10:45:20+00:00","og_image":[{"width":1920,"height":2560,"url":"https:\/\/i0.wp.com\/scandinavischelampen.nl\/wp-content\/uploads\/2025\/04\/IMG_8344-2-kopie-scaled.jpg?fit=1920%2C2560&ssl=1","type":"image\/jpeg"}],"twitter_card":"summary_large_image","twitter_misc":{"Dur\u00e9e de lecture estim\u00e9e":"2 minutes"},"schema":{"@context":"https:\/\/schema.org","@graph":[{"@type":"WebPage","@id":"https:\/\/scandinavischelampen.nl\/fr\/produit\/suspension-lyfa-type-4108-taupe-clair\/","url":"https:\/\/scandinavischelampen.nl\/fr\/produit\/suspension-lyfa-type-4108-taupe-clair\/","name":"Suspension Lyfa Type 4108 Taupe Clair","isPartOf":{"@id":"https:\/\/scandinavischelampen.nl\/fr\/#website"},"primaryImageOfPage":{"@id":"https:\/\/scandinavischelampen.nl\/fr\/produit\/suspension-lyfa-type-4108-taupe-clair\/#primaryimage"},"image":{"@id":"https:\/\/scandinavischelampen.nl\/fr\/produit\/suspension-lyfa-type-4108-taupe-clair\/#primaryimage"},"thumbnailUrl":"https:\/\/i0.wp.com\/scandinavischelampen.nl\/wp-content\/uploads\/2025\/04\/IMG_8344-2-kopie-scaled.jpg?fit=1920%2C2560&ssl=1","datePublished":"2025-04-30T10:31:10+00:00","dateModified":"2025-04-30T10:45:20+00:00","description":"Ajoutez une touche de charme r\u00e9tro \u00e0 votre int\u00e9rieur avec cette suspension Lyfa taupe clair. Parfait pour n'importe quelle pi\u00e8ce, de la cuisine au coin salon.","breadcrumb":{"@id":"https:\/\/scandinavischelampen.nl\/fr\/produit\/suspension-lyfa-type-4108-taupe-clair\/#breadcrumb"},"inLanguage":"fr-FR","potentialAction":[{"@type":"ReadAction","target":["https:\/\/scandinavischelampen.nl\/fr\/produit\/suspension-lyfa-type-4108-taupe-clair\/"]}]},{"@type":"ImageObject","inLanguage":"fr-FR","@id":"https:\/\/scandinavischelampen.nl\/fr\/produit\/suspension-lyfa-type-4108-taupe-clair\/#primaryimage","url":"https:\/\/i0.wp.com\/scandinavischelampen.nl\/wp-content\/uploads\/2025\/04\/IMG_8344-2-kopie-scaled.jpg?fit=1920%2C2560&ssl=1","contentUrl":"https:\/\/i0.wp.com\/scandinavischelampen.nl\/wp-content\/uploads\/2025\/04\/IMG_8344-2-kopie-scaled.jpg?fit=1920%2C2560&ssl=1","width":1920,"height":2560,"caption":"Suspension Lyfa Type 4108 Taupe Clair"},{"@type":"BreadcrumbList","@id":"https:\/\/scandinavischelampen.nl\/fr\/produit\/suspension-lyfa-type-4108-taupe-clair\/#breadcrumb","itemListElement":[{"@type":"ListItem","position":1,"name":"Home","item":"https:\/\/scandinavischelampen.nl\/fr\/"},{"@type":"ListItem","position":2,"name":"Boutique","item":"https:\/\/scandinavischelampen.nl\/fr\/boutique\/"},{"@type":"ListItem","position":3,"name":"Suspension Lyfa Type 4108 Taupe Clair"}]},{"@type":"WebSite","@id":"https:\/\/scandinavischelampen.nl\/fr\/#website","url":"https:\/\/scandinavischelampen.nl\/fr\/","name":"Scandinavische Lampen","description":"Luminaire design vintage","publisher":{"@id":"https:\/\/scandinavischelampen.nl\/fr\/#organization"},"potentialAction":[{"@type":"SearchAction","target":{"@type":"EntryPoint","urlTemplate":"https:\/\/scandinavischelampen.nl\/fr\/?s={search_term_string}"},"query-input":{"@type":"PropertyValueSpecification","valueRequired":true,"valueName":"search_term_string"}}],"inLanguage":"fr-FR"},{"@type":"Organization","@id":"https:\/\/scandinavischelampen.nl\/fr\/#organization","name":"Scandinavische Lampen","url":"https:\/\/scandinavischelampen.nl\/fr\/","logo":{"@type":"ImageObject","inLanguage":"fr-FR","@id":"https:\/\/scandinavischelampen.nl\/fr\/#\/schema\/logo\/image\/","url":"https:\/\/i0.wp.com\/scandinavischelampen.nl\/wp-content\/uploads\/2023\/07\/cropped-Scandinavische-lampen-logo-oranje-01-scaled.png?fit=4717%2C1570&ssl=1","contentUrl":"https:\/\/i0.wp.com\/scandinavischelampen.nl\/wp-content\/uploads\/2023\/07\/cropped-Scandinavische-lampen-logo-oranje-01-scaled.png?fit=4717%2C1570&ssl=1","width":4717,"height":1570,"caption":"Scandinavische Lampen"},"image":{"@id":"https:\/\/scandinavischelampen.nl\/fr\/#\/schema\/logo\/image\/"},"sameAs":["https:\/\/www.facebook.com\/scandinavischelampen\/","https:\/\/www.instagram.com\/scandinavische_lampen\/"]}]}},"uagb_featured_image_src":{"full":["https:\/\/i0.wp.com\/scandinavischelampen.nl\/wp-content\/uploads\/2025\/04\/IMG_8344-2-kopie-scaled.jpg?fit=1920%2C2560&ssl=1",1920,2560,false],"thumbnail":["https:\/\/i0.wp.com\/scandinavischelampen.nl\/wp-content\/uploads\/2025\/04\/IMG_8344-2-kopie-scaled.jpg?resize=150%2C150&ssl=1",150,150,true],"medium":["https:\/\/i0.wp.com\/scandinavischelampen.nl\/wp-content\/uploads\/2025\/04\/IMG_8344-2-kopie-scaled.jpg?fit=225%2C300&ssl=1",225,300,true],"medium_large":["https:\/\/i0.wp.com\/scandinavischelampen.nl\/wp-content\/uploads\/2025\/04\/IMG_8344-2-kopie-scaled.jpg?fit=768%2C1024&ssl=1",768,1024,true],"large":["https:\/\/i0.wp.com\/scandinavischelampen.nl\/wp-content\/uploads\/2025\/04\/IMG_8344-2-kopie-scaled.jpg?fit=768%2C1024&ssl=1",768,1024,true],"1536x1536":["https:\/\/i0.wp.com\/scandinavischelampen.nl\/wp-content\/uploads\/2025\/04\/IMG_8344-2-kopie-scaled.jpg?fit=1152%2C1536&ssl=1",1152,1536,true],"2048x2048":["https:\/\/i0.wp.com\/scandinavischelampen.nl\/wp-content\/uploads\/2025\/04\/IMG_8344-2-kopie-scaled.jpg?fit=1536%2C2048&ssl=1",1536,2048,true],"woocommerce_thumbnail":["https:\/\/i0.wp.com\/scandinavischelampen.nl\/wp-content\/uploads\/2025\/04\/IMG_8344-2-kopie-scaled.jpg?resize=300%2C300&ssl=1",300,300,true],"woocommerce_single":["https:\/\/i0.wp.com\/scandinavischelampen.nl\/wp-content\/uploads\/2025\/04\/IMG_8344-2-kopie-scaled.jpg?fit=600%2C800&ssl=1",600,800,true],"woocommerce_gallery_thumbnail":["https:\/\/i0.wp.com\/scandinavischelampen.nl\/wp-content\/uploads\/2025\/04\/IMG_8344-2-kopie-scaled.jpg?resize=100%2C100&ssl=1",100,100,true],"thaps-thumb-img":["https:\/\/i0.wp.com\/scandinavischelampen.nl\/wp-content\/uploads\/2025\/04\/IMG_8344-2-kopie-scaled.jpg?resize=48%2C64&ssl=1",48,64,true]},"uagb_author_info":{"display_name":"administrator","author_link":"https:\/\/scandinavischelampen.nl\/fr\/author\/"},"uagb_comment_info":0,"uagb_excerpt":"\u221a Livraison gratuite en Europe d\u00e8s 350 \u20ac \u221a Command\u00e9 avant 16h00? G\u00e9n\u00e9ralement exp\u00e9di\u00e9 le m\u00eame jour \u221a 14 jours de r\u00e9flexion \u221a Convient pour les LED Diam\u00e8tre : 32 cm Hauteur : 22 cm","jetpack_sharing_enabled":true,"_links":{"self":[{"href":"https:\/\/scandinavischelampen.nl\/fr\/wp-json\/wp\/v2\/product\/56665","targetHints":{"allow":["GET"]}}],"collection":[{"href":"https:\/\/scandinavischelampen.nl\/fr\/wp-json\/wp\/v2\/product"}],"about":[{"href":"https:\/\/scandinavischelampen.nl\/fr\/wp-json\/wp\/v2\/types\/product"}],"wp:featuredmedia":[{"embeddable":true,"href":"https:\/\/scandinavischelampen.nl\/fr\/wp-json\/wp\/v2\/media\/56668"}],"wp:attachment":[{"href":"https:\/\/scandinavischelampen.nl\/fr\/wp-json\/wp\/v2\/media?parent=56665"}],"wp:term":[{"taxonomy":"product_brand","embeddable":true,"href":"https:\/\/scandinavischelampen.nl\/fr\/wp-json\/wp\/v2\/product_brand?post=56665"},{"taxonomy":"product_cat","embeddable":true,"href":"https:\/\/scandinavischelampen.nl\/fr\/wp-json\/wp\/v2\/product_cat?post=56665"},{"taxonomy":"product_tag","embeddable":true,"href":"https:\/\/scandinavischelampen.nl\/fr\/wp-json\/wp\/v2\/product_tag?post=56665"}],"curies":[{"name":"wp","href":"https:\/\/api.w.org\/{rel}","templated":true}]}}