{"id":56423,"date":"2025-04-24T14:24:41","date_gmt":"2025-04-24T12:24:41","guid":{"rendered":"https:\/\/scandinavischelampen.nl\/?post_type=product&#038;p=56423"},"modified":"2025-04-24T15:14:11","modified_gmt":"2025-04-24T13:14:11","slug":"lampe-de-cuisine-scandinave-blanche","status":"publish","type":"product","link":"https:\/\/scandinavischelampen.nl\/fr\/produit\/lampe-de-cuisine-scandinave-blanche\/","title":{"rendered":"Lampe de cuisine scandinave blanche"},"content":{"rendered":"<h2 data-start=\"132\" data-end=\"441\"><strong data-start=\"132\" data-end=\"197\">Blanc \u00e9clatant et durable : un design danois intemporel dans votre cuisine<\/strong><\/h2>\n<p class=\"\" data-start=\"132\" data-end=\"441\">Vous recherchez une solution d&rsquo;\u00e9clairage \u00e9l\u00e9gante et respectueuse de l&rsquo;environnement qui s&rsquo;int\u00e8gre parfaitement dans votre cuisine, votre couloir ou votre salon ? Con\u00e7ue \u00e0 la fin du si\u00e8cle dernier, cette lampe de cuisine danoise en blanc allie \u00e9l\u00e9gance intemporelle et valeurs durables. <\/p>\n<p class=\"\" data-start=\"443\" data-end=\"691\">Avec sa douce couleur blanche et ses subtiles traces vintage, cette lampe apporte chaleur et caract\u00e8re \u00e0 tout int\u00e9rieur. Le syst\u00e8me \u00e9lectrique a \u00e9t\u00e9 enti\u00e8rement renouvel\u00e9, vous permettant ainsi de profiter d&rsquo;un look authentique avec la fiabilit\u00e9 de la technologie moderne. <\/p>\n<p class=\"\" data-start=\"693\" data-end=\"920\">Cette lampe n\u2019est pas seulement une d\u00e9claration visuelle, mais aussi un choix responsable. En choisissant cette lampe, vous donnez une nouvelle vie \u00e0 une pi\u00e8ce unique du design scandinave et contribuez \u00e0 un monde plus durable. <\/p>\n<h2 data-start=\"922\" data-end=\"1169\"><strong data-start=\"922\" data-end=\"958\">Lampe de cuisine Condition blanche<\/strong><\/h2>\n<p class=\"\" data-start=\"922\" data-end=\"1169\">La lampe date de la fin du 20e si\u00e8cle et est en bon \u00e9tat avec des signes d&rsquo;utilisation minimes. Le c\u00e2blage a \u00e9t\u00e9 enti\u00e8rement remplac\u00e9. Malheureusement, l&rsquo;\u00e9tiquette d&rsquo;origine est manquante, laissant le fabricant inconnu.  <\/p>\n<h2 data-start=\"1171\" data-end=\"1212\"><strong data-start=\"1171\" data-end=\"1212\">Sp\u00e9cifications Lampe de cuisine danoise blanche<\/strong><\/h2>\n<ul>\n<li>Diam\u00e8tre : 24 cm<\/li>\n<li>Hauteur : 17cm<\/li>\n<li>Hauteur totale avec cordon 220 cm (Besoin d&rsquo;un cordon plus long ? Faites-le nous savoir !)<\/li>\n<li>Mat\u00e9riau : aluminium<\/li>\n<li>Couleur du cordon : Blanc<\/li>\n<li>Puissance maximale : 60W<\/li>\n<li>Culot: E27<\/li>\n<li>Convient aux lampes LED<\/li>\n<li>Poids : 0,7 kg<\/li>\n<\/ul>\n<h2 data-start=\"163\" data-end=\"507\"><strong data-start=\"163\" data-end=\"197\">Ce qui rend cette lampe sp\u00e9ciale<\/strong><\/h2>\n<p class=\"\" data-start=\"163\" data-end=\"507\">Cette \u00e9l\u00e9gante lampe suspendue blanche se distingue par son design minimaliste et intemporel. Parfait pour \u00e9clairer des espaces cosy comme la cuisine, le couloir ou le coin lecture. Les lignes \u00e9pur\u00e9es et la couleur blanche apaisante offrent un look calme et frais qui s&rsquo;int\u00e8gre sans effort dans divers int\u00e9rieurs.  <\/p>\n<p class=\"\" data-start=\"509\" data-end=\"823\">Gr\u00e2ce \u00e0 sa taille compacte, cette lampe est id\u00e9ale pour les petits espaces, sans compromettre l&rsquo;atmosph\u00e8re ou le style. Pas de d\u00e9tails inutiles, mais un design pur et raffin\u00e9 qui parle par simplicit\u00e9. Cette lampe fournit non seulement un \u00e9clairage fonctionnel, mais ajoute \u00e9galement une \u00e9l\u00e9gance subtile \u00e0 votre int\u00e9rieur.  <\/p>\n<p class=\"\" data-start=\"825\" data-end=\"989\">D\u00e9couvrez la puissance de la simplicit\u00e9 avec cette suspension blanche \u2013 un m\u00e9lange parfait de forme et de fonction, con\u00e7u pour \u00e9clairer votre maison de mani\u00e8re sobre et \u00e9l\u00e9gante.<\/p>\n","protected":false},"excerpt":{"rendered":"<ul>\n<li><strong><span style=\"color: #ff6600;\">Livraison gratuite en Europe<\/span> d\u00e8s 350 \u20ac<\/strong><\/li>\n<li><strong>Command\u00e9 avant <span style=\"color: #ff6600;\">16h<\/span> ? G\u00e9n\u00e9ralement exp\u00e9di\u00e9 le m\u00eame jour<\/strong><\/li>\n<li><strong>D\u00e9lai de r\u00e9flexion de <span style=\"color: #ff6600;\">14 jours<\/span><\/strong><\/li>\n<li><strong>Pratique pour <span style=\"color: #ff6600;\">LED<\/span><\/strong><\/li>\n<\/ul>\n<ul>\n<li><strong>Diam\u00e8tre : 24 cm<\/strong><\/li>\n<li><strong>Hauteur : 17cm<\/strong><\/li>\n<\/ul>\n","protected":false},"featured_media":56427,"template":"","meta":{"_uag_custom_page_level_css":"","site-sidebar-layout":"default","site-content-layout":"default","ast-site-content-layout":"default","site-content-style":"default","site-sidebar-style":"default","ast-global-header-display":"","ast-banner-title-visibility":"","ast-main-header-display":"","ast-hfb-above-header-display":"","ast-hfb-below-header-display":"","ast-hfb-mobile-header-display":"","site-post-title":"","ast-breadcrumbs-content":"","ast-featured-img":"","footer-sml-layout":"","ast-disable-related-posts":"","theme-transparent-header-meta":"default","adv-header-id-meta":"","stick-header-meta":"","header-above-stick-meta":"","header-main-stick-meta":"","header-below-stick-meta":"","astra-migrate-meta-layouts":"set","ast-page-background-enabled":"default","ast-page-background-meta":{"desktop":{"background-color":"var(--ast-global-color-4)","background-image":"","background-repeat":"repeat","background-position":"center center","background-size":"auto","background-attachment":"scroll","background-type":"","background-media":"","overlay-type":"","overlay-color":"","overlay-opacity":"","overlay-gradient":""},"tablet":{"background-color":"","background-image":"","background-repeat":"repeat","background-position":"center center","background-size":"auto","background-attachment":"scroll","background-type":"","background-media":"","overlay-type":"","overlay-color":"","overlay-opacity":"","overlay-gradient":""},"mobile":{"background-color":"","background-image":"","background-repeat":"repeat","background-position":"center center","background-size":"auto","background-attachment":"scroll","background-type":"","background-media":"","overlay-type":"","overlay-color":"","overlay-opacity":"","overlay-gradient":""}},"ast-content-background-meta":{"desktop":{"background-color":"var(--ast-global-color-5)","background-image":"","background-repeat":"repeat","background-position":"center center","background-size":"auto","background-attachment":"scroll","background-type":"","background-media":"","overlay-type":"","overlay-color":"","overlay-opacity":"","overlay-gradient":""},"tablet":{"background-color":"var(--ast-global-color-5)","background-image":"","background-repeat":"repeat","background-position":"center center","background-size":"auto","background-attachment":"scroll","background-type":"","background-media":"","overlay-type":"","overlay-color":"","overlay-opacity":"","overlay-gradient":""},"mobile":{"background-color":"var(--ast-global-color-5)","background-image":"","background-repeat":"repeat","background-position":"center center","background-size":"auto","background-attachment":"scroll","background-type":"","background-media":"","overlay-type":"","overlay-color":"","overlay-opacity":"","overlay-gradient":""}}},"product_brand":[],"product_cat":[337,336,338,333,335,604],"product_tag":[358],"class_list":{"0":"post-56423","1":"product","2":"type-product","3":"status-publish","4":"has-post-thumbnail","6":"product_cat-eclairage-de-la-chambre","7":"product_cat-eclairage-de-la-cuisine","8":"product_cat-eclairage-du-salon","9":"product_cat-suspensions-scandinaves","10":"product_cat-suspensions-pour-table-a-manger","11":"product_cat-voir-notre-collection-complete","12":"product_tag-laiton","13":"desktop-align-center","14":"tablet-align-left","15":"mobile-align-left","17":"first","18":"instock","19":"taxable","20":"shipping-taxable","21":"purchasable","22":"product-type-simple"},"yoast_head":"<!-- This site is optimized with the Yoast SEO plugin v27.4 - https:\/\/yoast.com\/product\/yoast-seo-wordpress\/ -->\n<title>Lampe de cuisine scandinave blanche - Vintage<\/title>\n<meta name=\"description\" content=\"\u00c0 la recherche d&#039;un choix d&#039;\u00e9clairage durable qui peut illuminer non seulement votre cuisine, mais aussi votre salon ou votre hall? Choisissez cette lampe de cuisine en blanc\" \/>\n<meta name=\"robots\" content=\"index, follow, max-snippet:-1, max-image-preview:large, max-video-preview:-1\" \/>\n<link rel=\"canonical\" href=\"https:\/\/scandinavischelampen.nl\/fr\/produit\/lampe-de-cuisine-scandinave-blanche\/\" \/>\n<meta property=\"og:locale\" content=\"fr_FR\" \/>\n<meta property=\"og:type\" content=\"article\" \/>\n<meta property=\"og:title\" content=\"Lampe de cuisine scandinave blanche - Vintage\" \/>\n<meta property=\"og:description\" content=\"\u00c0 la recherche d&#039;un choix d&#039;\u00e9clairage durable qui peut illuminer non seulement votre cuisine, mais aussi votre salon ou votre hall? Choisissez cette lampe de cuisine en blanc\" \/>\n<meta property=\"og:url\" content=\"https:\/\/scandinavischelampen.nl\/fr\/produit\/lampe-de-cuisine-scandinave-blanche\/\" \/>\n<meta property=\"og:site_name\" content=\"Lampes Scandinaves\" \/>\n<meta property=\"article:publisher\" content=\"https:\/\/www.facebook.com\/scandinavischelampen\/\" \/>\n<meta property=\"article:modified_time\" content=\"2025-04-24T13:14:11+00:00\" \/>\n<meta property=\"og:image\" content=\"https:\/\/i0.wp.com\/scandinavischelampen.nl\/wp-content\/uploads\/2025\/04\/IMG_6516-3-kopie-1-scaled.jpg?fit=1920%2C2560&ssl=1\" \/>\n\t<meta property=\"og:image:width\" content=\"1920\" \/>\n\t<meta property=\"og:image:height\" content=\"2560\" \/>\n\t<meta property=\"og:image:type\" content=\"image\/jpeg\" \/>\n<meta name=\"twitter:card\" content=\"summary_large_image\" \/>\n<meta name=\"twitter:label1\" content=\"Dur\u00e9e de lecture estim\u00e9e\" \/>\n\t<meta name=\"twitter:data1\" content=\"2 minutes\" \/>\n<script type=\"application\/ld+json\" class=\"yoast-schema-graph\">{\"@context\":\"https:\\\/\\\/schema.org\",\"@graph\":[{\"@type\":\"WebPage\",\"@id\":\"https:\\\/\\\/scandinavischelampen.nl\\\/fr\\\/produit\\\/lampe-de-cuisine-scandinave-blanche\\\/\",\"url\":\"https:\\\/\\\/scandinavischelampen.nl\\\/fr\\\/produit\\\/lampe-de-cuisine-scandinave-blanche\\\/\",\"name\":\"Lampe de cuisine scandinave blanche - Vintage\",\"isPartOf\":{\"@id\":\"https:\\\/\\\/scandinavischelampen.nl\\\/fr\\\/#website\"},\"primaryImageOfPage\":{\"@id\":\"https:\\\/\\\/scandinavischelampen.nl\\\/fr\\\/produit\\\/lampe-de-cuisine-scandinave-blanche\\\/#primaryimage\"},\"image\":{\"@id\":\"https:\\\/\\\/scandinavischelampen.nl\\\/fr\\\/produit\\\/lampe-de-cuisine-scandinave-blanche\\\/#primaryimage\"},\"thumbnailUrl\":\"https:\\\/\\\/i0.wp.com\\\/scandinavischelampen.nl\\\/wp-content\\\/uploads\\\/2025\\\/04\\\/IMG_6516-3-kopie-1-scaled.jpg?fit=1920%2C2560&ssl=1\",\"datePublished\":\"2025-04-24T12:24:41+00:00\",\"dateModified\":\"2025-04-24T13:14:11+00:00\",\"description\":\"\u00c0 la recherche d'un choix d'\u00e9clairage durable qui peut illuminer non seulement votre cuisine, mais aussi votre salon ou votre hall? Choisissez cette lampe de cuisine en blanc\",\"breadcrumb\":{\"@id\":\"https:\\\/\\\/scandinavischelampen.nl\\\/fr\\\/produit\\\/lampe-de-cuisine-scandinave-blanche\\\/#breadcrumb\"},\"inLanguage\":\"fr-FR\",\"potentialAction\":[{\"@type\":\"ReadAction\",\"target\":[\"https:\\\/\\\/scandinavischelampen.nl\\\/fr\\\/produit\\\/lampe-de-cuisine-scandinave-blanche\\\/\"]}]},{\"@type\":\"ImageObject\",\"inLanguage\":\"fr-FR\",\"@id\":\"https:\\\/\\\/scandinavischelampen.nl\\\/fr\\\/produit\\\/lampe-de-cuisine-scandinave-blanche\\\/#primaryimage\",\"url\":\"https:\\\/\\\/i0.wp.com\\\/scandinavischelampen.nl\\\/wp-content\\\/uploads\\\/2025\\\/04\\\/IMG_6516-3-kopie-1-scaled.jpg?fit=1920%2C2560&ssl=1\",\"contentUrl\":\"https:\\\/\\\/i0.wp.com\\\/scandinavischelampen.nl\\\/wp-content\\\/uploads\\\/2025\\\/04\\\/IMG_6516-3-kopie-1-scaled.jpg?fit=1920%2C2560&ssl=1\",\"width\":1920,\"height\":2560,\"caption\":\"Lampe de cuisine scandinave blanche\"},{\"@type\":\"BreadcrumbList\",\"@id\":\"https:\\\/\\\/scandinavischelampen.nl\\\/fr\\\/produit\\\/lampe-de-cuisine-scandinave-blanche\\\/#breadcrumb\",\"itemListElement\":[{\"@type\":\"ListItem\",\"position\":1,\"name\":\"Home\",\"item\":\"https:\\\/\\\/scandinavischelampen.nl\\\/fr\\\/\"},{\"@type\":\"ListItem\",\"position\":2,\"name\":\"Boutique\",\"item\":\"https:\\\/\\\/scandinavischelampen.nl\\\/fr\\\/boutique\\\/\"},{\"@type\":\"ListItem\",\"position\":3,\"name\":\"Lampe de cuisine scandinave blanche\"}]},{\"@type\":\"WebSite\",\"@id\":\"https:\\\/\\\/scandinavischelampen.nl\\\/fr\\\/#website\",\"url\":\"https:\\\/\\\/scandinavischelampen.nl\\\/fr\\\/\",\"name\":\"Scandinavische Lampen\",\"description\":\"Luminaire design vintage\",\"publisher\":{\"@id\":\"https:\\\/\\\/scandinavischelampen.nl\\\/fr\\\/#organization\"},\"potentialAction\":[{\"@type\":\"SearchAction\",\"target\":{\"@type\":\"EntryPoint\",\"urlTemplate\":\"https:\\\/\\\/scandinavischelampen.nl\\\/fr\\\/?s={search_term_string}\"},\"query-input\":{\"@type\":\"PropertyValueSpecification\",\"valueRequired\":true,\"valueName\":\"search_term_string\"}}],\"inLanguage\":\"fr-FR\"},{\"@type\":\"Organization\",\"@id\":\"https:\\\/\\\/scandinavischelampen.nl\\\/fr\\\/#organization\",\"name\":\"Scandinavische Lampen\",\"url\":\"https:\\\/\\\/scandinavischelampen.nl\\\/fr\\\/\",\"logo\":{\"@type\":\"ImageObject\",\"inLanguage\":\"fr-FR\",\"@id\":\"https:\\\/\\\/scandinavischelampen.nl\\\/fr\\\/#\\\/schema\\\/logo\\\/image\\\/\",\"url\":\"https:\\\/\\\/i0.wp.com\\\/scandinavischelampen.nl\\\/wp-content\\\/uploads\\\/2023\\\/07\\\/cropped-Scandinavische-lampen-logo-oranje-01-scaled.png?fit=4717%2C1570&ssl=1\",\"contentUrl\":\"https:\\\/\\\/i0.wp.com\\\/scandinavischelampen.nl\\\/wp-content\\\/uploads\\\/2023\\\/07\\\/cropped-Scandinavische-lampen-logo-oranje-01-scaled.png?fit=4717%2C1570&ssl=1\",\"width\":4717,\"height\":1570,\"caption\":\"Scandinavische Lampen\"},\"image\":{\"@id\":\"https:\\\/\\\/scandinavischelampen.nl\\\/fr\\\/#\\\/schema\\\/logo\\\/image\\\/\"},\"sameAs\":[\"https:\\\/\\\/www.facebook.com\\\/scandinavischelampen\\\/\",\"https:\\\/\\\/www.instagram.com\\\/scandinavische_lampen\\\/\"]}]}<\/script>\n<!-- \/ Yoast SEO plugin. -->","yoast_head_json":{"title":"Lampe de cuisine scandinave blanche - Vintage","description":"\u00c0 la recherche d'un choix d'\u00e9clairage durable qui peut illuminer non seulement votre cuisine, mais aussi votre salon ou votre hall? Choisissez cette lampe de cuisine en blanc","robots":{"index":"index","follow":"follow","max-snippet":"max-snippet:-1","max-image-preview":"max-image-preview:large","max-video-preview":"max-video-preview:-1"},"canonical":"https:\/\/scandinavischelampen.nl\/fr\/produit\/lampe-de-cuisine-scandinave-blanche\/","og_locale":"fr_FR","og_type":"article","og_title":"Lampe de cuisine scandinave blanche - Vintage","og_description":"\u00c0 la recherche d'un choix d'\u00e9clairage durable qui peut illuminer non seulement votre cuisine, mais aussi votre salon ou votre hall? Choisissez cette lampe de cuisine en blanc","og_url":"https:\/\/scandinavischelampen.nl\/fr\/produit\/lampe-de-cuisine-scandinave-blanche\/","og_site_name":"Lampes Scandinaves","article_publisher":"https:\/\/www.facebook.com\/scandinavischelampen\/","article_modified_time":"2025-04-24T13:14:11+00:00","og_image":[{"width":1920,"height":2560,"url":"https:\/\/i0.wp.com\/scandinavischelampen.nl\/wp-content\/uploads\/2025\/04\/IMG_6516-3-kopie-1-scaled.jpg?fit=1920%2C2560&ssl=1","type":"image\/jpeg"}],"twitter_card":"summary_large_image","twitter_misc":{"Dur\u00e9e de lecture estim\u00e9e":"2 minutes"},"schema":{"@context":"https:\/\/schema.org","@graph":[{"@type":"WebPage","@id":"https:\/\/scandinavischelampen.nl\/fr\/produit\/lampe-de-cuisine-scandinave-blanche\/","url":"https:\/\/scandinavischelampen.nl\/fr\/produit\/lampe-de-cuisine-scandinave-blanche\/","name":"Lampe de cuisine scandinave blanche - Vintage","isPartOf":{"@id":"https:\/\/scandinavischelampen.nl\/fr\/#website"},"primaryImageOfPage":{"@id":"https:\/\/scandinavischelampen.nl\/fr\/produit\/lampe-de-cuisine-scandinave-blanche\/#primaryimage"},"image":{"@id":"https:\/\/scandinavischelampen.nl\/fr\/produit\/lampe-de-cuisine-scandinave-blanche\/#primaryimage"},"thumbnailUrl":"https:\/\/i0.wp.com\/scandinavischelampen.nl\/wp-content\/uploads\/2025\/04\/IMG_6516-3-kopie-1-scaled.jpg?fit=1920%2C2560&ssl=1","datePublished":"2025-04-24T12:24:41+00:00","dateModified":"2025-04-24T13:14:11+00:00","description":"\u00c0 la recherche d'un choix d'\u00e9clairage durable qui peut illuminer non seulement votre cuisine, mais aussi votre salon ou votre hall? Choisissez cette lampe de cuisine en blanc","breadcrumb":{"@id":"https:\/\/scandinavischelampen.nl\/fr\/produit\/lampe-de-cuisine-scandinave-blanche\/#breadcrumb"},"inLanguage":"fr-FR","potentialAction":[{"@type":"ReadAction","target":["https:\/\/scandinavischelampen.nl\/fr\/produit\/lampe-de-cuisine-scandinave-blanche\/"]}]},{"@type":"ImageObject","inLanguage":"fr-FR","@id":"https:\/\/scandinavischelampen.nl\/fr\/produit\/lampe-de-cuisine-scandinave-blanche\/#primaryimage","url":"https:\/\/i0.wp.com\/scandinavischelampen.nl\/wp-content\/uploads\/2025\/04\/IMG_6516-3-kopie-1-scaled.jpg?fit=1920%2C2560&ssl=1","contentUrl":"https:\/\/i0.wp.com\/scandinavischelampen.nl\/wp-content\/uploads\/2025\/04\/IMG_6516-3-kopie-1-scaled.jpg?fit=1920%2C2560&ssl=1","width":1920,"height":2560,"caption":"Lampe de cuisine scandinave blanche"},{"@type":"BreadcrumbList","@id":"https:\/\/scandinavischelampen.nl\/fr\/produit\/lampe-de-cuisine-scandinave-blanche\/#breadcrumb","itemListElement":[{"@type":"ListItem","position":1,"name":"Home","item":"https:\/\/scandinavischelampen.nl\/fr\/"},{"@type":"ListItem","position":2,"name":"Boutique","item":"https:\/\/scandinavischelampen.nl\/fr\/boutique\/"},{"@type":"ListItem","position":3,"name":"Lampe de cuisine scandinave blanche"}]},{"@type":"WebSite","@id":"https:\/\/scandinavischelampen.nl\/fr\/#website","url":"https:\/\/scandinavischelampen.nl\/fr\/","name":"Scandinavische Lampen","description":"Luminaire design vintage","publisher":{"@id":"https:\/\/scandinavischelampen.nl\/fr\/#organization"},"potentialAction":[{"@type":"SearchAction","target":{"@type":"EntryPoint","urlTemplate":"https:\/\/scandinavischelampen.nl\/fr\/?s={search_term_string}"},"query-input":{"@type":"PropertyValueSpecification","valueRequired":true,"valueName":"search_term_string"}}],"inLanguage":"fr-FR"},{"@type":"Organization","@id":"https:\/\/scandinavischelampen.nl\/fr\/#organization","name":"Scandinavische Lampen","url":"https:\/\/scandinavischelampen.nl\/fr\/","logo":{"@type":"ImageObject","inLanguage":"fr-FR","@id":"https:\/\/scandinavischelampen.nl\/fr\/#\/schema\/logo\/image\/","url":"https:\/\/i0.wp.com\/scandinavischelampen.nl\/wp-content\/uploads\/2023\/07\/cropped-Scandinavische-lampen-logo-oranje-01-scaled.png?fit=4717%2C1570&ssl=1","contentUrl":"https:\/\/i0.wp.com\/scandinavischelampen.nl\/wp-content\/uploads\/2023\/07\/cropped-Scandinavische-lampen-logo-oranje-01-scaled.png?fit=4717%2C1570&ssl=1","width":4717,"height":1570,"caption":"Scandinavische Lampen"},"image":{"@id":"https:\/\/scandinavischelampen.nl\/fr\/#\/schema\/logo\/image\/"},"sameAs":["https:\/\/www.facebook.com\/scandinavischelampen\/","https:\/\/www.instagram.com\/scandinavische_lampen\/"]}]}},"uagb_featured_image_src":{"full":["https:\/\/i0.wp.com\/scandinavischelampen.nl\/wp-content\/uploads\/2025\/04\/IMG_6516-3-kopie-1-scaled.jpg?fit=1920%2C2560&ssl=1",1920,2560,false],"thumbnail":["https:\/\/i0.wp.com\/scandinavischelampen.nl\/wp-content\/uploads\/2025\/04\/IMG_6516-3-kopie-1-scaled.jpg?resize=150%2C150&ssl=1",150,150,true],"medium":["https:\/\/i0.wp.com\/scandinavischelampen.nl\/wp-content\/uploads\/2025\/04\/IMG_6516-3-kopie-1-scaled.jpg?fit=225%2C300&ssl=1",225,300,true],"medium_large":["https:\/\/i0.wp.com\/scandinavischelampen.nl\/wp-content\/uploads\/2025\/04\/IMG_6516-3-kopie-1-scaled.jpg?fit=768%2C1024&ssl=1",768,1024,true],"large":["https:\/\/i0.wp.com\/scandinavischelampen.nl\/wp-content\/uploads\/2025\/04\/IMG_6516-3-kopie-1-scaled.jpg?fit=768%2C1024&ssl=1",768,1024,true],"1536x1536":["https:\/\/i0.wp.com\/scandinavischelampen.nl\/wp-content\/uploads\/2025\/04\/IMG_6516-3-kopie-1-scaled.jpg?fit=1152%2C1536&ssl=1",1152,1536,true],"2048x2048":["https:\/\/i0.wp.com\/scandinavischelampen.nl\/wp-content\/uploads\/2025\/04\/IMG_6516-3-kopie-1-scaled.jpg?fit=1536%2C2048&ssl=1",1536,2048,true],"woocommerce_thumbnail":["https:\/\/i0.wp.com\/scandinavischelampen.nl\/wp-content\/uploads\/2025\/04\/IMG_6516-3-kopie-1-scaled.jpg?resize=300%2C300&ssl=1",300,300,true],"woocommerce_single":["https:\/\/i0.wp.com\/scandinavischelampen.nl\/wp-content\/uploads\/2025\/04\/IMG_6516-3-kopie-1-scaled.jpg?fit=600%2C800&ssl=1",600,800,true],"woocommerce_gallery_thumbnail":["https:\/\/i0.wp.com\/scandinavischelampen.nl\/wp-content\/uploads\/2025\/04\/IMG_6516-3-kopie-1-scaled.jpg?resize=100%2C100&ssl=1",100,100,true],"thaps-thumb-img":["https:\/\/i0.wp.com\/scandinavischelampen.nl\/wp-content\/uploads\/2025\/04\/IMG_6516-3-kopie-1-scaled.jpg?resize=48%2C64&ssl=1",48,64,true]},"uagb_author_info":{"display_name":"administrator","author_link":"https:\/\/scandinavischelampen.nl\/fr\/author\/"},"uagb_comment_info":0,"uagb_excerpt":"Livraison gratuite en Europe d\u00e8s 350 \u20ac Command\u00e9 avant 16h ? G\u00e9n\u00e9ralement exp\u00e9di\u00e9 le m\u00eame jour D\u00e9lai de r\u00e9flexion de 14 jours Pratique pour LED Diam\u00e8tre : 24 cm Hauteur : 17cm","jetpack_sharing_enabled":true,"_links":{"self":[{"href":"https:\/\/scandinavischelampen.nl\/fr\/wp-json\/wp\/v2\/product\/56423","targetHints":{"allow":["GET"]}}],"collection":[{"href":"https:\/\/scandinavischelampen.nl\/fr\/wp-json\/wp\/v2\/product"}],"about":[{"href":"https:\/\/scandinavischelampen.nl\/fr\/wp-json\/wp\/v2\/types\/product"}],"wp:featuredmedia":[{"embeddable":true,"href":"https:\/\/scandinavischelampen.nl\/fr\/wp-json\/wp\/v2\/media\/56427"}],"wp:attachment":[{"href":"https:\/\/scandinavischelampen.nl\/fr\/wp-json\/wp\/v2\/media?parent=56423"}],"wp:term":[{"taxonomy":"product_brand","embeddable":true,"href":"https:\/\/scandinavischelampen.nl\/fr\/wp-json\/wp\/v2\/product_brand?post=56423"},{"taxonomy":"product_cat","embeddable":true,"href":"https:\/\/scandinavischelampen.nl\/fr\/wp-json\/wp\/v2\/product_cat?post=56423"},{"taxonomy":"product_tag","embeddable":true,"href":"https:\/\/scandinavischelampen.nl\/fr\/wp-json\/wp\/v2\/product_tag?post=56423"}],"curies":[{"name":"wp","href":"https:\/\/api.w.org\/{rel}","templated":true}]}}