{"id":56230,"date":"2025-04-19T14:12:36","date_gmt":"2025-04-19T12:12:36","guid":{"rendered":"https:\/\/scandinavischelampen.nl\/product\/form-light-hanglamp-52610-3\/"},"modified":"2025-04-23T21:22:52","modified_gmt":"2025-04-23T19:22:52","slug":"form-light-hanglamp-52610-3","status":"publish","type":"product","link":"https:\/\/scandinavischelampen.nl\/fr\/produit\/form-light-hanglamp-52610-3\/","title":{"rendered":"Form Light suspension 52610"},"content":{"rendered":"<h2 style=\"font-weight: 400;\"><strong>Form Light suspension 52610<\/strong><\/h2>\n<p style=\"font-weight: 400;\">D\u00e9couvrez la beaut\u00e9 intemporelle de la lampe suspendue Form Light Type 52610 \u2013 une superbe pi\u00e8ce de design vintage qui cr\u00e9e l&rsquo;ambiance parfaite. Avec des ombres douces diffus\u00e9es sans effort, cette lampe apporte une atmosph\u00e8re enchant\u00e9e \u00e0 n&rsquo;importe quel espace. Lorsqu&rsquo;elle est allum\u00e9e, cette lampe exquise dirige gracieusement la lumi\u00e8re vers le bas et sur les c\u00f4t\u00e9s, tandis que les perforations sup\u00e9rieures illuminent subtilement le plafond.<\/p>\n<p style=\"font-weight: 400;\">Que vous recherchiez l&rsquo;\u00e9clairage id\u00e9al au-dessus de votre table \u00e0 manger ou dans votre salon, cette lampe suspendue satisfait vos d\u00e9sirs sans effort. Sa belle taille et son charme en font un choix parfait pour ceux qui souhaitent ajouter une touche de classe et de caract\u00e8re \u00e0 leur int\u00e9rieur.<\/p>\n<p style=\"font-weight: 400;\">Apportez une touche du pass\u00e9 dans votre espace de vie moderne avec la lampe suspendue Form Light Type 52610. D\u00e9couvrez l&rsquo;harmonie de la forme et de la fonction, et laissez cette lampe \u00eatre le centre rayonnant de votre int\u00e9rieur \u00e9l\u00e9gant.<\/p>\n<h2 style=\"font-weight: 400;\"><strong>Forme de l\u2019\u00e9tat Lampe suspendue 52610<\/strong><\/h2>\n<p style=\"font-weight: 400;\">La lampe brillante a environ 25 ans et est en bon \u00e9tat avec de l\u00e9gers signes d\u2019utilisation ant\u00e9rieure. L\u2019\u00e9lectricit\u00e9 a \u00e9t\u00e9 enti\u00e8rement renouvel\u00e9e et la lampe est \u00e9quip\u00e9e d\u2019un cordon d\u2019alimentation \u00e9pais d\u2019une longueur d\u2019environ 200 cm.<\/p>\n<h2 style=\"font-weight: 400;\"><strong>Sp\u00e9cifications de la lampe \u00e0 suspension Form Light 52610<\/strong><\/h2>\n<ul>\n<li style=\"font-weight: 400;\">Diam\u00e8tre : 45 cm<\/li>\n<li style=\"font-weight: 400;\"><span style=\"font-size: 16px;\">Hauteur : 21 cm<\/span><\/li>\n<li style=\"font-weight: 400;\"><span style=\"font-size: 16px;\">Hauteur totale avec cordon 220 cm (r\u00e9glable lors de l\u2019installation)<\/span><\/li>\n<li style=\"font-weight: 400;\"><span style=\"font-size: 16px;\">Mat\u00e9riau : acier<\/span><\/li>\n<li style=\"font-weight: 400;\"><span style=\"font-size: 16px;\">Couleur du cordon : Blanc<\/span><\/li>\n<li style=\"font-weight: 400;\"><span style=\"font-size: 16px;\">Puissance maximale : 60W<\/span><\/li>\n<li style=\"font-weight: 400;\"><span style=\"font-size: 16px;\">Culot: E27<\/span><\/li>\n<li style=\"font-weight: 400;\"><span style=\"font-size: 16px;\">Convient aux lampes LED<\/span><\/li>\n<li style=\"font-weight: 400;\"><span style=\"font-size: 16px;\">Poids : 2,7 kg<\/span><\/li>\n<\/ul>\n<h2 style=\"font-weight: 400;\"><strong>\u00c0 propos de Form Light<\/strong><\/h2>\n<p>Form-Light a \u00e9t\u00e9 fond\u00e9e en 1991 \u00e0 Ballerup, au Danemark, par le designer Erik Nissen. La marque s&rsquo;est positionn\u00e9e comme un leader du design danois, sp\u00e9cialis\u00e9e dans la production de lampes suspendues modernes du milieu du si\u00e8cle caract\u00e9ris\u00e9es par un design minimaliste \u00e0 plusieurs niveaux. Nissen a \u00e9t\u00e9 actif dans l&rsquo;entreprise jusqu&rsquo;en 2001, apr\u00e8s quoi il a suivi sa propre voie en tant que designer ind\u00e9pendant. Les lampes Form-Light sont con\u00e7ues en mettant l&rsquo;accent sur la durabilit\u00e9 et le savoir-faire, en utilisant de l&rsquo;acier robuste enduit de poudre et un design \u00e9l\u00e9gant et \u00e9l\u00e9gant. La marque n&rsquo;a produit qu&rsquo;un nombre limit\u00e9 de lampes, mais chaque mod\u00e8le rayonne de qualit\u00e9 et de beaut\u00e9 intemporelle. <a href=\"https:\/\/scandinavischelampen.nl\/product-categorie\/merken\/form-light\/\">Explorez d\u00e8s maintenant notre collection exclusive de lampes Form-Light<\/a> et d\u00e9couvrez comment ces pi\u00e8ces embl\u00e9matiques peuvent faire passer votre int\u00e9rieur au niveau sup\u00e9rieur.    <\/p>\n","protected":false},"excerpt":{"rendered":"<div class=\"group w-full text-token-text-primary border-b border-black\/10 dark:border-gray-900\/50 bg-gray-50 dark:bg-[#444654]\" data-testid=\"conversation-turn-7\">\n<div class=\"flex p-4 gap-4 text-base md:gap-6 md:max-w-2xl lg:max-w-[38rem] xl:max-w-3xl md:py-6 lg:px-0 m-auto\">\n<div class=\"relative flex w-[calc(100%-50px)] flex-col gap-1 md:gap-3 lg:w-[calc(100%-115px)]\">\n<div class=\"flex flex-grow flex-col gap-3 max-w-full\">\n<div class=\"min-h-[20px] flex flex-col items-start gap-3 overflow-x-auto whitespace-pre-wrap break-words\">\n<div class=\"markdown prose w-full break-words dark:prose-invert light\">\n<p><strong><span style=\"color: #00ff00;\">\u221a<\/span> <span style=\"color: #ff6600;\">Livraison gratuite en Europe d\u00e8s 350 \u20ac<\/span><br \/>\n<\/strong><strong><span style=\"color: #00ff00;\">\u221a<\/span> Command\u00e9 avant <span style=\"color: #ff6600;\">16h00<\/span>? G\u00e9n\u00e9ralement exp\u00e9di\u00e9 le m\u00eame jour<br \/>\n<\/strong><strong><span style=\"color: #00ff00;\">\u221a<\/span> <span style=\"color: #ff6600;\">14 jours<\/span> de r\u00e9flexion<br \/>\n<\/strong><strong><span style=\"color: #00ff00;\">\u221a<\/span> Convient pour les <span style=\"color: #ff6600;\">LED<\/span><\/strong><\/p>\n<ul>\n<li style=\"font-weight: 400;\"><strong>Diam\u00e8tre : 47 cm<\/strong><\/li>\n<li style=\"font-weight: 400;\"><strong><span style=\"font-size: 16px;\">Hauteur : 21 cm<\/span><\/strong><\/li>\n<\/ul>\n<\/div>\n<\/div>\n<\/div>\n<\/div>\n<\/div>\n<\/div>\n","protected":false},"featured_media":56226,"template":"","meta":{"_uag_custom_page_level_css":"","site-sidebar-layout":"default","site-content-layout":"default","ast-site-content-layout":"default","site-content-style":"default","site-sidebar-style":"default","ast-global-header-display":"","ast-banner-title-visibility":"","ast-main-header-display":"","ast-hfb-above-header-display":"","ast-hfb-below-header-display":"","ast-hfb-mobile-header-display":"","site-post-title":"","ast-breadcrumbs-content":"","ast-featured-img":"","footer-sml-layout":"","ast-disable-related-posts":"","theme-transparent-header-meta":"default","adv-header-id-meta":"","stick-header-meta":"","header-above-stick-meta":"","header-main-stick-meta":"","header-below-stick-meta":"","astra-migrate-meta-layouts":"default","ast-page-background-enabled":"default","ast-page-background-meta":{"desktop":{"background-color":"var(--ast-global-color-4)","background-image":"","background-repeat":"repeat","background-position":"center center","background-size":"auto","background-attachment":"scroll","background-type":"","background-media":"","overlay-type":"","overlay-color":"","overlay-opacity":"","overlay-gradient":""},"tablet":{"background-color":"","background-image":"","background-repeat":"repeat","background-position":"center center","background-size":"auto","background-attachment":"scroll","background-type":"","background-media":"","overlay-type":"","overlay-color":"","overlay-opacity":"","overlay-gradient":""},"mobile":{"background-color":"","background-image":"","background-repeat":"repeat","background-position":"center center","background-size":"auto","background-attachment":"scroll","background-type":"","background-media":"","overlay-type":"","overlay-color":"","overlay-opacity":"","overlay-gradient":""}},"ast-content-background-meta":{"desktop":{"background-color":"var(--ast-global-color-5)","background-image":"","background-repeat":"repeat","background-position":"center center","background-size":"auto","background-attachment":"scroll","background-type":"","background-media":"","overlay-type":"","overlay-color":"","overlay-opacity":"","overlay-gradient":""},"tablet":{"background-color":"var(--ast-global-color-5)","background-image":"","background-repeat":"repeat","background-position":"center center","background-size":"auto","background-attachment":"scroll","background-type":"","background-media":"","overlay-type":"","overlay-color":"","overlay-opacity":"","overlay-gradient":""},"mobile":{"background-color":"var(--ast-global-color-5)","background-image":"","background-repeat":"repeat","background-position":"center center","background-size":"auto","background-attachment":"scroll","background-type":"","background-media":"","overlay-type":"","overlay-color":"","overlay-opacity":"","overlay-gradient":""}}},"product_brand":[],"product_cat":[499,337,338,505,333,335,604],"product_tag":[363],"class_list":{"0":"post-56230","1":"product","2":"type-product","3":"status-publish","4":"has-post-thumbnail","6":"product_cat-eclairage-de-bureau-fr","7":"product_cat-eclairage-de-la-chambre","8":"product_cat-eclairage-du-salon","9":"product_cat-form-light-fr","10":"product_cat-suspensions-scandinaves","11":"product_cat-suspensions-pour-table-a-manger","12":"product_cat-voir-notre-collection-complete","13":"product_tag-blanc","14":"desktop-align-center","15":"tablet-align-left","16":"mobile-align-left","18":"first","19":"instock","20":"taxable","21":"shipping-taxable","22":"purchasable","23":"product-type-simple"},"yoast_head":"<!-- This site is optimized with the Yoast SEO plugin v27.4 - https:\/\/yoast.com\/product\/yoast-seo-wordpress\/ -->\n<title>Form Light suspension 52610 - Vintage<\/title>\n<meta name=\"description\" content=\"Belle lampe suspendue Form-Light Scale type 52610. Cette lampe est d&#039;une qualit\u00e9 exceptionnelle et attire tous les regards dans n&#039;importe quel int\u00e9rieur.\" \/>\n<meta name=\"robots\" content=\"index, follow, max-snippet:-1, max-image-preview:large, max-video-preview:-1\" \/>\n<link rel=\"canonical\" href=\"https:\/\/scandinavischelampen.nl\/fr\/produit\/form-light-hanglamp-52610-3\/\" \/>\n<meta property=\"og:locale\" content=\"fr_FR\" \/>\n<meta property=\"og:type\" content=\"article\" \/>\n<meta property=\"og:title\" content=\"Form Light suspension 52610 - Vintage\" \/>\n<meta property=\"og:description\" content=\"Belle lampe suspendue Form-Light Scale type 52610. Cette lampe est d&#039;une qualit\u00e9 exceptionnelle et attire tous les regards dans n&#039;importe quel int\u00e9rieur.\" \/>\n<meta property=\"og:url\" content=\"https:\/\/scandinavischelampen.nl\/fr\/produit\/form-light-hanglamp-52610-3\/\" \/>\n<meta property=\"og:site_name\" content=\"Lampes Scandinaves\" \/>\n<meta property=\"article:publisher\" content=\"https:\/\/www.facebook.com\/scandinavischelampen\/\" \/>\n<meta property=\"article:modified_time\" content=\"2025-04-23T19:22:52+00:00\" \/>\n<meta property=\"og:image\" content=\"https:\/\/i0.wp.com\/scandinavischelampen.nl\/wp-content\/uploads\/2025\/04\/IMG_6583-kopie-scaled.jpg?fit=1920%2C2560&ssl=1\" \/>\n\t<meta property=\"og:image:width\" content=\"1920\" \/>\n\t<meta property=\"og:image:height\" content=\"2560\" \/>\n\t<meta property=\"og:image:type\" content=\"image\/jpeg\" \/>\n<meta name=\"twitter:card\" content=\"summary_large_image\" \/>\n<meta name=\"twitter:label1\" content=\"Dur\u00e9e de lecture estim\u00e9e\" \/>\n\t<meta name=\"twitter:data1\" content=\"2 minutes\" \/>\n<script type=\"application\/ld+json\" class=\"yoast-schema-graph\">{\"@context\":\"https:\\\/\\\/schema.org\",\"@graph\":[{\"@type\":\"WebPage\",\"@id\":\"https:\\\/\\\/scandinavischelampen.nl\\\/fr\\\/produit\\\/form-light-hanglamp-52610-3\\\/\",\"url\":\"https:\\\/\\\/scandinavischelampen.nl\\\/fr\\\/produit\\\/form-light-hanglamp-52610-3\\\/\",\"name\":\"Form Light suspension 52610 - Vintage\",\"isPartOf\":{\"@id\":\"https:\\\/\\\/scandinavischelampen.nl\\\/fr\\\/#website\"},\"primaryImageOfPage\":{\"@id\":\"https:\\\/\\\/scandinavischelampen.nl\\\/fr\\\/produit\\\/form-light-hanglamp-52610-3\\\/#primaryimage\"},\"image\":{\"@id\":\"https:\\\/\\\/scandinavischelampen.nl\\\/fr\\\/produit\\\/form-light-hanglamp-52610-3\\\/#primaryimage\"},\"thumbnailUrl\":\"https:\\\/\\\/i0.wp.com\\\/scandinavischelampen.nl\\\/wp-content\\\/uploads\\\/2025\\\/04\\\/IMG_6583-kopie-scaled.jpg?fit=1920%2C2560&ssl=1\",\"datePublished\":\"2025-04-19T12:12:36+00:00\",\"dateModified\":\"2025-04-23T19:22:52+00:00\",\"description\":\"Belle lampe suspendue Form-Light Scale type 52610. Cette lampe est d'une qualit\u00e9 exceptionnelle et attire tous les regards dans n'importe quel int\u00e9rieur.\",\"breadcrumb\":{\"@id\":\"https:\\\/\\\/scandinavischelampen.nl\\\/fr\\\/produit\\\/form-light-hanglamp-52610-3\\\/#breadcrumb\"},\"inLanguage\":\"fr-FR\",\"potentialAction\":[{\"@type\":\"ReadAction\",\"target\":[\"https:\\\/\\\/scandinavischelampen.nl\\\/fr\\\/produit\\\/form-light-hanglamp-52610-3\\\/\"]}]},{\"@type\":\"ImageObject\",\"inLanguage\":\"fr-FR\",\"@id\":\"https:\\\/\\\/scandinavischelampen.nl\\\/fr\\\/produit\\\/form-light-hanglamp-52610-3\\\/#primaryimage\",\"url\":\"https:\\\/\\\/i0.wp.com\\\/scandinavischelampen.nl\\\/wp-content\\\/uploads\\\/2025\\\/04\\\/IMG_6583-kopie-scaled.jpg?fit=1920%2C2560&ssl=1\",\"contentUrl\":\"https:\\\/\\\/i0.wp.com\\\/scandinavischelampen.nl\\\/wp-content\\\/uploads\\\/2025\\\/04\\\/IMG_6583-kopie-scaled.jpg?fit=1920%2C2560&ssl=1\",\"width\":1920,\"height\":2560,\"caption\":\"Form Light suspension 52610\"},{\"@type\":\"BreadcrumbList\",\"@id\":\"https:\\\/\\\/scandinavischelampen.nl\\\/fr\\\/produit\\\/form-light-hanglamp-52610-3\\\/#breadcrumb\",\"itemListElement\":[{\"@type\":\"ListItem\",\"position\":1,\"name\":\"Home\",\"item\":\"https:\\\/\\\/scandinavischelampen.nl\\\/fr\\\/\"},{\"@type\":\"ListItem\",\"position\":2,\"name\":\"Boutique\",\"item\":\"https:\\\/\\\/scandinavischelampen.nl\\\/fr\\\/boutique\\\/\"},{\"@type\":\"ListItem\",\"position\":3,\"name\":\"Form Light suspension 52610\"}]},{\"@type\":\"WebSite\",\"@id\":\"https:\\\/\\\/scandinavischelampen.nl\\\/fr\\\/#website\",\"url\":\"https:\\\/\\\/scandinavischelampen.nl\\\/fr\\\/\",\"name\":\"Scandinavische Lampen\",\"description\":\"Luminaire design vintage\",\"publisher\":{\"@id\":\"https:\\\/\\\/scandinavischelampen.nl\\\/fr\\\/#organization\"},\"potentialAction\":[{\"@type\":\"SearchAction\",\"target\":{\"@type\":\"EntryPoint\",\"urlTemplate\":\"https:\\\/\\\/scandinavischelampen.nl\\\/fr\\\/?s={search_term_string}\"},\"query-input\":{\"@type\":\"PropertyValueSpecification\",\"valueRequired\":true,\"valueName\":\"search_term_string\"}}],\"inLanguage\":\"fr-FR\"},{\"@type\":\"Organization\",\"@id\":\"https:\\\/\\\/scandinavischelampen.nl\\\/fr\\\/#organization\",\"name\":\"Scandinavische Lampen\",\"url\":\"https:\\\/\\\/scandinavischelampen.nl\\\/fr\\\/\",\"logo\":{\"@type\":\"ImageObject\",\"inLanguage\":\"fr-FR\",\"@id\":\"https:\\\/\\\/scandinavischelampen.nl\\\/fr\\\/#\\\/schema\\\/logo\\\/image\\\/\",\"url\":\"https:\\\/\\\/i0.wp.com\\\/scandinavischelampen.nl\\\/wp-content\\\/uploads\\\/2023\\\/07\\\/cropped-Scandinavische-lampen-logo-oranje-01-scaled.png?fit=4717%2C1570&ssl=1\",\"contentUrl\":\"https:\\\/\\\/i0.wp.com\\\/scandinavischelampen.nl\\\/wp-content\\\/uploads\\\/2023\\\/07\\\/cropped-Scandinavische-lampen-logo-oranje-01-scaled.png?fit=4717%2C1570&ssl=1\",\"width\":4717,\"height\":1570,\"caption\":\"Scandinavische Lampen\"},\"image\":{\"@id\":\"https:\\\/\\\/scandinavischelampen.nl\\\/fr\\\/#\\\/schema\\\/logo\\\/image\\\/\"},\"sameAs\":[\"https:\\\/\\\/www.facebook.com\\\/scandinavischelampen\\\/\",\"https:\\\/\\\/www.instagram.com\\\/scandinavische_lampen\\\/\"]}]}<\/script>\n<!-- \/ Yoast SEO plugin. -->","yoast_head_json":{"title":"Form Light suspension 52610 - Vintage","description":"Belle lampe suspendue Form-Light Scale type 52610. Cette lampe est d'une qualit\u00e9 exceptionnelle et attire tous les regards dans n'importe quel int\u00e9rieur.","robots":{"index":"index","follow":"follow","max-snippet":"max-snippet:-1","max-image-preview":"max-image-preview:large","max-video-preview":"max-video-preview:-1"},"canonical":"https:\/\/scandinavischelampen.nl\/fr\/produit\/form-light-hanglamp-52610-3\/","og_locale":"fr_FR","og_type":"article","og_title":"Form Light suspension 52610 - Vintage","og_description":"Belle lampe suspendue Form-Light Scale type 52610. Cette lampe est d'une qualit\u00e9 exceptionnelle et attire tous les regards dans n'importe quel int\u00e9rieur.","og_url":"https:\/\/scandinavischelampen.nl\/fr\/produit\/form-light-hanglamp-52610-3\/","og_site_name":"Lampes Scandinaves","article_publisher":"https:\/\/www.facebook.com\/scandinavischelampen\/","article_modified_time":"2025-04-23T19:22:52+00:00","og_image":[{"width":1920,"height":2560,"url":"https:\/\/i0.wp.com\/scandinavischelampen.nl\/wp-content\/uploads\/2025\/04\/IMG_6583-kopie-scaled.jpg?fit=1920%2C2560&ssl=1","type":"image\/jpeg"}],"twitter_card":"summary_large_image","twitter_misc":{"Dur\u00e9e de lecture estim\u00e9e":"2 minutes"},"schema":{"@context":"https:\/\/schema.org","@graph":[{"@type":"WebPage","@id":"https:\/\/scandinavischelampen.nl\/fr\/produit\/form-light-hanglamp-52610-3\/","url":"https:\/\/scandinavischelampen.nl\/fr\/produit\/form-light-hanglamp-52610-3\/","name":"Form Light suspension 52610 - Vintage","isPartOf":{"@id":"https:\/\/scandinavischelampen.nl\/fr\/#website"},"primaryImageOfPage":{"@id":"https:\/\/scandinavischelampen.nl\/fr\/produit\/form-light-hanglamp-52610-3\/#primaryimage"},"image":{"@id":"https:\/\/scandinavischelampen.nl\/fr\/produit\/form-light-hanglamp-52610-3\/#primaryimage"},"thumbnailUrl":"https:\/\/i0.wp.com\/scandinavischelampen.nl\/wp-content\/uploads\/2025\/04\/IMG_6583-kopie-scaled.jpg?fit=1920%2C2560&ssl=1","datePublished":"2025-04-19T12:12:36+00:00","dateModified":"2025-04-23T19:22:52+00:00","description":"Belle lampe suspendue Form-Light Scale type 52610. Cette lampe est d'une qualit\u00e9 exceptionnelle et attire tous les regards dans n'importe quel int\u00e9rieur.","breadcrumb":{"@id":"https:\/\/scandinavischelampen.nl\/fr\/produit\/form-light-hanglamp-52610-3\/#breadcrumb"},"inLanguage":"fr-FR","potentialAction":[{"@type":"ReadAction","target":["https:\/\/scandinavischelampen.nl\/fr\/produit\/form-light-hanglamp-52610-3\/"]}]},{"@type":"ImageObject","inLanguage":"fr-FR","@id":"https:\/\/scandinavischelampen.nl\/fr\/produit\/form-light-hanglamp-52610-3\/#primaryimage","url":"https:\/\/i0.wp.com\/scandinavischelampen.nl\/wp-content\/uploads\/2025\/04\/IMG_6583-kopie-scaled.jpg?fit=1920%2C2560&ssl=1","contentUrl":"https:\/\/i0.wp.com\/scandinavischelampen.nl\/wp-content\/uploads\/2025\/04\/IMG_6583-kopie-scaled.jpg?fit=1920%2C2560&ssl=1","width":1920,"height":2560,"caption":"Form Light suspension 52610"},{"@type":"BreadcrumbList","@id":"https:\/\/scandinavischelampen.nl\/fr\/produit\/form-light-hanglamp-52610-3\/#breadcrumb","itemListElement":[{"@type":"ListItem","position":1,"name":"Home","item":"https:\/\/scandinavischelampen.nl\/fr\/"},{"@type":"ListItem","position":2,"name":"Boutique","item":"https:\/\/scandinavischelampen.nl\/fr\/boutique\/"},{"@type":"ListItem","position":3,"name":"Form Light suspension 52610"}]},{"@type":"WebSite","@id":"https:\/\/scandinavischelampen.nl\/fr\/#website","url":"https:\/\/scandinavischelampen.nl\/fr\/","name":"Scandinavische Lampen","description":"Luminaire design vintage","publisher":{"@id":"https:\/\/scandinavischelampen.nl\/fr\/#organization"},"potentialAction":[{"@type":"SearchAction","target":{"@type":"EntryPoint","urlTemplate":"https:\/\/scandinavischelampen.nl\/fr\/?s={search_term_string}"},"query-input":{"@type":"PropertyValueSpecification","valueRequired":true,"valueName":"search_term_string"}}],"inLanguage":"fr-FR"},{"@type":"Organization","@id":"https:\/\/scandinavischelampen.nl\/fr\/#organization","name":"Scandinavische Lampen","url":"https:\/\/scandinavischelampen.nl\/fr\/","logo":{"@type":"ImageObject","inLanguage":"fr-FR","@id":"https:\/\/scandinavischelampen.nl\/fr\/#\/schema\/logo\/image\/","url":"https:\/\/i0.wp.com\/scandinavischelampen.nl\/wp-content\/uploads\/2023\/07\/cropped-Scandinavische-lampen-logo-oranje-01-scaled.png?fit=4717%2C1570&ssl=1","contentUrl":"https:\/\/i0.wp.com\/scandinavischelampen.nl\/wp-content\/uploads\/2023\/07\/cropped-Scandinavische-lampen-logo-oranje-01-scaled.png?fit=4717%2C1570&ssl=1","width":4717,"height":1570,"caption":"Scandinavische Lampen"},"image":{"@id":"https:\/\/scandinavischelampen.nl\/fr\/#\/schema\/logo\/image\/"},"sameAs":["https:\/\/www.facebook.com\/scandinavischelampen\/","https:\/\/www.instagram.com\/scandinavische_lampen\/"]}]}},"uagb_featured_image_src":{"full":["https:\/\/i0.wp.com\/scandinavischelampen.nl\/wp-content\/uploads\/2025\/04\/IMG_6583-kopie-scaled.jpg?fit=1920%2C2560&ssl=1",1920,2560,false],"thumbnail":["https:\/\/i0.wp.com\/scandinavischelampen.nl\/wp-content\/uploads\/2025\/04\/IMG_6583-kopie-scaled.jpg?resize=150%2C150&ssl=1",150,150,true],"medium":["https:\/\/i0.wp.com\/scandinavischelampen.nl\/wp-content\/uploads\/2025\/04\/IMG_6583-kopie-scaled.jpg?fit=225%2C300&ssl=1",225,300,true],"medium_large":["https:\/\/i0.wp.com\/scandinavischelampen.nl\/wp-content\/uploads\/2025\/04\/IMG_6583-kopie-scaled.jpg?fit=768%2C1024&ssl=1",768,1024,true],"large":["https:\/\/i0.wp.com\/scandinavischelampen.nl\/wp-content\/uploads\/2025\/04\/IMG_6583-kopie-scaled.jpg?fit=768%2C1024&ssl=1",768,1024,true],"1536x1536":["https:\/\/i0.wp.com\/scandinavischelampen.nl\/wp-content\/uploads\/2025\/04\/IMG_6583-kopie-scaled.jpg?fit=1152%2C1536&ssl=1",1152,1536,true],"2048x2048":["https:\/\/i0.wp.com\/scandinavischelampen.nl\/wp-content\/uploads\/2025\/04\/IMG_6583-kopie-scaled.jpg?fit=1536%2C2048&ssl=1",1536,2048,true],"woocommerce_thumbnail":["https:\/\/i0.wp.com\/scandinavischelampen.nl\/wp-content\/uploads\/2025\/04\/IMG_6583-kopie-scaled.jpg?resize=300%2C300&ssl=1",300,300,true],"woocommerce_single":["https:\/\/i0.wp.com\/scandinavischelampen.nl\/wp-content\/uploads\/2025\/04\/IMG_6583-kopie-scaled.jpg?fit=600%2C800&ssl=1",600,800,true],"woocommerce_gallery_thumbnail":["https:\/\/i0.wp.com\/scandinavischelampen.nl\/wp-content\/uploads\/2025\/04\/IMG_6583-kopie-scaled.jpg?resize=100%2C100&ssl=1",100,100,true],"thaps-thumb-img":["https:\/\/i0.wp.com\/scandinavischelampen.nl\/wp-content\/uploads\/2025\/04\/IMG_6583-kopie-scaled.jpg?resize=48%2C64&ssl=1",48,64,true]},"uagb_author_info":{"display_name":"administrator","author_link":"https:\/\/scandinavischelampen.nl\/fr\/author\/"},"uagb_comment_info":0,"uagb_excerpt":"\u221a Livraison gratuite en Europe d\u00e8s 350 \u20ac \u221a Command\u00e9 avant 16h00? G\u00e9n\u00e9ralement exp\u00e9di\u00e9 le m\u00eame jour \u221a 14 jours de r\u00e9flexion \u221a Convient pour les LED Diam\u00e8tre : 47 cm Hauteur : 21 cm","jetpack_sharing_enabled":true,"_links":{"self":[{"href":"https:\/\/scandinavischelampen.nl\/fr\/wp-json\/wp\/v2\/product\/56230","targetHints":{"allow":["GET"]}}],"collection":[{"href":"https:\/\/scandinavischelampen.nl\/fr\/wp-json\/wp\/v2\/product"}],"about":[{"href":"https:\/\/scandinavischelampen.nl\/fr\/wp-json\/wp\/v2\/types\/product"}],"wp:featuredmedia":[{"embeddable":true,"href":"https:\/\/scandinavischelampen.nl\/fr\/wp-json\/wp\/v2\/media\/56226"}],"wp:attachment":[{"href":"https:\/\/scandinavischelampen.nl\/fr\/wp-json\/wp\/v2\/media?parent=56230"}],"wp:term":[{"taxonomy":"product_brand","embeddable":true,"href":"https:\/\/scandinavischelampen.nl\/fr\/wp-json\/wp\/v2\/product_brand?post=56230"},{"taxonomy":"product_cat","embeddable":true,"href":"https:\/\/scandinavischelampen.nl\/fr\/wp-json\/wp\/v2\/product_cat?post=56230"},{"taxonomy":"product_tag","embeddable":true,"href":"https:\/\/scandinavischelampen.nl\/fr\/wp-json\/wp\/v2\/product_tag?post=56230"}],"curies":[{"name":"wp","href":"https:\/\/api.w.org\/{rel}","templated":true}]}}