{"id":53579,"date":"2025-01-10T14:43:59","date_gmt":"2025-01-10T13:43:59","guid":{"rendered":"https:\/\/scandinavischelampen.nl\/?post_type=product&#038;p=53579"},"modified":"2025-01-10T14:53:01","modified_gmt":"2025-01-10T13:53:01","slug":"vintage-tip-top-suspendue-de-jorgen-gammelgaard-3","status":"publish","type":"product","link":"https:\/\/scandinavischelampen.nl\/fr\/produit\/vintage-tip-top-suspendue-de-jorgen-gammelgaard-3\/","title":{"rendered":"Vintage Tip Top lampe suspendue de J\u00f8rgen Gammelgaard"},"content":{"rendered":"<h2 style=\"font-weight: 400;\"><strong>Suspension Tip Top de J\u00f8rgen Gammelgaard<\/strong><\/h2>\n<p>D\u00e9couvrez la lampe suspendue Tip Top de J\u00f8rgen Gammelgaard pour Design Forum, un classique intemporel du design qui a trouv\u00e9 sa place dans le prestigieux Guide de Design Taschen des ann\u00e9es 70. Cette beaut\u00e9 vintage n&rsquo;est pas simplement une lampe ; c&rsquo;est une \u0153uvre d&rsquo;art en soi.<\/p>\n<p>Cette lampe suspendue est habilement con\u00e7ue avec un syst\u00e8me multi-\u00e9crans r\u00e9fl\u00e9chissants qui r\u00e9partit la lumi\u00e8re sur 6 disques. Cela cr\u00e9e une dispersion de la lumi\u00e8re captivante, \u00e0 la fois horizontalement et vers le bas. Les abat-jours blancs garantissent une diffusion douce et uniforme de la lumi\u00e8re.<\/p>\n<p>Mais ce n&rsquo;est pas tout ! Cette magnifique lampe suspendue a \u00e9t\u00e9 ressuscit\u00e9e gr\u00e2ce \u00e0 l&rsquo;expertise d&rsquo;une entreprise sp\u00e9cialis\u00e9e. Avec un rev\u00eatement en poudre durable, elle rayonne d\u00e9sormais comme jamais auparavant et est en excellent \u00e9tat.<\/p>\n<p>La teinte blanche \u00e9l\u00e9gante lui donne une touche contemporaine, faisant de cette lampe suspendue l&rsquo;ajout parfait \u00e0 votre int\u00e9rieur moderne. Laissez cette combinaison unique entre le charme vintage et le style contemporain illuminer et embellir votre espace ! Apportez d\u00e8s maintenant la lampe suspendue Tip Top chez vous et ajoutez une touche de beaut\u00e9 intemporelle \u00e0 votre espace de vie.<\/p>\n<h2 style=\"font-weight: 400;\"><strong>Conditions<\/strong><\/h2>\n<p style=\"font-weight: 400;\">Cette pi\u00e8ce embl\u00e9matique d&rsquo;\u00e9clairage a une histoire d&rsquo;environ 40 ans, et bien qu&rsquo;elle pr\u00e9sente de l\u00e9g\u00e8res traces d&rsquo;utilisation pr\u00e9c\u00e9dente, elle est toujours en excellent \u00e9tat. Les abat-jours ont \u00e9t\u00e9 professionnellement rev\u00eatus de poudre et sont en tr\u00e8s bon \u00e9tat, et le c\u00e2blage a \u00e9t\u00e9 enti\u00e8rement renouvel\u00e9.<\/p>\n<h2 style=\"font-weight: 400;\"><strong>Sp\u00e9cifications Tip Top suspension J\u00f8rgen Gammelgaard<\/strong><\/h2>\n<ul style=\"font-weight: 400;\">\n<li>Hauteur : 36cm<\/li>\n<li>Diam\u00e8tre : 19 cm<\/li>\n<li>Hauteur totale avec cordon 130 cm (r\u00e9glable lors de l&rsquo;installation)<\/li>\n<li>Mat\u00e9riau : aluminium<\/li>\n<li>Couleur du cordon : Blanc<\/li>\n<li>Puissance maximale : 60W<\/li>\n<li>Culot: E27<\/li>\n<li>Convient aux lampes LED<\/li>\n<li>Poids : 0,8 kg<\/li>\n<\/ul>\n<h3>L&rsquo;histoire de la lampe suspendue Tip Top<\/h3>\n<p>Remontez dans le temps jusqu&rsquo;aux ann\u00e9es 60, lorsque J\u00f8rgen Gammelgaard \u00e9tait conseiller de l&rsquo;ONU \u00e0 Samoa. Dans cet endroit isol\u00e9, la seule lumi\u00e8re dont il disposait \u00e9tait une simple lampe fluorescente. Mais Gammelgaard \u00e9tait un visionnaire avec un d\u00e9sir irr\u00e9sistible d&rsquo;am\u00e9lioration. Il inclina cette simple lampe fluorescente et ajouta des couvercles en plastique d\u00e9coup\u00e9s \u00e0 la main pour affiner la qualit\u00e9 de la lumi\u00e8re. Ce qui avait commenc\u00e9 comme un modeste projet dans le Pacifique Sud est rapidement devenu l&rsquo;inspiration pour une lampe qui a \u00e9t\u00e9 accueillie par Statens Kunstfond presque imm\u00e9diatement apr\u00e8s son lancement.<\/p>\n<p>Ce concept d&rsquo;am\u00e9lioration de la lumi\u00e8re s&rsquo;est magnifiquement traduit dans la cr\u00e9ation de ces lampes suspendues et mont\u00e9es, chacune comportant six abat-jours en aluminium fabriqu\u00e9s \u00e0 la main. Cette lampe n&rsquo;est pas simplement une source de lumi\u00e8re ; c&rsquo;est un hommage \u00e0 la cr\u00e9ativit\u00e9 et \u00e0 l&rsquo;innovation de Gammelgaard, un rappel tangible de son temps \u00e0 Samoa. Laissez cette pi\u00e8ce d&rsquo;histoire, m\u00eal\u00e9e \u00e0 l&rsquo;\u00e9l\u00e9gance contemporaine, illuminer et inspirer votre espace.<\/p>\n","protected":false},"excerpt":{"rendered":"<div class=\"group w-full text-token-text-primary border-b border-black\/10 dark:border-gray-900\/50 bg-gray-50 dark:bg-[#444654]\">\n<div class=\"flex p-4 gap-4 text-base md:gap-6 md:max-w-2xl lg:max-w-[38rem] xl:max-w-3xl md:py-6 lg:px-0 m-auto\">\n<div class=\"relative flex w-[calc(100%-50px)] flex-col gap-1 md:gap-3 lg:w-[calc(100%-115px)]\">\n<div class=\"flex flex-grow flex-col gap-3 max-w-full\">\n<div class=\"min-h-[20px] flex flex-col items-start gap-3 overflow-x-auto whitespace-pre-wrap break-words\">\n<div class=\"markdown prose w-full break-words dark:prose-invert light\">\n<p><strong><span style=\"color: #00ff00;\">\u221a<\/span> <span style=\"color: #ff6600;\">Livraison gratuite en Europe d\u00e8s 350 \u20ac<\/span><br \/>\n<\/strong><strong><span style=\"color: #00ff00;\">\u221a<\/span> Command\u00e9 avant <span style=\"color: #ff6600;\">16h00<\/span>? G\u00e9n\u00e9ralement exp\u00e9di\u00e9 le m\u00eame jour<br \/>\n<\/strong><strong><span style=\"color: #00ff00;\">\u221a<\/span> <span style=\"color: #ff6600;\">14 jours<\/span> de r\u00e9flexion<br \/>\n<\/strong><strong><span style=\"color: #00ff00;\">\u221a<\/span> Convient pour les <span style=\"color: #ff6600;\">LED<\/span><\/strong><\/p>\n<\/div>\n<\/div>\n<\/div>\n<\/div>\n<\/div>\n<\/div>\n<ul>\n<li><strong>Hauteur : 36cm<\/strong><\/li>\n<li><strong>Diam\u00e8tre : 19 cm<\/strong><\/li>\n<\/ul>\n","protected":false},"featured_media":53612,"template":"","meta":{"_uag_custom_page_level_css":"","site-sidebar-layout":"default","site-content-layout":"default","ast-site-content-layout":"default","site-content-style":"default","site-sidebar-style":"default","ast-global-header-display":"","ast-banner-title-visibility":"","ast-main-header-display":"","ast-hfb-above-header-display":"","ast-hfb-below-header-display":"","ast-hfb-mobile-header-display":"","site-post-title":"","ast-breadcrumbs-content":"","ast-featured-img":"","footer-sml-layout":"","ast-disable-related-posts":"","theme-transparent-header-meta":"default","adv-header-id-meta":"","stick-header-meta":"","header-above-stick-meta":"","header-main-stick-meta":"","header-below-stick-meta":"","astra-migrate-meta-layouts":"set","ast-page-background-enabled":"default","ast-page-background-meta":{"desktop":{"background-color":"var(--ast-global-color-4)","background-image":"","background-repeat":"repeat","background-position":"center center","background-size":"auto","background-attachment":"scroll","background-type":"","background-media":"","overlay-type":"","overlay-color":"","overlay-opacity":"","overlay-gradient":""},"tablet":{"background-color":"","background-image":"","background-repeat":"repeat","background-position":"center center","background-size":"auto","background-attachment":"scroll","background-type":"","background-media":"","overlay-type":"","overlay-color":"","overlay-opacity":"","overlay-gradient":""},"mobile":{"background-color":"","background-image":"","background-repeat":"repeat","background-position":"center center","background-size":"auto","background-attachment":"scroll","background-type":"","background-media":"","overlay-type":"","overlay-color":"","overlay-opacity":"","overlay-gradient":""}},"ast-content-background-meta":{"desktop":{"background-color":"var(--ast-global-color-5)","background-image":"","background-repeat":"repeat","background-position":"center center","background-size":"auto","background-attachment":"scroll","background-type":"","background-media":"","overlay-type":"","overlay-color":"","overlay-opacity":"","overlay-gradient":""},"tablet":{"background-color":"var(--ast-global-color-5)","background-image":"","background-repeat":"repeat","background-position":"center center","background-size":"auto","background-attachment":"scroll","background-type":"","background-media":"","overlay-type":"","overlay-color":"","overlay-opacity":"","overlay-gradient":""},"mobile":{"background-color":"var(--ast-global-color-5)","background-image":"","background-repeat":"repeat","background-position":"center center","background-size":"auto","background-attachment":"scroll","background-type":"","background-media":"","overlay-type":"","overlay-color":"","overlay-opacity":"","overlay-gradient":""}}},"product_brand":[],"product_cat":[459,499,353,337,336,338,333,335,604],"product_tag":[],"class_list":{"0":"post-53579","1":"product","2":"type-product","3":"status-publish","4":"has-post-thumbnail","6":"product_cat-collection-de-couleurs","7":"product_cat-eclairage-de-bureau-fr","8":"product_cat-eclairage-de-couloir","9":"product_cat-eclairage-de-la-chambre","10":"product_cat-eclairage-de-la-cuisine","11":"product_cat-eclairage-du-salon","12":"product_cat-suspensions-scandinaves","13":"product_cat-suspensions-pour-table-a-manger","14":"product_cat-voir-notre-collection-complete","15":"desktop-align-center","16":"tablet-align-left","17":"mobile-align-left","19":"first","20":"instock","21":"taxable","22":"shipping-taxable","23":"purchasable","24":"product-type-simple"},"yoast_head":"<!-- This site is optimized with the Yoast SEO plugin v27.4 - https:\/\/yoast.com\/product\/yoast-seo-wordpress\/ -->\n<title>Vintage Tip Top lampe suspendue de J\u00f8rgen Gammelgaard<\/title>\n<meta name=\"description\" content=\"Illuminez votre espace avec l&#039;ambiance enchanteresse de la lampe suspendue Tip Top, un chef-d&#039;\u0153uvre con\u00e7u par le c\u00e9l\u00e8bre J\u00f8rgen Gammelgaard.\" \/>\n<meta name=\"robots\" content=\"index, follow, max-snippet:-1, max-image-preview:large, max-video-preview:-1\" \/>\n<link rel=\"canonical\" href=\"https:\/\/scandinavischelampen.nl\/fr\/produit\/vintage-tip-top-suspendue-de-jorgen-gammelgaard-3\/\" \/>\n<meta property=\"og:locale\" content=\"fr_FR\" \/>\n<meta property=\"og:type\" content=\"article\" \/>\n<meta property=\"og:title\" content=\"Vintage Tip Top lampe suspendue de J\u00f8rgen Gammelgaard\" \/>\n<meta property=\"og:description\" content=\"Illuminez votre espace avec l&#039;ambiance enchanteresse de la lampe suspendue Tip Top, un chef-d&#039;\u0153uvre con\u00e7u par le c\u00e9l\u00e8bre J\u00f8rgen Gammelgaard.\" \/>\n<meta property=\"og:url\" content=\"https:\/\/scandinavischelampen.nl\/fr\/produit\/vintage-tip-top-suspendue-de-jorgen-gammelgaard-3\/\" \/>\n<meta property=\"og:site_name\" content=\"Lampes Scandinaves\" \/>\n<meta property=\"article:publisher\" content=\"https:\/\/www.facebook.com\/scandinavischelampen\/\" \/>\n<meta property=\"article:modified_time\" content=\"2025-01-10T13:53:01+00:00\" \/>\n<meta property=\"og:image\" content=\"https:\/\/i0.wp.com\/scandinavischelampen.nl\/wp-content\/uploads\/2025\/01\/IMG_6738-5-kopie-scaled.jpg?fit=1920%2C2560&ssl=1\" \/>\n\t<meta property=\"og:image:width\" content=\"1920\" \/>\n\t<meta property=\"og:image:height\" content=\"2560\" \/>\n\t<meta property=\"og:image:type\" content=\"image\/jpeg\" \/>\n<meta name=\"twitter:card\" content=\"summary_large_image\" \/>\n<meta name=\"twitter:label1\" content=\"Dur\u00e9e de lecture estim\u00e9e\" \/>\n\t<meta name=\"twitter:data1\" content=\"4 minutes\" \/>\n<script type=\"application\/ld+json\" class=\"yoast-schema-graph\">{\"@context\":\"https:\\\/\\\/schema.org\",\"@graph\":[{\"@type\":\"WebPage\",\"@id\":\"https:\\\/\\\/scandinavischelampen.nl\\\/fr\\\/produit\\\/vintage-tip-top-suspendue-de-jorgen-gammelgaard-3\\\/\",\"url\":\"https:\\\/\\\/scandinavischelampen.nl\\\/fr\\\/produit\\\/vintage-tip-top-suspendue-de-jorgen-gammelgaard-3\\\/\",\"name\":\"Vintage Tip Top lampe suspendue de J\u00f8rgen Gammelgaard\",\"isPartOf\":{\"@id\":\"https:\\\/\\\/scandinavischelampen.nl\\\/fr\\\/#website\"},\"primaryImageOfPage\":{\"@id\":\"https:\\\/\\\/scandinavischelampen.nl\\\/fr\\\/produit\\\/vintage-tip-top-suspendue-de-jorgen-gammelgaard-3\\\/#primaryimage\"},\"image\":{\"@id\":\"https:\\\/\\\/scandinavischelampen.nl\\\/fr\\\/produit\\\/vintage-tip-top-suspendue-de-jorgen-gammelgaard-3\\\/#primaryimage\"},\"thumbnailUrl\":\"https:\\\/\\\/i0.wp.com\\\/scandinavischelampen.nl\\\/wp-content\\\/uploads\\\/2025\\\/01\\\/IMG_6738-5-kopie-scaled.jpg?fit=1920%2C2560&ssl=1\",\"datePublished\":\"2025-01-10T13:43:59+00:00\",\"dateModified\":\"2025-01-10T13:53:01+00:00\",\"description\":\"Illuminez votre espace avec l'ambiance enchanteresse de la lampe suspendue Tip Top, un chef-d'\u0153uvre con\u00e7u par le c\u00e9l\u00e8bre J\u00f8rgen Gammelgaard.\",\"breadcrumb\":{\"@id\":\"https:\\\/\\\/scandinavischelampen.nl\\\/fr\\\/produit\\\/vintage-tip-top-suspendue-de-jorgen-gammelgaard-3\\\/#breadcrumb\"},\"inLanguage\":\"fr-FR\",\"potentialAction\":[{\"@type\":\"ReadAction\",\"target\":[\"https:\\\/\\\/scandinavischelampen.nl\\\/fr\\\/produit\\\/vintage-tip-top-suspendue-de-jorgen-gammelgaard-3\\\/\"]}]},{\"@type\":\"ImageObject\",\"inLanguage\":\"fr-FR\",\"@id\":\"https:\\\/\\\/scandinavischelampen.nl\\\/fr\\\/produit\\\/vintage-tip-top-suspendue-de-jorgen-gammelgaard-3\\\/#primaryimage\",\"url\":\"https:\\\/\\\/i0.wp.com\\\/scandinavischelampen.nl\\\/wp-content\\\/uploads\\\/2025\\\/01\\\/IMG_6738-5-kopie-scaled.jpg?fit=1920%2C2560&ssl=1\",\"contentUrl\":\"https:\\\/\\\/i0.wp.com\\\/scandinavischelampen.nl\\\/wp-content\\\/uploads\\\/2025\\\/01\\\/IMG_6738-5-kopie-scaled.jpg?fit=1920%2C2560&ssl=1\",\"width\":1920,\"height\":2560,\"caption\":\"Vintage Tip Top lampe suspendue de J\u00f8rgen Gammelgaard\"},{\"@type\":\"BreadcrumbList\",\"@id\":\"https:\\\/\\\/scandinavischelampen.nl\\\/fr\\\/produit\\\/vintage-tip-top-suspendue-de-jorgen-gammelgaard-3\\\/#breadcrumb\",\"itemListElement\":[{\"@type\":\"ListItem\",\"position\":1,\"name\":\"Home\",\"item\":\"https:\\\/\\\/scandinavischelampen.nl\\\/fr\\\/\"},{\"@type\":\"ListItem\",\"position\":2,\"name\":\"Boutique\",\"item\":\"https:\\\/\\\/scandinavischelampen.nl\\\/fr\\\/boutique\\\/\"},{\"@type\":\"ListItem\",\"position\":3,\"name\":\"Vintage Tip Top lampe suspendue de J\u00f8rgen Gammelgaard\"}]},{\"@type\":\"WebSite\",\"@id\":\"https:\\\/\\\/scandinavischelampen.nl\\\/fr\\\/#website\",\"url\":\"https:\\\/\\\/scandinavischelampen.nl\\\/fr\\\/\",\"name\":\"Scandinavische Lampen\",\"description\":\"Luminaire design vintage\",\"publisher\":{\"@id\":\"https:\\\/\\\/scandinavischelampen.nl\\\/fr\\\/#organization\"},\"potentialAction\":[{\"@type\":\"SearchAction\",\"target\":{\"@type\":\"EntryPoint\",\"urlTemplate\":\"https:\\\/\\\/scandinavischelampen.nl\\\/fr\\\/?s={search_term_string}\"},\"query-input\":{\"@type\":\"PropertyValueSpecification\",\"valueRequired\":true,\"valueName\":\"search_term_string\"}}],\"inLanguage\":\"fr-FR\"},{\"@type\":\"Organization\",\"@id\":\"https:\\\/\\\/scandinavischelampen.nl\\\/fr\\\/#organization\",\"name\":\"Scandinavische Lampen\",\"url\":\"https:\\\/\\\/scandinavischelampen.nl\\\/fr\\\/\",\"logo\":{\"@type\":\"ImageObject\",\"inLanguage\":\"fr-FR\",\"@id\":\"https:\\\/\\\/scandinavischelampen.nl\\\/fr\\\/#\\\/schema\\\/logo\\\/image\\\/\",\"url\":\"https:\\\/\\\/i0.wp.com\\\/scandinavischelampen.nl\\\/wp-content\\\/uploads\\\/2023\\\/07\\\/cropped-Scandinavische-lampen-logo-oranje-01-scaled.png?fit=4717%2C1570&ssl=1\",\"contentUrl\":\"https:\\\/\\\/i0.wp.com\\\/scandinavischelampen.nl\\\/wp-content\\\/uploads\\\/2023\\\/07\\\/cropped-Scandinavische-lampen-logo-oranje-01-scaled.png?fit=4717%2C1570&ssl=1\",\"width\":4717,\"height\":1570,\"caption\":\"Scandinavische Lampen\"},\"image\":{\"@id\":\"https:\\\/\\\/scandinavischelampen.nl\\\/fr\\\/#\\\/schema\\\/logo\\\/image\\\/\"},\"sameAs\":[\"https:\\\/\\\/www.facebook.com\\\/scandinavischelampen\\\/\",\"https:\\\/\\\/www.instagram.com\\\/scandinavische_lampen\\\/\"]}]}<\/script>\n<!-- \/ Yoast SEO plugin. -->","yoast_head_json":{"title":"Vintage Tip Top lampe suspendue de J\u00f8rgen Gammelgaard","description":"Illuminez votre espace avec l'ambiance enchanteresse de la lampe suspendue Tip Top, un chef-d'\u0153uvre con\u00e7u par le c\u00e9l\u00e8bre J\u00f8rgen Gammelgaard.","robots":{"index":"index","follow":"follow","max-snippet":"max-snippet:-1","max-image-preview":"max-image-preview:large","max-video-preview":"max-video-preview:-1"},"canonical":"https:\/\/scandinavischelampen.nl\/fr\/produit\/vintage-tip-top-suspendue-de-jorgen-gammelgaard-3\/","og_locale":"fr_FR","og_type":"article","og_title":"Vintage Tip Top lampe suspendue de J\u00f8rgen Gammelgaard","og_description":"Illuminez votre espace avec l'ambiance enchanteresse de la lampe suspendue Tip Top, un chef-d'\u0153uvre con\u00e7u par le c\u00e9l\u00e8bre J\u00f8rgen Gammelgaard.","og_url":"https:\/\/scandinavischelampen.nl\/fr\/produit\/vintage-tip-top-suspendue-de-jorgen-gammelgaard-3\/","og_site_name":"Lampes Scandinaves","article_publisher":"https:\/\/www.facebook.com\/scandinavischelampen\/","article_modified_time":"2025-01-10T13:53:01+00:00","og_image":[{"width":1920,"height":2560,"url":"https:\/\/i0.wp.com\/scandinavischelampen.nl\/wp-content\/uploads\/2025\/01\/IMG_6738-5-kopie-scaled.jpg?fit=1920%2C2560&ssl=1","type":"image\/jpeg"}],"twitter_card":"summary_large_image","twitter_misc":{"Dur\u00e9e de lecture estim\u00e9e":"4 minutes"},"schema":{"@context":"https:\/\/schema.org","@graph":[{"@type":"WebPage","@id":"https:\/\/scandinavischelampen.nl\/fr\/produit\/vintage-tip-top-suspendue-de-jorgen-gammelgaard-3\/","url":"https:\/\/scandinavischelampen.nl\/fr\/produit\/vintage-tip-top-suspendue-de-jorgen-gammelgaard-3\/","name":"Vintage Tip Top lampe suspendue de J\u00f8rgen Gammelgaard","isPartOf":{"@id":"https:\/\/scandinavischelampen.nl\/fr\/#website"},"primaryImageOfPage":{"@id":"https:\/\/scandinavischelampen.nl\/fr\/produit\/vintage-tip-top-suspendue-de-jorgen-gammelgaard-3\/#primaryimage"},"image":{"@id":"https:\/\/scandinavischelampen.nl\/fr\/produit\/vintage-tip-top-suspendue-de-jorgen-gammelgaard-3\/#primaryimage"},"thumbnailUrl":"https:\/\/i0.wp.com\/scandinavischelampen.nl\/wp-content\/uploads\/2025\/01\/IMG_6738-5-kopie-scaled.jpg?fit=1920%2C2560&ssl=1","datePublished":"2025-01-10T13:43:59+00:00","dateModified":"2025-01-10T13:53:01+00:00","description":"Illuminez votre espace avec l'ambiance enchanteresse de la lampe suspendue Tip Top, un chef-d'\u0153uvre con\u00e7u par le c\u00e9l\u00e8bre J\u00f8rgen Gammelgaard.","breadcrumb":{"@id":"https:\/\/scandinavischelampen.nl\/fr\/produit\/vintage-tip-top-suspendue-de-jorgen-gammelgaard-3\/#breadcrumb"},"inLanguage":"fr-FR","potentialAction":[{"@type":"ReadAction","target":["https:\/\/scandinavischelampen.nl\/fr\/produit\/vintage-tip-top-suspendue-de-jorgen-gammelgaard-3\/"]}]},{"@type":"ImageObject","inLanguage":"fr-FR","@id":"https:\/\/scandinavischelampen.nl\/fr\/produit\/vintage-tip-top-suspendue-de-jorgen-gammelgaard-3\/#primaryimage","url":"https:\/\/i0.wp.com\/scandinavischelampen.nl\/wp-content\/uploads\/2025\/01\/IMG_6738-5-kopie-scaled.jpg?fit=1920%2C2560&ssl=1","contentUrl":"https:\/\/i0.wp.com\/scandinavischelampen.nl\/wp-content\/uploads\/2025\/01\/IMG_6738-5-kopie-scaled.jpg?fit=1920%2C2560&ssl=1","width":1920,"height":2560,"caption":"Vintage Tip Top lampe suspendue de J\u00f8rgen Gammelgaard"},{"@type":"BreadcrumbList","@id":"https:\/\/scandinavischelampen.nl\/fr\/produit\/vintage-tip-top-suspendue-de-jorgen-gammelgaard-3\/#breadcrumb","itemListElement":[{"@type":"ListItem","position":1,"name":"Home","item":"https:\/\/scandinavischelampen.nl\/fr\/"},{"@type":"ListItem","position":2,"name":"Boutique","item":"https:\/\/scandinavischelampen.nl\/fr\/boutique\/"},{"@type":"ListItem","position":3,"name":"Vintage Tip Top lampe suspendue de J\u00f8rgen Gammelgaard"}]},{"@type":"WebSite","@id":"https:\/\/scandinavischelampen.nl\/fr\/#website","url":"https:\/\/scandinavischelampen.nl\/fr\/","name":"Scandinavische Lampen","description":"Luminaire design vintage","publisher":{"@id":"https:\/\/scandinavischelampen.nl\/fr\/#organization"},"potentialAction":[{"@type":"SearchAction","target":{"@type":"EntryPoint","urlTemplate":"https:\/\/scandinavischelampen.nl\/fr\/?s={search_term_string}"},"query-input":{"@type":"PropertyValueSpecification","valueRequired":true,"valueName":"search_term_string"}}],"inLanguage":"fr-FR"},{"@type":"Organization","@id":"https:\/\/scandinavischelampen.nl\/fr\/#organization","name":"Scandinavische Lampen","url":"https:\/\/scandinavischelampen.nl\/fr\/","logo":{"@type":"ImageObject","inLanguage":"fr-FR","@id":"https:\/\/scandinavischelampen.nl\/fr\/#\/schema\/logo\/image\/","url":"https:\/\/i0.wp.com\/scandinavischelampen.nl\/wp-content\/uploads\/2023\/07\/cropped-Scandinavische-lampen-logo-oranje-01-scaled.png?fit=4717%2C1570&ssl=1","contentUrl":"https:\/\/i0.wp.com\/scandinavischelampen.nl\/wp-content\/uploads\/2023\/07\/cropped-Scandinavische-lampen-logo-oranje-01-scaled.png?fit=4717%2C1570&ssl=1","width":4717,"height":1570,"caption":"Scandinavische Lampen"},"image":{"@id":"https:\/\/scandinavischelampen.nl\/fr\/#\/schema\/logo\/image\/"},"sameAs":["https:\/\/www.facebook.com\/scandinavischelampen\/","https:\/\/www.instagram.com\/scandinavische_lampen\/"]}]}},"uagb_featured_image_src":{"full":["https:\/\/i0.wp.com\/scandinavischelampen.nl\/wp-content\/uploads\/2025\/01\/IMG_6738-5-kopie-scaled.jpg?fit=1920%2C2560&ssl=1",1920,2560,false],"thumbnail":["https:\/\/i0.wp.com\/scandinavischelampen.nl\/wp-content\/uploads\/2025\/01\/IMG_6738-5-kopie-scaled.jpg?resize=150%2C150&ssl=1",150,150,true],"medium":["https:\/\/i0.wp.com\/scandinavischelampen.nl\/wp-content\/uploads\/2025\/01\/IMG_6738-5-kopie-scaled.jpg?fit=225%2C300&ssl=1",225,300,true],"medium_large":["https:\/\/i0.wp.com\/scandinavischelampen.nl\/wp-content\/uploads\/2025\/01\/IMG_6738-5-kopie-scaled.jpg?fit=768%2C1024&ssl=1",768,1024,true],"large":["https:\/\/i0.wp.com\/scandinavischelampen.nl\/wp-content\/uploads\/2025\/01\/IMG_6738-5-kopie-scaled.jpg?fit=768%2C1024&ssl=1",768,1024,true],"1536x1536":["https:\/\/i0.wp.com\/scandinavischelampen.nl\/wp-content\/uploads\/2025\/01\/IMG_6738-5-kopie-scaled.jpg?fit=1152%2C1536&ssl=1",1152,1536,true],"2048x2048":["https:\/\/i0.wp.com\/scandinavischelampen.nl\/wp-content\/uploads\/2025\/01\/IMG_6738-5-kopie-scaled.jpg?fit=1536%2C2048&ssl=1",1536,2048,true],"woocommerce_thumbnail":["https:\/\/i0.wp.com\/scandinavischelampen.nl\/wp-content\/uploads\/2025\/01\/IMG_6738-5-kopie-scaled.jpg?resize=300%2C300&ssl=1",300,300,true],"woocommerce_single":["https:\/\/i0.wp.com\/scandinavischelampen.nl\/wp-content\/uploads\/2025\/01\/IMG_6738-5-kopie-scaled.jpg?fit=600%2C800&ssl=1",600,800,true],"woocommerce_gallery_thumbnail":["https:\/\/i0.wp.com\/scandinavischelampen.nl\/wp-content\/uploads\/2025\/01\/IMG_6738-5-kopie-scaled.jpg?resize=100%2C100&ssl=1",100,100,true],"thaps-thumb-img":["https:\/\/i0.wp.com\/scandinavischelampen.nl\/wp-content\/uploads\/2025\/01\/IMG_6738-5-kopie-scaled.jpg?resize=48%2C64&ssl=1",48,64,true]},"uagb_author_info":{"display_name":"administrator","author_link":"https:\/\/scandinavischelampen.nl\/fr\/author\/"},"uagb_comment_info":0,"uagb_excerpt":"\u221a Livraison gratuite en Europe d\u00e8s 350 \u20ac \u221a Command\u00e9 avant 16h00? G\u00e9n\u00e9ralement exp\u00e9di\u00e9 le m\u00eame jour \u221a 14 jours de r\u00e9flexion \u221a Convient pour les LED Hauteur : 36cm Diam\u00e8tre : 19 cm","jetpack_sharing_enabled":true,"_links":{"self":[{"href":"https:\/\/scandinavischelampen.nl\/fr\/wp-json\/wp\/v2\/product\/53579","targetHints":{"allow":["GET"]}}],"collection":[{"href":"https:\/\/scandinavischelampen.nl\/fr\/wp-json\/wp\/v2\/product"}],"about":[{"href":"https:\/\/scandinavischelampen.nl\/fr\/wp-json\/wp\/v2\/types\/product"}],"wp:featuredmedia":[{"embeddable":true,"href":"https:\/\/scandinavischelampen.nl\/fr\/wp-json\/wp\/v2\/media\/53612"}],"wp:attachment":[{"href":"https:\/\/scandinavischelampen.nl\/fr\/wp-json\/wp\/v2\/media?parent=53579"}],"wp:term":[{"taxonomy":"product_brand","embeddable":true,"href":"https:\/\/scandinavischelampen.nl\/fr\/wp-json\/wp\/v2\/product_brand?post=53579"},{"taxonomy":"product_cat","embeddable":true,"href":"https:\/\/scandinavischelampen.nl\/fr\/wp-json\/wp\/v2\/product_cat?post=53579"},{"taxonomy":"product_tag","embeddable":true,"href":"https:\/\/scandinavischelampen.nl\/fr\/wp-json\/wp\/v2\/product_tag?post=53579"}],"curies":[{"name":"wp","href":"https:\/\/api.w.org\/{rel}","templated":true}]}}