{"id":53323,"date":"2025-01-02T12:15:52","date_gmt":"2025-01-02T11:15:52","guid":{"rendered":"https:\/\/scandinavischelampen.nl\/?post_type=product&#038;p=53323"},"modified":"2025-01-02T12:23:16","modified_gmt":"2025-01-02T11:23:16","slug":"horn-belysning-type-729-suspension","status":"publish","type":"product","link":"https:\/\/scandinavischelampen.nl\/fr\/produit\/horn-belysning-type-729-suspension\/","title":{"rendered":"Lampe \u00e0 suspension Horn Belysning type 729"},"content":{"rendered":"<h2 style=\"font-weight: 400;\">Lampe \u00e0 suspension Horn Belysning type 729<\/h2>\n<p>Vous recherchez une touche unique et vintage pour votre int\u00e9rieur moderne ? Alors la magnifique lampe suspendue Horn Belysning type 729 est exactement ce dont vous avez besoin ! Cette lampe \u00e9l\u00e9gante, dans une couleur blanc cr\u00e8me intemporelle, est un v\u00e9ritable accroche-regard qui ajoute \u00e9l\u00e9gance et atmosph\u00e8re \u00e0 n&rsquo;importe quelle pi\u00e8ce. Le design subtil d\u00e9gage un charme classique, tandis que le profil \u00e9l\u00e9gant s&rsquo;int\u00e8gre parfaitement aux int\u00e9rieurs modernes et minimalistes. La lampe suspendue Horn Belysning est parfaite dans la cuisine ou comme pi\u00e8ce ma\u00eetresse attrayante dans le hall. Gr\u00e2ce \u00e0 son aspect vintage, cette lampe apporte du caract\u00e8re \u00e0 votre int\u00e9rieur, sans nuire \u00e0 la d\u00e9coration contemporaine. Que vous aimiez le style scandinave, industriel ou moderne, cette lampe suspendue sait comment \u00e9lever n&rsquo;importe quelle pi\u00e8ce \u00e0 un niveau sup\u00e9rieur. Avec sa finition de haute qualit\u00e9 et son design durable, le Horn Belysning 729 est non seulement un r\u00e9gal pour les yeux, mais aussi un point lumineux fonctionnel dans votre maison. Donnez du style \u00e0 votre int\u00e9rieur avec cette perle vintage et profitez de l&rsquo;ambiance chaleureuse qu&rsquo;elle d\u00e9gage au quotidien !   <\/p>\n<h2 style=\"font-weight: 400;\">Conditions<\/h2>\n<p style=\"font-weight: 400;\">Cette suspension a environ 40 ans et est en bon \u00e9tat avec de l\u00e9gers signes d&rsquo;utilisation ant\u00e9rieure. L\u2019\u00e9lectricit\u00e9 a \u00e9t\u00e9 enti\u00e8rement renouvel\u00e9e.<\/p>\n<h2 style=\"font-weight: 400;\">Sp\u00e9cifications Lampe \u00e0 suspension Horn type 729<\/h2>\n<ul style=\"font-weight: 400;\">\n<li>Diam\u00e8tre : 28 cm<\/li>\n<li>Hauteur : 16 cm<\/li>\n<li>Longueur totale avec cordon : 220 cm (r\u00e9glable \u00e0 l&rsquo;installation)<\/li>\n<li>Mat\u00e9riau : acier<\/li>\n<li>Couleur du cordon : Blanc<\/li>\n<li>maximum 60W<\/li>\n<li>Culot: E27<\/li>\n<li>Convient aux lampes LED<\/li>\n<li>Poids : 1,1 kg<\/li>\n<\/ul>\n<h3 style=\"font-weight: 400;\">\u00c0 propos de Horn Belysning<\/h3>\n<p style=\"font-weight: 400;\">Horn Belysning, \u00e9galement connu sous le nom d&rsquo;E.S. Horn, produit des lampes au Danemark depuis 1952. Le succ\u00e8s de Horn a inclus IKEA \u00e9tant un client majeur pendant plusieurs ann\u00e9es. La soci\u00e9t\u00e9 est cot\u00e9e en bourse et a rachet\u00e9 en 1991 la soci\u00e9t\u00e9 \u00e9galement cot\u00e9e Lysk\u00e6r-Lyfa A\/S. A cette \u00e9poque, Lyskaer Lyfa se composait de diverses soci\u00e9t\u00e9s telles que : Lysk\u00e6r, LYFA, ABO et Fog &amp; M\u00f8rup. <a href=\"https:\/\/scandinavischelampen.nl\/product-categorie\/merken\/horn-belysning\/\">D\u00e9couvrez notre collection compl\u00e8te de lampes vintage Horn Belysning ici.<\/a><\/p>\n<p style=\"font-weight: 400;\">\n","protected":false},"excerpt":{"rendered":"<p class=\"tw-data-text tw-text-large XcVN5d tw-ta\" dir=\"ltr\" data-placeholder=\"Vertaling\"><strong><span style=\"color: #00ff00;\">\u221a<\/span> <span style=\"color: #ff6600;\">Livraison gratuite en Europe d\u00e8s 350 \u20ac<\/span><br \/>\n<\/strong><strong><span style=\"color: #00ff00;\">\u221a<\/span> Command\u00e9 avant <span style=\"color: #ff6600;\">16h00<\/span>? G\u00e9n\u00e9ralement exp\u00e9di\u00e9 le m\u00eame jour<br \/>\n<\/strong><strong><span style=\"color: #00ff00;\">\u221a<\/span> <span style=\"color: #ff6600;\">14 jours<\/span> de r\u00e9flexion<br \/>\n<\/strong><strong><span style=\"color: #00ff00;\">\u221a<\/span> Convient pour les <span style=\"color: #ff6600;\">LED<\/span><\/strong><\/p>\n<ul style=\"font-weight: 400;\">\n<li><strong>Diam\u00e8tre : 28 cm<\/strong><\/li>\n<li><strong>Hauteur : 16 cm<\/strong><\/li>\n<\/ul>\n","protected":false},"featured_media":53356,"template":"","meta":{"_uag_custom_page_level_css":"","site-sidebar-layout":"default","site-content-layout":"default","ast-site-content-layout":"default","site-content-style":"default","site-sidebar-style":"default","ast-global-header-display":"","ast-banner-title-visibility":"","ast-main-header-display":"","ast-hfb-above-header-display":"","ast-hfb-below-header-display":"","ast-hfb-mobile-header-display":"","site-post-title":"","ast-breadcrumbs-content":"","ast-featured-img":"","footer-sml-layout":"","ast-disable-related-posts":"","theme-transparent-header-meta":"default","adv-header-id-meta":"","stick-header-meta":"","header-above-stick-meta":"","header-main-stick-meta":"","header-below-stick-meta":"","astra-migrate-meta-layouts":"set","ast-page-background-enabled":"default","ast-page-background-meta":{"desktop":{"background-color":"var(--ast-global-color-4)","background-image":"","background-repeat":"repeat","background-position":"center center","background-size":"auto","background-attachment":"scroll","background-type":"","background-media":"","overlay-type":"","overlay-color":"","overlay-opacity":"","overlay-gradient":""},"tablet":{"background-color":"","background-image":"","background-repeat":"repeat","background-position":"center center","background-size":"auto","background-attachment":"scroll","background-type":"","background-media":"","overlay-type":"","overlay-color":"","overlay-opacity":"","overlay-gradient":""},"mobile":{"background-color":"","background-image":"","background-repeat":"repeat","background-position":"center center","background-size":"auto","background-attachment":"scroll","background-type":"","background-media":"","overlay-type":"","overlay-color":"","overlay-opacity":"","overlay-gradient":""}},"ast-content-background-meta":{"desktop":{"background-color":"var(--ast-global-color-5)","background-image":"","background-repeat":"repeat","background-position":"center center","background-size":"auto","background-attachment":"scroll","background-type":"","background-media":"","overlay-type":"","overlay-color":"","overlay-opacity":"","overlay-gradient":""},"tablet":{"background-color":"var(--ast-global-color-5)","background-image":"","background-repeat":"repeat","background-position":"center center","background-size":"auto","background-attachment":"scroll","background-type":"","background-media":"","overlay-type":"","overlay-color":"","overlay-opacity":"","overlay-gradient":""},"mobile":{"background-color":"var(--ast-global-color-5)","background-image":"","background-repeat":"repeat","background-position":"center center","background-size":"auto","background-attachment":"scroll","background-type":"","background-media":"","overlay-type":"","overlay-color":"","overlay-opacity":"","overlay-gradient":""}}},"product_brand":[],"product_cat":[353,337,336,338,479,333,335,604],"product_tag":[363],"class_list":{"0":"post-53323","1":"product","2":"type-product","3":"status-publish","4":"has-post-thumbnail","6":"product_cat-eclairage-de-couloir","7":"product_cat-eclairage-de-la-chambre","8":"product_cat-eclairage-de-la-cuisine","9":"product_cat-eclairage-du-salon","10":"product_cat-horn-belysning-fr","11":"product_cat-suspensions-scandinaves","12":"product_cat-suspensions-pour-table-a-manger","13":"product_cat-voir-notre-collection-complete","14":"product_tag-blanc","15":"desktop-align-center","16":"tablet-align-left","17":"mobile-align-left","19":"first","20":"instock","21":"featured","22":"taxable","23":"shipping-taxable","24":"purchasable","25":"product-type-simple"},"yoast_head":"<!-- This site is optimized with the Yoast SEO plugin v27.4 - https:\/\/yoast.com\/product\/yoast-seo-wordpress\/ -->\n<title>Lampe \u00e0 suspension Horn Belysning type 729<\/title>\n<meta name=\"description\" content=\"Lampe \u00e0 suspension Horn Belysning type 729 de couleur cr\u00e8me. Ajoutez un design danois vintage \u00e0 votre int\u00e9rieur. Commandez-le ici \u221aGrand choix \u221aLivraison rapide\" \/>\n<meta name=\"robots\" content=\"index, follow, max-snippet:-1, max-image-preview:large, max-video-preview:-1\" \/>\n<link rel=\"canonical\" href=\"https:\/\/scandinavischelampen.nl\/fr\/produit\/horn-belysning-type-729-suspension\/\" \/>\n<meta property=\"og:locale\" content=\"fr_FR\" \/>\n<meta property=\"og:type\" content=\"article\" \/>\n<meta property=\"og:title\" content=\"Lampe \u00e0 suspension Horn Belysning type 729\" \/>\n<meta property=\"og:description\" content=\"Lampe \u00e0 suspension Horn Belysning type 729 de couleur cr\u00e8me. Ajoutez un design danois vintage \u00e0 votre int\u00e9rieur. Commandez-le ici \u221aGrand choix \u221aLivraison rapide\" \/>\n<meta property=\"og:url\" content=\"https:\/\/scandinavischelampen.nl\/fr\/produit\/horn-belysning-type-729-suspension\/\" \/>\n<meta property=\"og:site_name\" content=\"Lampes Scandinaves\" \/>\n<meta property=\"article:publisher\" content=\"https:\/\/www.facebook.com\/scandinavischelampen\/\" \/>\n<meta property=\"article:modified_time\" content=\"2025-01-02T11:23:16+00:00\" \/>\n<meta property=\"og:image\" content=\"https:\/\/i0.wp.com\/scandinavischelampen.nl\/wp-content\/uploads\/2025\/01\/IMG_4986-3-kopie-scaled.jpg?fit=1920%2C2560&ssl=1\" \/>\n\t<meta property=\"og:image:width\" content=\"1920\" \/>\n\t<meta property=\"og:image:height\" content=\"2560\" \/>\n\t<meta property=\"og:image:type\" content=\"image\/jpeg\" \/>\n<meta name=\"twitter:card\" content=\"summary_large_image\" \/>\n<meta name=\"twitter:label1\" content=\"Dur\u00e9e de lecture estim\u00e9e\" \/>\n\t<meta name=\"twitter:data1\" content=\"2 minutes\" \/>\n<script type=\"application\/ld+json\" class=\"yoast-schema-graph\">{\"@context\":\"https:\\\/\\\/schema.org\",\"@graph\":[{\"@type\":\"WebPage\",\"@id\":\"https:\\\/\\\/scandinavischelampen.nl\\\/fr\\\/produit\\\/horn-belysning-type-729-suspension\\\/\",\"url\":\"https:\\\/\\\/scandinavischelampen.nl\\\/fr\\\/produit\\\/horn-belysning-type-729-suspension\\\/\",\"name\":\"Lampe \u00e0 suspension Horn Belysning type 729\",\"isPartOf\":{\"@id\":\"https:\\\/\\\/scandinavischelampen.nl\\\/fr\\\/#website\"},\"primaryImageOfPage\":{\"@id\":\"https:\\\/\\\/scandinavischelampen.nl\\\/fr\\\/produit\\\/horn-belysning-type-729-suspension\\\/#primaryimage\"},\"image\":{\"@id\":\"https:\\\/\\\/scandinavischelampen.nl\\\/fr\\\/produit\\\/horn-belysning-type-729-suspension\\\/#primaryimage\"},\"thumbnailUrl\":\"https:\\\/\\\/i0.wp.com\\\/scandinavischelampen.nl\\\/wp-content\\\/uploads\\\/2025\\\/01\\\/IMG_4986-3-kopie-scaled.jpg?fit=1920%2C2560&ssl=1\",\"datePublished\":\"2025-01-02T11:15:52+00:00\",\"dateModified\":\"2025-01-02T11:23:16+00:00\",\"description\":\"Lampe \u00e0 suspension Horn Belysning type 729 de couleur cr\u00e8me. Ajoutez un design danois vintage \u00e0 votre int\u00e9rieur. Commandez-le ici \u221aGrand choix \u221aLivraison rapide\",\"breadcrumb\":{\"@id\":\"https:\\\/\\\/scandinavischelampen.nl\\\/fr\\\/produit\\\/horn-belysning-type-729-suspension\\\/#breadcrumb\"},\"inLanguage\":\"fr-FR\",\"potentialAction\":[{\"@type\":\"ReadAction\",\"target\":[\"https:\\\/\\\/scandinavischelampen.nl\\\/fr\\\/produit\\\/horn-belysning-type-729-suspension\\\/\"]}]},{\"@type\":\"ImageObject\",\"inLanguage\":\"fr-FR\",\"@id\":\"https:\\\/\\\/scandinavischelampen.nl\\\/fr\\\/produit\\\/horn-belysning-type-729-suspension\\\/#primaryimage\",\"url\":\"https:\\\/\\\/i0.wp.com\\\/scandinavischelampen.nl\\\/wp-content\\\/uploads\\\/2025\\\/01\\\/IMG_4986-3-kopie-scaled.jpg?fit=1920%2C2560&ssl=1\",\"contentUrl\":\"https:\\\/\\\/i0.wp.com\\\/scandinavischelampen.nl\\\/wp-content\\\/uploads\\\/2025\\\/01\\\/IMG_4986-3-kopie-scaled.jpg?fit=1920%2C2560&ssl=1\",\"width\":1920,\"height\":2560,\"caption\":\"Horn Belysning type 729 hanglamp\"},{\"@type\":\"BreadcrumbList\",\"@id\":\"https:\\\/\\\/scandinavischelampen.nl\\\/fr\\\/produit\\\/horn-belysning-type-729-suspension\\\/#breadcrumb\",\"itemListElement\":[{\"@type\":\"ListItem\",\"position\":1,\"name\":\"Home\",\"item\":\"https:\\\/\\\/scandinavischelampen.nl\\\/fr\\\/\"},{\"@type\":\"ListItem\",\"position\":2,\"name\":\"Boutique\",\"item\":\"https:\\\/\\\/scandinavischelampen.nl\\\/fr\\\/boutique\\\/\"},{\"@type\":\"ListItem\",\"position\":3,\"name\":\"Lampe \u00e0 suspension Horn Belysning type 729\"}]},{\"@type\":\"WebSite\",\"@id\":\"https:\\\/\\\/scandinavischelampen.nl\\\/fr\\\/#website\",\"url\":\"https:\\\/\\\/scandinavischelampen.nl\\\/fr\\\/\",\"name\":\"Scandinavische Lampen\",\"description\":\"Luminaire design vintage\",\"publisher\":{\"@id\":\"https:\\\/\\\/scandinavischelampen.nl\\\/fr\\\/#organization\"},\"potentialAction\":[{\"@type\":\"SearchAction\",\"target\":{\"@type\":\"EntryPoint\",\"urlTemplate\":\"https:\\\/\\\/scandinavischelampen.nl\\\/fr\\\/?s={search_term_string}\"},\"query-input\":{\"@type\":\"PropertyValueSpecification\",\"valueRequired\":true,\"valueName\":\"search_term_string\"}}],\"inLanguage\":\"fr-FR\"},{\"@type\":\"Organization\",\"@id\":\"https:\\\/\\\/scandinavischelampen.nl\\\/fr\\\/#organization\",\"name\":\"Scandinavische Lampen\",\"url\":\"https:\\\/\\\/scandinavischelampen.nl\\\/fr\\\/\",\"logo\":{\"@type\":\"ImageObject\",\"inLanguage\":\"fr-FR\",\"@id\":\"https:\\\/\\\/scandinavischelampen.nl\\\/fr\\\/#\\\/schema\\\/logo\\\/image\\\/\",\"url\":\"https:\\\/\\\/i0.wp.com\\\/scandinavischelampen.nl\\\/wp-content\\\/uploads\\\/2023\\\/07\\\/cropped-Scandinavische-lampen-logo-oranje-01-scaled.png?fit=4717%2C1570&ssl=1\",\"contentUrl\":\"https:\\\/\\\/i0.wp.com\\\/scandinavischelampen.nl\\\/wp-content\\\/uploads\\\/2023\\\/07\\\/cropped-Scandinavische-lampen-logo-oranje-01-scaled.png?fit=4717%2C1570&ssl=1\",\"width\":4717,\"height\":1570,\"caption\":\"Scandinavische Lampen\"},\"image\":{\"@id\":\"https:\\\/\\\/scandinavischelampen.nl\\\/fr\\\/#\\\/schema\\\/logo\\\/image\\\/\"},\"sameAs\":[\"https:\\\/\\\/www.facebook.com\\\/scandinavischelampen\\\/\",\"https:\\\/\\\/www.instagram.com\\\/scandinavische_lampen\\\/\"]}]}<\/script>\n<!-- \/ Yoast SEO plugin. -->","yoast_head_json":{"title":"Lampe \u00e0 suspension Horn Belysning type 729","description":"Lampe \u00e0 suspension Horn Belysning type 729 de couleur cr\u00e8me. Ajoutez un design danois vintage \u00e0 votre int\u00e9rieur. Commandez-le ici \u221aGrand choix \u221aLivraison rapide","robots":{"index":"index","follow":"follow","max-snippet":"max-snippet:-1","max-image-preview":"max-image-preview:large","max-video-preview":"max-video-preview:-1"},"canonical":"https:\/\/scandinavischelampen.nl\/fr\/produit\/horn-belysning-type-729-suspension\/","og_locale":"fr_FR","og_type":"article","og_title":"Lampe \u00e0 suspension Horn Belysning type 729","og_description":"Lampe \u00e0 suspension Horn Belysning type 729 de couleur cr\u00e8me. Ajoutez un design danois vintage \u00e0 votre int\u00e9rieur. Commandez-le ici \u221aGrand choix \u221aLivraison rapide","og_url":"https:\/\/scandinavischelampen.nl\/fr\/produit\/horn-belysning-type-729-suspension\/","og_site_name":"Lampes Scandinaves","article_publisher":"https:\/\/www.facebook.com\/scandinavischelampen\/","article_modified_time":"2025-01-02T11:23:16+00:00","og_image":[{"width":1920,"height":2560,"url":"https:\/\/i0.wp.com\/scandinavischelampen.nl\/wp-content\/uploads\/2025\/01\/IMG_4986-3-kopie-scaled.jpg?fit=1920%2C2560&ssl=1","type":"image\/jpeg"}],"twitter_card":"summary_large_image","twitter_misc":{"Dur\u00e9e de lecture estim\u00e9e":"2 minutes"},"schema":{"@context":"https:\/\/schema.org","@graph":[{"@type":"WebPage","@id":"https:\/\/scandinavischelampen.nl\/fr\/produit\/horn-belysning-type-729-suspension\/","url":"https:\/\/scandinavischelampen.nl\/fr\/produit\/horn-belysning-type-729-suspension\/","name":"Lampe \u00e0 suspension Horn Belysning type 729","isPartOf":{"@id":"https:\/\/scandinavischelampen.nl\/fr\/#website"},"primaryImageOfPage":{"@id":"https:\/\/scandinavischelampen.nl\/fr\/produit\/horn-belysning-type-729-suspension\/#primaryimage"},"image":{"@id":"https:\/\/scandinavischelampen.nl\/fr\/produit\/horn-belysning-type-729-suspension\/#primaryimage"},"thumbnailUrl":"https:\/\/i0.wp.com\/scandinavischelampen.nl\/wp-content\/uploads\/2025\/01\/IMG_4986-3-kopie-scaled.jpg?fit=1920%2C2560&ssl=1","datePublished":"2025-01-02T11:15:52+00:00","dateModified":"2025-01-02T11:23:16+00:00","description":"Lampe \u00e0 suspension Horn Belysning type 729 de couleur cr\u00e8me. Ajoutez un design danois vintage \u00e0 votre int\u00e9rieur. Commandez-le ici \u221aGrand choix \u221aLivraison rapide","breadcrumb":{"@id":"https:\/\/scandinavischelampen.nl\/fr\/produit\/horn-belysning-type-729-suspension\/#breadcrumb"},"inLanguage":"fr-FR","potentialAction":[{"@type":"ReadAction","target":["https:\/\/scandinavischelampen.nl\/fr\/produit\/horn-belysning-type-729-suspension\/"]}]},{"@type":"ImageObject","inLanguage":"fr-FR","@id":"https:\/\/scandinavischelampen.nl\/fr\/produit\/horn-belysning-type-729-suspension\/#primaryimage","url":"https:\/\/i0.wp.com\/scandinavischelampen.nl\/wp-content\/uploads\/2025\/01\/IMG_4986-3-kopie-scaled.jpg?fit=1920%2C2560&ssl=1","contentUrl":"https:\/\/i0.wp.com\/scandinavischelampen.nl\/wp-content\/uploads\/2025\/01\/IMG_4986-3-kopie-scaled.jpg?fit=1920%2C2560&ssl=1","width":1920,"height":2560,"caption":"Horn Belysning type 729 hanglamp"},{"@type":"BreadcrumbList","@id":"https:\/\/scandinavischelampen.nl\/fr\/produit\/horn-belysning-type-729-suspension\/#breadcrumb","itemListElement":[{"@type":"ListItem","position":1,"name":"Home","item":"https:\/\/scandinavischelampen.nl\/fr\/"},{"@type":"ListItem","position":2,"name":"Boutique","item":"https:\/\/scandinavischelampen.nl\/fr\/boutique\/"},{"@type":"ListItem","position":3,"name":"Lampe \u00e0 suspension Horn Belysning type 729"}]},{"@type":"WebSite","@id":"https:\/\/scandinavischelampen.nl\/fr\/#website","url":"https:\/\/scandinavischelampen.nl\/fr\/","name":"Scandinavische Lampen","description":"Luminaire design vintage","publisher":{"@id":"https:\/\/scandinavischelampen.nl\/fr\/#organization"},"potentialAction":[{"@type":"SearchAction","target":{"@type":"EntryPoint","urlTemplate":"https:\/\/scandinavischelampen.nl\/fr\/?s={search_term_string}"},"query-input":{"@type":"PropertyValueSpecification","valueRequired":true,"valueName":"search_term_string"}}],"inLanguage":"fr-FR"},{"@type":"Organization","@id":"https:\/\/scandinavischelampen.nl\/fr\/#organization","name":"Scandinavische Lampen","url":"https:\/\/scandinavischelampen.nl\/fr\/","logo":{"@type":"ImageObject","inLanguage":"fr-FR","@id":"https:\/\/scandinavischelampen.nl\/fr\/#\/schema\/logo\/image\/","url":"https:\/\/i0.wp.com\/scandinavischelampen.nl\/wp-content\/uploads\/2023\/07\/cropped-Scandinavische-lampen-logo-oranje-01-scaled.png?fit=4717%2C1570&ssl=1","contentUrl":"https:\/\/i0.wp.com\/scandinavischelampen.nl\/wp-content\/uploads\/2023\/07\/cropped-Scandinavische-lampen-logo-oranje-01-scaled.png?fit=4717%2C1570&ssl=1","width":4717,"height":1570,"caption":"Scandinavische Lampen"},"image":{"@id":"https:\/\/scandinavischelampen.nl\/fr\/#\/schema\/logo\/image\/"},"sameAs":["https:\/\/www.facebook.com\/scandinavischelampen\/","https:\/\/www.instagram.com\/scandinavische_lampen\/"]}]}},"uagb_featured_image_src":{"full":["https:\/\/i0.wp.com\/scandinavischelampen.nl\/wp-content\/uploads\/2025\/01\/IMG_4986-3-kopie-scaled.jpg?fit=1920%2C2560&ssl=1",1920,2560,false],"thumbnail":["https:\/\/i0.wp.com\/scandinavischelampen.nl\/wp-content\/uploads\/2025\/01\/IMG_4986-3-kopie-scaled.jpg?resize=150%2C150&ssl=1",150,150,true],"medium":["https:\/\/i0.wp.com\/scandinavischelampen.nl\/wp-content\/uploads\/2025\/01\/IMG_4986-3-kopie-scaled.jpg?fit=225%2C300&ssl=1",225,300,true],"medium_large":["https:\/\/i0.wp.com\/scandinavischelampen.nl\/wp-content\/uploads\/2025\/01\/IMG_4986-3-kopie-scaled.jpg?fit=768%2C1024&ssl=1",768,1024,true],"large":["https:\/\/i0.wp.com\/scandinavischelampen.nl\/wp-content\/uploads\/2025\/01\/IMG_4986-3-kopie-scaled.jpg?fit=768%2C1024&ssl=1",768,1024,true],"1536x1536":["https:\/\/i0.wp.com\/scandinavischelampen.nl\/wp-content\/uploads\/2025\/01\/IMG_4986-3-kopie-scaled.jpg?fit=1152%2C1536&ssl=1",1152,1536,true],"2048x2048":["https:\/\/i0.wp.com\/scandinavischelampen.nl\/wp-content\/uploads\/2025\/01\/IMG_4986-3-kopie-scaled.jpg?fit=1536%2C2048&ssl=1",1536,2048,true],"woocommerce_thumbnail":["https:\/\/i0.wp.com\/scandinavischelampen.nl\/wp-content\/uploads\/2025\/01\/IMG_4986-3-kopie-scaled.jpg?resize=300%2C300&ssl=1",300,300,true],"woocommerce_single":["https:\/\/i0.wp.com\/scandinavischelampen.nl\/wp-content\/uploads\/2025\/01\/IMG_4986-3-kopie-scaled.jpg?fit=600%2C800&ssl=1",600,800,true],"woocommerce_gallery_thumbnail":["https:\/\/i0.wp.com\/scandinavischelampen.nl\/wp-content\/uploads\/2025\/01\/IMG_4986-3-kopie-scaled.jpg?resize=100%2C100&ssl=1",100,100,true],"thaps-thumb-img":["https:\/\/i0.wp.com\/scandinavischelampen.nl\/wp-content\/uploads\/2025\/01\/IMG_4986-3-kopie-scaled.jpg?resize=48%2C64&ssl=1",48,64,true]},"uagb_author_info":{"display_name":"administrator","author_link":"https:\/\/scandinavischelampen.nl\/fr\/author\/"},"uagb_comment_info":0,"uagb_excerpt":"\u221a Livraison gratuite en Europe d\u00e8s 350 \u20ac \u221a Command\u00e9 avant 16h00? G\u00e9n\u00e9ralement exp\u00e9di\u00e9 le m\u00eame jour \u221a 14 jours de r\u00e9flexion \u221a Convient pour les LED Diam\u00e8tre : 28 cm Hauteur : 16 cm","jetpack_sharing_enabled":true,"_links":{"self":[{"href":"https:\/\/scandinavischelampen.nl\/fr\/wp-json\/wp\/v2\/product\/53323","targetHints":{"allow":["GET"]}}],"collection":[{"href":"https:\/\/scandinavischelampen.nl\/fr\/wp-json\/wp\/v2\/product"}],"about":[{"href":"https:\/\/scandinavischelampen.nl\/fr\/wp-json\/wp\/v2\/types\/product"}],"wp:featuredmedia":[{"embeddable":true,"href":"https:\/\/scandinavischelampen.nl\/fr\/wp-json\/wp\/v2\/media\/53356"}],"wp:attachment":[{"href":"https:\/\/scandinavischelampen.nl\/fr\/wp-json\/wp\/v2\/media?parent=53323"}],"wp:term":[{"taxonomy":"product_brand","embeddable":true,"href":"https:\/\/scandinavischelampen.nl\/fr\/wp-json\/wp\/v2\/product_brand?post=53323"},{"taxonomy":"product_cat","embeddable":true,"href":"https:\/\/scandinavischelampen.nl\/fr\/wp-json\/wp\/v2\/product_cat?post=53323"},{"taxonomy":"product_tag","embeddable":true,"href":"https:\/\/scandinavischelampen.nl\/fr\/wp-json\/wp\/v2\/product_tag?post=53323"}],"curies":[{"name":"wp","href":"https:\/\/api.w.org\/{rel}","templated":true}]}}