{"id":51361,"date":"2024-12-04T15:33:25","date_gmt":"2024-12-04T14:33:25","guid":{"rendered":"https:\/\/scandinavischelampen.nl\/?post_type=product&#038;p=51361"},"modified":"2024-12-04T16:01:33","modified_gmt":"2024-12-04T15:01:33","slug":"louis-poulsen-applique-2","status":"publish","type":"product","link":"https:\/\/scandinavischelampen.nl\/fr\/produit\/louis-poulsen-applique-2\/","title":{"rendered":"Louis Poulsen Applique Saturne Joachim Lepper"},"content":{"rendered":"<h1>Louis Poulsen Applique Saturne Joachim Lepper<\/h1>\n<p> La Saturn Wall, con\u00e7ue par Joachim Lepper pour Louis Poulsen, est une \u00e9l\u00e9gante applique murale qui diffuse la lumi\u00e8re \u00e0 la fois vers le haut et vers le bas. Ce luminaire innovant utilise une s\u00e9paration horizontale pour refl\u00e9ter la lumi\u00e8re dans les deux directions, offrant ainsi un \u00e9clairage subtil et uniforme. Les anneaux anti-\u00e9blouissement sont soigneusement positionn\u00e9s pour garantir que la lampe soit totalement sans \u00e9blouissement pour les passants, la rendant particuli\u00e8rement adapt\u00e9e aux espaces \u00e0 fort passage.<br \/>La lampe \u00e9met une lumi\u00e8re douce et diffuse, id\u00e9ale \u00e0 la fois pour l&rsquo;\u00e9clairage g\u00e9n\u00e9ral et pour cr\u00e9er des accents d&rsquo;ambiance. Les anneaux anti-\u00e9blouissement prot\u00e8gent les sources lumineuses, tandis que l&rsquo;anneau iconique de Saturne refl\u00e8te d\u00e9licatement la lumi\u00e8re dans la pi\u00e8ce. La lampe est disponible dans une finition blanche, poudr\u00e9e, qui accentue son design \u00e9pur\u00e9 et moderne.<br \/>Initialement d\u00e9velopp\u00e9e pour r\u00e9pondre \u00e0 la demande d\u2019un luminaire mural capable d\u2019\u00e9clairer non seulement le plafond, mais aussi les murs et le sol, la Saturn Wall allie fonctionnalit\u00e9 et esth\u00e9tique. Son design intemporel et sa finition de haute qualit\u00e9 en font un choix parfait pour tout type d\u2019environnement architectural, qu&rsquo;il s&rsquo;agisse de r\u00e9sidences modernes, d&rsquo;espaces commerciaux ou de b\u00e2timents publics. Avec son \u00e9quilibre raffin\u00e9 entre forme et fonctionnalit\u00e9, la Saturn Wall est une solution d\u2019\u00e9clairage polyvalente et durable qui apporte une touche d&rsquo;\u00e9l\u00e9gance \u00e0 n\u2019importe quel int\u00e9rieur.         <\/p>\n<h2><strong>Conditions<\/strong><\/h2>\n<p style=\"font-weight: 400;\">Cette applique Louis Poulsen Saturn a environ 30 ans et est en bon \u00e9tat avec de l\u00e9gers signes d&rsquo;utilisation ant\u00e9rieure. L&rsquo;\u00e9lectricit\u00e9 de la lampe a \u00e9t\u00e9 renouvel\u00e9e et la lampe est \u00e9quip\u00e9e d&rsquo;un culot E27.<\/p>\n<p style=\"font-weight: 400;\">Les sp\u00e9cifications sont :<\/p>\n<ul style=\"font-weight: 400;\">\n<li>Hauteur : 34cm<\/li>\n<li>Largeur : 31 cm<\/li>\n<li>Profondeur : 23 cm<\/li>\n<li>M\u00e9tal<\/li>\n<li>maximum 60W<\/li>\n<li>Douille E27<\/li>\n<li>Dimmable<\/li>\n<li>Convient aux lampes LED<\/li>\n<li>4,1 kg<\/li>\n<\/ul>\n<h2 data-placeholder=\"Vertaling\">Louis Poulsen<\/h2>\n<p style=\"font-weight: 400;\" data-placeholder=\"Vertaling\">L&rsquo;objectif de Louis Poulsen n&rsquo;est pas seulement de concevoir des lampes. En fa\u00e7onnant la lumi\u00e8re d&rsquo;une lampe, Louis Poulsen veut cr\u00e9er une atmosph\u00e8re dans laquelle les gens se sentent bien, \u00e0 l&rsquo;int\u00e9rieur comme \u00e0 l&rsquo;ext\u00e9rieur. La forme de la lumi\u00e8re cr\u00e9e de l&rsquo;espace et les produits doivent vivre harmonieusement dans l&rsquo;espace qu&rsquo;ils d\u00e9finissent &#8211; indirect, doux et invitant.<\/p>\n","protected":false},"excerpt":{"rendered":"<p><strong><span style=\"color: #00ff00;\">\u221a<\/span> <span style=\"color: #ff6600;\">Livraison gratuite en Europe<\/span> d\u00e8s 350 \u20ac <\/strong><strong><span style=\"color: #00ff00;\">\u221a<\/span> Command\u00e9 avant <span style=\"color: #ff6600;\">16h00<\/span>? G\u00e9n\u00e9ralement exp\u00e9di\u00e9 le m\u00eame jour <\/strong><strong><span style=\"color: #00ff00;\">\u221a<\/span> <span style=\"color: #ff6600;\">14 jours<\/span> D\u00e9lai de r\u00e9flexion <\/strong><strong><span style=\"color: #00ff00;\">\u221a<\/span> Convient pour <span style=\"color: #ff6600;\">les LED<\/span><\/strong><\/p>\n<ul>\n<li><strong>Hauteur : 34cm<\/strong><\/li>\n<li><strong>Largeur : 31 cm<\/strong><\/li>\n<li><strong>Profondeur : 23 cm<\/strong><\/li>\n<\/ul>\n","protected":false},"featured_media":51404,"template":"","meta":{"_uag_custom_page_level_css":"","site-sidebar-layout":"default","site-content-layout":"default","ast-site-content-layout":"default","site-content-style":"default","site-sidebar-style":"default","ast-global-header-display":"","ast-banner-title-visibility":"","ast-main-header-display":"","ast-hfb-above-header-display":"","ast-hfb-below-header-display":"","ast-hfb-mobile-header-display":"","site-post-title":"","ast-breadcrumbs-content":"","ast-featured-img":"","footer-sml-layout":"","ast-disable-related-posts":"","theme-transparent-header-meta":"default","adv-header-id-meta":"","stick-header-meta":"","header-above-stick-meta":"","header-main-stick-meta":"","header-below-stick-meta":"","astra-migrate-meta-layouts":"set","ast-page-background-enabled":"default","ast-page-background-meta":{"desktop":{"background-color":"var(--ast-global-color-4)","background-image":"","background-repeat":"repeat","background-position":"center center","background-size":"auto","background-attachment":"scroll","background-type":"","background-media":"","overlay-type":"","overlay-color":"","overlay-opacity":"","overlay-gradient":""},"tablet":{"background-color":"","background-image":"","background-repeat":"repeat","background-position":"center center","background-size":"auto","background-attachment":"scroll","background-type":"","background-media":"","overlay-type":"","overlay-color":"","overlay-opacity":"","overlay-gradient":""},"mobile":{"background-color":"","background-image":"","background-repeat":"repeat","background-position":"center center","background-size":"auto","background-attachment":"scroll","background-type":"","background-media":"","overlay-type":"","overlay-color":"","overlay-opacity":"","overlay-gradient":""}},"ast-content-background-meta":{"desktop":{"background-color":"var(--ast-global-color-5)","background-image":"","background-repeat":"repeat","background-position":"center center","background-size":"auto","background-attachment":"scroll","background-type":"","background-media":"","overlay-type":"","overlay-color":"","overlay-opacity":"","overlay-gradient":""},"tablet":{"background-color":"var(--ast-global-color-5)","background-image":"","background-repeat":"repeat","background-position":"center center","background-size":"auto","background-attachment":"scroll","background-type":"","background-media":"","overlay-type":"","overlay-color":"","overlay-opacity":"","overlay-gradient":""},"mobile":{"background-color":"var(--ast-global-color-5)","background-image":"","background-repeat":"repeat","background-position":"center center","background-size":"auto","background-attachment":"scroll","background-type":"","background-media":"","overlay-type":"","overlay-color":"","overlay-opacity":"","overlay-gradient":""}}},"product_brand":[],"product_cat":[360,499,353,337,336,338,361,335,604],"product_tag":[363],"class_list":{"0":"post-51361","1":"product","2":"type-product","3":"status-publish","4":"has-post-thumbnail","6":"product_cat-appliques-murales-scandinaves","7":"product_cat-eclairage-de-bureau-fr","8":"product_cat-eclairage-de-couloir","9":"product_cat-eclairage-de-la-chambre","10":"product_cat-eclairage-de-la-cuisine","11":"product_cat-eclairage-du-salon","12":"product_cat-louis-poulsen-fr","13":"product_cat-suspensions-pour-table-a-manger","14":"product_cat-voir-notre-collection-complete","15":"product_tag-blanc","16":"desktop-align-center","17":"tablet-align-left","18":"mobile-align-left","20":"first","21":"instock","22":"taxable","23":"shipping-taxable","24":"purchasable","25":"product-type-simple"},"yoast_head":"<!-- This site is optimized with the Yoast SEO plugin v27.4 - https:\/\/yoast.com\/product\/yoast-seo-wordpress\/ -->\n<title>Louis Poulsen Applique Saturne Joachim Lepper<\/title>\n<meta name=\"description\" content=\"L&#039;applique Louis Poulsen Saturn con\u00e7ue par Joachim Lepper pour Louis Poulsen \u00e9met une lumi\u00e8re dirig\u00e9e vers le haut et vers le bas.\" \/>\n<meta name=\"robots\" content=\"index, follow, max-snippet:-1, max-image-preview:large, max-video-preview:-1\" \/>\n<link rel=\"canonical\" href=\"https:\/\/scandinavischelampen.nl\/fr\/produit\/louis-poulsen-applique-2\/\" \/>\n<meta property=\"og:locale\" content=\"fr_FR\" \/>\n<meta property=\"og:type\" content=\"article\" \/>\n<meta property=\"og:title\" content=\"Louis Poulsen Applique Saturne Joachim Lepper\" \/>\n<meta property=\"og:description\" content=\"L&#039;applique Louis Poulsen Saturn con\u00e7ue par Joachim Lepper pour Louis Poulsen \u00e9met une lumi\u00e8re dirig\u00e9e vers le haut et vers le bas.\" \/>\n<meta property=\"og:url\" content=\"https:\/\/scandinavischelampen.nl\/fr\/produit\/louis-poulsen-applique-2\/\" \/>\n<meta property=\"og:site_name\" content=\"Lampes Scandinaves\" \/>\n<meta property=\"article:publisher\" content=\"https:\/\/www.facebook.com\/scandinavischelampen\/\" \/>\n<meta property=\"article:modified_time\" content=\"2024-12-04T15:01:33+00:00\" \/>\n<meta property=\"og:image\" content=\"https:\/\/i0.wp.com\/scandinavischelampen.nl\/wp-content\/uploads\/2024\/12\/IMG_4131-kopie-scaled.jpg?fit=1920%2C2560&ssl=1\" \/>\n\t<meta property=\"og:image:width\" content=\"1920\" \/>\n\t<meta property=\"og:image:height\" content=\"2560\" \/>\n\t<meta property=\"og:image:type\" content=\"image\/jpeg\" \/>\n<meta name=\"twitter:card\" content=\"summary_large_image\" \/>\n<meta name=\"twitter:label1\" content=\"Dur\u00e9e de lecture estim\u00e9e\" \/>\n\t<meta name=\"twitter:data1\" content=\"2 minutes\" \/>\n<script type=\"application\/ld+json\" class=\"yoast-schema-graph\">{\"@context\":\"https:\\\/\\\/schema.org\",\"@graph\":[{\"@type\":\"WebPage\",\"@id\":\"https:\\\/\\\/scandinavischelampen.nl\\\/fr\\\/produit\\\/louis-poulsen-applique-2\\\/\",\"url\":\"https:\\\/\\\/scandinavischelampen.nl\\\/fr\\\/produit\\\/louis-poulsen-applique-2\\\/\",\"name\":\"Louis Poulsen Applique Saturne Joachim Lepper\",\"isPartOf\":{\"@id\":\"https:\\\/\\\/scandinavischelampen.nl\\\/fr\\\/#website\"},\"primaryImageOfPage\":{\"@id\":\"https:\\\/\\\/scandinavischelampen.nl\\\/fr\\\/produit\\\/louis-poulsen-applique-2\\\/#primaryimage\"},\"image\":{\"@id\":\"https:\\\/\\\/scandinavischelampen.nl\\\/fr\\\/produit\\\/louis-poulsen-applique-2\\\/#primaryimage\"},\"thumbnailUrl\":\"https:\\\/\\\/i0.wp.com\\\/scandinavischelampen.nl\\\/wp-content\\\/uploads\\\/2024\\\/12\\\/IMG_4131-kopie-scaled.jpg?fit=1920%2C2560&ssl=1\",\"datePublished\":\"2024-12-04T14:33:25+00:00\",\"dateModified\":\"2024-12-04T15:01:33+00:00\",\"description\":\"L'applique Louis Poulsen Saturn con\u00e7ue par Joachim Lepper pour Louis Poulsen \u00e9met une lumi\u00e8re dirig\u00e9e vers le haut et vers le bas.\",\"breadcrumb\":{\"@id\":\"https:\\\/\\\/scandinavischelampen.nl\\\/fr\\\/produit\\\/louis-poulsen-applique-2\\\/#breadcrumb\"},\"inLanguage\":\"fr-FR\",\"potentialAction\":[{\"@type\":\"ReadAction\",\"target\":[\"https:\\\/\\\/scandinavischelampen.nl\\\/fr\\\/produit\\\/louis-poulsen-applique-2\\\/\"]}]},{\"@type\":\"ImageObject\",\"inLanguage\":\"fr-FR\",\"@id\":\"https:\\\/\\\/scandinavischelampen.nl\\\/fr\\\/produit\\\/louis-poulsen-applique-2\\\/#primaryimage\",\"url\":\"https:\\\/\\\/i0.wp.com\\\/scandinavischelampen.nl\\\/wp-content\\\/uploads\\\/2024\\\/12\\\/IMG_4131-kopie-scaled.jpg?fit=1920%2C2560&ssl=1\",\"contentUrl\":\"https:\\\/\\\/i0.wp.com\\\/scandinavischelampen.nl\\\/wp-content\\\/uploads\\\/2024\\\/12\\\/IMG_4131-kopie-scaled.jpg?fit=1920%2C2560&ssl=1\",\"width\":1920,\"height\":2560,\"caption\":\"Louis Poulsen Applique Saturne Joachim Lepper\"},{\"@type\":\"BreadcrumbList\",\"@id\":\"https:\\\/\\\/scandinavischelampen.nl\\\/fr\\\/produit\\\/louis-poulsen-applique-2\\\/#breadcrumb\",\"itemListElement\":[{\"@type\":\"ListItem\",\"position\":1,\"name\":\"Home\",\"item\":\"https:\\\/\\\/scandinavischelampen.nl\\\/fr\\\/\"},{\"@type\":\"ListItem\",\"position\":2,\"name\":\"Boutique\",\"item\":\"https:\\\/\\\/scandinavischelampen.nl\\\/fr\\\/boutique\\\/\"},{\"@type\":\"ListItem\",\"position\":3,\"name\":\"Louis Poulsen Applique Saturne Joachim Lepper\"}]},{\"@type\":\"WebSite\",\"@id\":\"https:\\\/\\\/scandinavischelampen.nl\\\/fr\\\/#website\",\"url\":\"https:\\\/\\\/scandinavischelampen.nl\\\/fr\\\/\",\"name\":\"Scandinavische Lampen\",\"description\":\"Luminaire design vintage\",\"publisher\":{\"@id\":\"https:\\\/\\\/scandinavischelampen.nl\\\/fr\\\/#organization\"},\"potentialAction\":[{\"@type\":\"SearchAction\",\"target\":{\"@type\":\"EntryPoint\",\"urlTemplate\":\"https:\\\/\\\/scandinavischelampen.nl\\\/fr\\\/?s={search_term_string}\"},\"query-input\":{\"@type\":\"PropertyValueSpecification\",\"valueRequired\":true,\"valueName\":\"search_term_string\"}}],\"inLanguage\":\"fr-FR\"},{\"@type\":\"Organization\",\"@id\":\"https:\\\/\\\/scandinavischelampen.nl\\\/fr\\\/#organization\",\"name\":\"Scandinavische Lampen\",\"url\":\"https:\\\/\\\/scandinavischelampen.nl\\\/fr\\\/\",\"logo\":{\"@type\":\"ImageObject\",\"inLanguage\":\"fr-FR\",\"@id\":\"https:\\\/\\\/scandinavischelampen.nl\\\/fr\\\/#\\\/schema\\\/logo\\\/image\\\/\",\"url\":\"https:\\\/\\\/i0.wp.com\\\/scandinavischelampen.nl\\\/wp-content\\\/uploads\\\/2023\\\/07\\\/cropped-Scandinavische-lampen-logo-oranje-01-scaled.png?fit=4717%2C1570&ssl=1\",\"contentUrl\":\"https:\\\/\\\/i0.wp.com\\\/scandinavischelampen.nl\\\/wp-content\\\/uploads\\\/2023\\\/07\\\/cropped-Scandinavische-lampen-logo-oranje-01-scaled.png?fit=4717%2C1570&ssl=1\",\"width\":4717,\"height\":1570,\"caption\":\"Scandinavische Lampen\"},\"image\":{\"@id\":\"https:\\\/\\\/scandinavischelampen.nl\\\/fr\\\/#\\\/schema\\\/logo\\\/image\\\/\"},\"sameAs\":[\"https:\\\/\\\/www.facebook.com\\\/scandinavischelampen\\\/\",\"https:\\\/\\\/www.instagram.com\\\/scandinavische_lampen\\\/\"]}]}<\/script>\n<!-- \/ Yoast SEO plugin. -->","yoast_head_json":{"title":"Louis Poulsen Applique Saturne Joachim Lepper","description":"L'applique Louis Poulsen Saturn con\u00e7ue par Joachim Lepper pour Louis Poulsen \u00e9met une lumi\u00e8re dirig\u00e9e vers le haut et vers le bas.","robots":{"index":"index","follow":"follow","max-snippet":"max-snippet:-1","max-image-preview":"max-image-preview:large","max-video-preview":"max-video-preview:-1"},"canonical":"https:\/\/scandinavischelampen.nl\/fr\/produit\/louis-poulsen-applique-2\/","og_locale":"fr_FR","og_type":"article","og_title":"Louis Poulsen Applique Saturne Joachim Lepper","og_description":"L'applique Louis Poulsen Saturn con\u00e7ue par Joachim Lepper pour Louis Poulsen \u00e9met une lumi\u00e8re dirig\u00e9e vers le haut et vers le bas.","og_url":"https:\/\/scandinavischelampen.nl\/fr\/produit\/louis-poulsen-applique-2\/","og_site_name":"Lampes Scandinaves","article_publisher":"https:\/\/www.facebook.com\/scandinavischelampen\/","article_modified_time":"2024-12-04T15:01:33+00:00","og_image":[{"width":1920,"height":2560,"url":"https:\/\/i0.wp.com\/scandinavischelampen.nl\/wp-content\/uploads\/2024\/12\/IMG_4131-kopie-scaled.jpg?fit=1920%2C2560&ssl=1","type":"image\/jpeg"}],"twitter_card":"summary_large_image","twitter_misc":{"Dur\u00e9e de lecture estim\u00e9e":"2 minutes"},"schema":{"@context":"https:\/\/schema.org","@graph":[{"@type":"WebPage","@id":"https:\/\/scandinavischelampen.nl\/fr\/produit\/louis-poulsen-applique-2\/","url":"https:\/\/scandinavischelampen.nl\/fr\/produit\/louis-poulsen-applique-2\/","name":"Louis Poulsen Applique Saturne Joachim Lepper","isPartOf":{"@id":"https:\/\/scandinavischelampen.nl\/fr\/#website"},"primaryImageOfPage":{"@id":"https:\/\/scandinavischelampen.nl\/fr\/produit\/louis-poulsen-applique-2\/#primaryimage"},"image":{"@id":"https:\/\/scandinavischelampen.nl\/fr\/produit\/louis-poulsen-applique-2\/#primaryimage"},"thumbnailUrl":"https:\/\/i0.wp.com\/scandinavischelampen.nl\/wp-content\/uploads\/2024\/12\/IMG_4131-kopie-scaled.jpg?fit=1920%2C2560&ssl=1","datePublished":"2024-12-04T14:33:25+00:00","dateModified":"2024-12-04T15:01:33+00:00","description":"L'applique Louis Poulsen Saturn con\u00e7ue par Joachim Lepper pour Louis Poulsen \u00e9met une lumi\u00e8re dirig\u00e9e vers le haut et vers le bas.","breadcrumb":{"@id":"https:\/\/scandinavischelampen.nl\/fr\/produit\/louis-poulsen-applique-2\/#breadcrumb"},"inLanguage":"fr-FR","potentialAction":[{"@type":"ReadAction","target":["https:\/\/scandinavischelampen.nl\/fr\/produit\/louis-poulsen-applique-2\/"]}]},{"@type":"ImageObject","inLanguage":"fr-FR","@id":"https:\/\/scandinavischelampen.nl\/fr\/produit\/louis-poulsen-applique-2\/#primaryimage","url":"https:\/\/i0.wp.com\/scandinavischelampen.nl\/wp-content\/uploads\/2024\/12\/IMG_4131-kopie-scaled.jpg?fit=1920%2C2560&ssl=1","contentUrl":"https:\/\/i0.wp.com\/scandinavischelampen.nl\/wp-content\/uploads\/2024\/12\/IMG_4131-kopie-scaled.jpg?fit=1920%2C2560&ssl=1","width":1920,"height":2560,"caption":"Louis Poulsen Applique Saturne Joachim Lepper"},{"@type":"BreadcrumbList","@id":"https:\/\/scandinavischelampen.nl\/fr\/produit\/louis-poulsen-applique-2\/#breadcrumb","itemListElement":[{"@type":"ListItem","position":1,"name":"Home","item":"https:\/\/scandinavischelampen.nl\/fr\/"},{"@type":"ListItem","position":2,"name":"Boutique","item":"https:\/\/scandinavischelampen.nl\/fr\/boutique\/"},{"@type":"ListItem","position":3,"name":"Louis Poulsen Applique Saturne Joachim Lepper"}]},{"@type":"WebSite","@id":"https:\/\/scandinavischelampen.nl\/fr\/#website","url":"https:\/\/scandinavischelampen.nl\/fr\/","name":"Scandinavische Lampen","description":"Luminaire design vintage","publisher":{"@id":"https:\/\/scandinavischelampen.nl\/fr\/#organization"},"potentialAction":[{"@type":"SearchAction","target":{"@type":"EntryPoint","urlTemplate":"https:\/\/scandinavischelampen.nl\/fr\/?s={search_term_string}"},"query-input":{"@type":"PropertyValueSpecification","valueRequired":true,"valueName":"search_term_string"}}],"inLanguage":"fr-FR"},{"@type":"Organization","@id":"https:\/\/scandinavischelampen.nl\/fr\/#organization","name":"Scandinavische Lampen","url":"https:\/\/scandinavischelampen.nl\/fr\/","logo":{"@type":"ImageObject","inLanguage":"fr-FR","@id":"https:\/\/scandinavischelampen.nl\/fr\/#\/schema\/logo\/image\/","url":"https:\/\/i0.wp.com\/scandinavischelampen.nl\/wp-content\/uploads\/2023\/07\/cropped-Scandinavische-lampen-logo-oranje-01-scaled.png?fit=4717%2C1570&ssl=1","contentUrl":"https:\/\/i0.wp.com\/scandinavischelampen.nl\/wp-content\/uploads\/2023\/07\/cropped-Scandinavische-lampen-logo-oranje-01-scaled.png?fit=4717%2C1570&ssl=1","width":4717,"height":1570,"caption":"Scandinavische Lampen"},"image":{"@id":"https:\/\/scandinavischelampen.nl\/fr\/#\/schema\/logo\/image\/"},"sameAs":["https:\/\/www.facebook.com\/scandinavischelampen\/","https:\/\/www.instagram.com\/scandinavische_lampen\/"]}]}},"uagb_featured_image_src":{"full":["https:\/\/i0.wp.com\/scandinavischelampen.nl\/wp-content\/uploads\/2024\/12\/IMG_4131-kopie-scaled.jpg?fit=1920%2C2560&ssl=1",1920,2560,false],"thumbnail":["https:\/\/i0.wp.com\/scandinavischelampen.nl\/wp-content\/uploads\/2024\/12\/IMG_4131-kopie-scaled.jpg?resize=150%2C150&ssl=1",150,150,true],"medium":["https:\/\/i0.wp.com\/scandinavischelampen.nl\/wp-content\/uploads\/2024\/12\/IMG_4131-kopie-scaled.jpg?fit=225%2C300&ssl=1",225,300,true],"medium_large":["https:\/\/i0.wp.com\/scandinavischelampen.nl\/wp-content\/uploads\/2024\/12\/IMG_4131-kopie-scaled.jpg?fit=768%2C1024&ssl=1",768,1024,true],"large":["https:\/\/i0.wp.com\/scandinavischelampen.nl\/wp-content\/uploads\/2024\/12\/IMG_4131-kopie-scaled.jpg?fit=768%2C1024&ssl=1",768,1024,true],"1536x1536":["https:\/\/i0.wp.com\/scandinavischelampen.nl\/wp-content\/uploads\/2024\/12\/IMG_4131-kopie-scaled.jpg?fit=1152%2C1536&ssl=1",1152,1536,true],"2048x2048":["https:\/\/i0.wp.com\/scandinavischelampen.nl\/wp-content\/uploads\/2024\/12\/IMG_4131-kopie-scaled.jpg?fit=1536%2C2048&ssl=1",1536,2048,true],"woocommerce_thumbnail":["https:\/\/i0.wp.com\/scandinavischelampen.nl\/wp-content\/uploads\/2024\/12\/IMG_4131-kopie-scaled.jpg?resize=300%2C300&ssl=1",300,300,true],"woocommerce_single":["https:\/\/i0.wp.com\/scandinavischelampen.nl\/wp-content\/uploads\/2024\/12\/IMG_4131-kopie-scaled.jpg?fit=600%2C800&ssl=1",600,800,true],"woocommerce_gallery_thumbnail":["https:\/\/i0.wp.com\/scandinavischelampen.nl\/wp-content\/uploads\/2024\/12\/IMG_4131-kopie-scaled.jpg?resize=100%2C100&ssl=1",100,100,true],"thaps-thumb-img":["https:\/\/i0.wp.com\/scandinavischelampen.nl\/wp-content\/uploads\/2024\/12\/IMG_4131-kopie-scaled.jpg?resize=48%2C64&ssl=1",48,64,true]},"uagb_author_info":{"display_name":"administrator","author_link":"https:\/\/scandinavischelampen.nl\/fr\/author\/"},"uagb_comment_info":0,"uagb_excerpt":"\u221a Livraison gratuite en Europe d\u00e8s 350 \u20ac \u221a Command\u00e9 avant 16h00? G\u00e9n\u00e9ralement exp\u00e9di\u00e9 le m\u00eame jour \u221a 14 jours D\u00e9lai de r\u00e9flexion \u221a Convient pour les LED Hauteur : 34cm Largeur : 31 cm Profondeur : 23 cm","jetpack_sharing_enabled":true,"_links":{"self":[{"href":"https:\/\/scandinavischelampen.nl\/fr\/wp-json\/wp\/v2\/product\/51361","targetHints":{"allow":["GET"]}}],"collection":[{"href":"https:\/\/scandinavischelampen.nl\/fr\/wp-json\/wp\/v2\/product"}],"about":[{"href":"https:\/\/scandinavischelampen.nl\/fr\/wp-json\/wp\/v2\/types\/product"}],"wp:featuredmedia":[{"embeddable":true,"href":"https:\/\/scandinavischelampen.nl\/fr\/wp-json\/wp\/v2\/media\/51404"}],"wp:attachment":[{"href":"https:\/\/scandinavischelampen.nl\/fr\/wp-json\/wp\/v2\/media?parent=51361"}],"wp:term":[{"taxonomy":"product_brand","embeddable":true,"href":"https:\/\/scandinavischelampen.nl\/fr\/wp-json\/wp\/v2\/product_brand?post=51361"},{"taxonomy":"product_cat","embeddable":true,"href":"https:\/\/scandinavischelampen.nl\/fr\/wp-json\/wp\/v2\/product_cat?post=51361"},{"taxonomy":"product_tag","embeddable":true,"href":"https:\/\/scandinavischelampen.nl\/fr\/wp-json\/wp\/v2\/product_tag?post=51361"}],"curies":[{"name":"wp","href":"https:\/\/api.w.org\/{rel}","templated":true}]}}