{"id":50605,"date":"2024-11-14T20:12:05","date_gmt":"2024-11-14T19:12:05","guid":{"rendered":"https:\/\/scandinavischelampen.nl\/?post_type=product&#038;p=50605"},"modified":"2025-03-08T20:54:53","modified_gmt":"2025-03-08T19:54:53","slug":"suspension-scandinave-taupe","status":"publish","type":"product","link":"https:\/\/scandinavischelampen.nl\/fr\/produit\/suspension-scandinave-taupe\/","title":{"rendered":"Lampe \u00e0 suspension scandinave Taupe"},"content":{"rendered":"<h2>Lampe \u00e0 suspension scandinave Taupe<\/h2>\n<p>Donnez de la vie \u00e0 votre int\u00e9rieur avec cette suspension de couleur taupe moderne &#8211; le compl\u00e9ment parfait pour une touche d&rsquo;\u00e9l\u00e9gance et d&rsquo;ambiance dans n&rsquo;importe quelle pi\u00e8ce ! Cette lampe est con\u00e7ue pour transformer votre maison et cr\u00e9er une atmosph\u00e8re raffin\u00e9e que vous recherchez.<\/p>\n<p>Placez la lampe \u00e0 c\u00f4t\u00e9 de votre canap\u00e9 pour un \u00e9clairage subtil, m\u00eame dans les coins les plus sombres. \u00c0 l&rsquo;origine blanche, cette lampe a subi une transformation contemporaine par une entreprise sp\u00e9cialis\u00e9e qui a repeint les abat-jours par une m\u00e9thode de rev\u00eatement en poudre. En cons\u00e9quence, la lampe est en excellent \u00e9tat et est pr\u00eate \u00e0 sublimer votre espace.<\/p>\n<p>La nouvelle couleur taupe de la lampe la rend parfaitement adapt\u00e9e aux int\u00e9rieurs modernes, s\u2019adaptant parfaitement aux tendances d\u2019aujourd\u2019hui. Ne manquez pas cette opportunit\u00e9 d&rsquo;enrichir votre maison avec style et fonctionnalit\u00e9. Commandez cette suspension de couleur taupe d\u00e8s maintenant et transformez votre espace en une oasis de sophistication !<\/p>\n<h2><strong>Conditions<\/strong><\/h2>\n<p>Cette lampe a \u00e9t\u00e9 produite \u00e0 la fin du si\u00e8cle dernier. Gr\u00e2ce \u00e0 un rev\u00eatement en poudre soigneux, la lampe est maintenant en excellent \u00e9tat. De plus, le syst\u00e8me \u00e9lectrique a \u00e9t\u00e9 renouvel\u00e9, garantissant que cette lampe vintage conserve non seulement son charme d&rsquo;origine, mais qu&rsquo;elle r\u00e9pond \u00e9galement aux normes modernes. Une pi\u00e8ce intemporelle avec une mise \u00e0 niveau fra\u00eeche &#8211; cette suspension m\u00eale histoire et fonctionnalit\u00e9 de mani\u00e8re unique.<\/p>\n<h2><strong>Caract\u00e9ristiques suspension Taupe<\/strong><\/h2>\n<ul>\n<li style=\"font-weight: 400\">Diam\u00e8tre : 28 cm<\/li>\n<li style=\"font-weight: 400\">Hauteur : 18 cm<\/li>\n<li style=\"font-weight: 400\">Hauteur totale avec cordon 100 cm (r\u00e9glable lors de l&rsquo;installation)<\/li>\n<li style=\"font-weight: 400\">Mat\u00e9riau : m\u00e9tal<\/li>\n<li style=\"font-weight: 400\">Couleur du cordon : Blanc<\/li>\n<li style=\"font-weight: 400\">Puissance maximale : 60W<\/li>\n<li style=\"font-weight: 400\">Culot: E27<\/li>\n<li style=\"font-weight: 400\">Convient aux lampes LED<\/li>\n<li style=\"font-weight: 400\">Poids : 0,9 kg<\/li>\n<\/ul>\n<p>Donnez une touche personnelle \u00e0 votre int\u00e9rieur avec cette suspension scandinave au coloris taupe moderne ! Non seulement la lampe apporte une \u00e9l\u00e9gance subtile \u00e0 n&rsquo;importe quelle pi\u00e8ce, mais le rev\u00eatement en poudre soigneusement ex\u00e9cut\u00e9 la met litt\u00e9ralement sous un nouveau jour. La couleur taupe unique ajoute une atmosph\u00e8re chaleureuse et contemporaine et s&rsquo;adapte parfaitement aux tendances actuelles.  <\/p>\n<p>Que vous la suspendiez au-dessus de la table \u00e0 manger ou que vous \u00e9clairiez un coin sombre \u00e0 c\u00f4t\u00e9 du canap\u00e9, cette lampe est non seulement \u00e9l\u00e9gante mais aussi pratique. Cette pi\u00e8ce vintage soigneusement restaur\u00e9e a tout ce qu&rsquo;il faut pour durer des ann\u00e9es avec son syst\u00e8me \u00e9lectrique mis \u00e0 jour. Un v\u00e9ritable accroche-regard qui transforme votre maison en une oasis \u00e9l\u00e9gante et atmosph\u00e9rique !  <\/p>\n<div class=\"\">\n<div class=\"group w-full text-token-text-primary border-b border-black\/10 dark:border-gray-900\/50 bg-gray-50 dark:bg-[#444654]\" data-testid=\"conversation-turn-3\">\n<div class=\"p-4 justify-center text-base md:gap-6 md:py-6 lg:px-0 m-auto\">\n<div class=\"flex flex-1 gap-4 text-base mx-auto md:gap-6 md:max-w-2xl lg:max-w-[38rem] xl:max-w-3xl }\">\n<div class=\"relative flex w-[calc(100%-50px)] flex-col gap-1 md:gap-3 lg:w-[calc(100%-115px)]\">\n<div class=\"flex flex-grow flex-col gap-3 max-w-full\">\n<div class=\"min-h-[20px] flex flex-col items-start gap-3 overflow-x-auto whitespace-pre-wrap break-words\">\n<div class=\"markdown prose w-full break-words dark:prose-invert light\">\n<div class=\"flex-1 overflow-hidden\">\n<div class=\"react-scroll-to-bottom--css-wcqyu-79elbk h-full\">\n<div class=\"react-scroll-to-bottom--css-wcqyu-1n7m0yu\">\n<div class=\"flex flex-col pb-9 text-sm\">\n<div class=\"w-full text-token-text-primary\" data-testid=\"conversation-turn-19\">\n<div class=\"px-4 py-2 justify-center text-base md:gap-6 m-auto\">\n<div class=\"flex flex-1 text-base mx-auto gap-3 md:px-5 lg:px-1 xl:px-5 md:max-w-3xl lg:max-w-[40rem] xl:max-w-[48rem] group final-completion\">\n<div class=\"relative flex w-full flex-col lg:w-[calc(100%-115px)] agent-turn\">\n<div class=\"flex-col gap-1 md:gap-3\">\n<div class=\"flex flex-grow flex-col max-w-full\">\n<div class=\"min-h-[20px] text-message flex flex-col items-start gap-3 whitespace-pre-wrap break-words [.text-message+&amp;]:mt-5 overflow-x-auto\" data-message-author-role=\"assistant\" data-message-id=\"126b385e-b4d4-4965-b2a2-6c5217d51c99\">\n<div class=\"markdown prose w-full break-words dark:prose-invert light\">\n<p>&nbsp;<\/p>\n<\/div>\n<\/div>\n<\/div>\n<\/div>\n<\/div>\n<\/div>\n<\/div>\n<\/div>\n<\/div>\n<\/div>\n<\/div>\n<\/div>\n<\/div>\n<\/div>\n<\/div>\n<\/div>\n<\/div>\n<\/div>\n<\/div>\n<\/div>\n<p style=\"font-weight: 400\">\n","protected":false},"excerpt":{"rendered":"<p><strong><span style=\"color: #00ff00\">\u221a<\/span> <span style=\"color: #ff6600\">Livraison gratuite en Europe d\u00e8s 350 \u20ac<\/span><br \/>\n<\/strong><strong><span style=\"color: #00ff00\">\u221a<\/span> Command\u00e9 avant <span style=\"color: #ff6600\">16h00<\/span>? G\u00e9n\u00e9ralement exp\u00e9di\u00e9 le m\u00eame jour<br \/>\n<\/strong><strong><span style=\"color: #00ff00\">\u221a<\/span> <span style=\"color: #ff6600\">14 jours<\/span> de r\u00e9flexion<br \/>\n<\/strong><strong><span style=\"color: #00ff00\">\u221a<\/span> Convient pour les <span style=\"color: #ff6600\">LED<\/span><\/strong><\/p>\n<ul>\n<li style=\"font-weight: 400\"><strong>Diam\u00e8tre : 28 cm<\/strong><\/li>\n<li style=\"font-weight: 400\"><strong>Hauteur : 18 cm<\/strong><\/li>\n<\/ul>\n","protected":false},"featured_media":50713,"template":"","meta":{"_uag_custom_page_level_css":"","site-sidebar-layout":"default","site-content-layout":"default","ast-site-content-layout":"default","site-content-style":"default","site-sidebar-style":"default","ast-global-header-display":"","ast-banner-title-visibility":"","ast-main-header-display":"","ast-hfb-above-header-display":"","ast-hfb-below-header-display":"","ast-hfb-mobile-header-display":"","site-post-title":"","ast-breadcrumbs-content":"","ast-featured-img":"","footer-sml-layout":"","ast-disable-related-posts":"","theme-transparent-header-meta":"default","adv-header-id-meta":"","stick-header-meta":"","header-above-stick-meta":"","header-main-stick-meta":"","header-below-stick-meta":"","astra-migrate-meta-layouts":"set","ast-page-background-enabled":"default","ast-page-background-meta":{"desktop":{"background-color":"var(--ast-global-color-4)","background-image":"","background-repeat":"repeat","background-position":"center center","background-size":"auto","background-attachment":"scroll","background-type":"","background-media":"","overlay-type":"","overlay-color":"","overlay-opacity":"","overlay-gradient":""},"tablet":{"background-color":"","background-image":"","background-repeat":"repeat","background-position":"center center","background-size":"auto","background-attachment":"scroll","background-type":"","background-media":"","overlay-type":"","overlay-color":"","overlay-opacity":"","overlay-gradient":""},"mobile":{"background-color":"","background-image":"","background-repeat":"repeat","background-position":"center center","background-size":"auto","background-attachment":"scroll","background-type":"","background-media":"","overlay-type":"","overlay-color":"","overlay-opacity":"","overlay-gradient":""}},"ast-content-background-meta":{"desktop":{"background-color":"var(--ast-global-color-5)","background-image":"","background-repeat":"repeat","background-position":"center center","background-size":"auto","background-attachment":"scroll","background-type":"","background-media":"","overlay-type":"","overlay-color":"","overlay-opacity":"","overlay-gradient":""},"tablet":{"background-color":"var(--ast-global-color-5)","background-image":"","background-repeat":"repeat","background-position":"center center","background-size":"auto","background-attachment":"scroll","background-type":"","background-media":"","overlay-type":"","overlay-color":"","overlay-opacity":"","overlay-gradient":""},"mobile":{"background-color":"var(--ast-global-color-5)","background-image":"","background-repeat":"repeat","background-position":"center center","background-size":"auto","background-attachment":"scroll","background-type":"","background-media":"","overlay-type":"","overlay-color":"","overlay-opacity":"","overlay-gradient":""}}},"product_brand":[],"product_cat":[459,499,353,337,336,338,333,604],"product_tag":[],"class_list":{"0":"post-50605","1":"product","2":"type-product","3":"status-publish","4":"has-post-thumbnail","6":"product_cat-collection-de-couleurs","7":"product_cat-eclairage-de-bureau-fr","8":"product_cat-eclairage-de-couloir","9":"product_cat-eclairage-de-la-chambre","10":"product_cat-eclairage-de-la-cuisine","11":"product_cat-eclairage-du-salon","12":"product_cat-suspensions-scandinaves","13":"product_cat-voir-notre-collection-complete","14":"desktop-align-center","15":"tablet-align-left","16":"mobile-align-left","18":"first","19":"instock","20":"taxable","21":"shipping-taxable","22":"purchasable","23":"product-type-simple"},"yoast_head":"<!-- This site is optimized with the Yoast SEO plugin v27.4 - https:\/\/yoast.com\/product\/yoast-seo-wordpress\/ -->\n<title>Lampe \u00e0 suspension scandinave Taupe<\/title>\n<meta name=\"description\" content=\"Donnez vie \u00e0 votre int\u00e9rieur avec cette suspension de couleur taupe moderne - le compl\u00e9ment parfait pour une touche d\u2019\u00e9l\u00e9gance et d\u2019atmosph\u00e8re dans n\u2019importe quelle pi\u00e8ce !\" \/>\n<meta name=\"robots\" content=\"index, follow, max-snippet:-1, max-image-preview:large, max-video-preview:-1\" \/>\n<link rel=\"canonical\" href=\"https:\/\/scandinavischelampen.nl\/fr\/produit\/suspension-scandinave-taupe\/\" \/>\n<meta property=\"og:locale\" content=\"fr_FR\" \/>\n<meta property=\"og:type\" content=\"article\" \/>\n<meta property=\"og:title\" content=\"Lampe \u00e0 suspension scandinave Taupe\" \/>\n<meta property=\"og:description\" content=\"Donnez vie \u00e0 votre int\u00e9rieur avec cette suspension de couleur taupe moderne - le compl\u00e9ment parfait pour une touche d\u2019\u00e9l\u00e9gance et d\u2019atmosph\u00e8re dans n\u2019importe quelle pi\u00e8ce !\" \/>\n<meta property=\"og:url\" content=\"https:\/\/scandinavischelampen.nl\/fr\/produit\/suspension-scandinave-taupe\/\" \/>\n<meta property=\"og:site_name\" content=\"Lampes Scandinaves\" \/>\n<meta property=\"article:publisher\" content=\"https:\/\/www.facebook.com\/scandinavischelampen\/\" \/>\n<meta property=\"article:modified_time\" content=\"2025-03-08T19:54:53+00:00\" \/>\n<meta property=\"og:image\" content=\"https:\/\/i0.wp.com\/scandinavischelampen.nl\/wp-content\/uploads\/2024\/11\/IMG_3697-4-kopie-scaled.jpg?fit=1920%2C2560&ssl=1\" \/>\n\t<meta property=\"og:image:width\" content=\"1920\" \/>\n\t<meta property=\"og:image:height\" content=\"2560\" \/>\n\t<meta property=\"og:image:type\" content=\"image\/jpeg\" \/>\n<meta name=\"twitter:card\" content=\"summary_large_image\" \/>\n<meta name=\"twitter:label1\" content=\"Dur\u00e9e de lecture estim\u00e9e\" \/>\n\t<meta name=\"twitter:data1\" content=\"2 minutes\" \/>\n<script type=\"application\/ld+json\" class=\"yoast-schema-graph\">{\"@context\":\"https:\\\/\\\/schema.org\",\"@graph\":[{\"@type\":\"WebPage\",\"@id\":\"https:\\\/\\\/scandinavischelampen.nl\\\/fr\\\/produit\\\/suspension-scandinave-taupe\\\/\",\"url\":\"https:\\\/\\\/scandinavischelampen.nl\\\/fr\\\/produit\\\/suspension-scandinave-taupe\\\/\",\"name\":\"Lampe \u00e0 suspension scandinave Taupe\",\"isPartOf\":{\"@id\":\"https:\\\/\\\/scandinavischelampen.nl\\\/fr\\\/#website\"},\"primaryImageOfPage\":{\"@id\":\"https:\\\/\\\/scandinavischelampen.nl\\\/fr\\\/produit\\\/suspension-scandinave-taupe\\\/#primaryimage\"},\"image\":{\"@id\":\"https:\\\/\\\/scandinavischelampen.nl\\\/fr\\\/produit\\\/suspension-scandinave-taupe\\\/#primaryimage\"},\"thumbnailUrl\":\"https:\\\/\\\/i0.wp.com\\\/scandinavischelampen.nl\\\/wp-content\\\/uploads\\\/2024\\\/11\\\/IMG_3697-4-kopie-scaled.jpg?fit=1920%2C2560&ssl=1\",\"datePublished\":\"2024-11-14T19:12:05+00:00\",\"dateModified\":\"2025-03-08T19:54:53+00:00\",\"description\":\"Donnez vie \u00e0 votre int\u00e9rieur avec cette suspension de couleur taupe moderne - le compl\u00e9ment parfait pour une touche d\u2019\u00e9l\u00e9gance et d\u2019atmosph\u00e8re dans n\u2019importe quelle pi\u00e8ce !\",\"breadcrumb\":{\"@id\":\"https:\\\/\\\/scandinavischelampen.nl\\\/fr\\\/produit\\\/suspension-scandinave-taupe\\\/#breadcrumb\"},\"inLanguage\":\"fr-FR\",\"potentialAction\":[{\"@type\":\"ReadAction\",\"target\":[\"https:\\\/\\\/scandinavischelampen.nl\\\/fr\\\/produit\\\/suspension-scandinave-taupe\\\/\"]}]},{\"@type\":\"ImageObject\",\"inLanguage\":\"fr-FR\",\"@id\":\"https:\\\/\\\/scandinavischelampen.nl\\\/fr\\\/produit\\\/suspension-scandinave-taupe\\\/#primaryimage\",\"url\":\"https:\\\/\\\/i0.wp.com\\\/scandinavischelampen.nl\\\/wp-content\\\/uploads\\\/2024\\\/11\\\/IMG_3697-4-kopie-scaled.jpg?fit=1920%2C2560&ssl=1\",\"contentUrl\":\"https:\\\/\\\/i0.wp.com\\\/scandinavischelampen.nl\\\/wp-content\\\/uploads\\\/2024\\\/11\\\/IMG_3697-4-kopie-scaled.jpg?fit=1920%2C2560&ssl=1\",\"width\":1920,\"height\":2560,\"caption\":\"Lampe \u00e0 suspension scandinave Taupe\"},{\"@type\":\"BreadcrumbList\",\"@id\":\"https:\\\/\\\/scandinavischelampen.nl\\\/fr\\\/produit\\\/suspension-scandinave-taupe\\\/#breadcrumb\",\"itemListElement\":[{\"@type\":\"ListItem\",\"position\":1,\"name\":\"Home\",\"item\":\"https:\\\/\\\/scandinavischelampen.nl\\\/fr\\\/\"},{\"@type\":\"ListItem\",\"position\":2,\"name\":\"Boutique\",\"item\":\"https:\\\/\\\/scandinavischelampen.nl\\\/fr\\\/boutique\\\/\"},{\"@type\":\"ListItem\",\"position\":3,\"name\":\"Lampe \u00e0 suspension scandinave Taupe\"}]},{\"@type\":\"WebSite\",\"@id\":\"https:\\\/\\\/scandinavischelampen.nl\\\/fr\\\/#website\",\"url\":\"https:\\\/\\\/scandinavischelampen.nl\\\/fr\\\/\",\"name\":\"Scandinavische Lampen\",\"description\":\"Luminaire design vintage\",\"publisher\":{\"@id\":\"https:\\\/\\\/scandinavischelampen.nl\\\/fr\\\/#organization\"},\"potentialAction\":[{\"@type\":\"SearchAction\",\"target\":{\"@type\":\"EntryPoint\",\"urlTemplate\":\"https:\\\/\\\/scandinavischelampen.nl\\\/fr\\\/?s={search_term_string}\"},\"query-input\":{\"@type\":\"PropertyValueSpecification\",\"valueRequired\":true,\"valueName\":\"search_term_string\"}}],\"inLanguage\":\"fr-FR\"},{\"@type\":\"Organization\",\"@id\":\"https:\\\/\\\/scandinavischelampen.nl\\\/fr\\\/#organization\",\"name\":\"Scandinavische Lampen\",\"url\":\"https:\\\/\\\/scandinavischelampen.nl\\\/fr\\\/\",\"logo\":{\"@type\":\"ImageObject\",\"inLanguage\":\"fr-FR\",\"@id\":\"https:\\\/\\\/scandinavischelampen.nl\\\/fr\\\/#\\\/schema\\\/logo\\\/image\\\/\",\"url\":\"https:\\\/\\\/i0.wp.com\\\/scandinavischelampen.nl\\\/wp-content\\\/uploads\\\/2023\\\/07\\\/cropped-Scandinavische-lampen-logo-oranje-01-scaled.png?fit=4717%2C1570&ssl=1\",\"contentUrl\":\"https:\\\/\\\/i0.wp.com\\\/scandinavischelampen.nl\\\/wp-content\\\/uploads\\\/2023\\\/07\\\/cropped-Scandinavische-lampen-logo-oranje-01-scaled.png?fit=4717%2C1570&ssl=1\",\"width\":4717,\"height\":1570,\"caption\":\"Scandinavische Lampen\"},\"image\":{\"@id\":\"https:\\\/\\\/scandinavischelampen.nl\\\/fr\\\/#\\\/schema\\\/logo\\\/image\\\/\"},\"sameAs\":[\"https:\\\/\\\/www.facebook.com\\\/scandinavischelampen\\\/\",\"https:\\\/\\\/www.instagram.com\\\/scandinavische_lampen\\\/\"]}]}<\/script>\n<!-- \/ Yoast SEO plugin. -->","yoast_head_json":{"title":"Lampe \u00e0 suspension scandinave Taupe","description":"Donnez vie \u00e0 votre int\u00e9rieur avec cette suspension de couleur taupe moderne - le compl\u00e9ment parfait pour une touche d\u2019\u00e9l\u00e9gance et d\u2019atmosph\u00e8re dans n\u2019importe quelle pi\u00e8ce !","robots":{"index":"index","follow":"follow","max-snippet":"max-snippet:-1","max-image-preview":"max-image-preview:large","max-video-preview":"max-video-preview:-1"},"canonical":"https:\/\/scandinavischelampen.nl\/fr\/produit\/suspension-scandinave-taupe\/","og_locale":"fr_FR","og_type":"article","og_title":"Lampe \u00e0 suspension scandinave Taupe","og_description":"Donnez vie \u00e0 votre int\u00e9rieur avec cette suspension de couleur taupe moderne - le compl\u00e9ment parfait pour une touche d\u2019\u00e9l\u00e9gance et d\u2019atmosph\u00e8re dans n\u2019importe quelle pi\u00e8ce !","og_url":"https:\/\/scandinavischelampen.nl\/fr\/produit\/suspension-scandinave-taupe\/","og_site_name":"Lampes Scandinaves","article_publisher":"https:\/\/www.facebook.com\/scandinavischelampen\/","article_modified_time":"2025-03-08T19:54:53+00:00","og_image":[{"width":1920,"height":2560,"url":"https:\/\/i0.wp.com\/scandinavischelampen.nl\/wp-content\/uploads\/2024\/11\/IMG_3697-4-kopie-scaled.jpg?fit=1920%2C2560&ssl=1","type":"image\/jpeg"}],"twitter_card":"summary_large_image","twitter_misc":{"Dur\u00e9e de lecture estim\u00e9e":"2 minutes"},"schema":{"@context":"https:\/\/schema.org","@graph":[{"@type":"WebPage","@id":"https:\/\/scandinavischelampen.nl\/fr\/produit\/suspension-scandinave-taupe\/","url":"https:\/\/scandinavischelampen.nl\/fr\/produit\/suspension-scandinave-taupe\/","name":"Lampe \u00e0 suspension scandinave Taupe","isPartOf":{"@id":"https:\/\/scandinavischelampen.nl\/fr\/#website"},"primaryImageOfPage":{"@id":"https:\/\/scandinavischelampen.nl\/fr\/produit\/suspension-scandinave-taupe\/#primaryimage"},"image":{"@id":"https:\/\/scandinavischelampen.nl\/fr\/produit\/suspension-scandinave-taupe\/#primaryimage"},"thumbnailUrl":"https:\/\/i0.wp.com\/scandinavischelampen.nl\/wp-content\/uploads\/2024\/11\/IMG_3697-4-kopie-scaled.jpg?fit=1920%2C2560&ssl=1","datePublished":"2024-11-14T19:12:05+00:00","dateModified":"2025-03-08T19:54:53+00:00","description":"Donnez vie \u00e0 votre int\u00e9rieur avec cette suspension de couleur taupe moderne - le compl\u00e9ment parfait pour une touche d\u2019\u00e9l\u00e9gance et d\u2019atmosph\u00e8re dans n\u2019importe quelle pi\u00e8ce !","breadcrumb":{"@id":"https:\/\/scandinavischelampen.nl\/fr\/produit\/suspension-scandinave-taupe\/#breadcrumb"},"inLanguage":"fr-FR","potentialAction":[{"@type":"ReadAction","target":["https:\/\/scandinavischelampen.nl\/fr\/produit\/suspension-scandinave-taupe\/"]}]},{"@type":"ImageObject","inLanguage":"fr-FR","@id":"https:\/\/scandinavischelampen.nl\/fr\/produit\/suspension-scandinave-taupe\/#primaryimage","url":"https:\/\/i0.wp.com\/scandinavischelampen.nl\/wp-content\/uploads\/2024\/11\/IMG_3697-4-kopie-scaled.jpg?fit=1920%2C2560&ssl=1","contentUrl":"https:\/\/i0.wp.com\/scandinavischelampen.nl\/wp-content\/uploads\/2024\/11\/IMG_3697-4-kopie-scaled.jpg?fit=1920%2C2560&ssl=1","width":1920,"height":2560,"caption":"Lampe \u00e0 suspension scandinave Taupe"},{"@type":"BreadcrumbList","@id":"https:\/\/scandinavischelampen.nl\/fr\/produit\/suspension-scandinave-taupe\/#breadcrumb","itemListElement":[{"@type":"ListItem","position":1,"name":"Home","item":"https:\/\/scandinavischelampen.nl\/fr\/"},{"@type":"ListItem","position":2,"name":"Boutique","item":"https:\/\/scandinavischelampen.nl\/fr\/boutique\/"},{"@type":"ListItem","position":3,"name":"Lampe \u00e0 suspension scandinave Taupe"}]},{"@type":"WebSite","@id":"https:\/\/scandinavischelampen.nl\/fr\/#website","url":"https:\/\/scandinavischelampen.nl\/fr\/","name":"Scandinavische Lampen","description":"Luminaire design vintage","publisher":{"@id":"https:\/\/scandinavischelampen.nl\/fr\/#organization"},"potentialAction":[{"@type":"SearchAction","target":{"@type":"EntryPoint","urlTemplate":"https:\/\/scandinavischelampen.nl\/fr\/?s={search_term_string}"},"query-input":{"@type":"PropertyValueSpecification","valueRequired":true,"valueName":"search_term_string"}}],"inLanguage":"fr-FR"},{"@type":"Organization","@id":"https:\/\/scandinavischelampen.nl\/fr\/#organization","name":"Scandinavische Lampen","url":"https:\/\/scandinavischelampen.nl\/fr\/","logo":{"@type":"ImageObject","inLanguage":"fr-FR","@id":"https:\/\/scandinavischelampen.nl\/fr\/#\/schema\/logo\/image\/","url":"https:\/\/i0.wp.com\/scandinavischelampen.nl\/wp-content\/uploads\/2023\/07\/cropped-Scandinavische-lampen-logo-oranje-01-scaled.png?fit=4717%2C1570&ssl=1","contentUrl":"https:\/\/i0.wp.com\/scandinavischelampen.nl\/wp-content\/uploads\/2023\/07\/cropped-Scandinavische-lampen-logo-oranje-01-scaled.png?fit=4717%2C1570&ssl=1","width":4717,"height":1570,"caption":"Scandinavische Lampen"},"image":{"@id":"https:\/\/scandinavischelampen.nl\/fr\/#\/schema\/logo\/image\/"},"sameAs":["https:\/\/www.facebook.com\/scandinavischelampen\/","https:\/\/www.instagram.com\/scandinavische_lampen\/"]}]}},"uagb_featured_image_src":{"full":["https:\/\/i0.wp.com\/scandinavischelampen.nl\/wp-content\/uploads\/2024\/11\/IMG_3697-4-kopie-scaled.jpg?fit=1920%2C2560&ssl=1",1920,2560,false],"thumbnail":["https:\/\/i0.wp.com\/scandinavischelampen.nl\/wp-content\/uploads\/2024\/11\/IMG_3697-4-kopie-scaled.jpg?resize=150%2C150&ssl=1",150,150,true],"medium":["https:\/\/i0.wp.com\/scandinavischelampen.nl\/wp-content\/uploads\/2024\/11\/IMG_3697-4-kopie-scaled.jpg?fit=225%2C300&ssl=1",225,300,true],"medium_large":["https:\/\/i0.wp.com\/scandinavischelampen.nl\/wp-content\/uploads\/2024\/11\/IMG_3697-4-kopie-scaled.jpg?fit=768%2C1024&ssl=1",768,1024,true],"large":["https:\/\/i0.wp.com\/scandinavischelampen.nl\/wp-content\/uploads\/2024\/11\/IMG_3697-4-kopie-scaled.jpg?fit=768%2C1024&ssl=1",768,1024,true],"1536x1536":["https:\/\/i0.wp.com\/scandinavischelampen.nl\/wp-content\/uploads\/2024\/11\/IMG_3697-4-kopie-scaled.jpg?fit=1152%2C1536&ssl=1",1152,1536,true],"2048x2048":["https:\/\/i0.wp.com\/scandinavischelampen.nl\/wp-content\/uploads\/2024\/11\/IMG_3697-4-kopie-scaled.jpg?fit=1536%2C2048&ssl=1",1536,2048,true],"woocommerce_thumbnail":["https:\/\/i0.wp.com\/scandinavischelampen.nl\/wp-content\/uploads\/2024\/11\/IMG_3697-4-kopie-scaled.jpg?resize=300%2C300&ssl=1",300,300,true],"woocommerce_single":["https:\/\/i0.wp.com\/scandinavischelampen.nl\/wp-content\/uploads\/2024\/11\/IMG_3697-4-kopie-scaled.jpg?fit=600%2C800&ssl=1",600,800,true],"woocommerce_gallery_thumbnail":["https:\/\/i0.wp.com\/scandinavischelampen.nl\/wp-content\/uploads\/2024\/11\/IMG_3697-4-kopie-scaled.jpg?resize=100%2C100&ssl=1",100,100,true],"thaps-thumb-img":["https:\/\/i0.wp.com\/scandinavischelampen.nl\/wp-content\/uploads\/2024\/11\/IMG_3697-4-kopie-scaled.jpg?resize=48%2C64&ssl=1",48,64,true]},"uagb_author_info":{"display_name":"administrator","author_link":"https:\/\/scandinavischelampen.nl\/fr\/author\/"},"uagb_comment_info":0,"uagb_excerpt":"\u221a Livraison gratuite en Europe d\u00e8s 350 \u20ac \u221a Command\u00e9 avant 16h00? G\u00e9n\u00e9ralement exp\u00e9di\u00e9 le m\u00eame jour \u221a 14 jours de r\u00e9flexion \u221a Convient pour les LED Diam\u00e8tre : 28 cm Hauteur : 18 cm","jetpack_sharing_enabled":true,"_links":{"self":[{"href":"https:\/\/scandinavischelampen.nl\/fr\/wp-json\/wp\/v2\/product\/50605","targetHints":{"allow":["GET"]}}],"collection":[{"href":"https:\/\/scandinavischelampen.nl\/fr\/wp-json\/wp\/v2\/product"}],"about":[{"href":"https:\/\/scandinavischelampen.nl\/fr\/wp-json\/wp\/v2\/types\/product"}],"wp:featuredmedia":[{"embeddable":true,"href":"https:\/\/scandinavischelampen.nl\/fr\/wp-json\/wp\/v2\/media\/50713"}],"wp:attachment":[{"href":"https:\/\/scandinavischelampen.nl\/fr\/wp-json\/wp\/v2\/media?parent=50605"}],"wp:term":[{"taxonomy":"product_brand","embeddable":true,"href":"https:\/\/scandinavischelampen.nl\/fr\/wp-json\/wp\/v2\/product_brand?post=50605"},{"taxonomy":"product_cat","embeddable":true,"href":"https:\/\/scandinavischelampen.nl\/fr\/wp-json\/wp\/v2\/product_cat?post=50605"},{"taxonomy":"product_tag","embeddable":true,"href":"https:\/\/scandinavischelampen.nl\/fr\/wp-json\/wp\/v2\/product_tag?post=50605"}],"curies":[{"name":"wp","href":"https:\/\/api.w.org\/{rel}","templated":true}]}}