{"id":48038,"date":"2024-07-24T09:46:12","date_gmt":"2024-07-24T07:46:12","guid":{"rendered":"https:\/\/scandinavischelampen.nl\/?post_type=product&#038;p=48038"},"modified":"2024-07-26T10:20:58","modified_gmt":"2024-07-26T08:20:58","slug":"lampe-a-suspension-violet-2","status":"publish","type":"product","link":"https:\/\/scandinavischelampen.nl\/fr\/produit\/lampe-a-suspension-violet-2\/","title":{"rendered":"Lampe \u00e0 suspension Design Light mod\u00e8le Riva avec accent violet"},"content":{"rendered":"<h2>Lampe \u00e0 suspension Design Light mod\u00e8le Riva avec accent violet<\/h2>\n<p> Vous cherchez une jolie petite suspension avec un petit accent de couleur violette ? Ne cherchez plus, car nous avons la lampe que vous recherchez !  Cette source lumineuse \u00e9pur\u00e9e est un chef-d&rsquo;\u0153uvre de la fin des ann\u00e9es 90. Fabriqu\u00e9 par la c\u00e9l\u00e8bre marque danoise Design Light et commercialis\u00e9 sous le mod\u00e8le Riva. Cette suspension vintage apporte une touche de classe scandinave \u00e0 votre int\u00e9rieur. Avec sa charmante couleur blanc cr\u00e8me, cette lampe rayonne non seulement de lumi\u00e8re, mais aussi de caract\u00e8re et de style.   Les couches strat\u00e9giquement plac\u00e9es offrent une dispersion ludique de la lumi\u00e8re, vers le bas et sur les c\u00f4t\u00e9s. C\u2019est comme si cette lampe n\u2019\u00e9clairait pas seulement l\u2019espace, mais ajoutait \u00e9galement une touche artistique \u00e0 votre int\u00e9rieur.<br \/>\nN\u2019attendez pas trop longtemps, car nous n\u2019avons qu\u2019une seule lampe en stock.  Faites une d\u00e9claration dans votre maison avec cette pi\u00e8ce intemporelle en provenance du Danemark. Commandez maintenant et laissez votre \u00e9clairage \u00eatre aussi impressionnant que le reste de votre int\u00e9rieur \u00e9l\u00e9gant ! <\/p>\n<h2><span style=\"color: #3366ff;\">Condition Design Lampe<\/span><span style=\"color: #3366ff;\"> suspendue Riva violet<\/span><\/h2>\n<p> La lampe a \u00e9t\u00e9 produite \u00e0 la fin du si\u00e8cle dernier et est en bon \u00e9tat avec de l\u00e9g\u00e8res traces d&rsquo;utilisation ant\u00e9rieure. Le cordon d&rsquo;alimentation a \u00e9t\u00e9 renouvel\u00e9. L&rsquo;autocollant du fabricant est pr\u00e9sent dans la lampe. <\/p>\n<h2><span style=\"color: #3366ff;\"><strong>Les sp\u00e9cifications sont :<\/strong><\/span><\/h2>\n<ul>\n<li>Diameter: 25 cm<\/li>\n<li>Hauteur : 15 cm<\/li>\n<li>M\u00e9tal<\/li>\n<li>Cordon blanc<\/li>\n<li>maximum 60W<\/li>\n<li>Douille E27<\/li>\n<li>Convient aux lampes LED<\/li>\n<li>1,4 kg<\/li>\n<\/ul>\n<h2><span style=\"color: #3366ff;\">\u00c0 propos de Design-Light<\/span><\/h2>\n<p> La soci\u00e9t\u00e9 d&rsquo;\u00e9clairage danoise Design Light, bas\u00e9e \u00e0 Randers, a d\u00e9but\u00e9 dans les ann\u00e9es 1980 avec deux s\u00e9ries principales. Lampes suspendues et murales minimalistes de type OVNI construites \u00e0 partir de combinaisons de mat\u00e9riaux innovantes telles que le plexiglas et le treillis m\u00e9tallique. L&rsquo;autre ligne se compose de suspensions multicouches de haute qualit\u00e9 dans le style moderne danois classique. Design Light a \u00e9galement produit des lampes sous le nom de Dana Light. <strong><a href=\"https:\/\/scandinavischelampen.nl\/product-categorie\/merken\/design-light\/\">Voir notre collection compl\u00e8te de lampes suspendues Design-Light ici<\/a><\/strong><\/p>\n","protected":false},"excerpt":{"rendered":"<p><strong><span style=\"color: #00ff00;\">\u221a<\/span> <span style=\"color: #ff6600;\">Livraison gratuite en Europe<\/span> d\u00e8s 350 \u20ac <\/strong><strong><span style=\"color: #00ff00;\">\u221a<\/span> Command\u00e9 avant <span style=\"color: #ff6600;\">16h00<\/span>? G\u00e9n\u00e9ralement exp\u00e9di\u00e9 le m\u00eame jour <\/strong><strong><span style=\"color: #00ff00;\">\u221a<\/span> <span style=\"color: #ff6600;\">14 jours<\/span> D\u00e9lai de r\u00e9flexion <\/strong><strong><span style=\"color: #00ff00;\">\u221a<\/span> Convient pour <span style=\"color: #ff6600;\">les LED<\/span><\/strong><\/p>\n<ul>\n<li><strong>Diameter: 25 cm<\/strong><\/li>\n<li><strong>Hauteur : 15 cm<\/strong><\/li>\n<\/ul>\n","protected":false},"featured_media":48041,"template":"","meta":{"_uag_custom_page_level_css":"","site-sidebar-layout":"default","site-content-layout":"default","ast-site-content-layout":"default","site-content-style":"default","site-sidebar-style":"default","ast-global-header-display":"","ast-banner-title-visibility":"","ast-main-header-display":"","ast-hfb-above-header-display":"","ast-hfb-below-header-display":"","ast-hfb-mobile-header-display":"","site-post-title":"","ast-breadcrumbs-content":"","ast-featured-img":"","footer-sml-layout":"","ast-disable-related-posts":"","theme-transparent-header-meta":"default","adv-header-id-meta":"","stick-header-meta":"","header-above-stick-meta":"","header-main-stick-meta":"","header-below-stick-meta":"","astra-migrate-meta-layouts":"set","ast-page-background-enabled":"default","ast-page-background-meta":{"desktop":{"background-color":"var(--ast-global-color-4)","background-image":"","background-repeat":"repeat","background-position":"center center","background-size":"auto","background-attachment":"scroll","background-type":"","background-media":"","overlay-type":"","overlay-color":"","overlay-opacity":"","overlay-gradient":""},"tablet":{"background-color":"","background-image":"","background-repeat":"repeat","background-position":"center center","background-size":"auto","background-attachment":"scroll","background-type":"","background-media":"","overlay-type":"","overlay-color":"","overlay-opacity":"","overlay-gradient":""},"mobile":{"background-color":"","background-image":"","background-repeat":"repeat","background-position":"center center","background-size":"auto","background-attachment":"scroll","background-type":"","background-media":"","overlay-type":"","overlay-color":"","overlay-opacity":"","overlay-gradient":""}},"ast-content-background-meta":{"desktop":{"background-color":"var(--ast-global-color-5)","background-image":"","background-repeat":"repeat","background-position":"center center","background-size":"auto","background-attachment":"scroll","background-type":"","background-media":"","overlay-type":"","overlay-color":"","overlay-opacity":"","overlay-gradient":""},"tablet":{"background-color":"var(--ast-global-color-5)","background-image":"","background-repeat":"repeat","background-position":"center center","background-size":"auto","background-attachment":"scroll","background-type":"","background-media":"","overlay-type":"","overlay-color":"","overlay-opacity":"","overlay-gradient":""},"mobile":{"background-color":"var(--ast-global-color-5)","background-image":"","background-repeat":"repeat","background-position":"center center","background-size":"auto","background-attachment":"scroll","background-type":"","background-media":"","overlay-type":"","overlay-color":"","overlay-opacity":"","overlay-gradient":""}}},"product_brand":[],"product_cat":[339,499,353,337,336,338,333,604],"product_tag":[434,403],"class_list":{"0":"post-48038","1":"product","2":"type-product","3":"status-publish","4":"has-post-thumbnail","6":"product_cat-design-light-fr","7":"product_cat-eclairage-de-bureau-fr","8":"product_cat-eclairage-de-couloir","9":"product_cat-eclairage-de-la-chambre","10":"product_cat-eclairage-de-la-cuisine","11":"product_cat-eclairage-du-salon","12":"product_cat-suspensions-scandinaves","13":"product_cat-voir-notre-collection-complete","14":"product_tag-blanc-creme","15":"product_tag-violet","16":"desktop-align-center","17":"tablet-align-left","18":"mobile-align-left","20":"first","21":"instock","22":"taxable","23":"shipping-taxable","24":"purchasable","25":"product-type-simple"},"yoast_head":"<!-- This site is optimized with the Yoast SEO plugin v27.4 - https:\/\/yoast.com\/product\/yoast-seo-wordpress\/ -->\n<title>Lampe \u00e0 suspension Design Light mod\u00e8le Riva avec accent violet<\/title>\n<meta name=\"description\" content=\"Belle lampe \u00e0 suspension Design Light vintage mod\u00e8le Riva blanc cr\u00e8me avec un petit accent violet. La base est un syst\u00e8me multi-\u00e9cran r\u00e9fl\u00e9chissant.\" \/>\n<meta name=\"robots\" content=\"index, follow, max-snippet:-1, max-image-preview:large, max-video-preview:-1\" \/>\n<link rel=\"canonical\" href=\"https:\/\/scandinavischelampen.nl\/fr\/produit\/lampe-a-suspension-violet-2\/\" \/>\n<meta property=\"og:locale\" content=\"fr_FR\" \/>\n<meta property=\"og:type\" content=\"article\" \/>\n<meta property=\"og:title\" content=\"Lampe \u00e0 suspension Design Light mod\u00e8le Riva avec accent violet\" \/>\n<meta property=\"og:description\" content=\"Belle lampe \u00e0 suspension Design Light vintage mod\u00e8le Riva blanc cr\u00e8me avec un petit accent violet. La base est un syst\u00e8me multi-\u00e9cran r\u00e9fl\u00e9chissant.\" \/>\n<meta property=\"og:url\" content=\"https:\/\/scandinavischelampen.nl\/fr\/produit\/lampe-a-suspension-violet-2\/\" \/>\n<meta property=\"og:site_name\" content=\"Lampes Scandinaves\" \/>\n<meta property=\"article:publisher\" content=\"https:\/\/www.facebook.com\/scandinavischelampen\/\" \/>\n<meta property=\"article:modified_time\" content=\"2024-07-26T08:20:58+00:00\" \/>\n<meta property=\"og:image\" content=\"https:\/\/i0.wp.com\/scandinavischelampen.nl\/wp-content\/uploads\/2024\/07\/IMG_1098-3-kopieren-scaled.jpg?fit=1920%2C2560&ssl=1\" \/>\n\t<meta property=\"og:image:width\" content=\"1920\" \/>\n\t<meta property=\"og:image:height\" content=\"2560\" \/>\n\t<meta property=\"og:image:type\" content=\"image\/jpeg\" \/>\n<meta name=\"twitter:card\" content=\"summary_large_image\" \/>\n<meta name=\"twitter:label1\" content=\"Dur\u00e9e de lecture estim\u00e9e\" \/>\n\t<meta name=\"twitter:data1\" content=\"2 minutes\" \/>\n<script type=\"application\/ld+json\" class=\"yoast-schema-graph\">{\"@context\":\"https:\\\/\\\/schema.org\",\"@graph\":[{\"@type\":\"WebPage\",\"@id\":\"https:\\\/\\\/scandinavischelampen.nl\\\/fr\\\/produit\\\/lampe-a-suspension-violet-2\\\/\",\"url\":\"https:\\\/\\\/scandinavischelampen.nl\\\/fr\\\/produit\\\/lampe-a-suspension-violet-2\\\/\",\"name\":\"Lampe \u00e0 suspension Design Light mod\u00e8le Riva avec accent violet\",\"isPartOf\":{\"@id\":\"https:\\\/\\\/scandinavischelampen.nl\\\/fr\\\/#website\"},\"primaryImageOfPage\":{\"@id\":\"https:\\\/\\\/scandinavischelampen.nl\\\/fr\\\/produit\\\/lampe-a-suspension-violet-2\\\/#primaryimage\"},\"image\":{\"@id\":\"https:\\\/\\\/scandinavischelampen.nl\\\/fr\\\/produit\\\/lampe-a-suspension-violet-2\\\/#primaryimage\"},\"thumbnailUrl\":\"https:\\\/\\\/i0.wp.com\\\/scandinavischelampen.nl\\\/wp-content\\\/uploads\\\/2024\\\/07\\\/IMG_1098-3-kopieren-scaled.jpg?fit=1920%2C2560&ssl=1\",\"datePublished\":\"2024-07-24T07:46:12+00:00\",\"dateModified\":\"2024-07-26T08:20:58+00:00\",\"description\":\"Belle lampe \u00e0 suspension Design Light vintage mod\u00e8le Riva blanc cr\u00e8me avec un petit accent violet. La base est un syst\u00e8me multi-\u00e9cran r\u00e9fl\u00e9chissant.\",\"breadcrumb\":{\"@id\":\"https:\\\/\\\/scandinavischelampen.nl\\\/fr\\\/produit\\\/lampe-a-suspension-violet-2\\\/#breadcrumb\"},\"inLanguage\":\"fr-FR\",\"potentialAction\":[{\"@type\":\"ReadAction\",\"target\":[\"https:\\\/\\\/scandinavischelampen.nl\\\/fr\\\/produit\\\/lampe-a-suspension-violet-2\\\/\"]}]},{\"@type\":\"ImageObject\",\"inLanguage\":\"fr-FR\",\"@id\":\"https:\\\/\\\/scandinavischelampen.nl\\\/fr\\\/produit\\\/lampe-a-suspension-violet-2\\\/#primaryimage\",\"url\":\"https:\\\/\\\/i0.wp.com\\\/scandinavischelampen.nl\\\/wp-content\\\/uploads\\\/2024\\\/07\\\/IMG_1098-3-kopieren-scaled.jpg?fit=1920%2C2560&ssl=1\",\"contentUrl\":\"https:\\\/\\\/i0.wp.com\\\/scandinavischelampen.nl\\\/wp-content\\\/uploads\\\/2024\\\/07\\\/IMG_1098-3-kopieren-scaled.jpg?fit=1920%2C2560&ssl=1\",\"width\":1920,\"height\":2560,\"caption\":\"Lampe \u00e0 suspension Design Light mod\u00e8le Riva avec accent violet\"},{\"@type\":\"BreadcrumbList\",\"@id\":\"https:\\\/\\\/scandinavischelampen.nl\\\/fr\\\/produit\\\/lampe-a-suspension-violet-2\\\/#breadcrumb\",\"itemListElement\":[{\"@type\":\"ListItem\",\"position\":1,\"name\":\"Home\",\"item\":\"https:\\\/\\\/scandinavischelampen.nl\\\/fr\\\/\"},{\"@type\":\"ListItem\",\"position\":2,\"name\":\"Boutique\",\"item\":\"https:\\\/\\\/scandinavischelampen.nl\\\/fr\\\/boutique\\\/\"},{\"@type\":\"ListItem\",\"position\":3,\"name\":\"Lampe \u00e0 suspension Design Light mod\u00e8le Riva avec accent violet\"}]},{\"@type\":\"WebSite\",\"@id\":\"https:\\\/\\\/scandinavischelampen.nl\\\/fr\\\/#website\",\"url\":\"https:\\\/\\\/scandinavischelampen.nl\\\/fr\\\/\",\"name\":\"Scandinavische Lampen\",\"description\":\"Luminaire design vintage\",\"publisher\":{\"@id\":\"https:\\\/\\\/scandinavischelampen.nl\\\/fr\\\/#organization\"},\"potentialAction\":[{\"@type\":\"SearchAction\",\"target\":{\"@type\":\"EntryPoint\",\"urlTemplate\":\"https:\\\/\\\/scandinavischelampen.nl\\\/fr\\\/?s={search_term_string}\"},\"query-input\":{\"@type\":\"PropertyValueSpecification\",\"valueRequired\":true,\"valueName\":\"search_term_string\"}}],\"inLanguage\":\"fr-FR\"},{\"@type\":\"Organization\",\"@id\":\"https:\\\/\\\/scandinavischelampen.nl\\\/fr\\\/#organization\",\"name\":\"Scandinavische Lampen\",\"url\":\"https:\\\/\\\/scandinavischelampen.nl\\\/fr\\\/\",\"logo\":{\"@type\":\"ImageObject\",\"inLanguage\":\"fr-FR\",\"@id\":\"https:\\\/\\\/scandinavischelampen.nl\\\/fr\\\/#\\\/schema\\\/logo\\\/image\\\/\",\"url\":\"https:\\\/\\\/i0.wp.com\\\/scandinavischelampen.nl\\\/wp-content\\\/uploads\\\/2023\\\/07\\\/cropped-Scandinavische-lampen-logo-oranje-01-scaled.png?fit=4717%2C1570&ssl=1\",\"contentUrl\":\"https:\\\/\\\/i0.wp.com\\\/scandinavischelampen.nl\\\/wp-content\\\/uploads\\\/2023\\\/07\\\/cropped-Scandinavische-lampen-logo-oranje-01-scaled.png?fit=4717%2C1570&ssl=1\",\"width\":4717,\"height\":1570,\"caption\":\"Scandinavische Lampen\"},\"image\":{\"@id\":\"https:\\\/\\\/scandinavischelampen.nl\\\/fr\\\/#\\\/schema\\\/logo\\\/image\\\/\"},\"sameAs\":[\"https:\\\/\\\/www.facebook.com\\\/scandinavischelampen\\\/\",\"https:\\\/\\\/www.instagram.com\\\/scandinavische_lampen\\\/\"]}]}<\/script>\n<!-- \/ Yoast SEO plugin. -->","yoast_head_json":{"title":"Lampe \u00e0 suspension Design Light mod\u00e8le Riva avec accent violet","description":"Belle lampe \u00e0 suspension Design Light vintage mod\u00e8le Riva blanc cr\u00e8me avec un petit accent violet. La base est un syst\u00e8me multi-\u00e9cran r\u00e9fl\u00e9chissant.","robots":{"index":"index","follow":"follow","max-snippet":"max-snippet:-1","max-image-preview":"max-image-preview:large","max-video-preview":"max-video-preview:-1"},"canonical":"https:\/\/scandinavischelampen.nl\/fr\/produit\/lampe-a-suspension-violet-2\/","og_locale":"fr_FR","og_type":"article","og_title":"Lampe \u00e0 suspension Design Light mod\u00e8le Riva avec accent violet","og_description":"Belle lampe \u00e0 suspension Design Light vintage mod\u00e8le Riva blanc cr\u00e8me avec un petit accent violet. La base est un syst\u00e8me multi-\u00e9cran r\u00e9fl\u00e9chissant.","og_url":"https:\/\/scandinavischelampen.nl\/fr\/produit\/lampe-a-suspension-violet-2\/","og_site_name":"Lampes Scandinaves","article_publisher":"https:\/\/www.facebook.com\/scandinavischelampen\/","article_modified_time":"2024-07-26T08:20:58+00:00","og_image":[{"width":1920,"height":2560,"url":"https:\/\/i0.wp.com\/scandinavischelampen.nl\/wp-content\/uploads\/2024\/07\/IMG_1098-3-kopieren-scaled.jpg?fit=1920%2C2560&ssl=1","type":"image\/jpeg"}],"twitter_card":"summary_large_image","twitter_misc":{"Dur\u00e9e de lecture estim\u00e9e":"2 minutes"},"schema":{"@context":"https:\/\/schema.org","@graph":[{"@type":"WebPage","@id":"https:\/\/scandinavischelampen.nl\/fr\/produit\/lampe-a-suspension-violet-2\/","url":"https:\/\/scandinavischelampen.nl\/fr\/produit\/lampe-a-suspension-violet-2\/","name":"Lampe \u00e0 suspension Design Light mod\u00e8le Riva avec accent violet","isPartOf":{"@id":"https:\/\/scandinavischelampen.nl\/fr\/#website"},"primaryImageOfPage":{"@id":"https:\/\/scandinavischelampen.nl\/fr\/produit\/lampe-a-suspension-violet-2\/#primaryimage"},"image":{"@id":"https:\/\/scandinavischelampen.nl\/fr\/produit\/lampe-a-suspension-violet-2\/#primaryimage"},"thumbnailUrl":"https:\/\/i0.wp.com\/scandinavischelampen.nl\/wp-content\/uploads\/2024\/07\/IMG_1098-3-kopieren-scaled.jpg?fit=1920%2C2560&ssl=1","datePublished":"2024-07-24T07:46:12+00:00","dateModified":"2024-07-26T08:20:58+00:00","description":"Belle lampe \u00e0 suspension Design Light vintage mod\u00e8le Riva blanc cr\u00e8me avec un petit accent violet. La base est un syst\u00e8me multi-\u00e9cran r\u00e9fl\u00e9chissant.","breadcrumb":{"@id":"https:\/\/scandinavischelampen.nl\/fr\/produit\/lampe-a-suspension-violet-2\/#breadcrumb"},"inLanguage":"fr-FR","potentialAction":[{"@type":"ReadAction","target":["https:\/\/scandinavischelampen.nl\/fr\/produit\/lampe-a-suspension-violet-2\/"]}]},{"@type":"ImageObject","inLanguage":"fr-FR","@id":"https:\/\/scandinavischelampen.nl\/fr\/produit\/lampe-a-suspension-violet-2\/#primaryimage","url":"https:\/\/i0.wp.com\/scandinavischelampen.nl\/wp-content\/uploads\/2024\/07\/IMG_1098-3-kopieren-scaled.jpg?fit=1920%2C2560&ssl=1","contentUrl":"https:\/\/i0.wp.com\/scandinavischelampen.nl\/wp-content\/uploads\/2024\/07\/IMG_1098-3-kopieren-scaled.jpg?fit=1920%2C2560&ssl=1","width":1920,"height":2560,"caption":"Lampe \u00e0 suspension Design Light mod\u00e8le Riva avec accent violet"},{"@type":"BreadcrumbList","@id":"https:\/\/scandinavischelampen.nl\/fr\/produit\/lampe-a-suspension-violet-2\/#breadcrumb","itemListElement":[{"@type":"ListItem","position":1,"name":"Home","item":"https:\/\/scandinavischelampen.nl\/fr\/"},{"@type":"ListItem","position":2,"name":"Boutique","item":"https:\/\/scandinavischelampen.nl\/fr\/boutique\/"},{"@type":"ListItem","position":3,"name":"Lampe \u00e0 suspension Design Light mod\u00e8le Riva avec accent violet"}]},{"@type":"WebSite","@id":"https:\/\/scandinavischelampen.nl\/fr\/#website","url":"https:\/\/scandinavischelampen.nl\/fr\/","name":"Scandinavische Lampen","description":"Luminaire design vintage","publisher":{"@id":"https:\/\/scandinavischelampen.nl\/fr\/#organization"},"potentialAction":[{"@type":"SearchAction","target":{"@type":"EntryPoint","urlTemplate":"https:\/\/scandinavischelampen.nl\/fr\/?s={search_term_string}"},"query-input":{"@type":"PropertyValueSpecification","valueRequired":true,"valueName":"search_term_string"}}],"inLanguage":"fr-FR"},{"@type":"Organization","@id":"https:\/\/scandinavischelampen.nl\/fr\/#organization","name":"Scandinavische Lampen","url":"https:\/\/scandinavischelampen.nl\/fr\/","logo":{"@type":"ImageObject","inLanguage":"fr-FR","@id":"https:\/\/scandinavischelampen.nl\/fr\/#\/schema\/logo\/image\/","url":"https:\/\/i0.wp.com\/scandinavischelampen.nl\/wp-content\/uploads\/2023\/07\/cropped-Scandinavische-lampen-logo-oranje-01-scaled.png?fit=4717%2C1570&ssl=1","contentUrl":"https:\/\/i0.wp.com\/scandinavischelampen.nl\/wp-content\/uploads\/2023\/07\/cropped-Scandinavische-lampen-logo-oranje-01-scaled.png?fit=4717%2C1570&ssl=1","width":4717,"height":1570,"caption":"Scandinavische Lampen"},"image":{"@id":"https:\/\/scandinavischelampen.nl\/fr\/#\/schema\/logo\/image\/"},"sameAs":["https:\/\/www.facebook.com\/scandinavischelampen\/","https:\/\/www.instagram.com\/scandinavische_lampen\/"]}]}},"uagb_featured_image_src":{"full":["https:\/\/i0.wp.com\/scandinavischelampen.nl\/wp-content\/uploads\/2024\/07\/IMG_1098-3-kopieren-scaled.jpg?fit=1920%2C2560&ssl=1",1920,2560,false],"thumbnail":["https:\/\/i0.wp.com\/scandinavischelampen.nl\/wp-content\/uploads\/2024\/07\/IMG_1098-3-kopieren-scaled.jpg?resize=150%2C150&ssl=1",150,150,true],"medium":["https:\/\/i0.wp.com\/scandinavischelampen.nl\/wp-content\/uploads\/2024\/07\/IMG_1098-3-kopieren-scaled.jpg?fit=225%2C300&ssl=1",225,300,true],"medium_large":["https:\/\/i0.wp.com\/scandinavischelampen.nl\/wp-content\/uploads\/2024\/07\/IMG_1098-3-kopieren-scaled.jpg?fit=768%2C1024&ssl=1",768,1024,true],"large":["https:\/\/i0.wp.com\/scandinavischelampen.nl\/wp-content\/uploads\/2024\/07\/IMG_1098-3-kopieren-scaled.jpg?fit=768%2C1024&ssl=1",768,1024,true],"1536x1536":["https:\/\/i0.wp.com\/scandinavischelampen.nl\/wp-content\/uploads\/2024\/07\/IMG_1098-3-kopieren-scaled.jpg?fit=1152%2C1536&ssl=1",1152,1536,true],"2048x2048":["https:\/\/i0.wp.com\/scandinavischelampen.nl\/wp-content\/uploads\/2024\/07\/IMG_1098-3-kopieren-scaled.jpg?fit=1536%2C2048&ssl=1",1536,2048,true],"woocommerce_thumbnail":["https:\/\/i0.wp.com\/scandinavischelampen.nl\/wp-content\/uploads\/2024\/07\/IMG_1098-3-kopieren-scaled.jpg?resize=300%2C300&ssl=1",300,300,true],"woocommerce_single":["https:\/\/i0.wp.com\/scandinavischelampen.nl\/wp-content\/uploads\/2024\/07\/IMG_1098-3-kopieren-scaled.jpg?fit=600%2C800&ssl=1",600,800,true],"woocommerce_gallery_thumbnail":["https:\/\/i0.wp.com\/scandinavischelampen.nl\/wp-content\/uploads\/2024\/07\/IMG_1098-3-kopieren-scaled.jpg?resize=100%2C100&ssl=1",100,100,true],"thaps-thumb-img":["https:\/\/i0.wp.com\/scandinavischelampen.nl\/wp-content\/uploads\/2024\/07\/IMG_1098-3-kopieren-scaled.jpg?resize=48%2C64&ssl=1",48,64,true]},"uagb_author_info":{"display_name":"administrator","author_link":"https:\/\/scandinavischelampen.nl\/fr\/author\/"},"uagb_comment_info":0,"uagb_excerpt":"\u221a Livraison gratuite en Europe d\u00e8s 350 \u20ac \u221a Command\u00e9 avant 16h00? G\u00e9n\u00e9ralement exp\u00e9di\u00e9 le m\u00eame jour \u221a 14 jours D\u00e9lai de r\u00e9flexion \u221a Convient pour les LED Diameter: 25 cm Hauteur : 15 cm","jetpack_sharing_enabled":true,"_links":{"self":[{"href":"https:\/\/scandinavischelampen.nl\/fr\/wp-json\/wp\/v2\/product\/48038","targetHints":{"allow":["GET"]}}],"collection":[{"href":"https:\/\/scandinavischelampen.nl\/fr\/wp-json\/wp\/v2\/product"}],"about":[{"href":"https:\/\/scandinavischelampen.nl\/fr\/wp-json\/wp\/v2\/types\/product"}],"wp:featuredmedia":[{"embeddable":true,"href":"https:\/\/scandinavischelampen.nl\/fr\/wp-json\/wp\/v2\/media\/48041"}],"wp:attachment":[{"href":"https:\/\/scandinavischelampen.nl\/fr\/wp-json\/wp\/v2\/media?parent=48038"}],"wp:term":[{"taxonomy":"product_brand","embeddable":true,"href":"https:\/\/scandinavischelampen.nl\/fr\/wp-json\/wp\/v2\/product_brand?post=48038"},{"taxonomy":"product_cat","embeddable":true,"href":"https:\/\/scandinavischelampen.nl\/fr\/wp-json\/wp\/v2\/product_cat?post=48038"},{"taxonomy":"product_tag","embeddable":true,"href":"https:\/\/scandinavischelampen.nl\/fr\/wp-json\/wp\/v2\/product_tag?post=48038"}],"curies":[{"name":"wp","href":"https:\/\/api.w.org\/{rel}","templated":true}]}}