{"id":45280,"date":"2024-06-04T23:16:11","date_gmt":"2024-06-04T21:16:11","guid":{"rendered":"https:\/\/scandinavischelampen.nl\/?post_type=product&#038;p=45280"},"modified":"2024-11-20T09:06:19","modified_gmt":"2024-11-20T08:06:19","slug":"suspension-sand-4","status":"publish","type":"product","link":"https:\/\/scandinavischelampen.nl\/fr\/produit\/suspension-sand-4\/","title":{"rendered":"Suspension Beige Sand Fog og M\u00f8rup Optima"},"content":{"rendered":"<h2 style=\"font-weight: 400;\">Suspension Beige Sand Fog og M\u00f8rup Optima<\/h2>\n<p> Con\u00e7ue par le talentueux Hans Due, cette magnifique suspension Fog og M\u00f8rup Optima apporte une touche de design scandinave \u00e0 votre espace de vie. Fabriqu\u00e9e en acier thermolaqu\u00e9 Beige Sand de haute qualit\u00e9, cette suspension offre non seulement une durabilit\u00e9 mais \u00e9galement un raffinement esth\u00e9tique. Avec ses lignes \u00e9pur\u00e9es et son aspect moderne, la lampe suspendue Optima est le compl\u00e9ment parfait \u00e0 tout int\u00e9rieur. Que vous recherchiez un style minimaliste ou que vous souhaitiez am\u00e9liorer votre espace avec une classe contemporaine, cette lampe s&rsquo;int\u00e9grera sans effort dans n&rsquo;importe quel d\u00e9cor. De plus, il est \u00e9quip\u00e9 d&rsquo;un anneau anti-\u00e9blouissant intelligent, qui assure un \u00e9clairage agr\u00e9able et homog\u00e8ne sans \u00e9blouissement ind\u00e9sirable. A l&rsquo;origine blanche, cette lampe a \u00e9t\u00e9 repeinte par une entreprise sp\u00e9cialis\u00e9e et pr\u00e9sente d\u00e9sormais une couleur Beige Sable moderne. Cela signifie qu&rsquo;il est en excellent \u00e9tat et s&rsquo;int\u00e8gre parfaitement dans un int\u00e9rieur contemporain. Que vous soyez amateur de design scandinave ou que vous recherchiez un \u00e9clairage unique et \u00e9l\u00e9gant pour votre espace de vie, la suspension Fog og M\u00f8rup Optima est un excellent choix. Il offre non seulement un \u00e9clairage fonctionnel, mais aussi un ajout esth\u00e9tique qui \u00e9l\u00e8ve votre int\u00e9rieur \u00e0 un niveau sup\u00e9rieur.         <\/p>\n<h2 style=\"font-weight: 400;\"><strong>Conditions<\/strong><\/h2>\n<p style=\"font-weight: 400;\">Cette lampe a environ 50 ans et est en bon \u00e9tat avec des signes d&rsquo;utilisation ant\u00e9rieure. La lampe est rev\u00eatue de poudre dans un abat-jour moderne. L\u2019anneau sous la lampe est en plastique et n\u2019est donc pas rev\u00eatu de poudre.  L&rsquo;autocollant du fabricant a \u00e9t\u00e9 perdu lors du rev\u00eatement en poudre.<\/p>\n<h2 style=\"font-weight: 400;\"><strong>Caract\u00e9ristiques suspension Beige Sable<\/strong><\/h2>\n<ul>\n<li style=\"font-weight: 400;\">Hauteur : 12 cm<\/li>\n<li style=\"font-weight: 400;\">Diam\u00e8tre : 24 cm<\/li>\n<li style=\"font-weight: 400;\">Mat\u00e9riau : acier<\/li>\n<li style=\"font-weight: 400;\">Couleur du cordon : Blanc<\/li>\n<li style=\"font-weight: 400;\">Puissance maximale : 60W<\/li>\n<li style=\"font-weight: 400;\">Culot: E27<\/li>\n<li style=\"font-weight: 400;\">Convient aux lampes LED<\/li>\n<li style=\"font-weight: 400;\">Poids : 1,6 kg<\/li>\n<\/ul>\n<h2 style=\"font-weight: 400;\"><strong>\u00c0 propos de Fog og Morup<\/strong><\/h2>\n<p> Le voyage de Fog og M\u00f8rup a commenc\u00e9 en 1904 avec une modeste entreprise de gros dans trois petites pi\u00e8ces et un sous-sol \u00e0 Aarhus. Un quart de si\u00e8cle plus tard, cette entreprise \u00e9tait devenue l&rsquo;un des principaux fabricants de lampes du Danemark. En 1906, Ansgar Fog et Erik M\u00f8rup ont fait un geste remarquable en reprenant une entreprise \u00e0 Copenhague sp\u00e9cialis\u00e9e dans les articles d&rsquo;\u00e9clairage au gaz et au p\u00e9trole. Ils ont soigneusement emball\u00e9 tout l&rsquo;entrep\u00f4t de gros d&rsquo;Aarhus et l&rsquo;ont transport\u00e9 \u00e0 Copenhague en train. Ils ont m\u00eame emmen\u00e9 leur seul employ\u00e9, le jeune J\u00f8rgen, lors de ce voyage aventureux. Cependant, J\u00f8rgen a finalement choisi un autre chemin. Un matin, ils ont trouv\u00e9 une note. Il \u00e9tait retourn\u00e9 chez lui \u00e0 Aarhus, \u00ab\u00a0parce qu&rsquo;il ne pouvait pas supporter le d\u00e9sir.\u00a0\u00bb Le commerce des articles d&rsquo;\u00e9clairage prosp\u00e9rait, et l&rsquo;entreprise se d\u00e9veloppait r\u00e9guli\u00e8rement. En 1915, Fog et M\u00f8rup ont d\u00e9cid\u00e9 de cr\u00e9er trois modestes ateliers d\u00e9di\u00e9s \u00e0 la production de lustres. Ces ateliers marquaient les d\u00e9buts de leur propre production de lampes. <a href=\"https:\/\/scandinavischelampen.nl\/product-categorie\/merken\/fog-morup\/\">D\u00e9sormais, explorez notre vaste collection de lampes vintage Fog og M\u00f8rup et laissez-vous enchanter par leur h\u00e9ritage de savoir-faire et de design.<\/a><\/p>\n","protected":false},"excerpt":{"rendered":"<ul>\n<li><strong><span style=\"color: #ff6600;\">Livraison gratuite en Europe<\/span> d\u00e8s 350 \u20ac<\/strong><\/li>\n<li><strong>Command\u00e9 avant <span style=\"color: #ff6600;\">16h<\/span> ? G\u00e9n\u00e9ralement exp\u00e9di\u00e9 le m\u00eame jour<\/strong><\/li>\n<li><strong>D\u00e9lai de r\u00e9flexion de <span style=\"color: #ff6600;\">14 jours<\/span><\/strong><\/li>\n<li><strong>Convient pour <span style=\"color: #ff6600;\">LED et dimmable<\/span><\/strong><\/li>\n<\/ul>\n<ul>\n<li style=\"font-weight: 400;\"><strong>Hauteur : 12 cm<\/strong><\/li>\n<li style=\"font-weight: 400;\"><strong>Diam\u00e8tre : 24 cm<\/strong><\/li>\n<\/ul>\n","protected":false},"featured_media":47076,"template":"","meta":{"_uag_custom_page_level_css":"","site-sidebar-layout":"default","site-content-layout":"default","ast-site-content-layout":"default","site-content-style":"default","site-sidebar-style":"default","ast-global-header-display":"","ast-banner-title-visibility":"","ast-main-header-display":"","ast-hfb-above-header-display":"","ast-hfb-below-header-display":"","ast-hfb-mobile-header-display":"","site-post-title":"","ast-breadcrumbs-content":"","ast-featured-img":"","footer-sml-layout":"","ast-disable-related-posts":"","theme-transparent-header-meta":"default","adv-header-id-meta":"","stick-header-meta":"","header-above-stick-meta":"","header-main-stick-meta":"","header-below-stick-meta":"","astra-migrate-meta-layouts":"set","ast-page-background-enabled":"default","ast-page-background-meta":{"desktop":{"background-color":"var(--ast-global-color-4)","background-image":"","background-repeat":"repeat","background-position":"center center","background-size":"auto","background-attachment":"scroll","background-type":"","background-media":"","overlay-type":"","overlay-color":"","overlay-opacity":"","overlay-gradient":""},"tablet":{"background-color":"","background-image":"","background-repeat":"repeat","background-position":"center center","background-size":"auto","background-attachment":"scroll","background-type":"","background-media":"","overlay-type":"","overlay-color":"","overlay-opacity":"","overlay-gradient":""},"mobile":{"background-color":"","background-image":"","background-repeat":"repeat","background-position":"center center","background-size":"auto","background-attachment":"scroll","background-type":"","background-media":"","overlay-type":"","overlay-color":"","overlay-opacity":"","overlay-gradient":""}},"ast-content-background-meta":{"desktop":{"background-color":"var(--ast-global-color-5)","background-image":"","background-repeat":"repeat","background-position":"center center","background-size":"auto","background-attachment":"scroll","background-type":"","background-media":"","overlay-type":"","overlay-color":"","overlay-opacity":"","overlay-gradient":""},"tablet":{"background-color":"var(--ast-global-color-5)","background-image":"","background-repeat":"repeat","background-position":"center center","background-size":"auto","background-attachment":"scroll","background-type":"","background-media":"","overlay-type":"","overlay-color":"","overlay-opacity":"","overlay-gradient":""},"mobile":{"background-color":"var(--ast-global-color-5)","background-image":"","background-repeat":"repeat","background-position":"center center","background-size":"auto","background-attachment":"scroll","background-type":"","background-media":"","overlay-type":"","overlay-color":"","overlay-opacity":"","overlay-gradient":""}}},"product_brand":[],"product_cat":[499,353,337,336,338,408,333,604],"product_tag":[558,363,902],"class_list":{"0":"post-45280","1":"product","2":"type-product","3":"status-publish","4":"has-post-thumbnail","6":"product_cat-eclairage-de-bureau-fr","7":"product_cat-eclairage-de-couloir","8":"product_cat-eclairage-de-la-chambre","9":"product_cat-eclairage-de-la-cuisine","10":"product_cat-eclairage-du-salon","11":"product_cat-fog-morup-fr","12":"product_cat-suspensions-scandinaves","13":"product_cat-voir-notre-collection-complete","14":"product_tag-beige-fr","15":"product_tag-blanc","16":"product_tag-sable-fr","17":"desktop-align-center","18":"tablet-align-left","19":"mobile-align-left","21":"first","22":"instock","23":"taxable","24":"shipping-taxable","25":"purchasable","26":"product-type-simple"},"yoast_head":"<!-- This site is optimized with the Yoast SEO plugin v27.5 - https:\/\/yoast.com\/product\/yoast-seo-wordpress\/ -->\n<title>Suspension Beige Sand Fog og M\u00f8rup Optima<\/title>\n<meta name=\"description\" content=\"Enrichissez votre int\u00e9rieur avec l\u2019\u00e9l\u00e9gance intemporelle de cette suspension Fog og M\u00f8rup Optima de couleur beige sable, con\u00e7ue par le talentueux Hans Due.\" \/>\n<meta name=\"robots\" content=\"index, follow, max-snippet:-1, max-image-preview:large, max-video-preview:-1\" \/>\n<link rel=\"canonical\" href=\"https:\/\/scandinavischelampen.nl\/fr\/produit\/suspension-sand-4\/\" \/>\n<meta property=\"og:locale\" content=\"fr_FR\" \/>\n<meta property=\"og:type\" content=\"article\" \/>\n<meta property=\"og:title\" content=\"Suspension Beige Sand Fog og M\u00f8rup Optima\" \/>\n<meta property=\"og:description\" content=\"Enrichissez votre int\u00e9rieur avec l\u2019\u00e9l\u00e9gance intemporelle de cette suspension Fog og M\u00f8rup Optima de couleur beige sable, con\u00e7ue par le talentueux Hans Due.\" \/>\n<meta property=\"og:url\" content=\"https:\/\/scandinavischelampen.nl\/fr\/produit\/suspension-sand-4\/\" \/>\n<meta property=\"og:site_name\" content=\"Lampes Scandinaves\" \/>\n<meta property=\"article:publisher\" content=\"https:\/\/www.facebook.com\/scandinavischelampen\/\" \/>\n<meta property=\"article:modified_time\" content=\"2024-11-20T08:06:19+00:00\" \/>\n<meta property=\"og:image\" content=\"https:\/\/i0.wp.com\/scandinavischelampen.nl\/wp-content\/uploads\/2024\/06\/IMG_0099-3-kopieren-scaled.jpg?fit=1920%2C2560&ssl=1\" \/>\n\t<meta property=\"og:image:width\" content=\"1920\" \/>\n\t<meta property=\"og:image:height\" content=\"2560\" \/>\n\t<meta property=\"og:image:type\" content=\"image\/jpeg\" \/>\n<meta name=\"twitter:card\" content=\"summary_large_image\" \/>\n<meta name=\"twitter:label1\" content=\"Dur\u00e9e de lecture estim\u00e9e\" \/>\n\t<meta name=\"twitter:data1\" content=\"3 minutes\" \/>\n<script type=\"application\/ld+json\" class=\"yoast-schema-graph\">{\"@context\":\"https:\\\/\\\/schema.org\",\"@graph\":[{\"@type\":\"WebPage\",\"@id\":\"https:\\\/\\\/scandinavischelampen.nl\\\/fr\\\/produit\\\/suspension-sand-4\\\/\",\"url\":\"https:\\\/\\\/scandinavischelampen.nl\\\/fr\\\/produit\\\/suspension-sand-4\\\/\",\"name\":\"Suspension Beige Sand Fog og M\u00f8rup Optima\",\"isPartOf\":{\"@id\":\"https:\\\/\\\/scandinavischelampen.nl\\\/fr\\\/#website\"},\"primaryImageOfPage\":{\"@id\":\"https:\\\/\\\/scandinavischelampen.nl\\\/fr\\\/produit\\\/suspension-sand-4\\\/#primaryimage\"},\"image\":{\"@id\":\"https:\\\/\\\/scandinavischelampen.nl\\\/fr\\\/produit\\\/suspension-sand-4\\\/#primaryimage\"},\"thumbnailUrl\":\"https:\\\/\\\/i0.wp.com\\\/scandinavischelampen.nl\\\/wp-content\\\/uploads\\\/2024\\\/06\\\/IMG_0099-3-kopieren-scaled.jpg?fit=1920%2C2560&ssl=1\",\"datePublished\":\"2024-06-04T21:16:11+00:00\",\"dateModified\":\"2024-11-20T08:06:19+00:00\",\"description\":\"Enrichissez votre int\u00e9rieur avec l\u2019\u00e9l\u00e9gance intemporelle de cette suspension Fog og M\u00f8rup Optima de couleur beige sable, con\u00e7ue par le talentueux Hans Due.\",\"breadcrumb\":{\"@id\":\"https:\\\/\\\/scandinavischelampen.nl\\\/fr\\\/produit\\\/suspension-sand-4\\\/#breadcrumb\"},\"inLanguage\":\"fr-FR\",\"potentialAction\":[{\"@type\":\"ReadAction\",\"target\":[\"https:\\\/\\\/scandinavischelampen.nl\\\/fr\\\/produit\\\/suspension-sand-4\\\/\"]}]},{\"@type\":\"ImageObject\",\"inLanguage\":\"fr-FR\",\"@id\":\"https:\\\/\\\/scandinavischelampen.nl\\\/fr\\\/produit\\\/suspension-sand-4\\\/#primaryimage\",\"url\":\"https:\\\/\\\/i0.wp.com\\\/scandinavischelampen.nl\\\/wp-content\\\/uploads\\\/2024\\\/06\\\/IMG_0099-3-kopieren-scaled.jpg?fit=1920%2C2560&ssl=1\",\"contentUrl\":\"https:\\\/\\\/i0.wp.com\\\/scandinavischelampen.nl\\\/wp-content\\\/uploads\\\/2024\\\/06\\\/IMG_0099-3-kopieren-scaled.jpg?fit=1920%2C2560&ssl=1\",\"width\":1920,\"height\":2560,\"caption\":\"Lampes suspendues Beige Sand Fog og M\u00f8rup Optima lot de 2\"},{\"@type\":\"BreadcrumbList\",\"@id\":\"https:\\\/\\\/scandinavischelampen.nl\\\/fr\\\/produit\\\/suspension-sand-4\\\/#breadcrumb\",\"itemListElement\":[{\"@type\":\"ListItem\",\"position\":1,\"name\":\"Home\",\"item\":\"https:\\\/\\\/scandinavischelampen.nl\\\/fr\\\/\"},{\"@type\":\"ListItem\",\"position\":2,\"name\":\"Boutique\",\"item\":\"https:\\\/\\\/scandinavischelampen.nl\\\/fr\\\/boutique\\\/\"},{\"@type\":\"ListItem\",\"position\":3,\"name\":\"Suspension Beige Sand Fog og M\u00f8rup Optima\"}]},{\"@type\":\"WebSite\",\"@id\":\"https:\\\/\\\/scandinavischelampen.nl\\\/fr\\\/#website\",\"url\":\"https:\\\/\\\/scandinavischelampen.nl\\\/fr\\\/\",\"name\":\"Scandinavische Lampen\",\"description\":\"Luminaire design vintage\",\"publisher\":{\"@id\":\"https:\\\/\\\/scandinavischelampen.nl\\\/fr\\\/#organization\"},\"potentialAction\":[{\"@type\":\"SearchAction\",\"target\":{\"@type\":\"EntryPoint\",\"urlTemplate\":\"https:\\\/\\\/scandinavischelampen.nl\\\/fr\\\/?s={search_term_string}\"},\"query-input\":{\"@type\":\"PropertyValueSpecification\",\"valueRequired\":true,\"valueName\":\"search_term_string\"}}],\"inLanguage\":\"fr-FR\"},{\"@type\":\"Organization\",\"@id\":\"https:\\\/\\\/scandinavischelampen.nl\\\/fr\\\/#organization\",\"name\":\"Scandinavische Lampen\",\"url\":\"https:\\\/\\\/scandinavischelampen.nl\\\/fr\\\/\",\"logo\":{\"@type\":\"ImageObject\",\"inLanguage\":\"fr-FR\",\"@id\":\"https:\\\/\\\/scandinavischelampen.nl\\\/fr\\\/#\\\/schema\\\/logo\\\/image\\\/\",\"url\":\"https:\\\/\\\/i0.wp.com\\\/scandinavischelampen.nl\\\/wp-content\\\/uploads\\\/2023\\\/07\\\/cropped-Scandinavische-lampen-logo-oranje-01-scaled.png?fit=4717%2C1570&ssl=1\",\"contentUrl\":\"https:\\\/\\\/i0.wp.com\\\/scandinavischelampen.nl\\\/wp-content\\\/uploads\\\/2023\\\/07\\\/cropped-Scandinavische-lampen-logo-oranje-01-scaled.png?fit=4717%2C1570&ssl=1\",\"width\":4717,\"height\":1570,\"caption\":\"Scandinavische Lampen\"},\"image\":{\"@id\":\"https:\\\/\\\/scandinavischelampen.nl\\\/fr\\\/#\\\/schema\\\/logo\\\/image\\\/\"},\"sameAs\":[\"https:\\\/\\\/www.facebook.com\\\/scandinavischelampen\\\/\",\"https:\\\/\\\/www.instagram.com\\\/scandinavische_lampen\\\/\"]}]}<\/script>\n<!-- \/ Yoast SEO plugin. -->","yoast_head_json":{"title":"Suspension Beige Sand Fog og M\u00f8rup Optima","description":"Enrichissez votre int\u00e9rieur avec l\u2019\u00e9l\u00e9gance intemporelle de cette suspension Fog og M\u00f8rup Optima de couleur beige sable, con\u00e7ue par le talentueux Hans Due.","robots":{"index":"index","follow":"follow","max-snippet":"max-snippet:-1","max-image-preview":"max-image-preview:large","max-video-preview":"max-video-preview:-1"},"canonical":"https:\/\/scandinavischelampen.nl\/fr\/produit\/suspension-sand-4\/","og_locale":"fr_FR","og_type":"article","og_title":"Suspension Beige Sand Fog og M\u00f8rup Optima","og_description":"Enrichissez votre int\u00e9rieur avec l\u2019\u00e9l\u00e9gance intemporelle de cette suspension Fog og M\u00f8rup Optima de couleur beige sable, con\u00e7ue par le talentueux Hans Due.","og_url":"https:\/\/scandinavischelampen.nl\/fr\/produit\/suspension-sand-4\/","og_site_name":"Lampes Scandinaves","article_publisher":"https:\/\/www.facebook.com\/scandinavischelampen\/","article_modified_time":"2024-11-20T08:06:19+00:00","og_image":[{"width":1920,"height":2560,"url":"https:\/\/i0.wp.com\/scandinavischelampen.nl\/wp-content\/uploads\/2024\/06\/IMG_0099-3-kopieren-scaled.jpg?fit=1920%2C2560&ssl=1","type":"image\/jpeg"}],"twitter_card":"summary_large_image","twitter_misc":{"Dur\u00e9e de lecture estim\u00e9e":"3 minutes"},"schema":{"@context":"https:\/\/schema.org","@graph":[{"@type":"WebPage","@id":"https:\/\/scandinavischelampen.nl\/fr\/produit\/suspension-sand-4\/","url":"https:\/\/scandinavischelampen.nl\/fr\/produit\/suspension-sand-4\/","name":"Suspension Beige Sand Fog og M\u00f8rup Optima","isPartOf":{"@id":"https:\/\/scandinavischelampen.nl\/fr\/#website"},"primaryImageOfPage":{"@id":"https:\/\/scandinavischelampen.nl\/fr\/produit\/suspension-sand-4\/#primaryimage"},"image":{"@id":"https:\/\/scandinavischelampen.nl\/fr\/produit\/suspension-sand-4\/#primaryimage"},"thumbnailUrl":"https:\/\/i0.wp.com\/scandinavischelampen.nl\/wp-content\/uploads\/2024\/06\/IMG_0099-3-kopieren-scaled.jpg?fit=1920%2C2560&ssl=1","datePublished":"2024-06-04T21:16:11+00:00","dateModified":"2024-11-20T08:06:19+00:00","description":"Enrichissez votre int\u00e9rieur avec l\u2019\u00e9l\u00e9gance intemporelle de cette suspension Fog og M\u00f8rup Optima de couleur beige sable, con\u00e7ue par le talentueux Hans Due.","breadcrumb":{"@id":"https:\/\/scandinavischelampen.nl\/fr\/produit\/suspension-sand-4\/#breadcrumb"},"inLanguage":"fr-FR","potentialAction":[{"@type":"ReadAction","target":["https:\/\/scandinavischelampen.nl\/fr\/produit\/suspension-sand-4\/"]}]},{"@type":"ImageObject","inLanguage":"fr-FR","@id":"https:\/\/scandinavischelampen.nl\/fr\/produit\/suspension-sand-4\/#primaryimage","url":"https:\/\/i0.wp.com\/scandinavischelampen.nl\/wp-content\/uploads\/2024\/06\/IMG_0099-3-kopieren-scaled.jpg?fit=1920%2C2560&ssl=1","contentUrl":"https:\/\/i0.wp.com\/scandinavischelampen.nl\/wp-content\/uploads\/2024\/06\/IMG_0099-3-kopieren-scaled.jpg?fit=1920%2C2560&ssl=1","width":1920,"height":2560,"caption":"Lampes suspendues Beige Sand Fog og M\u00f8rup Optima lot de 2"},{"@type":"BreadcrumbList","@id":"https:\/\/scandinavischelampen.nl\/fr\/produit\/suspension-sand-4\/#breadcrumb","itemListElement":[{"@type":"ListItem","position":1,"name":"Home","item":"https:\/\/scandinavischelampen.nl\/fr\/"},{"@type":"ListItem","position":2,"name":"Boutique","item":"https:\/\/scandinavischelampen.nl\/fr\/boutique\/"},{"@type":"ListItem","position":3,"name":"Suspension Beige Sand Fog og M\u00f8rup Optima"}]},{"@type":"WebSite","@id":"https:\/\/scandinavischelampen.nl\/fr\/#website","url":"https:\/\/scandinavischelampen.nl\/fr\/","name":"Scandinavische Lampen","description":"Luminaire design vintage","publisher":{"@id":"https:\/\/scandinavischelampen.nl\/fr\/#organization"},"potentialAction":[{"@type":"SearchAction","target":{"@type":"EntryPoint","urlTemplate":"https:\/\/scandinavischelampen.nl\/fr\/?s={search_term_string}"},"query-input":{"@type":"PropertyValueSpecification","valueRequired":true,"valueName":"search_term_string"}}],"inLanguage":"fr-FR"},{"@type":"Organization","@id":"https:\/\/scandinavischelampen.nl\/fr\/#organization","name":"Scandinavische Lampen","url":"https:\/\/scandinavischelampen.nl\/fr\/","logo":{"@type":"ImageObject","inLanguage":"fr-FR","@id":"https:\/\/scandinavischelampen.nl\/fr\/#\/schema\/logo\/image\/","url":"https:\/\/i0.wp.com\/scandinavischelampen.nl\/wp-content\/uploads\/2023\/07\/cropped-Scandinavische-lampen-logo-oranje-01-scaled.png?fit=4717%2C1570&ssl=1","contentUrl":"https:\/\/i0.wp.com\/scandinavischelampen.nl\/wp-content\/uploads\/2023\/07\/cropped-Scandinavische-lampen-logo-oranje-01-scaled.png?fit=4717%2C1570&ssl=1","width":4717,"height":1570,"caption":"Scandinavische Lampen"},"image":{"@id":"https:\/\/scandinavischelampen.nl\/fr\/#\/schema\/logo\/image\/"},"sameAs":["https:\/\/www.facebook.com\/scandinavischelampen\/","https:\/\/www.instagram.com\/scandinavische_lampen\/"]}]}},"uagb_featured_image_src":{"full":["https:\/\/i0.wp.com\/scandinavischelampen.nl\/wp-content\/uploads\/2024\/06\/IMG_0099-3-kopieren-scaled.jpg?fit=1920%2C2560&ssl=1",1920,2560,false],"thumbnail":["https:\/\/i0.wp.com\/scandinavischelampen.nl\/wp-content\/uploads\/2024\/06\/IMG_0099-3-kopieren-scaled.jpg?resize=150%2C150&ssl=1",150,150,true],"medium":["https:\/\/i0.wp.com\/scandinavischelampen.nl\/wp-content\/uploads\/2024\/06\/IMG_0099-3-kopieren-scaled.jpg?fit=225%2C300&ssl=1",225,300,true],"medium_large":["https:\/\/i0.wp.com\/scandinavischelampen.nl\/wp-content\/uploads\/2024\/06\/IMG_0099-3-kopieren-scaled.jpg?fit=768%2C1024&ssl=1",768,1024,true],"large":["https:\/\/i0.wp.com\/scandinavischelampen.nl\/wp-content\/uploads\/2024\/06\/IMG_0099-3-kopieren-scaled.jpg?fit=768%2C1024&ssl=1",768,1024,true],"1536x1536":["https:\/\/i0.wp.com\/scandinavischelampen.nl\/wp-content\/uploads\/2024\/06\/IMG_0099-3-kopieren-scaled.jpg?fit=1152%2C1536&ssl=1",1152,1536,true],"2048x2048":["https:\/\/i0.wp.com\/scandinavischelampen.nl\/wp-content\/uploads\/2024\/06\/IMG_0099-3-kopieren-scaled.jpg?fit=1536%2C2048&ssl=1",1536,2048,true],"woocommerce_thumbnail":["https:\/\/i0.wp.com\/scandinavischelampen.nl\/wp-content\/uploads\/2024\/06\/IMG_0099-3-kopieren-scaled.jpg?resize=300%2C300&ssl=1",300,300,true],"woocommerce_single":["https:\/\/i0.wp.com\/scandinavischelampen.nl\/wp-content\/uploads\/2024\/06\/IMG_0099-3-kopieren-scaled.jpg?fit=600%2C800&ssl=1",600,800,true],"woocommerce_gallery_thumbnail":["https:\/\/i0.wp.com\/scandinavischelampen.nl\/wp-content\/uploads\/2024\/06\/IMG_0099-3-kopieren-scaled.jpg?resize=100%2C100&ssl=1",100,100,true],"thaps-thumb-img":["https:\/\/i0.wp.com\/scandinavischelampen.nl\/wp-content\/uploads\/2024\/06\/IMG_0099-3-kopieren-scaled.jpg?resize=48%2C64&ssl=1",48,64,true]},"uagb_author_info":{"display_name":"administrator","author_link":"https:\/\/scandinavischelampen.nl\/fr\/author\/"},"uagb_comment_info":0,"uagb_excerpt":"Livraison gratuite en Europe d\u00e8s 350 \u20ac Command\u00e9 avant 16h ? G\u00e9n\u00e9ralement exp\u00e9di\u00e9 le m\u00eame jour D\u00e9lai de r\u00e9flexion de 14 jours Convient pour LED et dimmable Hauteur : 12 cm Diam\u00e8tre : 24 cm","jetpack_sharing_enabled":true,"_links":{"self":[{"href":"https:\/\/scandinavischelampen.nl\/fr\/wp-json\/wp\/v2\/product\/45280","targetHints":{"allow":["GET"]}}],"collection":[{"href":"https:\/\/scandinavischelampen.nl\/fr\/wp-json\/wp\/v2\/product"}],"about":[{"href":"https:\/\/scandinavischelampen.nl\/fr\/wp-json\/wp\/v2\/types\/product"}],"wp:featuredmedia":[{"embeddable":true,"href":"https:\/\/scandinavischelampen.nl\/fr\/wp-json\/wp\/v2\/media\/47076"}],"wp:attachment":[{"href":"https:\/\/scandinavischelampen.nl\/fr\/wp-json\/wp\/v2\/media?parent=45280"}],"wp:term":[{"taxonomy":"product_brand","embeddable":true,"href":"https:\/\/scandinavischelampen.nl\/fr\/wp-json\/wp\/v2\/product_brand?post=45280"},{"taxonomy":"product_cat","embeddable":true,"href":"https:\/\/scandinavischelampen.nl\/fr\/wp-json\/wp\/v2\/product_cat?post=45280"},{"taxonomy":"product_tag","embeddable":true,"href":"https:\/\/scandinavischelampen.nl\/fr\/wp-json\/wp\/v2\/product_tag?post=45280"}],"curies":[{"name":"wp","href":"https:\/\/api.w.org\/{rel}","templated":true}]}}