{"id":44549,"date":"2024-04-24T10:07:16","date_gmt":"2024-04-24T08:07:16","guid":{"rendered":"https:\/\/scandinavischelampen.nl\/?post_type=product&#038;p=44549"},"modified":"2024-06-02T10:54:12","modified_gmt":"2024-06-02T08:54:12","slug":"ensemble-de-lampes-suspendues-vintage","status":"publish","type":"product","link":"https:\/\/scandinavischelampen.nl\/fr\/produit\/ensemble-de-lampes-suspendues-vintage\/","title":{"rendered":"Ensemble de lampes suspendues vintage de Lanterna Danica"},"content":{"rendered":"<h3>Ensemble de lampes suspendues vintage de Lanterna Danica<\/h3>\n<p>Plongez dans un monde d&rsquo;\u00e9l\u00e9gance intemporelle avec cet ensemble de lampes suspendues vintage de Lanterna Danica. Un chef-d&rsquo;\u0153uvre de design et de savoir-faire qui \u00e9l\u00e8ve chaque espace \u00e0 un niveau de raffinement absolu. Le design classique, mais contemporain, adopte l&rsquo;esth\u00e9tique d&rsquo;une \u00e9poque r\u00e9volue, permettant \u00e0 ces lampes suspendues vintage de s&rsquo;int\u00e9grer harmonieusement \u00e0 tout style d&rsquo;int\u00e9rieur.<\/p>\n<p>Laissez-vous s\u00e9duire par la diffusion de lumi\u00e8re sublime de ces lampes, gr\u00e2ce \u00e0 leur conception ing\u00e9nieuse \u00e0 plusieurs niveaux. Profitez d&rsquo;un \u00e9quilibre harmonieux entre un \u00e9clairage d&rsquo;ambiance et un confort pratique, sans \u00e9blouissement g\u00eanant. Qu&rsquo;elles soient suspendues au-dessus d&rsquo;une table \u00e0 manger ou dans une cuisine, cet ensemble de lampes suspendues Lanterna Danica s&rsquo;adapte sans effort \u00e0 vos besoins.<\/p>\n<p>Offrez \u00e0 votre int\u00e9rieur une mise \u00e0 niveau intemporelle avec ces lampes suspendues uniques et laissez l&rsquo;espace rayonner de leur pr\u00e9sence charmante. Exp\u00e9rimentez l&rsquo;\u00e9clairage \u00e0 son meilleur avec nos lampes suspendues Lanterna Danica \u2013 de v\u00e9ritables pi\u00e8ces de collection qui r\u00e9sistent \u00e0 l&rsquo;\u00e9preuve du temps et transforment chaque pi\u00e8ce en une oasis de style et de chaleur.<\/p>\n<h3>\u00c9tat de l&rsquo;ensemble de lampes suspendues vintage<\/h3>\n<p style=\"font-weight: 400;\">Ce charmant ensemble de deux lampes suspendues a \u00e9t\u00e9 produit vers les ann\u00e9es 80. Les deux lampes sont en bon \u00e9tat avec de l\u00e9gers signes d&rsquo;utilisation ant\u00e9rieure. L&rsquo;\u00e9lectricit\u00e9 a \u00e9t\u00e9 renouvel\u00e9e, et les lampes sont \u00e9quip\u00e9es d&rsquo;un cordon noir. Vous pr\u00e9f\u00e9rez un cordon blanc ? Pas de probl\u00e8me, mentionnez-le lors de votre commande et nous l&rsquo;adapterons pour vous sans frais suppl\u00e9mentaires.<\/p>\n<h3 style=\"font-weight: 400;\"><strong>Sp\u00e9cifications de l&rsquo;ensemble de lampes suspendues vintage<\/strong><\/h3>\n<ul>\n<li style=\"font-weight: 400;\"><span style=\"color: #000000;\">Diameter: 25 cm<\/span><\/li>\n<li style=\"font-weight: 400;\"><span style=\"color: #000000;\">Hauteur : 13 cm<\/span><\/li>\n<li style=\"font-weight: 400;\"><span style=\"color: #000000;\">Longueur du cordon : 100 cm<\/span><\/li>\n<li style=\"font-weight: 400;\"><span style=\"color: #000000;\">Mat\u00e9riau : acier<\/span><\/li>\n<li style=\"font-weight: 400;\"><span style=\"color: #000000;\">Cordon de couleur : noir<\/span><\/li>\n<li style=\"font-weight: 400;\"><span style=\"color: #000000;\">Puissance maximale : 60W<\/span><\/li>\n<li style=\"font-weight: 400;\"><span style=\"color: #000000;\">Culot: E27<\/span><\/li>\n<li style=\"font-weight: 400;\"><span style=\"color: #000000;\">Convient aux lampes LED<\/span><\/li>\n<li style=\"font-weight: 400;\"><span style=\"color: #000000;\">Poids : 2,5 kg<\/span><\/li>\n<\/ul>\n<h2 style=\"font-weight: 400;\">\u00c0 propos de Lanterna Danica et Jurgen Buchwald<\/h2>\n<p>Lanterna Danica, fond\u00e9e au Danemark, a une riche histoire dans la conception et la fabrication de magnifiques solutions d&rsquo;\u00e9clairage. Depuis sa cr\u00e9ation, cette entreprise s&rsquo;est consacr\u00e9e \u00e0 la cr\u00e9ation de lustres \u00e0 la fois fonctionnels et esth\u00e9tiquement attrayants. Avec un h\u00e9ritage remontant \u00e0 de nombreuses d\u00e9cennies, Lanterna Danica reste un nom de confiance dans le monde de l&rsquo;\u00e9clairage et du design, en continuant la tradition de conception danoise et en pla\u00e7ant l&rsquo;innovation au premier plan. Les lustres de Lanterne Danica incarnent les principes de design scandinaves de simplicit\u00e9, de fonctionnalit\u00e9 et de beaut\u00e9 intemporelle, ce qui en fait un choix recherch\u00e9 par les amateurs d&rsquo;\u00e9clairage de haute qualit\u00e9 du monde entier.<\/p>\n<p>&nbsp;<\/p>\n<p style=\"font-weight: 400;\">\n","protected":false},"excerpt":{"rendered":"<p><strong><span style=\"color: #00ff00;\">\u221a<\/span> <span style=\"color: #ff6600;\">Livraison gratuite en Europe d\u00e8s 350 \u20ac<\/span><br \/>\n<\/strong><strong><span style=\"color: #00ff00;\">\u221a<\/span> Command\u00e9 avant <span style=\"color: #ff6600;\">16h00<\/span>? G\u00e9n\u00e9ralement exp\u00e9di\u00e9 le m\u00eame jour<br \/>\n<\/strong><strong><span style=\"color: #00ff00;\">\u221a<\/span> <span style=\"color: #ff6600;\">14 jours<\/span> de r\u00e9flexion<br \/>\n<\/strong><strong><span style=\"color: #00ff00;\">\u221a<\/span> Convient pour les <span style=\"color: #ff6600;\">LED<\/span><\/strong><\/p>\n<ul>\n<li style=\"font-weight: 400;\"><strong><span style=\"color: #000000;\">Diameter: 25 cm<\/span><\/strong><\/li>\n<li style=\"font-weight: 400;\"><strong><span style=\"color: #000000;\">Hauteur : 13 cm<\/span><\/strong><\/li>\n<\/ul>\n","protected":false},"featured_media":44619,"template":"","meta":{"_uag_custom_page_level_css":"","site-sidebar-layout":"default","site-content-layout":"default","ast-site-content-layout":"default","site-content-style":"default","site-sidebar-style":"default","ast-global-header-display":"","ast-banner-title-visibility":"","ast-main-header-display":"","ast-hfb-above-header-display":"","ast-hfb-below-header-display":"","ast-hfb-mobile-header-display":"","site-post-title":"","ast-breadcrumbs-content":"","ast-featured-img":"","footer-sml-layout":"","ast-disable-related-posts":"","theme-transparent-header-meta":"default","adv-header-id-meta":"","stick-header-meta":"","header-above-stick-meta":"","header-main-stick-meta":"","header-below-stick-meta":"","astra-migrate-meta-layouts":"set","ast-page-background-enabled":"default","ast-page-background-meta":{"desktop":{"background-color":"var(--ast-global-color-4)","background-image":"","background-repeat":"repeat","background-position":"center center","background-size":"auto","background-attachment":"scroll","background-type":"","background-media":"","overlay-type":"","overlay-color":"","overlay-opacity":"","overlay-gradient":""},"tablet":{"background-color":"","background-image":"","background-repeat":"repeat","background-position":"center center","background-size":"auto","background-attachment":"scroll","background-type":"","background-media":"","overlay-type":"","overlay-color":"","overlay-opacity":"","overlay-gradient":""},"mobile":{"background-color":"","background-image":"","background-repeat":"repeat","background-position":"center center","background-size":"auto","background-attachment":"scroll","background-type":"","background-media":"","overlay-type":"","overlay-color":"","overlay-opacity":"","overlay-gradient":""}},"ast-content-background-meta":{"desktop":{"background-color":"var(--ast-global-color-5)","background-image":"","background-repeat":"repeat","background-position":"center center","background-size":"auto","background-attachment":"scroll","background-type":"","background-media":"","overlay-type":"","overlay-color":"","overlay-opacity":"","overlay-gradient":""},"tablet":{"background-color":"var(--ast-global-color-5)","background-image":"","background-repeat":"repeat","background-position":"center center","background-size":"auto","background-attachment":"scroll","background-type":"","background-media":"","overlay-type":"","overlay-color":"","overlay-opacity":"","overlay-gradient":""},"mobile":{"background-color":"var(--ast-global-color-5)","background-image":"","background-repeat":"repeat","background-position":"center center","background-size":"auto","background-attachment":"scroll","background-type":"","background-media":"","overlay-type":"","overlay-color":"","overlay-opacity":"","overlay-gradient":""}}},"product_brand":[],"product_cat":[364,337,336,338,333,335,604],"product_tag":[363],"class_list":{"0":"post-44549","1":"product","2":"type-product","3":"status-publish","4":"has-post-thumbnail","6":"product_cat-duos-de-lampes","7":"product_cat-eclairage-de-la-chambre","8":"product_cat-eclairage-de-la-cuisine","9":"product_cat-eclairage-du-salon","10":"product_cat-suspensions-scandinaves","11":"product_cat-suspensions-pour-table-a-manger","12":"product_cat-voir-notre-collection-complete","13":"product_tag-blanc","14":"desktop-align-center","15":"tablet-align-left","16":"mobile-align-left","18":"first","19":"instock","20":"taxable","21":"shipping-taxable","22":"purchasable","23":"product-type-simple"},"yoast_head":"<!-- This site is optimized with the Yoast SEO plugin v27.4 - https:\/\/yoast.com\/product\/yoast-seo-wordpress\/ -->\n<title>Ensemble de lampes suspendues vintage de Lanterna Danica<\/title>\n<meta name=\"description\" content=\"D\u00e9couvrez cet ensemble de lampes suspendues vintage de Lanterna Danica, con\u00e7u par Jurgen Buchwald. Un m\u00e9lange parfait de style et de fonctionnalit\u00e9 pour votre int\u00e9rieur.\" \/>\n<meta name=\"robots\" content=\"index, follow, max-snippet:-1, max-image-preview:large, max-video-preview:-1\" \/>\n<link rel=\"canonical\" href=\"https:\/\/scandinavischelampen.nl\/fr\/produit\/ensemble-de-lampes-suspendues-vintage\/\" \/>\n<meta property=\"og:locale\" content=\"fr_FR\" \/>\n<meta property=\"og:type\" content=\"article\" \/>\n<meta property=\"og:title\" content=\"Ensemble de lampes suspendues vintage de Lanterna Danica\" \/>\n<meta property=\"og:description\" content=\"D\u00e9couvrez cet ensemble de lampes suspendues vintage de Lanterna Danica, con\u00e7u par Jurgen Buchwald. Un m\u00e9lange parfait de style et de fonctionnalit\u00e9 pour votre int\u00e9rieur.\" \/>\n<meta property=\"og:url\" content=\"https:\/\/scandinavischelampen.nl\/fr\/produit\/ensemble-de-lampes-suspendues-vintage\/\" \/>\n<meta property=\"og:site_name\" content=\"Lampes Scandinaves\" \/>\n<meta property=\"article:publisher\" content=\"https:\/\/www.facebook.com\/scandinavischelampen\/\" \/>\n<meta property=\"article:modified_time\" content=\"2024-06-02T08:54:12+00:00\" \/>\n<meta property=\"og:image\" content=\"https:\/\/i0.wp.com\/scandinavischelampen.nl\/wp-content\/uploads\/2024\/04\/IMG_8294-2-kopieren-scaled.jpg?fit=1920%2C2560&ssl=1\" \/>\n\t<meta property=\"og:image:width\" content=\"1920\" \/>\n\t<meta property=\"og:image:height\" content=\"2560\" \/>\n\t<meta property=\"og:image:type\" content=\"image\/jpeg\" \/>\n<meta name=\"twitter:card\" content=\"summary_large_image\" \/>\n<meta name=\"twitter:label1\" content=\"Dur\u00e9e de lecture estim\u00e9e\" \/>\n\t<meta name=\"twitter:data1\" content=\"3 minutes\" \/>\n<script type=\"application\/ld+json\" class=\"yoast-schema-graph\">{\"@context\":\"https:\\\/\\\/schema.org\",\"@graph\":[{\"@type\":\"WebPage\",\"@id\":\"https:\\\/\\\/scandinavischelampen.nl\\\/fr\\\/produit\\\/ensemble-de-lampes-suspendues-vintage\\\/\",\"url\":\"https:\\\/\\\/scandinavischelampen.nl\\\/fr\\\/produit\\\/ensemble-de-lampes-suspendues-vintage\\\/\",\"name\":\"Ensemble de lampes suspendues vintage de Lanterna Danica\",\"isPartOf\":{\"@id\":\"https:\\\/\\\/scandinavischelampen.nl\\\/fr\\\/#website\"},\"primaryImageOfPage\":{\"@id\":\"https:\\\/\\\/scandinavischelampen.nl\\\/fr\\\/produit\\\/ensemble-de-lampes-suspendues-vintage\\\/#primaryimage\"},\"image\":{\"@id\":\"https:\\\/\\\/scandinavischelampen.nl\\\/fr\\\/produit\\\/ensemble-de-lampes-suspendues-vintage\\\/#primaryimage\"},\"thumbnailUrl\":\"https:\\\/\\\/i0.wp.com\\\/scandinavischelampen.nl\\\/wp-content\\\/uploads\\\/2024\\\/04\\\/IMG_8294-2-kopieren-scaled.jpg?fit=1920%2C2560&ssl=1\",\"datePublished\":\"2024-04-24T08:07:16+00:00\",\"dateModified\":\"2024-06-02T08:54:12+00:00\",\"description\":\"D\u00e9couvrez cet ensemble de lampes suspendues vintage de Lanterna Danica, con\u00e7u par Jurgen Buchwald. Un m\u00e9lange parfait de style et de fonctionnalit\u00e9 pour votre int\u00e9rieur.\",\"breadcrumb\":{\"@id\":\"https:\\\/\\\/scandinavischelampen.nl\\\/fr\\\/produit\\\/ensemble-de-lampes-suspendues-vintage\\\/#breadcrumb\"},\"inLanguage\":\"fr-FR\",\"potentialAction\":[{\"@type\":\"ReadAction\",\"target\":[\"https:\\\/\\\/scandinavischelampen.nl\\\/fr\\\/produit\\\/ensemble-de-lampes-suspendues-vintage\\\/\"]}]},{\"@type\":\"ImageObject\",\"inLanguage\":\"fr-FR\",\"@id\":\"https:\\\/\\\/scandinavischelampen.nl\\\/fr\\\/produit\\\/ensemble-de-lampes-suspendues-vintage\\\/#primaryimage\",\"url\":\"https:\\\/\\\/i0.wp.com\\\/scandinavischelampen.nl\\\/wp-content\\\/uploads\\\/2024\\\/04\\\/IMG_8294-2-kopieren-scaled.jpg?fit=1920%2C2560&ssl=1\",\"contentUrl\":\"https:\\\/\\\/i0.wp.com\\\/scandinavischelampen.nl\\\/wp-content\\\/uploads\\\/2024\\\/04\\\/IMG_8294-2-kopieren-scaled.jpg?fit=1920%2C2560&ssl=1\",\"width\":1920,\"height\":2560,\"caption\":\"Ensemble de lampes suspendues vintage de Lanterna Danica\"},{\"@type\":\"BreadcrumbList\",\"@id\":\"https:\\\/\\\/scandinavischelampen.nl\\\/fr\\\/produit\\\/ensemble-de-lampes-suspendues-vintage\\\/#breadcrumb\",\"itemListElement\":[{\"@type\":\"ListItem\",\"position\":1,\"name\":\"Home\",\"item\":\"https:\\\/\\\/scandinavischelampen.nl\\\/fr\\\/\"},{\"@type\":\"ListItem\",\"position\":2,\"name\":\"Boutique\",\"item\":\"https:\\\/\\\/scandinavischelampen.nl\\\/fr\\\/boutique\\\/\"},{\"@type\":\"ListItem\",\"position\":3,\"name\":\"Ensemble de lampes suspendues vintage de Lanterna Danica\"}]},{\"@type\":\"WebSite\",\"@id\":\"https:\\\/\\\/scandinavischelampen.nl\\\/fr\\\/#website\",\"url\":\"https:\\\/\\\/scandinavischelampen.nl\\\/fr\\\/\",\"name\":\"Scandinavische Lampen\",\"description\":\"Luminaire design vintage\",\"publisher\":{\"@id\":\"https:\\\/\\\/scandinavischelampen.nl\\\/fr\\\/#organization\"},\"potentialAction\":[{\"@type\":\"SearchAction\",\"target\":{\"@type\":\"EntryPoint\",\"urlTemplate\":\"https:\\\/\\\/scandinavischelampen.nl\\\/fr\\\/?s={search_term_string}\"},\"query-input\":{\"@type\":\"PropertyValueSpecification\",\"valueRequired\":true,\"valueName\":\"search_term_string\"}}],\"inLanguage\":\"fr-FR\"},{\"@type\":\"Organization\",\"@id\":\"https:\\\/\\\/scandinavischelampen.nl\\\/fr\\\/#organization\",\"name\":\"Scandinavische Lampen\",\"url\":\"https:\\\/\\\/scandinavischelampen.nl\\\/fr\\\/\",\"logo\":{\"@type\":\"ImageObject\",\"inLanguage\":\"fr-FR\",\"@id\":\"https:\\\/\\\/scandinavischelampen.nl\\\/fr\\\/#\\\/schema\\\/logo\\\/image\\\/\",\"url\":\"https:\\\/\\\/i0.wp.com\\\/scandinavischelampen.nl\\\/wp-content\\\/uploads\\\/2023\\\/07\\\/cropped-Scandinavische-lampen-logo-oranje-01-scaled.png?fit=4717%2C1570&ssl=1\",\"contentUrl\":\"https:\\\/\\\/i0.wp.com\\\/scandinavischelampen.nl\\\/wp-content\\\/uploads\\\/2023\\\/07\\\/cropped-Scandinavische-lampen-logo-oranje-01-scaled.png?fit=4717%2C1570&ssl=1\",\"width\":4717,\"height\":1570,\"caption\":\"Scandinavische Lampen\"},\"image\":{\"@id\":\"https:\\\/\\\/scandinavischelampen.nl\\\/fr\\\/#\\\/schema\\\/logo\\\/image\\\/\"},\"sameAs\":[\"https:\\\/\\\/www.facebook.com\\\/scandinavischelampen\\\/\",\"https:\\\/\\\/www.instagram.com\\\/scandinavische_lampen\\\/\"]}]}<\/script>\n<!-- \/ Yoast SEO plugin. -->","yoast_head_json":{"title":"Ensemble de lampes suspendues vintage de Lanterna Danica","description":"D\u00e9couvrez cet ensemble de lampes suspendues vintage de Lanterna Danica, con\u00e7u par Jurgen Buchwald. Un m\u00e9lange parfait de style et de fonctionnalit\u00e9 pour votre int\u00e9rieur.","robots":{"index":"index","follow":"follow","max-snippet":"max-snippet:-1","max-image-preview":"max-image-preview:large","max-video-preview":"max-video-preview:-1"},"canonical":"https:\/\/scandinavischelampen.nl\/fr\/produit\/ensemble-de-lampes-suspendues-vintage\/","og_locale":"fr_FR","og_type":"article","og_title":"Ensemble de lampes suspendues vintage de Lanterna Danica","og_description":"D\u00e9couvrez cet ensemble de lampes suspendues vintage de Lanterna Danica, con\u00e7u par Jurgen Buchwald. Un m\u00e9lange parfait de style et de fonctionnalit\u00e9 pour votre int\u00e9rieur.","og_url":"https:\/\/scandinavischelampen.nl\/fr\/produit\/ensemble-de-lampes-suspendues-vintage\/","og_site_name":"Lampes Scandinaves","article_publisher":"https:\/\/www.facebook.com\/scandinavischelampen\/","article_modified_time":"2024-06-02T08:54:12+00:00","og_image":[{"width":1920,"height":2560,"url":"https:\/\/i0.wp.com\/scandinavischelampen.nl\/wp-content\/uploads\/2024\/04\/IMG_8294-2-kopieren-scaled.jpg?fit=1920%2C2560&ssl=1","type":"image\/jpeg"}],"twitter_card":"summary_large_image","twitter_misc":{"Dur\u00e9e de lecture estim\u00e9e":"3 minutes"},"schema":{"@context":"https:\/\/schema.org","@graph":[{"@type":"WebPage","@id":"https:\/\/scandinavischelampen.nl\/fr\/produit\/ensemble-de-lampes-suspendues-vintage\/","url":"https:\/\/scandinavischelampen.nl\/fr\/produit\/ensemble-de-lampes-suspendues-vintage\/","name":"Ensemble de lampes suspendues vintage de Lanterna Danica","isPartOf":{"@id":"https:\/\/scandinavischelampen.nl\/fr\/#website"},"primaryImageOfPage":{"@id":"https:\/\/scandinavischelampen.nl\/fr\/produit\/ensemble-de-lampes-suspendues-vintage\/#primaryimage"},"image":{"@id":"https:\/\/scandinavischelampen.nl\/fr\/produit\/ensemble-de-lampes-suspendues-vintage\/#primaryimage"},"thumbnailUrl":"https:\/\/i0.wp.com\/scandinavischelampen.nl\/wp-content\/uploads\/2024\/04\/IMG_8294-2-kopieren-scaled.jpg?fit=1920%2C2560&ssl=1","datePublished":"2024-04-24T08:07:16+00:00","dateModified":"2024-06-02T08:54:12+00:00","description":"D\u00e9couvrez cet ensemble de lampes suspendues vintage de Lanterna Danica, con\u00e7u par Jurgen Buchwald. Un m\u00e9lange parfait de style et de fonctionnalit\u00e9 pour votre int\u00e9rieur.","breadcrumb":{"@id":"https:\/\/scandinavischelampen.nl\/fr\/produit\/ensemble-de-lampes-suspendues-vintage\/#breadcrumb"},"inLanguage":"fr-FR","potentialAction":[{"@type":"ReadAction","target":["https:\/\/scandinavischelampen.nl\/fr\/produit\/ensemble-de-lampes-suspendues-vintage\/"]}]},{"@type":"ImageObject","inLanguage":"fr-FR","@id":"https:\/\/scandinavischelampen.nl\/fr\/produit\/ensemble-de-lampes-suspendues-vintage\/#primaryimage","url":"https:\/\/i0.wp.com\/scandinavischelampen.nl\/wp-content\/uploads\/2024\/04\/IMG_8294-2-kopieren-scaled.jpg?fit=1920%2C2560&ssl=1","contentUrl":"https:\/\/i0.wp.com\/scandinavischelampen.nl\/wp-content\/uploads\/2024\/04\/IMG_8294-2-kopieren-scaled.jpg?fit=1920%2C2560&ssl=1","width":1920,"height":2560,"caption":"Ensemble de lampes suspendues vintage de Lanterna Danica"},{"@type":"BreadcrumbList","@id":"https:\/\/scandinavischelampen.nl\/fr\/produit\/ensemble-de-lampes-suspendues-vintage\/#breadcrumb","itemListElement":[{"@type":"ListItem","position":1,"name":"Home","item":"https:\/\/scandinavischelampen.nl\/fr\/"},{"@type":"ListItem","position":2,"name":"Boutique","item":"https:\/\/scandinavischelampen.nl\/fr\/boutique\/"},{"@type":"ListItem","position":3,"name":"Ensemble de lampes suspendues vintage de Lanterna Danica"}]},{"@type":"WebSite","@id":"https:\/\/scandinavischelampen.nl\/fr\/#website","url":"https:\/\/scandinavischelampen.nl\/fr\/","name":"Scandinavische Lampen","description":"Luminaire design vintage","publisher":{"@id":"https:\/\/scandinavischelampen.nl\/fr\/#organization"},"potentialAction":[{"@type":"SearchAction","target":{"@type":"EntryPoint","urlTemplate":"https:\/\/scandinavischelampen.nl\/fr\/?s={search_term_string}"},"query-input":{"@type":"PropertyValueSpecification","valueRequired":true,"valueName":"search_term_string"}}],"inLanguage":"fr-FR"},{"@type":"Organization","@id":"https:\/\/scandinavischelampen.nl\/fr\/#organization","name":"Scandinavische Lampen","url":"https:\/\/scandinavischelampen.nl\/fr\/","logo":{"@type":"ImageObject","inLanguage":"fr-FR","@id":"https:\/\/scandinavischelampen.nl\/fr\/#\/schema\/logo\/image\/","url":"https:\/\/i0.wp.com\/scandinavischelampen.nl\/wp-content\/uploads\/2023\/07\/cropped-Scandinavische-lampen-logo-oranje-01-scaled.png?fit=4717%2C1570&ssl=1","contentUrl":"https:\/\/i0.wp.com\/scandinavischelampen.nl\/wp-content\/uploads\/2023\/07\/cropped-Scandinavische-lampen-logo-oranje-01-scaled.png?fit=4717%2C1570&ssl=1","width":4717,"height":1570,"caption":"Scandinavische Lampen"},"image":{"@id":"https:\/\/scandinavischelampen.nl\/fr\/#\/schema\/logo\/image\/"},"sameAs":["https:\/\/www.facebook.com\/scandinavischelampen\/","https:\/\/www.instagram.com\/scandinavische_lampen\/"]}]}},"uagb_featured_image_src":{"full":["https:\/\/i0.wp.com\/scandinavischelampen.nl\/wp-content\/uploads\/2024\/04\/IMG_8294-2-kopieren-scaled.jpg?fit=1920%2C2560&ssl=1",1920,2560,false],"thumbnail":["https:\/\/i0.wp.com\/scandinavischelampen.nl\/wp-content\/uploads\/2024\/04\/IMG_8294-2-kopieren-scaled.jpg?resize=150%2C150&ssl=1",150,150,true],"medium":["https:\/\/i0.wp.com\/scandinavischelampen.nl\/wp-content\/uploads\/2024\/04\/IMG_8294-2-kopieren-scaled.jpg?fit=225%2C300&ssl=1",225,300,true],"medium_large":["https:\/\/i0.wp.com\/scandinavischelampen.nl\/wp-content\/uploads\/2024\/04\/IMG_8294-2-kopieren-scaled.jpg?fit=768%2C1024&ssl=1",768,1024,true],"large":["https:\/\/i0.wp.com\/scandinavischelampen.nl\/wp-content\/uploads\/2024\/04\/IMG_8294-2-kopieren-scaled.jpg?fit=768%2C1024&ssl=1",768,1024,true],"1536x1536":["https:\/\/i0.wp.com\/scandinavischelampen.nl\/wp-content\/uploads\/2024\/04\/IMG_8294-2-kopieren-scaled.jpg?fit=1152%2C1536&ssl=1",1152,1536,true],"2048x2048":["https:\/\/i0.wp.com\/scandinavischelampen.nl\/wp-content\/uploads\/2024\/04\/IMG_8294-2-kopieren-scaled.jpg?fit=1536%2C2048&ssl=1",1536,2048,true],"woocommerce_thumbnail":["https:\/\/i0.wp.com\/scandinavischelampen.nl\/wp-content\/uploads\/2024\/04\/IMG_8294-2-kopieren-scaled.jpg?resize=300%2C300&ssl=1",300,300,true],"woocommerce_single":["https:\/\/i0.wp.com\/scandinavischelampen.nl\/wp-content\/uploads\/2024\/04\/IMG_8294-2-kopieren-scaled.jpg?fit=600%2C800&ssl=1",600,800,true],"woocommerce_gallery_thumbnail":["https:\/\/i0.wp.com\/scandinavischelampen.nl\/wp-content\/uploads\/2024\/04\/IMG_8294-2-kopieren-scaled.jpg?resize=100%2C100&ssl=1",100,100,true],"thaps-thumb-img":["https:\/\/i0.wp.com\/scandinavischelampen.nl\/wp-content\/uploads\/2024\/04\/IMG_8294-2-kopieren-scaled.jpg?resize=48%2C64&ssl=1",48,64,true]},"uagb_author_info":{"display_name":"administrator","author_link":"https:\/\/scandinavischelampen.nl\/fr\/author\/"},"uagb_comment_info":0,"uagb_excerpt":"\u221a Livraison gratuite en Europe d\u00e8s 350 \u20ac \u221a Command\u00e9 avant 16h00? G\u00e9n\u00e9ralement exp\u00e9di\u00e9 le m\u00eame jour \u221a 14 jours de r\u00e9flexion \u221a Convient pour les LED Diameter: 25 cm Hauteur : 13 cm","jetpack_sharing_enabled":true,"_links":{"self":[{"href":"https:\/\/scandinavischelampen.nl\/fr\/wp-json\/wp\/v2\/product\/44549","targetHints":{"allow":["GET"]}}],"collection":[{"href":"https:\/\/scandinavischelampen.nl\/fr\/wp-json\/wp\/v2\/product"}],"about":[{"href":"https:\/\/scandinavischelampen.nl\/fr\/wp-json\/wp\/v2\/types\/product"}],"wp:featuredmedia":[{"embeddable":true,"href":"https:\/\/scandinavischelampen.nl\/fr\/wp-json\/wp\/v2\/media\/44619"}],"wp:attachment":[{"href":"https:\/\/scandinavischelampen.nl\/fr\/wp-json\/wp\/v2\/media?parent=44549"}],"wp:term":[{"taxonomy":"product_brand","embeddable":true,"href":"https:\/\/scandinavischelampen.nl\/fr\/wp-json\/wp\/v2\/product_brand?post=44549"},{"taxonomy":"product_cat","embeddable":true,"href":"https:\/\/scandinavischelampen.nl\/fr\/wp-json\/wp\/v2\/product_cat?post=44549"},{"taxonomy":"product_tag","embeddable":true,"href":"https:\/\/scandinavischelampen.nl\/fr\/wp-json\/wp\/v2\/product_tag?post=44549"}],"curies":[{"name":"wp","href":"https:\/\/api.w.org\/{rel}","templated":true}]}}