{"id":43959,"date":"2024-04-18T06:57:48","date_gmt":"2024-04-18T04:57:48","guid":{"rendered":"https:\/\/scandinavischelampen.nl\/?post_type=product&#038;p=43959"},"modified":"2024-07-13T22:09:26","modified_gmt":"2024-07-13T20:09:26","slug":"suspension-design-light-modele-space-mini","status":"publish","type":"product","link":"https:\/\/scandinavischelampen.nl\/fr\/produit\/suspension-design-light-modele-space-mini\/","title":{"rendered":"Lampe \u00e0 suspension Design Light mod\u00e8le Space mini"},"content":{"rendered":"<h1>Lampe \u00e0 suspension Design Light mod\u00e8le Space mini<\/h1>\n<p><strong>Revivez l&rsquo;enchantement de l&rsquo;\u00e8re spatiale avec la mini lampe suspendue Vintage Design Light Space<\/strong><\/p>\n<p>D\u00e9couvrez un monde o\u00f9 l&rsquo;\u00e9l\u00e9gance intemporelle et les r\u00eaves cosmiques se r\u00e9unissent avec notre mini suspension vintage exclusive Design Light Space. Directement venue du Danemark, cette lampe rend hommage \u00e0 la c\u00e9l\u00e8bre \u00e8re spatiale et est un incontournable pour tous ceux qui sont passionn\u00e9s par le design unique et l&rsquo;\u00e9clairage qui am\u00e9liore l&rsquo;ambiance.<\/p>\n<p>La lampe est habilement compos\u00e9e d&rsquo;une feuille de plexiglas de 5 mm d&rsquo;\u00e9paisseur, encadr\u00e9e par d&rsquo;\u00e9l\u00e9gantes couches bleues transparentes, qui capturent et refl\u00e8tent la lumi\u00e8re d&rsquo;une mani\u00e8re \u00e9poustouflante. Une fois allum\u00e9, le bord du plexiglas \u00e9claire de mani\u00e8re vive et nette comme les anneaux de Saturne, cr\u00e9ant un effet visuel saisissant qui non seulement fournit de la lumi\u00e8re, mais ajoute \u00e9galement une touche artistique \u00e0 n&rsquo;importe quelle pi\u00e8ce.<\/p>\n<p>Vous cherchez quelque chose de plus qu\u2019une lampe suspendue ? La <a href=\"https:\/\/scandinavischelampen.nl\/product\/ikea-tafellamp\/\">lampe de table<\/a> assortie de la m\u00eame s\u00e9rie vous permettra de cr\u00e9er un design \u00e9pur\u00e9 dans votre int\u00e9rieur.<\/p>\n<p>Ne manquez pas cette occasion d\u2019introduire ces pi\u00e8ces de design fascinantes dans votre maison. Les lampes Design Light Space sont plus qu&rsquo;un simple \u00e9clairage ; ils font partie int\u00e9grante de l\u2019histoire du design, pr\u00eats \u00e0 \u00e9clairer et inspirer votre espace.<\/p>\n<p>Replongez dans le monde de l\u2019\u00e8re spatiale, une \u00e9poque d\u2019innovation et de raffinement esth\u00e9tique. Commandez maintenant et transformez votre espace de vie avec un design qui transcende le temps.<\/p>\n<h2>Conditions<\/h2>\n<p>La lampe a environ 45 ans et est en bon \u00e9tat avec de l\u00e9gers signes d&rsquo;utilisation ant\u00e9rieure. Cela comprend de l\u00e9g\u00e8res rayures sur le grand bol transparent. L&rsquo;autocollant du fabricant est pr\u00e9sent dans la lampe.<\/p>\n<h2>Sp\u00e9cifications Lampe suspendue Design Light mod\u00e8le Space mini<\/h2>\n<ul>\n<li>Hauteur : 11 cm<\/li>\n<li>Diam\u00e8tre : 19 cm<\/li>\n<li>Hauteur totale avec cordon 100 cm (r\u00e9glable lors de l&rsquo;installation)<\/li>\n<li>Materiau : acier, plastique<\/li>\n<li>Couleur du cordon : Blanc<\/li>\n<li>Puissance maximale : 60W<\/li>\n<li>Culot: E27<\/li>\n<li>Convient aux lampes LED<\/li>\n<li>Poids : 1,5 kg<\/li>\n<\/ul>\n<h2>\u00c0 propos de Design-Light<\/h2>\n<p>La soci\u00e9t\u00e9 d&rsquo;\u00e9clairage danoise Design Light, bas\u00e9e \u00e0 Randers, a d\u00e9but\u00e9 dans les ann\u00e9es 1980 avec deux s\u00e9ries principales. Lampes suspendues et murales minimalistes de type OVNI construites \u00e0 partir de combinaisons de mat\u00e9riaux innovantes telles que le plexiglas et le treillis m\u00e9tallique. L&rsquo;autre ligne se compose de suspensions multicouches de haute qualit\u00e9 dans le style moderne danois classique. <span style=\"color: #ff6600;\"><strong><a style=\"color: #ff6600;\" href=\"https:\/\/scandinavischelampen.nl\/product-categorie\/merken\/design-light\/\">Voir notre collection compl\u00e8te de lampes suspendues Design-Light ici<\/a><\/strong><\/span><\/p>\n","protected":false},"excerpt":{"rendered":"<ul>\n<li><strong><span style=\"color: #ff6600;\">Livraison gratuite en Europe<\/span> d\u00e8s 350 \u20ac<\/strong><\/li>\n<li><strong>Command\u00e9 avant <span style=\"color: #ff6600;\">16h<\/span> ? G\u00e9n\u00e9ralement exp\u00e9di\u00e9 le m\u00eame jour<\/strong><\/li>\n<li><strong>D\u00e9lai de r\u00e9flexion de <span style=\"color: #ff6600;\">14 jours<\/span><\/strong><\/li>\n<li><strong>Pratique pour <span style=\"color: #ff6600;\">LED<\/span><\/strong><\/li>\n<\/ul>\n<ul>\n<li><strong>Hauteur : 11 cm<\/strong><\/li>\n<li><strong>Diam\u00e8tre : 19 cm<\/strong><\/li>\n<\/ul>\n","protected":false},"featured_media":44075,"template":"","meta":{"_uag_custom_page_level_css":"","site-sidebar-layout":"default","site-content-layout":"default","ast-site-content-layout":"default","site-content-style":"default","site-sidebar-style":"default","ast-global-header-display":"","ast-banner-title-visibility":"","ast-main-header-display":"","ast-hfb-above-header-display":"","ast-hfb-below-header-display":"","ast-hfb-mobile-header-display":"","site-post-title":"","ast-breadcrumbs-content":"","ast-featured-img":"","footer-sml-layout":"","ast-disable-related-posts":"","theme-transparent-header-meta":"default","adv-header-id-meta":"","stick-header-meta":"","header-above-stick-meta":"","header-main-stick-meta":"","header-below-stick-meta":"","astra-migrate-meta-layouts":"set","ast-page-background-enabled":"default","ast-page-background-meta":{"desktop":{"background-color":"var(--ast-global-color-4)","background-image":"","background-repeat":"repeat","background-position":"center center","background-size":"auto","background-attachment":"scroll","background-type":"","background-media":"","overlay-type":"","overlay-color":"","overlay-opacity":"","overlay-gradient":""},"tablet":{"background-color":"","background-image":"","background-repeat":"repeat","background-position":"center center","background-size":"auto","background-attachment":"scroll","background-type":"","background-media":"","overlay-type":"","overlay-color":"","overlay-opacity":"","overlay-gradient":""},"mobile":{"background-color":"","background-image":"","background-repeat":"repeat","background-position":"center center","background-size":"auto","background-attachment":"scroll","background-type":"","background-media":"","overlay-type":"","overlay-color":"","overlay-opacity":"","overlay-gradient":""}},"ast-content-background-meta":{"desktop":{"background-color":"var(--ast-global-color-5)","background-image":"","background-repeat":"repeat","background-position":"center center","background-size":"auto","background-attachment":"scroll","background-type":"","background-media":"","overlay-type":"","overlay-color":"","overlay-opacity":"","overlay-gradient":""},"tablet":{"background-color":"var(--ast-global-color-5)","background-image":"","background-repeat":"repeat","background-position":"center center","background-size":"auto","background-attachment":"scroll","background-type":"","background-media":"","overlay-type":"","overlay-color":"","overlay-opacity":"","overlay-gradient":""},"mobile":{"background-color":"var(--ast-global-color-5)","background-image":"","background-repeat":"repeat","background-position":"center center","background-size":"auto","background-attachment":"scroll","background-type":"","background-media":"","overlay-type":"","overlay-color":"","overlay-opacity":"","overlay-gradient":""}}},"product_brand":[],"product_cat":[339,337,336,338,333,335,604],"product_tag":[365,343],"class_list":{"0":"post-43959","1":"product","2":"type-product","3":"status-publish","4":"has-post-thumbnail","6":"product_cat-design-light-fr","7":"product_cat-eclairage-de-la-chambre","8":"product_cat-eclairage-de-la-cuisine","9":"product_cat-eclairage-du-salon","10":"product_cat-suspensions-scandinaves","11":"product_cat-suspensions-pour-table-a-manger","12":"product_cat-voir-notre-collection-complete","13":"product_tag-bleu","14":"product_tag-noir","15":"desktop-align-center","16":"tablet-align-left","17":"mobile-align-left","19":"first","20":"instock","21":"taxable","22":"shipping-taxable","23":"purchasable","24":"product-type-simple"},"yoast_head":"<!-- This site is optimized with the Yoast SEO plugin v27.4 - https:\/\/yoast.com\/product\/yoast-seo-wordpress\/ -->\n<title>Lampe \u00e0 suspension Design Light mod\u00e8le Space mini - Vintage<\/title>\n<meta name=\"description\" content=\"Cette mini suspension vintage Design Light Space vous ram\u00e8ne \u00e0 l\u2019\u00e8re Space. Lorsque la lampe est allum\u00e9e, elle donne un effet Saturne.\" \/>\n<meta name=\"robots\" content=\"index, follow, max-snippet:-1, max-image-preview:large, max-video-preview:-1\" \/>\n<link rel=\"canonical\" href=\"https:\/\/scandinavischelampen.nl\/fr\/produit\/suspension-design-light-modele-space-mini\/\" \/>\n<meta property=\"og:locale\" content=\"fr_FR\" \/>\n<meta property=\"og:type\" content=\"article\" \/>\n<meta property=\"og:title\" content=\"Lampe \u00e0 suspension Design Light mod\u00e8le Space mini - Vintage\" \/>\n<meta property=\"og:description\" content=\"Cette mini suspension vintage Design Light Space vous ram\u00e8ne \u00e0 l\u2019\u00e8re Space. Lorsque la lampe est allum\u00e9e, elle donne un effet Saturne.\" \/>\n<meta property=\"og:url\" content=\"https:\/\/scandinavischelampen.nl\/fr\/produit\/suspension-design-light-modele-space-mini\/\" \/>\n<meta property=\"og:site_name\" content=\"Lampes Scandinaves\" \/>\n<meta property=\"article:publisher\" content=\"https:\/\/www.facebook.com\/scandinavischelampen\/\" \/>\n<meta property=\"article:modified_time\" content=\"2024-07-13T20:09:26+00:00\" \/>\n<meta property=\"og:image\" content=\"https:\/\/i0.wp.com\/scandinavischelampen.nl\/wp-content\/uploads\/2024\/04\/IMG_7970-2-kopieren-scaled.jpg?fit=1920%2C2560&ssl=1\" \/>\n\t<meta property=\"og:image:width\" content=\"1920\" \/>\n\t<meta property=\"og:image:height\" content=\"2560\" \/>\n\t<meta property=\"og:image:type\" content=\"image\/jpeg\" \/>\n<meta name=\"twitter:card\" content=\"summary_large_image\" \/>\n<meta name=\"twitter:label1\" content=\"Dur\u00e9e de lecture estim\u00e9e\" \/>\n\t<meta name=\"twitter:data1\" content=\"3 minutes\" \/>\n<script type=\"application\/ld+json\" class=\"yoast-schema-graph\">{\"@context\":\"https:\\\/\\\/schema.org\",\"@graph\":[{\"@type\":\"WebPage\",\"@id\":\"https:\\\/\\\/scandinavischelampen.nl\\\/fr\\\/produit\\\/suspension-design-light-modele-space-mini\\\/\",\"url\":\"https:\\\/\\\/scandinavischelampen.nl\\\/fr\\\/produit\\\/suspension-design-light-modele-space-mini\\\/\",\"name\":\"Lampe \u00e0 suspension Design Light mod\u00e8le Space mini - Vintage\",\"isPartOf\":{\"@id\":\"https:\\\/\\\/scandinavischelampen.nl\\\/fr\\\/#website\"},\"primaryImageOfPage\":{\"@id\":\"https:\\\/\\\/scandinavischelampen.nl\\\/fr\\\/produit\\\/suspension-design-light-modele-space-mini\\\/#primaryimage\"},\"image\":{\"@id\":\"https:\\\/\\\/scandinavischelampen.nl\\\/fr\\\/produit\\\/suspension-design-light-modele-space-mini\\\/#primaryimage\"},\"thumbnailUrl\":\"https:\\\/\\\/i0.wp.com\\\/scandinavischelampen.nl\\\/wp-content\\\/uploads\\\/2024\\\/04\\\/IMG_7970-2-kopieren-scaled.jpg?fit=1920%2C2560&ssl=1\",\"datePublished\":\"2024-04-18T04:57:48+00:00\",\"dateModified\":\"2024-07-13T20:09:26+00:00\",\"description\":\"Cette mini suspension vintage Design Light Space vous ram\u00e8ne \u00e0 l\u2019\u00e8re Space. Lorsque la lampe est allum\u00e9e, elle donne un effet Saturne.\",\"breadcrumb\":{\"@id\":\"https:\\\/\\\/scandinavischelampen.nl\\\/fr\\\/produit\\\/suspension-design-light-modele-space-mini\\\/#breadcrumb\"},\"inLanguage\":\"fr-FR\",\"potentialAction\":[{\"@type\":\"ReadAction\",\"target\":[\"https:\\\/\\\/scandinavischelampen.nl\\\/fr\\\/produit\\\/suspension-design-light-modele-space-mini\\\/\"]}]},{\"@type\":\"ImageObject\",\"inLanguage\":\"fr-FR\",\"@id\":\"https:\\\/\\\/scandinavischelampen.nl\\\/fr\\\/produit\\\/suspension-design-light-modele-space-mini\\\/#primaryimage\",\"url\":\"https:\\\/\\\/i0.wp.com\\\/scandinavischelampen.nl\\\/wp-content\\\/uploads\\\/2024\\\/04\\\/IMG_7970-2-kopieren-scaled.jpg?fit=1920%2C2560&ssl=1\",\"contentUrl\":\"https:\\\/\\\/i0.wp.com\\\/scandinavischelampen.nl\\\/wp-content\\\/uploads\\\/2024\\\/04\\\/IMG_7970-2-kopieren-scaled.jpg?fit=1920%2C2560&ssl=1\",\"width\":1920,\"height\":2560,\"caption\":\"Lampe \u00e0 suspension Design Light mod\u00e8le Space mini\"},{\"@type\":\"BreadcrumbList\",\"@id\":\"https:\\\/\\\/scandinavischelampen.nl\\\/fr\\\/produit\\\/suspension-design-light-modele-space-mini\\\/#breadcrumb\",\"itemListElement\":[{\"@type\":\"ListItem\",\"position\":1,\"name\":\"Home\",\"item\":\"https:\\\/\\\/scandinavischelampen.nl\\\/fr\\\/\"},{\"@type\":\"ListItem\",\"position\":2,\"name\":\"Boutique\",\"item\":\"https:\\\/\\\/scandinavischelampen.nl\\\/fr\\\/boutique\\\/\"},{\"@type\":\"ListItem\",\"position\":3,\"name\":\"Lampe \u00e0 suspension Design Light mod\u00e8le Space mini\"}]},{\"@type\":\"WebSite\",\"@id\":\"https:\\\/\\\/scandinavischelampen.nl\\\/fr\\\/#website\",\"url\":\"https:\\\/\\\/scandinavischelampen.nl\\\/fr\\\/\",\"name\":\"Scandinavische Lampen\",\"description\":\"Luminaire design vintage\",\"publisher\":{\"@id\":\"https:\\\/\\\/scandinavischelampen.nl\\\/fr\\\/#organization\"},\"potentialAction\":[{\"@type\":\"SearchAction\",\"target\":{\"@type\":\"EntryPoint\",\"urlTemplate\":\"https:\\\/\\\/scandinavischelampen.nl\\\/fr\\\/?s={search_term_string}\"},\"query-input\":{\"@type\":\"PropertyValueSpecification\",\"valueRequired\":true,\"valueName\":\"search_term_string\"}}],\"inLanguage\":\"fr-FR\"},{\"@type\":\"Organization\",\"@id\":\"https:\\\/\\\/scandinavischelampen.nl\\\/fr\\\/#organization\",\"name\":\"Scandinavische Lampen\",\"url\":\"https:\\\/\\\/scandinavischelampen.nl\\\/fr\\\/\",\"logo\":{\"@type\":\"ImageObject\",\"inLanguage\":\"fr-FR\",\"@id\":\"https:\\\/\\\/scandinavischelampen.nl\\\/fr\\\/#\\\/schema\\\/logo\\\/image\\\/\",\"url\":\"https:\\\/\\\/i0.wp.com\\\/scandinavischelampen.nl\\\/wp-content\\\/uploads\\\/2023\\\/07\\\/cropped-Scandinavische-lampen-logo-oranje-01-scaled.png?fit=4717%2C1570&ssl=1\",\"contentUrl\":\"https:\\\/\\\/i0.wp.com\\\/scandinavischelampen.nl\\\/wp-content\\\/uploads\\\/2023\\\/07\\\/cropped-Scandinavische-lampen-logo-oranje-01-scaled.png?fit=4717%2C1570&ssl=1\",\"width\":4717,\"height\":1570,\"caption\":\"Scandinavische Lampen\"},\"image\":{\"@id\":\"https:\\\/\\\/scandinavischelampen.nl\\\/fr\\\/#\\\/schema\\\/logo\\\/image\\\/\"},\"sameAs\":[\"https:\\\/\\\/www.facebook.com\\\/scandinavischelampen\\\/\",\"https:\\\/\\\/www.instagram.com\\\/scandinavische_lampen\\\/\"]}]}<\/script>\n<!-- \/ Yoast SEO plugin. -->","yoast_head_json":{"title":"Lampe \u00e0 suspension Design Light mod\u00e8le Space mini - Vintage","description":"Cette mini suspension vintage Design Light Space vous ram\u00e8ne \u00e0 l\u2019\u00e8re Space. Lorsque la lampe est allum\u00e9e, elle donne un effet Saturne.","robots":{"index":"index","follow":"follow","max-snippet":"max-snippet:-1","max-image-preview":"max-image-preview:large","max-video-preview":"max-video-preview:-1"},"canonical":"https:\/\/scandinavischelampen.nl\/fr\/produit\/suspension-design-light-modele-space-mini\/","og_locale":"fr_FR","og_type":"article","og_title":"Lampe \u00e0 suspension Design Light mod\u00e8le Space mini - Vintage","og_description":"Cette mini suspension vintage Design Light Space vous ram\u00e8ne \u00e0 l\u2019\u00e8re Space. Lorsque la lampe est allum\u00e9e, elle donne un effet Saturne.","og_url":"https:\/\/scandinavischelampen.nl\/fr\/produit\/suspension-design-light-modele-space-mini\/","og_site_name":"Lampes Scandinaves","article_publisher":"https:\/\/www.facebook.com\/scandinavischelampen\/","article_modified_time":"2024-07-13T20:09:26+00:00","og_image":[{"width":1920,"height":2560,"url":"https:\/\/i0.wp.com\/scandinavischelampen.nl\/wp-content\/uploads\/2024\/04\/IMG_7970-2-kopieren-scaled.jpg?fit=1920%2C2560&ssl=1","type":"image\/jpeg"}],"twitter_card":"summary_large_image","twitter_misc":{"Dur\u00e9e de lecture estim\u00e9e":"3 minutes"},"schema":{"@context":"https:\/\/schema.org","@graph":[{"@type":"WebPage","@id":"https:\/\/scandinavischelampen.nl\/fr\/produit\/suspension-design-light-modele-space-mini\/","url":"https:\/\/scandinavischelampen.nl\/fr\/produit\/suspension-design-light-modele-space-mini\/","name":"Lampe \u00e0 suspension Design Light mod\u00e8le Space mini - Vintage","isPartOf":{"@id":"https:\/\/scandinavischelampen.nl\/fr\/#website"},"primaryImageOfPage":{"@id":"https:\/\/scandinavischelampen.nl\/fr\/produit\/suspension-design-light-modele-space-mini\/#primaryimage"},"image":{"@id":"https:\/\/scandinavischelampen.nl\/fr\/produit\/suspension-design-light-modele-space-mini\/#primaryimage"},"thumbnailUrl":"https:\/\/i0.wp.com\/scandinavischelampen.nl\/wp-content\/uploads\/2024\/04\/IMG_7970-2-kopieren-scaled.jpg?fit=1920%2C2560&ssl=1","datePublished":"2024-04-18T04:57:48+00:00","dateModified":"2024-07-13T20:09:26+00:00","description":"Cette mini suspension vintage Design Light Space vous ram\u00e8ne \u00e0 l\u2019\u00e8re Space. Lorsque la lampe est allum\u00e9e, elle donne un effet Saturne.","breadcrumb":{"@id":"https:\/\/scandinavischelampen.nl\/fr\/produit\/suspension-design-light-modele-space-mini\/#breadcrumb"},"inLanguage":"fr-FR","potentialAction":[{"@type":"ReadAction","target":["https:\/\/scandinavischelampen.nl\/fr\/produit\/suspension-design-light-modele-space-mini\/"]}]},{"@type":"ImageObject","inLanguage":"fr-FR","@id":"https:\/\/scandinavischelampen.nl\/fr\/produit\/suspension-design-light-modele-space-mini\/#primaryimage","url":"https:\/\/i0.wp.com\/scandinavischelampen.nl\/wp-content\/uploads\/2024\/04\/IMG_7970-2-kopieren-scaled.jpg?fit=1920%2C2560&ssl=1","contentUrl":"https:\/\/i0.wp.com\/scandinavischelampen.nl\/wp-content\/uploads\/2024\/04\/IMG_7970-2-kopieren-scaled.jpg?fit=1920%2C2560&ssl=1","width":1920,"height":2560,"caption":"Lampe \u00e0 suspension Design Light mod\u00e8le Space mini"},{"@type":"BreadcrumbList","@id":"https:\/\/scandinavischelampen.nl\/fr\/produit\/suspension-design-light-modele-space-mini\/#breadcrumb","itemListElement":[{"@type":"ListItem","position":1,"name":"Home","item":"https:\/\/scandinavischelampen.nl\/fr\/"},{"@type":"ListItem","position":2,"name":"Boutique","item":"https:\/\/scandinavischelampen.nl\/fr\/boutique\/"},{"@type":"ListItem","position":3,"name":"Lampe \u00e0 suspension Design Light mod\u00e8le Space mini"}]},{"@type":"WebSite","@id":"https:\/\/scandinavischelampen.nl\/fr\/#website","url":"https:\/\/scandinavischelampen.nl\/fr\/","name":"Scandinavische Lampen","description":"Luminaire design vintage","publisher":{"@id":"https:\/\/scandinavischelampen.nl\/fr\/#organization"},"potentialAction":[{"@type":"SearchAction","target":{"@type":"EntryPoint","urlTemplate":"https:\/\/scandinavischelampen.nl\/fr\/?s={search_term_string}"},"query-input":{"@type":"PropertyValueSpecification","valueRequired":true,"valueName":"search_term_string"}}],"inLanguage":"fr-FR"},{"@type":"Organization","@id":"https:\/\/scandinavischelampen.nl\/fr\/#organization","name":"Scandinavische Lampen","url":"https:\/\/scandinavischelampen.nl\/fr\/","logo":{"@type":"ImageObject","inLanguage":"fr-FR","@id":"https:\/\/scandinavischelampen.nl\/fr\/#\/schema\/logo\/image\/","url":"https:\/\/i0.wp.com\/scandinavischelampen.nl\/wp-content\/uploads\/2023\/07\/cropped-Scandinavische-lampen-logo-oranje-01-scaled.png?fit=4717%2C1570&ssl=1","contentUrl":"https:\/\/i0.wp.com\/scandinavischelampen.nl\/wp-content\/uploads\/2023\/07\/cropped-Scandinavische-lampen-logo-oranje-01-scaled.png?fit=4717%2C1570&ssl=1","width":4717,"height":1570,"caption":"Scandinavische Lampen"},"image":{"@id":"https:\/\/scandinavischelampen.nl\/fr\/#\/schema\/logo\/image\/"},"sameAs":["https:\/\/www.facebook.com\/scandinavischelampen\/","https:\/\/www.instagram.com\/scandinavische_lampen\/"]}]}},"uagb_featured_image_src":{"full":["https:\/\/i0.wp.com\/scandinavischelampen.nl\/wp-content\/uploads\/2024\/04\/IMG_7970-2-kopieren-scaled.jpg?fit=1920%2C2560&ssl=1",1920,2560,false],"thumbnail":["https:\/\/i0.wp.com\/scandinavischelampen.nl\/wp-content\/uploads\/2024\/04\/IMG_7970-2-kopieren-scaled.jpg?resize=150%2C150&ssl=1",150,150,true],"medium":["https:\/\/i0.wp.com\/scandinavischelampen.nl\/wp-content\/uploads\/2024\/04\/IMG_7970-2-kopieren-scaled.jpg?fit=225%2C300&ssl=1",225,300,true],"medium_large":["https:\/\/i0.wp.com\/scandinavischelampen.nl\/wp-content\/uploads\/2024\/04\/IMG_7970-2-kopieren-scaled.jpg?fit=768%2C1024&ssl=1",768,1024,true],"large":["https:\/\/i0.wp.com\/scandinavischelampen.nl\/wp-content\/uploads\/2024\/04\/IMG_7970-2-kopieren-scaled.jpg?fit=768%2C1024&ssl=1",768,1024,true],"1536x1536":["https:\/\/i0.wp.com\/scandinavischelampen.nl\/wp-content\/uploads\/2024\/04\/IMG_7970-2-kopieren-scaled.jpg?fit=1152%2C1536&ssl=1",1152,1536,true],"2048x2048":["https:\/\/i0.wp.com\/scandinavischelampen.nl\/wp-content\/uploads\/2024\/04\/IMG_7970-2-kopieren-scaled.jpg?fit=1536%2C2048&ssl=1",1536,2048,true],"woocommerce_thumbnail":["https:\/\/i0.wp.com\/scandinavischelampen.nl\/wp-content\/uploads\/2024\/04\/IMG_7970-2-kopieren-scaled.jpg?resize=300%2C300&ssl=1",300,300,true],"woocommerce_single":["https:\/\/i0.wp.com\/scandinavischelampen.nl\/wp-content\/uploads\/2024\/04\/IMG_7970-2-kopieren-scaled.jpg?fit=600%2C800&ssl=1",600,800,true],"woocommerce_gallery_thumbnail":["https:\/\/i0.wp.com\/scandinavischelampen.nl\/wp-content\/uploads\/2024\/04\/IMG_7970-2-kopieren-scaled.jpg?resize=100%2C100&ssl=1",100,100,true],"thaps-thumb-img":["https:\/\/i0.wp.com\/scandinavischelampen.nl\/wp-content\/uploads\/2024\/04\/IMG_7970-2-kopieren-scaled.jpg?resize=48%2C64&ssl=1",48,64,true]},"uagb_author_info":{"display_name":"administrator","author_link":"https:\/\/scandinavischelampen.nl\/fr\/author\/"},"uagb_comment_info":0,"uagb_excerpt":"Livraison gratuite en Europe d\u00e8s 350 \u20ac Command\u00e9 avant 16h ? G\u00e9n\u00e9ralement exp\u00e9di\u00e9 le m\u00eame jour D\u00e9lai de r\u00e9flexion de 14 jours Pratique pour LED Hauteur : 11 cm Diam\u00e8tre : 19 cm","jetpack_sharing_enabled":true,"_links":{"self":[{"href":"https:\/\/scandinavischelampen.nl\/fr\/wp-json\/wp\/v2\/product\/43959","targetHints":{"allow":["GET"]}}],"collection":[{"href":"https:\/\/scandinavischelampen.nl\/fr\/wp-json\/wp\/v2\/product"}],"about":[{"href":"https:\/\/scandinavischelampen.nl\/fr\/wp-json\/wp\/v2\/types\/product"}],"wp:featuredmedia":[{"embeddable":true,"href":"https:\/\/scandinavischelampen.nl\/fr\/wp-json\/wp\/v2\/media\/44075"}],"wp:attachment":[{"href":"https:\/\/scandinavischelampen.nl\/fr\/wp-json\/wp\/v2\/media?parent=43959"}],"wp:term":[{"taxonomy":"product_brand","embeddable":true,"href":"https:\/\/scandinavischelampen.nl\/fr\/wp-json\/wp\/v2\/product_brand?post=43959"},{"taxonomy":"product_cat","embeddable":true,"href":"https:\/\/scandinavischelampen.nl\/fr\/wp-json\/wp\/v2\/product_cat?post=43959"},{"taxonomy":"product_tag","embeddable":true,"href":"https:\/\/scandinavischelampen.nl\/fr\/wp-json\/wp\/v2\/product_tag?post=43959"}],"curies":[{"name":"wp","href":"https:\/\/api.w.org\/{rel}","templated":true}]}}