{"id":43542,"date":"2024-04-15T07:12:41","date_gmt":"2024-04-15T05:12:41","guid":{"rendered":"https:\/\/scandinavischelampen.nl\/?post_type=product&#038;p=43542"},"modified":"2024-04-15T17:41:40","modified_gmt":"2024-04-15T15:41:40","slug":"pendentif-lyfa-semi-maxi-kopie-kopie-kopie","status":"publish","type":"product","link":"https:\/\/scandinavischelampen.nl\/fr\/produit\/pendentif-lyfa-semi-maxi-kopie-kopie-kopie\/","title":{"rendered":"Lustre Semi Fog et Morrup Or Mini \u00d8 26 cm"},"content":{"rendered":"<section><\/section>\n<section><\/section>\n<h2 style=\"font-weight: 400;\">Lustre Semi Fog et Morrup Or Mini \u00d8 26 cm<\/h2>\n<p>D\u00e9couvrez l&rsquo;\u00e9l\u00e9gance intemporelle du lustre Semi, un chef-d&rsquo;\u0153uvre con\u00e7u en 1968 par Claus Bonderup et Torsten Thorup, pr\u00e9sent\u00e9 exclusivement avec une finition raffin\u00e9e en or 24 carats. Cette luxueuse variante de la c\u00e9l\u00e8bre collection Fog et Morrup est m\u00e9ticuleusement fil\u00e9e \u00e0 la main en aluminium et enrichie d&rsquo;une couche d&rsquo;or pur, cr\u00e9ant ainsi chaque lampe comme une pi\u00e8ce d&rsquo;art unique qui transforme votre espace avec une touche de grandeur.<\/p>\n<p>L&rsquo;abat-jour embl\u00e9matique en forme d&rsquo;arc du lustre Semi est non seulement un r\u00e9gal pour les yeux, mais aussi une merveille architecturale qui \u00e9met une lumi\u00e8re douce en forme de c\u00f4ne. Le design est parfait pour \u00eatre suspendu au-dessus d&rsquo;un \u00eelot de cuisine ou dans un coin sombre, peut-\u00eatre au-dessus d&rsquo;un beau buffet en bois.<\/p>\n<p>Le lustre Semi est plus qu&rsquo;un simple luminaire ; c&rsquo;est une d\u00e9claration de style et de sophistication qui s&rsquo;int\u00e8gre parfaitement dans les int\u00e9rieurs modernes et classiques. Avec sa forme l\u00e9g\u00e8re et intemporelle et sa polyvalence, ce luminaire compl\u00e8te facilement \u00e0 la fois les espaces priv\u00e9s et les environnements publics, o\u00f9 il est s\u00fbr d&rsquo;attirer les regards admiratifs.<\/p>\n<p>Offrez-vous le luxe de cette pi\u00e8ce exquise et apportez la lueur dor\u00e9e du lustre Semi dans votre maison ou votre bureau. Un ajout indispensable pour ceux qui tiennent l&rsquo;esth\u00e9tique et la qualit\u00e9 en haute estime.<\/p>\n<h2 style=\"font-weight: 400;\"><strong>Conditions<\/strong><\/h2>\n<p style=\"font-weight: 400;\">Ce lustre a environ 50 ans et est en tr\u00e8s bon \u00e9tat avec de l\u00e9g\u00e8res traces d&rsquo;utilisation pr\u00e9c\u00e9dente. La version mini est extr\u00eamement rare, et nous n&rsquo;en avons pas encore rencontr\u00e9. Nous avons remplac\u00e9 le c\u00e2blage \u00e9lectrique et \u00e9quip\u00e9 le lustre d&rsquo;un cordon noir.<\/p>\n<h2 style=\"font-weight: 400;\"><strong>Sp\u00e9cifications Lustre Semi Mini Or Lyfa<\/strong><\/h2>\n<ul style=\"font-weight: 400;\">\n<li>Hauteur : 10 cm<\/li>\n<li>Diam\u00e8tre : 26 cm<\/li>\n<li>Hauteur totale avec cordon 110 cm (r\u00e9glable lors de l&rsquo;installation)<\/li>\n<li>Mat\u00e9riau : aluminium<\/li>\n<li>Couleur du cordon : Noir<\/li>\n<li>Puissance maximale : 60W<\/li>\n<li>Culot: E27<\/li>\n<li>Convient aux lampes LED<\/li>\n<li>Poids : 2,5 kg<\/li>\n<\/ul>\n<h2><strong>\u00c0 propos de Fog og Morup<\/strong><\/h2>\n<p>Le voyage de Fog og M\u00f8rup a commenc\u00e9 en 1904 avec une modeste entreprise de gros dans trois petites pi\u00e8ces et un sous-sol \u00e0 Aarhus. Un quart de si\u00e8cle plus tard, cette entreprise \u00e9tait devenue l&rsquo;un des principaux fabricants de lampes du Danemark. En 1906, Ansgar Fog et Erik M\u00f8rup ont fait un geste remarquable en reprenant une entreprise \u00e0 Copenhague sp\u00e9cialis\u00e9e dans les articles d&rsquo;\u00e9clairage au gaz et au p\u00e9trole. Ils ont soigneusement emball\u00e9 tout l&rsquo;entrep\u00f4t de gros d&rsquo;Aarhus et l&rsquo;ont transport\u00e9 \u00e0 Copenhague en train. Ils ont m\u00eame emmen\u00e9 leur seul employ\u00e9, le jeune J\u00f8rgen, lors de ce voyage aventureux. Cependant, J\u00f8rgen a finalement choisi un autre chemin. Un matin, ils ont trouv\u00e9 une note. Il \u00e9tait rentr\u00e9 chez lui \u00e0 Aarhus, \u00ab parce qu\u2019il ne pouvait pas supporter cette nostalgie \u00bb.<\/p>\n<p>Le commerce des articles d&rsquo;\u00e9clairage prosp\u00e9rait, et l&rsquo;entreprise se d\u00e9veloppait r\u00e9guli\u00e8rement. En 1915, Fog et M\u00f8rup ont d\u00e9cid\u00e9 de cr\u00e9er trois modestes ateliers d\u00e9di\u00e9s \u00e0 la production de lustres. Ces ateliers marquaient les d\u00e9buts de leur propre production de lampes.<\/p>\n<p><a href=\"https:\/\/scandinavischelampen.nl\/product-categorie\/merken\/fog-morup\/\">D\u00e9sormais, explorez notre vaste collection de lampes vintage Fog og M\u00f8rup et laissez-vous enchanter par leur h\u00e9ritage de savoir-faire et de design.<\/a><\/p>\n","protected":false},"excerpt":{"rendered":"<p class=\"tw-data-text tw-text-large XcVN5d tw-ta\" dir=\"ltr\" data-placeholder=\"Vertaling\"><strong><span style=\"color: #00ff00;\">\u221a<\/span> <span style=\"color: #ff6600;\">Livraison gratuite en Europe d\u00e8s 350 \u20ac<\/span><br \/>\n<\/strong><strong><span style=\"color: #00ff00;\">\u221a<\/span> Command\u00e9 avant <span style=\"color: #ff6600;\">16h00<\/span>? G\u00e9n\u00e9ralement exp\u00e9di\u00e9 le m\u00eame jour<br \/>\n<\/strong><strong><span style=\"color: #00ff00;\">\u221a<\/span> <span style=\"color: #ff6600;\">14 jours<\/span> de r\u00e9flexion<br \/>\n<\/strong><strong><span style=\"color: #00ff00;\">\u221a<\/span> Convient pour les <span style=\"color: #ff6600;\">LED<\/span><\/strong><\/p>\n<ul style=\"font-weight: 400;\">\n<li><strong>Hauteur : 10 cm<\/strong><\/li>\n<li><strong>Diam\u00e8tre : 26 cm<\/strong><\/li>\n<\/ul>\n","protected":false},"featured_media":43650,"template":"","meta":{"_uag_custom_page_level_css":"","site-sidebar-layout":"default","site-content-layout":"default","ast-site-content-layout":"default","site-content-style":"default","site-sidebar-style":"default","ast-global-header-display":"","ast-banner-title-visibility":"","ast-main-header-display":"","ast-hfb-above-header-display":"","ast-hfb-below-header-display":"","ast-hfb-mobile-header-display":"","site-post-title":"","ast-breadcrumbs-content":"","ast-featured-img":"","footer-sml-layout":"","ast-disable-related-posts":"","theme-transparent-header-meta":"default","adv-header-id-meta":"","stick-header-meta":"","header-above-stick-meta":"","header-main-stick-meta":"","header-below-stick-meta":"","astra-migrate-meta-layouts":"set","ast-page-background-enabled":"default","ast-page-background-meta":{"desktop":{"background-color":"var(--ast-global-color-4)","background-image":"","background-repeat":"repeat","background-position":"center center","background-size":"auto","background-attachment":"scroll","background-type":"","background-media":"","overlay-type":"","overlay-color":"","overlay-opacity":"","overlay-gradient":""},"tablet":{"background-color":"","background-image":"","background-repeat":"repeat","background-position":"center center","background-size":"auto","background-attachment":"scroll","background-type":"","background-media":"","overlay-type":"","overlay-color":"","overlay-opacity":"","overlay-gradient":""},"mobile":{"background-color":"","background-image":"","background-repeat":"repeat","background-position":"center center","background-size":"auto","background-attachment":"scroll","background-type":"","background-media":"","overlay-type":"","overlay-color":"","overlay-opacity":"","overlay-gradient":""}},"ast-content-background-meta":{"desktop":{"background-color":"var(--ast-global-color-5)","background-image":"","background-repeat":"repeat","background-position":"center center","background-size":"auto","background-attachment":"scroll","background-type":"","background-media":"","overlay-type":"","overlay-color":"","overlay-opacity":"","overlay-gradient":""},"tablet":{"background-color":"var(--ast-global-color-5)","background-image":"","background-repeat":"repeat","background-position":"center center","background-size":"auto","background-attachment":"scroll","background-type":"","background-media":"","overlay-type":"","overlay-color":"","overlay-opacity":"","overlay-gradient":""},"mobile":{"background-color":"var(--ast-global-color-5)","background-image":"","background-repeat":"repeat","background-position":"center center","background-size":"auto","background-attachment":"scroll","background-type":"","background-media":"","overlay-type":"","overlay-color":"","overlay-opacity":"","overlay-gradient":""}}},"product_brand":[],"product_cat":[353,336,338,408,333,604],"product_tag":[352],"class_list":{"0":"post-43542","1":"product","2":"type-product","3":"status-publish","4":"has-post-thumbnail","6":"product_cat-eclairage-de-couloir","7":"product_cat-eclairage-de-la-cuisine","8":"product_cat-eclairage-du-salon","9":"product_cat-fog-morup-fr","10":"product_cat-suspensions-scandinaves","11":"product_cat-voir-notre-collection-complete","12":"product_tag-lor","13":"desktop-align-center","14":"tablet-align-left","15":"mobile-align-left","17":"first","18":"instock","19":"taxable","20":"shipping-taxable","21":"purchasable","22":"product-type-simple"},"yoast_head":"<!-- This site is optimized with the Yoast SEO plugin v27.4 - https:\/\/yoast.com\/product\/yoast-seo-wordpress\/ -->\n<title>Lustre Semi Fog et Morrup Or Mini \u00d8 26 cm - Lampes Scandinaves%.<\/title>\n<meta name=\"description\" content=\"Chef-d&#039;\u0153uvre con\u00e7u en 1968 par Claus Bonderup et Torsten Thorup, la lampe semi-suspension exclusivement dot\u00e9e d&#039;une finition raffin\u00e9e en or 24 carats.\" \/>\n<meta name=\"robots\" content=\"index, follow, max-snippet:-1, max-image-preview:large, max-video-preview:-1\" \/>\n<link rel=\"canonical\" href=\"https:\/\/scandinavischelampen.nl\/fr\/produit\/pendentif-lyfa-semi-maxi-kopie-kopie-kopie\/\" \/>\n<meta property=\"og:locale\" content=\"fr_FR\" \/>\n<meta property=\"og:type\" content=\"article\" \/>\n<meta property=\"og:title\" content=\"Lustre Semi Fog et Morrup Or Mini \u00d8 26 cm - Lampes Scandinaves%.\" \/>\n<meta property=\"og:description\" content=\"Chef-d&#039;\u0153uvre con\u00e7u en 1968 par Claus Bonderup et Torsten Thorup, la lampe semi-suspension exclusivement dot\u00e9e d&#039;une finition raffin\u00e9e en or 24 carats.\" \/>\n<meta property=\"og:url\" content=\"https:\/\/scandinavischelampen.nl\/fr\/produit\/pendentif-lyfa-semi-maxi-kopie-kopie-kopie\/\" \/>\n<meta property=\"og:site_name\" content=\"Lampes Scandinaves\" \/>\n<meta property=\"article:publisher\" content=\"https:\/\/www.facebook.com\/scandinavischelampen\/\" \/>\n<meta property=\"article:modified_time\" content=\"2024-04-15T15:41:40+00:00\" \/>\n<meta property=\"og:image\" content=\"https:\/\/i0.wp.com\/scandinavischelampen.nl\/wp-content\/uploads\/2024\/04\/IMG_7847-2-kopieren-scaled.jpg?fit=1920%2C2560&ssl=1\" \/>\n\t<meta property=\"og:image:width\" content=\"1920\" \/>\n\t<meta property=\"og:image:height\" content=\"2560\" \/>\n\t<meta property=\"og:image:type\" content=\"image\/jpeg\" \/>\n<meta name=\"twitter:card\" content=\"summary_large_image\" \/>\n<meta name=\"twitter:label1\" content=\"Dur\u00e9e de lecture estim\u00e9e\" \/>\n\t<meta name=\"twitter:data1\" content=\"3 minutes\" \/>\n<script type=\"application\/ld+json\" class=\"yoast-schema-graph\">{\"@context\":\"https:\\\/\\\/schema.org\",\"@graph\":[{\"@type\":\"WebPage\",\"@id\":\"https:\\\/\\\/scandinavischelampen.nl\\\/fr\\\/produit\\\/pendentif-lyfa-semi-maxi-kopie-kopie-kopie\\\/\",\"url\":\"https:\\\/\\\/scandinavischelampen.nl\\\/fr\\\/produit\\\/pendentif-lyfa-semi-maxi-kopie-kopie-kopie\\\/\",\"name\":\"Lustre Semi Fog et Morrup Or Mini \u00d8 26 cm - Lampes Scandinaves%.\",\"isPartOf\":{\"@id\":\"https:\\\/\\\/scandinavischelampen.nl\\\/fr\\\/#website\"},\"primaryImageOfPage\":{\"@id\":\"https:\\\/\\\/scandinavischelampen.nl\\\/fr\\\/produit\\\/pendentif-lyfa-semi-maxi-kopie-kopie-kopie\\\/#primaryimage\"},\"image\":{\"@id\":\"https:\\\/\\\/scandinavischelampen.nl\\\/fr\\\/produit\\\/pendentif-lyfa-semi-maxi-kopie-kopie-kopie\\\/#primaryimage\"},\"thumbnailUrl\":\"https:\\\/\\\/i0.wp.com\\\/scandinavischelampen.nl\\\/wp-content\\\/uploads\\\/2024\\\/04\\\/IMG_7847-2-kopieren-scaled.jpg?fit=1920%2C2560&ssl=1\",\"datePublished\":\"2024-04-15T05:12:41+00:00\",\"dateModified\":\"2024-04-15T15:41:40+00:00\",\"description\":\"Chef-d'\u0153uvre con\u00e7u en 1968 par Claus Bonderup et Torsten Thorup, la lampe semi-suspension exclusivement dot\u00e9e d'une finition raffin\u00e9e en or 24 carats.\",\"breadcrumb\":{\"@id\":\"https:\\\/\\\/scandinavischelampen.nl\\\/fr\\\/produit\\\/pendentif-lyfa-semi-maxi-kopie-kopie-kopie\\\/#breadcrumb\"},\"inLanguage\":\"fr-FR\",\"potentialAction\":[{\"@type\":\"ReadAction\",\"target\":[\"https:\\\/\\\/scandinavischelampen.nl\\\/fr\\\/produit\\\/pendentif-lyfa-semi-maxi-kopie-kopie-kopie\\\/\"]}]},{\"@type\":\"ImageObject\",\"inLanguage\":\"fr-FR\",\"@id\":\"https:\\\/\\\/scandinavischelampen.nl\\\/fr\\\/produit\\\/pendentif-lyfa-semi-maxi-kopie-kopie-kopie\\\/#primaryimage\",\"url\":\"https:\\\/\\\/i0.wp.com\\\/scandinavischelampen.nl\\\/wp-content\\\/uploads\\\/2024\\\/04\\\/IMG_7847-2-kopieren-scaled.jpg?fit=1920%2C2560&ssl=1\",\"contentUrl\":\"https:\\\/\\\/i0.wp.com\\\/scandinavischelampen.nl\\\/wp-content\\\/uploads\\\/2024\\\/04\\\/IMG_7847-2-kopieren-scaled.jpg?fit=1920%2C2560&ssl=1\",\"width\":1920,\"height\":2560,\"caption\":\"Lustre Semi Fog et Morrup Or Mini \u00d8 26 cm\"},{\"@type\":\"BreadcrumbList\",\"@id\":\"https:\\\/\\\/scandinavischelampen.nl\\\/fr\\\/produit\\\/pendentif-lyfa-semi-maxi-kopie-kopie-kopie\\\/#breadcrumb\",\"itemListElement\":[{\"@type\":\"ListItem\",\"position\":1,\"name\":\"Home\",\"item\":\"https:\\\/\\\/scandinavischelampen.nl\\\/fr\\\/\"},{\"@type\":\"ListItem\",\"position\":2,\"name\":\"Boutique\",\"item\":\"https:\\\/\\\/scandinavischelampen.nl\\\/fr\\\/boutique\\\/\"},{\"@type\":\"ListItem\",\"position\":3,\"name\":\"Lustre Semi Fog et Morrup Or Mini \u00d8 26 cm\"}]},{\"@type\":\"WebSite\",\"@id\":\"https:\\\/\\\/scandinavischelampen.nl\\\/fr\\\/#website\",\"url\":\"https:\\\/\\\/scandinavischelampen.nl\\\/fr\\\/\",\"name\":\"Scandinavische Lampen\",\"description\":\"Luminaire design vintage\",\"publisher\":{\"@id\":\"https:\\\/\\\/scandinavischelampen.nl\\\/fr\\\/#organization\"},\"potentialAction\":[{\"@type\":\"SearchAction\",\"target\":{\"@type\":\"EntryPoint\",\"urlTemplate\":\"https:\\\/\\\/scandinavischelampen.nl\\\/fr\\\/?s={search_term_string}\"},\"query-input\":{\"@type\":\"PropertyValueSpecification\",\"valueRequired\":true,\"valueName\":\"search_term_string\"}}],\"inLanguage\":\"fr-FR\"},{\"@type\":\"Organization\",\"@id\":\"https:\\\/\\\/scandinavischelampen.nl\\\/fr\\\/#organization\",\"name\":\"Scandinavische Lampen\",\"url\":\"https:\\\/\\\/scandinavischelampen.nl\\\/fr\\\/\",\"logo\":{\"@type\":\"ImageObject\",\"inLanguage\":\"fr-FR\",\"@id\":\"https:\\\/\\\/scandinavischelampen.nl\\\/fr\\\/#\\\/schema\\\/logo\\\/image\\\/\",\"url\":\"https:\\\/\\\/i0.wp.com\\\/scandinavischelampen.nl\\\/wp-content\\\/uploads\\\/2023\\\/07\\\/cropped-Scandinavische-lampen-logo-oranje-01-scaled.png?fit=4717%2C1570&ssl=1\",\"contentUrl\":\"https:\\\/\\\/i0.wp.com\\\/scandinavischelampen.nl\\\/wp-content\\\/uploads\\\/2023\\\/07\\\/cropped-Scandinavische-lampen-logo-oranje-01-scaled.png?fit=4717%2C1570&ssl=1\",\"width\":4717,\"height\":1570,\"caption\":\"Scandinavische Lampen\"},\"image\":{\"@id\":\"https:\\\/\\\/scandinavischelampen.nl\\\/fr\\\/#\\\/schema\\\/logo\\\/image\\\/\"},\"sameAs\":[\"https:\\\/\\\/www.facebook.com\\\/scandinavischelampen\\\/\",\"https:\\\/\\\/www.instagram.com\\\/scandinavische_lampen\\\/\"]}]}<\/script>\n<!-- \/ Yoast SEO plugin. -->","yoast_head_json":{"title":"Lustre Semi Fog et Morrup Or Mini \u00d8 26 cm - Lampes Scandinaves%.","description":"Chef-d'\u0153uvre con\u00e7u en 1968 par Claus Bonderup et Torsten Thorup, la lampe semi-suspension exclusivement dot\u00e9e d'une finition raffin\u00e9e en or 24 carats.","robots":{"index":"index","follow":"follow","max-snippet":"max-snippet:-1","max-image-preview":"max-image-preview:large","max-video-preview":"max-video-preview:-1"},"canonical":"https:\/\/scandinavischelampen.nl\/fr\/produit\/pendentif-lyfa-semi-maxi-kopie-kopie-kopie\/","og_locale":"fr_FR","og_type":"article","og_title":"Lustre Semi Fog et Morrup Or Mini \u00d8 26 cm - Lampes Scandinaves%.","og_description":"Chef-d'\u0153uvre con\u00e7u en 1968 par Claus Bonderup et Torsten Thorup, la lampe semi-suspension exclusivement dot\u00e9e d'une finition raffin\u00e9e en or 24 carats.","og_url":"https:\/\/scandinavischelampen.nl\/fr\/produit\/pendentif-lyfa-semi-maxi-kopie-kopie-kopie\/","og_site_name":"Lampes Scandinaves","article_publisher":"https:\/\/www.facebook.com\/scandinavischelampen\/","article_modified_time":"2024-04-15T15:41:40+00:00","og_image":[{"width":1920,"height":2560,"url":"https:\/\/i0.wp.com\/scandinavischelampen.nl\/wp-content\/uploads\/2024\/04\/IMG_7847-2-kopieren-scaled.jpg?fit=1920%2C2560&ssl=1","type":"image\/jpeg"}],"twitter_card":"summary_large_image","twitter_misc":{"Dur\u00e9e de lecture estim\u00e9e":"3 minutes"},"schema":{"@context":"https:\/\/schema.org","@graph":[{"@type":"WebPage","@id":"https:\/\/scandinavischelampen.nl\/fr\/produit\/pendentif-lyfa-semi-maxi-kopie-kopie-kopie\/","url":"https:\/\/scandinavischelampen.nl\/fr\/produit\/pendentif-lyfa-semi-maxi-kopie-kopie-kopie\/","name":"Lustre Semi Fog et Morrup Or Mini \u00d8 26 cm - Lampes Scandinaves%.","isPartOf":{"@id":"https:\/\/scandinavischelampen.nl\/fr\/#website"},"primaryImageOfPage":{"@id":"https:\/\/scandinavischelampen.nl\/fr\/produit\/pendentif-lyfa-semi-maxi-kopie-kopie-kopie\/#primaryimage"},"image":{"@id":"https:\/\/scandinavischelampen.nl\/fr\/produit\/pendentif-lyfa-semi-maxi-kopie-kopie-kopie\/#primaryimage"},"thumbnailUrl":"https:\/\/i0.wp.com\/scandinavischelampen.nl\/wp-content\/uploads\/2024\/04\/IMG_7847-2-kopieren-scaled.jpg?fit=1920%2C2560&ssl=1","datePublished":"2024-04-15T05:12:41+00:00","dateModified":"2024-04-15T15:41:40+00:00","description":"Chef-d'\u0153uvre con\u00e7u en 1968 par Claus Bonderup et Torsten Thorup, la lampe semi-suspension exclusivement dot\u00e9e d'une finition raffin\u00e9e en or 24 carats.","breadcrumb":{"@id":"https:\/\/scandinavischelampen.nl\/fr\/produit\/pendentif-lyfa-semi-maxi-kopie-kopie-kopie\/#breadcrumb"},"inLanguage":"fr-FR","potentialAction":[{"@type":"ReadAction","target":["https:\/\/scandinavischelampen.nl\/fr\/produit\/pendentif-lyfa-semi-maxi-kopie-kopie-kopie\/"]}]},{"@type":"ImageObject","inLanguage":"fr-FR","@id":"https:\/\/scandinavischelampen.nl\/fr\/produit\/pendentif-lyfa-semi-maxi-kopie-kopie-kopie\/#primaryimage","url":"https:\/\/i0.wp.com\/scandinavischelampen.nl\/wp-content\/uploads\/2024\/04\/IMG_7847-2-kopieren-scaled.jpg?fit=1920%2C2560&ssl=1","contentUrl":"https:\/\/i0.wp.com\/scandinavischelampen.nl\/wp-content\/uploads\/2024\/04\/IMG_7847-2-kopieren-scaled.jpg?fit=1920%2C2560&ssl=1","width":1920,"height":2560,"caption":"Lustre Semi Fog et Morrup Or Mini \u00d8 26 cm"},{"@type":"BreadcrumbList","@id":"https:\/\/scandinavischelampen.nl\/fr\/produit\/pendentif-lyfa-semi-maxi-kopie-kopie-kopie\/#breadcrumb","itemListElement":[{"@type":"ListItem","position":1,"name":"Home","item":"https:\/\/scandinavischelampen.nl\/fr\/"},{"@type":"ListItem","position":2,"name":"Boutique","item":"https:\/\/scandinavischelampen.nl\/fr\/boutique\/"},{"@type":"ListItem","position":3,"name":"Lustre Semi Fog et Morrup Or Mini \u00d8 26 cm"}]},{"@type":"WebSite","@id":"https:\/\/scandinavischelampen.nl\/fr\/#website","url":"https:\/\/scandinavischelampen.nl\/fr\/","name":"Scandinavische Lampen","description":"Luminaire design vintage","publisher":{"@id":"https:\/\/scandinavischelampen.nl\/fr\/#organization"},"potentialAction":[{"@type":"SearchAction","target":{"@type":"EntryPoint","urlTemplate":"https:\/\/scandinavischelampen.nl\/fr\/?s={search_term_string}"},"query-input":{"@type":"PropertyValueSpecification","valueRequired":true,"valueName":"search_term_string"}}],"inLanguage":"fr-FR"},{"@type":"Organization","@id":"https:\/\/scandinavischelampen.nl\/fr\/#organization","name":"Scandinavische Lampen","url":"https:\/\/scandinavischelampen.nl\/fr\/","logo":{"@type":"ImageObject","inLanguage":"fr-FR","@id":"https:\/\/scandinavischelampen.nl\/fr\/#\/schema\/logo\/image\/","url":"https:\/\/i0.wp.com\/scandinavischelampen.nl\/wp-content\/uploads\/2023\/07\/cropped-Scandinavische-lampen-logo-oranje-01-scaled.png?fit=4717%2C1570&ssl=1","contentUrl":"https:\/\/i0.wp.com\/scandinavischelampen.nl\/wp-content\/uploads\/2023\/07\/cropped-Scandinavische-lampen-logo-oranje-01-scaled.png?fit=4717%2C1570&ssl=1","width":4717,"height":1570,"caption":"Scandinavische Lampen"},"image":{"@id":"https:\/\/scandinavischelampen.nl\/fr\/#\/schema\/logo\/image\/"},"sameAs":["https:\/\/www.facebook.com\/scandinavischelampen\/","https:\/\/www.instagram.com\/scandinavische_lampen\/"]}]}},"uagb_featured_image_src":{"full":["https:\/\/i0.wp.com\/scandinavischelampen.nl\/wp-content\/uploads\/2024\/04\/IMG_7847-2-kopieren-scaled.jpg?fit=1920%2C2560&ssl=1",1920,2560,false],"thumbnail":["https:\/\/i0.wp.com\/scandinavischelampen.nl\/wp-content\/uploads\/2024\/04\/IMG_7847-2-kopieren-scaled.jpg?resize=150%2C150&ssl=1",150,150,true],"medium":["https:\/\/i0.wp.com\/scandinavischelampen.nl\/wp-content\/uploads\/2024\/04\/IMG_7847-2-kopieren-scaled.jpg?fit=225%2C300&ssl=1",225,300,true],"medium_large":["https:\/\/i0.wp.com\/scandinavischelampen.nl\/wp-content\/uploads\/2024\/04\/IMG_7847-2-kopieren-scaled.jpg?fit=768%2C1024&ssl=1",768,1024,true],"large":["https:\/\/i0.wp.com\/scandinavischelampen.nl\/wp-content\/uploads\/2024\/04\/IMG_7847-2-kopieren-scaled.jpg?fit=768%2C1024&ssl=1",768,1024,true],"1536x1536":["https:\/\/i0.wp.com\/scandinavischelampen.nl\/wp-content\/uploads\/2024\/04\/IMG_7847-2-kopieren-scaled.jpg?fit=1152%2C1536&ssl=1",1152,1536,true],"2048x2048":["https:\/\/i0.wp.com\/scandinavischelampen.nl\/wp-content\/uploads\/2024\/04\/IMG_7847-2-kopieren-scaled.jpg?fit=1536%2C2048&ssl=1",1536,2048,true],"woocommerce_thumbnail":["https:\/\/i0.wp.com\/scandinavischelampen.nl\/wp-content\/uploads\/2024\/04\/IMG_7847-2-kopieren-scaled.jpg?resize=300%2C300&ssl=1",300,300,true],"woocommerce_single":["https:\/\/i0.wp.com\/scandinavischelampen.nl\/wp-content\/uploads\/2024\/04\/IMG_7847-2-kopieren-scaled.jpg?fit=600%2C800&ssl=1",600,800,true],"woocommerce_gallery_thumbnail":["https:\/\/i0.wp.com\/scandinavischelampen.nl\/wp-content\/uploads\/2024\/04\/IMG_7847-2-kopieren-scaled.jpg?resize=100%2C100&ssl=1",100,100,true],"thaps-thumb-img":["https:\/\/i0.wp.com\/scandinavischelampen.nl\/wp-content\/uploads\/2024\/04\/IMG_7847-2-kopieren-scaled.jpg?resize=48%2C64&ssl=1",48,64,true]},"uagb_author_info":{"display_name":"administrator","author_link":"https:\/\/scandinavischelampen.nl\/fr\/author\/"},"uagb_comment_info":0,"uagb_excerpt":"\u221a Livraison gratuite en Europe d\u00e8s 350 \u20ac \u221a Command\u00e9 avant 16h00? G\u00e9n\u00e9ralement exp\u00e9di\u00e9 le m\u00eame jour \u221a 14 jours de r\u00e9flexion \u221a Convient pour les LED Hauteur : 10 cm Diam\u00e8tre : 26 cm","jetpack_sharing_enabled":true,"_links":{"self":[{"href":"https:\/\/scandinavischelampen.nl\/fr\/wp-json\/wp\/v2\/product\/43542","targetHints":{"allow":["GET"]}}],"collection":[{"href":"https:\/\/scandinavischelampen.nl\/fr\/wp-json\/wp\/v2\/product"}],"about":[{"href":"https:\/\/scandinavischelampen.nl\/fr\/wp-json\/wp\/v2\/types\/product"}],"wp:featuredmedia":[{"embeddable":true,"href":"https:\/\/scandinavischelampen.nl\/fr\/wp-json\/wp\/v2\/media\/43650"}],"wp:attachment":[{"href":"https:\/\/scandinavischelampen.nl\/fr\/wp-json\/wp\/v2\/media?parent=43542"}],"wp:term":[{"taxonomy":"product_brand","embeddable":true,"href":"https:\/\/scandinavischelampen.nl\/fr\/wp-json\/wp\/v2\/product_brand?post=43542"},{"taxonomy":"product_cat","embeddable":true,"href":"https:\/\/scandinavischelampen.nl\/fr\/wp-json\/wp\/v2\/product_cat?post=43542"},{"taxonomy":"product_tag","embeddable":true,"href":"https:\/\/scandinavischelampen.nl\/fr\/wp-json\/wp\/v2\/product_tag?post=43542"}],"curies":[{"name":"wp","href":"https:\/\/api.w.org\/{rel}","templated":true}]}}