{"id":42628,"date":"2024-04-10T19:11:21","date_gmt":"2024-04-10T17:11:21","guid":{"rendered":"https:\/\/scandinavischelampen.nl\/?post_type=product&#038;p=42628"},"modified":"2026-03-01T19:43:52","modified_gmt":"2026-03-01T18:43:52","slug":"raadvad-broodsnijder-creme-kleurig-met-gouden-letters-4","status":"publish","type":"product","link":"https:\/\/scandinavischelampen.nl\/fr\/produit\/raadvad-broodsnijder-creme-kleurig-met-gouden-letters-4\/","title":{"rendered":"Coupe-pain Raadvad cr\u00e8me color\u00e9 avec lettres dor\u00e9es"},"content":{"rendered":"<h2>Coupe-pain Raadvad cr\u00e8me color\u00e9 avec lettres dor\u00e9es<\/h2>\n<p>Cette invention danoise est id\u00e9ale pour couper le pain. Ce coupe-pain Raadvad de couleur cr\u00e8me avec lettres dor\u00e9es poss\u00e8de une lame en acier inoxydable tranchante comme un rasoir et une planche en bois sur laquelle vous pouvez placer le pain. Ensuite, vous d\u00e9terminez l&rsquo;\u00e9paisseur de pain souhait\u00e9e et laissez la guillotine faire son travail. En plus du pain, le Raadvad convient \u00e9galement parfaitement pour couper des l\u00e9gumes, de la viande et du fromage, par exemple.<\/p>\n<p>Bien que le coupe-pain Raadvad soit encore utilis\u00e9 quotidiennement au Danemark, le Raadvad est souvent utilis\u00e9 pour la d\u00e9coration aux Pays-Bas. Le Raadvad est un accroche-regard cool pour, par exemple, l&rsquo;industrie h\u00f4teli\u00e8re, les magasins sp\u00e9cialis\u00e9s et les boulangers. Le design du Raadvad est un classique danois. Gardez-le hors de port\u00e9e des enfants car la lame est tranchante comme un rasoir !<\/p>\n<h2>Condition<\/h2>\n<p>Ce Raadvad de couleur cr\u00e8me a environ 30 ans et est en bon \u00e9tat avec des signes mineurs d&rsquo;utilisation ant\u00e9rieure.<\/p>\n<h2>Caract\u00e9ristiques<\/h2>\n<ul>\n<li>Hauteur : 24 cm<\/li>\n<li>Largeur : 35,5 cm<\/li>\n<li>Couleur : noir<\/li>\n<li>Mat\u00e9riau : m\u00e9tal, bois<\/li>\n<li>Poids : 3 kg<\/li>\n<\/ul>\n<h2>Entretien des couteaux<\/h2>\n<p>Pour garder la lame tranchante, vous pouvez l&rsquo;aiguiser de temps en temps. Nous n&rsquo;aiguisons pas les couteaux nous-m\u00eames, car les coupe-pain sont souvent achet\u00e9s comme d\u00e9coration.<\/p>\n<h2>Notre stock<\/h2>\n<p>Les Raadvads que nous proposons sont tous disponibles en stock. Cela signifie que nous exp\u00e9dions souvent votre commande le m\u00eame jour ou le jour ouvrable suivant. Veuillez noter que nous n&rsquo;avons g\u00e9n\u00e9ralement qu&rsquo;un seul article en stock. Parce que nous ne vendons que des Raadvad vintage, il n&rsquo;est pas certain que nous recevrons \u00e0 nouveau cette couleur Raadvad \u00e0 l&rsquo;avenir. <a href=\"https:\/\/scandinavischelampen.nl\/product-categorie\/raadvad\/\">D\u00e9couvrez notre collection compl\u00e8te de coupe-pain Raadvad vintage ici.<\/a><\/p>\n<h2>Les options d&rsquo;exp\u00e9dition<\/h2>\n<p>Dans le monde entier, il est possible de commander chez nous. Nous exp\u00e9dions les lampes par courrier recommand\u00e9, bien emball\u00e9es dans du papier bulle \u00e9pais et dans des bo\u00eetes \u00e0 double couche. D\u00e8s que votre colis aura \u00e9t\u00e9 exp\u00e9di\u00e9, vous recevrez un e-mail de Post NL. Vous trouverez ici les informations de suivi de piste avec lesquelles vous pouvez suivre le colis jusqu&rsquo;\u00e0 votre porte d&rsquo;entr\u00e9e. Apr\u00e8s r\u00e9ception de votre commande, vous avez 14 jours pour changer d&rsquo;avis.<\/p>\n<h2>Histoire Raadvad<\/h2>\n<p>L&rsquo;usine Raadvaddam a \u00e9t\u00e9 fond\u00e9e en 1759 dans la ville danoise de Raadvaddam. La manufacture ne se concentrait pas sur les produits de luxe, selon un catalogue de la manufacture de 1805, mais sur les biens utiles aux professionnels. Cette philosophie n&rsquo;a jamais chang\u00e9. Raadvad a commenc\u00e9 \u00e0 se sp\u00e9cialiser dans les produits de couteaux et de coupe-pain de tr\u00e8s bonne qualit\u00e9. Cela comprenait \u00e9galement un changement de nom, le nom de l&rsquo;usine a \u00e9t\u00e9 chang\u00e9 en : Usines Raadvad Knife. L&rsquo;usine existe depuis plus de 250 ans et est internationalement connue pour sa haute qualit\u00e9. Ove Larsen a con\u00e7u la trancheuse \u00e0 pain Raadvad en 1939. Le design est devenu une ic\u00f4ne du design danois !<\/p>\n","protected":false},"excerpt":{"rendered":"<p>Vous cherchez un accroche-regard cool dans votre cuisine ? Alors ce beau Raadvad est ce que vous recherchez.<\/p>\n<ul>\n<li><span class=\"s1\">Hauteur : 24 cm  <\/span><\/li>\n<li><span class=\"s1\">Largeur : 35,5 cm <\/span><\/li>\n<li>Couleur : noir<\/li>\n<li>Livraison internationale<\/li>\n<li>D\u00e9lai de r\u00e9flexion de 14 jours<\/li>\n<\/ul>\n","protected":false},"featured_media":62991,"template":"","meta":{"_uag_custom_page_level_css":"","site-sidebar-layout":"default","site-content-layout":"default","ast-site-content-layout":"default","site-content-style":"default","site-sidebar-style":"default","ast-global-header-display":"","ast-banner-title-visibility":"","ast-main-header-display":"","ast-hfb-above-header-display":"","ast-hfb-below-header-display":"","ast-hfb-mobile-header-display":"","site-post-title":"","ast-breadcrumbs-content":"","ast-featured-img":"","footer-sml-layout":"","ast-disable-related-posts":"","theme-transparent-header-meta":"default","adv-header-id-meta":"","stick-header-meta":"","header-above-stick-meta":"","header-main-stick-meta":"","header-below-stick-meta":"","astra-migrate-meta-layouts":"set","ast-page-background-enabled":"default","ast-page-background-meta":{"desktop":{"background-color":"var(--ast-global-color-4)","background-image":"","background-repeat":"repeat","background-position":"center center","background-size":"auto","background-attachment":"scroll","background-type":"","background-media":"","overlay-type":"","overlay-color":"","overlay-opacity":"","overlay-gradient":""},"tablet":{"background-color":"","background-image":"","background-repeat":"repeat","background-position":"center center","background-size":"auto","background-attachment":"scroll","background-type":"","background-media":"","overlay-type":"","overlay-color":"","overlay-opacity":"","overlay-gradient":""},"mobile":{"background-color":"","background-image":"","background-repeat":"repeat","background-position":"center center","background-size":"auto","background-attachment":"scroll","background-type":"","background-media":"","overlay-type":"","overlay-color":"","overlay-opacity":"","overlay-gradient":""}},"ast-content-background-meta":{"desktop":{"background-color":"var(--ast-global-color-5)","background-image":"","background-repeat":"repeat","background-position":"center center","background-size":"auto","background-attachment":"scroll","background-type":"","background-media":"","overlay-type":"","overlay-color":"","overlay-opacity":"","overlay-gradient":""},"tablet":{"background-color":"var(--ast-global-color-5)","background-image":"","background-repeat":"repeat","background-position":"center center","background-size":"auto","background-attachment":"scroll","background-type":"","background-media":"","overlay-type":"","overlay-color":"","overlay-opacity":"","overlay-gradient":""},"mobile":{"background-color":"var(--ast-global-color-5)","background-image":"","background-repeat":"repeat","background-position":"center center","background-size":"auto","background-attachment":"scroll","background-type":"","background-media":"","overlay-type":"","overlay-color":"","overlay-opacity":"","overlay-gradient":""}}},"product_brand":[],"product_cat":[344,345,604],"product_tag":[351],"class_list":{"0":"post-42628","1":"product","2":"type-product","3":"status-publish","4":"has-post-thumbnail","6":"product_cat-raadvad-fr","7":"product_cat-raadvad-fr-fr","8":"product_cat-voir-notre-collection-complete","9":"product_tag-creme-fr","10":"desktop-align-center","11":"tablet-align-left","12":"mobile-align-left","14":"first","15":"instock","16":"taxable","17":"shipping-taxable","18":"purchasable","19":"product-type-simple"},"yoast_head":"<!-- This site is optimized with the Yoast SEO plugin v27.4 - https:\/\/yoast.com\/product\/yoast-seo-wordpress\/ -->\n<title>Coupe-pain Raadvad cr\u00e8me color\u00e9 avec lettres dor\u00e9es - Vintage<\/title>\n<meta name=\"description\" content=\"Coupe-pain vintage Raadvad cr\u00e8me color\u00e9 avec lettres dor\u00e9es en bon \u00e9tat. D\u00e9coration \u00e9l\u00e9gante, par exemple dans l&#039;industrie h\u00f4teli\u00e8re, les p\u00e2tisseries, les magasins sp\u00e9cialis\u00e9s.\" \/>\n<meta name=\"robots\" content=\"index, follow, max-snippet:-1, max-image-preview:large, max-video-preview:-1\" \/>\n<link rel=\"canonical\" href=\"https:\/\/scandinavischelampen.nl\/fr\/produit\/raadvad-broodsnijder-creme-kleurig-met-gouden-letters-4\/\" \/>\n<meta property=\"og:locale\" content=\"fr_FR\" \/>\n<meta property=\"og:type\" content=\"article\" \/>\n<meta property=\"og:title\" content=\"Coupe-pain Raadvad cr\u00e8me color\u00e9 avec lettres dor\u00e9es - Vintage\" \/>\n<meta property=\"og:description\" content=\"Coupe-pain vintage Raadvad cr\u00e8me color\u00e9 avec lettres dor\u00e9es en bon \u00e9tat. D\u00e9coration \u00e9l\u00e9gante, par exemple dans l&#039;industrie h\u00f4teli\u00e8re, les p\u00e2tisseries, les magasins sp\u00e9cialis\u00e9s.\" \/>\n<meta property=\"og:url\" content=\"https:\/\/scandinavischelampen.nl\/fr\/produit\/raadvad-broodsnijder-creme-kleurig-met-gouden-letters-4\/\" \/>\n<meta property=\"og:site_name\" content=\"Lampes Scandinaves\" \/>\n<meta property=\"article:publisher\" content=\"https:\/\/www.facebook.com\/scandinavischelampen\/\" \/>\n<meta property=\"article:modified_time\" content=\"2026-03-01T18:43:52+00:00\" \/>\n<meta property=\"og:image\" content=\"https:\/\/i0.wp.com\/scandinavischelampen.nl\/wp-content\/uploads\/2024\/04\/IMG_1864-kopie-scaled.jpg?fit=2560%2C1920&ssl=1\" \/>\n\t<meta property=\"og:image:width\" content=\"2560\" \/>\n\t<meta property=\"og:image:height\" content=\"1920\" \/>\n\t<meta property=\"og:image:type\" content=\"image\/jpeg\" \/>\n<meta name=\"twitter:card\" content=\"summary_large_image\" \/>\n<meta name=\"twitter:label1\" content=\"Dur\u00e9e de lecture estim\u00e9e\" \/>\n\t<meta name=\"twitter:data1\" content=\"3 minutes\" \/>\n<script type=\"application\/ld+json\" class=\"yoast-schema-graph\">{\"@context\":\"https:\\\/\\\/schema.org\",\"@graph\":[{\"@type\":\"WebPage\",\"@id\":\"https:\\\/\\\/scandinavischelampen.nl\\\/fr\\\/produit\\\/raadvad-broodsnijder-creme-kleurig-met-gouden-letters-4\\\/\",\"url\":\"https:\\\/\\\/scandinavischelampen.nl\\\/fr\\\/produit\\\/raadvad-broodsnijder-creme-kleurig-met-gouden-letters-4\\\/\",\"name\":\"Coupe-pain Raadvad cr\u00e8me color\u00e9 avec lettres dor\u00e9es - Vintage\",\"isPartOf\":{\"@id\":\"https:\\\/\\\/scandinavischelampen.nl\\\/fr\\\/#website\"},\"primaryImageOfPage\":{\"@id\":\"https:\\\/\\\/scandinavischelampen.nl\\\/fr\\\/produit\\\/raadvad-broodsnijder-creme-kleurig-met-gouden-letters-4\\\/#primaryimage\"},\"image\":{\"@id\":\"https:\\\/\\\/scandinavischelampen.nl\\\/fr\\\/produit\\\/raadvad-broodsnijder-creme-kleurig-met-gouden-letters-4\\\/#primaryimage\"},\"thumbnailUrl\":\"https:\\\/\\\/i0.wp.com\\\/scandinavischelampen.nl\\\/wp-content\\\/uploads\\\/2024\\\/04\\\/IMG_1864-kopie-scaled.jpg?fit=2560%2C1920&ssl=1\",\"datePublished\":\"2024-04-10T17:11:21+00:00\",\"dateModified\":\"2026-03-01T18:43:52+00:00\",\"description\":\"Coupe-pain vintage Raadvad cr\u00e8me color\u00e9 avec lettres dor\u00e9es en bon \u00e9tat. D\u00e9coration \u00e9l\u00e9gante, par exemple dans l'industrie h\u00f4teli\u00e8re, les p\u00e2tisseries, les magasins sp\u00e9cialis\u00e9s.\",\"breadcrumb\":{\"@id\":\"https:\\\/\\\/scandinavischelampen.nl\\\/fr\\\/produit\\\/raadvad-broodsnijder-creme-kleurig-met-gouden-letters-4\\\/#breadcrumb\"},\"inLanguage\":\"fr-FR\",\"potentialAction\":[{\"@type\":\"ReadAction\",\"target\":[\"https:\\\/\\\/scandinavischelampen.nl\\\/fr\\\/produit\\\/raadvad-broodsnijder-creme-kleurig-met-gouden-letters-4\\\/\"]}]},{\"@type\":\"ImageObject\",\"inLanguage\":\"fr-FR\",\"@id\":\"https:\\\/\\\/scandinavischelampen.nl\\\/fr\\\/produit\\\/raadvad-broodsnijder-creme-kleurig-met-gouden-letters-4\\\/#primaryimage\",\"url\":\"https:\\\/\\\/i0.wp.com\\\/scandinavischelampen.nl\\\/wp-content\\\/uploads\\\/2024\\\/04\\\/IMG_1864-kopie-scaled.jpg?fit=2560%2C1920&ssl=1\",\"contentUrl\":\"https:\\\/\\\/i0.wp.com\\\/scandinavischelampen.nl\\\/wp-content\\\/uploads\\\/2024\\\/04\\\/IMG_1864-kopie-scaled.jpg?fit=2560%2C1920&ssl=1\",\"width\":2560,\"height\":1920,\"caption\":\"Coupe-pain Raadvad cr\u00e8me color\u00e9 avec lettres dor\u00e9es\"},{\"@type\":\"BreadcrumbList\",\"@id\":\"https:\\\/\\\/scandinavischelampen.nl\\\/fr\\\/produit\\\/raadvad-broodsnijder-creme-kleurig-met-gouden-letters-4\\\/#breadcrumb\",\"itemListElement\":[{\"@type\":\"ListItem\",\"position\":1,\"name\":\"Home\",\"item\":\"https:\\\/\\\/scandinavischelampen.nl\\\/fr\\\/\"},{\"@type\":\"ListItem\",\"position\":2,\"name\":\"Boutique\",\"item\":\"https:\\\/\\\/scandinavischelampen.nl\\\/fr\\\/boutique\\\/\"},{\"@type\":\"ListItem\",\"position\":3,\"name\":\"Coupe-pain Raadvad cr\u00e8me color\u00e9 avec lettres dor\u00e9es\"}]},{\"@type\":\"WebSite\",\"@id\":\"https:\\\/\\\/scandinavischelampen.nl\\\/fr\\\/#website\",\"url\":\"https:\\\/\\\/scandinavischelampen.nl\\\/fr\\\/\",\"name\":\"Scandinavische Lampen\",\"description\":\"Luminaire design vintage\",\"publisher\":{\"@id\":\"https:\\\/\\\/scandinavischelampen.nl\\\/fr\\\/#organization\"},\"potentialAction\":[{\"@type\":\"SearchAction\",\"target\":{\"@type\":\"EntryPoint\",\"urlTemplate\":\"https:\\\/\\\/scandinavischelampen.nl\\\/fr\\\/?s={search_term_string}\"},\"query-input\":{\"@type\":\"PropertyValueSpecification\",\"valueRequired\":true,\"valueName\":\"search_term_string\"}}],\"inLanguage\":\"fr-FR\"},{\"@type\":\"Organization\",\"@id\":\"https:\\\/\\\/scandinavischelampen.nl\\\/fr\\\/#organization\",\"name\":\"Scandinavische Lampen\",\"url\":\"https:\\\/\\\/scandinavischelampen.nl\\\/fr\\\/\",\"logo\":{\"@type\":\"ImageObject\",\"inLanguage\":\"fr-FR\",\"@id\":\"https:\\\/\\\/scandinavischelampen.nl\\\/fr\\\/#\\\/schema\\\/logo\\\/image\\\/\",\"url\":\"https:\\\/\\\/i0.wp.com\\\/scandinavischelampen.nl\\\/wp-content\\\/uploads\\\/2023\\\/07\\\/cropped-Scandinavische-lampen-logo-oranje-01-scaled.png?fit=4717%2C1570&ssl=1\",\"contentUrl\":\"https:\\\/\\\/i0.wp.com\\\/scandinavischelampen.nl\\\/wp-content\\\/uploads\\\/2023\\\/07\\\/cropped-Scandinavische-lampen-logo-oranje-01-scaled.png?fit=4717%2C1570&ssl=1\",\"width\":4717,\"height\":1570,\"caption\":\"Scandinavische Lampen\"},\"image\":{\"@id\":\"https:\\\/\\\/scandinavischelampen.nl\\\/fr\\\/#\\\/schema\\\/logo\\\/image\\\/\"},\"sameAs\":[\"https:\\\/\\\/www.facebook.com\\\/scandinavischelampen\\\/\",\"https:\\\/\\\/www.instagram.com\\\/scandinavische_lampen\\\/\"]}]}<\/script>\n<!-- \/ Yoast SEO plugin. -->","yoast_head_json":{"title":"Coupe-pain Raadvad cr\u00e8me color\u00e9 avec lettres dor\u00e9es - Vintage","description":"Coupe-pain vintage Raadvad cr\u00e8me color\u00e9 avec lettres dor\u00e9es en bon \u00e9tat. D\u00e9coration \u00e9l\u00e9gante, par exemple dans l'industrie h\u00f4teli\u00e8re, les p\u00e2tisseries, les magasins sp\u00e9cialis\u00e9s.","robots":{"index":"index","follow":"follow","max-snippet":"max-snippet:-1","max-image-preview":"max-image-preview:large","max-video-preview":"max-video-preview:-1"},"canonical":"https:\/\/scandinavischelampen.nl\/fr\/produit\/raadvad-broodsnijder-creme-kleurig-met-gouden-letters-4\/","og_locale":"fr_FR","og_type":"article","og_title":"Coupe-pain Raadvad cr\u00e8me color\u00e9 avec lettres dor\u00e9es - Vintage","og_description":"Coupe-pain vintage Raadvad cr\u00e8me color\u00e9 avec lettres dor\u00e9es en bon \u00e9tat. D\u00e9coration \u00e9l\u00e9gante, par exemple dans l'industrie h\u00f4teli\u00e8re, les p\u00e2tisseries, les magasins sp\u00e9cialis\u00e9s.","og_url":"https:\/\/scandinavischelampen.nl\/fr\/produit\/raadvad-broodsnijder-creme-kleurig-met-gouden-letters-4\/","og_site_name":"Lampes Scandinaves","article_publisher":"https:\/\/www.facebook.com\/scandinavischelampen\/","article_modified_time":"2026-03-01T18:43:52+00:00","og_image":[{"width":2560,"height":1920,"url":"https:\/\/i0.wp.com\/scandinavischelampen.nl\/wp-content\/uploads\/2024\/04\/IMG_1864-kopie-scaled.jpg?fit=2560%2C1920&ssl=1","type":"image\/jpeg"}],"twitter_card":"summary_large_image","twitter_misc":{"Dur\u00e9e de lecture estim\u00e9e":"3 minutes"},"schema":{"@context":"https:\/\/schema.org","@graph":[{"@type":"WebPage","@id":"https:\/\/scandinavischelampen.nl\/fr\/produit\/raadvad-broodsnijder-creme-kleurig-met-gouden-letters-4\/","url":"https:\/\/scandinavischelampen.nl\/fr\/produit\/raadvad-broodsnijder-creme-kleurig-met-gouden-letters-4\/","name":"Coupe-pain Raadvad cr\u00e8me color\u00e9 avec lettres dor\u00e9es - Vintage","isPartOf":{"@id":"https:\/\/scandinavischelampen.nl\/fr\/#website"},"primaryImageOfPage":{"@id":"https:\/\/scandinavischelampen.nl\/fr\/produit\/raadvad-broodsnijder-creme-kleurig-met-gouden-letters-4\/#primaryimage"},"image":{"@id":"https:\/\/scandinavischelampen.nl\/fr\/produit\/raadvad-broodsnijder-creme-kleurig-met-gouden-letters-4\/#primaryimage"},"thumbnailUrl":"https:\/\/i0.wp.com\/scandinavischelampen.nl\/wp-content\/uploads\/2024\/04\/IMG_1864-kopie-scaled.jpg?fit=2560%2C1920&ssl=1","datePublished":"2024-04-10T17:11:21+00:00","dateModified":"2026-03-01T18:43:52+00:00","description":"Coupe-pain vintage Raadvad cr\u00e8me color\u00e9 avec lettres dor\u00e9es en bon \u00e9tat. D\u00e9coration \u00e9l\u00e9gante, par exemple dans l'industrie h\u00f4teli\u00e8re, les p\u00e2tisseries, les magasins sp\u00e9cialis\u00e9s.","breadcrumb":{"@id":"https:\/\/scandinavischelampen.nl\/fr\/produit\/raadvad-broodsnijder-creme-kleurig-met-gouden-letters-4\/#breadcrumb"},"inLanguage":"fr-FR","potentialAction":[{"@type":"ReadAction","target":["https:\/\/scandinavischelampen.nl\/fr\/produit\/raadvad-broodsnijder-creme-kleurig-met-gouden-letters-4\/"]}]},{"@type":"ImageObject","inLanguage":"fr-FR","@id":"https:\/\/scandinavischelampen.nl\/fr\/produit\/raadvad-broodsnijder-creme-kleurig-met-gouden-letters-4\/#primaryimage","url":"https:\/\/i0.wp.com\/scandinavischelampen.nl\/wp-content\/uploads\/2024\/04\/IMG_1864-kopie-scaled.jpg?fit=2560%2C1920&ssl=1","contentUrl":"https:\/\/i0.wp.com\/scandinavischelampen.nl\/wp-content\/uploads\/2024\/04\/IMG_1864-kopie-scaled.jpg?fit=2560%2C1920&ssl=1","width":2560,"height":1920,"caption":"Coupe-pain Raadvad cr\u00e8me color\u00e9 avec lettres dor\u00e9es"},{"@type":"BreadcrumbList","@id":"https:\/\/scandinavischelampen.nl\/fr\/produit\/raadvad-broodsnijder-creme-kleurig-met-gouden-letters-4\/#breadcrumb","itemListElement":[{"@type":"ListItem","position":1,"name":"Home","item":"https:\/\/scandinavischelampen.nl\/fr\/"},{"@type":"ListItem","position":2,"name":"Boutique","item":"https:\/\/scandinavischelampen.nl\/fr\/boutique\/"},{"@type":"ListItem","position":3,"name":"Coupe-pain Raadvad cr\u00e8me color\u00e9 avec lettres dor\u00e9es"}]},{"@type":"WebSite","@id":"https:\/\/scandinavischelampen.nl\/fr\/#website","url":"https:\/\/scandinavischelampen.nl\/fr\/","name":"Scandinavische Lampen","description":"Luminaire design vintage","publisher":{"@id":"https:\/\/scandinavischelampen.nl\/fr\/#organization"},"potentialAction":[{"@type":"SearchAction","target":{"@type":"EntryPoint","urlTemplate":"https:\/\/scandinavischelampen.nl\/fr\/?s={search_term_string}"},"query-input":{"@type":"PropertyValueSpecification","valueRequired":true,"valueName":"search_term_string"}}],"inLanguage":"fr-FR"},{"@type":"Organization","@id":"https:\/\/scandinavischelampen.nl\/fr\/#organization","name":"Scandinavische Lampen","url":"https:\/\/scandinavischelampen.nl\/fr\/","logo":{"@type":"ImageObject","inLanguage":"fr-FR","@id":"https:\/\/scandinavischelampen.nl\/fr\/#\/schema\/logo\/image\/","url":"https:\/\/i0.wp.com\/scandinavischelampen.nl\/wp-content\/uploads\/2023\/07\/cropped-Scandinavische-lampen-logo-oranje-01-scaled.png?fit=4717%2C1570&ssl=1","contentUrl":"https:\/\/i0.wp.com\/scandinavischelampen.nl\/wp-content\/uploads\/2023\/07\/cropped-Scandinavische-lampen-logo-oranje-01-scaled.png?fit=4717%2C1570&ssl=1","width":4717,"height":1570,"caption":"Scandinavische Lampen"},"image":{"@id":"https:\/\/scandinavischelampen.nl\/fr\/#\/schema\/logo\/image\/"},"sameAs":["https:\/\/www.facebook.com\/scandinavischelampen\/","https:\/\/www.instagram.com\/scandinavische_lampen\/"]}]}},"uagb_featured_image_src":{"full":["https:\/\/i0.wp.com\/scandinavischelampen.nl\/wp-content\/uploads\/2024\/04\/IMG_1864-kopie-scaled.jpg?fit=2560%2C1920&ssl=1",2560,1920,false],"thumbnail":["https:\/\/i0.wp.com\/scandinavischelampen.nl\/wp-content\/uploads\/2024\/04\/IMG_1864-kopie-scaled.jpg?resize=150%2C150&ssl=1",150,150,true],"medium":["https:\/\/i0.wp.com\/scandinavischelampen.nl\/wp-content\/uploads\/2024\/04\/IMG_1864-kopie-scaled.jpg?fit=300%2C225&ssl=1",300,225,true],"medium_large":["https:\/\/i0.wp.com\/scandinavischelampen.nl\/wp-content\/uploads\/2024\/04\/IMG_1864-kopie-scaled.jpg?fit=768%2C576&ssl=1",768,576,true],"large":["https:\/\/i0.wp.com\/scandinavischelampen.nl\/wp-content\/uploads\/2024\/04\/IMG_1864-kopie-scaled.jpg?fit=1024%2C768&ssl=1",1024,768,true],"1536x1536":["https:\/\/i0.wp.com\/scandinavischelampen.nl\/wp-content\/uploads\/2024\/04\/IMG_1864-kopie-scaled.jpg?fit=1536%2C1152&ssl=1",1536,1152,true],"2048x2048":["https:\/\/i0.wp.com\/scandinavischelampen.nl\/wp-content\/uploads\/2024\/04\/IMG_1864-kopie-scaled.jpg?fit=2048%2C1536&ssl=1",2048,1536,true],"woocommerce_thumbnail":["https:\/\/i0.wp.com\/scandinavischelampen.nl\/wp-content\/uploads\/2024\/04\/IMG_1864-kopie-scaled.jpg?resize=300%2C300&ssl=1",300,300,true],"woocommerce_single":["https:\/\/i0.wp.com\/scandinavischelampen.nl\/wp-content\/uploads\/2024\/04\/IMG_1864-kopie-scaled.jpg?fit=600%2C450&ssl=1",600,450,true],"woocommerce_gallery_thumbnail":["https:\/\/i0.wp.com\/scandinavischelampen.nl\/wp-content\/uploads\/2024\/04\/IMG_1864-kopie-scaled.jpg?resize=100%2C100&ssl=1",100,100,true],"thaps-thumb-img":["https:\/\/i0.wp.com\/scandinavischelampen.nl\/wp-content\/uploads\/2024\/04\/IMG_1864-kopie-scaled.jpg?resize=48%2C36&ssl=1",48,36,true]},"uagb_author_info":{"display_name":"administrator","author_link":"https:\/\/scandinavischelampen.nl\/fr\/author\/"},"uagb_comment_info":0,"uagb_excerpt":"Vous cherchez un accroche-regard cool dans votre cuisine ? Alors ce beau Raadvad est ce que vous recherchez. Hauteur : 24 cm Largeur : 35,5 cm Couleur : noir Livraison internationale D\u00e9lai de r\u00e9flexion de 14 jours","jetpack_sharing_enabled":true,"_links":{"self":[{"href":"https:\/\/scandinavischelampen.nl\/fr\/wp-json\/wp\/v2\/product\/42628","targetHints":{"allow":["GET"]}}],"collection":[{"href":"https:\/\/scandinavischelampen.nl\/fr\/wp-json\/wp\/v2\/product"}],"about":[{"href":"https:\/\/scandinavischelampen.nl\/fr\/wp-json\/wp\/v2\/types\/product"}],"wp:featuredmedia":[{"embeddable":true,"href":"https:\/\/scandinavischelampen.nl\/fr\/wp-json\/wp\/v2\/media\/62991"}],"wp:attachment":[{"href":"https:\/\/scandinavischelampen.nl\/fr\/wp-json\/wp\/v2\/media?parent=42628"}],"wp:term":[{"taxonomy":"product_brand","embeddable":true,"href":"https:\/\/scandinavischelampen.nl\/fr\/wp-json\/wp\/v2\/product_brand?post=42628"},{"taxonomy":"product_cat","embeddable":true,"href":"https:\/\/scandinavischelampen.nl\/fr\/wp-json\/wp\/v2\/product_cat?post=42628"},{"taxonomy":"product_tag","embeddable":true,"href":"https:\/\/scandinavischelampen.nl\/fr\/wp-json\/wp\/v2\/product_tag?post=42628"}],"curies":[{"name":"wp","href":"https:\/\/api.w.org\/{rel}","templated":true}]}}