{"id":41233,"date":"2024-02-12T17:23:11","date_gmt":"2024-02-12T16:23:11","guid":{"rendered":"https:\/\/scandinavischelampen.nl\/product\/lampe-suspendue-design-light-modele-bolero\/"},"modified":"2024-11-15T07:40:21","modified_gmt":"2024-11-15T06:40:21","slug":"conception-de-lampe-suspendue","status":"publish","type":"product","link":"https:\/\/scandinavischelampen.nl\/fr\/produit\/conception-de-lampe-suspendue\/","title":{"rendered":"Lampe suspendue Design Light mod\u00e8le Bolero"},"content":{"rendered":"<h1>Lampe suspendue Design Light mod\u00e8le Bolero<\/h1>\n<p>Cette lampe suspendue, con\u00e7ue pour la marque Design Light et lanc\u00e9e sous le mod\u00e8le Bolero, se distingue par son design frappant avec des formes f\u00e9minines. La structure en couches permet une distribution ludique de la lumi\u00e8re, \u00e0 la fois vers le bas et sur les c\u00f4t\u00e9s.<\/p>\n<p>Un accent subtil de couleur sable embellit cette lampe. Le capuchon sur le dessus de la lampe est repeint dans une couleur sable neutre, donnant \u00e0 la lampe une touche suppl\u00e9mentaire et lui permettant de s&rsquo;int\u00e9grer sans effort dans un int\u00e9rieur moderne.<\/p>\n<p>Vous cherchez la lampe parfaite pour au-dessus de votre table \u00e0 manger ? Ne cherchez pas plus loin, cette lampe est absolument adapt\u00e9e \u00e0 ce r\u00f4le.<\/p>\n<h2>Conditions<\/h2>\n<p>Cette lampe dans une teinte blanc cass\u00e9 date des ann\u00e9es 80 et est en bon \u00e9tat avec des signes subtils d&rsquo;utilisation pass\u00e9e. Le capuchon sup\u00e9rieur a \u00e9t\u00e9 recoat\u00e9 avec une peinture en poudre de couleur sable neutre. De plus, le c\u00e2blage \u00e9lectrique a \u00e9t\u00e9 enti\u00e8rement renouvel\u00e9. En outre, l&rsquo;autocollant du fabricant d&rsquo;origine est toujours pr\u00e9sent sur la lampe.<\/p>\n<h2>Sp\u00e9cifications de la lampe suspendue Design Light mod\u00e8le Bolero<\/h2>\n<ul>\n<li>Hauteur : 18 cm<\/li>\n<li>Diam\u00e8tre : 45 cm<\/li>\n<li>Hauteur totale avec cordon 200 cm (r\u00e9glable lors de l&rsquo;installation)<\/li>\n<li>Mat\u00e9riau : acier<\/li>\n<li>Couleur du cordon : Blanc<\/li>\n<li>Puissance maximale : 60W<\/li>\n<li>Culot: E27<\/li>\n<li>Convient aux lampes LED<\/li>\n<li>Poids : 2 kg<\/li>\n<\/ul>\n<h2>\u00c0 propos de Design-Light<\/h2>\n<div class=\"flex-1 overflow-hidden\">\n<div class=\"react-scroll-to-bottom--css-fsylo-79elbk h-full\">\n<div class=\"react-scroll-to-bottom--css-fsylo-1n7m0yu\">\n<div class=\"flex flex-col pb-9 text-sm\">\n<div class=\"w-full text-token-text-primary\" data-testid=\"conversation-turn-23\">\n<div class=\"px-4 py-2 justify-center text-base md:gap-6 m-auto\">\n<div class=\"flex flex-1 text-base mx-auto gap-3 md:px-5 lg:px-1 xl:px-5 md:max-w-3xl lg:max-w-[40rem] xl:max-w-[48rem] group final-completion\">\n<div class=\"relative flex w-full flex-col lg:w-[calc(100%-115px)] agent-turn\">\n<div class=\"flex-col gap-1 md:gap-3\">\n<div class=\"flex flex-grow flex-col max-w-full\">\n<div class=\"min-h-[20px] text-message flex flex-col items-start gap-3 whitespace-pre-wrap break-words [.text-message+&amp;]:mt-5 overflow-x-auto\" data-message-author-role=\"assistant\" data-message-id=\"f2911795-6542-4605-adbb-12e99feeebe3\">\n<div class=\"markdown prose w-full break-words dark:prose-invert light\">\n<p>Design Light, une entreprise d&rsquo;\u00e9clairage danoise de renom bas\u00e9e \u00e0 Randers, s&rsquo;est distingu\u00e9e dans les ann\u00e9es 80 vibrantes avec le lancement de deux collections de premier plan qui ont repouss\u00e9 les limites de l&rsquo;esth\u00e9tique et de la fonctionnalit\u00e9. La premi\u00e8re collection a introduit des lampes suspendues et murales minimalistes, caract\u00e9ris\u00e9es par un design semblable \u00e0 un OVNI. Ces pi\u00e8ces remarquables ont \u00e9t\u00e9 fabriqu\u00e9es \u00e0 l&rsquo;aide de combinaisons de mat\u00e9riaux r\u00e9volutionnaires, incluant le Perspex et le maillage m\u00e9tallique, r\u00e9sultant en une apparence futuriste qui a capt\u00e9 l&rsquo;attention.<\/p>\n<p>La deuxi\u00e8me collection de Design Light, en revanche, comprenait des lampes suspendues multicouches de haute qualit\u00e9 qui embrassaient l&rsquo;essence du style moderne danois classique. Ces pi\u00e8ces sophistiqu\u00e9es incarnaient l&rsquo;\u00e9l\u00e9gance intemporelle et la perfection fonctionnelle typiques du design scandinave. La lampe pr\u00e9sent\u00e9e dans cette annonce provient incontestablement de cette prestigieuse deuxi\u00e8me collection. Le design embrasse la belle structure en couches pour laquelle les lampes scandinaves sont si c\u00e9l\u00e8bres, en faisant une \u0153uvre d&rsquo;art intemporelle qui s&rsquo;int\u00e8gre sans effort dans les int\u00e9rieurs modernes et repr\u00e9sente le style caract\u00e9ristique de Design Light. <strong style=\"color: #ff6600; font-size: 16px;\"><a style=\"color: #ff6600;\" href=\"https:\/\/scandinavischelampen.nl\/product-categorie\/merken\/design-light\/\">Voir notre collection compl\u00e8te de lampes suspendues Design-Light ici<\/a><\/strong><\/p>\n<\/div>\n<\/div>\n<\/div>\n<\/div>\n<\/div>\n<\/div>\n<\/div>\n<\/div>\n<\/div>\n<\/div>\n<\/div>\n<\/div>\n","protected":false},"excerpt":{"rendered":"<p>Suspension atmosph\u00e9rique mod\u00e8le Bolero de la marque danoise Design-Light.<\/p>\n<p>&nbsp;<\/p>\n<ul>\n<li><strong>Pratique pour LED<\/strong><\/li>\n<li><strong>Livraison internationale<\/strong><\/li>\n<li><strong>D\u00e9lai de r\u00e9flexion de 14 jours<\/strong><\/li>\n<\/ul>\n","protected":false},"featured_media":40404,"template":"","meta":{"_uag_custom_page_level_css":"","site-sidebar-layout":"default","site-content-layout":"","ast-site-content-layout":"default","site-content-style":"default","site-sidebar-style":"default","ast-global-header-display":"","ast-banner-title-visibility":"","ast-main-header-display":"","ast-hfb-above-header-display":"","ast-hfb-below-header-display":"","ast-hfb-mobile-header-display":"","site-post-title":"","ast-breadcrumbs-content":"","ast-featured-img":"","footer-sml-layout":"","ast-disable-related-posts":"","theme-transparent-header-meta":"default","adv-header-id-meta":"","stick-header-meta":"","header-above-stick-meta":"","header-main-stick-meta":"","header-below-stick-meta":"","astra-migrate-meta-layouts":"default","ast-page-background-enabled":"default","ast-page-background-meta":{"desktop":{"background-color":"var(--ast-global-color-4)","background-image":"","background-repeat":"repeat","background-position":"center center","background-size":"auto","background-attachment":"scroll","background-type":"","background-media":"","overlay-type":"","overlay-color":"","overlay-opacity":"","overlay-gradient":""},"tablet":{"background-color":"","background-image":"","background-repeat":"repeat","background-position":"center center","background-size":"auto","background-attachment":"scroll","background-type":"","background-media":"","overlay-type":"","overlay-color":"","overlay-opacity":"","overlay-gradient":""},"mobile":{"background-color":"","background-image":"","background-repeat":"repeat","background-position":"center center","background-size":"auto","background-attachment":"scroll","background-type":"","background-media":"","overlay-type":"","overlay-color":"","overlay-opacity":"","overlay-gradient":""}},"ast-content-background-meta":{"desktop":{"background-color":"var(--ast-global-color-5)","background-image":"","background-repeat":"repeat","background-position":"center center","background-size":"auto","background-attachment":"scroll","background-type":"","background-media":"","overlay-type":"","overlay-color":"","overlay-opacity":"","overlay-gradient":""},"tablet":{"background-color":"var(--ast-global-color-5)","background-image":"","background-repeat":"repeat","background-position":"center center","background-size":"auto","background-attachment":"scroll","background-type":"","background-media":"","overlay-type":"","overlay-color":"","overlay-opacity":"","overlay-gradient":""},"mobile":{"background-color":"var(--ast-global-color-5)","background-image":"","background-repeat":"repeat","background-position":"center center","background-size":"auto","background-attachment":"scroll","background-type":"","background-media":"","overlay-type":"","overlay-color":"","overlay-opacity":"","overlay-gradient":""}}},"product_brand":[],"product_cat":[459,339,337,336,338,333,335,604],"product_tag":[363,902],"class_list":{"0":"post-41233","1":"product","2":"type-product","3":"status-publish","4":"has-post-thumbnail","6":"product_cat-collection-de-couleurs","7":"product_cat-design-light-fr","8":"product_cat-eclairage-de-la-chambre","9":"product_cat-eclairage-de-la-cuisine","10":"product_cat-eclairage-du-salon","11":"product_cat-suspensions-scandinaves","12":"product_cat-suspensions-pour-table-a-manger","13":"product_cat-voir-notre-collection-complete","14":"product_tag-blanc","15":"product_tag-sable-fr","16":"desktop-align-center","17":"tablet-align-left","18":"mobile-align-left","20":"first","21":"instock","22":"taxable","23":"shipping-taxable","24":"purchasable","25":"product-type-simple"},"yoast_head":"<!-- This site is optimized with the Yoast SEO plugin v27.4 - https:\/\/yoast.com\/product\/yoast-seo-wordpress\/ -->\n<title>Lampe suspendue Design Light mod\u00e8le Bolero<\/title>\n<meta name=\"description\" content=\"Belle lampe suspendue design vintage mod\u00e8le Bolero avec deux couches s\u00e9par\u00e9es. Magnifique au-dessus d&#039;une table \u00e0 manger, dans un salon et une chambre\" \/>\n<meta name=\"robots\" content=\"index, follow, max-snippet:-1, max-image-preview:large, max-video-preview:-1\" \/>\n<link rel=\"canonical\" href=\"https:\/\/scandinavischelampen.nl\/fr\/produit\/conception-de-lampe-suspendue\/\" \/>\n<meta property=\"og:locale\" content=\"fr_FR\" \/>\n<meta property=\"og:type\" content=\"article\" \/>\n<meta property=\"og:title\" content=\"Lampe suspendue Design Light mod\u00e8le Bolero\" \/>\n<meta property=\"og:description\" content=\"Belle lampe suspendue design vintage mod\u00e8le Bolero avec deux couches s\u00e9par\u00e9es. Magnifique au-dessus d&#039;une table \u00e0 manger, dans un salon et une chambre\" \/>\n<meta property=\"og:url\" content=\"https:\/\/scandinavischelampen.nl\/fr\/produit\/conception-de-lampe-suspendue\/\" \/>\n<meta property=\"og:site_name\" content=\"Lampes Scandinaves\" \/>\n<meta property=\"article:publisher\" content=\"https:\/\/www.facebook.com\/scandinavischelampen\/\" \/>\n<meta property=\"article:modified_time\" content=\"2024-11-15T06:40:21+00:00\" \/>\n<meta property=\"og:image\" content=\"https:\/\/i0.wp.com\/scandinavischelampen.nl\/wp-content\/uploads\/2024\/02\/9B6AFBF4-B888-457F-8CE7-B16405248B4C_1_201_a-kopieren-scaled.jpg?fit=1920%2C2560&ssl=1\" \/>\n\t<meta property=\"og:image:width\" content=\"1920\" \/>\n\t<meta property=\"og:image:height\" content=\"2560\" \/>\n\t<meta property=\"og:image:type\" content=\"image\/jpeg\" \/>\n<meta name=\"twitter:card\" content=\"summary_large_image\" \/>\n<meta name=\"twitter:label1\" content=\"Dur\u00e9e de lecture estim\u00e9e\" \/>\n\t<meta name=\"twitter:data1\" content=\"2 minutes\" \/>\n<script type=\"application\/ld+json\" class=\"yoast-schema-graph\">{\"@context\":\"https:\\\/\\\/schema.org\",\"@graph\":[{\"@type\":\"WebPage\",\"@id\":\"https:\\\/\\\/scandinavischelampen.nl\\\/fr\\\/produit\\\/conception-de-lampe-suspendue\\\/\",\"url\":\"https:\\\/\\\/scandinavischelampen.nl\\\/fr\\\/produit\\\/conception-de-lampe-suspendue\\\/\",\"name\":\"Lampe suspendue Design Light mod\u00e8le Bolero\",\"isPartOf\":{\"@id\":\"https:\\\/\\\/scandinavischelampen.nl\\\/fr\\\/#website\"},\"primaryImageOfPage\":{\"@id\":\"https:\\\/\\\/scandinavischelampen.nl\\\/fr\\\/produit\\\/conception-de-lampe-suspendue\\\/#primaryimage\"},\"image\":{\"@id\":\"https:\\\/\\\/scandinavischelampen.nl\\\/fr\\\/produit\\\/conception-de-lampe-suspendue\\\/#primaryimage\"},\"thumbnailUrl\":\"https:\\\/\\\/i0.wp.com\\\/scandinavischelampen.nl\\\/wp-content\\\/uploads\\\/2024\\\/02\\\/9B6AFBF4-B888-457F-8CE7-B16405248B4C_1_201_a-kopieren-scaled.jpg?fit=1920%2C2560&ssl=1\",\"datePublished\":\"2024-02-12T16:23:11+00:00\",\"dateModified\":\"2024-11-15T06:40:21+00:00\",\"description\":\"Belle lampe suspendue design vintage mod\u00e8le Bolero avec deux couches s\u00e9par\u00e9es. Magnifique au-dessus d'une table \u00e0 manger, dans un salon et une chambre\",\"breadcrumb\":{\"@id\":\"https:\\\/\\\/scandinavischelampen.nl\\\/fr\\\/produit\\\/conception-de-lampe-suspendue\\\/#breadcrumb\"},\"inLanguage\":\"fr-FR\",\"potentialAction\":[{\"@type\":\"ReadAction\",\"target\":[\"https:\\\/\\\/scandinavischelampen.nl\\\/fr\\\/produit\\\/conception-de-lampe-suspendue\\\/\"]}]},{\"@type\":\"ImageObject\",\"inLanguage\":\"fr-FR\",\"@id\":\"https:\\\/\\\/scandinavischelampen.nl\\\/fr\\\/produit\\\/conception-de-lampe-suspendue\\\/#primaryimage\",\"url\":\"https:\\\/\\\/i0.wp.com\\\/scandinavischelampen.nl\\\/wp-content\\\/uploads\\\/2024\\\/02\\\/9B6AFBF4-B888-457F-8CE7-B16405248B4C_1_201_a-kopieren-scaled.jpg?fit=1920%2C2560&ssl=1\",\"contentUrl\":\"https:\\\/\\\/i0.wp.com\\\/scandinavischelampen.nl\\\/wp-content\\\/uploads\\\/2024\\\/02\\\/9B6AFBF4-B888-457F-8CE7-B16405248B4C_1_201_a-kopieren-scaled.jpg?fit=1920%2C2560&ssl=1\",\"width\":1920,\"height\":2560,\"caption\":\"Lampe suspendue Design en blanc cr\u00e8me avec un accent couleur sable\"},{\"@type\":\"BreadcrumbList\",\"@id\":\"https:\\\/\\\/scandinavischelampen.nl\\\/fr\\\/produit\\\/conception-de-lampe-suspendue\\\/#breadcrumb\",\"itemListElement\":[{\"@type\":\"ListItem\",\"position\":1,\"name\":\"Home\",\"item\":\"https:\\\/\\\/scandinavischelampen.nl\\\/fr\\\/\"},{\"@type\":\"ListItem\",\"position\":2,\"name\":\"Boutique\",\"item\":\"https:\\\/\\\/scandinavischelampen.nl\\\/fr\\\/boutique\\\/\"},{\"@type\":\"ListItem\",\"position\":3,\"name\":\"Lampe suspendue Design Light mod\u00e8le Bolero\"}]},{\"@type\":\"WebSite\",\"@id\":\"https:\\\/\\\/scandinavischelampen.nl\\\/fr\\\/#website\",\"url\":\"https:\\\/\\\/scandinavischelampen.nl\\\/fr\\\/\",\"name\":\"Scandinavische Lampen\",\"description\":\"Luminaire design vintage\",\"publisher\":{\"@id\":\"https:\\\/\\\/scandinavischelampen.nl\\\/fr\\\/#organization\"},\"potentialAction\":[{\"@type\":\"SearchAction\",\"target\":{\"@type\":\"EntryPoint\",\"urlTemplate\":\"https:\\\/\\\/scandinavischelampen.nl\\\/fr\\\/?s={search_term_string}\"},\"query-input\":{\"@type\":\"PropertyValueSpecification\",\"valueRequired\":true,\"valueName\":\"search_term_string\"}}],\"inLanguage\":\"fr-FR\"},{\"@type\":\"Organization\",\"@id\":\"https:\\\/\\\/scandinavischelampen.nl\\\/fr\\\/#organization\",\"name\":\"Scandinavische Lampen\",\"url\":\"https:\\\/\\\/scandinavischelampen.nl\\\/fr\\\/\",\"logo\":{\"@type\":\"ImageObject\",\"inLanguage\":\"fr-FR\",\"@id\":\"https:\\\/\\\/scandinavischelampen.nl\\\/fr\\\/#\\\/schema\\\/logo\\\/image\\\/\",\"url\":\"https:\\\/\\\/i0.wp.com\\\/scandinavischelampen.nl\\\/wp-content\\\/uploads\\\/2023\\\/07\\\/cropped-Scandinavische-lampen-logo-oranje-01-scaled.png?fit=4717%2C1570&ssl=1\",\"contentUrl\":\"https:\\\/\\\/i0.wp.com\\\/scandinavischelampen.nl\\\/wp-content\\\/uploads\\\/2023\\\/07\\\/cropped-Scandinavische-lampen-logo-oranje-01-scaled.png?fit=4717%2C1570&ssl=1\",\"width\":4717,\"height\":1570,\"caption\":\"Scandinavische Lampen\"},\"image\":{\"@id\":\"https:\\\/\\\/scandinavischelampen.nl\\\/fr\\\/#\\\/schema\\\/logo\\\/image\\\/\"},\"sameAs\":[\"https:\\\/\\\/www.facebook.com\\\/scandinavischelampen\\\/\",\"https:\\\/\\\/www.instagram.com\\\/scandinavische_lampen\\\/\"]}]}<\/script>\n<!-- \/ Yoast SEO plugin. -->","yoast_head_json":{"title":"Lampe suspendue Design Light mod\u00e8le Bolero","description":"Belle lampe suspendue design vintage mod\u00e8le Bolero avec deux couches s\u00e9par\u00e9es. Magnifique au-dessus d'une table \u00e0 manger, dans un salon et une chambre","robots":{"index":"index","follow":"follow","max-snippet":"max-snippet:-1","max-image-preview":"max-image-preview:large","max-video-preview":"max-video-preview:-1"},"canonical":"https:\/\/scandinavischelampen.nl\/fr\/produit\/conception-de-lampe-suspendue\/","og_locale":"fr_FR","og_type":"article","og_title":"Lampe suspendue Design Light mod\u00e8le Bolero","og_description":"Belle lampe suspendue design vintage mod\u00e8le Bolero avec deux couches s\u00e9par\u00e9es. Magnifique au-dessus d'une table \u00e0 manger, dans un salon et une chambre","og_url":"https:\/\/scandinavischelampen.nl\/fr\/produit\/conception-de-lampe-suspendue\/","og_site_name":"Lampes Scandinaves","article_publisher":"https:\/\/www.facebook.com\/scandinavischelampen\/","article_modified_time":"2024-11-15T06:40:21+00:00","og_image":[{"width":1920,"height":2560,"url":"https:\/\/i0.wp.com\/scandinavischelampen.nl\/wp-content\/uploads\/2024\/02\/9B6AFBF4-B888-457F-8CE7-B16405248B4C_1_201_a-kopieren-scaled.jpg?fit=1920%2C2560&ssl=1","type":"image\/jpeg"}],"twitter_card":"summary_large_image","twitter_misc":{"Dur\u00e9e de lecture estim\u00e9e":"2 minutes"},"schema":{"@context":"https:\/\/schema.org","@graph":[{"@type":"WebPage","@id":"https:\/\/scandinavischelampen.nl\/fr\/produit\/conception-de-lampe-suspendue\/","url":"https:\/\/scandinavischelampen.nl\/fr\/produit\/conception-de-lampe-suspendue\/","name":"Lampe suspendue Design Light mod\u00e8le Bolero","isPartOf":{"@id":"https:\/\/scandinavischelampen.nl\/fr\/#website"},"primaryImageOfPage":{"@id":"https:\/\/scandinavischelampen.nl\/fr\/produit\/conception-de-lampe-suspendue\/#primaryimage"},"image":{"@id":"https:\/\/scandinavischelampen.nl\/fr\/produit\/conception-de-lampe-suspendue\/#primaryimage"},"thumbnailUrl":"https:\/\/i0.wp.com\/scandinavischelampen.nl\/wp-content\/uploads\/2024\/02\/9B6AFBF4-B888-457F-8CE7-B16405248B4C_1_201_a-kopieren-scaled.jpg?fit=1920%2C2560&ssl=1","datePublished":"2024-02-12T16:23:11+00:00","dateModified":"2024-11-15T06:40:21+00:00","description":"Belle lampe suspendue design vintage mod\u00e8le Bolero avec deux couches s\u00e9par\u00e9es. Magnifique au-dessus d'une table \u00e0 manger, dans un salon et une chambre","breadcrumb":{"@id":"https:\/\/scandinavischelampen.nl\/fr\/produit\/conception-de-lampe-suspendue\/#breadcrumb"},"inLanguage":"fr-FR","potentialAction":[{"@type":"ReadAction","target":["https:\/\/scandinavischelampen.nl\/fr\/produit\/conception-de-lampe-suspendue\/"]}]},{"@type":"ImageObject","inLanguage":"fr-FR","@id":"https:\/\/scandinavischelampen.nl\/fr\/produit\/conception-de-lampe-suspendue\/#primaryimage","url":"https:\/\/i0.wp.com\/scandinavischelampen.nl\/wp-content\/uploads\/2024\/02\/9B6AFBF4-B888-457F-8CE7-B16405248B4C_1_201_a-kopieren-scaled.jpg?fit=1920%2C2560&ssl=1","contentUrl":"https:\/\/i0.wp.com\/scandinavischelampen.nl\/wp-content\/uploads\/2024\/02\/9B6AFBF4-B888-457F-8CE7-B16405248B4C_1_201_a-kopieren-scaled.jpg?fit=1920%2C2560&ssl=1","width":1920,"height":2560,"caption":"Lampe suspendue Design en blanc cr\u00e8me avec un accent couleur sable"},{"@type":"BreadcrumbList","@id":"https:\/\/scandinavischelampen.nl\/fr\/produit\/conception-de-lampe-suspendue\/#breadcrumb","itemListElement":[{"@type":"ListItem","position":1,"name":"Home","item":"https:\/\/scandinavischelampen.nl\/fr\/"},{"@type":"ListItem","position":2,"name":"Boutique","item":"https:\/\/scandinavischelampen.nl\/fr\/boutique\/"},{"@type":"ListItem","position":3,"name":"Lampe suspendue Design Light mod\u00e8le Bolero"}]},{"@type":"WebSite","@id":"https:\/\/scandinavischelampen.nl\/fr\/#website","url":"https:\/\/scandinavischelampen.nl\/fr\/","name":"Scandinavische Lampen","description":"Luminaire design vintage","publisher":{"@id":"https:\/\/scandinavischelampen.nl\/fr\/#organization"},"potentialAction":[{"@type":"SearchAction","target":{"@type":"EntryPoint","urlTemplate":"https:\/\/scandinavischelampen.nl\/fr\/?s={search_term_string}"},"query-input":{"@type":"PropertyValueSpecification","valueRequired":true,"valueName":"search_term_string"}}],"inLanguage":"fr-FR"},{"@type":"Organization","@id":"https:\/\/scandinavischelampen.nl\/fr\/#organization","name":"Scandinavische Lampen","url":"https:\/\/scandinavischelampen.nl\/fr\/","logo":{"@type":"ImageObject","inLanguage":"fr-FR","@id":"https:\/\/scandinavischelampen.nl\/fr\/#\/schema\/logo\/image\/","url":"https:\/\/i0.wp.com\/scandinavischelampen.nl\/wp-content\/uploads\/2023\/07\/cropped-Scandinavische-lampen-logo-oranje-01-scaled.png?fit=4717%2C1570&ssl=1","contentUrl":"https:\/\/i0.wp.com\/scandinavischelampen.nl\/wp-content\/uploads\/2023\/07\/cropped-Scandinavische-lampen-logo-oranje-01-scaled.png?fit=4717%2C1570&ssl=1","width":4717,"height":1570,"caption":"Scandinavische Lampen"},"image":{"@id":"https:\/\/scandinavischelampen.nl\/fr\/#\/schema\/logo\/image\/"},"sameAs":["https:\/\/www.facebook.com\/scandinavischelampen\/","https:\/\/www.instagram.com\/scandinavische_lampen\/"]}]}},"uagb_featured_image_src":{"full":["https:\/\/i0.wp.com\/scandinavischelampen.nl\/wp-content\/uploads\/2024\/02\/9B6AFBF4-B888-457F-8CE7-B16405248B4C_1_201_a-kopieren-scaled.jpg?fit=1920%2C2560&ssl=1",1920,2560,false],"thumbnail":["https:\/\/i0.wp.com\/scandinavischelampen.nl\/wp-content\/uploads\/2024\/02\/9B6AFBF4-B888-457F-8CE7-B16405248B4C_1_201_a-kopieren-scaled.jpg?resize=150%2C150&ssl=1",150,150,true],"medium":["https:\/\/i0.wp.com\/scandinavischelampen.nl\/wp-content\/uploads\/2024\/02\/9B6AFBF4-B888-457F-8CE7-B16405248B4C_1_201_a-kopieren-scaled.jpg?fit=225%2C300&ssl=1",225,300,true],"medium_large":["https:\/\/i0.wp.com\/scandinavischelampen.nl\/wp-content\/uploads\/2024\/02\/9B6AFBF4-B888-457F-8CE7-B16405248B4C_1_201_a-kopieren-scaled.jpg?fit=768%2C1024&ssl=1",768,1024,true],"large":["https:\/\/i0.wp.com\/scandinavischelampen.nl\/wp-content\/uploads\/2024\/02\/9B6AFBF4-B888-457F-8CE7-B16405248B4C_1_201_a-kopieren-scaled.jpg?fit=768%2C1024&ssl=1",768,1024,true],"1536x1536":["https:\/\/i0.wp.com\/scandinavischelampen.nl\/wp-content\/uploads\/2024\/02\/9B6AFBF4-B888-457F-8CE7-B16405248B4C_1_201_a-kopieren-scaled.jpg?fit=1152%2C1536&ssl=1",1152,1536,true],"2048x2048":["https:\/\/i0.wp.com\/scandinavischelampen.nl\/wp-content\/uploads\/2024\/02\/9B6AFBF4-B888-457F-8CE7-B16405248B4C_1_201_a-kopieren-scaled.jpg?fit=1536%2C2048&ssl=1",1536,2048,true],"woocommerce_thumbnail":["https:\/\/i0.wp.com\/scandinavischelampen.nl\/wp-content\/uploads\/2024\/02\/9B6AFBF4-B888-457F-8CE7-B16405248B4C_1_201_a-kopieren-scaled.jpg?resize=300%2C300&ssl=1",300,300,true],"woocommerce_single":["https:\/\/i0.wp.com\/scandinavischelampen.nl\/wp-content\/uploads\/2024\/02\/9B6AFBF4-B888-457F-8CE7-B16405248B4C_1_201_a-kopieren-scaled.jpg?fit=600%2C800&ssl=1",600,800,true],"woocommerce_gallery_thumbnail":["https:\/\/i0.wp.com\/scandinavischelampen.nl\/wp-content\/uploads\/2024\/02\/9B6AFBF4-B888-457F-8CE7-B16405248B4C_1_201_a-kopieren-scaled.jpg?resize=100%2C100&ssl=1",100,100,true],"thaps-thumb-img":["https:\/\/i0.wp.com\/scandinavischelampen.nl\/wp-content\/uploads\/2024\/02\/9B6AFBF4-B888-457F-8CE7-B16405248B4C_1_201_a-kopieren-scaled.jpg?resize=48%2C64&ssl=1",48,64,true]},"uagb_author_info":{"display_name":"administrator","author_link":"https:\/\/scandinavischelampen.nl\/fr\/author\/"},"uagb_comment_info":0,"uagb_excerpt":"Suspension atmosph\u00e9rique mod\u00e8le Bolero de la marque danoise Design-Light. &nbsp; Pratique pour LED Livraison internationale D\u00e9lai de r\u00e9flexion de 14 jours","jetpack_sharing_enabled":true,"_links":{"self":[{"href":"https:\/\/scandinavischelampen.nl\/fr\/wp-json\/wp\/v2\/product\/41233","targetHints":{"allow":["GET"]}}],"collection":[{"href":"https:\/\/scandinavischelampen.nl\/fr\/wp-json\/wp\/v2\/product"}],"about":[{"href":"https:\/\/scandinavischelampen.nl\/fr\/wp-json\/wp\/v2\/types\/product"}],"wp:featuredmedia":[{"embeddable":true,"href":"https:\/\/scandinavischelampen.nl\/fr\/wp-json\/wp\/v2\/media\/40404"}],"wp:attachment":[{"href":"https:\/\/scandinavischelampen.nl\/fr\/wp-json\/wp\/v2\/media?parent=41233"}],"wp:term":[{"taxonomy":"product_brand","embeddable":true,"href":"https:\/\/scandinavischelampen.nl\/fr\/wp-json\/wp\/v2\/product_brand?post=41233"},{"taxonomy":"product_cat","embeddable":true,"href":"https:\/\/scandinavischelampen.nl\/fr\/wp-json\/wp\/v2\/product_cat?post=41233"},{"taxonomy":"product_tag","embeddable":true,"href":"https:\/\/scandinavischelampen.nl\/fr\/wp-json\/wp\/v2\/product_tag?post=41233"}],"curies":[{"name":"wp","href":"https:\/\/api.w.org\/{rel}","templated":true}]}}