{"id":30459,"date":"2023-10-19T12:18:12","date_gmt":"2023-10-19T10:18:12","guid":{"rendered":"https:\/\/scandinavischelampen.nl\/?post_type=product&#038;p=30459"},"modified":"2024-06-13T12:31:17","modified_gmt":"2024-06-13T10:31:17","slug":"lampe-suspendue-design-paloma-2","status":"publish","type":"product","link":"https:\/\/scandinavischelampen.nl\/fr\/produit\/lampe-suspendue-design-paloma-2\/","title":{"rendered":"Design-Light lampe suspendue Paloma"},"content":{"rendered":"<h2 style=\"font-weight: 400;\"><strong>Design-Light lampe suspendue mod\u00e8le Paloma<\/strong><\/h2>\n<p style=\"font-weight: 400;\">lampe suspendue Paloma Cette lampe se distingue par son design \u00e9pur\u00e9.<\/p>\n<p style=\"font-weight: 400;\">\u00c0 l&rsquo;origine, cette lampe \u00e9tait de couleur blanche. Les coques ont \u00e9t\u00e9 \u00e0 nouveau thermolaqu\u00e9es par une entreprise sp\u00e9cialis\u00e9e. La lampe est donc en bon \u00e9tat et la couleur moderne rend cette suspension parfaitement adapt\u00e9e \u00e0 un int\u00e9rieur moderne.<\/p>\n<h2 style=\"font-weight: 400;\"><strong>Condition<\/strong><\/h2>\n<p style=\"font-weight: 400;\">La lampe a environ 30 ans et est en bon \u00e9tat avec de l\u00e9gers signes d&rsquo;utilisation ant\u00e9rieure.<\/p>\n<h2 style=\"font-weight: 400;\"><strong>Sp\u00e9cifications Lampe suspendue Design-Light mod\u00e8le Paloma<\/strong><\/h2>\n<ul style=\"font-weight: 400;\">\n<li>Hauteur : 15 cm<\/li>\n<li>Diam\u00e8tre : 40 cm<\/li>\n<li>Hauteur totale avec cordon 100 cm (r\u00e9glable lors de l&rsquo;installation)<\/li>\n<li>Mat\u00e9riau : acier<\/li>\n<li>Cordon de couleur : noir<\/li>\n<li>Puissance maximale : 60W<\/li>\n<li>Culot: E27<\/li>\n<li>Convient aux lampes LED<\/li>\n<li>Poids : 1,7 kg<\/li>\n<\/ul>\n<p style=\"font-weight: 400;\"><strong>LED dans votre suspension vintage<\/strong><\/p>\n<p style=\"font-weight: 400;\">Avec les tarifs \u00e9nerg\u00e9tiques actuels, la conservation de l&rsquo;\u00e9nergie est un point d&rsquo;attention important. Cette suspension contient un culot E27. Cela le rend adapt\u00e9 aux lampes LED et m\u00eame \u00e0 l&rsquo;\u00e9clairage intelligent. La lampe peut \u00e9galement \u00eatre utilis\u00e9e en combinaison avec un gradateur.<\/p>\n<p style=\"font-weight: 400;\"><strong>Notre stock<\/strong><\/p>\n<p style=\"font-weight: 400;\">Les lampes que nous proposons sont toutes disponibles en stock. Cela signifie que nous exp\u00e9dions souvent votre commande le m\u00eame jour ou le jour ouvrable suivant. Veuillez noter que nous n&rsquo;avons g\u00e9n\u00e9ralement qu&rsquo;un seul article en stock. Parce que nous ne vendons que des lampes vintage, il n&rsquo;est pas certain que nous recevrons \u00e0 nouveau cette lampe \u00e0 l&rsquo;avenir.<\/p>\n<p style=\"font-weight: 400;\"><strong>Options d&rsquo;Exp\u00e9dition<\/strong><\/p>\n<p style=\"font-weight: 400;\">Dans le monde entier, il est possible de commander chez nous. Nous exp\u00e9dions la lampe soigneusement emball\u00e9e dans du papier bulle \u00e9pais et enregistr\u00e9e dans des bo\u00eetes \u00e0 double couche. D\u00e8s que votre colis aura \u00e9t\u00e9 exp\u00e9di\u00e9, vous recevrez un e-mail de Post NL. Vous trouverez ici les informations de suivi de piste avec lesquelles vous pouvez suivre le colis jusqu&rsquo;\u00e0 votre porte d&rsquo;entr\u00e9e. Apr\u00e8s r\u00e9ception de votre commande, vous avez 14 jours pour changer d&rsquo;avis.<\/p>\n<p style=\"font-weight: 400;\"><strong>\u00c0 propos de Design-Light<\/strong><\/p>\n<p style=\"font-weight: 400;\">La soci\u00e9t\u00e9 d&rsquo;\u00e9clairage danoise Design Light, bas\u00e9e \u00e0 Randers, a d\u00e9but\u00e9 dans les ann\u00e9es 1980 avec deux s\u00e9ries principales. Lampes suspendues et murales minimalistes de type OVNI construites \u00e0 partir de combinaisons de mat\u00e9riaux innovantes telles que le plexiglas et le treillis m\u00e9tallique. L&rsquo;autre ligne se compose de suspensions multicouches de haute qualit\u00e9 dans le style moderne danois classique. <strong><a href=\"https:\/\/scandinavischelampen.nl\/product-categorie\/merken\/design-light\/\">Voir notre collection compl\u00e8te de lampes suspendues Design-Light ici<\/a><\/strong><\/p>\n<p>&nbsp;<\/p>\n","protected":false},"excerpt":{"rendered":"<p><strong><span style=\"color: #00ff00;\">\u221a<\/span> <span style=\"color: #ff6600;\">Livraison gratuite en Europe d\u00e8s 350 \u20ac<\/span><br \/>\n<\/strong><strong><span style=\"color: #00ff00;\">\u221a<\/span> Command\u00e9 avant <span style=\"color: #ff6600;\">16h00<\/span>? G\u00e9n\u00e9ralement exp\u00e9di\u00e9 le m\u00eame jour<br \/>\n<\/strong><strong><span style=\"color: #00ff00;\">\u221a<\/span> <span style=\"color: #ff6600;\">14 jours<\/span> de r\u00e9flexion<br \/>\n<\/strong><strong><span style=\"color: #00ff00;\">\u221a<\/span> Convient pour les <span style=\"color: #ff6600;\">LED<\/span><\/strong><\/p>\n<ul style=\"font-weight: 400;\">\n<li><strong>Hauteur : 15 cm<\/strong><\/li>\n<li><strong>Diam\u00e8tre : 40 cm<\/strong><\/li>\n<\/ul>\n","protected":false},"featured_media":30740,"template":"","meta":{"_uag_custom_page_level_css":"","site-sidebar-layout":"default","site-content-layout":"default","ast-site-content-layout":"default","site-content-style":"default","site-sidebar-style":"default","ast-global-header-display":"","ast-banner-title-visibility":"","ast-main-header-display":"","ast-hfb-above-header-display":"","ast-hfb-below-header-display":"","ast-hfb-mobile-header-display":"","site-post-title":"","ast-breadcrumbs-content":"","ast-featured-img":"","footer-sml-layout":"","ast-disable-related-posts":"","theme-transparent-header-meta":"default","adv-header-id-meta":"","stick-header-meta":"","header-above-stick-meta":"","header-main-stick-meta":"","header-below-stick-meta":"","astra-migrate-meta-layouts":"set","ast-page-background-enabled":"default","ast-page-background-meta":{"desktop":{"background-color":"var(--ast-global-color-4)","background-image":"","background-repeat":"repeat","background-position":"center center","background-size":"auto","background-attachment":"scroll","background-type":"","background-media":"","overlay-type":"","overlay-color":"","overlay-opacity":"","overlay-gradient":""},"tablet":{"background-color":"","background-image":"","background-repeat":"repeat","background-position":"center center","background-size":"auto","background-attachment":"scroll","background-type":"","background-media":"","overlay-type":"","overlay-color":"","overlay-opacity":"","overlay-gradient":""},"mobile":{"background-color":"","background-image":"","background-repeat":"repeat","background-position":"center center","background-size":"auto","background-attachment":"scroll","background-type":"","background-media":"","overlay-type":"","overlay-color":"","overlay-opacity":"","overlay-gradient":""}},"ast-content-background-meta":{"desktop":{"background-color":"var(--ast-global-color-5)","background-image":"","background-repeat":"repeat","background-position":"center center","background-size":"auto","background-attachment":"scroll","background-type":"","background-media":"","overlay-type":"","overlay-color":"","overlay-opacity":"","overlay-gradient":""},"tablet":{"background-color":"var(--ast-global-color-5)","background-image":"","background-repeat":"repeat","background-position":"center center","background-size":"auto","background-attachment":"scroll","background-type":"","background-media":"","overlay-type":"","overlay-color":"","overlay-opacity":"","overlay-gradient":""},"mobile":{"background-color":"var(--ast-global-color-5)","background-image":"","background-repeat":"repeat","background-position":"center center","background-size":"auto","background-attachment":"scroll","background-type":"","background-media":"","overlay-type":"","overlay-color":"","overlay-opacity":"","overlay-gradient":""}}},"product_brand":[],"product_cat":[459,339,499,337,336,338,333,335,604],"product_tag":[],"class_list":{"0":"post-30459","1":"product","2":"type-product","3":"status-publish","4":"has-post-thumbnail","6":"product_cat-collection-de-couleurs","7":"product_cat-design-light-fr","8":"product_cat-eclairage-de-bureau-fr","9":"product_cat-eclairage-de-la-chambre","10":"product_cat-eclairage-de-la-cuisine","11":"product_cat-eclairage-du-salon","12":"product_cat-suspensions-scandinaves","13":"product_cat-suspensions-pour-table-a-manger","14":"product_cat-voir-notre-collection-complete","15":"desktop-align-center","16":"tablet-align-left","17":"mobile-align-left","19":"first","20":"instock","21":"taxable","22":"shipping-taxable","23":"purchasable","24":"product-type-simple"},"yoast_head":"<!-- This site is optimized with the Yoast SEO plugin v27.5 - https:\/\/yoast.com\/product\/yoast-seo-wordpress\/ -->\n<title>Design-Light lampe suspendue Paloma - Vintage<\/title>\n<meta name=\"description\" content=\"Magnifique lampe suspendue vintage Design-Light mod\u00e8le Paloma. Achetez facilement en ligne \u221aLivraison rapide \u221aLarge gamme de luminaires scandinaves vintage\" \/>\n<meta name=\"robots\" content=\"index, follow, max-snippet:-1, max-image-preview:large, max-video-preview:-1\" \/>\n<link rel=\"canonical\" href=\"https:\/\/scandinavischelampen.nl\/fr\/produit\/lampe-suspendue-design-paloma-2\/\" \/>\n<meta property=\"og:locale\" content=\"fr_FR\" \/>\n<meta property=\"og:type\" content=\"article\" \/>\n<meta property=\"og:title\" content=\"Design-Light lampe suspendue Paloma - Vintage\" \/>\n<meta property=\"og:description\" content=\"Magnifique lampe suspendue vintage Design-Light mod\u00e8le Paloma. Achetez facilement en ligne \u221aLivraison rapide \u221aLarge gamme de luminaires scandinaves vintage\" \/>\n<meta property=\"og:url\" content=\"https:\/\/scandinavischelampen.nl\/fr\/produit\/lampe-suspendue-design-paloma-2\/\" \/>\n<meta property=\"og:site_name\" content=\"Lampes Scandinaves\" \/>\n<meta property=\"article:publisher\" content=\"https:\/\/www.facebook.com\/scandinavischelampen\/\" \/>\n<meta property=\"article:modified_time\" content=\"2024-06-13T10:31:17+00:00\" \/>\n<meta property=\"og:image\" content=\"https:\/\/i0.wp.com\/scandinavischelampen.nl\/wp-content\/uploads\/2023\/10\/221D342E-8EA3-442B-AC2C-AD6FE5FEE542_1_201_a-kopieren-scaled.jpg?fit=1920%2C2560&ssl=1\" \/>\n\t<meta property=\"og:image:width\" content=\"1920\" \/>\n\t<meta property=\"og:image:height\" content=\"2560\" \/>\n\t<meta property=\"og:image:type\" content=\"image\/jpeg\" \/>\n<meta name=\"twitter:card\" content=\"summary_large_image\" \/>\n<meta name=\"twitter:label1\" content=\"Dur\u00e9e de lecture estim\u00e9e\" \/>\n\t<meta name=\"twitter:data1\" content=\"2 minutes\" \/>\n<script type=\"application\/ld+json\" class=\"yoast-schema-graph\">{\"@context\":\"https:\\\/\\\/schema.org\",\"@graph\":[{\"@type\":\"WebPage\",\"@id\":\"https:\\\/\\\/scandinavischelampen.nl\\\/fr\\\/produit\\\/lampe-suspendue-design-paloma-2\\\/\",\"url\":\"https:\\\/\\\/scandinavischelampen.nl\\\/fr\\\/produit\\\/lampe-suspendue-design-paloma-2\\\/\",\"name\":\"Design-Light lampe suspendue Paloma - Vintage\",\"isPartOf\":{\"@id\":\"https:\\\/\\\/scandinavischelampen.nl\\\/fr\\\/#website\"},\"primaryImageOfPage\":{\"@id\":\"https:\\\/\\\/scandinavischelampen.nl\\\/fr\\\/produit\\\/lampe-suspendue-design-paloma-2\\\/#primaryimage\"},\"image\":{\"@id\":\"https:\\\/\\\/scandinavischelampen.nl\\\/fr\\\/produit\\\/lampe-suspendue-design-paloma-2\\\/#primaryimage\"},\"thumbnailUrl\":\"https:\\\/\\\/i0.wp.com\\\/scandinavischelampen.nl\\\/wp-content\\\/uploads\\\/2023\\\/10\\\/221D342E-8EA3-442B-AC2C-AD6FE5FEE542_1_201_a-kopieren-scaled.jpg?fit=1920%2C2560&ssl=1\",\"datePublished\":\"2023-10-19T10:18:12+00:00\",\"dateModified\":\"2024-06-13T10:31:17+00:00\",\"description\":\"Magnifique lampe suspendue vintage Design-Light mod\u00e8le Paloma. Achetez facilement en ligne \u221aLivraison rapide \u221aLarge gamme de luminaires scandinaves vintage\",\"breadcrumb\":{\"@id\":\"https:\\\/\\\/scandinavischelampen.nl\\\/fr\\\/produit\\\/lampe-suspendue-design-paloma-2\\\/#breadcrumb\"},\"inLanguage\":\"fr-FR\",\"potentialAction\":[{\"@type\":\"ReadAction\",\"target\":[\"https:\\\/\\\/scandinavischelampen.nl\\\/fr\\\/produit\\\/lampe-suspendue-design-paloma-2\\\/\"]}]},{\"@type\":\"ImageObject\",\"inLanguage\":\"fr-FR\",\"@id\":\"https:\\\/\\\/scandinavischelampen.nl\\\/fr\\\/produit\\\/lampe-suspendue-design-paloma-2\\\/#primaryimage\",\"url\":\"https:\\\/\\\/i0.wp.com\\\/scandinavischelampen.nl\\\/wp-content\\\/uploads\\\/2023\\\/10\\\/221D342E-8EA3-442B-AC2C-AD6FE5FEE542_1_201_a-kopieren-scaled.jpg?fit=1920%2C2560&ssl=1\",\"contentUrl\":\"https:\\\/\\\/i0.wp.com\\\/scandinavischelampen.nl\\\/wp-content\\\/uploads\\\/2023\\\/10\\\/221D342E-8EA3-442B-AC2C-AD6FE5FEE542_1_201_a-kopieren-scaled.jpg?fit=1920%2C2560&ssl=1\",\"width\":1920,\"height\":2560,\"caption\":\"Lampe suspendue design-Light Paloma parfaite pour une table \u00e0 manger\"},{\"@type\":\"BreadcrumbList\",\"@id\":\"https:\\\/\\\/scandinavischelampen.nl\\\/fr\\\/produit\\\/lampe-suspendue-design-paloma-2\\\/#breadcrumb\",\"itemListElement\":[{\"@type\":\"ListItem\",\"position\":1,\"name\":\"Home\",\"item\":\"https:\\\/\\\/scandinavischelampen.nl\\\/fr\\\/\"},{\"@type\":\"ListItem\",\"position\":2,\"name\":\"Boutique\",\"item\":\"https:\\\/\\\/scandinavischelampen.nl\\\/fr\\\/boutique\\\/\"},{\"@type\":\"ListItem\",\"position\":3,\"name\":\"Design-Light lampe suspendue Paloma\"}]},{\"@type\":\"WebSite\",\"@id\":\"https:\\\/\\\/scandinavischelampen.nl\\\/fr\\\/#website\",\"url\":\"https:\\\/\\\/scandinavischelampen.nl\\\/fr\\\/\",\"name\":\"Scandinavische Lampen\",\"description\":\"Luminaire design vintage\",\"publisher\":{\"@id\":\"https:\\\/\\\/scandinavischelampen.nl\\\/fr\\\/#organization\"},\"potentialAction\":[{\"@type\":\"SearchAction\",\"target\":{\"@type\":\"EntryPoint\",\"urlTemplate\":\"https:\\\/\\\/scandinavischelampen.nl\\\/fr\\\/?s={search_term_string}\"},\"query-input\":{\"@type\":\"PropertyValueSpecification\",\"valueRequired\":true,\"valueName\":\"search_term_string\"}}],\"inLanguage\":\"fr-FR\"},{\"@type\":\"Organization\",\"@id\":\"https:\\\/\\\/scandinavischelampen.nl\\\/fr\\\/#organization\",\"name\":\"Scandinavische Lampen\",\"url\":\"https:\\\/\\\/scandinavischelampen.nl\\\/fr\\\/\",\"logo\":{\"@type\":\"ImageObject\",\"inLanguage\":\"fr-FR\",\"@id\":\"https:\\\/\\\/scandinavischelampen.nl\\\/fr\\\/#\\\/schema\\\/logo\\\/image\\\/\",\"url\":\"https:\\\/\\\/i0.wp.com\\\/scandinavischelampen.nl\\\/wp-content\\\/uploads\\\/2023\\\/07\\\/cropped-Scandinavische-lampen-logo-oranje-01-scaled.png?fit=4717%2C1570&ssl=1\",\"contentUrl\":\"https:\\\/\\\/i0.wp.com\\\/scandinavischelampen.nl\\\/wp-content\\\/uploads\\\/2023\\\/07\\\/cropped-Scandinavische-lampen-logo-oranje-01-scaled.png?fit=4717%2C1570&ssl=1\",\"width\":4717,\"height\":1570,\"caption\":\"Scandinavische Lampen\"},\"image\":{\"@id\":\"https:\\\/\\\/scandinavischelampen.nl\\\/fr\\\/#\\\/schema\\\/logo\\\/image\\\/\"},\"sameAs\":[\"https:\\\/\\\/www.facebook.com\\\/scandinavischelampen\\\/\",\"https:\\\/\\\/www.instagram.com\\\/scandinavische_lampen\\\/\"]}]}<\/script>\n<!-- \/ Yoast SEO plugin. -->","yoast_head_json":{"title":"Design-Light lampe suspendue Paloma - Vintage","description":"Magnifique lampe suspendue vintage Design-Light mod\u00e8le Paloma. Achetez facilement en ligne \u221aLivraison rapide \u221aLarge gamme de luminaires scandinaves vintage","robots":{"index":"index","follow":"follow","max-snippet":"max-snippet:-1","max-image-preview":"max-image-preview:large","max-video-preview":"max-video-preview:-1"},"canonical":"https:\/\/scandinavischelampen.nl\/fr\/produit\/lampe-suspendue-design-paloma-2\/","og_locale":"fr_FR","og_type":"article","og_title":"Design-Light lampe suspendue Paloma - Vintage","og_description":"Magnifique lampe suspendue vintage Design-Light mod\u00e8le Paloma. Achetez facilement en ligne \u221aLivraison rapide \u221aLarge gamme de luminaires scandinaves vintage","og_url":"https:\/\/scandinavischelampen.nl\/fr\/produit\/lampe-suspendue-design-paloma-2\/","og_site_name":"Lampes Scandinaves","article_publisher":"https:\/\/www.facebook.com\/scandinavischelampen\/","article_modified_time":"2024-06-13T10:31:17+00:00","og_image":[{"width":1920,"height":2560,"url":"https:\/\/i0.wp.com\/scandinavischelampen.nl\/wp-content\/uploads\/2023\/10\/221D342E-8EA3-442B-AC2C-AD6FE5FEE542_1_201_a-kopieren-scaled.jpg?fit=1920%2C2560&ssl=1","type":"image\/jpeg"}],"twitter_card":"summary_large_image","twitter_misc":{"Dur\u00e9e de lecture estim\u00e9e":"2 minutes"},"schema":{"@context":"https:\/\/schema.org","@graph":[{"@type":"WebPage","@id":"https:\/\/scandinavischelampen.nl\/fr\/produit\/lampe-suspendue-design-paloma-2\/","url":"https:\/\/scandinavischelampen.nl\/fr\/produit\/lampe-suspendue-design-paloma-2\/","name":"Design-Light lampe suspendue Paloma - Vintage","isPartOf":{"@id":"https:\/\/scandinavischelampen.nl\/fr\/#website"},"primaryImageOfPage":{"@id":"https:\/\/scandinavischelampen.nl\/fr\/produit\/lampe-suspendue-design-paloma-2\/#primaryimage"},"image":{"@id":"https:\/\/scandinavischelampen.nl\/fr\/produit\/lampe-suspendue-design-paloma-2\/#primaryimage"},"thumbnailUrl":"https:\/\/i0.wp.com\/scandinavischelampen.nl\/wp-content\/uploads\/2023\/10\/221D342E-8EA3-442B-AC2C-AD6FE5FEE542_1_201_a-kopieren-scaled.jpg?fit=1920%2C2560&ssl=1","datePublished":"2023-10-19T10:18:12+00:00","dateModified":"2024-06-13T10:31:17+00:00","description":"Magnifique lampe suspendue vintage Design-Light mod\u00e8le Paloma. Achetez facilement en ligne \u221aLivraison rapide \u221aLarge gamme de luminaires scandinaves vintage","breadcrumb":{"@id":"https:\/\/scandinavischelampen.nl\/fr\/produit\/lampe-suspendue-design-paloma-2\/#breadcrumb"},"inLanguage":"fr-FR","potentialAction":[{"@type":"ReadAction","target":["https:\/\/scandinavischelampen.nl\/fr\/produit\/lampe-suspendue-design-paloma-2\/"]}]},{"@type":"ImageObject","inLanguage":"fr-FR","@id":"https:\/\/scandinavischelampen.nl\/fr\/produit\/lampe-suspendue-design-paloma-2\/#primaryimage","url":"https:\/\/i0.wp.com\/scandinavischelampen.nl\/wp-content\/uploads\/2023\/10\/221D342E-8EA3-442B-AC2C-AD6FE5FEE542_1_201_a-kopieren-scaled.jpg?fit=1920%2C2560&ssl=1","contentUrl":"https:\/\/i0.wp.com\/scandinavischelampen.nl\/wp-content\/uploads\/2023\/10\/221D342E-8EA3-442B-AC2C-AD6FE5FEE542_1_201_a-kopieren-scaled.jpg?fit=1920%2C2560&ssl=1","width":1920,"height":2560,"caption":"Lampe suspendue design-Light Paloma parfaite pour une table \u00e0 manger"},{"@type":"BreadcrumbList","@id":"https:\/\/scandinavischelampen.nl\/fr\/produit\/lampe-suspendue-design-paloma-2\/#breadcrumb","itemListElement":[{"@type":"ListItem","position":1,"name":"Home","item":"https:\/\/scandinavischelampen.nl\/fr\/"},{"@type":"ListItem","position":2,"name":"Boutique","item":"https:\/\/scandinavischelampen.nl\/fr\/boutique\/"},{"@type":"ListItem","position":3,"name":"Design-Light lampe suspendue Paloma"}]},{"@type":"WebSite","@id":"https:\/\/scandinavischelampen.nl\/fr\/#website","url":"https:\/\/scandinavischelampen.nl\/fr\/","name":"Scandinavische Lampen","description":"Luminaire design vintage","publisher":{"@id":"https:\/\/scandinavischelampen.nl\/fr\/#organization"},"potentialAction":[{"@type":"SearchAction","target":{"@type":"EntryPoint","urlTemplate":"https:\/\/scandinavischelampen.nl\/fr\/?s={search_term_string}"},"query-input":{"@type":"PropertyValueSpecification","valueRequired":true,"valueName":"search_term_string"}}],"inLanguage":"fr-FR"},{"@type":"Organization","@id":"https:\/\/scandinavischelampen.nl\/fr\/#organization","name":"Scandinavische Lampen","url":"https:\/\/scandinavischelampen.nl\/fr\/","logo":{"@type":"ImageObject","inLanguage":"fr-FR","@id":"https:\/\/scandinavischelampen.nl\/fr\/#\/schema\/logo\/image\/","url":"https:\/\/i0.wp.com\/scandinavischelampen.nl\/wp-content\/uploads\/2023\/07\/cropped-Scandinavische-lampen-logo-oranje-01-scaled.png?fit=4717%2C1570&ssl=1","contentUrl":"https:\/\/i0.wp.com\/scandinavischelampen.nl\/wp-content\/uploads\/2023\/07\/cropped-Scandinavische-lampen-logo-oranje-01-scaled.png?fit=4717%2C1570&ssl=1","width":4717,"height":1570,"caption":"Scandinavische Lampen"},"image":{"@id":"https:\/\/scandinavischelampen.nl\/fr\/#\/schema\/logo\/image\/"},"sameAs":["https:\/\/www.facebook.com\/scandinavischelampen\/","https:\/\/www.instagram.com\/scandinavische_lampen\/"]}]}},"uagb_featured_image_src":{"full":["https:\/\/i0.wp.com\/scandinavischelampen.nl\/wp-content\/uploads\/2023\/10\/221D342E-8EA3-442B-AC2C-AD6FE5FEE542_1_201_a-kopieren-scaled.jpg?fit=1920%2C2560&ssl=1",1920,2560,false],"thumbnail":["https:\/\/i0.wp.com\/scandinavischelampen.nl\/wp-content\/uploads\/2023\/10\/221D342E-8EA3-442B-AC2C-AD6FE5FEE542_1_201_a-kopieren-scaled.jpg?resize=150%2C150&ssl=1",150,150,true],"medium":["https:\/\/i0.wp.com\/scandinavischelampen.nl\/wp-content\/uploads\/2023\/10\/221D342E-8EA3-442B-AC2C-AD6FE5FEE542_1_201_a-kopieren-scaled.jpg?fit=225%2C300&ssl=1",225,300,true],"medium_large":["https:\/\/i0.wp.com\/scandinavischelampen.nl\/wp-content\/uploads\/2023\/10\/221D342E-8EA3-442B-AC2C-AD6FE5FEE542_1_201_a-kopieren-scaled.jpg?fit=768%2C1024&ssl=1",768,1024,true],"large":["https:\/\/i0.wp.com\/scandinavischelampen.nl\/wp-content\/uploads\/2023\/10\/221D342E-8EA3-442B-AC2C-AD6FE5FEE542_1_201_a-kopieren-scaled.jpg?fit=768%2C1024&ssl=1",768,1024,true],"1536x1536":["https:\/\/i0.wp.com\/scandinavischelampen.nl\/wp-content\/uploads\/2023\/10\/221D342E-8EA3-442B-AC2C-AD6FE5FEE542_1_201_a-kopieren-scaled.jpg?fit=1152%2C1536&ssl=1",1152,1536,true],"2048x2048":["https:\/\/i0.wp.com\/scandinavischelampen.nl\/wp-content\/uploads\/2023\/10\/221D342E-8EA3-442B-AC2C-AD6FE5FEE542_1_201_a-kopieren-scaled.jpg?fit=1536%2C2048&ssl=1",1536,2048,true],"woocommerce_thumbnail":["https:\/\/i0.wp.com\/scandinavischelampen.nl\/wp-content\/uploads\/2023\/10\/221D342E-8EA3-442B-AC2C-AD6FE5FEE542_1_201_a-kopieren-scaled.jpg?resize=300%2C300&ssl=1",300,300,true],"woocommerce_single":["https:\/\/i0.wp.com\/scandinavischelampen.nl\/wp-content\/uploads\/2023\/10\/221D342E-8EA3-442B-AC2C-AD6FE5FEE542_1_201_a-kopieren-scaled.jpg?fit=600%2C800&ssl=1",600,800,true],"woocommerce_gallery_thumbnail":["https:\/\/i0.wp.com\/scandinavischelampen.nl\/wp-content\/uploads\/2023\/10\/221D342E-8EA3-442B-AC2C-AD6FE5FEE542_1_201_a-kopieren-scaled.jpg?resize=100%2C100&ssl=1",100,100,true],"thaps-thumb-img":["https:\/\/i0.wp.com\/scandinavischelampen.nl\/wp-content\/uploads\/2023\/10\/221D342E-8EA3-442B-AC2C-AD6FE5FEE542_1_201_a-kopieren-scaled.jpg?resize=48%2C64&ssl=1",48,64,true]},"uagb_author_info":{"display_name":"administrator","author_link":"https:\/\/scandinavischelampen.nl\/fr\/author\/"},"uagb_comment_info":0,"uagb_excerpt":"\u221a Livraison gratuite en Europe d\u00e8s 350 \u20ac \u221a Command\u00e9 avant 16h00? G\u00e9n\u00e9ralement exp\u00e9di\u00e9 le m\u00eame jour \u221a 14 jours de r\u00e9flexion \u221a Convient pour les LED Hauteur : 15 cm Diam\u00e8tre : 40 cm","jetpack_sharing_enabled":true,"_links":{"self":[{"href":"https:\/\/scandinavischelampen.nl\/fr\/wp-json\/wp\/v2\/product\/30459","targetHints":{"allow":["GET"]}}],"collection":[{"href":"https:\/\/scandinavischelampen.nl\/fr\/wp-json\/wp\/v2\/product"}],"about":[{"href":"https:\/\/scandinavischelampen.nl\/fr\/wp-json\/wp\/v2\/types\/product"}],"wp:featuredmedia":[{"embeddable":true,"href":"https:\/\/scandinavischelampen.nl\/fr\/wp-json\/wp\/v2\/media\/30740"}],"wp:attachment":[{"href":"https:\/\/scandinavischelampen.nl\/fr\/wp-json\/wp\/v2\/media?parent=30459"}],"wp:term":[{"taxonomy":"product_brand","embeddable":true,"href":"https:\/\/scandinavischelampen.nl\/fr\/wp-json\/wp\/v2\/product_brand?post=30459"},{"taxonomy":"product_cat","embeddable":true,"href":"https:\/\/scandinavischelampen.nl\/fr\/wp-json\/wp\/v2\/product_cat?post=30459"},{"taxonomy":"product_tag","embeddable":true,"href":"https:\/\/scandinavischelampen.nl\/fr\/wp-json\/wp\/v2\/product_tag?post=30459"}],"curies":[{"name":"wp","href":"https:\/\/api.w.org\/{rel}","templated":true}]}}