{"id":22433,"date":"2023-06-28T09:12:20","date_gmt":"2023-06-28T07:12:20","guid":{"rendered":"https:\/\/v2.scandinavischelampen.nl\/product\/suspension-holmegaard-mandarin-mini\/"},"modified":"2025-04-23T21:55:27","modified_gmt":"2025-04-23T19:55:27","slug":"holmegaard-suspension-mandarin-mini","status":"publish","type":"product","link":"https:\/\/scandinavischelampen.nl\/fr\/produit\/holmegaard-suspension-mandarin-mini\/","title":{"rendered":"Suspension Holmegaard Mandarin mini"},"content":{"rendered":"<h2 class=\"title-wrapper\">Suspension Holmegaard Mandarin mini<\/h2>\n<div class=\"stats__counts-wrapper\">\n<p>Cette suspension atmosph\u00e9rique a \u00e9t\u00e9 con\u00e7ue pour la marque Holmegaard et publi\u00e9e sous le type Mandarin mini. <span class=\"Y2IQFc\" lang=\"nl\">La suspension Mandarin a \u00e9t\u00e9 con\u00e7ue par Michael Bang dans les ann\u00e9es 1980. Il est fait de verre souffl\u00e9 \u00e0 la bouche. L&rsquo;ext\u00e9rieur et l&rsquo;int\u00e9rieur sont de couleur blanche. Lorsque la lampe est allum\u00e9e, l&rsquo;abat-jour a une belle lueur douce.<\/span><\/p>\n<h2>Conditions<\/h2>\n<p>La lampe a environ 40 ans et est en tr\u00e8s bon \u00e9tat. L&rsquo;autocollant du fabricant n&rsquo;est plus pr\u00e9sent dans la lampe.<\/p>\n<p>Ce lustre n&rsquo;est pas simplement une addition esth\u00e9tique ; c&rsquo;est aussi un choix conscient pour l&rsquo;environnement. Apportez non seulement un morceau de design danois chez vous, mais contribuez \u00e9galement \u00e0 un monde plus vert. Avec ce lustre, vous affirmez non seulement votre style, mais aussi votre sens de l&rsquo;\u00e9cologie. Optez pour un \u00e9clairage avec une histoire et un impact.<\/p>\n<h2>Sp\u00e9cifications Lampe suspendue Holmegaard Mandarin mini<\/h2>\n<ul>\n<li>Hauteur : 15 cm<\/li>\n<li>Diam\u00e8tre : 19 cm<\/li>\n<li>Hauteur totale avec cordon 200 cm (r\u00e9glable lors de l&rsquo;installation)<\/li>\n<li>Mat\u00e9riau : verre<\/li>\n<li>Couleur du cordon : Blanc<\/li>\n<li>Puissance maximale : 40 W<\/li>\n<li>Douille : E14<\/li>\n<li>Convient aux lampes LED<\/li>\n<li>Poids : 0,5 kg<\/li>\n<\/ul>\n<h2>Suitable for LED and dimmable<\/h2>\n<p>Avec les tarifs \u00e9nerg\u00e9tiques actuels, la conservation de l&rsquo;\u00e9nergie est un point d&rsquo;attention important. Cette suspension contient un culot E27. Cela le rend adapt\u00e9 aux lampes LED et m\u00eame \u00e0 l&rsquo;\u00e9clairage intelligent. La lampe peut \u00e9galement \u00eatre utilis\u00e9e en combinaison avec un gradateur.<\/p>\n<h2>Notre stock<\/h2>\n<p>Les lampes que nous proposons sont toutes disponibles en stock. Cela signifie que nous exp\u00e9dions souvent votre commande le m\u00eame jour ou le jour ouvrable suivant. Veuillez noter que nous n&rsquo;avons qu&rsquo;un seul article en stock. Parce que nous ne vendons que des lampes vintage, il n&rsquo;est pas certain que nous recevrons \u00e0 nouveau cette lampe \u00e0 l&rsquo;avenir.<\/p>\n<h2>Les options d&rsquo;exp\u00e9dition<\/h2>\n<p>Dans le monde entier, il est possible de commander chez nous. Nous exp\u00e9dions la lampe soigneusement emball\u00e9e dans du papier bulle \u00e9pais et enregistr\u00e9e dans des bo\u00eetes \u00e0 double couche. D\u00e8s que votre colis aura \u00e9t\u00e9 exp\u00e9di\u00e9, vous recevrez un e-mail de Post NL. Vous trouverez ici les informations de suivi de piste avec lesquelles vous pouvez suivre le colis jusqu&rsquo;\u00e0 votre porte d&rsquo;entr\u00e9e. Apr\u00e8s r\u00e9ception de votre commande, vous avez 14 jours pour changer d&rsquo;avis.<\/p>\n<\/div>\n<h2><strong>\u00c0 propos de Holmegaard<\/strong><\/h2>\n<p><span style=\"font-size: 16px;\">L&rsquo;histoire de Holmegaard Glassworks a commenc\u00e9 en 1825, lorsque le comte Christian Danneskiold-Sams\u00f8e a demand\u00e9 au roi du Danemark l&rsquo;autorisation d&rsquo;\u00e9tablir une verrerie \u00e0 Holmegaard Mose. Cependant, le comte mourut en 1823 sans recevoir de r\u00e9ponse \u00e0 sa demande. Sa veuve, la comtesse Henriette Danneskiold-Sams\u00f8e, d\u00e9cide de poursuivre le projet lorsque, peu apr\u00e8s la mort de son mari, elle re\u00e7oit du roi l&rsquo;autorisation d&rsquo;\u00e9tablir une verrerie.<\/span><\/p>\n<p><span class=\"Y2IQFc\" lang=\"nl\">L&rsquo;usine serait situ\u00e9e dans la tourbi\u00e8re car il y avait suffisamment de combustible pour produire les hautes temp\u00e9ratures du four \u00e0 verre. La premi\u00e8re production \u00e0 la verrerie Holmegaard a commenc\u00e9 en 1825. Au d\u00e9but, l&rsquo;usine ne produisait que des bouteilles vertes, mais Henriette souhaitait \u00e9galement produire des gobelets en verre clair, et les verriers boh\u00e8mes ont pu les fabriquer. L&rsquo;histoire de la verrerie Holmegaard est celle de quelques petites verreries dans une tourbi\u00e8re, qui se sont transform\u00e9es en un grand groupe moderne sur une p\u00e9riode de 185 ans. Au XXe si\u00e8cle, des artistes ont \u00e9merg\u00e9 et ont con\u00e7u et fa\u00e7onn\u00e9 les produits en verre d&rsquo;Holmegaard. Ce fut le d\u00e9but d&rsquo;une longue et fi\u00e8re tradition et par cons\u00e9quent, m\u00eame aujourd&rsquo;hui, certains des meilleurs artistes du Danemark sont associ\u00e9s \u00e0 la production de verre d&rsquo;Holmegaard. <\/span><span style=\"color: #ff6600;\"><a style=\"color: #ff6600;\" href=\"https:\/\/scandinavischelampen.nl\/product-categorie\/merken\/holmegaard\/\">D\u00e9couvrez notre collection de suspensions Royal Holmegaard ici.<\/a><\/span><\/p>\n","protected":false},"excerpt":{"rendered":"<p><strong><span style=\"color: #00ff00;\">\u221a<\/span> <span style=\"color: #ff6600;\">Livraison gratuite en Europe d\u00e8s 350 \u20ac<\/span><br \/>\n<\/strong><strong><span style=\"color: #00ff00;\">\u221a<\/span> Command\u00e9 avant <span style=\"color: #ff6600;\">16h00<\/span>? G\u00e9n\u00e9ralement exp\u00e9di\u00e9 le m\u00eame jour<br \/>\n<\/strong><strong><span style=\"color: #00ff00;\">\u221a<\/span> <span style=\"color: #ff6600;\">14 jours<\/span> de r\u00e9flexion<br \/>\n<\/strong><strong><span style=\"color: #00ff00;\">\u221a<\/span> Convient pour les <span style=\"color: #ff6600;\">LED<\/span><\/strong><\/p>\n<ul>\n<li><strong>Hauteur : 15 cm<\/strong><\/li>\n<li><strong>Diam\u00e8tre : 19 cm<\/strong><\/li>\n<\/ul>\n","protected":false},"featured_media":17085,"template":"","meta":{"_uag_custom_page_level_css":"","site-sidebar-layout":"default","site-content-layout":"default","ast-site-content-layout":"default","site-content-style":"default","site-sidebar-style":"default","ast-global-header-display":"","ast-banner-title-visibility":"","ast-main-header-display":"","ast-hfb-above-header-display":"","ast-hfb-below-header-display":"","ast-hfb-mobile-header-display":"","site-post-title":"","ast-breadcrumbs-content":"","ast-featured-img":"","footer-sml-layout":"","ast-disable-related-posts":"","theme-transparent-header-meta":"default","adv-header-id-meta":"","stick-header-meta":"","header-above-stick-meta":"","header-main-stick-meta":"","header-below-stick-meta":"","astra-migrate-meta-layouts":"default","ast-page-background-enabled":"default","ast-page-background-meta":{"desktop":{"background-color":"var(--ast-global-color-4)","background-image":"","background-repeat":"repeat","background-position":"center center","background-size":"auto","background-attachment":"scroll","background-type":"","background-media":"","overlay-type":"","overlay-color":"","overlay-opacity":"","overlay-gradient":""},"tablet":{"background-color":"","background-image":"","background-repeat":"repeat","background-position":"center center","background-size":"auto","background-attachment":"scroll","background-type":"","background-media":"","overlay-type":"","overlay-color":"","overlay-opacity":"","overlay-gradient":""},"mobile":{"background-color":"","background-image":"","background-repeat":"repeat","background-position":"center center","background-size":"auto","background-attachment":"scroll","background-type":"","background-media":"","overlay-type":"","overlay-color":"","overlay-opacity":"","overlay-gradient":""}},"ast-content-background-meta":{"desktop":{"background-color":"var(--ast-global-color-5)","background-image":"","background-repeat":"repeat","background-position":"center center","background-size":"auto","background-attachment":"scroll","background-type":"","background-media":"","overlay-type":"","overlay-color":"","overlay-opacity":"","overlay-gradient":""},"tablet":{"background-color":"var(--ast-global-color-5)","background-image":"","background-repeat":"repeat","background-position":"center center","background-size":"auto","background-attachment":"scroll","background-type":"","background-media":"","overlay-type":"","overlay-color":"","overlay-opacity":"","overlay-gradient":""},"mobile":{"background-color":"var(--ast-global-color-5)","background-image":"","background-repeat":"repeat","background-position":"center center","background-size":"auto","background-attachment":"scroll","background-type":"","background-media":"","overlay-type":"","overlay-color":"","overlay-opacity":"","overlay-gradient":""}}},"product_brand":[],"product_cat":[353,337,336,338,333,604],"product_tag":[363],"class_list":{"0":"post-22433","1":"product","2":"type-product","3":"status-publish","4":"has-post-thumbnail","6":"product_cat-eclairage-de-couloir","7":"product_cat-eclairage-de-la-chambre","8":"product_cat-eclairage-de-la-cuisine","9":"product_cat-eclairage-du-salon","10":"product_cat-suspensions-scandinaves","11":"product_cat-voir-notre-collection-complete","12":"product_tag-blanc","13":"desktop-align-center","14":"tablet-align-left","15":"mobile-align-left","17":"first","18":"instock","19":"taxable","20":"shipping-taxable","21":"purchasable","22":"product-type-simple"},"yoast_head":"<!-- This site is optimized with the Yoast SEO plugin v27.4 - https:\/\/yoast.com\/product\/yoast-seo-wordpress\/ -->\n<title>Suspension Holmegaard Mandarin mini - Facilement command\u00e9 en ligne<\/title>\n<meta name=\"description\" content=\"Lampe pendante Mandarin mini con\u00e7ue par Michael Bang pour Holmegaard. Voir notre collection vintage de Holmegaard ici \u221aDisponible en stock\" \/>\n<meta name=\"robots\" content=\"index, follow, max-snippet:-1, max-image-preview:large, max-video-preview:-1\" \/>\n<link rel=\"canonical\" href=\"https:\/\/scandinavischelampen.nl\/fr\/produit\/holmegaard-suspension-mandarin-mini\/\" \/>\n<meta property=\"og:locale\" content=\"fr_FR\" \/>\n<meta property=\"og:type\" content=\"article\" \/>\n<meta property=\"og:title\" content=\"Suspension Holmegaard Mandarin mini - Facilement command\u00e9 en ligne\" \/>\n<meta property=\"og:description\" content=\"Lampe pendante Mandarin mini con\u00e7ue par Michael Bang pour Holmegaard. Voir notre collection vintage de Holmegaard ici \u221aDisponible en stock\" \/>\n<meta property=\"og:url\" content=\"https:\/\/scandinavischelampen.nl\/fr\/produit\/holmegaard-suspension-mandarin-mini\/\" \/>\n<meta property=\"og:site_name\" content=\"Lampes Scandinaves\" \/>\n<meta property=\"article:publisher\" content=\"https:\/\/www.facebook.com\/scandinavischelampen\/\" \/>\n<meta property=\"article:modified_time\" content=\"2025-04-23T19:55:27+00:00\" \/>\n<meta property=\"og:image\" content=\"https:\/\/i0.wp.com\/scandinavischelampen.nl\/wp-content\/uploads\/2023\/02\/Optimized-IMG_6881-2.jpeg?fit=675%2C900&ssl=1\" \/>\n\t<meta property=\"og:image:width\" content=\"675\" \/>\n\t<meta property=\"og:image:height\" content=\"900\" \/>\n\t<meta property=\"og:image:type\" content=\"image\/jpeg\" \/>\n<meta name=\"twitter:card\" content=\"summary_large_image\" \/>\n<meta name=\"twitter:label1\" content=\"Dur\u00e9e de lecture estim\u00e9e\" \/>\n\t<meta name=\"twitter:data1\" content=\"3 minutes\" \/>\n<script type=\"application\/ld+json\" class=\"yoast-schema-graph\">{\"@context\":\"https:\\\/\\\/schema.org\",\"@graph\":[{\"@type\":\"WebPage\",\"@id\":\"https:\\\/\\\/scandinavischelampen.nl\\\/fr\\\/produit\\\/holmegaard-suspension-mandarin-mini\\\/\",\"url\":\"https:\\\/\\\/scandinavischelampen.nl\\\/fr\\\/produit\\\/holmegaard-suspension-mandarin-mini\\\/\",\"name\":\"Suspension Holmegaard Mandarin mini - Facilement command\u00e9 en ligne\",\"isPartOf\":{\"@id\":\"https:\\\/\\\/scandinavischelampen.nl\\\/fr\\\/#website\"},\"primaryImageOfPage\":{\"@id\":\"https:\\\/\\\/scandinavischelampen.nl\\\/fr\\\/produit\\\/holmegaard-suspension-mandarin-mini\\\/#primaryimage\"},\"image\":{\"@id\":\"https:\\\/\\\/scandinavischelampen.nl\\\/fr\\\/produit\\\/holmegaard-suspension-mandarin-mini\\\/#primaryimage\"},\"thumbnailUrl\":\"https:\\\/\\\/i0.wp.com\\\/scandinavischelampen.nl\\\/wp-content\\\/uploads\\\/2023\\\/02\\\/Optimized-IMG_6881-2.jpeg?fit=675%2C900&ssl=1\",\"datePublished\":\"2023-06-28T07:12:20+00:00\",\"dateModified\":\"2025-04-23T19:55:27+00:00\",\"description\":\"Lampe pendante Mandarin mini con\u00e7ue par Michael Bang pour Holmegaard. Voir notre collection vintage de Holmegaard ici \u221aDisponible en stock\",\"breadcrumb\":{\"@id\":\"https:\\\/\\\/scandinavischelampen.nl\\\/fr\\\/produit\\\/holmegaard-suspension-mandarin-mini\\\/#breadcrumb\"},\"inLanguage\":\"fr-FR\",\"potentialAction\":[{\"@type\":\"ReadAction\",\"target\":[\"https:\\\/\\\/scandinavischelampen.nl\\\/fr\\\/produit\\\/holmegaard-suspension-mandarin-mini\\\/\"]}]},{\"@type\":\"ImageObject\",\"inLanguage\":\"fr-FR\",\"@id\":\"https:\\\/\\\/scandinavischelampen.nl\\\/fr\\\/produit\\\/holmegaard-suspension-mandarin-mini\\\/#primaryimage\",\"url\":\"https:\\\/\\\/i0.wp.com\\\/scandinavischelampen.nl\\\/wp-content\\\/uploads\\\/2023\\\/02\\\/Optimized-IMG_6881-2.jpeg?fit=675%2C900&ssl=1\",\"contentUrl\":\"https:\\\/\\\/i0.wp.com\\\/scandinavischelampen.nl\\\/wp-content\\\/uploads\\\/2023\\\/02\\\/Optimized-IMG_6881-2.jpeg?fit=675%2C900&ssl=1\",\"width\":675,\"height\":900,\"caption\":\"Image de la suspension Holmegaard Mandarin mini propos\u00e9e dans cette publicit\u00e9.\"},{\"@type\":\"BreadcrumbList\",\"@id\":\"https:\\\/\\\/scandinavischelampen.nl\\\/fr\\\/produit\\\/holmegaard-suspension-mandarin-mini\\\/#breadcrumb\",\"itemListElement\":[{\"@type\":\"ListItem\",\"position\":1,\"name\":\"Home\",\"item\":\"https:\\\/\\\/scandinavischelampen.nl\\\/fr\\\/\"},{\"@type\":\"ListItem\",\"position\":2,\"name\":\"Boutique\",\"item\":\"https:\\\/\\\/scandinavischelampen.nl\\\/fr\\\/boutique\\\/\"},{\"@type\":\"ListItem\",\"position\":3,\"name\":\"Suspension Holmegaard Mandarin mini\"}]},{\"@type\":\"WebSite\",\"@id\":\"https:\\\/\\\/scandinavischelampen.nl\\\/fr\\\/#website\",\"url\":\"https:\\\/\\\/scandinavischelampen.nl\\\/fr\\\/\",\"name\":\"Scandinavische Lampen\",\"description\":\"Luminaire design vintage\",\"publisher\":{\"@id\":\"https:\\\/\\\/scandinavischelampen.nl\\\/fr\\\/#organization\"},\"potentialAction\":[{\"@type\":\"SearchAction\",\"target\":{\"@type\":\"EntryPoint\",\"urlTemplate\":\"https:\\\/\\\/scandinavischelampen.nl\\\/fr\\\/?s={search_term_string}\"},\"query-input\":{\"@type\":\"PropertyValueSpecification\",\"valueRequired\":true,\"valueName\":\"search_term_string\"}}],\"inLanguage\":\"fr-FR\"},{\"@type\":\"Organization\",\"@id\":\"https:\\\/\\\/scandinavischelampen.nl\\\/fr\\\/#organization\",\"name\":\"Scandinavische Lampen\",\"url\":\"https:\\\/\\\/scandinavischelampen.nl\\\/fr\\\/\",\"logo\":{\"@type\":\"ImageObject\",\"inLanguage\":\"fr-FR\",\"@id\":\"https:\\\/\\\/scandinavischelampen.nl\\\/fr\\\/#\\\/schema\\\/logo\\\/image\\\/\",\"url\":\"https:\\\/\\\/i0.wp.com\\\/scandinavischelampen.nl\\\/wp-content\\\/uploads\\\/2023\\\/07\\\/cropped-Scandinavische-lampen-logo-oranje-01-scaled.png?fit=4717%2C1570&ssl=1\",\"contentUrl\":\"https:\\\/\\\/i0.wp.com\\\/scandinavischelampen.nl\\\/wp-content\\\/uploads\\\/2023\\\/07\\\/cropped-Scandinavische-lampen-logo-oranje-01-scaled.png?fit=4717%2C1570&ssl=1\",\"width\":4717,\"height\":1570,\"caption\":\"Scandinavische Lampen\"},\"image\":{\"@id\":\"https:\\\/\\\/scandinavischelampen.nl\\\/fr\\\/#\\\/schema\\\/logo\\\/image\\\/\"},\"sameAs\":[\"https:\\\/\\\/www.facebook.com\\\/scandinavischelampen\\\/\",\"https:\\\/\\\/www.instagram.com\\\/scandinavische_lampen\\\/\"]}]}<\/script>\n<!-- \/ Yoast SEO plugin. -->","yoast_head_json":{"title":"Suspension Holmegaard Mandarin mini - Facilement command\u00e9 en ligne","description":"Lampe pendante Mandarin mini con\u00e7ue par Michael Bang pour Holmegaard. Voir notre collection vintage de Holmegaard ici \u221aDisponible en stock","robots":{"index":"index","follow":"follow","max-snippet":"max-snippet:-1","max-image-preview":"max-image-preview:large","max-video-preview":"max-video-preview:-1"},"canonical":"https:\/\/scandinavischelampen.nl\/fr\/produit\/holmegaard-suspension-mandarin-mini\/","og_locale":"fr_FR","og_type":"article","og_title":"Suspension Holmegaard Mandarin mini - Facilement command\u00e9 en ligne","og_description":"Lampe pendante Mandarin mini con\u00e7ue par Michael Bang pour Holmegaard. Voir notre collection vintage de Holmegaard ici \u221aDisponible en stock","og_url":"https:\/\/scandinavischelampen.nl\/fr\/produit\/holmegaard-suspension-mandarin-mini\/","og_site_name":"Lampes Scandinaves","article_publisher":"https:\/\/www.facebook.com\/scandinavischelampen\/","article_modified_time":"2025-04-23T19:55:27+00:00","og_image":[{"width":675,"height":900,"url":"https:\/\/i0.wp.com\/scandinavischelampen.nl\/wp-content\/uploads\/2023\/02\/Optimized-IMG_6881-2.jpeg?fit=675%2C900&ssl=1","type":"image\/jpeg"}],"twitter_card":"summary_large_image","twitter_misc":{"Dur\u00e9e de lecture estim\u00e9e":"3 minutes"},"schema":{"@context":"https:\/\/schema.org","@graph":[{"@type":"WebPage","@id":"https:\/\/scandinavischelampen.nl\/fr\/produit\/holmegaard-suspension-mandarin-mini\/","url":"https:\/\/scandinavischelampen.nl\/fr\/produit\/holmegaard-suspension-mandarin-mini\/","name":"Suspension Holmegaard Mandarin mini - Facilement command\u00e9 en ligne","isPartOf":{"@id":"https:\/\/scandinavischelampen.nl\/fr\/#website"},"primaryImageOfPage":{"@id":"https:\/\/scandinavischelampen.nl\/fr\/produit\/holmegaard-suspension-mandarin-mini\/#primaryimage"},"image":{"@id":"https:\/\/scandinavischelampen.nl\/fr\/produit\/holmegaard-suspension-mandarin-mini\/#primaryimage"},"thumbnailUrl":"https:\/\/i0.wp.com\/scandinavischelampen.nl\/wp-content\/uploads\/2023\/02\/Optimized-IMG_6881-2.jpeg?fit=675%2C900&ssl=1","datePublished":"2023-06-28T07:12:20+00:00","dateModified":"2025-04-23T19:55:27+00:00","description":"Lampe pendante Mandarin mini con\u00e7ue par Michael Bang pour Holmegaard. Voir notre collection vintage de Holmegaard ici \u221aDisponible en stock","breadcrumb":{"@id":"https:\/\/scandinavischelampen.nl\/fr\/produit\/holmegaard-suspension-mandarin-mini\/#breadcrumb"},"inLanguage":"fr-FR","potentialAction":[{"@type":"ReadAction","target":["https:\/\/scandinavischelampen.nl\/fr\/produit\/holmegaard-suspension-mandarin-mini\/"]}]},{"@type":"ImageObject","inLanguage":"fr-FR","@id":"https:\/\/scandinavischelampen.nl\/fr\/produit\/holmegaard-suspension-mandarin-mini\/#primaryimage","url":"https:\/\/i0.wp.com\/scandinavischelampen.nl\/wp-content\/uploads\/2023\/02\/Optimized-IMG_6881-2.jpeg?fit=675%2C900&ssl=1","contentUrl":"https:\/\/i0.wp.com\/scandinavischelampen.nl\/wp-content\/uploads\/2023\/02\/Optimized-IMG_6881-2.jpeg?fit=675%2C900&ssl=1","width":675,"height":900,"caption":"Image de la suspension Holmegaard Mandarin mini propos\u00e9e dans cette publicit\u00e9."},{"@type":"BreadcrumbList","@id":"https:\/\/scandinavischelampen.nl\/fr\/produit\/holmegaard-suspension-mandarin-mini\/#breadcrumb","itemListElement":[{"@type":"ListItem","position":1,"name":"Home","item":"https:\/\/scandinavischelampen.nl\/fr\/"},{"@type":"ListItem","position":2,"name":"Boutique","item":"https:\/\/scandinavischelampen.nl\/fr\/boutique\/"},{"@type":"ListItem","position":3,"name":"Suspension Holmegaard Mandarin mini"}]},{"@type":"WebSite","@id":"https:\/\/scandinavischelampen.nl\/fr\/#website","url":"https:\/\/scandinavischelampen.nl\/fr\/","name":"Scandinavische Lampen","description":"Luminaire design vintage","publisher":{"@id":"https:\/\/scandinavischelampen.nl\/fr\/#organization"},"potentialAction":[{"@type":"SearchAction","target":{"@type":"EntryPoint","urlTemplate":"https:\/\/scandinavischelampen.nl\/fr\/?s={search_term_string}"},"query-input":{"@type":"PropertyValueSpecification","valueRequired":true,"valueName":"search_term_string"}}],"inLanguage":"fr-FR"},{"@type":"Organization","@id":"https:\/\/scandinavischelampen.nl\/fr\/#organization","name":"Scandinavische Lampen","url":"https:\/\/scandinavischelampen.nl\/fr\/","logo":{"@type":"ImageObject","inLanguage":"fr-FR","@id":"https:\/\/scandinavischelampen.nl\/fr\/#\/schema\/logo\/image\/","url":"https:\/\/i0.wp.com\/scandinavischelampen.nl\/wp-content\/uploads\/2023\/07\/cropped-Scandinavische-lampen-logo-oranje-01-scaled.png?fit=4717%2C1570&ssl=1","contentUrl":"https:\/\/i0.wp.com\/scandinavischelampen.nl\/wp-content\/uploads\/2023\/07\/cropped-Scandinavische-lampen-logo-oranje-01-scaled.png?fit=4717%2C1570&ssl=1","width":4717,"height":1570,"caption":"Scandinavische Lampen"},"image":{"@id":"https:\/\/scandinavischelampen.nl\/fr\/#\/schema\/logo\/image\/"},"sameAs":["https:\/\/www.facebook.com\/scandinavischelampen\/","https:\/\/www.instagram.com\/scandinavische_lampen\/"]}]}},"uagb_featured_image_src":{"full":["https:\/\/i0.wp.com\/scandinavischelampen.nl\/wp-content\/uploads\/2023\/02\/Optimized-IMG_6881-2.jpeg?fit=675%2C900&ssl=1",675,900,false],"thumbnail":["https:\/\/i0.wp.com\/scandinavischelampen.nl\/wp-content\/uploads\/2023\/02\/Optimized-IMG_6881-2.jpeg?resize=150%2C150&ssl=1",150,150,true],"medium":["https:\/\/i0.wp.com\/scandinavischelampen.nl\/wp-content\/uploads\/2023\/02\/Optimized-IMG_6881-2.jpeg?fit=225%2C300&ssl=1",225,300,true],"medium_large":["https:\/\/i0.wp.com\/scandinavischelampen.nl\/wp-content\/uploads\/2023\/02\/Optimized-IMG_6881-2.jpeg?fit=675%2C900&ssl=1",675,900,true],"large":["https:\/\/i0.wp.com\/scandinavischelampen.nl\/wp-content\/uploads\/2023\/02\/Optimized-IMG_6881-2.jpeg?fit=675%2C900&ssl=1",675,900,true],"1536x1536":["https:\/\/i0.wp.com\/scandinavischelampen.nl\/wp-content\/uploads\/2023\/02\/Optimized-IMG_6881-2.jpeg?fit=675%2C900&ssl=1",675,900,true],"2048x2048":["https:\/\/i0.wp.com\/scandinavischelampen.nl\/wp-content\/uploads\/2023\/02\/Optimized-IMG_6881-2.jpeg?fit=675%2C900&ssl=1",675,900,true],"woocommerce_thumbnail":["https:\/\/i0.wp.com\/scandinavischelampen.nl\/wp-content\/uploads\/2023\/02\/Optimized-IMG_6881-2.jpeg?resize=300%2C300&ssl=1",300,300,true],"woocommerce_single":["https:\/\/i0.wp.com\/scandinavischelampen.nl\/wp-content\/uploads\/2023\/02\/Optimized-IMG_6881-2.jpeg?fit=600%2C800&ssl=1",600,800,true],"woocommerce_gallery_thumbnail":["https:\/\/i0.wp.com\/scandinavischelampen.nl\/wp-content\/uploads\/2023\/02\/Optimized-IMG_6881-2.jpeg?resize=100%2C100&ssl=1",100,100,true],"thaps-thumb-img":["https:\/\/i0.wp.com\/scandinavischelampen.nl\/wp-content\/uploads\/2023\/02\/Optimized-IMG_6881-2.jpeg?resize=48%2C64&ssl=1",48,64,true]},"uagb_author_info":{"display_name":"administrator","author_link":"https:\/\/scandinavischelampen.nl\/fr\/author\/"},"uagb_comment_info":0,"uagb_excerpt":"\u221a Livraison gratuite en Europe d\u00e8s 350 \u20ac \u221a Command\u00e9 avant 16h00? G\u00e9n\u00e9ralement exp\u00e9di\u00e9 le m\u00eame jour \u221a 14 jours de r\u00e9flexion \u221a Convient pour les LED Hauteur : 15 cm Diam\u00e8tre : 19 cm","jetpack_sharing_enabled":true,"_links":{"self":[{"href":"https:\/\/scandinavischelampen.nl\/fr\/wp-json\/wp\/v2\/product\/22433","targetHints":{"allow":["GET"]}}],"collection":[{"href":"https:\/\/scandinavischelampen.nl\/fr\/wp-json\/wp\/v2\/product"}],"about":[{"href":"https:\/\/scandinavischelampen.nl\/fr\/wp-json\/wp\/v2\/types\/product"}],"wp:featuredmedia":[{"embeddable":true,"href":"https:\/\/scandinavischelampen.nl\/fr\/wp-json\/wp\/v2\/media\/17085"}],"wp:attachment":[{"href":"https:\/\/scandinavischelampen.nl\/fr\/wp-json\/wp\/v2\/media?parent=22433"}],"wp:term":[{"taxonomy":"product_brand","embeddable":true,"href":"https:\/\/scandinavischelampen.nl\/fr\/wp-json\/wp\/v2\/product_brand?post=22433"},{"taxonomy":"product_cat","embeddable":true,"href":"https:\/\/scandinavischelampen.nl\/fr\/wp-json\/wp\/v2\/product_cat?post=22433"},{"taxonomy":"product_tag","embeddable":true,"href":"https:\/\/scandinavischelampen.nl\/fr\/wp-json\/wp\/v2\/product_tag?post=22433"}],"curies":[{"name":"wp","href":"https:\/\/api.w.org\/{rel}","templated":true}]}}