{"id":22364,"date":"2023-06-28T09:12:44","date_gmt":"2023-06-28T07:12:44","guid":{"rendered":"https:\/\/v2.scandinavischelampen.nl\/product\/fog-og-morup-life-suspension-jo-hammerborg\/"},"modified":"2024-06-25T11:01:34","modified_gmt":"2024-06-25T09:01:34","slug":"fog-og-morup-lampe-suspendue-jo-hammerborg","status":"publish","type":"product","link":"https:\/\/scandinavischelampen.nl\/fr\/produit\/fog-og-morup-lampe-suspendue-jo-hammerborg\/","title":{"rendered":"Fog og M\u00f8rup Life suspension Jo Hammerborg"},"content":{"rendered":"<h2 class=\"tw-data-text tw-text-large XcVN5d tw-ta\" dir=\"ltr\" data-placeholder=\"Vertaling\">Lampe \u00e0 suspension Fog og M\u00f8rup Life con\u00e7ue par Jo Hammerborg<\/h2>\n<div>\n<p>Lampe \u00e0 suspension Fog og M\u00f8rup Life con\u00e7ue par Jo Hammerborg La lampe est en aluminium de couleur laiton et gris<span lang=\"nl\">. Beau design scandinave avec un look \u00e9l\u00e9gant.<\/span> Vous cherchez une lampe pour au-dessus de votre cuisine ou dans votre hall ? Celui-ci est certainement adapt\u00e9<\/p>\n<h2>Conditions<\/h2>\n<p>Cette lampe a environ 50 ans et est en bon \u00e9tat avec des signes mineurs d&rsquo;utilisation ant\u00e9rieure. L&rsquo;autocollant du fabricant est pr\u00e9sent mais n&rsquo;est plus lisible.<\/p>\n<p>Ce lustre n&rsquo;est pas simplement une addition esth\u00e9tique ; c&rsquo;est aussi un choix conscient pour l&rsquo;environnement. Apportez non seulement un morceau de design danois chez vous, mais contribuez \u00e9galement \u00e0 un monde plus vert. Avec ce lustre, vous affirmez non seulement votre style, mais aussi votre sens de l&rsquo;\u00e9cologie. Optez pour un \u00e9clairage avec une histoire et un impact.<\/p>\n<h2><strong>Sp\u00e9cifications <\/strong>Lampe suspendue Fog og M\u00f8rup Life<\/h2>\n<ul>\n<li>Hauteur : 27 cm<\/li>\n<li>Diam\u00e8tre : 30 cm<\/li>\n<li>Hauteur totale avec cordon 90 cm (r\u00e9glable \u00e0 l&rsquo;installation)<\/li>\n<li>Mat\u00e9riau : aluminium<\/li>\n<li>Couleur du cordon : Blanc<\/li>\n<li>Puissance maximale : 60W<\/li>\n<li>Culot: E27<\/li>\n<li>Convient aux lampes LED<\/li>\n<li>Poids : 0,8 kg<\/li>\n<\/ul>\n<h2>LED dans votre suspension vintage<\/h2>\n<p>Avec les tarifs \u00e9nerg\u00e9tiques actuels, la conservation de l&rsquo;\u00e9nergie est un point d&rsquo;attention important. Cette suspension contient un culot E27. Cela le rend adapt\u00e9 aux lampes LED et m\u00eame \u00e0 l&rsquo;\u00e9clairage intelligent. La lampe peut \u00e9galement \u00eatre utilis\u00e9e en combinaison avec un gradateur.<\/p>\n<h2>Notre stock<\/h2>\n<p>Les lampes que nous proposons sont toutes disponibles en stock. Cela signifie que nous exp\u00e9dions souvent votre commande le m\u00eame jour ou le jour ouvrable suivant. Veuillez noter que nous n&rsquo;avons qu&rsquo;un seul article en stock. Parce que nous ne vendons que des lampes vintage, il n&rsquo;est pas certain que nous recevrons \u00e0 nouveau cette lampe \u00e0 l&rsquo;avenir.<\/p>\n<h2>Les options d&rsquo;exp\u00e9dition<\/h2>\n<p>Dans le monde entier, il est possible de commander chez nous. Nous exp\u00e9dions la lampe soigneusement emball\u00e9e dans du papier bulle \u00e9pais et enregistr\u00e9e dans des bo\u00eetes \u00e0 double couche. D\u00e8s que votre colis aura \u00e9t\u00e9 exp\u00e9di\u00e9, vous recevrez un e-mail de Post NL. Vous trouverez ici les informations de suivi de piste avec lesquelles vous pouvez suivre le colis jusqu&rsquo;\u00e0 votre porte d&rsquo;entr\u00e9e. Apr\u00e8s r\u00e9ception de votre commande, vous avez 14 jours pour changer d&rsquo;avis.<\/p>\n<h2><strong>\u00c0 propos de Fog og Morup<\/strong><\/h2>\n<\/div>\n<p>Le voyage de Fog og M\u00f8rup a commenc\u00e9 en 1904 avec une modeste entreprise de gros dans trois petites pi\u00e8ces et un sous-sol \u00e0 Aarhus. Un quart de si\u00e8cle plus tard, cette entreprise \u00e9tait devenue l&rsquo;un des principaux fabricants de lampes du Danemark. En 1906, Ansgar Fog et Erik M\u00f8rup ont fait un geste remarquable en reprenant une entreprise \u00e0 Copenhague sp\u00e9cialis\u00e9e dans les articles d&rsquo;\u00e9clairage au gaz et au p\u00e9trole. Ils ont soigneusement emball\u00e9 tout l&rsquo;entrep\u00f4t de gros d&rsquo;Aarhus et l&rsquo;ont transport\u00e9 \u00e0 Copenhague en train. Ils ont m\u00eame emmen\u00e9 leur seul employ\u00e9, le jeune J\u00f8rgen, lors de ce voyage aventureux. Cependant, J\u00f8rgen a finalement choisi un autre chemin. Un matin, ils ont trouv\u00e9 une note. Il \u00e9tait retourn\u00e9 chez lui \u00e0 Aarhus, \u00ab\u00a0parce qu&rsquo;il ne pouvait pas supporter le d\u00e9sir.\u00a0\u00bb<\/p>\n<p>Le commerce des articles d&rsquo;\u00e9clairage prosp\u00e9rait, et l&rsquo;entreprise se d\u00e9veloppait r\u00e9guli\u00e8rement. En 1915, Fog et M\u00f8rup ont d\u00e9cid\u00e9 de cr\u00e9er trois modestes ateliers d\u00e9di\u00e9s \u00e0 la production de lustres. Ces ateliers marquaient les d\u00e9buts de leur propre production de lampes.<\/p>\n<p><a href=\"https:\/\/scandinavischelampen.nl\/product-categorie\/merken\/fog-morup\/\">D\u00e9sormais, explorez notre vaste collection de lampes vintage Fog og M\u00f8rup et laissez-vous enchanter par leur h\u00e9ritage de savoir-faire et de design.<\/a><\/p>\n","protected":false},"excerpt":{"rendered":"<div class=\"summary entry-summary\">\n<p style=\"font-weight: 400;\"><strong><span style=\"color: #00ff00;\">\u221a<\/span> <span style=\"color: #ff6600;\">Livraison gratuite en Europe d\u00e8s 350 \u20ac<\/span><br \/>\n<\/strong><strong><span style=\"color: #00ff00;\">\u221a<\/span> Command\u00e9 avant <span style=\"color: #ff6600;\">16h00<\/span>? G\u00e9n\u00e9ralement exp\u00e9di\u00e9 le m\u00eame jour<br \/>\n<\/strong><strong><span style=\"color: #00ff00;\">\u221a<\/span> <span style=\"color: #ff6600;\">14 jours<\/span> de r\u00e9flexion<br \/>\n<\/strong><strong><span style=\"color: #00ff00;\">\u221a<\/span> Convient pour les <span style=\"color: #ff6600;\">LED<\/span><\/strong><\/p>\n<ul>\n<li><strong>Hauteur : 27 cm<\/strong><\/li>\n<li><strong>Diam\u00e8tre : 30 cm<\/strong><\/li>\n<\/ul>\n<\/div>\n","protected":false},"featured_media":20107,"template":"","meta":{"_uag_custom_page_level_css":"","site-sidebar-layout":"default","site-content-layout":"default","ast-site-content-layout":"default","site-content-style":"default","site-sidebar-style":"default","ast-global-header-display":"","ast-banner-title-visibility":"","ast-main-header-display":"","ast-hfb-above-header-display":"","ast-hfb-below-header-display":"","ast-hfb-mobile-header-display":"","site-post-title":"","ast-breadcrumbs-content":"","ast-featured-img":"","footer-sml-layout":"","ast-disable-related-posts":"","theme-transparent-header-meta":"default","adv-header-id-meta":"","stick-header-meta":"","header-above-stick-meta":"","header-main-stick-meta":"","header-below-stick-meta":"","astra-migrate-meta-layouts":"default","ast-page-background-enabled":"default","ast-page-background-meta":{"desktop":{"background-color":"var(--ast-global-color-4)","background-image":"","background-repeat":"repeat","background-position":"center center","background-size":"auto","background-attachment":"scroll","background-type":"","background-media":"","overlay-type":"","overlay-color":"","overlay-opacity":"","overlay-gradient":""},"tablet":{"background-color":"","background-image":"","background-repeat":"repeat","background-position":"center center","background-size":"auto","background-attachment":"scroll","background-type":"","background-media":"","overlay-type":"","overlay-color":"","overlay-opacity":"","overlay-gradient":""},"mobile":{"background-color":"","background-image":"","background-repeat":"repeat","background-position":"center center","background-size":"auto","background-attachment":"scroll","background-type":"","background-media":"","overlay-type":"","overlay-color":"","overlay-opacity":"","overlay-gradient":""}},"ast-content-background-meta":{"desktop":{"background-color":"var(--ast-global-color-5)","background-image":"","background-repeat":"repeat","background-position":"center center","background-size":"auto","background-attachment":"scroll","background-type":"","background-media":"","overlay-type":"","overlay-color":"","overlay-opacity":"","overlay-gradient":""},"tablet":{"background-color":"var(--ast-global-color-5)","background-image":"","background-repeat":"repeat","background-position":"center center","background-size":"auto","background-attachment":"scroll","background-type":"","background-media":"","overlay-type":"","overlay-color":"","overlay-opacity":"","overlay-gradient":""},"mobile":{"background-color":"var(--ast-global-color-5)","background-image":"","background-repeat":"repeat","background-position":"center center","background-size":"auto","background-attachment":"scroll","background-type":"","background-media":"","overlay-type":"","overlay-color":"","overlay-opacity":"","overlay-gradient":""}}},"product_brand":[],"product_cat":[353,336,338,408,333,604],"product_tag":[418,358],"class_list":{"0":"post-22364","1":"product","2":"type-product","3":"status-publish","4":"has-post-thumbnail","6":"product_cat-eclairage-de-couloir","7":"product_cat-eclairage-de-la-cuisine","8":"product_cat-eclairage-du-salon","9":"product_cat-fog-morup-fr","10":"product_cat-suspensions-scandinaves","11":"product_cat-voir-notre-collection-complete","12":"product_tag-argent","13":"product_tag-laiton","14":"desktop-align-center","15":"tablet-align-left","16":"mobile-align-left","18":"first","19":"instock","20":"taxable","21":"shipping-taxable","22":"purchasable","23":"product-type-simple"},"yoast_head":"<!-- This site is optimized with the Yoast SEO plugin v27.4 - https:\/\/yoast.com\/product\/yoast-seo-wordpress\/ -->\n<title>Fog og M\u00f8rup Life suspension Jo Hammerborg<\/title>\n<meta name=\"description\" content=\"Suspension Vintage Fog og M\u00f8rup Life con\u00e7ue par Jo Hammerborg. Il est fait d&#039;aluminium de couleur laiton et gris et a un design ludique.\" \/>\n<meta name=\"robots\" content=\"index, follow, max-snippet:-1, max-image-preview:large, max-video-preview:-1\" \/>\n<link rel=\"canonical\" href=\"https:\/\/scandinavischelampen.nl\/fr\/produit\/fog-og-morup-lampe-suspendue-jo-hammerborg\/\" \/>\n<meta property=\"og:locale\" content=\"fr_FR\" \/>\n<meta property=\"og:type\" content=\"article\" \/>\n<meta property=\"og:title\" content=\"Fog og M\u00f8rup Life suspension Jo Hammerborg\" \/>\n<meta property=\"og:description\" content=\"Suspension Vintage Fog og M\u00f8rup Life con\u00e7ue par Jo Hammerborg. Il est fait d&#039;aluminium de couleur laiton et gris et a un design ludique.\" \/>\n<meta property=\"og:url\" content=\"https:\/\/scandinavischelampen.nl\/fr\/produit\/fog-og-morup-lampe-suspendue-jo-hammerborg\/\" \/>\n<meta property=\"og:site_name\" content=\"Lampes Scandinaves\" \/>\n<meta property=\"article:publisher\" content=\"https:\/\/www.facebook.com\/scandinavischelampen\/\" \/>\n<meta property=\"article:modified_time\" content=\"2024-06-25T09:01:34+00:00\" \/>\n<meta property=\"og:image\" content=\"https:\/\/i0.wp.com\/scandinavischelampen.nl\/wp-content\/uploads\/2023\/06\/fog3-1.jpg?fit=987%2C1257&ssl=1\" \/>\n\t<meta property=\"og:image:width\" content=\"987\" \/>\n\t<meta property=\"og:image:height\" content=\"1257\" \/>\n\t<meta property=\"og:image:type\" content=\"image\/jpeg\" \/>\n<meta name=\"twitter:card\" content=\"summary_large_image\" \/>\n<meta name=\"twitter:label1\" content=\"Dur\u00e9e de lecture estim\u00e9e\" \/>\n\t<meta name=\"twitter:data1\" content=\"3 minutes\" \/>\n<script type=\"application\/ld+json\" class=\"yoast-schema-graph\">{\"@context\":\"https:\\\/\\\/schema.org\",\"@graph\":[{\"@type\":\"WebPage\",\"@id\":\"https:\\\/\\\/scandinavischelampen.nl\\\/fr\\\/produit\\\/fog-og-morup-lampe-suspendue-jo-hammerborg\\\/\",\"url\":\"https:\\\/\\\/scandinavischelampen.nl\\\/fr\\\/produit\\\/fog-og-morup-lampe-suspendue-jo-hammerborg\\\/\",\"name\":\"Fog og M\u00f8rup Life suspension Jo Hammerborg\",\"isPartOf\":{\"@id\":\"https:\\\/\\\/scandinavischelampen.nl\\\/fr\\\/#website\"},\"primaryImageOfPage\":{\"@id\":\"https:\\\/\\\/scandinavischelampen.nl\\\/fr\\\/produit\\\/fog-og-morup-lampe-suspendue-jo-hammerborg\\\/#primaryimage\"},\"image\":{\"@id\":\"https:\\\/\\\/scandinavischelampen.nl\\\/fr\\\/produit\\\/fog-og-morup-lampe-suspendue-jo-hammerborg\\\/#primaryimage\"},\"thumbnailUrl\":\"https:\\\/\\\/i0.wp.com\\\/scandinavischelampen.nl\\\/wp-content\\\/uploads\\\/2023\\\/06\\\/fog3-1.jpg?fit=987%2C1257&ssl=1\",\"datePublished\":\"2023-06-28T07:12:44+00:00\",\"dateModified\":\"2024-06-25T09:01:34+00:00\",\"description\":\"Suspension Vintage Fog og M\u00f8rup Life con\u00e7ue par Jo Hammerborg. Il est fait d'aluminium de couleur laiton et gris et a un design ludique.\",\"breadcrumb\":{\"@id\":\"https:\\\/\\\/scandinavischelampen.nl\\\/fr\\\/produit\\\/fog-og-morup-lampe-suspendue-jo-hammerborg\\\/#breadcrumb\"},\"inLanguage\":\"fr-FR\",\"potentialAction\":[{\"@type\":\"ReadAction\",\"target\":[\"https:\\\/\\\/scandinavischelampen.nl\\\/fr\\\/produit\\\/fog-og-morup-lampe-suspendue-jo-hammerborg\\\/\"]}]},{\"@type\":\"ImageObject\",\"inLanguage\":\"fr-FR\",\"@id\":\"https:\\\/\\\/scandinavischelampen.nl\\\/fr\\\/produit\\\/fog-og-morup-lampe-suspendue-jo-hammerborg\\\/#primaryimage\",\"url\":\"https:\\\/\\\/i0.wp.com\\\/scandinavischelampen.nl\\\/wp-content\\\/uploads\\\/2023\\\/06\\\/fog3-1.jpg?fit=987%2C1257&ssl=1\",\"contentUrl\":\"https:\\\/\\\/i0.wp.com\\\/scandinavischelampen.nl\\\/wp-content\\\/uploads\\\/2023\\\/06\\\/fog3-1.jpg?fit=987%2C1257&ssl=1\",\"width\":987,\"height\":1257,\"caption\":\"Image de la suspension Fog og M\u00f8rup Life con\u00e7ue par Jo Hammerborg dans la couleur laiton et argent\"},{\"@type\":\"BreadcrumbList\",\"@id\":\"https:\\\/\\\/scandinavischelampen.nl\\\/fr\\\/produit\\\/fog-og-morup-lampe-suspendue-jo-hammerborg\\\/#breadcrumb\",\"itemListElement\":[{\"@type\":\"ListItem\",\"position\":1,\"name\":\"Home\",\"item\":\"https:\\\/\\\/scandinavischelampen.nl\\\/fr\\\/\"},{\"@type\":\"ListItem\",\"position\":2,\"name\":\"Boutique\",\"item\":\"https:\\\/\\\/scandinavischelampen.nl\\\/fr\\\/boutique\\\/\"},{\"@type\":\"ListItem\",\"position\":3,\"name\":\"Fog og M\u00f8rup Life suspension Jo Hammerborg\"}]},{\"@type\":\"WebSite\",\"@id\":\"https:\\\/\\\/scandinavischelampen.nl\\\/fr\\\/#website\",\"url\":\"https:\\\/\\\/scandinavischelampen.nl\\\/fr\\\/\",\"name\":\"Scandinavische Lampen\",\"description\":\"Luminaire design vintage\",\"publisher\":{\"@id\":\"https:\\\/\\\/scandinavischelampen.nl\\\/fr\\\/#organization\"},\"potentialAction\":[{\"@type\":\"SearchAction\",\"target\":{\"@type\":\"EntryPoint\",\"urlTemplate\":\"https:\\\/\\\/scandinavischelampen.nl\\\/fr\\\/?s={search_term_string}\"},\"query-input\":{\"@type\":\"PropertyValueSpecification\",\"valueRequired\":true,\"valueName\":\"search_term_string\"}}],\"inLanguage\":\"fr-FR\"},{\"@type\":\"Organization\",\"@id\":\"https:\\\/\\\/scandinavischelampen.nl\\\/fr\\\/#organization\",\"name\":\"Scandinavische Lampen\",\"url\":\"https:\\\/\\\/scandinavischelampen.nl\\\/fr\\\/\",\"logo\":{\"@type\":\"ImageObject\",\"inLanguage\":\"fr-FR\",\"@id\":\"https:\\\/\\\/scandinavischelampen.nl\\\/fr\\\/#\\\/schema\\\/logo\\\/image\\\/\",\"url\":\"https:\\\/\\\/i0.wp.com\\\/scandinavischelampen.nl\\\/wp-content\\\/uploads\\\/2023\\\/07\\\/cropped-Scandinavische-lampen-logo-oranje-01-scaled.png?fit=4717%2C1570&ssl=1\",\"contentUrl\":\"https:\\\/\\\/i0.wp.com\\\/scandinavischelampen.nl\\\/wp-content\\\/uploads\\\/2023\\\/07\\\/cropped-Scandinavische-lampen-logo-oranje-01-scaled.png?fit=4717%2C1570&ssl=1\",\"width\":4717,\"height\":1570,\"caption\":\"Scandinavische Lampen\"},\"image\":{\"@id\":\"https:\\\/\\\/scandinavischelampen.nl\\\/fr\\\/#\\\/schema\\\/logo\\\/image\\\/\"},\"sameAs\":[\"https:\\\/\\\/www.facebook.com\\\/scandinavischelampen\\\/\",\"https:\\\/\\\/www.instagram.com\\\/scandinavische_lampen\\\/\"]}]}<\/script>\n<!-- \/ Yoast SEO plugin. -->","yoast_head_json":{"title":"Fog og M\u00f8rup Life suspension Jo Hammerborg","description":"Suspension Vintage Fog og M\u00f8rup Life con\u00e7ue par Jo Hammerborg. Il est fait d'aluminium de couleur laiton et gris et a un design ludique.","robots":{"index":"index","follow":"follow","max-snippet":"max-snippet:-1","max-image-preview":"max-image-preview:large","max-video-preview":"max-video-preview:-1"},"canonical":"https:\/\/scandinavischelampen.nl\/fr\/produit\/fog-og-morup-lampe-suspendue-jo-hammerborg\/","og_locale":"fr_FR","og_type":"article","og_title":"Fog og M\u00f8rup Life suspension Jo Hammerborg","og_description":"Suspension Vintage Fog og M\u00f8rup Life con\u00e7ue par Jo Hammerborg. Il est fait d'aluminium de couleur laiton et gris et a un design ludique.","og_url":"https:\/\/scandinavischelampen.nl\/fr\/produit\/fog-og-morup-lampe-suspendue-jo-hammerborg\/","og_site_name":"Lampes Scandinaves","article_publisher":"https:\/\/www.facebook.com\/scandinavischelampen\/","article_modified_time":"2024-06-25T09:01:34+00:00","og_image":[{"width":987,"height":1257,"url":"https:\/\/i0.wp.com\/scandinavischelampen.nl\/wp-content\/uploads\/2023\/06\/fog3-1.jpg?fit=987%2C1257&ssl=1","type":"image\/jpeg"}],"twitter_card":"summary_large_image","twitter_misc":{"Dur\u00e9e de lecture estim\u00e9e":"3 minutes"},"schema":{"@context":"https:\/\/schema.org","@graph":[{"@type":"WebPage","@id":"https:\/\/scandinavischelampen.nl\/fr\/produit\/fog-og-morup-lampe-suspendue-jo-hammerborg\/","url":"https:\/\/scandinavischelampen.nl\/fr\/produit\/fog-og-morup-lampe-suspendue-jo-hammerborg\/","name":"Fog og M\u00f8rup Life suspension Jo Hammerborg","isPartOf":{"@id":"https:\/\/scandinavischelampen.nl\/fr\/#website"},"primaryImageOfPage":{"@id":"https:\/\/scandinavischelampen.nl\/fr\/produit\/fog-og-morup-lampe-suspendue-jo-hammerborg\/#primaryimage"},"image":{"@id":"https:\/\/scandinavischelampen.nl\/fr\/produit\/fog-og-morup-lampe-suspendue-jo-hammerborg\/#primaryimage"},"thumbnailUrl":"https:\/\/i0.wp.com\/scandinavischelampen.nl\/wp-content\/uploads\/2023\/06\/fog3-1.jpg?fit=987%2C1257&ssl=1","datePublished":"2023-06-28T07:12:44+00:00","dateModified":"2024-06-25T09:01:34+00:00","description":"Suspension Vintage Fog og M\u00f8rup Life con\u00e7ue par Jo Hammerborg. Il est fait d'aluminium de couleur laiton et gris et a un design ludique.","breadcrumb":{"@id":"https:\/\/scandinavischelampen.nl\/fr\/produit\/fog-og-morup-lampe-suspendue-jo-hammerborg\/#breadcrumb"},"inLanguage":"fr-FR","potentialAction":[{"@type":"ReadAction","target":["https:\/\/scandinavischelampen.nl\/fr\/produit\/fog-og-morup-lampe-suspendue-jo-hammerborg\/"]}]},{"@type":"ImageObject","inLanguage":"fr-FR","@id":"https:\/\/scandinavischelampen.nl\/fr\/produit\/fog-og-morup-lampe-suspendue-jo-hammerborg\/#primaryimage","url":"https:\/\/i0.wp.com\/scandinavischelampen.nl\/wp-content\/uploads\/2023\/06\/fog3-1.jpg?fit=987%2C1257&ssl=1","contentUrl":"https:\/\/i0.wp.com\/scandinavischelampen.nl\/wp-content\/uploads\/2023\/06\/fog3-1.jpg?fit=987%2C1257&ssl=1","width":987,"height":1257,"caption":"Image de la suspension Fog og M\u00f8rup Life con\u00e7ue par Jo Hammerborg dans la couleur laiton et argent"},{"@type":"BreadcrumbList","@id":"https:\/\/scandinavischelampen.nl\/fr\/produit\/fog-og-morup-lampe-suspendue-jo-hammerborg\/#breadcrumb","itemListElement":[{"@type":"ListItem","position":1,"name":"Home","item":"https:\/\/scandinavischelampen.nl\/fr\/"},{"@type":"ListItem","position":2,"name":"Boutique","item":"https:\/\/scandinavischelampen.nl\/fr\/boutique\/"},{"@type":"ListItem","position":3,"name":"Fog og M\u00f8rup Life suspension Jo Hammerborg"}]},{"@type":"WebSite","@id":"https:\/\/scandinavischelampen.nl\/fr\/#website","url":"https:\/\/scandinavischelampen.nl\/fr\/","name":"Scandinavische Lampen","description":"Luminaire design vintage","publisher":{"@id":"https:\/\/scandinavischelampen.nl\/fr\/#organization"},"potentialAction":[{"@type":"SearchAction","target":{"@type":"EntryPoint","urlTemplate":"https:\/\/scandinavischelampen.nl\/fr\/?s={search_term_string}"},"query-input":{"@type":"PropertyValueSpecification","valueRequired":true,"valueName":"search_term_string"}}],"inLanguage":"fr-FR"},{"@type":"Organization","@id":"https:\/\/scandinavischelampen.nl\/fr\/#organization","name":"Scandinavische Lampen","url":"https:\/\/scandinavischelampen.nl\/fr\/","logo":{"@type":"ImageObject","inLanguage":"fr-FR","@id":"https:\/\/scandinavischelampen.nl\/fr\/#\/schema\/logo\/image\/","url":"https:\/\/i0.wp.com\/scandinavischelampen.nl\/wp-content\/uploads\/2023\/07\/cropped-Scandinavische-lampen-logo-oranje-01-scaled.png?fit=4717%2C1570&ssl=1","contentUrl":"https:\/\/i0.wp.com\/scandinavischelampen.nl\/wp-content\/uploads\/2023\/07\/cropped-Scandinavische-lampen-logo-oranje-01-scaled.png?fit=4717%2C1570&ssl=1","width":4717,"height":1570,"caption":"Scandinavische Lampen"},"image":{"@id":"https:\/\/scandinavischelampen.nl\/fr\/#\/schema\/logo\/image\/"},"sameAs":["https:\/\/www.facebook.com\/scandinavischelampen\/","https:\/\/www.instagram.com\/scandinavische_lampen\/"]}]}},"uagb_featured_image_src":{"full":["https:\/\/i0.wp.com\/scandinavischelampen.nl\/wp-content\/uploads\/2023\/06\/fog3-1.jpg?fit=987%2C1257&ssl=1",987,1257,false],"thumbnail":["https:\/\/i0.wp.com\/scandinavischelampen.nl\/wp-content\/uploads\/2023\/06\/fog3-1.jpg?resize=150%2C150&ssl=1",150,150,true],"medium":["https:\/\/i0.wp.com\/scandinavischelampen.nl\/wp-content\/uploads\/2023\/06\/fog3-1.jpg?fit=236%2C300&ssl=1",236,300,true],"medium_large":["https:\/\/i0.wp.com\/scandinavischelampen.nl\/wp-content\/uploads\/2023\/06\/fog3-1.jpg?fit=768%2C978&ssl=1",768,978,true],"large":["https:\/\/i0.wp.com\/scandinavischelampen.nl\/wp-content\/uploads\/2023\/06\/fog3-1.jpg?fit=804%2C1024&ssl=1",804,1024,true],"1536x1536":["https:\/\/i0.wp.com\/scandinavischelampen.nl\/wp-content\/uploads\/2023\/06\/fog3-1.jpg?fit=987%2C1257&ssl=1",987,1257,true],"2048x2048":["https:\/\/i0.wp.com\/scandinavischelampen.nl\/wp-content\/uploads\/2023\/06\/fog3-1.jpg?fit=987%2C1257&ssl=1",987,1257,true],"woocommerce_thumbnail":["https:\/\/i0.wp.com\/scandinavischelampen.nl\/wp-content\/uploads\/2023\/06\/fog3-1.jpg?resize=300%2C300&ssl=1",300,300,true],"woocommerce_single":["https:\/\/i0.wp.com\/scandinavischelampen.nl\/wp-content\/uploads\/2023\/06\/fog3-1.jpg?fit=600%2C764&ssl=1",600,764,true],"woocommerce_gallery_thumbnail":["https:\/\/i0.wp.com\/scandinavischelampen.nl\/wp-content\/uploads\/2023\/06\/fog3-1.jpg?resize=100%2C100&ssl=1",100,100,true],"thaps-thumb-img":["https:\/\/i0.wp.com\/scandinavischelampen.nl\/wp-content\/uploads\/2023\/06\/fog3-1.jpg?resize=48%2C61&ssl=1",48,61,true]},"uagb_author_info":{"display_name":"administrator","author_link":"https:\/\/scandinavischelampen.nl\/fr\/author\/"},"uagb_comment_info":0,"uagb_excerpt":"\u221a Livraison gratuite en Europe d\u00e8s 350 \u20ac \u221a Command\u00e9 avant 16h00? G\u00e9n\u00e9ralement exp\u00e9di\u00e9 le m\u00eame jour \u221a 14 jours de r\u00e9flexion \u221a Convient pour les LED Hauteur : 27 cm Diam\u00e8tre : 30 cm","jetpack_sharing_enabled":true,"_links":{"self":[{"href":"https:\/\/scandinavischelampen.nl\/fr\/wp-json\/wp\/v2\/product\/22364","targetHints":{"allow":["GET"]}}],"collection":[{"href":"https:\/\/scandinavischelampen.nl\/fr\/wp-json\/wp\/v2\/product"}],"about":[{"href":"https:\/\/scandinavischelampen.nl\/fr\/wp-json\/wp\/v2\/types\/product"}],"wp:featuredmedia":[{"embeddable":true,"href":"https:\/\/scandinavischelampen.nl\/fr\/wp-json\/wp\/v2\/media\/20107"}],"wp:attachment":[{"href":"https:\/\/scandinavischelampen.nl\/fr\/wp-json\/wp\/v2\/media?parent=22364"}],"wp:term":[{"taxonomy":"product_brand","embeddable":true,"href":"https:\/\/scandinavischelampen.nl\/fr\/wp-json\/wp\/v2\/product_brand?post=22364"},{"taxonomy":"product_cat","embeddable":true,"href":"https:\/\/scandinavischelampen.nl\/fr\/wp-json\/wp\/v2\/product_cat?post=22364"},{"taxonomy":"product_tag","embeddable":true,"href":"https:\/\/scandinavischelampen.nl\/fr\/wp-json\/wp\/v2\/product_tag?post=22364"}],"curies":[{"name":"wp","href":"https:\/\/api.w.org\/{rel}","templated":true}]}}