{"id":22088,"date":"2023-06-28T09:12:07","date_gmt":"2023-06-28T07:12:07","guid":{"rendered":"https:\/\/v2.scandinavischelampen.nl\/product\/suspension-lyskaer-belysning-blanche-par-bent-nordsted\/"},"modified":"2025-03-13T16:03:31","modified_gmt":"2025-03-13T15:03:31","slug":"lyskaer-belysning-pendant-lampe-blanche-par-bent-nordsted-2","status":"publish","type":"product","link":"https:\/\/scandinavischelampen.nl\/fr\/produit\/lyskaer-belysning-pendant-lampe-blanche-par-bent-nordsted-2\/","title":{"rendered":"Suspension Lyskaer Belysning blanche par Bent Nordsted"},"content":{"rendered":"<h2 style=\"font-weight: 400;\"><strong>Suspension Lyskaer Belysning en laiton par Bent Nordsted<\/strong><\/h2>\n<p style=\"font-weight: 400;\">Cette suspension vintage blanche avec couleur laiton a \u00e9t\u00e9 con\u00e7ue pour la marque Lyskaer Belysning par Bent Nordsted. Les couches fournissent une r\u00e9partition lumineuse ludique vers le bas et sur les c\u00f4t\u00e9s. Les \u00e9cailles sont blanches sur la face inf\u00e9rieure, de sorte que la r\u00e9partition de la lumi\u00e8re est douce et uniforme. Le bol au milieu est rouge \u00e0 l&rsquo;int\u00e9rieur, ce qui donne un accent chaleureux. Vous cherchez un v\u00e9ritable accroche-regard pour au-dessus de votre table \u00e0 manger ou dans votre cuisine ? Celui-ci est certainement adapt\u00e9<\/p>\n<h2 style=\"font-weight: 400;\"><strong>Conditions<\/strong><\/h2>\n<p style=\"font-weight: 400;\">Cette suspension Lyskaer Belysning a environ 40 ans et est en bon \u00e9tat avec de l\u00e9gers signes d&rsquo;utilisation ant\u00e9rieure. L&rsquo;autocollant du fabricant n&rsquo;est plus pr\u00e9sent dans la lampe.<\/p>\n<p>Ce lustre n&rsquo;est pas simplement une addition esth\u00e9tique ; c&rsquo;est aussi un choix conscient pour l&rsquo;environnement. Apportez non seulement un morceau de design danois chez vous, mais contribuez \u00e9galement \u00e0 un monde plus vert. Avec ce lustre, vous affirmez non seulement votre style, mais aussi votre sens de l&rsquo;\u00e9cologie. Optez pour un \u00e9clairage avec une histoire et un impact.<\/p>\n<h2 style=\"font-weight: 400;\"><strong>Sp\u00e9cifications de la suspension Lyskaer Bent Nordsted<\/strong><\/h2>\n<ul style=\"font-weight: 400;\">\n<li>Hauteur : 28 cm<\/li>\n<li>Diam\u00e8tre : 47 cm<\/li>\n<li>Hauteur totale avec cordon 180 cm (r\u00e9glable lors de l&rsquo;installation)<\/li>\n<li>Mat\u00e9riel: Aluminium<\/li>\n<li>Couleur du cordon : Blanc<\/li>\n<li>Puissance maximale : 60W<\/li>\n<li>Culot: E27<\/li>\n<li>Convient aux lampes LED<\/li>\n<li>Poids : 1,2 kg<\/li>\n<\/ul>\n<h2>Suitable for LED and dimmable<\/h2>\n<p style=\"font-weight: 400;\">Avec les tarifs \u00e9nerg\u00e9tiques actuels, la conservation de l&rsquo;\u00e9nergie est un point d&rsquo;attention important. Cette suspension contient un culot E27. Cela le rend adapt\u00e9 aux lampes LED et m\u00eame \u00e0 l&rsquo;\u00e9clairage intelligent. La lampe peut \u00e9galement \u00eatre utilis\u00e9e en combinaison avec un gradateur.<\/p>\n<p style=\"font-weight: 400;\"><strong>Notre stock<\/strong><\/p>\n<p style=\"font-weight: 400;\">Les lampes que nous proposons sont toutes disponibles en stock. Cela signifie que nous exp\u00e9dions souvent votre commande le m\u00eame jour ou le jour ouvrable suivant. Veuillez noter que nous n&rsquo;avons g\u00e9n\u00e9ralement qu&rsquo;un seul article en stock. Parce que nous ne vendons que des lampes vintage, il n&rsquo;est pas certain que nous recevrons \u00e0 nouveau cette lampe \u00e0 l&rsquo;avenir.<\/p>\n<p style=\"font-weight: 400;\"><strong>Les options d&rsquo;exp\u00e9dition<\/strong><\/p>\n<p style=\"font-weight: 400;\">Dans le monde entier, il est possible de commander chez nous. Nous exp\u00e9dions la lampe soigneusement emball\u00e9e dans du papier bulle \u00e9pais et enregistr\u00e9e dans des bo\u00eetes \u00e0 double couche. D\u00e8s que votre colis aura \u00e9t\u00e9 exp\u00e9di\u00e9, vous recevrez un e-mail de Post NL. Vous trouverez ici les informations de suivi de piste avec lesquelles vous pouvez suivre le colis jusqu&rsquo;\u00e0 votre porte d&rsquo;entr\u00e9e. Apr\u00e8s r\u00e9ception de votre commande, vous avez 14 jours pour changer d&rsquo;avis.<\/p>\n<p style=\"font-weight: 400;\"><strong>\u00c0 propos de Lyska<\/strong><\/p>\n<p style=\"font-weight: 400;\">Le fabricant Lyskaer Belysning a \u00e9t\u00e9 fond\u00e9 dans les ann\u00e9es 1960. Le fabricant a produit des luminaires de 1969 \u00e0 1991. Le concepteur en chef \u00e9tait Bent Nordsted. Il a \u00e9galement con\u00e7u pour Nordsted Design, Tesco, Vesco et Fog &amp; M\u00f8rup. <a href=\"https:\/\/scandinavischelampen.nl\/product-categorie\/merken\/lyskaer-belysning\/\">Voir notre collection compl\u00e8te de lampes Lysk\u00e6r ici.<\/a><\/p>\n<p style=\"font-weight: 400;\">\n","protected":false},"excerpt":{"rendered":"<p><strong><span style=\"color: #00ff00;\">\u221a<\/span> <span style=\"color: #ff6600;\">Livraison gratuite en Europe d\u00e8s 350 \u20ac<\/span><br \/>\n<\/strong><strong><span style=\"color: #00ff00;\">\u221a<\/span> Command\u00e9 avant <span style=\"color: #ff6600;\">16h00<\/span>? G\u00e9n\u00e9ralement exp\u00e9di\u00e9 le m\u00eame jour<br \/>\n<\/strong><strong><span style=\"color: #00ff00;\">\u221a<\/span> <span style=\"color: #ff6600;\">14 jours<\/span> de r\u00e9flexion<br \/>\n<\/strong><strong><span style=\"color: #00ff00;\">\u221a<\/span> Convient pour les <span style=\"color: #ff6600;\">LED<\/span><\/strong><\/p>\n<ul style=\"font-weight: 400;\">\n<li><strong>Hauteur : 28 cm<\/strong><\/li>\n<li><strong>Diam\u00e8tre : 47 cm<\/strong><\/li>\n<\/ul>\n","protected":false},"featured_media":15534,"template":"","meta":{"_uag_custom_page_level_css":"","site-sidebar-layout":"default","site-content-layout":"default","ast-site-content-layout":"default","site-content-style":"default","site-sidebar-style":"default","ast-global-header-display":"","ast-banner-title-visibility":"","ast-main-header-display":"","ast-hfb-above-header-display":"","ast-hfb-below-header-display":"","ast-hfb-mobile-header-display":"","site-post-title":"","ast-breadcrumbs-content":"","ast-featured-img":"","footer-sml-layout":"","ast-disable-related-posts":"","theme-transparent-header-meta":"default","adv-header-id-meta":"","stick-header-meta":"","header-above-stick-meta":"","header-main-stick-meta":"","header-below-stick-meta":"","astra-migrate-meta-layouts":"default","ast-page-background-enabled":"default","ast-page-background-meta":{"desktop":{"background-color":"var(--ast-global-color-4)","background-image":"","background-repeat":"repeat","background-position":"center center","background-size":"auto","background-attachment":"scroll","background-type":"","background-media":"","overlay-type":"","overlay-color":"","overlay-opacity":"","overlay-gradient":""},"tablet":{"background-color":"","background-image":"","background-repeat":"repeat","background-position":"center center","background-size":"auto","background-attachment":"scroll","background-type":"","background-media":"","overlay-type":"","overlay-color":"","overlay-opacity":"","overlay-gradient":""},"mobile":{"background-color":"","background-image":"","background-repeat":"repeat","background-position":"center center","background-size":"auto","background-attachment":"scroll","background-type":"","background-media":"","overlay-type":"","overlay-color":"","overlay-opacity":"","overlay-gradient":""}},"ast-content-background-meta":{"desktop":{"background-color":"var(--ast-global-color-5)","background-image":"","background-repeat":"repeat","background-position":"center center","background-size":"auto","background-attachment":"scroll","background-type":"","background-media":"","overlay-type":"","overlay-color":"","overlay-opacity":"","overlay-gradient":""},"tablet":{"background-color":"var(--ast-global-color-5)","background-image":"","background-repeat":"repeat","background-position":"center center","background-size":"auto","background-attachment":"scroll","background-type":"","background-media":"","overlay-type":"","overlay-color":"","overlay-opacity":"","overlay-gradient":""},"mobile":{"background-color":"var(--ast-global-color-5)","background-image":"","background-repeat":"repeat","background-position":"center center","background-size":"auto","background-attachment":"scroll","background-type":"","background-media":"","overlay-type":"","overlay-color":"","overlay-opacity":"","overlay-gradient":""}}},"product_brand":[],"product_cat":[337,338,419,333,335,604],"product_tag":[363,358],"class_list":{"0":"post-22088","1":"product","2":"type-product","3":"status-publish","4":"has-post-thumbnail","6":"product_cat-eclairage-de-la-chambre","7":"product_cat-eclairage-du-salon","8":"product_cat-lyskaer-lampes-fr","9":"product_cat-suspensions-scandinaves","10":"product_cat-suspensions-pour-table-a-manger","11":"product_cat-voir-notre-collection-complete","12":"product_tag-blanc","13":"product_tag-laiton","14":"desktop-align-center","15":"tablet-align-left","16":"mobile-align-left","18":"first","19":"instock","20":"taxable","21":"shipping-taxable","22":"purchasable","23":"product-type-simple"},"yoast_head":"<!-- This site is optimized with the Yoast SEO plugin v27.4 - https:\/\/yoast.com\/product\/yoast-seo-wordpress\/ -->\n<title>Suspension Lyskaer Belysning blanche par Bent Nordsted<\/title>\n<meta name=\"description\" content=\"Lyskaer Belysning Suspension de couleur blanche con\u00e7ue par Bent Nordsted. Il s&#039;int\u00e8gre parfaitement dans un int\u00e9rieur scandinave. Livraison \u00e0 partir du stock\" \/>\n<meta name=\"robots\" content=\"index, follow, max-snippet:-1, max-image-preview:large, max-video-preview:-1\" \/>\n<link rel=\"canonical\" href=\"https:\/\/scandinavischelampen.nl\/fr\/produit\/lyskaer-belysning-pendant-lampe-blanche-par-bent-nordsted-2\/\" \/>\n<meta property=\"og:locale\" content=\"fr_FR\" \/>\n<meta property=\"og:type\" content=\"article\" \/>\n<meta property=\"og:title\" content=\"Suspension Lyskaer Belysning blanche par Bent Nordsted\" \/>\n<meta property=\"og:description\" content=\"Lyskaer Belysning Suspension de couleur blanche con\u00e7ue par Bent Nordsted. Il s&#039;int\u00e8gre parfaitement dans un int\u00e9rieur scandinave. Livraison \u00e0 partir du stock\" \/>\n<meta property=\"og:url\" content=\"https:\/\/scandinavischelampen.nl\/fr\/produit\/lyskaer-belysning-pendant-lampe-blanche-par-bent-nordsted-2\/\" \/>\n<meta property=\"og:site_name\" content=\"Lampes Scandinaves\" \/>\n<meta property=\"article:publisher\" content=\"https:\/\/www.facebook.com\/scandinavischelampen\/\" \/>\n<meta property=\"article:modified_time\" content=\"2025-03-13T15:03:31+00:00\" \/>\n<meta property=\"og:image\" content=\"https:\/\/i0.wp.com\/scandinavischelampen.nl\/wp-content\/uploads\/2023\/01\/Optimized-IMG_5805-2.jpeg?fit=675%2C900&ssl=1\" \/>\n\t<meta property=\"og:image:width\" content=\"675\" \/>\n\t<meta property=\"og:image:height\" content=\"900\" \/>\n\t<meta property=\"og:image:type\" content=\"image\/jpeg\" \/>\n<meta name=\"twitter:card\" content=\"summary_large_image\" \/>\n<meta name=\"twitter:label1\" content=\"Dur\u00e9e de lecture estim\u00e9e\" \/>\n\t<meta name=\"twitter:data1\" content=\"2 minutes\" \/>\n<script type=\"application\/ld+json\" class=\"yoast-schema-graph\">{\"@context\":\"https:\\\/\\\/schema.org\",\"@graph\":[{\"@type\":\"WebPage\",\"@id\":\"https:\\\/\\\/scandinavischelampen.nl\\\/fr\\\/produit\\\/lyskaer-belysning-pendant-lampe-blanche-par-bent-nordsted-2\\\/\",\"url\":\"https:\\\/\\\/scandinavischelampen.nl\\\/fr\\\/produit\\\/lyskaer-belysning-pendant-lampe-blanche-par-bent-nordsted-2\\\/\",\"name\":\"Suspension Lyskaer Belysning blanche par Bent Nordsted\",\"isPartOf\":{\"@id\":\"https:\\\/\\\/scandinavischelampen.nl\\\/fr\\\/#website\"},\"primaryImageOfPage\":{\"@id\":\"https:\\\/\\\/scandinavischelampen.nl\\\/fr\\\/produit\\\/lyskaer-belysning-pendant-lampe-blanche-par-bent-nordsted-2\\\/#primaryimage\"},\"image\":{\"@id\":\"https:\\\/\\\/scandinavischelampen.nl\\\/fr\\\/produit\\\/lyskaer-belysning-pendant-lampe-blanche-par-bent-nordsted-2\\\/#primaryimage\"},\"thumbnailUrl\":\"https:\\\/\\\/i0.wp.com\\\/scandinavischelampen.nl\\\/wp-content\\\/uploads\\\/2023\\\/01\\\/Optimized-IMG_5805-2.jpeg?fit=675%2C900&ssl=1\",\"datePublished\":\"2023-06-28T07:12:07+00:00\",\"dateModified\":\"2025-03-13T15:03:31+00:00\",\"description\":\"Lyskaer Belysning Suspension de couleur blanche con\u00e7ue par Bent Nordsted. Il s'int\u00e8gre parfaitement dans un int\u00e9rieur scandinave. Livraison \u00e0 partir du stock\",\"breadcrumb\":{\"@id\":\"https:\\\/\\\/scandinavischelampen.nl\\\/fr\\\/produit\\\/lyskaer-belysning-pendant-lampe-blanche-par-bent-nordsted-2\\\/#breadcrumb\"},\"inLanguage\":\"fr-FR\",\"potentialAction\":[{\"@type\":\"ReadAction\",\"target\":[\"https:\\\/\\\/scandinavischelampen.nl\\\/fr\\\/produit\\\/lyskaer-belysning-pendant-lampe-blanche-par-bent-nordsted-2\\\/\"]}]},{\"@type\":\"ImageObject\",\"inLanguage\":\"fr-FR\",\"@id\":\"https:\\\/\\\/scandinavischelampen.nl\\\/fr\\\/produit\\\/lyskaer-belysning-pendant-lampe-blanche-par-bent-nordsted-2\\\/#primaryimage\",\"url\":\"https:\\\/\\\/i0.wp.com\\\/scandinavischelampen.nl\\\/wp-content\\\/uploads\\\/2023\\\/01\\\/Optimized-IMG_5805-2.jpeg?fit=675%2C900&ssl=1\",\"contentUrl\":\"https:\\\/\\\/i0.wp.com\\\/scandinavischelampen.nl\\\/wp-content\\\/uploads\\\/2023\\\/01\\\/Optimized-IMG_5805-2.jpeg?fit=675%2C900&ssl=1\",\"width\":675,\"height\":900,\"caption\":\"Image de la suspension Lyskaer Belysning blanche par Bent Nordsted propos\u00e9e dans cette annonce\"},{\"@type\":\"BreadcrumbList\",\"@id\":\"https:\\\/\\\/scandinavischelampen.nl\\\/fr\\\/produit\\\/lyskaer-belysning-pendant-lampe-blanche-par-bent-nordsted-2\\\/#breadcrumb\",\"itemListElement\":[{\"@type\":\"ListItem\",\"position\":1,\"name\":\"Home\",\"item\":\"https:\\\/\\\/scandinavischelampen.nl\\\/fr\\\/\"},{\"@type\":\"ListItem\",\"position\":2,\"name\":\"Boutique\",\"item\":\"https:\\\/\\\/scandinavischelampen.nl\\\/fr\\\/boutique\\\/\"},{\"@type\":\"ListItem\",\"position\":3,\"name\":\"Suspension Lyskaer Belysning blanche par Bent Nordsted\"}]},{\"@type\":\"WebSite\",\"@id\":\"https:\\\/\\\/scandinavischelampen.nl\\\/fr\\\/#website\",\"url\":\"https:\\\/\\\/scandinavischelampen.nl\\\/fr\\\/\",\"name\":\"Scandinavische Lampen\",\"description\":\"Luminaire design vintage\",\"publisher\":{\"@id\":\"https:\\\/\\\/scandinavischelampen.nl\\\/fr\\\/#organization\"},\"potentialAction\":[{\"@type\":\"SearchAction\",\"target\":{\"@type\":\"EntryPoint\",\"urlTemplate\":\"https:\\\/\\\/scandinavischelampen.nl\\\/fr\\\/?s={search_term_string}\"},\"query-input\":{\"@type\":\"PropertyValueSpecification\",\"valueRequired\":true,\"valueName\":\"search_term_string\"}}],\"inLanguage\":\"fr-FR\"},{\"@type\":\"Organization\",\"@id\":\"https:\\\/\\\/scandinavischelampen.nl\\\/fr\\\/#organization\",\"name\":\"Scandinavische Lampen\",\"url\":\"https:\\\/\\\/scandinavischelampen.nl\\\/fr\\\/\",\"logo\":{\"@type\":\"ImageObject\",\"inLanguage\":\"fr-FR\",\"@id\":\"https:\\\/\\\/scandinavischelampen.nl\\\/fr\\\/#\\\/schema\\\/logo\\\/image\\\/\",\"url\":\"https:\\\/\\\/i0.wp.com\\\/scandinavischelampen.nl\\\/wp-content\\\/uploads\\\/2023\\\/07\\\/cropped-Scandinavische-lampen-logo-oranje-01-scaled.png?fit=4717%2C1570&ssl=1\",\"contentUrl\":\"https:\\\/\\\/i0.wp.com\\\/scandinavischelampen.nl\\\/wp-content\\\/uploads\\\/2023\\\/07\\\/cropped-Scandinavische-lampen-logo-oranje-01-scaled.png?fit=4717%2C1570&ssl=1\",\"width\":4717,\"height\":1570,\"caption\":\"Scandinavische Lampen\"},\"image\":{\"@id\":\"https:\\\/\\\/scandinavischelampen.nl\\\/fr\\\/#\\\/schema\\\/logo\\\/image\\\/\"},\"sameAs\":[\"https:\\\/\\\/www.facebook.com\\\/scandinavischelampen\\\/\",\"https:\\\/\\\/www.instagram.com\\\/scandinavische_lampen\\\/\"]}]}<\/script>\n<!-- \/ Yoast SEO plugin. -->","yoast_head_json":{"title":"Suspension Lyskaer Belysning blanche par Bent Nordsted","description":"Lyskaer Belysning Suspension de couleur blanche con\u00e7ue par Bent Nordsted. Il s'int\u00e8gre parfaitement dans un int\u00e9rieur scandinave. Livraison \u00e0 partir du stock","robots":{"index":"index","follow":"follow","max-snippet":"max-snippet:-1","max-image-preview":"max-image-preview:large","max-video-preview":"max-video-preview:-1"},"canonical":"https:\/\/scandinavischelampen.nl\/fr\/produit\/lyskaer-belysning-pendant-lampe-blanche-par-bent-nordsted-2\/","og_locale":"fr_FR","og_type":"article","og_title":"Suspension Lyskaer Belysning blanche par Bent Nordsted","og_description":"Lyskaer Belysning Suspension de couleur blanche con\u00e7ue par Bent Nordsted. Il s'int\u00e8gre parfaitement dans un int\u00e9rieur scandinave. Livraison \u00e0 partir du stock","og_url":"https:\/\/scandinavischelampen.nl\/fr\/produit\/lyskaer-belysning-pendant-lampe-blanche-par-bent-nordsted-2\/","og_site_name":"Lampes Scandinaves","article_publisher":"https:\/\/www.facebook.com\/scandinavischelampen\/","article_modified_time":"2025-03-13T15:03:31+00:00","og_image":[{"width":675,"height":900,"url":"https:\/\/i0.wp.com\/scandinavischelampen.nl\/wp-content\/uploads\/2023\/01\/Optimized-IMG_5805-2.jpeg?fit=675%2C900&ssl=1","type":"image\/jpeg"}],"twitter_card":"summary_large_image","twitter_misc":{"Dur\u00e9e de lecture estim\u00e9e":"2 minutes"},"schema":{"@context":"https:\/\/schema.org","@graph":[{"@type":"WebPage","@id":"https:\/\/scandinavischelampen.nl\/fr\/produit\/lyskaer-belysning-pendant-lampe-blanche-par-bent-nordsted-2\/","url":"https:\/\/scandinavischelampen.nl\/fr\/produit\/lyskaer-belysning-pendant-lampe-blanche-par-bent-nordsted-2\/","name":"Suspension Lyskaer Belysning blanche par Bent Nordsted","isPartOf":{"@id":"https:\/\/scandinavischelampen.nl\/fr\/#website"},"primaryImageOfPage":{"@id":"https:\/\/scandinavischelampen.nl\/fr\/produit\/lyskaer-belysning-pendant-lampe-blanche-par-bent-nordsted-2\/#primaryimage"},"image":{"@id":"https:\/\/scandinavischelampen.nl\/fr\/produit\/lyskaer-belysning-pendant-lampe-blanche-par-bent-nordsted-2\/#primaryimage"},"thumbnailUrl":"https:\/\/i0.wp.com\/scandinavischelampen.nl\/wp-content\/uploads\/2023\/01\/Optimized-IMG_5805-2.jpeg?fit=675%2C900&ssl=1","datePublished":"2023-06-28T07:12:07+00:00","dateModified":"2025-03-13T15:03:31+00:00","description":"Lyskaer Belysning Suspension de couleur blanche con\u00e7ue par Bent Nordsted. Il s'int\u00e8gre parfaitement dans un int\u00e9rieur scandinave. Livraison \u00e0 partir du stock","breadcrumb":{"@id":"https:\/\/scandinavischelampen.nl\/fr\/produit\/lyskaer-belysning-pendant-lampe-blanche-par-bent-nordsted-2\/#breadcrumb"},"inLanguage":"fr-FR","potentialAction":[{"@type":"ReadAction","target":["https:\/\/scandinavischelampen.nl\/fr\/produit\/lyskaer-belysning-pendant-lampe-blanche-par-bent-nordsted-2\/"]}]},{"@type":"ImageObject","inLanguage":"fr-FR","@id":"https:\/\/scandinavischelampen.nl\/fr\/produit\/lyskaer-belysning-pendant-lampe-blanche-par-bent-nordsted-2\/#primaryimage","url":"https:\/\/i0.wp.com\/scandinavischelampen.nl\/wp-content\/uploads\/2023\/01\/Optimized-IMG_5805-2.jpeg?fit=675%2C900&ssl=1","contentUrl":"https:\/\/i0.wp.com\/scandinavischelampen.nl\/wp-content\/uploads\/2023\/01\/Optimized-IMG_5805-2.jpeg?fit=675%2C900&ssl=1","width":675,"height":900,"caption":"Image de la suspension Lyskaer Belysning blanche par Bent Nordsted propos\u00e9e dans cette annonce"},{"@type":"BreadcrumbList","@id":"https:\/\/scandinavischelampen.nl\/fr\/produit\/lyskaer-belysning-pendant-lampe-blanche-par-bent-nordsted-2\/#breadcrumb","itemListElement":[{"@type":"ListItem","position":1,"name":"Home","item":"https:\/\/scandinavischelampen.nl\/fr\/"},{"@type":"ListItem","position":2,"name":"Boutique","item":"https:\/\/scandinavischelampen.nl\/fr\/boutique\/"},{"@type":"ListItem","position":3,"name":"Suspension Lyskaer Belysning blanche par Bent Nordsted"}]},{"@type":"WebSite","@id":"https:\/\/scandinavischelampen.nl\/fr\/#website","url":"https:\/\/scandinavischelampen.nl\/fr\/","name":"Scandinavische Lampen","description":"Luminaire design vintage","publisher":{"@id":"https:\/\/scandinavischelampen.nl\/fr\/#organization"},"potentialAction":[{"@type":"SearchAction","target":{"@type":"EntryPoint","urlTemplate":"https:\/\/scandinavischelampen.nl\/fr\/?s={search_term_string}"},"query-input":{"@type":"PropertyValueSpecification","valueRequired":true,"valueName":"search_term_string"}}],"inLanguage":"fr-FR"},{"@type":"Organization","@id":"https:\/\/scandinavischelampen.nl\/fr\/#organization","name":"Scandinavische Lampen","url":"https:\/\/scandinavischelampen.nl\/fr\/","logo":{"@type":"ImageObject","inLanguage":"fr-FR","@id":"https:\/\/scandinavischelampen.nl\/fr\/#\/schema\/logo\/image\/","url":"https:\/\/i0.wp.com\/scandinavischelampen.nl\/wp-content\/uploads\/2023\/07\/cropped-Scandinavische-lampen-logo-oranje-01-scaled.png?fit=4717%2C1570&ssl=1","contentUrl":"https:\/\/i0.wp.com\/scandinavischelampen.nl\/wp-content\/uploads\/2023\/07\/cropped-Scandinavische-lampen-logo-oranje-01-scaled.png?fit=4717%2C1570&ssl=1","width":4717,"height":1570,"caption":"Scandinavische Lampen"},"image":{"@id":"https:\/\/scandinavischelampen.nl\/fr\/#\/schema\/logo\/image\/"},"sameAs":["https:\/\/www.facebook.com\/scandinavischelampen\/","https:\/\/www.instagram.com\/scandinavische_lampen\/"]}]}},"uagb_featured_image_src":{"full":["https:\/\/i0.wp.com\/scandinavischelampen.nl\/wp-content\/uploads\/2023\/01\/Optimized-IMG_5805-2.jpeg?fit=675%2C900&ssl=1",675,900,false],"thumbnail":["https:\/\/i0.wp.com\/scandinavischelampen.nl\/wp-content\/uploads\/2023\/01\/Optimized-IMG_5805-2.jpeg?resize=150%2C150&ssl=1",150,150,true],"medium":["https:\/\/i0.wp.com\/scandinavischelampen.nl\/wp-content\/uploads\/2023\/01\/Optimized-IMG_5805-2.jpeg?fit=225%2C300&ssl=1",225,300,true],"medium_large":["https:\/\/i0.wp.com\/scandinavischelampen.nl\/wp-content\/uploads\/2023\/01\/Optimized-IMG_5805-2.jpeg?fit=675%2C900&ssl=1",675,900,true],"large":["https:\/\/i0.wp.com\/scandinavischelampen.nl\/wp-content\/uploads\/2023\/01\/Optimized-IMG_5805-2.jpeg?fit=675%2C900&ssl=1",675,900,true],"1536x1536":["https:\/\/i0.wp.com\/scandinavischelampen.nl\/wp-content\/uploads\/2023\/01\/Optimized-IMG_5805-2.jpeg?fit=675%2C900&ssl=1",675,900,true],"2048x2048":["https:\/\/i0.wp.com\/scandinavischelampen.nl\/wp-content\/uploads\/2023\/01\/Optimized-IMG_5805-2.jpeg?fit=675%2C900&ssl=1",675,900,true],"woocommerce_thumbnail":["https:\/\/i0.wp.com\/scandinavischelampen.nl\/wp-content\/uploads\/2023\/01\/Optimized-IMG_5805-2.jpeg?resize=300%2C300&ssl=1",300,300,true],"woocommerce_single":["https:\/\/i0.wp.com\/scandinavischelampen.nl\/wp-content\/uploads\/2023\/01\/Optimized-IMG_5805-2.jpeg?fit=600%2C800&ssl=1",600,800,true],"woocommerce_gallery_thumbnail":["https:\/\/i0.wp.com\/scandinavischelampen.nl\/wp-content\/uploads\/2023\/01\/Optimized-IMG_5805-2.jpeg?resize=100%2C100&ssl=1",100,100,true],"thaps-thumb-img":["https:\/\/i0.wp.com\/scandinavischelampen.nl\/wp-content\/uploads\/2023\/01\/Optimized-IMG_5805-2.jpeg?resize=48%2C64&ssl=1",48,64,true]},"uagb_author_info":{"display_name":"administrator","author_link":"https:\/\/scandinavischelampen.nl\/fr\/author\/"},"uagb_comment_info":0,"uagb_excerpt":"\u221a Livraison gratuite en Europe d\u00e8s 350 \u20ac \u221a Command\u00e9 avant 16h00? G\u00e9n\u00e9ralement exp\u00e9di\u00e9 le m\u00eame jour \u221a 14 jours de r\u00e9flexion \u221a Convient pour les LED Hauteur : 28 cm Diam\u00e8tre : 47 cm","jetpack_sharing_enabled":true,"_links":{"self":[{"href":"https:\/\/scandinavischelampen.nl\/fr\/wp-json\/wp\/v2\/product\/22088","targetHints":{"allow":["GET"]}}],"collection":[{"href":"https:\/\/scandinavischelampen.nl\/fr\/wp-json\/wp\/v2\/product"}],"about":[{"href":"https:\/\/scandinavischelampen.nl\/fr\/wp-json\/wp\/v2\/types\/product"}],"wp:featuredmedia":[{"embeddable":true,"href":"https:\/\/scandinavischelampen.nl\/fr\/wp-json\/wp\/v2\/media\/15534"}],"wp:attachment":[{"href":"https:\/\/scandinavischelampen.nl\/fr\/wp-json\/wp\/v2\/media?parent=22088"}],"wp:term":[{"taxonomy":"product_brand","embeddable":true,"href":"https:\/\/scandinavischelampen.nl\/fr\/wp-json\/wp\/v2\/product_brand?post=22088"},{"taxonomy":"product_cat","embeddable":true,"href":"https:\/\/scandinavischelampen.nl\/fr\/wp-json\/wp\/v2\/product_cat?post=22088"},{"taxonomy":"product_tag","embeddable":true,"href":"https:\/\/scandinavischelampen.nl\/fr\/wp-json\/wp\/v2\/product_tag?post=22088"}],"curies":[{"name":"wp","href":"https:\/\/api.w.org\/{rel}","templated":true}]}}