{"id":37788,"date":"2024-01-13T10:40:40","date_gmt":"2024-01-13T09:40:40","guid":{"rendered":"https:\/\/scandinavischelampen.nl\/impressum\/"},"modified":"2026-02-04T21:11:57","modified_gmt":"2026-02-04T20:11:57","slug":"empreinte","status":"publish","type":"page","link":"https:\/\/scandinavischelampen.nl\/fr\/empreinte\/","title":{"rendered":"Impressum"},"content":{"rendered":"\n<p><strong>Nom de l\u2019entreprise :<\/strong> <br\/>ASK &amp; Company<\/p>\n\n<p><strong>Trading sous les noms suivants :<\/strong> <br\/>Lampes scandinaves<br\/>Vie danoise<\/p>\n\n<p><strong>Forme juridique : <br\/><\/strong>Soci\u00e9t\u00e9 sous la direction de la soci\u00e9t\u00e9<\/p>\n\n<p><strong>Adresse : <\/strong><br\/>Harry Banninklaan 102 <br\/>2652 NB Berkel en Rodenrijs<br\/>Pays-Bas<\/p>\n\n<p><strong>Num\u00e9ro de t\u00e9l\u00e9phone : <br\/><\/strong>0031 (0)85 086 8075<\/p>\n\n<p><strong>Adresse e-mail : <br\/><\/strong>sales@scandinavischelampen.nl<\/p>\n\n<p><strong>Repr\u00e9sent\u00e9 par : <br\/><\/strong>A.E. Huitema<br\/>K. Zuijdam<\/p>\n\n<p><strong>Num\u00e9ro d\u2019identification de la TVA : <br\/><\/strong>856629996B01<\/p>\n\n<p><strong>Num\u00e9ro de la Chambre de commerce : <br\/><\/strong>66610400<\/p>\n\n<p><strong>Responsables du contenu : <br\/><\/strong>A.E. Zuijdam <br\/>K. Zuijdam<\/p>\n\n<p><strong>Avertissement : <\/strong><br\/><span style=\"text-decoration: underline;\">Avertissement pour les lampes scandinaves vintage<\/span><\/p>\n\n<p>Vintage Toutes les lampes que nous proposons sont d&rsquo;occasion. Bien que nous v\u00e9rifions chaque lampe pour sa fonctionnalit\u00e9 et son \u00e9tat, nous tenons \u00e0 souligner que ces articles ne sont pas neufs.<\/p>\n\n<p>Il est important de comprendre que toutes nos lampes ont d\u00e9j\u00e0 \u00e9t\u00e9 utilis\u00e9es et peuvent pr\u00e9senter une certaine usure ou des dommages. Nous nous effor\u00e7ons de d\u00e9crire le plus pr\u00e9cis\u00e9ment possible tous les articles, y compris les d\u00e9fauts ou dommages notables, dans la description du produit. Cependant, en raison de la nature des produits vintage, il peut y avoir de l\u00e9g\u00e8res imperfections ou lacunes qui ne sont pas explicitement mentionn\u00e9es. Soyez conscient que nos lampes peuvent ne pas \u00eatre en parfait \u00e9tat comme des lampes neuves.<\/p>\n\n<p>Les images des lampes vintage sur notre site web sont \u00e0 titre d&rsquo;illustration et peuvent diff\u00e9rer de l&rsquo;\u00e9tat r\u00e9el du produit. Malgr\u00e9 nos efforts pour photographier et afficher les lampes aussi pr\u00e9cis\u00e9ment que possible, les couleurs et les d\u00e9tails \u00e0 l&rsquo;\u00e9cran peuvent sembler diff\u00e9rents de la r\u00e9alit\u00e9. Nous vous recommandons de lire attentivement la description du produit et, si n\u00e9cessaire, de nous contacter pour plus d&rsquo;informations avant de faire un achat.<\/p>\n\n<p>Nous n&rsquo;acceptons aucune responsabilit\u00e9 pour les dommages, pertes ou blessures r\u00e9sultant de l&rsquo;utilisation de nos produits ou de notre site web. Malgr\u00e9 notre engagement \u00e0 100% pour garantir la qualit\u00e9 et la pr\u00e9cision des informations sur notre site web, nous ne pouvons pas toujours garantir que toutes les informations sont compl\u00e8tes, \u00e0 jour ou sans erreur. Nous nous r\u00e9servons le droit d&rsquo;apporter des modifications \u00e0 nos produits, prix, stocks et contenu du site web \u00e0 tout moment sans pr\u00e9avis.<\/p>\n\n<p>Politique de confidentialit\u00e9 : <br\/><a href=\"https:\/\/scandinavischelampen.nl\/privacy-beleid\/\">Cliquez ici pour notre Politique de confidentialit\u00e9<\/a><\/p>\n\n<p>Conditions g\u00e9n\u00e9rales : <br\/><a href=\"https:\/\/scandinavischelampen.nl\/algemene-voorwaarden\/\">Cliquez ici pour nos conditions g\u00e9n\u00e9rales<\/a><\/p>\n","protected":false},"excerpt":{"rendered":"<p>Nom de l\u2019entreprise : ASK &amp; Company Trading sous les noms suivants : Lampes scandinavesVie danoise Forme juridique : Soci\u00e9t\u00e9 sous la direction de la soci\u00e9t\u00e9 Adresse : Harry Banninklaan 102 2652 NB Berkel en RodenrijsPays-Bas Num\u00e9ro de t\u00e9l\u00e9phone : 0031 (0)85 086 8075 Adresse e-mail : sales@scandinavischelampen.nl Repr\u00e9sent\u00e9 par : A.E. HuitemaK. Zuijdam Num\u00e9ro [&hellip;]<\/p>\n","protected":false},"author":1,"featured_media":0,"parent":0,"menu_order":0,"comment_status":"closed","ping_status":"closed","template":"","meta":{"_uag_custom_page_level_css":"","site-sidebar-layout":"default","site-content-layout":"","ast-site-content-layout":"default","site-content-style":"default","site-sidebar-style":"default","ast-global-header-display":"","ast-banner-title-visibility":"","ast-main-header-display":"","ast-hfb-above-header-display":"","ast-hfb-below-header-display":"","ast-hfb-mobile-header-display":"","site-post-title":"","ast-breadcrumbs-content":"","ast-featured-img":"","footer-sml-layout":"","ast-disable-related-posts":"","theme-transparent-header-meta":"","adv-header-id-meta":"","stick-header-meta":"","header-above-stick-meta":"","header-main-stick-meta":"","header-below-stick-meta":"","astra-migrate-meta-layouts":"default","ast-page-background-enabled":"default","ast-page-background-meta":{"desktop":{"background-color":"var(--ast-global-color-4)","background-image":"","background-repeat":"repeat","background-position":"center center","background-size":"auto","background-attachment":"scroll","background-type":"","background-media":"","overlay-type":"","overlay-color":"","overlay-opacity":"","overlay-gradient":""},"tablet":{"background-color":"","background-image":"","background-repeat":"repeat","background-position":"center center","background-size":"auto","background-attachment":"scroll","background-type":"","background-media":"","overlay-type":"","overlay-color":"","overlay-opacity":"","overlay-gradient":""},"mobile":{"background-color":"","background-image":"","background-repeat":"repeat","background-position":"center center","background-size":"auto","background-attachment":"scroll","background-type":"","background-media":"","overlay-type":"","overlay-color":"","overlay-opacity":"","overlay-gradient":""}},"ast-content-background-meta":{"desktop":{"background-color":"var(--ast-global-color-5)","background-image":"","background-repeat":"repeat","background-position":"center center","background-size":"auto","background-attachment":"scroll","background-type":"","background-media":"","overlay-type":"","overlay-color":"","overlay-opacity":"","overlay-gradient":""},"tablet":{"background-color":"var(--ast-global-color-5)","background-image":"","background-repeat":"repeat","background-position":"center center","background-size":"auto","background-attachment":"scroll","background-type":"","background-media":"","overlay-type":"","overlay-color":"","overlay-opacity":"","overlay-gradient":""},"mobile":{"background-color":"var(--ast-global-color-5)","background-image":"","background-repeat":"repeat","background-position":"center center","background-size":"auto","background-attachment":"scroll","background-type":"","background-media":"","overlay-type":"","overlay-color":"","overlay-opacity":"","overlay-gradient":""}},"footnotes":""},"class_list":["post-37788","page","type-page","status-publish","hentry"],"yoast_head":"<!-- This site is optimized with the Yoast SEO plugin v27.5 - https:\/\/yoast.com\/product\/yoast-seo-wordpress\/ -->\n<title>Impressum - Lampes Scandinaves<\/title>\n<meta name=\"description\" content=\"Sur cette page, vous trouverez notre Impressum. Celui-ci contient plus d\u2019informations sur les besoins.\" \/>\n<meta name=\"robots\" content=\"index, follow, max-snippet:-1, max-image-preview:large, max-video-preview:-1\" \/>\n<link rel=\"canonical\" href=\"https:\/\/scandinavischelampen.nl\/fr\/empreinte\/\" \/>\n<meta property=\"og:locale\" content=\"fr_FR\" \/>\n<meta property=\"og:type\" content=\"article\" \/>\n<meta property=\"og:title\" content=\"Impressum - Lampes Scandinaves\" \/>\n<meta property=\"og:description\" content=\"Sur cette page, vous trouverez notre Impressum. Celui-ci contient plus d\u2019informations sur les besoins.\" \/>\n<meta property=\"og:url\" content=\"https:\/\/scandinavischelampen.nl\/fr\/empreinte\/\" \/>\n<meta property=\"og:site_name\" content=\"Lampes Scandinaves\" \/>\n<meta property=\"article:publisher\" content=\"https:\/\/www.facebook.com\/scandinavischelampen\/\" \/>\n<meta property=\"article:modified_time\" content=\"2026-02-04T20:11:57+00:00\" \/>\n<meta name=\"twitter:card\" content=\"summary_large_image\" \/>\n<meta name=\"twitter:label1\" content=\"Dur\u00e9e de lecture estim\u00e9e\" \/>\n\t<meta name=\"twitter:data1\" content=\"2 minutes\" \/>\n<script type=\"application\/ld+json\" class=\"yoast-schema-graph\">{\"@context\":\"https:\\\/\\\/schema.org\",\"@graph\":[{\"@type\":\"WebPage\",\"@id\":\"https:\\\/\\\/scandinavischelampen.nl\\\/fr\\\/empreinte\\\/\",\"url\":\"https:\\\/\\\/scandinavischelampen.nl\\\/fr\\\/empreinte\\\/\",\"name\":\"Impressum - Lampes Scandinaves\",\"isPartOf\":{\"@id\":\"https:\\\/\\\/scandinavischelampen.nl\\\/fr\\\/#website\"},\"datePublished\":\"2024-01-13T09:40:40+00:00\",\"dateModified\":\"2026-02-04T20:11:57+00:00\",\"description\":\"Sur cette page, vous trouverez notre Impressum. Celui-ci contient plus d\u2019informations sur les besoins.\",\"breadcrumb\":{\"@id\":\"https:\\\/\\\/scandinavischelampen.nl\\\/fr\\\/empreinte\\\/#breadcrumb\"},\"inLanguage\":\"fr-FR\",\"potentialAction\":[{\"@type\":\"ReadAction\",\"target\":[\"https:\\\/\\\/scandinavischelampen.nl\\\/fr\\\/empreinte\\\/\"]}]},{\"@type\":\"BreadcrumbList\",\"@id\":\"https:\\\/\\\/scandinavischelampen.nl\\\/fr\\\/empreinte\\\/#breadcrumb\",\"itemListElement\":[{\"@type\":\"ListItem\",\"position\":1,\"name\":\"Home\",\"item\":\"https:\\\/\\\/scandinavischelampen.nl\\\/fr\\\/\"},{\"@type\":\"ListItem\",\"position\":2,\"name\":\"Impressum\"}]},{\"@type\":\"WebSite\",\"@id\":\"https:\\\/\\\/scandinavischelampen.nl\\\/fr\\\/#website\",\"url\":\"https:\\\/\\\/scandinavischelampen.nl\\\/fr\\\/\",\"name\":\"Scandinavische Lampen\",\"description\":\"Luminaire design vintage\",\"publisher\":{\"@id\":\"https:\\\/\\\/scandinavischelampen.nl\\\/fr\\\/#organization\"},\"potentialAction\":[{\"@type\":\"SearchAction\",\"target\":{\"@type\":\"EntryPoint\",\"urlTemplate\":\"https:\\\/\\\/scandinavischelampen.nl\\\/fr\\\/?s={search_term_string}\"},\"query-input\":{\"@type\":\"PropertyValueSpecification\",\"valueRequired\":true,\"valueName\":\"search_term_string\"}}],\"inLanguage\":\"fr-FR\"},{\"@type\":\"Organization\",\"@id\":\"https:\\\/\\\/scandinavischelampen.nl\\\/fr\\\/#organization\",\"name\":\"Scandinavische Lampen\",\"url\":\"https:\\\/\\\/scandinavischelampen.nl\\\/fr\\\/\",\"logo\":{\"@type\":\"ImageObject\",\"inLanguage\":\"fr-FR\",\"@id\":\"https:\\\/\\\/scandinavischelampen.nl\\\/fr\\\/#\\\/schema\\\/logo\\\/image\\\/\",\"url\":\"https:\\\/\\\/i0.wp.com\\\/scandinavischelampen.nl\\\/wp-content\\\/uploads\\\/2023\\\/07\\\/cropped-Scandinavische-lampen-logo-oranje-01-scaled.png?fit=4717%2C1570&ssl=1\",\"contentUrl\":\"https:\\\/\\\/i0.wp.com\\\/scandinavischelampen.nl\\\/wp-content\\\/uploads\\\/2023\\\/07\\\/cropped-Scandinavische-lampen-logo-oranje-01-scaled.png?fit=4717%2C1570&ssl=1\",\"width\":4717,\"height\":1570,\"caption\":\"Scandinavische Lampen\"},\"image\":{\"@id\":\"https:\\\/\\\/scandinavischelampen.nl\\\/fr\\\/#\\\/schema\\\/logo\\\/image\\\/\"},\"sameAs\":[\"https:\\\/\\\/www.facebook.com\\\/scandinavischelampen\\\/\",\"https:\\\/\\\/www.instagram.com\\\/scandinavische_lampen\\\/\"]}]}<\/script>\n<!-- \/ Yoast SEO plugin. -->","yoast_head_json":{"title":"Impressum - Lampes Scandinaves","description":"Sur cette page, vous trouverez notre Impressum. Celui-ci contient plus d\u2019informations sur les besoins.","robots":{"index":"index","follow":"follow","max-snippet":"max-snippet:-1","max-image-preview":"max-image-preview:large","max-video-preview":"max-video-preview:-1"},"canonical":"https:\/\/scandinavischelampen.nl\/fr\/empreinte\/","og_locale":"fr_FR","og_type":"article","og_title":"Impressum - Lampes Scandinaves","og_description":"Sur cette page, vous trouverez notre Impressum. Celui-ci contient plus d\u2019informations sur les besoins.","og_url":"https:\/\/scandinavischelampen.nl\/fr\/empreinte\/","og_site_name":"Lampes Scandinaves","article_publisher":"https:\/\/www.facebook.com\/scandinavischelampen\/","article_modified_time":"2026-02-04T20:11:57+00:00","twitter_card":"summary_large_image","twitter_misc":{"Dur\u00e9e de lecture estim\u00e9e":"2 minutes"},"schema":{"@context":"https:\/\/schema.org","@graph":[{"@type":"WebPage","@id":"https:\/\/scandinavischelampen.nl\/fr\/empreinte\/","url":"https:\/\/scandinavischelampen.nl\/fr\/empreinte\/","name":"Impressum - Lampes Scandinaves","isPartOf":{"@id":"https:\/\/scandinavischelampen.nl\/fr\/#website"},"datePublished":"2024-01-13T09:40:40+00:00","dateModified":"2026-02-04T20:11:57+00:00","description":"Sur cette page, vous trouverez notre Impressum. Celui-ci contient plus d\u2019informations sur les besoins.","breadcrumb":{"@id":"https:\/\/scandinavischelampen.nl\/fr\/empreinte\/#breadcrumb"},"inLanguage":"fr-FR","potentialAction":[{"@type":"ReadAction","target":["https:\/\/scandinavischelampen.nl\/fr\/empreinte\/"]}]},{"@type":"BreadcrumbList","@id":"https:\/\/scandinavischelampen.nl\/fr\/empreinte\/#breadcrumb","itemListElement":[{"@type":"ListItem","position":1,"name":"Home","item":"https:\/\/scandinavischelampen.nl\/fr\/"},{"@type":"ListItem","position":2,"name":"Impressum"}]},{"@type":"WebSite","@id":"https:\/\/scandinavischelampen.nl\/fr\/#website","url":"https:\/\/scandinavischelampen.nl\/fr\/","name":"Scandinavische Lampen","description":"Luminaire design vintage","publisher":{"@id":"https:\/\/scandinavischelampen.nl\/fr\/#organization"},"potentialAction":[{"@type":"SearchAction","target":{"@type":"EntryPoint","urlTemplate":"https:\/\/scandinavischelampen.nl\/fr\/?s={search_term_string}"},"query-input":{"@type":"PropertyValueSpecification","valueRequired":true,"valueName":"search_term_string"}}],"inLanguage":"fr-FR"},{"@type":"Organization","@id":"https:\/\/scandinavischelampen.nl\/fr\/#organization","name":"Scandinavische Lampen","url":"https:\/\/scandinavischelampen.nl\/fr\/","logo":{"@type":"ImageObject","inLanguage":"fr-FR","@id":"https:\/\/scandinavischelampen.nl\/fr\/#\/schema\/logo\/image\/","url":"https:\/\/i0.wp.com\/scandinavischelampen.nl\/wp-content\/uploads\/2023\/07\/cropped-Scandinavische-lampen-logo-oranje-01-scaled.png?fit=4717%2C1570&ssl=1","contentUrl":"https:\/\/i0.wp.com\/scandinavischelampen.nl\/wp-content\/uploads\/2023\/07\/cropped-Scandinavische-lampen-logo-oranje-01-scaled.png?fit=4717%2C1570&ssl=1","width":4717,"height":1570,"caption":"Scandinavische Lampen"},"image":{"@id":"https:\/\/scandinavischelampen.nl\/fr\/#\/schema\/logo\/image\/"},"sameAs":["https:\/\/www.facebook.com\/scandinavischelampen\/","https:\/\/www.instagram.com\/scandinavische_lampen\/"]}]}},"uagb_featured_image_src":{"full":false,"thumbnail":false,"medium":false,"medium_large":false,"large":false,"1536x1536":false,"2048x2048":false,"woocommerce_thumbnail":false,"woocommerce_single":false,"woocommerce_gallery_thumbnail":false,"thaps-thumb-img":false},"uagb_author_info":{"display_name":"administrator","author_link":"https:\/\/scandinavischelampen.nl\/fr\/author\/administrator\/"},"uagb_comment_info":0,"uagb_excerpt":"Nom de l\u2019entreprise : ASK &amp; Company Trading sous les noms suivants : Lampes scandinavesVie danoise Forme juridique : Soci\u00e9t\u00e9 sous la direction de la soci\u00e9t\u00e9 Adresse : Harry Banninklaan 102 2652 NB Berkel en RodenrijsPays-Bas Num\u00e9ro de t\u00e9l\u00e9phone : 0031 (0)85 086 8075 Adresse e-mail : sales@scandinavischelampen.nl Repr\u00e9sent\u00e9 par : A.E. HuitemaK. Zuijdam Num\u00e9ro\u2026","jetpack_sharing_enabled":true,"_links":{"self":[{"href":"https:\/\/scandinavischelampen.nl\/fr\/wp-json\/wp\/v2\/pages\/37788","targetHints":{"allow":["GET"]}}],"collection":[{"href":"https:\/\/scandinavischelampen.nl\/fr\/wp-json\/wp\/v2\/pages"}],"about":[{"href":"https:\/\/scandinavischelampen.nl\/fr\/wp-json\/wp\/v2\/types\/page"}],"author":[{"embeddable":true,"href":"https:\/\/scandinavischelampen.nl\/fr\/wp-json\/wp\/v2\/users\/1"}],"replies":[{"embeddable":true,"href":"https:\/\/scandinavischelampen.nl\/fr\/wp-json\/wp\/v2\/comments?post=37788"}],"version-history":[{"count":3,"href":"https:\/\/scandinavischelampen.nl\/fr\/wp-json\/wp\/v2\/pages\/37788\/revisions"}],"predecessor-version":[{"id":62764,"href":"https:\/\/scandinavischelampen.nl\/fr\/wp-json\/wp\/v2\/pages\/37788\/revisions\/62764"}],"wp:attachment":[{"href":"https:\/\/scandinavischelampen.nl\/fr\/wp-json\/wp\/v2\/media?parent=37788"}],"curies":[{"name":"wp","href":"https:\/\/api.w.org\/{rel}","templated":true}]}}