{"id":23135,"date":"2023-04-17T13:32:40","date_gmt":"2023-04-17T11:32:40","guid":{"rendered":"https:\/\/v2.scandinavischelampen.nl\/declaration-relative-aux-cookies\/"},"modified":"2023-07-13T08:43:26","modified_gmt":"2023-07-13T06:43:26","slug":"declaration-relative-aux-cookies","status":"publish","type":"page","link":"https:\/\/scandinavischelampen.nl\/fr\/declaration-relative-aux-cookies\/","title":{"rendered":"D\u00e9claration relative aux cookies"},"content":{"rendered":"\n<p>Nous utilisons des cookies sur notre site Web www.scandinavischelampen.nl. Dans cette d\u00e9claration sur les cookies, nous aimerions vous dire de quels cookies il s&rsquo;agit et pour quoi nous les utilisons.<\/p>\n\n<h2 class=\"wp-block-heading\">Utilisation de cookies<\/h2>\n\n<p>Nous utilisons des cookies lors de l&rsquo;offre de services \u00e9lectroniques. Un cookie est un simple petit fichier envoy\u00e9 avec les pages de ce site Web et stock\u00e9 par votre navigateur sur le disque dur de votre appareil afin que vous puissiez \u00eatre reconnu.<\/p>\n\n<p>Lorsque vous visitez notre site Web pour la premi\u00e8re fois, nous affichons un message expliquant les cookies. Ici, vous pouvez \u00e9galement indiquer quels cookies vous souhaitez placer sur votre ordinateur. Nous ne pla\u00e7ons des cookies analytiques sur votre \u00e9quipement qu&rsquo;avec votre permission.<\/p>\n\n<p>Nous avons conclu des accords avec d&rsquo;autres soci\u00e9t\u00e9s qui placent des cookies sur l&rsquo;utilisation des cookies. Cependant, nous n&rsquo;avons pas un contr\u00f4le total sur ce qu&rsquo;ils font eux-m\u00eames avec les cookies. Lisez donc \u00e9galement leurs d\u00e9clarations de confidentialit\u00e9 si vous trouvez cela important et \u00e9ventuellement les diff\u00e9rents liens informatifs.<\/p>\n\n<h2 class=\"wp-block-heading\">Types de cookies<\/h2>\n\n<p>Les cookies analytiques et fonctionnels suivants ou techniques similaires sont utilis\u00e9s sur notre site Web :<\/p>\n\n<h3 class=\"wp-block-heading\">Utilisation de cookies fonctionnels permanents<\/h3>\n\n<p>\u00c0 l&rsquo;aide d&rsquo;un cookie permanent, nous pouvons vous reconna\u00eetre lorsque vous visitez \u00e0 nouveau notre site Web. Pensez aux cookies qui stockent vos informations de connexion \u00e0 notre site Web. De cette fa\u00e7on, vous n&rsquo;avez pas \u00e0 saisir vos coordonn\u00e9es \u00e0 chaque fois. Nous pouvons \u00e9galement nous en souvenir au moyen d&rsquo;un cookie si vous avez donn\u00e9 votre autorisation pour le placement de cookies. Cela signifie que vous n&rsquo;avez pas \u00e0 r\u00e9p\u00e9ter vos pr\u00e9f\u00e9rences, ce qui vous fait gagner du temps et vous permet d&rsquo;utiliser notre site Web plus agr\u00e9ablement. Vous pouvez supprimer les cookies permanents via les param\u00e8tres de votre navigateur. Les cookies fonctionnels ne portent pas beaucoup atteinte \u00e0 la vie priv\u00e9e. L&rsquo;utilisation de ces cookies ne n\u00e9cessite aucune autorisation de votre part en tant que visiteur du site Web.<\/p>\n\n<h3 class=\"wp-block-heading\">Analytische cookies: Google Analytics<\/h3>\n\n<p>Nous utilisons Google Analytics pour garder une trace de la fa\u00e7on dont les utilisateurs utilisent le site Web. Des cookies sont d\u00e9pos\u00e9s \u00e0 cet effet. Ces informations sont transf\u00e9r\u00e9es et stock\u00e9es par Google sur des serveurs aux \u00c9tats-Unis.<\/p>\n\n<h4 class=\"wp-block-heading\">Google<\/h4>\n\n<p>Google utilise ces informations pour suivre l&rsquo;utilisation de notre site Web et pour nous fournir des rapports sur le site Web. Nous avons configur\u00e9 Google Analytics pour qu&rsquo;il soit respectueux de la vie priv\u00e9e. Entre autres choses, l&rsquo;adresse IP est pseudonymis\u00e9e avant que ces donn\u00e9es ne soient transmises \u00e0 Google. De plus, nous avons conclu un accord de traitement avec Google et Google n&rsquo;est pas autoris\u00e9 \u00e0 fournir ces donn\u00e9es \u00e0 des tiers ou \u00e0 les utiliser pour d&rsquo;autres services Google. Nous avons fix\u00e9 la dur\u00e9e de conservation maximale des cookies utilis\u00e9s via ce service \u00e0 26 mois. Cela signifie qu&rsquo;apr\u00e8s cette p\u00e9riode, les donn\u00e9es ne peuvent plus \u00eatre lues. Le traitement de vos donn\u00e9es personnelles via Google Analytics est bas\u00e9 sur notre int\u00e9r\u00eat l\u00e9gitime \u00e0 obtenir des statistiques g\u00e9n\u00e9rales sur les visiteurs de notre site Web.<\/p>\n\n<p>Pour plus d&rsquo;informations, lisez la politique de confidentialit\u00e9 de Google, ainsi que la politique de confidentialit\u00e9 sp\u00e9cifique de Google Analytics. Voir ici pour plus d&rsquo;informations sur la politique de d\u00e9sactivation de Google.<\/p>\n\n<h2 class=\"wp-block-heading\">Activation et d\u00e9sactivation des cookies<\/h2>\n\n<p>Dans votre navigateur, vous pouvez d\u00e9finir que le stockage des cookies n&rsquo;est accept\u00e9 que si vous \u00eates d&rsquo;accord. Pour plus d&rsquo;informations \u00e0 ce sujet, consultez le manuel de votre navigateur Web ou l&rsquo;explication de l&rsquo;Association des consommateurs. Attention : de nombreux sites Web ne fonctionnent pas de mani\u00e8re optimale si les cookies sont d\u00e9sactiv\u00e9s.<\/p>\n\n<h2 class=\"wp-block-heading\">Dur\u00e9e de stockage et suppression des cookies<\/h2>\n\n<p>La plupart des cookies ont une date d&rsquo;expiration. Cela signifie qu&rsquo;ils expirent automatiquement apr\u00e8s une certaine p\u00e9riode de temps et n&rsquo;enregistrent plus les donn\u00e9es de votre visite sur le site Web. Vous pouvez \u00e9galement choisir de supprimer manuellement les cookies avant l&rsquo;expiration de la date d&rsquo;expiration. Pour plus d&rsquo;informations \u00e0 ce sujet, vous pouvez consulter le manuel de votre navigateur.<\/p>\n\n<h2 class=\"wp-block-heading\">En conclusion<\/h2>\n\n<p>A Scandinavian Lamps peut modifier cette d\u00e9claration de cookie si nous ajustons notre site Web ou si les r\u00e8gles concernant les cookies changent. Nous vous recommandons donc de consulter p\u00e9riodiquement cette d\u00e9claration relative aux cookies.<\/p>\n\n<p class=\"has-link-color wp-elements-bc33180e0afdce34ec9cb552b2c9f346\">Dans la <a href=\"https:\/\/v2.scandinavischelampen.nl\/privacy-beleid\/\">d\u00e9claration de confidentialit\u00e9<\/a> ailleurs sur ce site Web, vous pouvez lire comment Scandinavian Lamps g\u00e8re vos donn\u00e9es personnelles et la s\u00e9curit\u00e9 des donn\u00e9es.<\/p>\n\n<p>Cette d\u00e9claration relative aux cookies a \u00e9t\u00e9 mise \u00e0 jour pour la derni\u00e8re fois le 19 juin 2023.<\/p>\n","protected":false},"excerpt":{"rendered":"<p>Nous utilisons des cookies sur notre site Web www.scandinavischelampen.nl. Dans cette d\u00e9claration sur les cookies, nous aimerions vous dire de quels cookies il s&rsquo;agit et pour quoi nous les utilisons. Utilisation de cookies Nous utilisons des cookies lors de l&rsquo;offre de services \u00e9lectroniques. Un cookie est un simple petit fichier envoy\u00e9 avec les pages de [&hellip;]<\/p>\n","protected":false},"author":1,"featured_media":0,"parent":0,"menu_order":0,"comment_status":"closed","ping_status":"closed","template":"","meta":{"_uag_custom_page_level_css":"","site-sidebar-layout":"default","site-content-layout":"","ast-site-content-layout":"default","site-content-style":"default","site-sidebar-style":"default","ast-global-header-display":"","ast-banner-title-visibility":"","ast-main-header-display":"","ast-hfb-above-header-display":"","ast-hfb-below-header-display":"","ast-hfb-mobile-header-display":"","site-post-title":"","ast-breadcrumbs-content":"","ast-featured-img":"","footer-sml-layout":"","ast-disable-related-posts":"","theme-transparent-header-meta":"","adv-header-id-meta":"","stick-header-meta":"","header-above-stick-meta":"","header-main-stick-meta":"","header-below-stick-meta":"","astra-migrate-meta-layouts":"default","ast-page-background-enabled":"default","ast-page-background-meta":{"desktop":{"background-color":"var(--ast-global-color-4)","background-image":"","background-repeat":"repeat","background-position":"center center","background-size":"auto","background-attachment":"scroll","background-type":"","background-media":"","overlay-type":"","overlay-color":"","overlay-opacity":"","overlay-gradient":""},"tablet":{"background-color":"","background-image":"","background-repeat":"repeat","background-position":"center center","background-size":"auto","background-attachment":"scroll","background-type":"","background-media":"","overlay-type":"","overlay-color":"","overlay-opacity":"","overlay-gradient":""},"mobile":{"background-color":"","background-image":"","background-repeat":"repeat","background-position":"center center","background-size":"auto","background-attachment":"scroll","background-type":"","background-media":"","overlay-type":"","overlay-color":"","overlay-opacity":"","overlay-gradient":""}},"ast-content-background-meta":{"desktop":{"background-color":"var(--ast-global-color-5)","background-image":"","background-repeat":"repeat","background-position":"center center","background-size":"auto","background-attachment":"scroll","background-type":"","background-media":"","overlay-type":"","overlay-color":"","overlay-opacity":"","overlay-gradient":""},"tablet":{"background-color":"var(--ast-global-color-5)","background-image":"","background-repeat":"repeat","background-position":"center center","background-size":"auto","background-attachment":"scroll","background-type":"","background-media":"","overlay-type":"","overlay-color":"","overlay-opacity":"","overlay-gradient":""},"mobile":{"background-color":"var(--ast-global-color-5)","background-image":"","background-repeat":"repeat","background-position":"center center","background-size":"auto","background-attachment":"scroll","background-type":"","background-media":"","overlay-type":"","overlay-color":"","overlay-opacity":"","overlay-gradient":""}},"footnotes":""},"class_list":["post-23135","page","type-page","status-publish","hentry"],"yoast_head":"<!-- This site is optimized with the Yoast SEO plugin v27.4 - https:\/\/yoast.com\/product\/yoast-seo-wordpress\/ -->\n<title>D\u00e9claration relative aux cookies - Lampes Scandinaves<\/title>\n<meta name=\"description\" content=\"Nous utilisons des cookies sur notre site Web. Dans cette d\u00e9claration sur les cookies, nous aimerions vous dire ce qu&#039;ils sont et comment nous les utilisons.\" \/>\n<meta name=\"robots\" content=\"index, follow, max-snippet:-1, max-image-preview:large, max-video-preview:-1\" \/>\n<link rel=\"canonical\" href=\"https:\/\/scandinavischelampen.nl\/fr\/declaration-relative-aux-cookies\/\" \/>\n<meta property=\"og:locale\" content=\"fr_FR\" \/>\n<meta property=\"og:type\" content=\"article\" \/>\n<meta property=\"og:title\" content=\"D\u00e9claration relative aux cookies - Lampes Scandinaves\" \/>\n<meta property=\"og:description\" content=\"Nous utilisons des cookies sur notre site Web. Dans cette d\u00e9claration sur les cookies, nous aimerions vous dire ce qu&#039;ils sont et comment nous les utilisons.\" \/>\n<meta property=\"og:url\" content=\"https:\/\/scandinavischelampen.nl\/fr\/declaration-relative-aux-cookies\/\" \/>\n<meta property=\"og:site_name\" content=\"Lampes Scandinaves\" \/>\n<meta property=\"article:publisher\" content=\"https:\/\/www.facebook.com\/scandinavischelampen\/\" \/>\n<meta property=\"article:modified_time\" content=\"2023-07-13T06:43:26+00:00\" \/>\n<meta name=\"twitter:card\" content=\"summary_large_image\" \/>\n<meta name=\"twitter:label1\" content=\"Dur\u00e9e de lecture estim\u00e9e\" \/>\n\t<meta name=\"twitter:data1\" content=\"4 minutes\" \/>\n<script type=\"application\/ld+json\" class=\"yoast-schema-graph\">{\"@context\":\"https:\\\/\\\/schema.org\",\"@graph\":[{\"@type\":\"WebPage\",\"@id\":\"https:\\\/\\\/scandinavischelampen.nl\\\/fr\\\/declaration-relative-aux-cookies\\\/\",\"url\":\"https:\\\/\\\/scandinavischelampen.nl\\\/fr\\\/declaration-relative-aux-cookies\\\/\",\"name\":\"D\u00e9claration relative aux cookies - Lampes Scandinaves\",\"isPartOf\":{\"@id\":\"https:\\\/\\\/scandinavischelampen.nl\\\/fr\\\/#website\"},\"datePublished\":\"2023-04-17T11:32:40+00:00\",\"dateModified\":\"2023-07-13T06:43:26+00:00\",\"description\":\"Nous utilisons des cookies sur notre site Web. Dans cette d\u00e9claration sur les cookies, nous aimerions vous dire ce qu'ils sont et comment nous les utilisons.\",\"breadcrumb\":{\"@id\":\"https:\\\/\\\/scandinavischelampen.nl\\\/fr\\\/declaration-relative-aux-cookies\\\/#breadcrumb\"},\"inLanguage\":\"fr-FR\",\"potentialAction\":[{\"@type\":\"ReadAction\",\"target\":[\"https:\\\/\\\/scandinavischelampen.nl\\\/fr\\\/declaration-relative-aux-cookies\\\/\"]}]},{\"@type\":\"BreadcrumbList\",\"@id\":\"https:\\\/\\\/scandinavischelampen.nl\\\/fr\\\/declaration-relative-aux-cookies\\\/#breadcrumb\",\"itemListElement\":[{\"@type\":\"ListItem\",\"position\":1,\"name\":\"Home\",\"item\":\"https:\\\/\\\/scandinavischelampen.nl\\\/fr\\\/\"},{\"@type\":\"ListItem\",\"position\":2,\"name\":\"D\u00e9claration relative aux cookies\"}]},{\"@type\":\"WebSite\",\"@id\":\"https:\\\/\\\/scandinavischelampen.nl\\\/fr\\\/#website\",\"url\":\"https:\\\/\\\/scandinavischelampen.nl\\\/fr\\\/\",\"name\":\"Scandinavische Lampen\",\"description\":\"Luminaire design vintage\",\"publisher\":{\"@id\":\"https:\\\/\\\/scandinavischelampen.nl\\\/fr\\\/#organization\"},\"potentialAction\":[{\"@type\":\"SearchAction\",\"target\":{\"@type\":\"EntryPoint\",\"urlTemplate\":\"https:\\\/\\\/scandinavischelampen.nl\\\/fr\\\/?s={search_term_string}\"},\"query-input\":{\"@type\":\"PropertyValueSpecification\",\"valueRequired\":true,\"valueName\":\"search_term_string\"}}],\"inLanguage\":\"fr-FR\"},{\"@type\":\"Organization\",\"@id\":\"https:\\\/\\\/scandinavischelampen.nl\\\/fr\\\/#organization\",\"name\":\"Scandinavische Lampen\",\"url\":\"https:\\\/\\\/scandinavischelampen.nl\\\/fr\\\/\",\"logo\":{\"@type\":\"ImageObject\",\"inLanguage\":\"fr-FR\",\"@id\":\"https:\\\/\\\/scandinavischelampen.nl\\\/fr\\\/#\\\/schema\\\/logo\\\/image\\\/\",\"url\":\"https:\\\/\\\/i0.wp.com\\\/scandinavischelampen.nl\\\/wp-content\\\/uploads\\\/2023\\\/07\\\/cropped-Scandinavische-lampen-logo-oranje-01-scaled.png?fit=4717%2C1570&ssl=1\",\"contentUrl\":\"https:\\\/\\\/i0.wp.com\\\/scandinavischelampen.nl\\\/wp-content\\\/uploads\\\/2023\\\/07\\\/cropped-Scandinavische-lampen-logo-oranje-01-scaled.png?fit=4717%2C1570&ssl=1\",\"width\":4717,\"height\":1570,\"caption\":\"Scandinavische Lampen\"},\"image\":{\"@id\":\"https:\\\/\\\/scandinavischelampen.nl\\\/fr\\\/#\\\/schema\\\/logo\\\/image\\\/\"},\"sameAs\":[\"https:\\\/\\\/www.facebook.com\\\/scandinavischelampen\\\/\",\"https:\\\/\\\/www.instagram.com\\\/scandinavische_lampen\\\/\"]}]}<\/script>\n<!-- \/ Yoast SEO plugin. -->","yoast_head_json":{"title":"D\u00e9claration relative aux cookies - Lampes Scandinaves","description":"Nous utilisons des cookies sur notre site Web. Dans cette d\u00e9claration sur les cookies, nous aimerions vous dire ce qu'ils sont et comment nous les utilisons.","robots":{"index":"index","follow":"follow","max-snippet":"max-snippet:-1","max-image-preview":"max-image-preview:large","max-video-preview":"max-video-preview:-1"},"canonical":"https:\/\/scandinavischelampen.nl\/fr\/declaration-relative-aux-cookies\/","og_locale":"fr_FR","og_type":"article","og_title":"D\u00e9claration relative aux cookies - Lampes Scandinaves","og_description":"Nous utilisons des cookies sur notre site Web. Dans cette d\u00e9claration sur les cookies, nous aimerions vous dire ce qu'ils sont et comment nous les utilisons.","og_url":"https:\/\/scandinavischelampen.nl\/fr\/declaration-relative-aux-cookies\/","og_site_name":"Lampes Scandinaves","article_publisher":"https:\/\/www.facebook.com\/scandinavischelampen\/","article_modified_time":"2023-07-13T06:43:26+00:00","twitter_card":"summary_large_image","twitter_misc":{"Dur\u00e9e de lecture estim\u00e9e":"4 minutes"},"schema":{"@context":"https:\/\/schema.org","@graph":[{"@type":"WebPage","@id":"https:\/\/scandinavischelampen.nl\/fr\/declaration-relative-aux-cookies\/","url":"https:\/\/scandinavischelampen.nl\/fr\/declaration-relative-aux-cookies\/","name":"D\u00e9claration relative aux cookies - Lampes Scandinaves","isPartOf":{"@id":"https:\/\/scandinavischelampen.nl\/fr\/#website"},"datePublished":"2023-04-17T11:32:40+00:00","dateModified":"2023-07-13T06:43:26+00:00","description":"Nous utilisons des cookies sur notre site Web. Dans cette d\u00e9claration sur les cookies, nous aimerions vous dire ce qu'ils sont et comment nous les utilisons.","breadcrumb":{"@id":"https:\/\/scandinavischelampen.nl\/fr\/declaration-relative-aux-cookies\/#breadcrumb"},"inLanguage":"fr-FR","potentialAction":[{"@type":"ReadAction","target":["https:\/\/scandinavischelampen.nl\/fr\/declaration-relative-aux-cookies\/"]}]},{"@type":"BreadcrumbList","@id":"https:\/\/scandinavischelampen.nl\/fr\/declaration-relative-aux-cookies\/#breadcrumb","itemListElement":[{"@type":"ListItem","position":1,"name":"Home","item":"https:\/\/scandinavischelampen.nl\/fr\/"},{"@type":"ListItem","position":2,"name":"D\u00e9claration relative aux cookies"}]},{"@type":"WebSite","@id":"https:\/\/scandinavischelampen.nl\/fr\/#website","url":"https:\/\/scandinavischelampen.nl\/fr\/","name":"Scandinavische Lampen","description":"Luminaire design vintage","publisher":{"@id":"https:\/\/scandinavischelampen.nl\/fr\/#organization"},"potentialAction":[{"@type":"SearchAction","target":{"@type":"EntryPoint","urlTemplate":"https:\/\/scandinavischelampen.nl\/fr\/?s={search_term_string}"},"query-input":{"@type":"PropertyValueSpecification","valueRequired":true,"valueName":"search_term_string"}}],"inLanguage":"fr-FR"},{"@type":"Organization","@id":"https:\/\/scandinavischelampen.nl\/fr\/#organization","name":"Scandinavische Lampen","url":"https:\/\/scandinavischelampen.nl\/fr\/","logo":{"@type":"ImageObject","inLanguage":"fr-FR","@id":"https:\/\/scandinavischelampen.nl\/fr\/#\/schema\/logo\/image\/","url":"https:\/\/i0.wp.com\/scandinavischelampen.nl\/wp-content\/uploads\/2023\/07\/cropped-Scandinavische-lampen-logo-oranje-01-scaled.png?fit=4717%2C1570&ssl=1","contentUrl":"https:\/\/i0.wp.com\/scandinavischelampen.nl\/wp-content\/uploads\/2023\/07\/cropped-Scandinavische-lampen-logo-oranje-01-scaled.png?fit=4717%2C1570&ssl=1","width":4717,"height":1570,"caption":"Scandinavische Lampen"},"image":{"@id":"https:\/\/scandinavischelampen.nl\/fr\/#\/schema\/logo\/image\/"},"sameAs":["https:\/\/www.facebook.com\/scandinavischelampen\/","https:\/\/www.instagram.com\/scandinavische_lampen\/"]}]}},"uagb_featured_image_src":{"full":false,"thumbnail":false,"medium":false,"medium_large":false,"large":false,"1536x1536":false,"2048x2048":false,"woocommerce_thumbnail":false,"woocommerce_single":false,"woocommerce_gallery_thumbnail":false,"thaps-thumb-img":false},"uagb_author_info":{"display_name":"administrator","author_link":"https:\/\/scandinavischelampen.nl\/fr\/author\/administrator\/"},"uagb_comment_info":0,"uagb_excerpt":"Nous utilisons des cookies sur notre site Web www.scandinavischelampen.nl. Dans cette d\u00e9claration sur les cookies, nous aimerions vous dire de quels cookies il s&rsquo;agit et pour quoi nous les utilisons. Utilisation de cookies Nous utilisons des cookies lors de l&rsquo;offre de services \u00e9lectroniques. Un cookie est un simple petit fichier envoy\u00e9 avec les pages de\u2026","jetpack_sharing_enabled":true,"_links":{"self":[{"href":"https:\/\/scandinavischelampen.nl\/fr\/wp-json\/wp\/v2\/pages\/23135","targetHints":{"allow":["GET"]}}],"collection":[{"href":"https:\/\/scandinavischelampen.nl\/fr\/wp-json\/wp\/v2\/pages"}],"about":[{"href":"https:\/\/scandinavischelampen.nl\/fr\/wp-json\/wp\/v2\/types\/page"}],"author":[{"embeddable":true,"href":"https:\/\/scandinavischelampen.nl\/fr\/wp-json\/wp\/v2\/users\/1"}],"replies":[{"embeddable":true,"href":"https:\/\/scandinavischelampen.nl\/fr\/wp-json\/wp\/v2\/comments?post=23135"}],"version-history":[{"count":1,"href":"https:\/\/scandinavischelampen.nl\/fr\/wp-json\/wp\/v2\/pages\/23135\/revisions"}],"predecessor-version":[{"id":23136,"href":"https:\/\/scandinavischelampen.nl\/fr\/wp-json\/wp\/v2\/pages\/23135\/revisions\/23136"}],"wp:attachment":[{"href":"https:\/\/scandinavischelampen.nl\/fr\/wp-json\/wp\/v2\/media?parent=23135"}],"curies":[{"name":"wp","href":"https:\/\/api.w.org\/{rel}","templated":true}]}}