{"id":22738,"date":"2023-04-19T08:46:29","date_gmt":"2023-04-19T06:46:29","guid":{"rendered":"https:\/\/v2.scandinavischelampen.nl\/retour-et-echange\/"},"modified":"2026-03-25T20:07:54","modified_gmt":"2026-03-25T19:07:54","slug":"retours-et-echanges","status":"publish","type":"page","link":"https:\/\/scandinavischelampen.nl\/fr\/retours-et-echanges\/","title":{"rendered":"Rendements et \u00e9changes"},"content":{"rendered":"\n<div class=\"wp-block-columns is-layout-flex wp-container-core-columns-is-layout-28f84493 wp-block-columns-is-layout-flex\">\n<div class=\"wp-block-column is-layout-flow wp-block-column-is-layout-flow\">\n<p class=\"has-text-align-center\" style=\"font-size:16px\">\u2714 14 jours pour changer d\u2019avis<\/p>\n<\/div>\n\n\n\n<div class=\"wp-block-column is-layout-flow wp-block-column-is-layout-flow\">\n<p class=\"has-text-align-center\" style=\"font-size:16px\">\u2714 Rendements faciles<\/p>\n<\/div>\n\n\n\n<div class=\"wp-block-column is-layout-flow wp-block-column-is-layout-flow\">\n<p class=\"has-text-align-center\">\u2714 Remboursement rapide<\/p>\n<\/div>\n<\/div>\n\n<p>Vous n\u2019\u00eates pas compl\u00e8tement satisfait de votre achat ? Pas de probl\u00e8me.<br\/>Vous pouvez facilement retourner ou \u00e9changer votre commande <strong>dans les 14 jours suivant la r\u00e9ception<\/strong> . <\/p>\n\n<p>Nous vous simplifions la t\u00e2che.<\/p>\n\n<hr class=\"wp-block-separator alignfull has-alpha-channel-opacity\"\/>\n\n<p class=\"has-medium-font-size\"><strong>Comment fonctionnent les retours<\/strong><\/p>\n\n<p><strong>1. Enregistrez votre d\u00e9claration<\/strong><\/p>\n\n<p>Envoyez-nous un e-mail ou contactez-nous par t\u00e9l\u00e9phone pour nous dire que vous souhaitez retourner un produit.<\/p>\n\n<p><strong>2. Retourner ou d\u00e9poser le produit<\/strong><\/p>\n\n<p>Vous avez deux options :<\/p>\n\n<p><strong>Retour par la poste<\/strong><br\/>Envoyez le produit \u00e0 notre adresse de retour via un transporteur de votre choix.<\/p>\n\n<p><strong>Retours dans notre magasin<\/strong><br\/>Vous pouvez \u00e9galement retourner votre commande gratuitement dans notre magasin \u00e0 Alphen aan den Rijn.<\/p>\n\n<p><strong>3. Nous traitons votre remboursement<\/strong><\/p>\n\n<p>D\u00e8s que nous aurons re\u00e7u et v\u00e9rifi\u00e9 votre retour, nous rembourserons le montant de l\u2019achat d\u00e8s que possible via le m\u00eame mode de paiement.<\/p>\n\n<hr class=\"wp-block-separator has-alpha-channel-opacity\"\/>\n\n<p class=\"has-medium-font-size\"><strong>Quelles sont les conditions de retour ?<\/strong><\/p>\n\n<p>Vous pouvez retourner un produit lorsque :<\/p>\n\n<ul class=\"wp-block-list\">\n<li>Le produit est enregistr\u00e9 <strong>dans les 14 jours suivant sa r\u00e9ception<\/strong><\/li>\n\n\n\n<li>Le produit est <strong>complet et intact<\/strong><\/li>\n\n\n\n<li>Le produit est \u00e9valu\u00e9 comme on le ferait en magasin<\/li>\n\n\n\n<li>Le produit <strong>est retourn\u00e9 soigneusement emball\u00e9<\/strong><\/li>\n<\/ul>\n\n<hr class=\"wp-block-separator has-alpha-channel-opacity\"\/>\n\n<p class=\"has-medium-font-size\"><strong>Combien co\u00fbte le retour ?<\/strong><\/p>\n\n<p>Les frais de retour sont \u00e0 votre compte personnel.<br\/>Ces co\u00fbts d\u00e9pendent de l\u2019assureur que vous choisissez.<\/p>\n\n<p>Les retours dans notre magasin sont <strong>gratuits<\/strong>.<\/p>\n\n<hr class=\"wp-block-separator has-alpha-channel-opacity\"\/>\n\n<p class=\"has-medium-font-size\"><strong>\u00c9change contre un autre produit<\/strong><\/p>\n\n<p>Pr\u00e9f\u00e9reriez-vous recevoir une autre lampe ? C\u2019est possible. <\/p>\n\n<p>Envoyez votre produit actuel \u00e0 notre adresse de retour ou apportez-le \u00e0 notre magasin pour nous indiquer quel produit vous souhaitez recevoir.<\/p>\n\n<p>Nous sommes heureux de vous aider \u00e0 trouver une alternative adapt\u00e9e.<\/p>\n\n<hr class=\"wp-block-separator has-alpha-channel-opacity\"\/>\n\n<p class=\"has-medium-font-size\"><strong>Exceptions<\/strong><\/p>\n\n<p>Les produits <strong>faits sur mesure pour vous<\/strong> ne peuvent pas \u00eatre retourn\u00e9s.<\/p>\n\n<p>Cela s\u2019applique, par exemple, \u00e0 :<\/p>\n\n<ul class=\"wp-block-list\">\n<li>Longueurs de corde personnalis\u00e9es<\/li>\n\n\n\n<li>Couleurs personnalis\u00e9es ou rev\u00eatement en poudre<\/li>\n\n\n\n<li>Accessoires personnalis\u00e9s<\/li>\n\n\n\n<li>Autres personnalisations<\/li>\n<\/ul>\n\n<hr class=\"wp-block-separator has-alpha-channel-opacity\"\/>\n\n<p class=\"has-medium-font-size\"><strong>Adresse de retour<\/strong><\/p>\n\n<p>Lampes scandinaves<br\/>Harry Banninklaan 102<br\/>2652 NB Berkel en Rodenrijs<br\/>Pays-Bas<\/p>\n\n<hr class=\"wp-block-separator has-alpha-channel-opacity\"\/>\n\n<p class=\"has-medium-font-size\"><strong>Questions fr\u00e9quemment pos\u00e9es<\/strong><\/p>\n\n<p><strong>Quand recevrai-je mon remboursement ?<\/strong><br\/>D\u00e8s que nous aurons re\u00e7u et v\u00e9rifi\u00e9 votre d\u00e9claration, nous traiterons le remboursement d\u00e8s que possible.<\/p>\n\n<p><strong>Puis-je essayer une lampe ?<\/strong><br\/>Oui, vous pouvez juger le produit comme en magasin.<\/p>\n\n<p><strong>Dois-je garder l\u2019emballage d\u2019origine ?<\/strong><br\/>Nous recommandons d\u2019utiliser l\u2019emballage d\u2019origine afin que le produit puisse \u00eatre retourn\u00e9 en toute s\u00e9curit\u00e9.<\/p>\n\n<p><strong>Puis-je \u00e9changer ma commande ?<\/strong><br\/>Oui, vous pouvez \u00e9changer un produit contre un autre article dans les 14 jours.<br\/><br\/><\/p>\n\n<figure class=\"wp-block-image aligncenter size-full is-resized\"><img data-recalc-dims=\"1\" loading=\"lazy\" decoding=\"async\" width=\"1824\" height=\"1253\" src=\"https:\/\/i0.wp.com\/scandinavischelampen.nl\/wp-content\/uploads\/2023\/02\/cognac-lamp.jpeg?resize=1824%2C1253\" alt=\"Image de la suspension Horn Belysning type 761 Cognac propos&#xE9;e dans cette annonce.\" class=\"wp-image-7217\" style=\"width:288px;height:198px\"\/><\/figure>\n","protected":false},"excerpt":{"rendered":"<p>\u2714 14 jours pour changer d\u2019avis \u2714 Rendements faciles \u2714 Remboursement rapide Vous n\u2019\u00eates pas compl\u00e8tement satisfait de votre achat ? Pas de probl\u00e8me.Vous pouvez facilement retourner ou \u00e9changer votre commande dans les 14 jours suivant la r\u00e9ception . Nous vous simplifions la t\u00e2che. Comment fonctionnent les retours 1. Enregistrez votre d\u00e9claration Envoyez-nous un e-mail [&hellip;]<\/p>\n","protected":false},"author":1,"featured_media":0,"parent":0,"menu_order":0,"comment_status":"closed","ping_status":"closed","template":"","meta":{"_uag_custom_page_level_css":"","site-sidebar-layout":"default","site-content-layout":"","ast-site-content-layout":"default","site-content-style":"default","site-sidebar-style":"default","ast-global-header-display":"","ast-banner-title-visibility":"","ast-main-header-display":"","ast-hfb-above-header-display":"","ast-hfb-below-header-display":"","ast-hfb-mobile-header-display":"","site-post-title":"","ast-breadcrumbs-content":"","ast-featured-img":"","footer-sml-layout":"","ast-disable-related-posts":"","theme-transparent-header-meta":"","adv-header-id-meta":"","stick-header-meta":"","header-above-stick-meta":"","header-main-stick-meta":"","header-below-stick-meta":"","astra-migrate-meta-layouts":"default","ast-page-background-enabled":"default","ast-page-background-meta":{"desktop":{"background-color":"var(--ast-global-color-4)","background-image":"","background-repeat":"repeat","background-position":"center center","background-size":"auto","background-attachment":"scroll","background-type":"","background-media":"","overlay-type":"","overlay-color":"","overlay-opacity":"","overlay-gradient":""},"tablet":{"background-color":"","background-image":"","background-repeat":"repeat","background-position":"center center","background-size":"auto","background-attachment":"scroll","background-type":"","background-media":"","overlay-type":"","overlay-color":"","overlay-opacity":"","overlay-gradient":""},"mobile":{"background-color":"","background-image":"","background-repeat":"repeat","background-position":"center center","background-size":"auto","background-attachment":"scroll","background-type":"","background-media":"","overlay-type":"","overlay-color":"","overlay-opacity":"","overlay-gradient":""}},"ast-content-background-meta":{"desktop":{"background-color":"var(--ast-global-color-5)","background-image":"","background-repeat":"repeat","background-position":"center center","background-size":"auto","background-attachment":"scroll","background-type":"","background-media":"","overlay-type":"","overlay-color":"","overlay-opacity":"","overlay-gradient":""},"tablet":{"background-color":"var(--ast-global-color-5)","background-image":"","background-repeat":"repeat","background-position":"center center","background-size":"auto","background-attachment":"scroll","background-type":"","background-media":"","overlay-type":"","overlay-color":"","overlay-opacity":"","overlay-gradient":""},"mobile":{"background-color":"var(--ast-global-color-5)","background-image":"","background-repeat":"repeat","background-position":"center center","background-size":"auto","background-attachment":"scroll","background-type":"","background-media":"","overlay-type":"","overlay-color":"","overlay-opacity":"","overlay-gradient":""}},"footnotes":""},"class_list":["post-22738","page","type-page","status-publish","hentry"],"yoast_head":"<!-- This site is optimized with the Yoast SEO plugin v27.5 - https:\/\/yoast.com\/product\/yoast-seo-wordpress\/ -->\n<title>Rendements et \u00e9changes - Lampes Scandinaves<\/title>\n<meta name=\"description\" content=\"Notre d\u00e9lai de retour est de 14 jours, pendant lesquels vous avez le choix d&#039;\u00e9changer et de retourner les articles. N&#039;h\u00e9sitez pas \u00e0 nous contacter si vous avez des questions.\" \/>\n<meta name=\"robots\" content=\"index, follow, max-snippet:-1, max-image-preview:large, max-video-preview:-1\" \/>\n<link rel=\"canonical\" href=\"https:\/\/scandinavischelampen.nl\/fr\/retours-et-echanges\/\" \/>\n<meta property=\"og:locale\" content=\"fr_FR\" \/>\n<meta property=\"og:type\" content=\"article\" \/>\n<meta property=\"og:title\" content=\"Rendements et \u00e9changes - Lampes Scandinaves\" \/>\n<meta property=\"og:description\" content=\"Notre d\u00e9lai de retour est de 14 jours, pendant lesquels vous avez le choix d&#039;\u00e9changer et de retourner les articles. N&#039;h\u00e9sitez pas \u00e0 nous contacter si vous avez des questions.\" \/>\n<meta property=\"og:url\" content=\"https:\/\/scandinavischelampen.nl\/fr\/retours-et-echanges\/\" \/>\n<meta property=\"og:site_name\" content=\"Lampes Scandinaves\" \/>\n<meta property=\"article:publisher\" content=\"https:\/\/www.facebook.com\/scandinavischelampen\/\" \/>\n<meta property=\"article:modified_time\" content=\"2026-03-25T19:07:54+00:00\" \/>\n<meta property=\"og:image\" content=\"http:\/\/scandinavischelampen.nl\/wp-content\/uploads\/2023\/02\/cognac-lamp.jpeg\" \/>\n<meta name=\"twitter:card\" content=\"summary_large_image\" \/>\n<meta name=\"twitter:label1\" content=\"Dur\u00e9e de lecture estim\u00e9e\" \/>\n\t<meta name=\"twitter:data1\" content=\"2 minutes\" \/>\n<script type=\"application\/ld+json\" class=\"yoast-schema-graph\">{\"@context\":\"https:\\\/\\\/schema.org\",\"@graph\":[{\"@type\":\"WebPage\",\"@id\":\"https:\\\/\\\/scandinavischelampen.nl\\\/fr\\\/retours-et-echanges\\\/\",\"url\":\"https:\\\/\\\/scandinavischelampen.nl\\\/fr\\\/retours-et-echanges\\\/\",\"name\":\"Rendements et \u00e9changes - Lampes Scandinaves\",\"isPartOf\":{\"@id\":\"https:\\\/\\\/scandinavischelampen.nl\\\/fr\\\/#website\"},\"primaryImageOfPage\":{\"@id\":\"https:\\\/\\\/scandinavischelampen.nl\\\/fr\\\/retours-et-echanges\\\/#primaryimage\"},\"image\":{\"@id\":\"https:\\\/\\\/scandinavischelampen.nl\\\/fr\\\/retours-et-echanges\\\/#primaryimage\"},\"thumbnailUrl\":\"http:\\\/\\\/scandinavischelampen.nl\\\/wp-content\\\/uploads\\\/2023\\\/02\\\/cognac-lamp.jpeg\",\"datePublished\":\"2023-04-19T06:46:29+00:00\",\"dateModified\":\"2026-03-25T19:07:54+00:00\",\"description\":\"Notre d\u00e9lai de retour est de 14 jours, pendant lesquels vous avez le choix d'\u00e9changer et de retourner les articles. N'h\u00e9sitez pas \u00e0 nous contacter si vous avez des questions.\",\"breadcrumb\":{\"@id\":\"https:\\\/\\\/scandinavischelampen.nl\\\/fr\\\/retours-et-echanges\\\/#breadcrumb\"},\"inLanguage\":\"fr-FR\",\"potentialAction\":[{\"@type\":\"ReadAction\",\"target\":[\"https:\\\/\\\/scandinavischelampen.nl\\\/fr\\\/retours-et-echanges\\\/\"]}]},{\"@type\":\"ImageObject\",\"inLanguage\":\"fr-FR\",\"@id\":\"https:\\\/\\\/scandinavischelampen.nl\\\/fr\\\/retours-et-echanges\\\/#primaryimage\",\"url\":\"http:\\\/\\\/scandinavischelampen.nl\\\/wp-content\\\/uploads\\\/2023\\\/02\\\/cognac-lamp.jpeg\",\"contentUrl\":\"http:\\\/\\\/scandinavischelampen.nl\\\/wp-content\\\/uploads\\\/2023\\\/02\\\/cognac-lamp.jpeg\"},{\"@type\":\"BreadcrumbList\",\"@id\":\"https:\\\/\\\/scandinavischelampen.nl\\\/fr\\\/retours-et-echanges\\\/#breadcrumb\",\"itemListElement\":[{\"@type\":\"ListItem\",\"position\":1,\"name\":\"Home\",\"item\":\"https:\\\/\\\/scandinavischelampen.nl\\\/fr\\\/\"},{\"@type\":\"ListItem\",\"position\":2,\"name\":\"Rendements et \u00e9changes\"}]},{\"@type\":\"WebSite\",\"@id\":\"https:\\\/\\\/scandinavischelampen.nl\\\/fr\\\/#website\",\"url\":\"https:\\\/\\\/scandinavischelampen.nl\\\/fr\\\/\",\"name\":\"Scandinavische Lampen\",\"description\":\"Luminaire design vintage\",\"publisher\":{\"@id\":\"https:\\\/\\\/scandinavischelampen.nl\\\/fr\\\/#organization\"},\"potentialAction\":[{\"@type\":\"SearchAction\",\"target\":{\"@type\":\"EntryPoint\",\"urlTemplate\":\"https:\\\/\\\/scandinavischelampen.nl\\\/fr\\\/?s={search_term_string}\"},\"query-input\":{\"@type\":\"PropertyValueSpecification\",\"valueRequired\":true,\"valueName\":\"search_term_string\"}}],\"inLanguage\":\"fr-FR\"},{\"@type\":\"Organization\",\"@id\":\"https:\\\/\\\/scandinavischelampen.nl\\\/fr\\\/#organization\",\"name\":\"Scandinavische Lampen\",\"url\":\"https:\\\/\\\/scandinavischelampen.nl\\\/fr\\\/\",\"logo\":{\"@type\":\"ImageObject\",\"inLanguage\":\"fr-FR\",\"@id\":\"https:\\\/\\\/scandinavischelampen.nl\\\/fr\\\/#\\\/schema\\\/logo\\\/image\\\/\",\"url\":\"https:\\\/\\\/i0.wp.com\\\/scandinavischelampen.nl\\\/wp-content\\\/uploads\\\/2023\\\/07\\\/cropped-Scandinavische-lampen-logo-oranje-01-scaled.png?fit=4717%2C1570&ssl=1\",\"contentUrl\":\"https:\\\/\\\/i0.wp.com\\\/scandinavischelampen.nl\\\/wp-content\\\/uploads\\\/2023\\\/07\\\/cropped-Scandinavische-lampen-logo-oranje-01-scaled.png?fit=4717%2C1570&ssl=1\",\"width\":4717,\"height\":1570,\"caption\":\"Scandinavische Lampen\"},\"image\":{\"@id\":\"https:\\\/\\\/scandinavischelampen.nl\\\/fr\\\/#\\\/schema\\\/logo\\\/image\\\/\"},\"sameAs\":[\"https:\\\/\\\/www.facebook.com\\\/scandinavischelampen\\\/\",\"https:\\\/\\\/www.instagram.com\\\/scandinavische_lampen\\\/\"]}]}<\/script>\n<!-- \/ Yoast SEO plugin. -->","yoast_head_json":{"title":"Rendements et \u00e9changes - Lampes Scandinaves","description":"Notre d\u00e9lai de retour est de 14 jours, pendant lesquels vous avez le choix d'\u00e9changer et de retourner les articles. N'h\u00e9sitez pas \u00e0 nous contacter si vous avez des questions.","robots":{"index":"index","follow":"follow","max-snippet":"max-snippet:-1","max-image-preview":"max-image-preview:large","max-video-preview":"max-video-preview:-1"},"canonical":"https:\/\/scandinavischelampen.nl\/fr\/retours-et-echanges\/","og_locale":"fr_FR","og_type":"article","og_title":"Rendements et \u00e9changes - Lampes Scandinaves","og_description":"Notre d\u00e9lai de retour est de 14 jours, pendant lesquels vous avez le choix d'\u00e9changer et de retourner les articles. N'h\u00e9sitez pas \u00e0 nous contacter si vous avez des questions.","og_url":"https:\/\/scandinavischelampen.nl\/fr\/retours-et-echanges\/","og_site_name":"Lampes Scandinaves","article_publisher":"https:\/\/www.facebook.com\/scandinavischelampen\/","article_modified_time":"2026-03-25T19:07:54+00:00","og_image":[{"url":"http:\/\/scandinavischelampen.nl\/wp-content\/uploads\/2023\/02\/cognac-lamp.jpeg","type":"","width":"","height":""}],"twitter_card":"summary_large_image","twitter_misc":{"Dur\u00e9e de lecture estim\u00e9e":"2 minutes"},"schema":{"@context":"https:\/\/schema.org","@graph":[{"@type":"WebPage","@id":"https:\/\/scandinavischelampen.nl\/fr\/retours-et-echanges\/","url":"https:\/\/scandinavischelampen.nl\/fr\/retours-et-echanges\/","name":"Rendements et \u00e9changes - Lampes Scandinaves","isPartOf":{"@id":"https:\/\/scandinavischelampen.nl\/fr\/#website"},"primaryImageOfPage":{"@id":"https:\/\/scandinavischelampen.nl\/fr\/retours-et-echanges\/#primaryimage"},"image":{"@id":"https:\/\/scandinavischelampen.nl\/fr\/retours-et-echanges\/#primaryimage"},"thumbnailUrl":"http:\/\/scandinavischelampen.nl\/wp-content\/uploads\/2023\/02\/cognac-lamp.jpeg","datePublished":"2023-04-19T06:46:29+00:00","dateModified":"2026-03-25T19:07:54+00:00","description":"Notre d\u00e9lai de retour est de 14 jours, pendant lesquels vous avez le choix d'\u00e9changer et de retourner les articles. N'h\u00e9sitez pas \u00e0 nous contacter si vous avez des questions.","breadcrumb":{"@id":"https:\/\/scandinavischelampen.nl\/fr\/retours-et-echanges\/#breadcrumb"},"inLanguage":"fr-FR","potentialAction":[{"@type":"ReadAction","target":["https:\/\/scandinavischelampen.nl\/fr\/retours-et-echanges\/"]}]},{"@type":"ImageObject","inLanguage":"fr-FR","@id":"https:\/\/scandinavischelampen.nl\/fr\/retours-et-echanges\/#primaryimage","url":"http:\/\/scandinavischelampen.nl\/wp-content\/uploads\/2023\/02\/cognac-lamp.jpeg","contentUrl":"http:\/\/scandinavischelampen.nl\/wp-content\/uploads\/2023\/02\/cognac-lamp.jpeg"},{"@type":"BreadcrumbList","@id":"https:\/\/scandinavischelampen.nl\/fr\/retours-et-echanges\/#breadcrumb","itemListElement":[{"@type":"ListItem","position":1,"name":"Home","item":"https:\/\/scandinavischelampen.nl\/fr\/"},{"@type":"ListItem","position":2,"name":"Rendements et \u00e9changes"}]},{"@type":"WebSite","@id":"https:\/\/scandinavischelampen.nl\/fr\/#website","url":"https:\/\/scandinavischelampen.nl\/fr\/","name":"Scandinavische Lampen","description":"Luminaire design vintage","publisher":{"@id":"https:\/\/scandinavischelampen.nl\/fr\/#organization"},"potentialAction":[{"@type":"SearchAction","target":{"@type":"EntryPoint","urlTemplate":"https:\/\/scandinavischelampen.nl\/fr\/?s={search_term_string}"},"query-input":{"@type":"PropertyValueSpecification","valueRequired":true,"valueName":"search_term_string"}}],"inLanguage":"fr-FR"},{"@type":"Organization","@id":"https:\/\/scandinavischelampen.nl\/fr\/#organization","name":"Scandinavische Lampen","url":"https:\/\/scandinavischelampen.nl\/fr\/","logo":{"@type":"ImageObject","inLanguage":"fr-FR","@id":"https:\/\/scandinavischelampen.nl\/fr\/#\/schema\/logo\/image\/","url":"https:\/\/i0.wp.com\/scandinavischelampen.nl\/wp-content\/uploads\/2023\/07\/cropped-Scandinavische-lampen-logo-oranje-01-scaled.png?fit=4717%2C1570&ssl=1","contentUrl":"https:\/\/i0.wp.com\/scandinavischelampen.nl\/wp-content\/uploads\/2023\/07\/cropped-Scandinavische-lampen-logo-oranje-01-scaled.png?fit=4717%2C1570&ssl=1","width":4717,"height":1570,"caption":"Scandinavische Lampen"},"image":{"@id":"https:\/\/scandinavischelampen.nl\/fr\/#\/schema\/logo\/image\/"},"sameAs":["https:\/\/www.facebook.com\/scandinavischelampen\/","https:\/\/www.instagram.com\/scandinavische_lampen\/"]}]}},"uagb_featured_image_src":{"full":false,"thumbnail":false,"medium":false,"medium_large":false,"large":false,"1536x1536":false,"2048x2048":false,"woocommerce_thumbnail":false,"woocommerce_single":false,"woocommerce_gallery_thumbnail":false,"thaps-thumb-img":false},"uagb_author_info":{"display_name":"administrator","author_link":"https:\/\/scandinavischelampen.nl\/fr\/author\/administrator\/"},"uagb_comment_info":0,"uagb_excerpt":"\u2714 14 jours pour changer d\u2019avis \u2714 Rendements faciles \u2714 Remboursement rapide Vous n\u2019\u00eates pas compl\u00e8tement satisfait de votre achat ? Pas de probl\u00e8me.Vous pouvez facilement retourner ou \u00e9changer votre commande dans les 14 jours suivant la r\u00e9ception . Nous vous simplifions la t\u00e2che. Comment fonctionnent les retours 1. Enregistrez votre d\u00e9claration Envoyez-nous un e-mail\u2026","jetpack_sharing_enabled":true,"_links":{"self":[{"href":"https:\/\/scandinavischelampen.nl\/fr\/wp-json\/wp\/v2\/pages\/22738","targetHints":{"allow":["GET"]}}],"collection":[{"href":"https:\/\/scandinavischelampen.nl\/fr\/wp-json\/wp\/v2\/pages"}],"about":[{"href":"https:\/\/scandinavischelampen.nl\/fr\/wp-json\/wp\/v2\/types\/page"}],"author":[{"embeddable":true,"href":"https:\/\/scandinavischelampen.nl\/fr\/wp-json\/wp\/v2\/users\/1"}],"replies":[{"embeddable":true,"href":"https:\/\/scandinavischelampen.nl\/fr\/wp-json\/wp\/v2\/comments?post=22738"}],"version-history":[{"count":9,"href":"https:\/\/scandinavischelampen.nl\/fr\/wp-json\/wp\/v2\/pages\/22738\/revisions"}],"predecessor-version":[{"id":64443,"href":"https:\/\/scandinavischelampen.nl\/fr\/wp-json\/wp\/v2\/pages\/22738\/revisions\/64443"}],"wp:attachment":[{"href":"https:\/\/scandinavischelampen.nl\/fr\/wp-json\/wp\/v2\/media?parent=22738"}],"curies":[{"name":"wp","href":"https:\/\/api.w.org\/{rel}","templated":true}]}}