{"id":22580,"date":"2023-04-17T13:25:14","date_gmt":"2023-04-17T11:25:14","guid":{"rendered":"https:\/\/v2.scandinavischelampen.nl\/politique-de-confidentialite\/"},"modified":"2026-03-30T16:44:14","modified_gmt":"2026-03-30T14:44:14","slug":"politique-de-confidentialite","status":"publish","type":"page","link":"https:\/\/scandinavischelampen.nl\/fr\/politique-de-confidentialite\/","title":{"rendered":"politique de confidentialit\u00e9"},"content":{"rendered":"\n<p>Scandinavian Lamps accorde une grande importance \u00e0 la protection de vos donn\u00e9es personnelles. Nous traitons vos donn\u00e9es personnelles conform\u00e9ment aux r\u00e9glementations applicables en mati\u00e8re de protection des donn\u00e9es, y compris le r\u00e8glement g\u00e9n\u00e9ral sur la protection des donn\u00e9es. Les donn\u00e9es personnelles sont \u00e9galement soigneusement trait\u00e9es et s\u00e9curis\u00e9es par nous. Nous sommes responsables du traitement des donn\u00e9es. Dans cette d\u00e9claration de confidentialit\u00e9, nous expliquons quelles donn\u00e9es personnelles sont collect\u00e9es et utilis\u00e9es et dans quel but. Nous vous conseillons de le lire attentivement.<\/p>\n\n<p>Cette d\u00e9claration de confidentialit\u00e9 a \u00e9t\u00e9 modifi\u00e9e le 17-04-2024.<\/p>\n\n<h2 class=\"wp-block-heading\">Utilisation des donn\u00e9es personnelles<\/h2>\n\n<p>Lorsque vous visitez notre boutique en ligne, nous obtenons certaines informations de votre part, y compris des donn\u00e9es personnelles. Nous stockons et utilisons uniquement les donn\u00e9es personnelles que vous fournissez dans le cadre du service que vous demandez ou dont il est clair qu&rsquo;elles nous sont fournies pour traitement.<\/p>\n\n<p>Nous utilisons les donn\u00e9es suivantes aux fins \u00e9nonc\u00e9es dans cette d\u00e9claration de confidentialit\u00e9 :<\/p>\n\n<ul class=\"wp-block-list\">\n<li>D\u00e9tails du nom et de l&rsquo;adresse<\/li>\n\n\n\n<li>Num\u00e9ro de t\u00e9l\u00e9phone<\/li>\n\n\n\n<li>Adresse de facturation<\/li>\n\n\n\n<li>Adresse e-mail<\/li>\n\n\n\n<li>D\u00e9tails de paiement<\/li>\n\n\n\n<li>Adresse IP<\/li>\n\n\n\n<li>Historique des commandes<\/li>\n<\/ul>\n\n<h2 class=\"wp-block-heading\">Acc\u00e9der \u00e0 l&rsquo;environnement du compte<\/h2>\n\n<p>Avec notre compte client, vous pouvez acc\u00e9der \u00e0 un environnement de gestion dans lequel vous pouvez d\u00e9finir, sp\u00e9cifier et modifier vous-m\u00eame les donn\u00e9es.<\/p>\n\n<p>Objectifs :<\/p>\n\n<ul class=\"wp-block-list\">\n<li>Ex\u00e9cution des commandes<br\/>Pour pouvoir traiter correctement la commande, nous utilisons vos coordonn\u00e9es de nom et d\u2019adresse.<\/li>\n\n\n\n<li>Gestion des paiements<br\/>Pour pouvoir traiter correctement le paiement d\u2019une commande, nous utilisons vos informations de paiement.<\/li>\n\n\n\n<li>Communication<br\/>Afin de garantir que la communication concernant votre commande et\/ou d\u2019autres questions se d\u00e9roule sans encombre, nous utilisons vos donn\u00e9es personnelles \/ coordonn\u00e9es.<\/li>\n\n\n\n<li>Remplir notre devoir l\u00e9gal<br\/>Afin de respecter notre obligation l\u00e9gale, nous conservons votre historique de commandes, y compris les d\u00e9tails de paiement, dans la p\u00e9riode l\u00e9gale fix\u00e9e.<\/li>\n\n\n\n<li>Marketing (si vous avez consenti \u00e0 cela)<br\/>Nous utilisons vos donn\u00e9es personnelles pour vous proposer des offres personnelles. Ces donn\u00e9es ne seront utilis\u00e9es que si vous en avez donn\u00e9 l&rsquo;autorisation.<\/li>\n\n\n\n<li>Pr\u00e9vention de la fraude<br\/>Dans un souci de pr\u00e9vention de la fraude, nous utilisons votre adresse IP, vos coordonn\u00e9es d\u2019adresse et vos informations de paiement s\u2019il existe un int\u00e9r\u00eat l\u00e9gitime.<\/li>\n<\/ul>\n\n<p>Si n\u00e9cessaire pour le bon traitement de votre commande, nous pouvons \u00e9galement fournir vos donn\u00e9es personnelles \u00e0 des tiers. Vous pouvez en savoir plus \u00e0 ce sujet dans cette d\u00e9claration de confidentialit\u00e9.<\/p>\n\n<h2 class=\"wp-block-heading\">Publicit\u00e9<\/h2>\n\n<p>Apr\u00e8s avoir obtenu votre consentement, nous pouvons vous informer des promotions, offres et campagnes de Scandinavian Lamps sur des sites Web tiers et par e-mail marketing.<\/p>\n\n<h2 class=\"wp-block-heading\">Contact et newsletter<\/h2>\n\n<p>Gr\u00e2ce \u00e0 notre boutique en ligne, vous avez la possibilit\u00e9 de nous poser des questions via diff\u00e9rents canaux (tels que l&rsquo;e-mail, le t\u00e9l\u00e9phone, WhatsApp et les r\u00e9seaux sociaux). Vous choisissez les donn\u00e9es que vous nous fournissez. Les donn\u00e9es que vous nous transmettez seront conserv\u00e9es aussi longtemps que n\u00e9cessaire pour la r\u00e9ponse compl\u00e8te et le traitement de votre question.<\/p>\n\n<p>Nous proposons une newsletter avec laquelle nous souhaitons informer les personnes int\u00e9ress\u00e9es sur nos produits. Chaque newsletter ou e-mail peut contenir des parties personnalis\u00e9es et est fourni avec un lien avec lequel vous pouvez vous d\u00e9sinscrire.<\/p>\n\n<h2 class=\"wp-block-heading\">Publication<\/h2>\n\n<p>Vos donn\u00e9es client ne seront pas publi\u00e9es par nous.<\/p>\n\n<h2 class=\"wp-block-heading\">Mise \u00e0 disposition de tiers<\/h2>\n\n<p>Nous pouvons partager vos informations avec nos partenaires. Ces partenaires interviennent dans la mise en \u0153uvre du contrat et ne peuvent en aucun cas utiliser vos donn\u00e9es \u00e0 d&rsquo;autres fins que celles fix\u00e9es par nous. Le traitement s\u00e9curis\u00e9 de vos donn\u00e9es est garanti par un accord de traitement entre Scandinavian Lamps et ses partenaires.<\/p>\n\n<p>Des boutons de m\u00e9dias sociaux sont inclus dans notre boutique en ligne. Ces boutons ne fournissent qu&rsquo;un lien et ne transmettent aucune donn\u00e9e personnelle \u00e0 des tiers. Avec la possibilit\u00e9 de se connecter via un compte de r\u00e9seau social, l&rsquo;adresse e-mail associ\u00e9e au compte d&rsquo;utilisateur est transmise par la partie du r\u00e9seau social.<\/p>\n\n<h2 class=\"wp-block-heading\">Cookies<\/h2>\n\n<p>Lors de votre premi\u00e8re visite sur notre boutique en ligne, un avis s&rsquo;affiche dans lequel nous expliquons pourquoi nous utilisons des cookies. Les lampes scandinaves utilisent des cookies propri\u00e9taires et tiers. Nous consid\u00e9rons l&rsquo;utilisation ult\u00e9rieure de notre boutique en ligne comme une autorisation pour l&rsquo;utilisation de cookies.<\/p>\n\n<p>Vous \u00eates libre de d\u00e9sactiver les cookies via votre navigateur internet. Cela peut signifier que notre site Web fonctionne moins bien.<\/p>\n\n<p>Nous avons conclu des accords avec des tiers qui placent des cookies sur l&rsquo;utilisation de cookies et d&rsquo;applications. Cependant, nous n&rsquo;avons pas un contr\u00f4le total sur ce que les fournisseurs de ces applications font eux-m\u00eames avec les cookies lorsqu&rsquo;ils les lisent. Pour plus d&rsquo;informations sur ces applications et la mani\u00e8re dont elles g\u00e8rent les cookies, nous vous renvoyons \u00e0 la d\u00e9claration de confidentialit\u00e9 de ces parties.<\/p>\n\n<p class=\"has-black-color has-text-color has-link-color wp-elements-399cbd63e842d3898162944eac387838\">Pour plus d&rsquo;informations sur nos cookies, veuillez consulter notre <a href=\"https:\/\/v2.scandinavischelampen.nl\/cookiesverklaring\/\">d\u00e9claration relative aux cookies.<\/a><\/p>\n\n<h2 class=\"wp-block-heading\">Google Analytics<\/h2>\n\n<p>Nous utilisons Google Analytics pour garder une trace de la fa\u00e7on dont les visiteurs utilisent notre site Web. Scandinavian Lamps a conclu un accord de traitement avec Google pour conclure des accords sur la mani\u00e8re dont nous traitons nos donn\u00e9es. De plus, nous n&rsquo;avons pas autoris\u00e9 Google \u00e0 utiliser les informations obtenues pour d&rsquo;autres services Google. Enfin, nous anonymisons les adresses IP.<\/p>\n\n<h2 class=\"wp-block-heading\">S\u00e9curit\u00e9<\/h2>\n\n<p>Scandinavian Lamps prend des mesures de s\u00e9curit\u00e9 pour limiter l&rsquo;utilisation abusive et l&rsquo;acc\u00e8s non autoris\u00e9 aux donn\u00e9es personnelles.<\/p>\n\n<h2 class=\"wp-block-heading\">D\u00e9lais de conservation<\/h2>\n\n<p>Les donn\u00e9es personnelles d\u00e9crites ci-dessus seront conserv\u00e9es aussi longtemps que n\u00e9cessaire pour traiter votre (vos) commande(s), y compris la garantie, sauf obligation l\u00e9gale n\u00e9cessitant une conservation plus longue (y compris l&rsquo;obligation de conservation fiscale).<\/p>\n\n<h2 class=\"wp-block-heading\">Sites Web tiers<\/h2>\n\n<p>Cette d\u00e9claration de confidentialit\u00e9 ne s&rsquo;applique pas aux sites Web tiers. Nous ne pouvons pas garantir que des tiers traitent vos donn\u00e9es personnelles de mani\u00e8re fiable ou s\u00e9curis\u00e9e. Nous vous recommandons de lire la d\u00e9claration de confidentialit\u00e9 de ces sites Web avant de les utiliser.<\/p>\n\n<h2 class=\"wp-block-heading\">Modifications de cette d\u00e9claration de confidentialit\u00e9<\/h2>\n\n<p>Nous nous r\u00e9servons le droit d&rsquo;apporter des modifications \u00e0 notre d\u00e9claration de confidentialit\u00e9. Nous vous recommandons de consulter r\u00e9guli\u00e8rement cette d\u00e9claration de confidentialit\u00e9 afin d&rsquo;\u00eatre inform\u00e9 de tout changement.<\/p>\n\n<h2 class=\"wp-block-heading\">Afficher et modifier vos donn\u00e9es<\/h2>\n\n<p>Si vous avez des questions sur notre politique de confidentialit\u00e9 ou des questions concernant l&rsquo;acc\u00e8s, la modification ou la suppression de vos donn\u00e9es personnelles, vous pouvez nous contacter en utilisant les coordonn\u00e9es ci-dessous.<\/p>\n\n<p>Vous pouvez \u00e9galement nous soumettre une demande pour consulter, modifier ou supprimer ces donn\u00e9es. Vous pouvez \u00e9galement soumettre une demande pour demander une exportation de donn\u00e9es pour les donn\u00e9es que nous utilisons avec votre permission, ou indiquer avec des raisons que vous souhaitez que nous limitions le traitement des donn\u00e9es personnelles.<\/p>\n\n<p>Pour \u00e9viter toute utilisation abusive, nous pouvons vous demander de vous identifier de mani\u00e8re ad\u00e9quate. S&rsquo;il s&rsquo;agit d&rsquo;un acc\u00e8s \u00e0 des donn\u00e9es personnelles li\u00e9es \u00e0 un cookie, vous devez \u00e9galement envoyer une copie du cookie en question. Vous pouvez le trouver dans les param\u00e8tres de votre navigateur Internet. Si les donn\u00e9es sont incorrectes, vous pouvez nous demander de modifier les donn\u00e9es ou de les faire supprimer.<\/p>\n\n<h2 class=\"wp-block-heading\">Autorit\u00e9 pour les donn\u00e9es personnelles<\/h2>\n\n<p>Scandinavian Lamps est heureux de vous aider si vous avez des r\u00e9clamations concernant le traitement de vos donn\u00e9es personnelles. Conform\u00e9ment \u00e0 la l\u00e9gislation sur la protection de la vie priv\u00e9e, vous avez \u00e9galement le droit de d\u00e9poser une plainte aupr\u00e8s de l&rsquo;autorit\u00e9 n\u00e9erlandaise de protection des donn\u00e9es contre ce traitement de donn\u00e9es personnelles. Vous pouvez contacter l&rsquo;autorit\u00e9 n\u00e9erlandaise de protection des donn\u00e9es \u00e0 cet effet.<\/p>\n\n<h2 class=\"wp-block-heading\">D\u00e9tails du contact<\/h2>\n\n<p class=\"has-black-color has-text-color has-link-color wp-elements-05a09d9ae03ca15ece867898d56d22ec\">Scandinavische Lampen<br\/>Harry Banninklaan 102<br\/>2652NB Berkel en Rodenrijs<br\/>085-0868075<br\/><a href=\"mailto:sales@scandinavischelampen.nl\">sales@scandinavischelampen.nl<\/a><\/p>\n","protected":false},"excerpt":{"rendered":"<p>Scandinavian Lamps accorde une grande importance \u00e0 la protection de vos donn\u00e9es personnelles. Nous traitons vos donn\u00e9es personnelles conform\u00e9ment aux r\u00e9glementations applicables en mati\u00e8re de protection des donn\u00e9es, y compris le r\u00e8glement g\u00e9n\u00e9ral sur la protection des donn\u00e9es. Les donn\u00e9es personnelles sont \u00e9galement soigneusement trait\u00e9es et s\u00e9curis\u00e9es par nous. Nous sommes responsables du traitement des [&hellip;]<\/p>\n","protected":false},"author":1,"featured_media":0,"parent":0,"menu_order":0,"comment_status":"closed","ping_status":"closed","template":"","meta":{"_uag_custom_page_level_css":"","site-sidebar-layout":"default","site-content-layout":"","ast-site-content-layout":"default","site-content-style":"default","site-sidebar-style":"default","ast-global-header-display":"","ast-banner-title-visibility":"","ast-main-header-display":"","ast-hfb-above-header-display":"","ast-hfb-below-header-display":"","ast-hfb-mobile-header-display":"","site-post-title":"","ast-breadcrumbs-content":"","ast-featured-img":"","footer-sml-layout":"","ast-disable-related-posts":"","theme-transparent-header-meta":"","adv-header-id-meta":"","stick-header-meta":"","header-above-stick-meta":"","header-main-stick-meta":"","header-below-stick-meta":"","astra-migrate-meta-layouts":"default","ast-page-background-enabled":"default","ast-page-background-meta":{"desktop":{"background-color":"var(--ast-global-color-4)","background-image":"","background-repeat":"repeat","background-position":"center center","background-size":"auto","background-attachment":"scroll","background-type":"","background-media":"","overlay-type":"","overlay-color":"","overlay-opacity":"","overlay-gradient":""},"tablet":{"background-color":"","background-image":"","background-repeat":"repeat","background-position":"center center","background-size":"auto","background-attachment":"scroll","background-type":"","background-media":"","overlay-type":"","overlay-color":"","overlay-opacity":"","overlay-gradient":""},"mobile":{"background-color":"","background-image":"","background-repeat":"repeat","background-position":"center center","background-size":"auto","background-attachment":"scroll","background-type":"","background-media":"","overlay-type":"","overlay-color":"","overlay-opacity":"","overlay-gradient":""}},"ast-content-background-meta":{"desktop":{"background-color":"var(--ast-global-color-5)","background-image":"","background-repeat":"repeat","background-position":"center center","background-size":"auto","background-attachment":"scroll","background-type":"","background-media":"","overlay-type":"","overlay-color":"","overlay-opacity":"","overlay-gradient":""},"tablet":{"background-color":"var(--ast-global-color-5)","background-image":"","background-repeat":"repeat","background-position":"center center","background-size":"auto","background-attachment":"scroll","background-type":"","background-media":"","overlay-type":"","overlay-color":"","overlay-opacity":"","overlay-gradient":""},"mobile":{"background-color":"var(--ast-global-color-5)","background-image":"","background-repeat":"repeat","background-position":"center center","background-size":"auto","background-attachment":"scroll","background-type":"","background-media":"","overlay-type":"","overlay-color":"","overlay-opacity":"","overlay-gradient":""}},"footnotes":""},"class_list":["post-22580","page","type-page","status-publish","hentry"],"yoast_head":"<!-- This site is optimized with the Yoast SEO plugin v27.5 - https:\/\/yoast.com\/product\/yoast-seo-wordpress\/ -->\n<title>politique de confidentialit\u00e9 - Lampes scandinaves<\/title>\n<meta name=\"description\" content=\"Vous trouverez ici la politique de confidentialit\u00e9 de Scandinavian Lamps. Scandinavian Lamps accorde une grande importance \u00e0 la protection de vos donn\u00e9es personnelles.\" \/>\n<meta name=\"robots\" content=\"index, follow, max-snippet:-1, max-image-preview:large, max-video-preview:-1\" \/>\n<link rel=\"canonical\" href=\"https:\/\/scandinavischelampen.nl\/fr\/politique-de-confidentialite\/\" \/>\n<meta property=\"og:locale\" content=\"fr_FR\" \/>\n<meta property=\"og:type\" content=\"article\" \/>\n<meta property=\"og:title\" content=\"politique de confidentialit\u00e9 - Lampes scandinaves\" \/>\n<meta property=\"og:description\" content=\"Vous trouverez ici la politique de confidentialit\u00e9 de Scandinavian Lamps. Scandinavian Lamps accorde une grande importance \u00e0 la protection de vos donn\u00e9es personnelles.\" \/>\n<meta property=\"og:url\" content=\"https:\/\/scandinavischelampen.nl\/fr\/politique-de-confidentialite\/\" \/>\n<meta property=\"og:site_name\" content=\"Lampes Scandinaves\" \/>\n<meta property=\"article:publisher\" content=\"https:\/\/www.facebook.com\/scandinavischelampen\/\" \/>\n<meta property=\"article:modified_time\" content=\"2026-03-30T14:44:14+00:00\" \/>\n<meta name=\"twitter:card\" content=\"summary_large_image\" \/>\n<meta name=\"twitter:label1\" content=\"Dur\u00e9e de lecture estim\u00e9e\" \/>\n\t<meta name=\"twitter:data1\" content=\"7 minutes\" \/>\n<script type=\"application\/ld+json\" class=\"yoast-schema-graph\">{\"@context\":\"https:\\\/\\\/schema.org\",\"@graph\":[{\"@type\":\"WebPage\",\"@id\":\"https:\\\/\\\/scandinavischelampen.nl\\\/fr\\\/politique-de-confidentialite\\\/\",\"url\":\"https:\\\/\\\/scandinavischelampen.nl\\\/fr\\\/politique-de-confidentialite\\\/\",\"name\":\"politique de confidentialit\u00e9 - Lampes scandinaves\",\"isPartOf\":{\"@id\":\"https:\\\/\\\/scandinavischelampen.nl\\\/fr\\\/#website\"},\"datePublished\":\"2023-04-17T11:25:14+00:00\",\"dateModified\":\"2026-03-30T14:44:14+00:00\",\"description\":\"Vous trouverez ici la politique de confidentialit\u00e9 de Scandinavian Lamps. Scandinavian Lamps accorde une grande importance \u00e0 la protection de vos donn\u00e9es personnelles.\",\"breadcrumb\":{\"@id\":\"https:\\\/\\\/scandinavischelampen.nl\\\/fr\\\/politique-de-confidentialite\\\/#breadcrumb\"},\"inLanguage\":\"fr-FR\",\"potentialAction\":[{\"@type\":\"ReadAction\",\"target\":[\"https:\\\/\\\/scandinavischelampen.nl\\\/fr\\\/politique-de-confidentialite\\\/\"]}]},{\"@type\":\"BreadcrumbList\",\"@id\":\"https:\\\/\\\/scandinavischelampen.nl\\\/fr\\\/politique-de-confidentialite\\\/#breadcrumb\",\"itemListElement\":[{\"@type\":\"ListItem\",\"position\":1,\"name\":\"Home\",\"item\":\"https:\\\/\\\/scandinavischelampen.nl\\\/fr\\\/\"},{\"@type\":\"ListItem\",\"position\":2,\"name\":\"politique de confidentialit\u00e9\"}]},{\"@type\":\"WebSite\",\"@id\":\"https:\\\/\\\/scandinavischelampen.nl\\\/fr\\\/#website\",\"url\":\"https:\\\/\\\/scandinavischelampen.nl\\\/fr\\\/\",\"name\":\"Scandinavische Lampen\",\"description\":\"Luminaire design vintage\",\"publisher\":{\"@id\":\"https:\\\/\\\/scandinavischelampen.nl\\\/fr\\\/#organization\"},\"potentialAction\":[{\"@type\":\"SearchAction\",\"target\":{\"@type\":\"EntryPoint\",\"urlTemplate\":\"https:\\\/\\\/scandinavischelampen.nl\\\/fr\\\/?s={search_term_string}\"},\"query-input\":{\"@type\":\"PropertyValueSpecification\",\"valueRequired\":true,\"valueName\":\"search_term_string\"}}],\"inLanguage\":\"fr-FR\"},{\"@type\":\"Organization\",\"@id\":\"https:\\\/\\\/scandinavischelampen.nl\\\/fr\\\/#organization\",\"name\":\"Scandinavische Lampen\",\"url\":\"https:\\\/\\\/scandinavischelampen.nl\\\/fr\\\/\",\"logo\":{\"@type\":\"ImageObject\",\"inLanguage\":\"fr-FR\",\"@id\":\"https:\\\/\\\/scandinavischelampen.nl\\\/fr\\\/#\\\/schema\\\/logo\\\/image\\\/\",\"url\":\"https:\\\/\\\/i0.wp.com\\\/scandinavischelampen.nl\\\/wp-content\\\/uploads\\\/2023\\\/07\\\/cropped-Scandinavische-lampen-logo-oranje-01-scaled.png?fit=4717%2C1570&ssl=1\",\"contentUrl\":\"https:\\\/\\\/i0.wp.com\\\/scandinavischelampen.nl\\\/wp-content\\\/uploads\\\/2023\\\/07\\\/cropped-Scandinavische-lampen-logo-oranje-01-scaled.png?fit=4717%2C1570&ssl=1\",\"width\":4717,\"height\":1570,\"caption\":\"Scandinavische Lampen\"},\"image\":{\"@id\":\"https:\\\/\\\/scandinavischelampen.nl\\\/fr\\\/#\\\/schema\\\/logo\\\/image\\\/\"},\"sameAs\":[\"https:\\\/\\\/www.facebook.com\\\/scandinavischelampen\\\/\",\"https:\\\/\\\/www.instagram.com\\\/scandinavische_lampen\\\/\"]}]}<\/script>\n<!-- \/ Yoast SEO plugin. -->","yoast_head_json":{"title":"politique de confidentialit\u00e9 - Lampes scandinaves","description":"Vous trouverez ici la politique de confidentialit\u00e9 de Scandinavian Lamps. Scandinavian Lamps accorde une grande importance \u00e0 la protection de vos donn\u00e9es personnelles.","robots":{"index":"index","follow":"follow","max-snippet":"max-snippet:-1","max-image-preview":"max-image-preview:large","max-video-preview":"max-video-preview:-1"},"canonical":"https:\/\/scandinavischelampen.nl\/fr\/politique-de-confidentialite\/","og_locale":"fr_FR","og_type":"article","og_title":"politique de confidentialit\u00e9 - Lampes scandinaves","og_description":"Vous trouverez ici la politique de confidentialit\u00e9 de Scandinavian Lamps. Scandinavian Lamps accorde une grande importance \u00e0 la protection de vos donn\u00e9es personnelles.","og_url":"https:\/\/scandinavischelampen.nl\/fr\/politique-de-confidentialite\/","og_site_name":"Lampes Scandinaves","article_publisher":"https:\/\/www.facebook.com\/scandinavischelampen\/","article_modified_time":"2026-03-30T14:44:14+00:00","twitter_card":"summary_large_image","twitter_misc":{"Dur\u00e9e de lecture estim\u00e9e":"7 minutes"},"schema":{"@context":"https:\/\/schema.org","@graph":[{"@type":"WebPage","@id":"https:\/\/scandinavischelampen.nl\/fr\/politique-de-confidentialite\/","url":"https:\/\/scandinavischelampen.nl\/fr\/politique-de-confidentialite\/","name":"politique de confidentialit\u00e9 - Lampes scandinaves","isPartOf":{"@id":"https:\/\/scandinavischelampen.nl\/fr\/#website"},"datePublished":"2023-04-17T11:25:14+00:00","dateModified":"2026-03-30T14:44:14+00:00","description":"Vous trouverez ici la politique de confidentialit\u00e9 de Scandinavian Lamps. Scandinavian Lamps accorde une grande importance \u00e0 la protection de vos donn\u00e9es personnelles.","breadcrumb":{"@id":"https:\/\/scandinavischelampen.nl\/fr\/politique-de-confidentialite\/#breadcrumb"},"inLanguage":"fr-FR","potentialAction":[{"@type":"ReadAction","target":["https:\/\/scandinavischelampen.nl\/fr\/politique-de-confidentialite\/"]}]},{"@type":"BreadcrumbList","@id":"https:\/\/scandinavischelampen.nl\/fr\/politique-de-confidentialite\/#breadcrumb","itemListElement":[{"@type":"ListItem","position":1,"name":"Home","item":"https:\/\/scandinavischelampen.nl\/fr\/"},{"@type":"ListItem","position":2,"name":"politique de confidentialit\u00e9"}]},{"@type":"WebSite","@id":"https:\/\/scandinavischelampen.nl\/fr\/#website","url":"https:\/\/scandinavischelampen.nl\/fr\/","name":"Scandinavische Lampen","description":"Luminaire design vintage","publisher":{"@id":"https:\/\/scandinavischelampen.nl\/fr\/#organization"},"potentialAction":[{"@type":"SearchAction","target":{"@type":"EntryPoint","urlTemplate":"https:\/\/scandinavischelampen.nl\/fr\/?s={search_term_string}"},"query-input":{"@type":"PropertyValueSpecification","valueRequired":true,"valueName":"search_term_string"}}],"inLanguage":"fr-FR"},{"@type":"Organization","@id":"https:\/\/scandinavischelampen.nl\/fr\/#organization","name":"Scandinavische Lampen","url":"https:\/\/scandinavischelampen.nl\/fr\/","logo":{"@type":"ImageObject","inLanguage":"fr-FR","@id":"https:\/\/scandinavischelampen.nl\/fr\/#\/schema\/logo\/image\/","url":"https:\/\/i0.wp.com\/scandinavischelampen.nl\/wp-content\/uploads\/2023\/07\/cropped-Scandinavische-lampen-logo-oranje-01-scaled.png?fit=4717%2C1570&ssl=1","contentUrl":"https:\/\/i0.wp.com\/scandinavischelampen.nl\/wp-content\/uploads\/2023\/07\/cropped-Scandinavische-lampen-logo-oranje-01-scaled.png?fit=4717%2C1570&ssl=1","width":4717,"height":1570,"caption":"Scandinavische Lampen"},"image":{"@id":"https:\/\/scandinavischelampen.nl\/fr\/#\/schema\/logo\/image\/"},"sameAs":["https:\/\/www.facebook.com\/scandinavischelampen\/","https:\/\/www.instagram.com\/scandinavische_lampen\/"]}]}},"uagb_featured_image_src":{"full":false,"thumbnail":false,"medium":false,"medium_large":false,"large":false,"1536x1536":false,"2048x2048":false,"woocommerce_thumbnail":false,"woocommerce_single":false,"woocommerce_gallery_thumbnail":false,"thaps-thumb-img":false},"uagb_author_info":{"display_name":"administrator","author_link":"https:\/\/scandinavischelampen.nl\/fr\/author\/administrator\/"},"uagb_comment_info":0,"uagb_excerpt":"Scandinavian Lamps accorde une grande importance \u00e0 la protection de vos donn\u00e9es personnelles. Nous traitons vos donn\u00e9es personnelles conform\u00e9ment aux r\u00e9glementations applicables en mati\u00e8re de protection des donn\u00e9es, y compris le r\u00e8glement g\u00e9n\u00e9ral sur la protection des donn\u00e9es. Les donn\u00e9es personnelles sont \u00e9galement soigneusement trait\u00e9es et s\u00e9curis\u00e9es par nous. Nous sommes responsables du traitement des\u2026","jetpack_sharing_enabled":true,"_links":{"self":[{"href":"https:\/\/scandinavischelampen.nl\/fr\/wp-json\/wp\/v2\/pages\/22580","targetHints":{"allow":["GET"]}}],"collection":[{"href":"https:\/\/scandinavischelampen.nl\/fr\/wp-json\/wp\/v2\/pages"}],"about":[{"href":"https:\/\/scandinavischelampen.nl\/fr\/wp-json\/wp\/v2\/types\/page"}],"author":[{"embeddable":true,"href":"https:\/\/scandinavischelampen.nl\/fr\/wp-json\/wp\/v2\/users\/1"}],"replies":[{"embeddable":true,"href":"https:\/\/scandinavischelampen.nl\/fr\/wp-json\/wp\/v2\/comments?post=22580"}],"version-history":[{"count":3,"href":"https:\/\/scandinavischelampen.nl\/fr\/wp-json\/wp\/v2\/pages\/22580\/revisions"}],"predecessor-version":[{"id":62751,"href":"https:\/\/scandinavischelampen.nl\/fr\/wp-json\/wp\/v2\/pages\/22580\/revisions\/62751"}],"wp:attachment":[{"href":"https:\/\/scandinavischelampen.nl\/fr\/wp-json\/wp\/v2\/media?parent=22580"}],"curies":[{"name":"wp","href":"https:\/\/api.w.org\/{rel}","templated":true}]}}