{"id":63075,"date":"2026-03-19T12:44:44","date_gmt":"2026-03-19T11:44:44","guid":{"rendered":"https:\/\/scandinavischelampen.nl\/?post_type=product&#038;p=63075"},"modified":"2026-03-19T12:48:59","modified_gmt":"2026-03-19T11:48:59","slug":"design-light-pendelleuchte-in-taupe-und-bronze-kopie","status":"publish","type":"product","link":"https:\/\/scandinavischelampen.nl\/de\/produkt\/design-light-pendelleuchte-in-taupe-und-bronze-kopie\/","title":{"rendered":"Design Light Pendelleuchte in Taupe und Bronze (kopie)"},"content":{"rendered":"<h1>Design Light Pendelleuchte in Taupe und Bronze<\/h1>\n<p>Suchen Sie die perfekte Beleuchtung f\u00fcr Ihren Esstisch? Suchen Sie nicht weiter, denn diese einzigartige Pendelleuchte ist genau das Richtige f\u00fcr Sie! Die stilvolle Leuchte, die urspr\u00fcnglich Ende der 1990er-Jahre von der renommierten d\u00e4nischen Marke Design Light auf den Markt gebracht wurde, erstrahlt nun in einem wundersch\u00f6nen, warmen Taupe-Bronze-Ton mit neuer Pulverbeschichtung. Dadurch wirkt sie modern und elegant und f\u00fcgt sich perfekt in zeitgen\u00f6ssische Einrichtungen ein.  <\/p>\n<p>Die Lampe beh\u00e4lt ihr urspr\u00fcngliches Design, aber die aktualisierte Oberfl\u00e4che verleiht ihr einen zus\u00e4tzlichen Hauch von Eleganz. Der clevere Schichtaufbau sorgt dennoch f\u00fcr eine spielerische und warme Lichtverteilung, sowohl nach unten als auch zu den Seiten. Es ist nicht nur eine Lichtquelle, sondern auch eine k\u00fcnstlerische Erg\u00e4nzung f\u00fcr Ihren Wohnraum.  <\/p>\n<p>Warten Sie nicht zu lange, denn von dieser neu pulverbeschichteten Lampe ist nur ein Exemplar verf\u00fcgbar. Bringen Sie zeitlosen d\u00e4nischen Stil in Ihr Zuhause und machen Sie Ihre Beleuchtung zu einem auff\u00e4lligen Stil-Statement. Bestellen Sie jetzt und verleihen Sie Ihrem Interieur den eindrucksvollen letzten Schliff!  <\/p>\n<h2><span style=\"color: #3366ff;\">Zustand<\/span><\/h2>\n<p>Die Lampe wurde Ende des letzten Jahrhunderts hergestellt und befindet sich in einem guten Zustand, mit leichten Gebrauchsspuren. Dank der neuen Pulverbeschichtung ist die Farbe in perfektem Zustand. Auch die Elektrik wurde komplett erneuert.<\/p>\n<h2><span style=\"color: #3366ff;\">Technische Daten Design Leuchten Pendellampe Taupe Bronze<\/span><\/h2>\n<ul>\n<li>H\u00f6he: 17 cm<\/li>\n<li>Durchmesser: 47 cm<\/li>\n<li>Gesamth\u00f6he mit Kordel 220 cm (w\u00e4hrend der Installation verstellbar)<\/li>\n<li>Material: Stahl<\/li>\n<li>Farbe Kabel: wei\u00df<\/li>\n<li>Maximale Wattzahl: 60 W<\/li>\n<li>Fassung: E27<\/li>\n<li>F\u00fcr LED-Lampen geeignet<\/li>\n<li>Gewicht: 1,4 kg<\/li>\n<\/ul>\n<h2><span style=\"color: #3366ff;\">\u00dcber Design-Light<\/span><\/h2>\n<p>Das d\u00e4nische Beleuchtungsunternehmen Design Light mit Sitz in Randers startete in den 1980er Jahren mit zwei Hauptserien. Minimalistische, UFO-\u00e4hnliche H\u00e4nge- und Wandleuchten aus innovativen Materialkombinationen wie Plexiglas und Metallgeflecht. Die andere Linie besteht aus hochwertigen mehrschichtigen Pendelleuchten im klassischen d\u00e4nischen modernen Stil. <span style=\"color: #ff6600;\"><strong><a style=\"color: #ff6600;\" href=\"https:\/\/scandinavischelampen.nl\/product-categorie\/merken\/design-light\/\">Sehen Sie sich hier unsere komplette Kollektion an Design-Light-H\u00e4ngelampen an<\/a><\/strong><\/span><\/p>\n","protected":false},"excerpt":{"rendered":"<ul>\n<li><strong><span style=\"color: #ff6600;\">Kostenloser Versand in Europa<\/span> ab \u20ac350<\/strong><\/li>\n<li><strong>Bestellt vor <span style=\"color: #ff6600;\">16:00 Uhr<\/span>? Normalerweise am selben Tag versandt<\/strong><\/li>\n<li><strong><span style=\"color: #ff6600;\">14 Tage<\/span> Bedenkzeit<\/strong><\/li>\n<li><strong>Geeignet f\u00fcr <span style=\"color: #ff6600;\">LED<\/span><\/strong><\/li>\n<\/ul>\n<ul>\n<li><strong>H\u00f6he: 17 cm<\/strong><\/li>\n<li><strong>Durchmesser: 32 cm<\/strong><\/li>\n<\/ul>\n","protected":false},"featured_media":63101,"template":"","meta":{"_uag_custom_page_level_css":"","site-sidebar-layout":"default","site-content-layout":"default","ast-site-content-layout":"default","site-content-style":"default","site-sidebar-style":"default","ast-global-header-display":"","ast-banner-title-visibility":"","ast-main-header-display":"","ast-hfb-above-header-display":"","ast-hfb-below-header-display":"","ast-hfb-mobile-header-display":"","site-post-title":"","ast-breadcrumbs-content":"","ast-featured-img":"","footer-sml-layout":"","ast-disable-related-posts":"","theme-transparent-header-meta":"default","adv-header-id-meta":"","stick-header-meta":"","header-above-stick-meta":"","header-main-stick-meta":"","header-below-stick-meta":"","astra-migrate-meta-layouts":"set","ast-page-background-enabled":"default","ast-page-background-meta":{"desktop":{"background-color":"var(--ast-global-color-4)","background-image":"","background-repeat":"repeat","background-position":"center center","background-size":"auto","background-attachment":"scroll","background-type":"","background-media":"","overlay-type":"","overlay-color":"","overlay-opacity":"","overlay-gradient":""},"tablet":{"background-color":"","background-image":"","background-repeat":"repeat","background-position":"center center","background-size":"auto","background-attachment":"scroll","background-type":"","background-media":"","overlay-type":"","overlay-color":"","overlay-opacity":"","overlay-gradient":""},"mobile":{"background-color":"","background-image":"","background-repeat":"repeat","background-position":"center center","background-size":"auto","background-attachment":"scroll","background-type":"","background-media":"","overlay-type":"","overlay-color":"","overlay-opacity":"","overlay-gradient":""}},"ast-content-background-meta":{"desktop":{"background-color":"var(--ast-global-color-5)","background-image":"","background-repeat":"repeat","background-position":"center center","background-size":"auto","background-attachment":"scroll","background-type":"","background-media":"","overlay-type":"","overlay-color":"","overlay-opacity":"","overlay-gradient":""},"tablet":{"background-color":"var(--ast-global-color-5)","background-image":"","background-repeat":"repeat","background-position":"center center","background-size":"auto","background-attachment":"scroll","background-type":"","background-media":"","overlay-type":"","overlay-color":"","overlay-opacity":"","overlay-gradient":""},"mobile":{"background-color":"var(--ast-global-color-5)","background-image":"","background-repeat":"repeat","background-position":"center center","background-size":"auto","background-attachment":"scroll","background-type":"","background-media":"","overlay-type":"","overlay-color":"","overlay-opacity":"","overlay-gradient":""}}},"product_brand":[],"product_cat":[281,260,255,246,243,247,245,248,605,249],"product_tag":[1013,592],"class_list":{"0":"post-63075","1":"product","2":"type-product","3":"status-publish","4":"has-post-thumbnail","6":"product_cat-buro-de","7":"product_cat-design-light-de","8":"product_cat-farbkollektion","9":"product_cat-halle","10":"product_cat-skandinavische-pendelleuchten","11":"product_cat-kuche","12":"product_cat-pendelleuchte-esstisch","13":"product_cat-schlafzimmer","14":"product_cat-sehen-sie-sich-unsere-komplette-kollektion-an","15":"product_cat-wohnzimmer","16":"product_tag-bronze","17":"product_tag-taupe-de","18":"desktop-align-center","19":"tablet-align-left","20":"mobile-align-left","22":"first","23":"instock","24":"taxable","25":"shipping-taxable","26":"purchasable","27":"product-type-simple"},"yoast_head":"<!-- This site is optimized with the Yoast SEO plugin v27.4 - https:\/\/yoast.com\/product\/yoast-seo-wordpress\/ -->\n<title>Design Light Pendelleuchte in Taupe und Bronze (kopie)<\/title>\n<meta name=\"description\" content=\"Diese d\u00e4nische Designleuchte in Taupe und Bronze, die Ende der 1990er-Jahre gefertigt wurde, vereint Stil und Nachhaltigkeit. Bestellen Sie Ihr Exemplar hier.\" \/>\n<meta name=\"robots\" content=\"index, follow, max-snippet:-1, max-image-preview:large, max-video-preview:-1\" \/>\n<link rel=\"canonical\" href=\"https:\/\/scandinavischelampen.nl\/de\/produkt\/design-light-pendelleuchte-in-taupe-und-bronze-kopie\/\" \/>\n<meta property=\"og:locale\" content=\"de_DE\" \/>\n<meta property=\"og:type\" content=\"article\" \/>\n<meta property=\"og:title\" content=\"Design Light Pendelleuchte in Taupe und Bronze (kopie)\" \/>\n<meta property=\"og:description\" content=\"Diese d\u00e4nische Designleuchte in Taupe und Bronze, die Ende der 1990er-Jahre gefertigt wurde, vereint Stil und Nachhaltigkeit. Bestellen Sie Ihr Exemplar hier.\" \/>\n<meta property=\"og:url\" content=\"https:\/\/scandinavischelampen.nl\/de\/produkt\/design-light-pendelleuchte-in-taupe-und-bronze-kopie\/\" \/>\n<meta property=\"og:site_name\" content=\"Skandinavische Lampen\" \/>\n<meta property=\"article:publisher\" content=\"https:\/\/www.facebook.com\/scandinavischelampen\/\" \/>\n<meta property=\"article:modified_time\" content=\"2026-03-19T11:48:59+00:00\" \/>\n<meta property=\"og:image\" content=\"https:\/\/i0.wp.com\/scandinavischelampen.nl\/wp-content\/uploads\/2026\/03\/IMG_2012-kopie-scaled.jpg?fit=1920%2C2560&ssl=1\" \/>\n\t<meta property=\"og:image:width\" content=\"1920\" \/>\n\t<meta property=\"og:image:height\" content=\"2560\" \/>\n\t<meta property=\"og:image:type\" content=\"image\/jpeg\" \/>\n<meta name=\"twitter:card\" content=\"summary_large_image\" \/>\n<meta name=\"twitter:label1\" content=\"Gesch\u00e4tzte Lesezeit\" \/>\n\t<meta name=\"twitter:data1\" content=\"3\u00a0Minuten\" \/>\n<script type=\"application\/ld+json\" class=\"yoast-schema-graph\">{\"@context\":\"https:\\\/\\\/schema.org\",\"@graph\":[{\"@type\":\"WebPage\",\"@id\":\"https:\\\/\\\/scandinavischelampen.nl\\\/de\\\/produkt\\\/design-light-pendelleuchte-in-taupe-und-bronze-kopie\\\/\",\"url\":\"https:\\\/\\\/scandinavischelampen.nl\\\/de\\\/produkt\\\/design-light-pendelleuchte-in-taupe-und-bronze-kopie\\\/\",\"name\":\"Design Light Pendelleuchte in Taupe und Bronze (kopie)\",\"isPartOf\":{\"@id\":\"https:\\\/\\\/scandinavischelampen.nl\\\/de\\\/#website\"},\"primaryImageOfPage\":{\"@id\":\"https:\\\/\\\/scandinavischelampen.nl\\\/de\\\/produkt\\\/design-light-pendelleuchte-in-taupe-und-bronze-kopie\\\/#primaryimage\"},\"image\":{\"@id\":\"https:\\\/\\\/scandinavischelampen.nl\\\/de\\\/produkt\\\/design-light-pendelleuchte-in-taupe-und-bronze-kopie\\\/#primaryimage\"},\"thumbnailUrl\":\"https:\\\/\\\/i0.wp.com\\\/scandinavischelampen.nl\\\/wp-content\\\/uploads\\\/2026\\\/03\\\/IMG_2012-kopie-scaled.jpg?fit=1920%2C2560&ssl=1\",\"datePublished\":\"2026-03-19T11:44:44+00:00\",\"dateModified\":\"2026-03-19T11:48:59+00:00\",\"description\":\"Diese d\u00e4nische Designleuchte in Taupe und Bronze, die Ende der 1990er-Jahre gefertigt wurde, vereint Stil und Nachhaltigkeit. Bestellen Sie Ihr Exemplar hier.\",\"breadcrumb\":{\"@id\":\"https:\\\/\\\/scandinavischelampen.nl\\\/de\\\/produkt\\\/design-light-pendelleuchte-in-taupe-und-bronze-kopie\\\/#breadcrumb\"},\"inLanguage\":\"de\",\"potentialAction\":[{\"@type\":\"ReadAction\",\"target\":[\"https:\\\/\\\/scandinavischelampen.nl\\\/de\\\/produkt\\\/design-light-pendelleuchte-in-taupe-und-bronze-kopie\\\/\"]}]},{\"@type\":\"ImageObject\",\"inLanguage\":\"de\",\"@id\":\"https:\\\/\\\/scandinavischelampen.nl\\\/de\\\/produkt\\\/design-light-pendelleuchte-in-taupe-und-bronze-kopie\\\/#primaryimage\",\"url\":\"https:\\\/\\\/i0.wp.com\\\/scandinavischelampen.nl\\\/wp-content\\\/uploads\\\/2026\\\/03\\\/IMG_2012-kopie-scaled.jpg?fit=1920%2C2560&ssl=1\",\"contentUrl\":\"https:\\\/\\\/i0.wp.com\\\/scandinavischelampen.nl\\\/wp-content\\\/uploads\\\/2026\\\/03\\\/IMG_2012-kopie-scaled.jpg?fit=1920%2C2560&ssl=1\",\"width\":1920,\"height\":2560,\"caption\":\"Design Light hanglamp Taupe en Brons\"},{\"@type\":\"BreadcrumbList\",\"@id\":\"https:\\\/\\\/scandinavischelampen.nl\\\/de\\\/produkt\\\/design-light-pendelleuchte-in-taupe-und-bronze-kopie\\\/#breadcrumb\",\"itemListElement\":[{\"@type\":\"ListItem\",\"position\":1,\"name\":\"Home\",\"item\":\"https:\\\/\\\/scandinavischelampen.nl\\\/de\\\/\"},{\"@type\":\"ListItem\",\"position\":2,\"name\":\"Gesch\u00e4ft\",\"item\":\"https:\\\/\\\/scandinavischelampen.nl\\\/de\\\/laden\\\/\"},{\"@type\":\"ListItem\",\"position\":3,\"name\":\"Design Light Pendelleuchte in Taupe und Bronze (kopie)\"}]},{\"@type\":\"WebSite\",\"@id\":\"https:\\\/\\\/scandinavischelampen.nl\\\/de\\\/#website\",\"url\":\"https:\\\/\\\/scandinavischelampen.nl\\\/de\\\/\",\"name\":\"Scandinavische Lampen\",\"description\":\"Vintage-Designbeleuchtung\",\"publisher\":{\"@id\":\"https:\\\/\\\/scandinavischelampen.nl\\\/de\\\/#organization\"},\"potentialAction\":[{\"@type\":\"SearchAction\",\"target\":{\"@type\":\"EntryPoint\",\"urlTemplate\":\"https:\\\/\\\/scandinavischelampen.nl\\\/de\\\/?s={search_term_string}\"},\"query-input\":{\"@type\":\"PropertyValueSpecification\",\"valueRequired\":true,\"valueName\":\"search_term_string\"}}],\"inLanguage\":\"de\"},{\"@type\":\"Organization\",\"@id\":\"https:\\\/\\\/scandinavischelampen.nl\\\/de\\\/#organization\",\"name\":\"Scandinavische Lampen\",\"url\":\"https:\\\/\\\/scandinavischelampen.nl\\\/de\\\/\",\"logo\":{\"@type\":\"ImageObject\",\"inLanguage\":\"de\",\"@id\":\"https:\\\/\\\/scandinavischelampen.nl\\\/de\\\/#\\\/schema\\\/logo\\\/image\\\/\",\"url\":\"https:\\\/\\\/i0.wp.com\\\/scandinavischelampen.nl\\\/wp-content\\\/uploads\\\/2023\\\/07\\\/cropped-Scandinavische-lampen-logo-oranje-01-scaled.png?fit=4717%2C1570&ssl=1\",\"contentUrl\":\"https:\\\/\\\/i0.wp.com\\\/scandinavischelampen.nl\\\/wp-content\\\/uploads\\\/2023\\\/07\\\/cropped-Scandinavische-lampen-logo-oranje-01-scaled.png?fit=4717%2C1570&ssl=1\",\"width\":4717,\"height\":1570,\"caption\":\"Scandinavische Lampen\"},\"image\":{\"@id\":\"https:\\\/\\\/scandinavischelampen.nl\\\/de\\\/#\\\/schema\\\/logo\\\/image\\\/\"},\"sameAs\":[\"https:\\\/\\\/www.facebook.com\\\/scandinavischelampen\\\/\",\"https:\\\/\\\/www.instagram.com\\\/scandinavische_lampen\\\/\"]}]}<\/script>\n<!-- \/ Yoast SEO plugin. -->","yoast_head_json":{"title":"Design Light Pendelleuchte in Taupe und Bronze (kopie)","description":"Diese d\u00e4nische Designleuchte in Taupe und Bronze, die Ende der 1990er-Jahre gefertigt wurde, vereint Stil und Nachhaltigkeit. Bestellen Sie Ihr Exemplar hier.","robots":{"index":"index","follow":"follow","max-snippet":"max-snippet:-1","max-image-preview":"max-image-preview:large","max-video-preview":"max-video-preview:-1"},"canonical":"https:\/\/scandinavischelampen.nl\/de\/produkt\/design-light-pendelleuchte-in-taupe-und-bronze-kopie\/","og_locale":"de_DE","og_type":"article","og_title":"Design Light Pendelleuchte in Taupe und Bronze (kopie)","og_description":"Diese d\u00e4nische Designleuchte in Taupe und Bronze, die Ende der 1990er-Jahre gefertigt wurde, vereint Stil und Nachhaltigkeit. Bestellen Sie Ihr Exemplar hier.","og_url":"https:\/\/scandinavischelampen.nl\/de\/produkt\/design-light-pendelleuchte-in-taupe-und-bronze-kopie\/","og_site_name":"Skandinavische Lampen","article_publisher":"https:\/\/www.facebook.com\/scandinavischelampen\/","article_modified_time":"2026-03-19T11:48:59+00:00","og_image":[{"width":1920,"height":2560,"url":"https:\/\/i0.wp.com\/scandinavischelampen.nl\/wp-content\/uploads\/2026\/03\/IMG_2012-kopie-scaled.jpg?fit=1920%2C2560&ssl=1","type":"image\/jpeg"}],"twitter_card":"summary_large_image","twitter_misc":{"Gesch\u00e4tzte Lesezeit":"3\u00a0Minuten"},"schema":{"@context":"https:\/\/schema.org","@graph":[{"@type":"WebPage","@id":"https:\/\/scandinavischelampen.nl\/de\/produkt\/design-light-pendelleuchte-in-taupe-und-bronze-kopie\/","url":"https:\/\/scandinavischelampen.nl\/de\/produkt\/design-light-pendelleuchte-in-taupe-und-bronze-kopie\/","name":"Design Light Pendelleuchte in Taupe und Bronze (kopie)","isPartOf":{"@id":"https:\/\/scandinavischelampen.nl\/de\/#website"},"primaryImageOfPage":{"@id":"https:\/\/scandinavischelampen.nl\/de\/produkt\/design-light-pendelleuchte-in-taupe-und-bronze-kopie\/#primaryimage"},"image":{"@id":"https:\/\/scandinavischelampen.nl\/de\/produkt\/design-light-pendelleuchte-in-taupe-und-bronze-kopie\/#primaryimage"},"thumbnailUrl":"https:\/\/i0.wp.com\/scandinavischelampen.nl\/wp-content\/uploads\/2026\/03\/IMG_2012-kopie-scaled.jpg?fit=1920%2C2560&ssl=1","datePublished":"2026-03-19T11:44:44+00:00","dateModified":"2026-03-19T11:48:59+00:00","description":"Diese d\u00e4nische Designleuchte in Taupe und Bronze, die Ende der 1990er-Jahre gefertigt wurde, vereint Stil und Nachhaltigkeit. Bestellen Sie Ihr Exemplar hier.","breadcrumb":{"@id":"https:\/\/scandinavischelampen.nl\/de\/produkt\/design-light-pendelleuchte-in-taupe-und-bronze-kopie\/#breadcrumb"},"inLanguage":"de","potentialAction":[{"@type":"ReadAction","target":["https:\/\/scandinavischelampen.nl\/de\/produkt\/design-light-pendelleuchte-in-taupe-und-bronze-kopie\/"]}]},{"@type":"ImageObject","inLanguage":"de","@id":"https:\/\/scandinavischelampen.nl\/de\/produkt\/design-light-pendelleuchte-in-taupe-und-bronze-kopie\/#primaryimage","url":"https:\/\/i0.wp.com\/scandinavischelampen.nl\/wp-content\/uploads\/2026\/03\/IMG_2012-kopie-scaled.jpg?fit=1920%2C2560&ssl=1","contentUrl":"https:\/\/i0.wp.com\/scandinavischelampen.nl\/wp-content\/uploads\/2026\/03\/IMG_2012-kopie-scaled.jpg?fit=1920%2C2560&ssl=1","width":1920,"height":2560,"caption":"Design Light hanglamp Taupe en Brons"},{"@type":"BreadcrumbList","@id":"https:\/\/scandinavischelampen.nl\/de\/produkt\/design-light-pendelleuchte-in-taupe-und-bronze-kopie\/#breadcrumb","itemListElement":[{"@type":"ListItem","position":1,"name":"Home","item":"https:\/\/scandinavischelampen.nl\/de\/"},{"@type":"ListItem","position":2,"name":"Gesch\u00e4ft","item":"https:\/\/scandinavischelampen.nl\/de\/laden\/"},{"@type":"ListItem","position":3,"name":"Design Light Pendelleuchte in Taupe und Bronze (kopie)"}]},{"@type":"WebSite","@id":"https:\/\/scandinavischelampen.nl\/de\/#website","url":"https:\/\/scandinavischelampen.nl\/de\/","name":"Scandinavische Lampen","description":"Vintage-Designbeleuchtung","publisher":{"@id":"https:\/\/scandinavischelampen.nl\/de\/#organization"},"potentialAction":[{"@type":"SearchAction","target":{"@type":"EntryPoint","urlTemplate":"https:\/\/scandinavischelampen.nl\/de\/?s={search_term_string}"},"query-input":{"@type":"PropertyValueSpecification","valueRequired":true,"valueName":"search_term_string"}}],"inLanguage":"de"},{"@type":"Organization","@id":"https:\/\/scandinavischelampen.nl\/de\/#organization","name":"Scandinavische Lampen","url":"https:\/\/scandinavischelampen.nl\/de\/","logo":{"@type":"ImageObject","inLanguage":"de","@id":"https:\/\/scandinavischelampen.nl\/de\/#\/schema\/logo\/image\/","url":"https:\/\/i0.wp.com\/scandinavischelampen.nl\/wp-content\/uploads\/2023\/07\/cropped-Scandinavische-lampen-logo-oranje-01-scaled.png?fit=4717%2C1570&ssl=1","contentUrl":"https:\/\/i0.wp.com\/scandinavischelampen.nl\/wp-content\/uploads\/2023\/07\/cropped-Scandinavische-lampen-logo-oranje-01-scaled.png?fit=4717%2C1570&ssl=1","width":4717,"height":1570,"caption":"Scandinavische Lampen"},"image":{"@id":"https:\/\/scandinavischelampen.nl\/de\/#\/schema\/logo\/image\/"},"sameAs":["https:\/\/www.facebook.com\/scandinavischelampen\/","https:\/\/www.instagram.com\/scandinavische_lampen\/"]}]}},"uagb_featured_image_src":{"full":["https:\/\/i0.wp.com\/scandinavischelampen.nl\/wp-content\/uploads\/2026\/03\/IMG_2012-kopie-scaled.jpg?fit=1920%2C2560&ssl=1",1920,2560,false],"thumbnail":["https:\/\/i0.wp.com\/scandinavischelampen.nl\/wp-content\/uploads\/2026\/03\/IMG_2012-kopie-scaled.jpg?resize=150%2C150&ssl=1",150,150,true],"medium":["https:\/\/i0.wp.com\/scandinavischelampen.nl\/wp-content\/uploads\/2026\/03\/IMG_2012-kopie-scaled.jpg?fit=225%2C300&ssl=1",225,300,true],"medium_large":["https:\/\/i0.wp.com\/scandinavischelampen.nl\/wp-content\/uploads\/2026\/03\/IMG_2012-kopie-scaled.jpg?fit=768%2C1024&ssl=1",768,1024,true],"large":["https:\/\/i0.wp.com\/scandinavischelampen.nl\/wp-content\/uploads\/2026\/03\/IMG_2012-kopie-scaled.jpg?fit=768%2C1024&ssl=1",768,1024,true],"1536x1536":["https:\/\/i0.wp.com\/scandinavischelampen.nl\/wp-content\/uploads\/2026\/03\/IMG_2012-kopie-scaled.jpg?fit=1152%2C1536&ssl=1",1152,1536,true],"2048x2048":["https:\/\/i0.wp.com\/scandinavischelampen.nl\/wp-content\/uploads\/2026\/03\/IMG_2012-kopie-scaled.jpg?fit=1536%2C2048&ssl=1",1536,2048,true],"woocommerce_thumbnail":["https:\/\/i0.wp.com\/scandinavischelampen.nl\/wp-content\/uploads\/2026\/03\/IMG_2012-kopie-scaled.jpg?resize=300%2C300&ssl=1",300,300,true],"woocommerce_single":["https:\/\/i0.wp.com\/scandinavischelampen.nl\/wp-content\/uploads\/2026\/03\/IMG_2012-kopie-scaled.jpg?fit=600%2C800&ssl=1",600,800,true],"woocommerce_gallery_thumbnail":["https:\/\/i0.wp.com\/scandinavischelampen.nl\/wp-content\/uploads\/2026\/03\/IMG_2012-kopie-scaled.jpg?resize=100%2C100&ssl=1",100,100,true],"thaps-thumb-img":["https:\/\/i0.wp.com\/scandinavischelampen.nl\/wp-content\/uploads\/2026\/03\/IMG_2012-kopie-scaled.jpg?resize=48%2C64&ssl=1",48,64,true]},"uagb_author_info":{"display_name":"administrator","author_link":"https:\/\/scandinavischelampen.nl\/de\/author\/"},"uagb_comment_info":0,"uagb_excerpt":"Kostenloser Versand in Europa ab \u20ac350 Bestellt vor 16:00 Uhr? Normalerweise am selben Tag versandt 14 Tage Bedenkzeit Geeignet f\u00fcr LED H\u00f6he: 17 cm Durchmesser: 32 cm","jetpack_sharing_enabled":true,"_links":{"self":[{"href":"https:\/\/scandinavischelampen.nl\/de\/wp-json\/wp\/v2\/product\/63075","targetHints":{"allow":["GET"]}}],"collection":[{"href":"https:\/\/scandinavischelampen.nl\/de\/wp-json\/wp\/v2\/product"}],"about":[{"href":"https:\/\/scandinavischelampen.nl\/de\/wp-json\/wp\/v2\/types\/product"}],"wp:featuredmedia":[{"embeddable":true,"href":"https:\/\/scandinavischelampen.nl\/de\/wp-json\/wp\/v2\/media\/63101"}],"wp:attachment":[{"href":"https:\/\/scandinavischelampen.nl\/de\/wp-json\/wp\/v2\/media?parent=63075"}],"wp:term":[{"taxonomy":"product_brand","embeddable":true,"href":"https:\/\/scandinavischelampen.nl\/de\/wp-json\/wp\/v2\/product_brand?post=63075"},{"taxonomy":"product_cat","embeddable":true,"href":"https:\/\/scandinavischelampen.nl\/de\/wp-json\/wp\/v2\/product_cat?post=63075"},{"taxonomy":"product_tag","embeddable":true,"href":"https:\/\/scandinavischelampen.nl\/de\/wp-json\/wp\/v2\/product_tag?post=63075"}],"curies":[{"name":"wp","href":"https:\/\/api.w.org\/{rel}","templated":true}]}}