{"id":62661,"date":"2026-01-29T20:21:38","date_gmt":"2026-01-29T19:21:38","guid":{"rendered":"https:\/\/scandinavischelampen.nl\/?post_type=product&#038;p=62661"},"modified":"2026-01-29T20:42:40","modified_gmt":"2026-01-29T19:42:40","slug":"form-light-hanglamp-taupe-brons-gepoedercoat","status":"publish","type":"product","link":"https:\/\/scandinavischelampen.nl\/de\/produkt\/form-light-hanglamp-taupe-brons-gepoedercoat\/","title":{"rendered":"Form-Light Pendelleuchte \u2013 Taupe und Bronze pulverbeschichtet \u2013 D\u00e4nisches Vintage-Design"},"content":{"rendered":"<p data-start=\"253\" data-end=\"632\">Ontdek de tijdloze elegantie van deze <strong data-start=\"291\" data-end=\"314\">Form-Light hanglamp<\/strong>, nu professioneel <strong data-start=\"333\" data-end=\"377\">gepoedercoat in een stijlvolle Taupe en Brons tint<\/strong>. Deze prachtige vintage designlamp cre\u00ebert direct sfeer in elke ruimte. Het licht wordt zacht en diffuus verspreid, waardoor een warme ambiance ontstaat, terwijl de subtiele perforaties aan de bovenkant een verfijnde lichttekening op het plafond cre\u00ebren.  <\/p>\n<p data-start=\"634\" data-end=\"947\">Ob als stilvoller Blickfang \u00fcber dem Esstisch, im Wohnzimmer oder in einer modernen K\u00fcche \u2013 diese Pendelleuchte vereint Charakter, Qualit\u00e4t und skandinavische Schlichtheit. Ihre gro\u00dfz\u00fcgige Gr\u00f6\u00dfe und die warmen Taupe- und Bronzet\u00f6ne machen sie zur idealen Wahl f\u00fcr alle, die ihrem Interieur ein besonderes Highlight verleihen m\u00f6chten. <\/p>\n<p data-start=\"949\" data-end=\"1149\">Diese Lampe blickt auf eine lange Geschichte zur\u00fcck und wurde nun mit einer robusten Pulverbeschichtung komplett restauriert. Dadurch sieht sie aus wie neu und passt perfekt sowohl in moderne als auch in Vintage-Einrichtungen. <\/p>\n<h3 data-start=\"1151\" data-end=\"1169\"><strong data-start=\"1155\" data-end=\"1167\">Zustand<\/strong><\/h3>\n<p data-start=\"1170\" data-end=\"1381\">Diese Form-Light-Pendellampe ist etwa <strong data-start=\"1204\" data-end=\"1219\">30 Jahre alt<\/strong> und befindet sich in <strong data-start=\"1235\" data-end=\"1256\">ausgezeichnetem Zustand<\/strong>. Es sind einige leichte Abnutzungsspuren sichtbar, die auf das Alter des Designs zur\u00fcckzuf\u00fchren sind.  Die Elektrik wurde komplett erneuert.<\/p>\n<h3 data-start=\"1383\" data-end=\"1434\"><strong data-start=\"1387\" data-end=\"1432\">Technische Daten \u2013 Formlicht-Pendellampe Taupe und Bronze<\/strong><\/h3>\n<ul>\n<li data-start=\"1437\" data-end=\"1458\"><strong data-start=\"1437\" data-end=\"1450\">Durchmesser<\/strong>: 38 cm<\/li>\n<li data-start=\"1437\" data-end=\"1458\"><strong data-start=\"1461\" data-end=\"1472\">H\u00f6he<\/strong>: 20 cm<\/li>\n<li data-start=\"1437\" data-end=\"1458\"><strong data-start=\"1483\" data-end=\"1511\">Gesamth\u00f6he mit Schnur:<\/strong> 220 cm (w\u00e4hrend der Installation verstellbar)<\/li>\n<li data-start=\"1437\" data-end=\"1458\"><strong data-start=\"1556\" data-end=\"1570\">Material<\/strong>: Stahl<\/li>\n<li data-start=\"1437\" data-end=\"1458\"><strong data-start=\"1581\" data-end=\"1591\">Farbe:<\/strong> Taupe und Bronze (professionell pulverbeschichtet)<\/li>\n<li data-start=\"1437\" data-end=\"1458\"><strong data-start=\"1631\" data-end=\"1641\">Seil:<\/strong> Wei\u00df<\/li>\n<li data-start=\"1437\" data-end=\"1458\"><strong data-start=\"1650\" data-end=\"1667\">Max. Leistung:<\/strong> 60W<\/li>\n<li data-start=\"1437\" data-end=\"1458\"><strong data-start=\"1676\" data-end=\"1688\">Steckdose:<\/strong> E27 \u2013 geeignet f\u00fcr LED-Lampen und intelligente Beleuchtung<\/li>\n<li data-start=\"1437\" data-end=\"1458\"><strong data-start=\"1746\" data-end=\"1758\">Gewicht<\/strong>: 3,7 kg<\/li>\n<\/ul>\n<h3 data-start=\"1769\" data-end=\"1794\"><strong data-start=\"1773\" data-end=\"1792\">\u00dcber Form-Light<\/strong><\/h3>\n<p data-start=\"1795\" data-end=\"2327\">Form-Light wurde 1991 in Ballerup (D\u00e4nemark) vom Designer <strong data-start=\"1869\" data-end=\"1884\">Erik Nissen<\/strong> gegr\u00fcndet. Die Marke erlangte Ber\u00fchmtheit durch ihre minimalistischen, mehrschichtigen Pendellampen, die perfekt in das Mid-Century Modern-Design passten. Die Lampen bestehen aus robustem, pulverbeschichtetem Stahl und strahlen Qualit\u00e4t sowie zeitlose Sch\u00f6nheit aus. Obwohl Form-Light in relativ kleinem Ma\u00dfstab produziert wurde, geh\u00f6ren die Entw\u00fcrfe heute zu den beliebtesten Sammlerst\u00fccken. Entdecken Sie unsere Kollektion und lassen Sie sich von der ikonischen Schlichtheit von Form-Light inspirieren.    <\/p>\n<p style=\"font-weight: 400;\">\n","protected":false},"excerpt":{"rendered":"<div class=\"group w-full text-token-text-primary border-b border-black\/10 dark:border-gray-900\/50 bg-gray-50 dark:bg-[#444654]\" data-testid=\"conversation-turn-7\">\n<div class=\"flex p-4 gap-4 text-base md:gap-6 md:max-w-2xl lg:max-w-[38rem] xl:max-w-3xl md:py-6 lg:px-0 m-auto\">\n<div class=\"relative flex w-[calc(100%-50px)] flex-col gap-1 md:gap-3 lg:w-[calc(100%-115px)]\">\n<div class=\"flex flex-grow flex-col gap-3 max-w-full\">\n<div class=\"min-h-[20px] flex flex-col items-start gap-3 overflow-x-auto whitespace-pre-wrap break-words\">\n<div class=\"markdown prose w-full break-words dark:prose-invert light\">\n<p>Stylish <strong data-start=\"2863\" data-end=\"2886\">Form-Light-Pendellampe, neu in<\/strong> einem w\u00e4rmeren Taupe- und Bronzeton \u00fcberzogen. Skandinavisches Design mit diffusem Licht, 38 cm, erneuerte Elektrik und E27-Befestigung. Einzigartiges Vintage-Exemplar in gutem Zustand.  <\/p>\n<\/div>\n<\/div>\n<\/div>\n<\/div>\n<\/div>\n<\/div>\n","protected":false},"featured_media":62695,"template":"","meta":{"_uag_custom_page_level_css":"","site-sidebar-layout":"default","site-content-layout":"default","ast-site-content-layout":"default","site-content-style":"default","site-sidebar-style":"default","ast-global-header-display":"","ast-banner-title-visibility":"","ast-main-header-display":"","ast-hfb-above-header-display":"","ast-hfb-below-header-display":"","ast-hfb-mobile-header-display":"","site-post-title":"","ast-breadcrumbs-content":"","ast-featured-img":"","footer-sml-layout":"","ast-disable-related-posts":"","theme-transparent-header-meta":"default","adv-header-id-meta":"","stick-header-meta":"","header-above-stick-meta":"","header-main-stick-meta":"","header-below-stick-meta":"","astra-migrate-meta-layouts":"set","ast-page-background-enabled":"default","ast-page-background-meta":{"desktop":{"background-color":"var(--ast-global-color-4)","background-image":"","background-repeat":"repeat","background-position":"center center","background-size":"auto","background-attachment":"scroll","background-type":"","background-media":"","overlay-type":"","overlay-color":"","overlay-opacity":"","overlay-gradient":""},"tablet":{"background-color":"","background-image":"","background-repeat":"repeat","background-position":"center center","background-size":"auto","background-attachment":"scroll","background-type":"","background-media":"","overlay-type":"","overlay-color":"","overlay-opacity":"","overlay-gradient":""},"mobile":{"background-color":"","background-image":"","background-repeat":"repeat","background-position":"center center","background-size":"auto","background-attachment":"scroll","background-type":"","background-media":"","overlay-type":"","overlay-color":"","overlay-opacity":"","overlay-gradient":""}},"ast-content-background-meta":{"desktop":{"background-color":"var(--ast-global-color-5)","background-image":"","background-repeat":"repeat","background-position":"center center","background-size":"auto","background-attachment":"scroll","background-type":"","background-media":"","overlay-type":"","overlay-color":"","overlay-opacity":"","overlay-gradient":""},"tablet":{"background-color":"var(--ast-global-color-5)","background-image":"","background-repeat":"repeat","background-position":"center center","background-size":"auto","background-attachment":"scroll","background-type":"","background-media":"","overlay-type":"","overlay-color":"","overlay-opacity":"","overlay-gradient":""},"mobile":{"background-color":"var(--ast-global-color-5)","background-image":"","background-repeat":"repeat","background-position":"center center","background-size":"auto","background-attachment":"scroll","background-type":"","background-media":"","overlay-type":"","overlay-color":"","overlay-opacity":"","overlay-gradient":""}}},"product_brand":[],"product_cat":[281,255,254,243,247,245,248,605,249],"product_tag":[1013,592],"class_list":{"0":"post-62661","1":"product","2":"type-product","3":"status-publish","4":"has-post-thumbnail","6":"product_cat-buro-de","7":"product_cat-farbkollektion","8":"product_cat-form-light-de","9":"product_cat-skandinavische-pendelleuchten","10":"product_cat-kuche","11":"product_cat-pendelleuchte-esstisch","12":"product_cat-schlafzimmer","13":"product_cat-sehen-sie-sich-unsere-komplette-kollektion-an","14":"product_cat-wohnzimmer","15":"product_tag-bronze","16":"product_tag-taupe-de","17":"desktop-align-center","18":"tablet-align-left","19":"mobile-align-left","21":"first","22":"instock","23":"taxable","24":"shipping-taxable","25":"purchasable","26":"product-type-simple"},"yoast_head":"<!-- This site is optimized with the Yoast SEO plugin v27.4 - https:\/\/yoast.com\/product\/yoast-seo-wordpress\/ -->\n<title>Form-Licht-Pendellampe \u2013 Taupe und Bronze pulverbeschichtet<\/title>\n<meta name=\"description\" content=\"Vintage-Form-Light-Pendellampe, professionell pulverbeschichtet in Taupe und Bronze. Skandinavisches Design, \u00d838 cm, E27-Verschluss. Einzigartiges St\u00fcck in gutem Zustand\" \/>\n<meta name=\"robots\" content=\"index, follow, max-snippet:-1, max-image-preview:large, max-video-preview:-1\" \/>\n<link rel=\"canonical\" href=\"https:\/\/scandinavischelampen.nl\/de\/produkt\/form-light-hanglamp-taupe-brons-gepoedercoat\/\" \/>\n<meta property=\"og:locale\" content=\"de_DE\" \/>\n<meta property=\"og:type\" content=\"article\" \/>\n<meta property=\"og:title\" content=\"Form-Licht-Pendellampe \u2013 Taupe und Bronze pulverbeschichtet\" \/>\n<meta property=\"og:description\" content=\"Vintage-Form-Light-Pendellampe, professionell pulverbeschichtet in Taupe und Bronze. Skandinavisches Design, \u00d838 cm, E27-Verschluss. Einzigartiges St\u00fcck in gutem Zustand\" \/>\n<meta property=\"og:url\" content=\"https:\/\/scandinavischelampen.nl\/de\/produkt\/form-light-hanglamp-taupe-brons-gepoedercoat\/\" \/>\n<meta property=\"og:site_name\" content=\"Skandinavische Lampen\" \/>\n<meta property=\"article:publisher\" content=\"https:\/\/www.facebook.com\/scandinavischelampen\/\" \/>\n<meta property=\"article:modified_time\" content=\"2026-01-29T19:42:40+00:00\" \/>\n<meta property=\"og:image\" content=\"https:\/\/i0.wp.com\/scandinavischelampen.nl\/wp-content\/uploads\/2026\/01\/IMG_1549-kopie-scaled.jpg?fit=1920%2C2560&ssl=1\" \/>\n\t<meta property=\"og:image:width\" content=\"1920\" \/>\n\t<meta property=\"og:image:height\" content=\"2560\" \/>\n\t<meta property=\"og:image:type\" content=\"image\/jpeg\" \/>\n<meta name=\"twitter:card\" content=\"summary_large_image\" \/>\n<meta name=\"twitter:label1\" content=\"Gesch\u00e4tzte Lesezeit\" \/>\n\t<meta name=\"twitter:data1\" content=\"2\u00a0Minuten\" \/>\n<script type=\"application\/ld+json\" class=\"yoast-schema-graph\">{\"@context\":\"https:\\\/\\\/schema.org\",\"@graph\":[{\"@type\":\"WebPage\",\"@id\":\"https:\\\/\\\/scandinavischelampen.nl\\\/de\\\/produkt\\\/form-light-hanglamp-taupe-brons-gepoedercoat\\\/\",\"url\":\"https:\\\/\\\/scandinavischelampen.nl\\\/de\\\/produkt\\\/form-light-hanglamp-taupe-brons-gepoedercoat\\\/\",\"name\":\"Form-Licht-Pendellampe \u2013 Taupe und Bronze pulverbeschichtet\",\"isPartOf\":{\"@id\":\"https:\\\/\\\/scandinavischelampen.nl\\\/de\\\/#website\"},\"primaryImageOfPage\":{\"@id\":\"https:\\\/\\\/scandinavischelampen.nl\\\/de\\\/produkt\\\/form-light-hanglamp-taupe-brons-gepoedercoat\\\/#primaryimage\"},\"image\":{\"@id\":\"https:\\\/\\\/scandinavischelampen.nl\\\/de\\\/produkt\\\/form-light-hanglamp-taupe-brons-gepoedercoat\\\/#primaryimage\"},\"thumbnailUrl\":\"https:\\\/\\\/i0.wp.com\\\/scandinavischelampen.nl\\\/wp-content\\\/uploads\\\/2026\\\/01\\\/IMG_1549-kopie-scaled.jpg?fit=1920%2C2560&ssl=1\",\"datePublished\":\"2026-01-29T19:21:38+00:00\",\"dateModified\":\"2026-01-29T19:42:40+00:00\",\"description\":\"Vintage-Form-Light-Pendellampe, professionell pulverbeschichtet in Taupe und Bronze. Skandinavisches Design, \u00d838 cm, E27-Verschluss. Einzigartiges St\u00fcck in gutem Zustand\",\"breadcrumb\":{\"@id\":\"https:\\\/\\\/scandinavischelampen.nl\\\/de\\\/produkt\\\/form-light-hanglamp-taupe-brons-gepoedercoat\\\/#breadcrumb\"},\"inLanguage\":\"de\",\"potentialAction\":[{\"@type\":\"ReadAction\",\"target\":[\"https:\\\/\\\/scandinavischelampen.nl\\\/de\\\/produkt\\\/form-light-hanglamp-taupe-brons-gepoedercoat\\\/\"]}]},{\"@type\":\"ImageObject\",\"inLanguage\":\"de\",\"@id\":\"https:\\\/\\\/scandinavischelampen.nl\\\/de\\\/produkt\\\/form-light-hanglamp-taupe-brons-gepoedercoat\\\/#primaryimage\",\"url\":\"https:\\\/\\\/i0.wp.com\\\/scandinavischelampen.nl\\\/wp-content\\\/uploads\\\/2026\\\/01\\\/IMG_1549-kopie-scaled.jpg?fit=1920%2C2560&ssl=1\",\"contentUrl\":\"https:\\\/\\\/i0.wp.com\\\/scandinavischelampen.nl\\\/wp-content\\\/uploads\\\/2026\\\/01\\\/IMG_1549-kopie-scaled.jpg?fit=1920%2C2560&ssl=1\",\"width\":1920,\"height\":2560,\"caption\":\"Form-Light Pendelleuchte \u2013 Taupe und Bronze pulverbeschichtet \u2013 D\u00e4nisches Vintage-Design\"},{\"@type\":\"BreadcrumbList\",\"@id\":\"https:\\\/\\\/scandinavischelampen.nl\\\/de\\\/produkt\\\/form-light-hanglamp-taupe-brons-gepoedercoat\\\/#breadcrumb\",\"itemListElement\":[{\"@type\":\"ListItem\",\"position\":1,\"name\":\"Home\",\"item\":\"https:\\\/\\\/scandinavischelampen.nl\\\/de\\\/\"},{\"@type\":\"ListItem\",\"position\":2,\"name\":\"Gesch\u00e4ft\",\"item\":\"https:\\\/\\\/scandinavischelampen.nl\\\/de\\\/laden\\\/\"},{\"@type\":\"ListItem\",\"position\":3,\"name\":\"Form-Light Pendelleuchte \u2013 Taupe und Bronze pulverbeschichtet \u2013 D\u00e4nisches Vintage-Design\"}]},{\"@type\":\"WebSite\",\"@id\":\"https:\\\/\\\/scandinavischelampen.nl\\\/de\\\/#website\",\"url\":\"https:\\\/\\\/scandinavischelampen.nl\\\/de\\\/\",\"name\":\"Scandinavische Lampen\",\"description\":\"Vintage-Designbeleuchtung\",\"publisher\":{\"@id\":\"https:\\\/\\\/scandinavischelampen.nl\\\/de\\\/#organization\"},\"potentialAction\":[{\"@type\":\"SearchAction\",\"target\":{\"@type\":\"EntryPoint\",\"urlTemplate\":\"https:\\\/\\\/scandinavischelampen.nl\\\/de\\\/?s={search_term_string}\"},\"query-input\":{\"@type\":\"PropertyValueSpecification\",\"valueRequired\":true,\"valueName\":\"search_term_string\"}}],\"inLanguage\":\"de\"},{\"@type\":\"Organization\",\"@id\":\"https:\\\/\\\/scandinavischelampen.nl\\\/de\\\/#organization\",\"name\":\"Scandinavische Lampen\",\"url\":\"https:\\\/\\\/scandinavischelampen.nl\\\/de\\\/\",\"logo\":{\"@type\":\"ImageObject\",\"inLanguage\":\"de\",\"@id\":\"https:\\\/\\\/scandinavischelampen.nl\\\/de\\\/#\\\/schema\\\/logo\\\/image\\\/\",\"url\":\"https:\\\/\\\/i0.wp.com\\\/scandinavischelampen.nl\\\/wp-content\\\/uploads\\\/2023\\\/07\\\/cropped-Scandinavische-lampen-logo-oranje-01-scaled.png?fit=4717%2C1570&ssl=1\",\"contentUrl\":\"https:\\\/\\\/i0.wp.com\\\/scandinavischelampen.nl\\\/wp-content\\\/uploads\\\/2023\\\/07\\\/cropped-Scandinavische-lampen-logo-oranje-01-scaled.png?fit=4717%2C1570&ssl=1\",\"width\":4717,\"height\":1570,\"caption\":\"Scandinavische Lampen\"},\"image\":{\"@id\":\"https:\\\/\\\/scandinavischelampen.nl\\\/de\\\/#\\\/schema\\\/logo\\\/image\\\/\"},\"sameAs\":[\"https:\\\/\\\/www.facebook.com\\\/scandinavischelampen\\\/\",\"https:\\\/\\\/www.instagram.com\\\/scandinavische_lampen\\\/\"]}]}<\/script>\n<!-- \/ Yoast SEO plugin. -->","yoast_head_json":{"title":"Form-Licht-Pendellampe \u2013 Taupe und Bronze pulverbeschichtet","description":"Vintage-Form-Light-Pendellampe, professionell pulverbeschichtet in Taupe und Bronze. Skandinavisches Design, \u00d838 cm, E27-Verschluss. Einzigartiges St\u00fcck in gutem Zustand","robots":{"index":"index","follow":"follow","max-snippet":"max-snippet:-1","max-image-preview":"max-image-preview:large","max-video-preview":"max-video-preview:-1"},"canonical":"https:\/\/scandinavischelampen.nl\/de\/produkt\/form-light-hanglamp-taupe-brons-gepoedercoat\/","og_locale":"de_DE","og_type":"article","og_title":"Form-Licht-Pendellampe \u2013 Taupe und Bronze pulverbeschichtet","og_description":"Vintage-Form-Light-Pendellampe, professionell pulverbeschichtet in Taupe und Bronze. Skandinavisches Design, \u00d838 cm, E27-Verschluss. Einzigartiges St\u00fcck in gutem Zustand","og_url":"https:\/\/scandinavischelampen.nl\/de\/produkt\/form-light-hanglamp-taupe-brons-gepoedercoat\/","og_site_name":"Skandinavische Lampen","article_publisher":"https:\/\/www.facebook.com\/scandinavischelampen\/","article_modified_time":"2026-01-29T19:42:40+00:00","og_image":[{"width":1920,"height":2560,"url":"https:\/\/i0.wp.com\/scandinavischelampen.nl\/wp-content\/uploads\/2026\/01\/IMG_1549-kopie-scaled.jpg?fit=1920%2C2560&ssl=1","type":"image\/jpeg"}],"twitter_card":"summary_large_image","twitter_misc":{"Gesch\u00e4tzte Lesezeit":"2\u00a0Minuten"},"schema":{"@context":"https:\/\/schema.org","@graph":[{"@type":"WebPage","@id":"https:\/\/scandinavischelampen.nl\/de\/produkt\/form-light-hanglamp-taupe-brons-gepoedercoat\/","url":"https:\/\/scandinavischelampen.nl\/de\/produkt\/form-light-hanglamp-taupe-brons-gepoedercoat\/","name":"Form-Licht-Pendellampe \u2013 Taupe und Bronze pulverbeschichtet","isPartOf":{"@id":"https:\/\/scandinavischelampen.nl\/de\/#website"},"primaryImageOfPage":{"@id":"https:\/\/scandinavischelampen.nl\/de\/produkt\/form-light-hanglamp-taupe-brons-gepoedercoat\/#primaryimage"},"image":{"@id":"https:\/\/scandinavischelampen.nl\/de\/produkt\/form-light-hanglamp-taupe-brons-gepoedercoat\/#primaryimage"},"thumbnailUrl":"https:\/\/i0.wp.com\/scandinavischelampen.nl\/wp-content\/uploads\/2026\/01\/IMG_1549-kopie-scaled.jpg?fit=1920%2C2560&ssl=1","datePublished":"2026-01-29T19:21:38+00:00","dateModified":"2026-01-29T19:42:40+00:00","description":"Vintage-Form-Light-Pendellampe, professionell pulverbeschichtet in Taupe und Bronze. Skandinavisches Design, \u00d838 cm, E27-Verschluss. Einzigartiges St\u00fcck in gutem Zustand","breadcrumb":{"@id":"https:\/\/scandinavischelampen.nl\/de\/produkt\/form-light-hanglamp-taupe-brons-gepoedercoat\/#breadcrumb"},"inLanguage":"de","potentialAction":[{"@type":"ReadAction","target":["https:\/\/scandinavischelampen.nl\/de\/produkt\/form-light-hanglamp-taupe-brons-gepoedercoat\/"]}]},{"@type":"ImageObject","inLanguage":"de","@id":"https:\/\/scandinavischelampen.nl\/de\/produkt\/form-light-hanglamp-taupe-brons-gepoedercoat\/#primaryimage","url":"https:\/\/i0.wp.com\/scandinavischelampen.nl\/wp-content\/uploads\/2026\/01\/IMG_1549-kopie-scaled.jpg?fit=1920%2C2560&ssl=1","contentUrl":"https:\/\/i0.wp.com\/scandinavischelampen.nl\/wp-content\/uploads\/2026\/01\/IMG_1549-kopie-scaled.jpg?fit=1920%2C2560&ssl=1","width":1920,"height":2560,"caption":"Form-Light Pendelleuchte \u2013 Taupe und Bronze pulverbeschichtet \u2013 D\u00e4nisches Vintage-Design"},{"@type":"BreadcrumbList","@id":"https:\/\/scandinavischelampen.nl\/de\/produkt\/form-light-hanglamp-taupe-brons-gepoedercoat\/#breadcrumb","itemListElement":[{"@type":"ListItem","position":1,"name":"Home","item":"https:\/\/scandinavischelampen.nl\/de\/"},{"@type":"ListItem","position":2,"name":"Gesch\u00e4ft","item":"https:\/\/scandinavischelampen.nl\/de\/laden\/"},{"@type":"ListItem","position":3,"name":"Form-Light Pendelleuchte \u2013 Taupe und Bronze pulverbeschichtet \u2013 D\u00e4nisches Vintage-Design"}]},{"@type":"WebSite","@id":"https:\/\/scandinavischelampen.nl\/de\/#website","url":"https:\/\/scandinavischelampen.nl\/de\/","name":"Scandinavische Lampen","description":"Vintage-Designbeleuchtung","publisher":{"@id":"https:\/\/scandinavischelampen.nl\/de\/#organization"},"potentialAction":[{"@type":"SearchAction","target":{"@type":"EntryPoint","urlTemplate":"https:\/\/scandinavischelampen.nl\/de\/?s={search_term_string}"},"query-input":{"@type":"PropertyValueSpecification","valueRequired":true,"valueName":"search_term_string"}}],"inLanguage":"de"},{"@type":"Organization","@id":"https:\/\/scandinavischelampen.nl\/de\/#organization","name":"Scandinavische Lampen","url":"https:\/\/scandinavischelampen.nl\/de\/","logo":{"@type":"ImageObject","inLanguage":"de","@id":"https:\/\/scandinavischelampen.nl\/de\/#\/schema\/logo\/image\/","url":"https:\/\/i0.wp.com\/scandinavischelampen.nl\/wp-content\/uploads\/2023\/07\/cropped-Scandinavische-lampen-logo-oranje-01-scaled.png?fit=4717%2C1570&ssl=1","contentUrl":"https:\/\/i0.wp.com\/scandinavischelampen.nl\/wp-content\/uploads\/2023\/07\/cropped-Scandinavische-lampen-logo-oranje-01-scaled.png?fit=4717%2C1570&ssl=1","width":4717,"height":1570,"caption":"Scandinavische Lampen"},"image":{"@id":"https:\/\/scandinavischelampen.nl\/de\/#\/schema\/logo\/image\/"},"sameAs":["https:\/\/www.facebook.com\/scandinavischelampen\/","https:\/\/www.instagram.com\/scandinavische_lampen\/"]}]}},"uagb_featured_image_src":{"full":["https:\/\/i0.wp.com\/scandinavischelampen.nl\/wp-content\/uploads\/2026\/01\/IMG_1549-kopie-scaled.jpg?fit=1920%2C2560&ssl=1",1920,2560,false],"thumbnail":["https:\/\/i0.wp.com\/scandinavischelampen.nl\/wp-content\/uploads\/2026\/01\/IMG_1549-kopie-scaled.jpg?resize=150%2C150&ssl=1",150,150,true],"medium":["https:\/\/i0.wp.com\/scandinavischelampen.nl\/wp-content\/uploads\/2026\/01\/IMG_1549-kopie-scaled.jpg?fit=225%2C300&ssl=1",225,300,true],"medium_large":["https:\/\/i0.wp.com\/scandinavischelampen.nl\/wp-content\/uploads\/2026\/01\/IMG_1549-kopie-scaled.jpg?fit=768%2C1024&ssl=1",768,1024,true],"large":["https:\/\/i0.wp.com\/scandinavischelampen.nl\/wp-content\/uploads\/2026\/01\/IMG_1549-kopie-scaled.jpg?fit=768%2C1024&ssl=1",768,1024,true],"1536x1536":["https:\/\/i0.wp.com\/scandinavischelampen.nl\/wp-content\/uploads\/2026\/01\/IMG_1549-kopie-scaled.jpg?fit=1152%2C1536&ssl=1",1152,1536,true],"2048x2048":["https:\/\/i0.wp.com\/scandinavischelampen.nl\/wp-content\/uploads\/2026\/01\/IMG_1549-kopie-scaled.jpg?fit=1536%2C2048&ssl=1",1536,2048,true],"woocommerce_thumbnail":["https:\/\/i0.wp.com\/scandinavischelampen.nl\/wp-content\/uploads\/2026\/01\/IMG_1549-kopie-scaled.jpg?resize=300%2C300&ssl=1",300,300,true],"woocommerce_single":["https:\/\/i0.wp.com\/scandinavischelampen.nl\/wp-content\/uploads\/2026\/01\/IMG_1549-kopie-scaled.jpg?fit=600%2C800&ssl=1",600,800,true],"woocommerce_gallery_thumbnail":["https:\/\/i0.wp.com\/scandinavischelampen.nl\/wp-content\/uploads\/2026\/01\/IMG_1549-kopie-scaled.jpg?resize=100%2C100&ssl=1",100,100,true],"thaps-thumb-img":["https:\/\/i0.wp.com\/scandinavischelampen.nl\/wp-content\/uploads\/2026\/01\/IMG_1549-kopie-scaled.jpg?resize=48%2C64&ssl=1",48,64,true]},"uagb_author_info":{"display_name":"administrator","author_link":"https:\/\/scandinavischelampen.nl\/de\/author\/"},"uagb_comment_info":0,"uagb_excerpt":"Stylish Form-Light-Pendellampe, neu in einem w\u00e4rmeren Taupe- und Bronzeton \u00fcberzogen. Skandinavisches Design mit diffusem Licht, 38 cm, erneuerte Elektrik und E27-Befestigung. Einzigartiges Vintage-Exemplar in gutem Zustand.","jetpack_sharing_enabled":true,"_links":{"self":[{"href":"https:\/\/scandinavischelampen.nl\/de\/wp-json\/wp\/v2\/product\/62661","targetHints":{"allow":["GET"]}}],"collection":[{"href":"https:\/\/scandinavischelampen.nl\/de\/wp-json\/wp\/v2\/product"}],"about":[{"href":"https:\/\/scandinavischelampen.nl\/de\/wp-json\/wp\/v2\/types\/product"}],"wp:featuredmedia":[{"embeddable":true,"href":"https:\/\/scandinavischelampen.nl\/de\/wp-json\/wp\/v2\/media\/62695"}],"wp:attachment":[{"href":"https:\/\/scandinavischelampen.nl\/de\/wp-json\/wp\/v2\/media?parent=62661"}],"wp:term":[{"taxonomy":"product_brand","embeddable":true,"href":"https:\/\/scandinavischelampen.nl\/de\/wp-json\/wp\/v2\/product_brand?post=62661"},{"taxonomy":"product_cat","embeddable":true,"href":"https:\/\/scandinavischelampen.nl\/de\/wp-json\/wp\/v2\/product_cat?post=62661"},{"taxonomy":"product_tag","embeddable":true,"href":"https:\/\/scandinavischelampen.nl\/de\/wp-json\/wp\/v2\/product_tag?post=62661"}],"curies":[{"name":"wp","href":"https:\/\/api.w.org\/{rel}","templated":true}]}}