{"id":62283,"date":"2026-01-16T13:21:11","date_gmt":"2026-01-16T12:21:11","guid":{"rendered":"https:\/\/scandinavischelampen.nl\/?post_type=product&#038;p=62283"},"modified":"2026-01-16T14:01:33","modified_gmt":"2026-01-16T13:01:33","slug":"set-aus-2-bolero-pendelleuchten-designleuchte-bronze","status":"publish","type":"product","link":"https:\/\/scandinavischelampen.nl\/de\/produkt\/set-aus-2-bolero-pendelleuchten-designleuchte-bronze\/","title":{"rendered":"Bolero Pendelleuchten-Set (2 St\u00fcck) \u2013 Designleuchte | Bronze | Schlank &amp; Elegant"},"content":{"rendered":"<h2 data-start=\"172\" data-end=\"535\"><strong data-start=\"172\" data-end=\"240\">Design-Pendelleuchten \u2013 Modell Bolero \u2013 2er-Set (Bronze)<\/strong><\/h2>\n<p data-start=\"172\" data-end=\"535\">Entdecke die subtile Eleganz dieses Sets von zwei Bolero <span style=\"font-size: 16px;\">Pendellampen der d\u00e4nischen Marke Design Light. Die Lampen sind bekannt f\u00fcr ihr schlankes, feminines Design und ihr anspruchsvolles, geschichtetes Design, das das Licht sanft und spielerisch verteilt \u2013 sowohl nach unten als auch zur Seite. <\/span><\/p>\n<p data-start=\"537\" data-end=\"856\">Dieses Set wurde fachm\u00e4nnisch in einem warmen Bronzeton pulverbeschichtet. Die Farbgebung verleiht den Lampen eine ruhige, moderne Optik, die sich m\u00fchelos in verschiedenste Einrichtungsstile einf\u00fcgt. Die eleganten Linien des Modells Bolero kommen durch die neue Pulverbeschichtung noch besser zur Geltung.  <\/p>\n<p data-start=\"858\" data-end=\"1033\">Suchen Sie ein stilvolles Set Pendellampen \u00fcber dem Esstisch, der K\u00fccheninsel oder im Flur? Diese beiden Bolero-Lampen bringen sofort Atmosph\u00e4re, Charakter und Raffinesse in jeden Raum. <\/p>\n<h2 data-start=\"1035\" data-end=\"1379\"><strong data-start=\"1035\" data-end=\"1047\">Zustand<\/strong><\/h2>\n<p data-start=\"1035\" data-end=\"1379\">Die beiden Vintage-Pendelleuchten von Bolero stammen aus den 1990er-Jahren und sind in exzellentem Zustand. Beide Leuchten wurden neu pulverbeschichtet in einem modernen Bronzeton und verf\u00fcgen \u00fcber eine komplett erneuerte Elektrik.  Der originale Herstelleraufkleber ist nicht mehr vorhanden.<\/p>\n<h2 data-start=\"1381\" data-end=\"1457\"><strong data-start=\"1381\" data-end=\"1455\">Spezifikationen \u2013 Set Pendelleuchten Design Light Modell Bolero (Bronze)<\/strong><\/h2>\n<ul>\n<li>H\u00f6he: 18 cm<\/li>\n<li>Durchmesser: 45 cm<\/li>\n<li>Gesamth\u00f6he mit Kordel 200 cm<\/li>\n<li>Material: Stahl<\/li>\n<li>Farbe Kabel: wei\u00df<\/li>\n<li>Maximale Wattzahl: 60 W<\/li>\n<li>Fassung: E27<\/li>\n<li>F\u00fcr LED-Lampen geeignet<\/li>\n<li>Gewicht: 2 kg<\/li>\n<\/ul>\n<h2>\u00dcber Design Light<\/h2>\n<p>Das d\u00e4nische Beleuchtungsunternehmen Design Light mit Sitz in Randers startete in den 1980er Jahren mit zwei Hauptserien. Minimalistische, UFO-\u00e4hnliche H\u00e4nge- und Wandleuchten aus innovativen Materialkombinationen wie Plexiglas und Metallgeflecht. Die andere Linie besteht aus hochwertigen mehrschichtigen Pendelleuchten im klassischen d\u00e4nischen modernen Stil. <span style=\"color: #ff6600;\"><strong><a style=\"color: #ff6600;\" href=\"https:\/\/scandinavischelampen.nl\/product-categorie\/merken\/design-light\/\">Sehen Sie sich hier unsere komplette Kollektion an Design-Light-H\u00e4ngelampen an<\/a><\/strong><\/span><\/p>\n","protected":false},"excerpt":{"rendered":"<p>Zwei Bolero-Pendelleuchten von Design Light \u2013 schlank, elegant und komplett pulverbeschichtet in modernem Bronzeton. Perfekt f\u00fcr ein stilvolles, modernes Interieur! <\/p>\n","protected":false},"featured_media":62289,"template":"","meta":{"_uag_custom_page_level_css":"","site-sidebar-layout":"default","site-content-layout":"","ast-site-content-layout":"default","site-content-style":"default","site-sidebar-style":"default","ast-global-header-display":"","ast-banner-title-visibility":"","ast-main-header-display":"","ast-hfb-above-header-display":"","ast-hfb-below-header-display":"","ast-hfb-mobile-header-display":"","site-post-title":"","ast-breadcrumbs-content":"","ast-featured-img":"","footer-sml-layout":"","ast-disable-related-posts":"","theme-transparent-header-meta":"default","adv-header-id-meta":"","stick-header-meta":"","header-above-stick-meta":"","header-main-stick-meta":"","header-below-stick-meta":"","astra-migrate-meta-layouts":"set","ast-page-background-enabled":"default","ast-page-background-meta":{"desktop":{"background-color":"var(--ast-global-color-4)","background-image":"","background-repeat":"repeat","background-position":"center center","background-size":"auto","background-attachment":"scroll","background-type":"","background-media":"","overlay-type":"","overlay-color":"","overlay-opacity":"","overlay-gradient":""},"tablet":{"background-color":"","background-image":"","background-repeat":"repeat","background-position":"center center","background-size":"auto","background-attachment":"scroll","background-type":"","background-media":"","overlay-type":"","overlay-color":"","overlay-opacity":"","overlay-gradient":""},"mobile":{"background-color":"","background-image":"","background-repeat":"repeat","background-position":"center center","background-size":"auto","background-attachment":"scroll","background-type":"","background-media":"","overlay-type":"","overlay-color":"","overlay-opacity":"","overlay-gradient":""}},"ast-content-background-meta":{"desktop":{"background-color":"var(--ast-global-color-5)","background-image":"","background-repeat":"repeat","background-position":"center center","background-size":"auto","background-attachment":"scroll","background-type":"","background-media":"","overlay-type":"","overlay-color":"","overlay-opacity":"","overlay-gradient":""},"tablet":{"background-color":"var(--ast-global-color-5)","background-image":"","background-repeat":"repeat","background-position":"center center","background-size":"auto","background-attachment":"scroll","background-type":"","background-media":"","overlay-type":"","overlay-color":"","overlay-opacity":"","overlay-gradient":""},"mobile":{"background-color":"var(--ast-global-color-5)","background-image":"","background-repeat":"repeat","background-position":"center center","background-size":"auto","background-attachment":"scroll","background-type":"","background-media":"","overlay-type":"","overlay-color":"","overlay-opacity":"","overlay-gradient":""}}},"product_brand":[],"product_cat":[281,260,255,243,247,275,245,248,605,249],"product_tag":[],"class_list":{"0":"post-62283","1":"product","2":"type-product","3":"status-publish","4":"has-post-thumbnail","6":"product_cat-buro-de","7":"product_cat-design-light-de","8":"product_cat-farbkollektion","9":"product_cat-skandinavische-pendelleuchten","10":"product_cat-kuche","11":"product_cat-lampen-duos-de","12":"product_cat-pendelleuchte-esstisch","13":"product_cat-schlafzimmer","14":"product_cat-sehen-sie-sich-unsere-komplette-kollektion-an","15":"product_cat-wohnzimmer","16":"desktop-align-center","17":"tablet-align-left","18":"mobile-align-left","20":"first","21":"instock","22":"taxable","23":"shipping-taxable","24":"purchasable","25":"product-type-simple"},"yoast_head":"<!-- This site is optimized with the Yoast SEO plugin v27.5 - https:\/\/yoast.com\/product\/yoast-seo-wordpress\/ -->\n<title>Set mit 2 Bolero-Pendelleuchten, Bronze \u2013 Schlank und elegant<\/title>\n<meta name=\"description\" content=\"Zwei Bolero-Pendelleuchten von Design Light. Schlank und elegant, pulverbeschichtet in einem warmen Bronzeton. Perfekt f\u00fcr ein modernes Interieur.\" \/>\n<meta name=\"robots\" content=\"index, follow, max-snippet:-1, max-image-preview:large, max-video-preview:-1\" \/>\n<link rel=\"canonical\" href=\"https:\/\/scandinavischelampen.nl\/de\/produkt\/set-aus-2-bolero-pendelleuchten-designleuchte-bronze\/\" \/>\n<meta property=\"og:locale\" content=\"de_DE\" \/>\n<meta property=\"og:type\" content=\"article\" \/>\n<meta property=\"og:title\" content=\"Set mit 2 Bolero-Pendelleuchten, Bronze \u2013 Schlank und elegant\" \/>\n<meta property=\"og:description\" content=\"Zwei Bolero-Pendelleuchten von Design Light. Schlank und elegant, pulverbeschichtet in einem warmen Bronzeton. Perfekt f\u00fcr ein modernes Interieur.\" \/>\n<meta property=\"og:url\" content=\"https:\/\/scandinavischelampen.nl\/de\/produkt\/set-aus-2-bolero-pendelleuchten-designleuchte-bronze\/\" \/>\n<meta property=\"og:site_name\" content=\"Skandinavische Lampen\" \/>\n<meta property=\"article:publisher\" content=\"https:\/\/www.facebook.com\/scandinavischelampen\/\" \/>\n<meta property=\"article:modified_time\" content=\"2026-01-16T13:01:33+00:00\" \/>\n<meta property=\"og:image\" content=\"https:\/\/i0.wp.com\/scandinavischelampen.nl\/wp-content\/uploads\/2026\/01\/IMG_1812-kopie-scaled.jpg?fit=1920%2C2560&ssl=1\" \/>\n\t<meta property=\"og:image:width\" content=\"1920\" \/>\n\t<meta property=\"og:image:height\" content=\"2560\" \/>\n\t<meta property=\"og:image:type\" content=\"image\/jpeg\" \/>\n<meta name=\"twitter:card\" content=\"summary_large_image\" \/>\n<meta name=\"twitter:label1\" content=\"Gesch\u00e4tzte Lesezeit\" \/>\n\t<meta name=\"twitter:data1\" content=\"1\u00a0Minute\" \/>\n<script type=\"application\/ld+json\" class=\"yoast-schema-graph\">{\"@context\":\"https:\\\/\\\/schema.org\",\"@graph\":[{\"@type\":\"WebPage\",\"@id\":\"https:\\\/\\\/scandinavischelampen.nl\\\/de\\\/produkt\\\/set-aus-2-bolero-pendelleuchten-designleuchte-bronze\\\/\",\"url\":\"https:\\\/\\\/scandinavischelampen.nl\\\/de\\\/produkt\\\/set-aus-2-bolero-pendelleuchten-designleuchte-bronze\\\/\",\"name\":\"Set mit 2 Bolero-Pendelleuchten, Bronze \u2013 Schlank und elegant\",\"isPartOf\":{\"@id\":\"https:\\\/\\\/scandinavischelampen.nl\\\/de\\\/#website\"},\"primaryImageOfPage\":{\"@id\":\"https:\\\/\\\/scandinavischelampen.nl\\\/de\\\/produkt\\\/set-aus-2-bolero-pendelleuchten-designleuchte-bronze\\\/#primaryimage\"},\"image\":{\"@id\":\"https:\\\/\\\/scandinavischelampen.nl\\\/de\\\/produkt\\\/set-aus-2-bolero-pendelleuchten-designleuchte-bronze\\\/#primaryimage\"},\"thumbnailUrl\":\"https:\\\/\\\/i0.wp.com\\\/scandinavischelampen.nl\\\/wp-content\\\/uploads\\\/2026\\\/01\\\/IMG_1812-kopie-scaled.jpg?fit=1920%2C2560&ssl=1\",\"datePublished\":\"2026-01-16T12:21:11+00:00\",\"dateModified\":\"2026-01-16T13:01:33+00:00\",\"description\":\"Zwei Bolero-Pendelleuchten von Design Light. Schlank und elegant, pulverbeschichtet in einem warmen Bronzeton. Perfekt f\u00fcr ein modernes Interieur.\",\"breadcrumb\":{\"@id\":\"https:\\\/\\\/scandinavischelampen.nl\\\/de\\\/produkt\\\/set-aus-2-bolero-pendelleuchten-designleuchte-bronze\\\/#breadcrumb\"},\"inLanguage\":\"de\",\"potentialAction\":[{\"@type\":\"ReadAction\",\"target\":[\"https:\\\/\\\/scandinavischelampen.nl\\\/de\\\/produkt\\\/set-aus-2-bolero-pendelleuchten-designleuchte-bronze\\\/\"]}]},{\"@type\":\"ImageObject\",\"inLanguage\":\"de\",\"@id\":\"https:\\\/\\\/scandinavischelampen.nl\\\/de\\\/produkt\\\/set-aus-2-bolero-pendelleuchten-designleuchte-bronze\\\/#primaryimage\",\"url\":\"https:\\\/\\\/i0.wp.com\\\/scandinavischelampen.nl\\\/wp-content\\\/uploads\\\/2026\\\/01\\\/IMG_1812-kopie-scaled.jpg?fit=1920%2C2560&ssl=1\",\"contentUrl\":\"https:\\\/\\\/i0.wp.com\\\/scandinavischelampen.nl\\\/wp-content\\\/uploads\\\/2026\\\/01\\\/IMG_1812-kopie-scaled.jpg?fit=1920%2C2560&ssl=1\",\"width\":1920,\"height\":2560,\"caption\":\"Bolero Pendelleuchten-Set (2 St\u00fcck) \u2013 Designleuchte | Bronze | Schlank &amp; Elegant\"},{\"@type\":\"BreadcrumbList\",\"@id\":\"https:\\\/\\\/scandinavischelampen.nl\\\/de\\\/produkt\\\/set-aus-2-bolero-pendelleuchten-designleuchte-bronze\\\/#breadcrumb\",\"itemListElement\":[{\"@type\":\"ListItem\",\"position\":1,\"name\":\"Home\",\"item\":\"https:\\\/\\\/scandinavischelampen.nl\\\/de\\\/\"},{\"@type\":\"ListItem\",\"position\":2,\"name\":\"Gesch\u00e4ft\",\"item\":\"https:\\\/\\\/scandinavischelampen.nl\\\/de\\\/laden\\\/\"},{\"@type\":\"ListItem\",\"position\":3,\"name\":\"Bolero Pendelleuchten-Set (2 St\u00fcck) \u2013 Designleuchte | Bronze | Schlank &amp; Elegant\"}]},{\"@type\":\"WebSite\",\"@id\":\"https:\\\/\\\/scandinavischelampen.nl\\\/de\\\/#website\",\"url\":\"https:\\\/\\\/scandinavischelampen.nl\\\/de\\\/\",\"name\":\"Scandinavische Lampen\",\"description\":\"Vintage-Designbeleuchtung\",\"publisher\":{\"@id\":\"https:\\\/\\\/scandinavischelampen.nl\\\/de\\\/#organization\"},\"potentialAction\":[{\"@type\":\"SearchAction\",\"target\":{\"@type\":\"EntryPoint\",\"urlTemplate\":\"https:\\\/\\\/scandinavischelampen.nl\\\/de\\\/?s={search_term_string}\"},\"query-input\":{\"@type\":\"PropertyValueSpecification\",\"valueRequired\":true,\"valueName\":\"search_term_string\"}}],\"inLanguage\":\"de\"},{\"@type\":\"Organization\",\"@id\":\"https:\\\/\\\/scandinavischelampen.nl\\\/de\\\/#organization\",\"name\":\"Scandinavische Lampen\",\"url\":\"https:\\\/\\\/scandinavischelampen.nl\\\/de\\\/\",\"logo\":{\"@type\":\"ImageObject\",\"inLanguage\":\"de\",\"@id\":\"https:\\\/\\\/scandinavischelampen.nl\\\/de\\\/#\\\/schema\\\/logo\\\/image\\\/\",\"url\":\"https:\\\/\\\/i0.wp.com\\\/scandinavischelampen.nl\\\/wp-content\\\/uploads\\\/2023\\\/07\\\/cropped-Scandinavische-lampen-logo-oranje-01-scaled.png?fit=4717%2C1570&ssl=1\",\"contentUrl\":\"https:\\\/\\\/i0.wp.com\\\/scandinavischelampen.nl\\\/wp-content\\\/uploads\\\/2023\\\/07\\\/cropped-Scandinavische-lampen-logo-oranje-01-scaled.png?fit=4717%2C1570&ssl=1\",\"width\":4717,\"height\":1570,\"caption\":\"Scandinavische Lampen\"},\"image\":{\"@id\":\"https:\\\/\\\/scandinavischelampen.nl\\\/de\\\/#\\\/schema\\\/logo\\\/image\\\/\"},\"sameAs\":[\"https:\\\/\\\/www.facebook.com\\\/scandinavischelampen\\\/\",\"https:\\\/\\\/www.instagram.com\\\/scandinavische_lampen\\\/\"]}]}<\/script>\n<!-- \/ Yoast SEO plugin. -->","yoast_head_json":{"title":"Set mit 2 Bolero-Pendelleuchten, Bronze \u2013 Schlank und elegant","description":"Zwei Bolero-Pendelleuchten von Design Light. Schlank und elegant, pulverbeschichtet in einem warmen Bronzeton. Perfekt f\u00fcr ein modernes Interieur.","robots":{"index":"index","follow":"follow","max-snippet":"max-snippet:-1","max-image-preview":"max-image-preview:large","max-video-preview":"max-video-preview:-1"},"canonical":"https:\/\/scandinavischelampen.nl\/de\/produkt\/set-aus-2-bolero-pendelleuchten-designleuchte-bronze\/","og_locale":"de_DE","og_type":"article","og_title":"Set mit 2 Bolero-Pendelleuchten, Bronze \u2013 Schlank und elegant","og_description":"Zwei Bolero-Pendelleuchten von Design Light. Schlank und elegant, pulverbeschichtet in einem warmen Bronzeton. Perfekt f\u00fcr ein modernes Interieur.","og_url":"https:\/\/scandinavischelampen.nl\/de\/produkt\/set-aus-2-bolero-pendelleuchten-designleuchte-bronze\/","og_site_name":"Skandinavische Lampen","article_publisher":"https:\/\/www.facebook.com\/scandinavischelampen\/","article_modified_time":"2026-01-16T13:01:33+00:00","og_image":[{"width":1920,"height":2560,"url":"https:\/\/i0.wp.com\/scandinavischelampen.nl\/wp-content\/uploads\/2026\/01\/IMG_1812-kopie-scaled.jpg?fit=1920%2C2560&ssl=1","type":"image\/jpeg"}],"twitter_card":"summary_large_image","twitter_misc":{"Gesch\u00e4tzte Lesezeit":"1\u00a0Minute"},"schema":{"@context":"https:\/\/schema.org","@graph":[{"@type":"WebPage","@id":"https:\/\/scandinavischelampen.nl\/de\/produkt\/set-aus-2-bolero-pendelleuchten-designleuchte-bronze\/","url":"https:\/\/scandinavischelampen.nl\/de\/produkt\/set-aus-2-bolero-pendelleuchten-designleuchte-bronze\/","name":"Set mit 2 Bolero-Pendelleuchten, Bronze \u2013 Schlank und elegant","isPartOf":{"@id":"https:\/\/scandinavischelampen.nl\/de\/#website"},"primaryImageOfPage":{"@id":"https:\/\/scandinavischelampen.nl\/de\/produkt\/set-aus-2-bolero-pendelleuchten-designleuchte-bronze\/#primaryimage"},"image":{"@id":"https:\/\/scandinavischelampen.nl\/de\/produkt\/set-aus-2-bolero-pendelleuchten-designleuchte-bronze\/#primaryimage"},"thumbnailUrl":"https:\/\/i0.wp.com\/scandinavischelampen.nl\/wp-content\/uploads\/2026\/01\/IMG_1812-kopie-scaled.jpg?fit=1920%2C2560&ssl=1","datePublished":"2026-01-16T12:21:11+00:00","dateModified":"2026-01-16T13:01:33+00:00","description":"Zwei Bolero-Pendelleuchten von Design Light. Schlank und elegant, pulverbeschichtet in einem warmen Bronzeton. Perfekt f\u00fcr ein modernes Interieur.","breadcrumb":{"@id":"https:\/\/scandinavischelampen.nl\/de\/produkt\/set-aus-2-bolero-pendelleuchten-designleuchte-bronze\/#breadcrumb"},"inLanguage":"de","potentialAction":[{"@type":"ReadAction","target":["https:\/\/scandinavischelampen.nl\/de\/produkt\/set-aus-2-bolero-pendelleuchten-designleuchte-bronze\/"]}]},{"@type":"ImageObject","inLanguage":"de","@id":"https:\/\/scandinavischelampen.nl\/de\/produkt\/set-aus-2-bolero-pendelleuchten-designleuchte-bronze\/#primaryimage","url":"https:\/\/i0.wp.com\/scandinavischelampen.nl\/wp-content\/uploads\/2026\/01\/IMG_1812-kopie-scaled.jpg?fit=1920%2C2560&ssl=1","contentUrl":"https:\/\/i0.wp.com\/scandinavischelampen.nl\/wp-content\/uploads\/2026\/01\/IMG_1812-kopie-scaled.jpg?fit=1920%2C2560&ssl=1","width":1920,"height":2560,"caption":"Bolero Pendelleuchten-Set (2 St\u00fcck) \u2013 Designleuchte | Bronze | Schlank &amp; Elegant"},{"@type":"BreadcrumbList","@id":"https:\/\/scandinavischelampen.nl\/de\/produkt\/set-aus-2-bolero-pendelleuchten-designleuchte-bronze\/#breadcrumb","itemListElement":[{"@type":"ListItem","position":1,"name":"Home","item":"https:\/\/scandinavischelampen.nl\/de\/"},{"@type":"ListItem","position":2,"name":"Gesch\u00e4ft","item":"https:\/\/scandinavischelampen.nl\/de\/laden\/"},{"@type":"ListItem","position":3,"name":"Bolero Pendelleuchten-Set (2 St\u00fcck) \u2013 Designleuchte | Bronze | Schlank &amp; Elegant"}]},{"@type":"WebSite","@id":"https:\/\/scandinavischelampen.nl\/de\/#website","url":"https:\/\/scandinavischelampen.nl\/de\/","name":"Scandinavische Lampen","description":"Vintage-Designbeleuchtung","publisher":{"@id":"https:\/\/scandinavischelampen.nl\/de\/#organization"},"potentialAction":[{"@type":"SearchAction","target":{"@type":"EntryPoint","urlTemplate":"https:\/\/scandinavischelampen.nl\/de\/?s={search_term_string}"},"query-input":{"@type":"PropertyValueSpecification","valueRequired":true,"valueName":"search_term_string"}}],"inLanguage":"de"},{"@type":"Organization","@id":"https:\/\/scandinavischelampen.nl\/de\/#organization","name":"Scandinavische Lampen","url":"https:\/\/scandinavischelampen.nl\/de\/","logo":{"@type":"ImageObject","inLanguage":"de","@id":"https:\/\/scandinavischelampen.nl\/de\/#\/schema\/logo\/image\/","url":"https:\/\/i0.wp.com\/scandinavischelampen.nl\/wp-content\/uploads\/2023\/07\/cropped-Scandinavische-lampen-logo-oranje-01-scaled.png?fit=4717%2C1570&ssl=1","contentUrl":"https:\/\/i0.wp.com\/scandinavischelampen.nl\/wp-content\/uploads\/2023\/07\/cropped-Scandinavische-lampen-logo-oranje-01-scaled.png?fit=4717%2C1570&ssl=1","width":4717,"height":1570,"caption":"Scandinavische Lampen"},"image":{"@id":"https:\/\/scandinavischelampen.nl\/de\/#\/schema\/logo\/image\/"},"sameAs":["https:\/\/www.facebook.com\/scandinavischelampen\/","https:\/\/www.instagram.com\/scandinavische_lampen\/"]}]}},"uagb_featured_image_src":{"full":["https:\/\/i0.wp.com\/scandinavischelampen.nl\/wp-content\/uploads\/2026\/01\/IMG_1812-kopie-scaled.jpg?fit=1920%2C2560&ssl=1",1920,2560,false],"thumbnail":["https:\/\/i0.wp.com\/scandinavischelampen.nl\/wp-content\/uploads\/2026\/01\/IMG_1812-kopie-scaled.jpg?resize=150%2C150&ssl=1",150,150,true],"medium":["https:\/\/i0.wp.com\/scandinavischelampen.nl\/wp-content\/uploads\/2026\/01\/IMG_1812-kopie-scaled.jpg?fit=225%2C300&ssl=1",225,300,true],"medium_large":["https:\/\/i0.wp.com\/scandinavischelampen.nl\/wp-content\/uploads\/2026\/01\/IMG_1812-kopie-scaled.jpg?fit=768%2C1024&ssl=1",768,1024,true],"large":["https:\/\/i0.wp.com\/scandinavischelampen.nl\/wp-content\/uploads\/2026\/01\/IMG_1812-kopie-scaled.jpg?fit=768%2C1024&ssl=1",768,1024,true],"1536x1536":["https:\/\/i0.wp.com\/scandinavischelampen.nl\/wp-content\/uploads\/2026\/01\/IMG_1812-kopie-scaled.jpg?fit=1152%2C1536&ssl=1",1152,1536,true],"2048x2048":["https:\/\/i0.wp.com\/scandinavischelampen.nl\/wp-content\/uploads\/2026\/01\/IMG_1812-kopie-scaled.jpg?fit=1536%2C2048&ssl=1",1536,2048,true],"woocommerce_thumbnail":["https:\/\/i0.wp.com\/scandinavischelampen.nl\/wp-content\/uploads\/2026\/01\/IMG_1812-kopie-scaled.jpg?resize=300%2C300&ssl=1",300,300,true],"woocommerce_single":["https:\/\/i0.wp.com\/scandinavischelampen.nl\/wp-content\/uploads\/2026\/01\/IMG_1812-kopie-scaled.jpg?fit=600%2C800&ssl=1",600,800,true],"woocommerce_gallery_thumbnail":["https:\/\/i0.wp.com\/scandinavischelampen.nl\/wp-content\/uploads\/2026\/01\/IMG_1812-kopie-scaled.jpg?resize=100%2C100&ssl=1",100,100,true],"thaps-thumb-img":["https:\/\/i0.wp.com\/scandinavischelampen.nl\/wp-content\/uploads\/2026\/01\/IMG_1812-kopie-scaled.jpg?resize=48%2C64&ssl=1",48,64,true]},"uagb_author_info":{"display_name":"administrator","author_link":"https:\/\/scandinavischelampen.nl\/de\/author\/"},"uagb_comment_info":0,"uagb_excerpt":"Zwei Bolero-Pendelleuchten von Design Light \u2013 schlank, elegant und komplett pulverbeschichtet in modernem Bronzeton. Perfekt f\u00fcr ein stilvolles, modernes Interieur!","jetpack_sharing_enabled":true,"_links":{"self":[{"href":"https:\/\/scandinavischelampen.nl\/de\/wp-json\/wp\/v2\/product\/62283","targetHints":{"allow":["GET"]}}],"collection":[{"href":"https:\/\/scandinavischelampen.nl\/de\/wp-json\/wp\/v2\/product"}],"about":[{"href":"https:\/\/scandinavischelampen.nl\/de\/wp-json\/wp\/v2\/types\/product"}],"wp:featuredmedia":[{"embeddable":true,"href":"https:\/\/scandinavischelampen.nl\/de\/wp-json\/wp\/v2\/media\/62289"}],"wp:attachment":[{"href":"https:\/\/scandinavischelampen.nl\/de\/wp-json\/wp\/v2\/media?parent=62283"}],"wp:term":[{"taxonomy":"product_brand","embeddable":true,"href":"https:\/\/scandinavischelampen.nl\/de\/wp-json\/wp\/v2\/product_brand?post=62283"},{"taxonomy":"product_cat","embeddable":true,"href":"https:\/\/scandinavischelampen.nl\/de\/wp-json\/wp\/v2\/product_cat?post=62283"},{"taxonomy":"product_tag","embeddable":true,"href":"https:\/\/scandinavischelampen.nl\/de\/wp-json\/wp\/v2\/product_tag?post=62283"}],"curies":[{"name":"wp","href":"https:\/\/api.w.org\/{rel}","templated":true}]}}