{"id":61690,"date":"2025-11-24T19:31:36","date_gmt":"2025-11-24T18:31:36","guid":{"rendered":"https:\/\/scandinavischelampen.nl\/?post_type=product&#038;p=61690"},"modified":"2025-11-24T20:01:29","modified_gmt":"2025-11-24T19:01:29","slug":"mosgroene-eettafel-hanglamp-2","status":"publish","type":"product","link":"https:\/\/scandinavischelampen.nl\/de\/produkt\/mosgroene-eettafel-hanglamp-2\/","title":{"rendered":"Moosgr\u00fcne Esstisch-Pendellampe \u2013 Geschichtetes Design \u2013 Vintage-Stil"},"content":{"rendered":"<p data-start=\"381\" data-end=\"716\">Bringen Sie mit dieser <strong data-start=\"451\" data-end=\"480\">moosgr\u00fcnen Pendellampe<\/strong> einen stilvollen, nat\u00fcrlichen Look in Ihr Esszimmer, perfekt \u00fcber dem Esstisch. Das einzigartige <strong data-start=\"520\" data-end=\"540\">, geschichtete Design<\/strong> verteilt das Licht auf elegante Weise: hell in der Mitte und weich an den R\u00e4ndern. Das schafft eine warme und einladende Atmosph\u00e4re, die jede Mahlzeit besonders macht.  <\/p>\n<p data-start=\"718\" data-end=\"1043\">Der tiefe moosgr\u00fcne Farbton und die hochwertige Pulverbeschichtung verleihen der Lampe ein <strong data-start=\"790\" data-end=\"827\">zeitloses und anspruchsvolles Aussehen<\/strong>, sodass sie sich m\u00fchelos in moderne und klassische Innenr\u00e4ume einf\u00fcgt. Dank des dezenten, geschichteten Designs wird helles Licht gebrochen, was es perfekt f\u00fcr gem\u00fctliche Abendessen oder stimmungsvolle Abende am Tisch macht. <\/p>\n<p data-start=\"1045\" data-end=\"1280\">Diese Pendellampe vereint <strong data-start=\"1070\" data-end=\"1098\">Stil und Funktionalit\u00e4t<\/strong>: Sie beleuchtet den Esstisch optimal, ohne zu blenden, und verleiht gleichzeitig Ihrem Interieur einen eleganten Akzent. Das macht Ihren Essbereich sowohl praktisch als auch atmosph\u00e4risch. <\/p>\n<h3 data-start=\"1287\" data-end=\"1303\"><strong data-start=\"1291\" data-end=\"1303\">Zustand<\/strong><\/h3>\n<p data-start=\"1304\" data-end=\"1642\">Die Lampe wurde um die 90er Jahre hergestellt und ist in <strong data-start=\"1360\" data-end=\"1375\">gutem Zustand<\/strong>. Es sind leichte Abnutzungserscheinungen sichtbar, passend zum Alter. Die Lampe wurde <strong data-start=\"1454\" data-end=\"1492\">professionell neu pulverbeschichtet<\/strong>, sodass die Farbe wieder wie neu aussieht.   Die Elektrik wurde komplett erneuert. Der urspr\u00fcngliche Herstelleraufkleber fehlt, daher ist der Hersteller unbekannt.<\/p>\n<h3 data-start=\"1649\" data-end=\"1700\"><strong data-start=\"1653\" data-end=\"1700\">Technische Daten \u2013 Moss Green Esstisch-Pendellampe<\/strong><\/h3>\n<ul>\n<li data-start=\"1703\" data-end=\"1724\"><strong data-start=\"1703\" data-end=\"1716\">Durchmesser<\/strong>: 40 cm<\/li>\n<li data-start=\"1703\" data-end=\"1724\"><strong data-start=\"1727\" data-end=\"1738\">H\u00f6he<\/strong>: 24 cm<\/li>\n<li data-start=\"1703\" data-end=\"1724\"><strong data-start=\"1749\" data-end=\"1763\">Material<\/strong>: Metall<\/li>\n<li data-start=\"1703\" data-end=\"1724\"><strong data-start=\"1775\" data-end=\"1792\">Schnurl\u00e4nge:<\/strong> 200 cm (geeignet f\u00fcr die Installation in gew\u00fcnschter Gr\u00f6\u00dfe)<\/li>\n<li data-start=\"1703\" data-end=\"1724\"><strong data-start=\"1851\" data-end=\"1867\">Kabelfarbe<\/strong>: Wei\u00df<\/li>\n<li data-start=\"1703\" data-end=\"1724\"><strong data-start=\"1876\" data-end=\"1893\">Max. Leistung:<\/strong> 60W<\/li>\n<li data-start=\"1703\" data-end=\"1724\"><strong data-start=\"1902\" data-end=\"1914\">Steckdose:<\/strong> E27 \u2013 geeignet f\u00fcr LED-Lampen<\/li>\n<li data-start=\"1703\" data-end=\"1724\"><strong data-start=\"1950\" data-end=\"1962\">Gewicht<\/strong>: 2 kg<\/li>\n<\/ul>\n<h3 data-start=\"1976\" data-end=\"2001\"><strong data-start=\"1980\" data-end=\"2001\">Pers\u00f6nliche Anmerkung<\/strong><\/h3>\n<p data-start=\"2002\" data-end=\"2390\">Diese <strong data-start=\"2007\" data-end=\"2038\">moosgr\u00fcne Esstisch-Pendellampe<\/strong> ist eine perfekte Kombination aus <strong data-start=\"2070\" data-end=\"2099\">Design und Funktionalit\u00e4t<\/strong>. Das geschichtete Design verhindert Blendung und sorgt f\u00fcr weiches, diffuses Licht, das Ihrem Essbereich eine warme und einladende Atmosph\u00e4re verleiht. Der tiefe moosgr\u00fcne Farbton sorgt f\u00fcr einen stilvollen, nat\u00fcrlichen Akzent in Ihrem Interieur. Ein einzigartiger Blickfanger, der sowohl praktisch als auch elegant ist.    <a style=\"font-size: 16px;\" href=\"https:\/\/scandinavischelampen.nl\/product-categorie\/merken\/horn-belysning\/\">Entdecken Sie jetzt unsere umfangreiche Sammlung von vintage Horn Belysning Lampen und f\u00fcgen Sie Ihrem Interieur einen Hauch zeitloser Eleganz hinzu.<\/a><\/p>\n","protected":false},"excerpt":{"rendered":"<p>Stylish <strong data-start=\"2934\" data-end=\"2965\">moosgr\u00fcne Esstisch-Pendellampe<\/strong> mit geschichtetem Design. Diffuses Licht f\u00fcr eine warme Atmosph\u00e4re im Esszimmer. \u00d824 cm, E27-Verschluss, professionell pulverbeschichtet und bereit f\u00fcr LED.  <\/p>\n","protected":false},"featured_media":61704,"template":"","meta":{"_uag_custom_page_level_css":"","site-sidebar-layout":"default","site-content-layout":"default","ast-site-content-layout":"default","site-content-style":"default","site-sidebar-style":"default","ast-global-header-display":"","ast-banner-title-visibility":"","ast-main-header-display":"","ast-hfb-above-header-display":"","ast-hfb-below-header-display":"","ast-hfb-mobile-header-display":"","site-post-title":"","ast-breadcrumbs-content":"","ast-featured-img":"","footer-sml-layout":"","ast-disable-related-posts":"","theme-transparent-header-meta":"default","adv-header-id-meta":"","stick-header-meta":"","header-above-stick-meta":"","header-main-stick-meta":"","header-below-stick-meta":"","astra-migrate-meta-layouts":"set","ast-page-background-enabled":"default","ast-page-background-meta":{"desktop":{"background-color":"var(--ast-global-color-4)","background-image":"","background-repeat":"repeat","background-position":"center center","background-size":"auto","background-attachment":"scroll","background-type":"","background-media":"","overlay-type":"","overlay-color":"","overlay-opacity":"","overlay-gradient":""},"tablet":{"background-color":"","background-image":"","background-repeat":"repeat","background-position":"center center","background-size":"auto","background-attachment":"scroll","background-type":"","background-media":"","overlay-type":"","overlay-color":"","overlay-opacity":"","overlay-gradient":""},"mobile":{"background-color":"","background-image":"","background-repeat":"repeat","background-position":"center center","background-size":"auto","background-attachment":"scroll","background-type":"","background-media":"","overlay-type":"","overlay-color":"","overlay-opacity":"","overlay-gradient":""}},"ast-content-background-meta":{"desktop":{"background-color":"var(--ast-global-color-5)","background-image":"","background-repeat":"repeat","background-position":"center center","background-size":"auto","background-attachment":"scroll","background-type":"","background-media":"","overlay-type":"","overlay-color":"","overlay-opacity":"","overlay-gradient":""},"tablet":{"background-color":"var(--ast-global-color-5)","background-image":"","background-repeat":"repeat","background-position":"center center","background-size":"auto","background-attachment":"scroll","background-type":"","background-media":"","overlay-type":"","overlay-color":"","overlay-opacity":"","overlay-gradient":""},"mobile":{"background-color":"var(--ast-global-color-5)","background-image":"","background-repeat":"repeat","background-position":"center center","background-size":"auto","background-attachment":"scroll","background-type":"","background-media":"","overlay-type":"","overlay-color":"","overlay-opacity":"","overlay-gradient":""}}},"product_brand":[],"product_cat":[255,243,265,247,245,248,605,249],"product_tag":[330],"class_list":{"0":"post-61690","1":"product","2":"type-product","3":"status-publish","4":"has-post-thumbnail","6":"product_cat-farbkollektion","7":"product_cat-skandinavische-pendelleuchten","8":"product_cat-horn-belysning-de","9":"product_cat-kuche","10":"product_cat-pendelleuchte-esstisch","11":"product_cat-schlafzimmer","12":"product_cat-sehen-sie-sich-unsere-komplette-kollektion-an","13":"product_cat-wohnzimmer","14":"product_tag-ockergelb","15":"desktop-align-center","16":"tablet-align-left","17":"mobile-align-left","19":"first","20":"instock","21":"taxable","22":"shipping-taxable","23":"purchasable","24":"product-type-simple"},"yoast_head":"<!-- This site is optimized with the Yoast SEO plugin v27.4 - https:\/\/yoast.com\/product\/yoast-seo-wordpress\/ -->\n<title>Moosgr\u00fcne Esstisch-Pendellampe \u2013 Geschichtetes Design Stilvolle Beleuchtung<\/title>\n<meta name=\"description\" content=\"Moosgr\u00fcne Esstisch-Pendellampe mit einzigartigem geschichtetem Design. Perfekt f\u00fcr atmosph\u00e4risches Licht \u00fcber dem Tisch. Professionell pulverbeschichtet, E27-Fitting\" \/>\n<meta name=\"robots\" content=\"index, follow, max-snippet:-1, max-image-preview:large, max-video-preview:-1\" \/>\n<link rel=\"canonical\" href=\"https:\/\/scandinavischelampen.nl\/de\/produkt\/mosgroene-eettafel-hanglamp-2\/\" \/>\n<meta property=\"og:locale\" content=\"de_DE\" \/>\n<meta property=\"og:type\" content=\"article\" \/>\n<meta property=\"og:title\" content=\"Moosgr\u00fcne Esstisch-Pendellampe \u2013 Geschichtetes Design Stilvolle Beleuchtung\" \/>\n<meta property=\"og:description\" content=\"Moosgr\u00fcne Esstisch-Pendellampe mit einzigartigem geschichtetem Design. Perfekt f\u00fcr atmosph\u00e4risches Licht \u00fcber dem Tisch. Professionell pulverbeschichtet, E27-Fitting\" \/>\n<meta property=\"og:url\" content=\"https:\/\/scandinavischelampen.nl\/de\/produkt\/mosgroene-eettafel-hanglamp-2\/\" \/>\n<meta property=\"og:site_name\" content=\"Skandinavische Lampen\" \/>\n<meta property=\"article:publisher\" content=\"https:\/\/www.facebook.com\/scandinavischelampen\/\" \/>\n<meta property=\"article:modified_time\" content=\"2025-11-24T19:01:29+00:00\" \/>\n<meta property=\"og:image\" content=\"https:\/\/i0.wp.com\/scandinavischelampen.nl\/wp-content\/uploads\/2025\/11\/IMG_0851-kopie-scaled.jpg?fit=1920%2C2560&ssl=1\" \/>\n\t<meta property=\"og:image:width\" content=\"1920\" \/>\n\t<meta property=\"og:image:height\" content=\"2560\" \/>\n\t<meta property=\"og:image:type\" content=\"image\/jpeg\" \/>\n<meta name=\"twitter:card\" content=\"summary_large_image\" \/>\n<meta name=\"twitter:label1\" content=\"Gesch\u00e4tzte Lesezeit\" \/>\n\t<meta name=\"twitter:data1\" content=\"2\u00a0Minuten\" \/>\n<script type=\"application\/ld+json\" class=\"yoast-schema-graph\">{\"@context\":\"https:\\\/\\\/schema.org\",\"@graph\":[{\"@type\":\"WebPage\",\"@id\":\"https:\\\/\\\/scandinavischelampen.nl\\\/de\\\/produkt\\\/mosgroene-eettafel-hanglamp-2\\\/\",\"url\":\"https:\\\/\\\/scandinavischelampen.nl\\\/de\\\/produkt\\\/mosgroene-eettafel-hanglamp-2\\\/\",\"name\":\"Moosgr\u00fcne Esstisch-Pendellampe \u2013 Geschichtetes Design Stilvolle Beleuchtung\",\"isPartOf\":{\"@id\":\"https:\\\/\\\/scandinavischelampen.nl\\\/de\\\/#website\"},\"primaryImageOfPage\":{\"@id\":\"https:\\\/\\\/scandinavischelampen.nl\\\/de\\\/produkt\\\/mosgroene-eettafel-hanglamp-2\\\/#primaryimage\"},\"image\":{\"@id\":\"https:\\\/\\\/scandinavischelampen.nl\\\/de\\\/produkt\\\/mosgroene-eettafel-hanglamp-2\\\/#primaryimage\"},\"thumbnailUrl\":\"https:\\\/\\\/i0.wp.com\\\/scandinavischelampen.nl\\\/wp-content\\\/uploads\\\/2025\\\/11\\\/IMG_0851-kopie-scaled.jpg?fit=1920%2C2560&ssl=1\",\"datePublished\":\"2025-11-24T18:31:36+00:00\",\"dateModified\":\"2025-11-24T19:01:29+00:00\",\"description\":\"Moosgr\u00fcne Esstisch-Pendellampe mit einzigartigem geschichtetem Design. Perfekt f\u00fcr atmosph\u00e4risches Licht \u00fcber dem Tisch. Professionell pulverbeschichtet, E27-Fitting\",\"breadcrumb\":{\"@id\":\"https:\\\/\\\/scandinavischelampen.nl\\\/de\\\/produkt\\\/mosgroene-eettafel-hanglamp-2\\\/#breadcrumb\"},\"inLanguage\":\"de\",\"potentialAction\":[{\"@type\":\"ReadAction\",\"target\":[\"https:\\\/\\\/scandinavischelampen.nl\\\/de\\\/produkt\\\/mosgroene-eettafel-hanglamp-2\\\/\"]}]},{\"@type\":\"ImageObject\",\"inLanguage\":\"de\",\"@id\":\"https:\\\/\\\/scandinavischelampen.nl\\\/de\\\/produkt\\\/mosgroene-eettafel-hanglamp-2\\\/#primaryimage\",\"url\":\"https:\\\/\\\/i0.wp.com\\\/scandinavischelampen.nl\\\/wp-content\\\/uploads\\\/2025\\\/11\\\/IMG_0851-kopie-scaled.jpg?fit=1920%2C2560&ssl=1\",\"contentUrl\":\"https:\\\/\\\/i0.wp.com\\\/scandinavischelampen.nl\\\/wp-content\\\/uploads\\\/2025\\\/11\\\/IMG_0851-kopie-scaled.jpg?fit=1920%2C2560&ssl=1\",\"width\":1920,\"height\":2560,\"caption\":\"Moosgr\u00fcne Esstisch-Pendellampe\"},{\"@type\":\"BreadcrumbList\",\"@id\":\"https:\\\/\\\/scandinavischelampen.nl\\\/de\\\/produkt\\\/mosgroene-eettafel-hanglamp-2\\\/#breadcrumb\",\"itemListElement\":[{\"@type\":\"ListItem\",\"position\":1,\"name\":\"Home\",\"item\":\"https:\\\/\\\/scandinavischelampen.nl\\\/de\\\/\"},{\"@type\":\"ListItem\",\"position\":2,\"name\":\"Gesch\u00e4ft\",\"item\":\"https:\\\/\\\/scandinavischelampen.nl\\\/de\\\/laden\\\/\"},{\"@type\":\"ListItem\",\"position\":3,\"name\":\"Moosgr\u00fcne Esstisch-Pendellampe \u2013 Geschichtetes Design \u2013 Vintage-Stil\"}]},{\"@type\":\"WebSite\",\"@id\":\"https:\\\/\\\/scandinavischelampen.nl\\\/de\\\/#website\",\"url\":\"https:\\\/\\\/scandinavischelampen.nl\\\/de\\\/\",\"name\":\"Scandinavische Lampen\",\"description\":\"Vintage-Designbeleuchtung\",\"publisher\":{\"@id\":\"https:\\\/\\\/scandinavischelampen.nl\\\/de\\\/#organization\"},\"potentialAction\":[{\"@type\":\"SearchAction\",\"target\":{\"@type\":\"EntryPoint\",\"urlTemplate\":\"https:\\\/\\\/scandinavischelampen.nl\\\/de\\\/?s={search_term_string}\"},\"query-input\":{\"@type\":\"PropertyValueSpecification\",\"valueRequired\":true,\"valueName\":\"search_term_string\"}}],\"inLanguage\":\"de\"},{\"@type\":\"Organization\",\"@id\":\"https:\\\/\\\/scandinavischelampen.nl\\\/de\\\/#organization\",\"name\":\"Scandinavische Lampen\",\"url\":\"https:\\\/\\\/scandinavischelampen.nl\\\/de\\\/\",\"logo\":{\"@type\":\"ImageObject\",\"inLanguage\":\"de\",\"@id\":\"https:\\\/\\\/scandinavischelampen.nl\\\/de\\\/#\\\/schema\\\/logo\\\/image\\\/\",\"url\":\"https:\\\/\\\/i0.wp.com\\\/scandinavischelampen.nl\\\/wp-content\\\/uploads\\\/2023\\\/07\\\/cropped-Scandinavische-lampen-logo-oranje-01-scaled.png?fit=4717%2C1570&ssl=1\",\"contentUrl\":\"https:\\\/\\\/i0.wp.com\\\/scandinavischelampen.nl\\\/wp-content\\\/uploads\\\/2023\\\/07\\\/cropped-Scandinavische-lampen-logo-oranje-01-scaled.png?fit=4717%2C1570&ssl=1\",\"width\":4717,\"height\":1570,\"caption\":\"Scandinavische Lampen\"},\"image\":{\"@id\":\"https:\\\/\\\/scandinavischelampen.nl\\\/de\\\/#\\\/schema\\\/logo\\\/image\\\/\"},\"sameAs\":[\"https:\\\/\\\/www.facebook.com\\\/scandinavischelampen\\\/\",\"https:\\\/\\\/www.instagram.com\\\/scandinavische_lampen\\\/\"]}]}<\/script>\n<!-- \/ Yoast SEO plugin. -->","yoast_head_json":{"title":"Moosgr\u00fcne Esstisch-Pendellampe \u2013 Geschichtetes Design Stilvolle Beleuchtung","description":"Moosgr\u00fcne Esstisch-Pendellampe mit einzigartigem geschichtetem Design. Perfekt f\u00fcr atmosph\u00e4risches Licht \u00fcber dem Tisch. Professionell pulverbeschichtet, E27-Fitting","robots":{"index":"index","follow":"follow","max-snippet":"max-snippet:-1","max-image-preview":"max-image-preview:large","max-video-preview":"max-video-preview:-1"},"canonical":"https:\/\/scandinavischelampen.nl\/de\/produkt\/mosgroene-eettafel-hanglamp-2\/","og_locale":"de_DE","og_type":"article","og_title":"Moosgr\u00fcne Esstisch-Pendellampe \u2013 Geschichtetes Design Stilvolle Beleuchtung","og_description":"Moosgr\u00fcne Esstisch-Pendellampe mit einzigartigem geschichtetem Design. Perfekt f\u00fcr atmosph\u00e4risches Licht \u00fcber dem Tisch. Professionell pulverbeschichtet, E27-Fitting","og_url":"https:\/\/scandinavischelampen.nl\/de\/produkt\/mosgroene-eettafel-hanglamp-2\/","og_site_name":"Skandinavische Lampen","article_publisher":"https:\/\/www.facebook.com\/scandinavischelampen\/","article_modified_time":"2025-11-24T19:01:29+00:00","og_image":[{"width":1920,"height":2560,"url":"https:\/\/i0.wp.com\/scandinavischelampen.nl\/wp-content\/uploads\/2025\/11\/IMG_0851-kopie-scaled.jpg?fit=1920%2C2560&ssl=1","type":"image\/jpeg"}],"twitter_card":"summary_large_image","twitter_misc":{"Gesch\u00e4tzte Lesezeit":"2\u00a0Minuten"},"schema":{"@context":"https:\/\/schema.org","@graph":[{"@type":"WebPage","@id":"https:\/\/scandinavischelampen.nl\/de\/produkt\/mosgroene-eettafel-hanglamp-2\/","url":"https:\/\/scandinavischelampen.nl\/de\/produkt\/mosgroene-eettafel-hanglamp-2\/","name":"Moosgr\u00fcne Esstisch-Pendellampe \u2013 Geschichtetes Design Stilvolle Beleuchtung","isPartOf":{"@id":"https:\/\/scandinavischelampen.nl\/de\/#website"},"primaryImageOfPage":{"@id":"https:\/\/scandinavischelampen.nl\/de\/produkt\/mosgroene-eettafel-hanglamp-2\/#primaryimage"},"image":{"@id":"https:\/\/scandinavischelampen.nl\/de\/produkt\/mosgroene-eettafel-hanglamp-2\/#primaryimage"},"thumbnailUrl":"https:\/\/i0.wp.com\/scandinavischelampen.nl\/wp-content\/uploads\/2025\/11\/IMG_0851-kopie-scaled.jpg?fit=1920%2C2560&ssl=1","datePublished":"2025-11-24T18:31:36+00:00","dateModified":"2025-11-24T19:01:29+00:00","description":"Moosgr\u00fcne Esstisch-Pendellampe mit einzigartigem geschichtetem Design. Perfekt f\u00fcr atmosph\u00e4risches Licht \u00fcber dem Tisch. Professionell pulverbeschichtet, E27-Fitting","breadcrumb":{"@id":"https:\/\/scandinavischelampen.nl\/de\/produkt\/mosgroene-eettafel-hanglamp-2\/#breadcrumb"},"inLanguage":"de","potentialAction":[{"@type":"ReadAction","target":["https:\/\/scandinavischelampen.nl\/de\/produkt\/mosgroene-eettafel-hanglamp-2\/"]}]},{"@type":"ImageObject","inLanguage":"de","@id":"https:\/\/scandinavischelampen.nl\/de\/produkt\/mosgroene-eettafel-hanglamp-2\/#primaryimage","url":"https:\/\/i0.wp.com\/scandinavischelampen.nl\/wp-content\/uploads\/2025\/11\/IMG_0851-kopie-scaled.jpg?fit=1920%2C2560&ssl=1","contentUrl":"https:\/\/i0.wp.com\/scandinavischelampen.nl\/wp-content\/uploads\/2025\/11\/IMG_0851-kopie-scaled.jpg?fit=1920%2C2560&ssl=1","width":1920,"height":2560,"caption":"Moosgr\u00fcne Esstisch-Pendellampe"},{"@type":"BreadcrumbList","@id":"https:\/\/scandinavischelampen.nl\/de\/produkt\/mosgroene-eettafel-hanglamp-2\/#breadcrumb","itemListElement":[{"@type":"ListItem","position":1,"name":"Home","item":"https:\/\/scandinavischelampen.nl\/de\/"},{"@type":"ListItem","position":2,"name":"Gesch\u00e4ft","item":"https:\/\/scandinavischelampen.nl\/de\/laden\/"},{"@type":"ListItem","position":3,"name":"Moosgr\u00fcne Esstisch-Pendellampe \u2013 Geschichtetes Design \u2013 Vintage-Stil"}]},{"@type":"WebSite","@id":"https:\/\/scandinavischelampen.nl\/de\/#website","url":"https:\/\/scandinavischelampen.nl\/de\/","name":"Scandinavische Lampen","description":"Vintage-Designbeleuchtung","publisher":{"@id":"https:\/\/scandinavischelampen.nl\/de\/#organization"},"potentialAction":[{"@type":"SearchAction","target":{"@type":"EntryPoint","urlTemplate":"https:\/\/scandinavischelampen.nl\/de\/?s={search_term_string}"},"query-input":{"@type":"PropertyValueSpecification","valueRequired":true,"valueName":"search_term_string"}}],"inLanguage":"de"},{"@type":"Organization","@id":"https:\/\/scandinavischelampen.nl\/de\/#organization","name":"Scandinavische Lampen","url":"https:\/\/scandinavischelampen.nl\/de\/","logo":{"@type":"ImageObject","inLanguage":"de","@id":"https:\/\/scandinavischelampen.nl\/de\/#\/schema\/logo\/image\/","url":"https:\/\/i0.wp.com\/scandinavischelampen.nl\/wp-content\/uploads\/2023\/07\/cropped-Scandinavische-lampen-logo-oranje-01-scaled.png?fit=4717%2C1570&ssl=1","contentUrl":"https:\/\/i0.wp.com\/scandinavischelampen.nl\/wp-content\/uploads\/2023\/07\/cropped-Scandinavische-lampen-logo-oranje-01-scaled.png?fit=4717%2C1570&ssl=1","width":4717,"height":1570,"caption":"Scandinavische Lampen"},"image":{"@id":"https:\/\/scandinavischelampen.nl\/de\/#\/schema\/logo\/image\/"},"sameAs":["https:\/\/www.facebook.com\/scandinavischelampen\/","https:\/\/www.instagram.com\/scandinavische_lampen\/"]}]}},"uagb_featured_image_src":{"full":["https:\/\/i0.wp.com\/scandinavischelampen.nl\/wp-content\/uploads\/2025\/11\/IMG_0851-kopie-scaled.jpg?fit=1920%2C2560&ssl=1",1920,2560,false],"thumbnail":["https:\/\/i0.wp.com\/scandinavischelampen.nl\/wp-content\/uploads\/2025\/11\/IMG_0851-kopie-scaled.jpg?resize=150%2C150&ssl=1",150,150,true],"medium":["https:\/\/i0.wp.com\/scandinavischelampen.nl\/wp-content\/uploads\/2025\/11\/IMG_0851-kopie-scaled.jpg?fit=225%2C300&ssl=1",225,300,true],"medium_large":["https:\/\/i0.wp.com\/scandinavischelampen.nl\/wp-content\/uploads\/2025\/11\/IMG_0851-kopie-scaled.jpg?fit=768%2C1024&ssl=1",768,1024,true],"large":["https:\/\/i0.wp.com\/scandinavischelampen.nl\/wp-content\/uploads\/2025\/11\/IMG_0851-kopie-scaled.jpg?fit=768%2C1024&ssl=1",768,1024,true],"1536x1536":["https:\/\/i0.wp.com\/scandinavischelampen.nl\/wp-content\/uploads\/2025\/11\/IMG_0851-kopie-scaled.jpg?fit=1152%2C1536&ssl=1",1152,1536,true],"2048x2048":["https:\/\/i0.wp.com\/scandinavischelampen.nl\/wp-content\/uploads\/2025\/11\/IMG_0851-kopie-scaled.jpg?fit=1536%2C2048&ssl=1",1536,2048,true],"woocommerce_thumbnail":["https:\/\/i0.wp.com\/scandinavischelampen.nl\/wp-content\/uploads\/2025\/11\/IMG_0851-kopie-scaled.jpg?resize=300%2C300&ssl=1",300,300,true],"woocommerce_single":["https:\/\/i0.wp.com\/scandinavischelampen.nl\/wp-content\/uploads\/2025\/11\/IMG_0851-kopie-scaled.jpg?fit=600%2C800&ssl=1",600,800,true],"woocommerce_gallery_thumbnail":["https:\/\/i0.wp.com\/scandinavischelampen.nl\/wp-content\/uploads\/2025\/11\/IMG_0851-kopie-scaled.jpg?resize=100%2C100&ssl=1",100,100,true],"thaps-thumb-img":["https:\/\/i0.wp.com\/scandinavischelampen.nl\/wp-content\/uploads\/2025\/11\/IMG_0851-kopie-scaled.jpg?resize=48%2C64&ssl=1",48,64,true]},"uagb_author_info":{"display_name":"administrator","author_link":"https:\/\/scandinavischelampen.nl\/de\/author\/"},"uagb_comment_info":0,"uagb_excerpt":"Stylish moosgr\u00fcne Esstisch-Pendellampe mit geschichtetem Design. Diffuses Licht f\u00fcr eine warme Atmosph\u00e4re im Esszimmer. \u00d824 cm, E27-Verschluss, professionell pulverbeschichtet und bereit f\u00fcr LED.","jetpack_sharing_enabled":true,"_links":{"self":[{"href":"https:\/\/scandinavischelampen.nl\/de\/wp-json\/wp\/v2\/product\/61690","targetHints":{"allow":["GET"]}}],"collection":[{"href":"https:\/\/scandinavischelampen.nl\/de\/wp-json\/wp\/v2\/product"}],"about":[{"href":"https:\/\/scandinavischelampen.nl\/de\/wp-json\/wp\/v2\/types\/product"}],"wp:featuredmedia":[{"embeddable":true,"href":"https:\/\/scandinavischelampen.nl\/de\/wp-json\/wp\/v2\/media\/61704"}],"wp:attachment":[{"href":"https:\/\/scandinavischelampen.nl\/de\/wp-json\/wp\/v2\/media?parent=61690"}],"wp:term":[{"taxonomy":"product_brand","embeddable":true,"href":"https:\/\/scandinavischelampen.nl\/de\/wp-json\/wp\/v2\/product_brand?post=61690"},{"taxonomy":"product_cat","embeddable":true,"href":"https:\/\/scandinavischelampen.nl\/de\/wp-json\/wp\/v2\/product_cat?post=61690"},{"taxonomy":"product_tag","embeddable":true,"href":"https:\/\/scandinavischelampen.nl\/de\/wp-json\/wp\/v2\/product_tag?post=61690"}],"curies":[{"name":"wp","href":"https:\/\/api.w.org\/{rel}","templated":true}]}}