{"id":61568,"date":"2025-11-15T07:37:06","date_gmt":"2025-11-15T06:37:06","guid":{"rendered":"https:\/\/scandinavischelampen.nl\/?post_type=product&#038;p=61568"},"modified":"2025-11-16T07:15:55","modified_gmt":"2025-11-16T06:15:55","slug":"skandinavisch-pendellampen-aubergine-set-of-2","status":"publish","type":"product","link":"https:\/\/scandinavischelampen.nl\/de\/produkt\/skandinavisch-pendellampen-aubergine-set-of-2\/","title":{"rendered":"Skandinavische Pendelleuchten, Aubergine, 2er-Set"},"content":{"rendered":"<h1>Skandinavische Pendelleuchten, Aubergine, 2er-Set<\/h1>\n<p data-start=\"135\" data-end=\"646\">Verleihen Sie Ihrem Interieur mit diesen wundersch\u00f6nen skandinavischen Pendelleuchten, <strong data-start=\"225\" data-end=\"277\">jetzt in einem warmen Aubergine-Ton pulverbeschichtet<\/strong>, ein stilvolles Upgrade. Das Vintage-Design mit seinen mehrschichtigen Schalen zieht sofort die Blicke auf sich, ohne dabei aufdringlich zu wirken. Die neue Aubergine-Farbe verleiht den Leuchten einen modernen und luxuri\u00f6sen Look, w\u00e4hrend das Design selbst Ruhe und Schlichtheit ausstrahlt \u2013 genau das, was man von skandinavischem Design erwartet. Diese Kombination macht die Leuchten zeitlos und \u00fcberraschend vielseitig.   <\/p>\n<p data-start=\"648\" data-end=\"1084\">Das Besondere an diesen Lampen ist nicht nur ihre Form, sondern auch die Art, wie sie das Licht streuen. Das gestaffelte Design verteilt das Licht spielerisch nach unten und zur Seite. Die warme Auberginefarbe der Schalen sorgt daf\u00fcr, dass das Licht nicht grell oder hart, sondern weich und stimmungsvoll wirkt.  <\/p>\n<p data-start=\"1086\" data-end=\"1503\">Ob Vintage, skandinavisch oder eine Mischung aus beidem \u2013 diese Pendelleuchten verleihen jedem Raum Pers\u00f6nlichkeit. Sie sind dezent und setzen dennoch ein stilvolles Statement. Mit ihrem charmanten Design und der innovativen, warmen Farbe schaffen sie die perfekte Balance zwischen modernem Stil und Gem\u00fctlichkeit. Ein echtes Highlight f\u00fcr alle, die eine einzigartige, stimmungsvolle Beleuchtung mit Geschichte suchen.   <\/p>\n<p data-start=\"1505\" data-end=\"1853\" data-is-last-node=\"\" data-is-only-node=\"\"><strong data-start=\"1505\" data-end=\"1517\">Zustand<\/strong><br data-start=\"1517\" data-end=\"1520\">Die Lampen sind etwa 35 Jahre alt und in gutem Zustand, mit leichten Anzeichen vorheriger Benutzung. Sie wurden k\u00fcrzlich vollst\u00e4ndig <strong data-start=\"1637\" data-end=\"1695\">professionell in einem warmen auberginfarbenen Farbton pulverbeschichtet<\/strong>, sodass die Farbe wieder wie neu aussieht. Bitte beachten Sie, dass die Patronen leichte Verformungen und einige kleine Dellen aufweisen. Der Aufkleber des Herstellers fehlt, daher ist leider nicht m\u00f6glich herauszufinden, wer diese Lampen hergestellt hat.   <\/p>\n<h2>Spezifikationen skandinavischer Pendelleuchten<\/h2>\n<ul>\n<li>Durchmesser: 40 cm<\/li>\n<li>H\u00f6he: 20 cm<\/li>\n<li>Lengte van het snoer: 210 cm (instelbaar bij installatie)<\/li>\n<li>Material: Aluminium<\/li>\n<li>Farbe Kabel: wei\u00df<\/li>\n<li>Maximale Wattzahl: 60 W<\/li>\n<li>Fassung: E27<\/li>\n<li>F\u00fcr LED-Lampen geeignet<\/li>\n<li>Gewicht: 1 kg<\/li>\n<\/ul>\n<p><strong>Pers\u00f6nliche Anmerkung<\/strong><\/p>\n<p>Diese skandinavischen Pendelleuchten in warmem Aubergine-Ton, <strong data-start=\"152\" data-end=\"204\">neu in einem zarten Schokoladenpuder<\/strong>, wirken dank ihres wundersch\u00f6nen Designs hell und gesund, aber dennoch elegant. Die auberginefarbenen Leuchtenschalen erzeugen ein warmes, diffuses Licht, perfekt f\u00fcr die \u00e4sthetische Atmosph\u00e4re in der K\u00fcche. Der moderne Look unterstreicht den luxuri\u00f6sen Eindruck im Wohnzimmer, das Design ist stilvoll, ruhig und friedlich. F\u00fcr mich lassen sich durch Licht \u2013 unterstrichen durch einen modernen, siefen Schirm \u2013 wunderbare Effekte erzielen.   <\/p>\n","protected":false},"excerpt":{"rendered":"<p><strong><span style=\"color: #00ff00;\">\u221a<\/span> <span style=\"color: #ff6600;\">Kostenloser Versand in Europa ab \u20ac350<\/span><br \/>\n<\/strong><strong><span style=\"color: #00ff00;\">\u221a<\/span> Bestellt vor <span style=\"color: #ff6600;\">16:00 Uhr<\/span>? Normalerweise am selben Tag versandt<br \/>\n<\/strong><strong><span style=\"color: #00ff00;\">\u221a<\/span> <span style=\"color: #ff6600;\">14 Tage<\/span> Bedenkzeit<br \/>\n<\/strong><strong><span style=\"color: #00ff00;\">\u221a<\/span> Geeignet f\u00fcr <span style=\"color: #ff6600;\">LED<\/span><\/strong><\/p>\n<ul>\n<li><strong>Durchmesser: 40 cm<\/strong><\/li>\n<li><strong>H\u00f6he: 20 cm<\/strong><\/li>\n<\/ul>\n","protected":false},"featured_media":61526,"template":"","meta":{"_uag_custom_page_level_css":"","site-sidebar-layout":"default","site-content-layout":"default","ast-site-content-layout":"default","site-content-style":"default","site-sidebar-style":"default","ast-global-header-display":"","ast-banner-title-visibility":"","ast-main-header-display":"","ast-hfb-above-header-display":"","ast-hfb-below-header-display":"","ast-hfb-mobile-header-display":"","site-post-title":"","ast-breadcrumbs-content":"","ast-featured-img":"","footer-sml-layout":"","ast-disable-related-posts":"","theme-transparent-header-meta":"default","adv-header-id-meta":"","stick-header-meta":"","header-above-stick-meta":"","header-main-stick-meta":"","header-below-stick-meta":"","astra-migrate-meta-layouts":"set","ast-page-background-enabled":"default","ast-page-background-meta":{"desktop":{"background-color":"var(--ast-global-color-4)","background-image":"","background-repeat":"repeat","background-position":"center center","background-size":"auto","background-attachment":"scroll","background-type":"","background-media":"","overlay-type":"","overlay-color":"","overlay-opacity":"","overlay-gradient":""},"tablet":{"background-color":"","background-image":"","background-repeat":"repeat","background-position":"center center","background-size":"auto","background-attachment":"scroll","background-type":"","background-media":"","overlay-type":"","overlay-color":"","overlay-opacity":"","overlay-gradient":""},"mobile":{"background-color":"","background-image":"","background-repeat":"repeat","background-position":"center center","background-size":"auto","background-attachment":"scroll","background-type":"","background-media":"","overlay-type":"","overlay-color":"","overlay-opacity":"","overlay-gradient":""}},"ast-content-background-meta":{"desktop":{"background-color":"var(--ast-global-color-5)","background-image":"","background-repeat":"repeat","background-position":"center center","background-size":"auto","background-attachment":"scroll","background-type":"","background-media":"","overlay-type":"","overlay-color":"","overlay-opacity":"","overlay-gradient":""},"tablet":{"background-color":"var(--ast-global-color-5)","background-image":"","background-repeat":"repeat","background-position":"center center","background-size":"auto","background-attachment":"scroll","background-type":"","background-media":"","overlay-type":"","overlay-color":"","overlay-opacity":"","overlay-gradient":""},"mobile":{"background-color":"var(--ast-global-color-5)","background-image":"","background-repeat":"repeat","background-position":"center center","background-size":"auto","background-attachment":"scroll","background-type":"","background-media":"","overlay-type":"","overlay-color":"","overlay-opacity":"","overlay-gradient":""}}},"product_brand":[],"product_cat":[255,243,247,275,245,248,605,249],"product_tag":[1005],"class_list":{"0":"post-61568","1":"product","2":"type-product","3":"status-publish","4":"has-post-thumbnail","6":"product_cat-farbkollektion","7":"product_cat-skandinavische-pendelleuchten","8":"product_cat-kuche","9":"product_cat-lampen-duos-de","10":"product_cat-pendelleuchte-esstisch","11":"product_cat-schlafzimmer","12":"product_cat-sehen-sie-sich-unsere-komplette-kollektion-an","13":"product_cat-wohnzimmer","14":"product_tag-aubergine","15":"desktop-align-center","16":"tablet-align-left","17":"mobile-align-left","19":"first","20":"instock","21":"taxable","22":"shipping-taxable","23":"purchasable","24":"product-type-simple"},"yoast_head":"<!-- This site is optimized with the Yoast SEO plugin v27.5 - https:\/\/yoast.com\/product\/yoast-seo-wordpress\/ -->\n<title>Skandinavische Pendelleuchten, Aubergine, 2er-Set - Vintage<\/title>\n<meta name=\"description\" content=\"Wundersch\u00f6ne skandinavische Vintage-Pendelleuchten in Aubergine. Suchen Sie nach einer einzigartigen Lampengarnitur f\u00fcr Ihren Esstisch? Schauen Sie hier\" \/>\n<meta name=\"robots\" content=\"index, follow, max-snippet:-1, max-image-preview:large, max-video-preview:-1\" \/>\n<link rel=\"canonical\" href=\"https:\/\/scandinavischelampen.nl\/de\/produkt\/skandinavisch-pendellampen-aubergine-set-of-2\/\" \/>\n<meta property=\"og:locale\" content=\"de_DE\" \/>\n<meta property=\"og:type\" content=\"article\" \/>\n<meta property=\"og:title\" content=\"Skandinavische Pendelleuchten, Aubergine, 2er-Set - Vintage\" \/>\n<meta property=\"og:description\" content=\"Wundersch\u00f6ne skandinavische Vintage-Pendelleuchten in Aubergine. Suchen Sie nach einer einzigartigen Lampengarnitur f\u00fcr Ihren Esstisch? Schauen Sie hier\" \/>\n<meta property=\"og:url\" content=\"https:\/\/scandinavischelampen.nl\/de\/produkt\/skandinavisch-pendellampen-aubergine-set-of-2\/\" \/>\n<meta property=\"og:site_name\" content=\"Skandinavische Lampen\" \/>\n<meta property=\"article:publisher\" content=\"https:\/\/www.facebook.com\/scandinavischelampen\/\" \/>\n<meta property=\"article:modified_time\" content=\"2025-11-16T06:15:55+00:00\" \/>\n<meta property=\"og:image\" content=\"https:\/\/i0.wp.com\/scandinavischelampen.nl\/wp-content\/uploads\/2025\/06\/IMG_0741-kopie-scaled.jpg?fit=1920%2C2560&ssl=1\" \/>\n\t<meta property=\"og:image:width\" content=\"1920\" \/>\n\t<meta property=\"og:image:height\" content=\"2560\" \/>\n\t<meta property=\"og:image:type\" content=\"image\/jpeg\" \/>\n<meta name=\"twitter:card\" content=\"summary_large_image\" \/>\n<meta name=\"twitter:label1\" content=\"Gesch\u00e4tzte Lesezeit\" \/>\n\t<meta name=\"twitter:data1\" content=\"2\u00a0Minuten\" \/>\n<script type=\"application\/ld+json\" class=\"yoast-schema-graph\">{\"@context\":\"https:\\\/\\\/schema.org\",\"@graph\":[{\"@type\":\"WebPage\",\"@id\":\"https:\\\/\\\/scandinavischelampen.nl\\\/de\\\/produkt\\\/skandinavisch-pendellampen-aubergine-set-of-2\\\/\",\"url\":\"https:\\\/\\\/scandinavischelampen.nl\\\/de\\\/produkt\\\/skandinavisch-pendellampen-aubergine-set-of-2\\\/\",\"name\":\"Skandinavische Pendelleuchten, Aubergine, 2er-Set - Vintage\",\"isPartOf\":{\"@id\":\"https:\\\/\\\/scandinavischelampen.nl\\\/de\\\/#website\"},\"primaryImageOfPage\":{\"@id\":\"https:\\\/\\\/scandinavischelampen.nl\\\/de\\\/produkt\\\/skandinavisch-pendellampen-aubergine-set-of-2\\\/#primaryimage\"},\"image\":{\"@id\":\"https:\\\/\\\/scandinavischelampen.nl\\\/de\\\/produkt\\\/skandinavisch-pendellampen-aubergine-set-of-2\\\/#primaryimage\"},\"thumbnailUrl\":\"https:\\\/\\\/i0.wp.com\\\/scandinavischelampen.nl\\\/wp-content\\\/uploads\\\/2025\\\/06\\\/IMG_0741-kopie-scaled.jpg?fit=1920%2C2560&ssl=1\",\"datePublished\":\"2025-11-15T06:37:06+00:00\",\"dateModified\":\"2025-11-16T06:15:55+00:00\",\"description\":\"Wundersch\u00f6ne skandinavische Vintage-Pendelleuchten in Aubergine. Suchen Sie nach einer einzigartigen Lampengarnitur f\u00fcr Ihren Esstisch? Schauen Sie hier\",\"breadcrumb\":{\"@id\":\"https:\\\/\\\/scandinavischelampen.nl\\\/de\\\/produkt\\\/skandinavisch-pendellampen-aubergine-set-of-2\\\/#breadcrumb\"},\"inLanguage\":\"de\",\"potentialAction\":[{\"@type\":\"ReadAction\",\"target\":[\"https:\\\/\\\/scandinavischelampen.nl\\\/de\\\/produkt\\\/skandinavisch-pendellampen-aubergine-set-of-2\\\/\"]}]},{\"@type\":\"ImageObject\",\"inLanguage\":\"de\",\"@id\":\"https:\\\/\\\/scandinavischelampen.nl\\\/de\\\/produkt\\\/skandinavisch-pendellampen-aubergine-set-of-2\\\/#primaryimage\",\"url\":\"https:\\\/\\\/i0.wp.com\\\/scandinavischelampen.nl\\\/wp-content\\\/uploads\\\/2025\\\/06\\\/IMG_0741-kopie-scaled.jpg?fit=1920%2C2560&ssl=1\",\"contentUrl\":\"https:\\\/\\\/i0.wp.com\\\/scandinavischelampen.nl\\\/wp-content\\\/uploads\\\/2025\\\/06\\\/IMG_0741-kopie-scaled.jpg?fit=1920%2C2560&ssl=1\",\"width\":1920,\"height\":2560,\"caption\":\"Skandinavische Pendelleuchten, Aubergine, 2er-Set\"},{\"@type\":\"BreadcrumbList\",\"@id\":\"https:\\\/\\\/scandinavischelampen.nl\\\/de\\\/produkt\\\/skandinavisch-pendellampen-aubergine-set-of-2\\\/#breadcrumb\",\"itemListElement\":[{\"@type\":\"ListItem\",\"position\":1,\"name\":\"Home\",\"item\":\"https:\\\/\\\/scandinavischelampen.nl\\\/de\\\/\"},{\"@type\":\"ListItem\",\"position\":2,\"name\":\"Gesch\u00e4ft\",\"item\":\"https:\\\/\\\/scandinavischelampen.nl\\\/de\\\/laden\\\/\"},{\"@type\":\"ListItem\",\"position\":3,\"name\":\"Skandinavische Pendelleuchten, Aubergine, 2er-Set\"}]},{\"@type\":\"WebSite\",\"@id\":\"https:\\\/\\\/scandinavischelampen.nl\\\/de\\\/#website\",\"url\":\"https:\\\/\\\/scandinavischelampen.nl\\\/de\\\/\",\"name\":\"Scandinavische Lampen\",\"description\":\"Vintage-Designbeleuchtung\",\"publisher\":{\"@id\":\"https:\\\/\\\/scandinavischelampen.nl\\\/de\\\/#organization\"},\"potentialAction\":[{\"@type\":\"SearchAction\",\"target\":{\"@type\":\"EntryPoint\",\"urlTemplate\":\"https:\\\/\\\/scandinavischelampen.nl\\\/de\\\/?s={search_term_string}\"},\"query-input\":{\"@type\":\"PropertyValueSpecification\",\"valueRequired\":true,\"valueName\":\"search_term_string\"}}],\"inLanguage\":\"de\"},{\"@type\":\"Organization\",\"@id\":\"https:\\\/\\\/scandinavischelampen.nl\\\/de\\\/#organization\",\"name\":\"Scandinavische Lampen\",\"url\":\"https:\\\/\\\/scandinavischelampen.nl\\\/de\\\/\",\"logo\":{\"@type\":\"ImageObject\",\"inLanguage\":\"de\",\"@id\":\"https:\\\/\\\/scandinavischelampen.nl\\\/de\\\/#\\\/schema\\\/logo\\\/image\\\/\",\"url\":\"https:\\\/\\\/i0.wp.com\\\/scandinavischelampen.nl\\\/wp-content\\\/uploads\\\/2023\\\/07\\\/cropped-Scandinavische-lampen-logo-oranje-01-scaled.png?fit=4717%2C1570&ssl=1\",\"contentUrl\":\"https:\\\/\\\/i0.wp.com\\\/scandinavischelampen.nl\\\/wp-content\\\/uploads\\\/2023\\\/07\\\/cropped-Scandinavische-lampen-logo-oranje-01-scaled.png?fit=4717%2C1570&ssl=1\",\"width\":4717,\"height\":1570,\"caption\":\"Scandinavische Lampen\"},\"image\":{\"@id\":\"https:\\\/\\\/scandinavischelampen.nl\\\/de\\\/#\\\/schema\\\/logo\\\/image\\\/\"},\"sameAs\":[\"https:\\\/\\\/www.facebook.com\\\/scandinavischelampen\\\/\",\"https:\\\/\\\/www.instagram.com\\\/scandinavische_lampen\\\/\"]}]}<\/script>\n<!-- \/ Yoast SEO plugin. -->","yoast_head_json":{"title":"Skandinavische Pendelleuchten, Aubergine, 2er-Set - Vintage","description":"Wundersch\u00f6ne skandinavische Vintage-Pendelleuchten in Aubergine. Suchen Sie nach einer einzigartigen Lampengarnitur f\u00fcr Ihren Esstisch? Schauen Sie hier","robots":{"index":"index","follow":"follow","max-snippet":"max-snippet:-1","max-image-preview":"max-image-preview:large","max-video-preview":"max-video-preview:-1"},"canonical":"https:\/\/scandinavischelampen.nl\/de\/produkt\/skandinavisch-pendellampen-aubergine-set-of-2\/","og_locale":"de_DE","og_type":"article","og_title":"Skandinavische Pendelleuchten, Aubergine, 2er-Set - Vintage","og_description":"Wundersch\u00f6ne skandinavische Vintage-Pendelleuchten in Aubergine. Suchen Sie nach einer einzigartigen Lampengarnitur f\u00fcr Ihren Esstisch? Schauen Sie hier","og_url":"https:\/\/scandinavischelampen.nl\/de\/produkt\/skandinavisch-pendellampen-aubergine-set-of-2\/","og_site_name":"Skandinavische Lampen","article_publisher":"https:\/\/www.facebook.com\/scandinavischelampen\/","article_modified_time":"2025-11-16T06:15:55+00:00","og_image":[{"width":1920,"height":2560,"url":"https:\/\/i0.wp.com\/scandinavischelampen.nl\/wp-content\/uploads\/2025\/06\/IMG_0741-kopie-scaled.jpg?fit=1920%2C2560&ssl=1","type":"image\/jpeg"}],"twitter_card":"summary_large_image","twitter_misc":{"Gesch\u00e4tzte Lesezeit":"2\u00a0Minuten"},"schema":{"@context":"https:\/\/schema.org","@graph":[{"@type":"WebPage","@id":"https:\/\/scandinavischelampen.nl\/de\/produkt\/skandinavisch-pendellampen-aubergine-set-of-2\/","url":"https:\/\/scandinavischelampen.nl\/de\/produkt\/skandinavisch-pendellampen-aubergine-set-of-2\/","name":"Skandinavische Pendelleuchten, Aubergine, 2er-Set - Vintage","isPartOf":{"@id":"https:\/\/scandinavischelampen.nl\/de\/#website"},"primaryImageOfPage":{"@id":"https:\/\/scandinavischelampen.nl\/de\/produkt\/skandinavisch-pendellampen-aubergine-set-of-2\/#primaryimage"},"image":{"@id":"https:\/\/scandinavischelampen.nl\/de\/produkt\/skandinavisch-pendellampen-aubergine-set-of-2\/#primaryimage"},"thumbnailUrl":"https:\/\/i0.wp.com\/scandinavischelampen.nl\/wp-content\/uploads\/2025\/06\/IMG_0741-kopie-scaled.jpg?fit=1920%2C2560&ssl=1","datePublished":"2025-11-15T06:37:06+00:00","dateModified":"2025-11-16T06:15:55+00:00","description":"Wundersch\u00f6ne skandinavische Vintage-Pendelleuchten in Aubergine. Suchen Sie nach einer einzigartigen Lampengarnitur f\u00fcr Ihren Esstisch? Schauen Sie hier","breadcrumb":{"@id":"https:\/\/scandinavischelampen.nl\/de\/produkt\/skandinavisch-pendellampen-aubergine-set-of-2\/#breadcrumb"},"inLanguage":"de","potentialAction":[{"@type":"ReadAction","target":["https:\/\/scandinavischelampen.nl\/de\/produkt\/skandinavisch-pendellampen-aubergine-set-of-2\/"]}]},{"@type":"ImageObject","inLanguage":"de","@id":"https:\/\/scandinavischelampen.nl\/de\/produkt\/skandinavisch-pendellampen-aubergine-set-of-2\/#primaryimage","url":"https:\/\/i0.wp.com\/scandinavischelampen.nl\/wp-content\/uploads\/2025\/06\/IMG_0741-kopie-scaled.jpg?fit=1920%2C2560&ssl=1","contentUrl":"https:\/\/i0.wp.com\/scandinavischelampen.nl\/wp-content\/uploads\/2025\/06\/IMG_0741-kopie-scaled.jpg?fit=1920%2C2560&ssl=1","width":1920,"height":2560,"caption":"Skandinavische Pendelleuchten, Aubergine, 2er-Set"},{"@type":"BreadcrumbList","@id":"https:\/\/scandinavischelampen.nl\/de\/produkt\/skandinavisch-pendellampen-aubergine-set-of-2\/#breadcrumb","itemListElement":[{"@type":"ListItem","position":1,"name":"Home","item":"https:\/\/scandinavischelampen.nl\/de\/"},{"@type":"ListItem","position":2,"name":"Gesch\u00e4ft","item":"https:\/\/scandinavischelampen.nl\/de\/laden\/"},{"@type":"ListItem","position":3,"name":"Skandinavische Pendelleuchten, Aubergine, 2er-Set"}]},{"@type":"WebSite","@id":"https:\/\/scandinavischelampen.nl\/de\/#website","url":"https:\/\/scandinavischelampen.nl\/de\/","name":"Scandinavische Lampen","description":"Vintage-Designbeleuchtung","publisher":{"@id":"https:\/\/scandinavischelampen.nl\/de\/#organization"},"potentialAction":[{"@type":"SearchAction","target":{"@type":"EntryPoint","urlTemplate":"https:\/\/scandinavischelampen.nl\/de\/?s={search_term_string}"},"query-input":{"@type":"PropertyValueSpecification","valueRequired":true,"valueName":"search_term_string"}}],"inLanguage":"de"},{"@type":"Organization","@id":"https:\/\/scandinavischelampen.nl\/de\/#organization","name":"Scandinavische Lampen","url":"https:\/\/scandinavischelampen.nl\/de\/","logo":{"@type":"ImageObject","inLanguage":"de","@id":"https:\/\/scandinavischelampen.nl\/de\/#\/schema\/logo\/image\/","url":"https:\/\/i0.wp.com\/scandinavischelampen.nl\/wp-content\/uploads\/2023\/07\/cropped-Scandinavische-lampen-logo-oranje-01-scaled.png?fit=4717%2C1570&ssl=1","contentUrl":"https:\/\/i0.wp.com\/scandinavischelampen.nl\/wp-content\/uploads\/2023\/07\/cropped-Scandinavische-lampen-logo-oranje-01-scaled.png?fit=4717%2C1570&ssl=1","width":4717,"height":1570,"caption":"Scandinavische Lampen"},"image":{"@id":"https:\/\/scandinavischelampen.nl\/de\/#\/schema\/logo\/image\/"},"sameAs":["https:\/\/www.facebook.com\/scandinavischelampen\/","https:\/\/www.instagram.com\/scandinavische_lampen\/"]}]}},"uagb_featured_image_src":{"full":["https:\/\/i0.wp.com\/scandinavischelampen.nl\/wp-content\/uploads\/2025\/06\/IMG_0741-kopie-scaled.jpg?fit=1920%2C2560&ssl=1",1920,2560,false],"thumbnail":["https:\/\/i0.wp.com\/scandinavischelampen.nl\/wp-content\/uploads\/2025\/06\/IMG_0741-kopie-scaled.jpg?resize=150%2C150&ssl=1",150,150,true],"medium":["https:\/\/i0.wp.com\/scandinavischelampen.nl\/wp-content\/uploads\/2025\/06\/IMG_0741-kopie-scaled.jpg?fit=225%2C300&ssl=1",225,300,true],"medium_large":["https:\/\/i0.wp.com\/scandinavischelampen.nl\/wp-content\/uploads\/2025\/06\/IMG_0741-kopie-scaled.jpg?fit=768%2C1024&ssl=1",768,1024,true],"large":["https:\/\/i0.wp.com\/scandinavischelampen.nl\/wp-content\/uploads\/2025\/06\/IMG_0741-kopie-scaled.jpg?fit=768%2C1024&ssl=1",768,1024,true],"1536x1536":["https:\/\/i0.wp.com\/scandinavischelampen.nl\/wp-content\/uploads\/2025\/06\/IMG_0741-kopie-scaled.jpg?fit=1152%2C1536&ssl=1",1152,1536,true],"2048x2048":["https:\/\/i0.wp.com\/scandinavischelampen.nl\/wp-content\/uploads\/2025\/06\/IMG_0741-kopie-scaled.jpg?fit=1536%2C2048&ssl=1",1536,2048,true],"woocommerce_thumbnail":["https:\/\/i0.wp.com\/scandinavischelampen.nl\/wp-content\/uploads\/2025\/06\/IMG_0741-kopie-scaled.jpg?resize=300%2C300&ssl=1",300,300,true],"woocommerce_single":["https:\/\/i0.wp.com\/scandinavischelampen.nl\/wp-content\/uploads\/2025\/06\/IMG_0741-kopie-scaled.jpg?fit=600%2C800&ssl=1",600,800,true],"woocommerce_gallery_thumbnail":["https:\/\/i0.wp.com\/scandinavischelampen.nl\/wp-content\/uploads\/2025\/06\/IMG_0741-kopie-scaled.jpg?resize=100%2C100&ssl=1",100,100,true],"thaps-thumb-img":["https:\/\/i0.wp.com\/scandinavischelampen.nl\/wp-content\/uploads\/2025\/06\/IMG_0741-kopie-scaled.jpg?resize=48%2C64&ssl=1",48,64,true]},"uagb_author_info":{"display_name":"administrator","author_link":"https:\/\/scandinavischelampen.nl\/de\/author\/"},"uagb_comment_info":0,"uagb_excerpt":"\u221a Kostenloser Versand in Europa ab \u20ac350 \u221a Bestellt vor 16:00 Uhr? Normalerweise am selben Tag versandt \u221a 14 Tage Bedenkzeit \u221a Geeignet f\u00fcr LED Durchmesser: 40 cm H\u00f6he: 20 cm","jetpack_sharing_enabled":true,"_links":{"self":[{"href":"https:\/\/scandinavischelampen.nl\/de\/wp-json\/wp\/v2\/product\/61568","targetHints":{"allow":["GET"]}}],"collection":[{"href":"https:\/\/scandinavischelampen.nl\/de\/wp-json\/wp\/v2\/product"}],"about":[{"href":"https:\/\/scandinavischelampen.nl\/de\/wp-json\/wp\/v2\/types\/product"}],"wp:featuredmedia":[{"embeddable":true,"href":"https:\/\/scandinavischelampen.nl\/de\/wp-json\/wp\/v2\/media\/61526"}],"wp:attachment":[{"href":"https:\/\/scandinavischelampen.nl\/de\/wp-json\/wp\/v2\/media?parent=61568"}],"wp:term":[{"taxonomy":"product_brand","embeddable":true,"href":"https:\/\/scandinavischelampen.nl\/de\/wp-json\/wp\/v2\/product_brand?post=61568"},{"taxonomy":"product_cat","embeddable":true,"href":"https:\/\/scandinavischelampen.nl\/de\/wp-json\/wp\/v2\/product_cat?post=61568"},{"taxonomy":"product_tag","embeddable":true,"href":"https:\/\/scandinavischelampen.nl\/de\/wp-json\/wp\/v2\/product_tag?post=61568"}],"curies":[{"name":"wp","href":"https:\/\/api.w.org\/{rel}","templated":true}]}}