{"id":61286,"date":"2025-11-07T15:57:08","date_gmt":"2025-11-07T14:57:08","guid":{"rendered":"https:\/\/scandinavischelampen.nl\/?post_type=product&#038;p=61286"},"modified":"2025-11-07T16:48:09","modified_gmt":"2025-11-07T15:48:09","slug":"louis-poulsen-ph-4-3-pendelleuchte","status":"publish","type":"product","link":"https:\/\/scandinavischelampen.nl\/de\/produkt\/louis-poulsen-ph-4-3-pendelleuchte\/","title":{"rendered":"Louis Poulsen PH 4\/3 Pendelleuchte \u2013 D\u00e4nische Design-Ikone"},"content":{"rendered":"<h3 data-start=\"572\" data-end=\"629\"><strong data-start=\"576\" data-end=\"629\">Louis Poulsen PH 4\/3 Pendelleuchte \u2013 D\u00e4nische Design-Ikone<\/strong><\/h3>\n<p data-start=\"631\" data-end=\"1074\">Die <strong data-start=\"634\" data-end=\"667\">Louis Poulsen PH 4\/3 Pendelleuchte<\/strong> ist ein Meisterwerk von Poul Henningsen und geh\u00f6rt zur ber\u00fchmten PH 3 Bildschirmfamilie. Das Design basiert auf dem revolution\u00e4ren Henningsen-Prinzip des <strong data-start=\"831\" data-end=\"874\">blendfreien und energieeffizienten Lichts<\/strong>. Durch die Verwendung von drei Bildschirmen (ein oberer Bildschirm und zwei darunterliegende Schalen) wird das Licht sorgf\u00e4ltig verteilt, um Blendung zu vermeiden und ein harmonisches, weiches Leuchten zu erzeugen.  <\/p>\n<p data-start=\"1076\" data-end=\"1401\">Die obere Leinwand beleuchtet die beiden unteren Bildschirme dezent, w\u00e4hrend die unteren beiden Schalen das Licht meist nach unten lenken. Durch die Kombination aus Bildschirmgr\u00f6\u00dfe, Material und reflektierenden Oberfl\u00e4chen entsteht eine <strong data-start=\"1320\" data-end=\"1363\">perfekt ausgewogene Lichtverteilung<\/strong>, die f\u00fcr alle PH-Leuchten charakteristisch ist. <\/p>\n<p data-start=\"1403\" data-end=\"1707\">Der PH 4\/3 ist ein <strong data-start=\"1420\" data-end=\"1440\">flexibles Design<\/strong>, das sich sowohl f\u00fcr h\u00f6here als auch f\u00fcr niedrigere Aufh\u00e4ngungen eignet und perfekt \u00fcber einen Esstisch, in eine Sitzecke oder einen B\u00fcroraum passt. Dank des durchdachten Designs von Poul Henningsen bringt diese Leuchte <strong data-start=\"1628\" data-end=\"1691\">nicht nur Licht, sondern auch Eleganz und Designgeschichte<\/strong> in jeden Raum. <\/p>\n<h2><strong>Zustand<\/strong><\/h2>\n<p style=\"font-weight: 400;\">Diese Louis Poulsen PH 5\/41\/2 Pendelleuchte ist ca. 20 Jahre alt und weist leichte Gebrauchsspuren auf. Sie k\u00f6nnen an einige leichte Kratzer denken.  Der Aufkleber des Herstellers ist in der Lampe vorhanden.<\/p>\n<h2>Specificaties <strong>Louis Poulsen PH 4\/3<\/strong><\/h2>\n<ul style=\"font-weight: 400;\">\n<li>H\u00f6he: 20 cm<\/li>\n<li>Durchmesser: 40 cm<\/li>\n<li>Material: Metall<\/li>\n<li>Maximale Wattzahl: 60 W<\/li>\n<li>Fassung: E27<\/li>\n<li>F\u00fcr LED-Lampen geeignet<\/li>\n<li>Gewicht: 1 kg<\/li>\n<\/ul>\n<h2>\u00dcber Louis Poulsen<\/h2>\n<p style=\"font-weight: 400;\">Das Ziel von Louis Poulsen besteht nicht nur darin, Lampen zu entwerfen. Durch die Formung des Lichts einer Lampe m\u00f6chte Louis Poulsen eine Atmosph\u00e4re schaffen, in der sich Menschen drinnen und drau\u00dfen wohlf\u00fchlen. Die Form der Leuchte schafft Raum und die Produkte m\u00fcssen sich harmonisch in den von ihnen definierten Raum einf\u00fcgen \u2013 indirekt, weich und einladend. <a href=\"https:\/\/scandinavischelampen.nl\/product-categorie\/louis-poulsen\/\">Sehen Sie sich hier unsere komplette Leuchtenkollektion von Louis Poulsen an.<\/a><\/p>\n","protected":false},"excerpt":{"rendered":"<div class=\"title-wrapper\">\n<ul>\n<li data-start=\"734\" data-end=\"783\">Original d\u00e4nisches Design von Poul Henningsen \ud83c\udde9\ud83c\uddf0<\/li>\n<li data-start=\"734\" data-end=\"783\">Professionelles Vintage-St\u00fcck mit leichten Gebrauchsspuren \u2728<\/li>\n<li data-start=\"734\" data-end=\"783\">Untere Scheibe f\u00fcr gr\u00f6\u00dfere Lampen entfernt \/ E27-Fassung \ud83d\udca1<\/li>\n<li data-start=\"734\" data-end=\"783\">Blendfreies und harmonisches Licht<\/li>\n<li data-start=\"734\" data-end=\"783\">Kostenloser Versand innerhalb der Niederlande \ud83d\ude9a<\/li>\n<\/ul>\n<p><strong data-start=\"1013\" data-end=\"1038\">Durchmesser des oberen Bildschirms:<\/strong> 40 cm \u2013 <strong data-start=\"1047\" data-end=\"1058\">H\u00f6he:<\/strong> 28 cm \u2013 <strong data-start=\"1067\" data-end=\"1079\">Beschlag:<\/strong> E27<\/p>\n<\/div>\n","protected":false},"featured_media":61291,"template":"","meta":{"_uag_custom_page_level_css":"","site-sidebar-layout":"default","site-content-layout":"default","ast-site-content-layout":"default","site-content-style":"default","site-sidebar-style":"default","ast-global-header-display":"","ast-banner-title-visibility":"","ast-main-header-display":"","ast-hfb-above-header-display":"","ast-hfb-below-header-display":"","ast-hfb-mobile-header-display":"","site-post-title":"","ast-breadcrumbs-content":"","ast-featured-img":"","footer-sml-layout":"","ast-disable-related-posts":"","theme-transparent-header-meta":"default","adv-header-id-meta":"","stick-header-meta":"","header-above-stick-meta":"","header-main-stick-meta":"","header-below-stick-meta":"","astra-migrate-meta-layouts":"set","ast-page-background-enabled":"default","ast-page-background-meta":{"desktop":{"background-color":"var(--ast-global-color-4)","background-image":"","background-repeat":"repeat","background-position":"center center","background-size":"auto","background-attachment":"scroll","background-type":"","background-media":"","overlay-type":"","overlay-color":"","overlay-opacity":"","overlay-gradient":""},"tablet":{"background-color":"","background-image":"","background-repeat":"repeat","background-position":"center center","background-size":"auto","background-attachment":"scroll","background-type":"","background-media":"","overlay-type":"","overlay-color":"","overlay-opacity":"","overlay-gradient":""},"mobile":{"background-color":"","background-image":"","background-repeat":"repeat","background-position":"center center","background-size":"auto","background-attachment":"scroll","background-type":"","background-media":"","overlay-type":"","overlay-color":"","overlay-opacity":"","overlay-gradient":""}},"ast-content-background-meta":{"desktop":{"background-color":"var(--ast-global-color-5)","background-image":"","background-repeat":"repeat","background-position":"center center","background-size":"auto","background-attachment":"scroll","background-type":"","background-media":"","overlay-type":"","overlay-color":"","overlay-opacity":"","overlay-gradient":""},"tablet":{"background-color":"var(--ast-global-color-5)","background-image":"","background-repeat":"repeat","background-position":"center center","background-size":"auto","background-attachment":"scroll","background-type":"","background-media":"","overlay-type":"","overlay-color":"","overlay-opacity":"","overlay-gradient":""},"mobile":{"background-color":"var(--ast-global-color-5)","background-image":"","background-repeat":"repeat","background-position":"center center","background-size":"auto","background-attachment":"scroll","background-type":"","background-media":"","overlay-type":"","overlay-color":"","overlay-opacity":"","overlay-gradient":""}}},"product_brand":[],"product_cat":[281,246,243,247,277,245,248,605,249],"product_tag":[252],"class_list":{"0":"post-61286","1":"product","2":"type-product","3":"status-publish","4":"has-post-thumbnail","6":"product_cat-buro-de","7":"product_cat-halle","8":"product_cat-skandinavische-pendelleuchten","9":"product_cat-kuche","10":"product_cat-louis-poulsen-de","11":"product_cat-pendelleuchte-esstisch","12":"product_cat-schlafzimmer","13":"product_cat-sehen-sie-sich-unsere-komplette-kollektion-an","14":"product_cat-wohnzimmer","15":"product_tag-weiss","16":"desktop-align-center","17":"tablet-align-left","18":"mobile-align-left","20":"first","21":"instock","22":"taxable","23":"shipping-taxable","24":"purchasable","25":"product-type-simple"},"yoast_head":"<!-- This site is optimized with the Yoast SEO plugin v27.4 - https:\/\/yoast.com\/product\/yoast-seo-wordpress\/ -->\n<title>Louis Poulsen PH 4\/3 Pendelleuchte Originaldesign Poul Henningsen<\/title>\n<meta name=\"description\" content=\"Entdecken Sie die Louis Poulsen PH 4\/3 Pendelleuchte \u2013 eine d\u00e4nische Vintage-Designikone von Poul Henningsen. Blendfreies Licht, perfekt \u00fcber dem Esstisch oder der Sitzecke.\" \/>\n<meta name=\"robots\" content=\"index, follow, max-snippet:-1, max-image-preview:large, max-video-preview:-1\" \/>\n<link rel=\"canonical\" href=\"https:\/\/scandinavischelampen.nl\/de\/produkt\/louis-poulsen-ph-4-3-pendelleuchte\/\" \/>\n<meta property=\"og:locale\" content=\"de_DE\" \/>\n<meta property=\"og:type\" content=\"article\" \/>\n<meta property=\"og:title\" content=\"Louis Poulsen PH 4\/3 Pendelleuchte Originaldesign Poul Henningsen\" \/>\n<meta property=\"og:description\" content=\"Entdecken Sie die Louis Poulsen PH 4\/3 Pendelleuchte \u2013 eine d\u00e4nische Vintage-Designikone von Poul Henningsen. Blendfreies Licht, perfekt \u00fcber dem Esstisch oder der Sitzecke.\" \/>\n<meta property=\"og:url\" content=\"https:\/\/scandinavischelampen.nl\/de\/produkt\/louis-poulsen-ph-4-3-pendelleuchte\/\" \/>\n<meta property=\"og:site_name\" content=\"Skandinavische Lampen\" \/>\n<meta property=\"article:publisher\" content=\"https:\/\/www.facebook.com\/scandinavischelampen\/\" \/>\n<meta property=\"article:modified_time\" content=\"2025-11-07T15:48:09+00:00\" \/>\n<meta property=\"og:image\" content=\"https:\/\/i0.wp.com\/scandinavischelampen.nl\/wp-content\/uploads\/2025\/11\/IMG_0711-kopie-scaled.jpg?fit=1920%2C2560&ssl=1\" \/>\n\t<meta property=\"og:image:width\" content=\"1920\" \/>\n\t<meta property=\"og:image:height\" content=\"2560\" \/>\n\t<meta property=\"og:image:type\" content=\"image\/jpeg\" \/>\n<meta name=\"twitter:card\" content=\"summary_large_image\" \/>\n<meta name=\"twitter:label1\" content=\"Gesch\u00e4tzte Lesezeit\" \/>\n\t<meta name=\"twitter:data1\" content=\"1\u00a0Minute\" \/>\n<script type=\"application\/ld+json\" class=\"yoast-schema-graph\">{\"@context\":\"https:\\\/\\\/schema.org\",\"@graph\":[{\"@type\":\"WebPage\",\"@id\":\"https:\\\/\\\/scandinavischelampen.nl\\\/de\\\/produkt\\\/louis-poulsen-ph-4-3-pendelleuchte\\\/\",\"url\":\"https:\\\/\\\/scandinavischelampen.nl\\\/de\\\/produkt\\\/louis-poulsen-ph-4-3-pendelleuchte\\\/\",\"name\":\"Louis Poulsen PH 4\\\/3 Pendelleuchte Originaldesign Poul Henningsen\",\"isPartOf\":{\"@id\":\"https:\\\/\\\/scandinavischelampen.nl\\\/de\\\/#website\"},\"primaryImageOfPage\":{\"@id\":\"https:\\\/\\\/scandinavischelampen.nl\\\/de\\\/produkt\\\/louis-poulsen-ph-4-3-pendelleuchte\\\/#primaryimage\"},\"image\":{\"@id\":\"https:\\\/\\\/scandinavischelampen.nl\\\/de\\\/produkt\\\/louis-poulsen-ph-4-3-pendelleuchte\\\/#primaryimage\"},\"thumbnailUrl\":\"https:\\\/\\\/i0.wp.com\\\/scandinavischelampen.nl\\\/wp-content\\\/uploads\\\/2025\\\/11\\\/IMG_0711-kopie-scaled.jpg?fit=1920%2C2560&ssl=1\",\"datePublished\":\"2025-11-07T14:57:08+00:00\",\"dateModified\":\"2025-11-07T15:48:09+00:00\",\"description\":\"Entdecken Sie die Louis Poulsen PH 4\\\/3 Pendelleuchte \u2013 eine d\u00e4nische Vintage-Designikone von Poul Henningsen. Blendfreies Licht, perfekt \u00fcber dem Esstisch oder der Sitzecke.\",\"breadcrumb\":{\"@id\":\"https:\\\/\\\/scandinavischelampen.nl\\\/de\\\/produkt\\\/louis-poulsen-ph-4-3-pendelleuchte\\\/#breadcrumb\"},\"inLanguage\":\"de\",\"potentialAction\":[{\"@type\":\"ReadAction\",\"target\":[\"https:\\\/\\\/scandinavischelampen.nl\\\/de\\\/produkt\\\/louis-poulsen-ph-4-3-pendelleuchte\\\/\"]}]},{\"@type\":\"ImageObject\",\"inLanguage\":\"de\",\"@id\":\"https:\\\/\\\/scandinavischelampen.nl\\\/de\\\/produkt\\\/louis-poulsen-ph-4-3-pendelleuchte\\\/#primaryimage\",\"url\":\"https:\\\/\\\/i0.wp.com\\\/scandinavischelampen.nl\\\/wp-content\\\/uploads\\\/2025\\\/11\\\/IMG_0711-kopie-scaled.jpg?fit=1920%2C2560&ssl=1\",\"contentUrl\":\"https:\\\/\\\/i0.wp.com\\\/scandinavischelampen.nl\\\/wp-content\\\/uploads\\\/2025\\\/11\\\/IMG_0711-kopie-scaled.jpg?fit=1920%2C2560&ssl=1\",\"width\":1920,\"height\":2560,\"caption\":\"Louis Poulsen PH 4\\\/3 hanglamp \u2013 Deens designicoon\"},{\"@type\":\"BreadcrumbList\",\"@id\":\"https:\\\/\\\/scandinavischelampen.nl\\\/de\\\/produkt\\\/louis-poulsen-ph-4-3-pendelleuchte\\\/#breadcrumb\",\"itemListElement\":[{\"@type\":\"ListItem\",\"position\":1,\"name\":\"Home\",\"item\":\"https:\\\/\\\/scandinavischelampen.nl\\\/de\\\/\"},{\"@type\":\"ListItem\",\"position\":2,\"name\":\"Gesch\u00e4ft\",\"item\":\"https:\\\/\\\/scandinavischelampen.nl\\\/de\\\/laden\\\/\"},{\"@type\":\"ListItem\",\"position\":3,\"name\":\"Louis Poulsen PH 4\\\/3 Pendelleuchte \u2013 D\u00e4nische Design-Ikone\"}]},{\"@type\":\"WebSite\",\"@id\":\"https:\\\/\\\/scandinavischelampen.nl\\\/de\\\/#website\",\"url\":\"https:\\\/\\\/scandinavischelampen.nl\\\/de\\\/\",\"name\":\"Scandinavische Lampen\",\"description\":\"Vintage-Designbeleuchtung\",\"publisher\":{\"@id\":\"https:\\\/\\\/scandinavischelampen.nl\\\/de\\\/#organization\"},\"potentialAction\":[{\"@type\":\"SearchAction\",\"target\":{\"@type\":\"EntryPoint\",\"urlTemplate\":\"https:\\\/\\\/scandinavischelampen.nl\\\/de\\\/?s={search_term_string}\"},\"query-input\":{\"@type\":\"PropertyValueSpecification\",\"valueRequired\":true,\"valueName\":\"search_term_string\"}}],\"inLanguage\":\"de\"},{\"@type\":\"Organization\",\"@id\":\"https:\\\/\\\/scandinavischelampen.nl\\\/de\\\/#organization\",\"name\":\"Scandinavische Lampen\",\"url\":\"https:\\\/\\\/scandinavischelampen.nl\\\/de\\\/\",\"logo\":{\"@type\":\"ImageObject\",\"inLanguage\":\"de\",\"@id\":\"https:\\\/\\\/scandinavischelampen.nl\\\/de\\\/#\\\/schema\\\/logo\\\/image\\\/\",\"url\":\"https:\\\/\\\/i0.wp.com\\\/scandinavischelampen.nl\\\/wp-content\\\/uploads\\\/2023\\\/07\\\/cropped-Scandinavische-lampen-logo-oranje-01-scaled.png?fit=4717%2C1570&ssl=1\",\"contentUrl\":\"https:\\\/\\\/i0.wp.com\\\/scandinavischelampen.nl\\\/wp-content\\\/uploads\\\/2023\\\/07\\\/cropped-Scandinavische-lampen-logo-oranje-01-scaled.png?fit=4717%2C1570&ssl=1\",\"width\":4717,\"height\":1570,\"caption\":\"Scandinavische Lampen\"},\"image\":{\"@id\":\"https:\\\/\\\/scandinavischelampen.nl\\\/de\\\/#\\\/schema\\\/logo\\\/image\\\/\"},\"sameAs\":[\"https:\\\/\\\/www.facebook.com\\\/scandinavischelampen\\\/\",\"https:\\\/\\\/www.instagram.com\\\/scandinavische_lampen\\\/\"]}]}<\/script>\n<!-- \/ Yoast SEO plugin. -->","yoast_head_json":{"title":"Louis Poulsen PH 4\/3 Pendelleuchte Originaldesign Poul Henningsen","description":"Entdecken Sie die Louis Poulsen PH 4\/3 Pendelleuchte \u2013 eine d\u00e4nische Vintage-Designikone von Poul Henningsen. Blendfreies Licht, perfekt \u00fcber dem Esstisch oder der Sitzecke.","robots":{"index":"index","follow":"follow","max-snippet":"max-snippet:-1","max-image-preview":"max-image-preview:large","max-video-preview":"max-video-preview:-1"},"canonical":"https:\/\/scandinavischelampen.nl\/de\/produkt\/louis-poulsen-ph-4-3-pendelleuchte\/","og_locale":"de_DE","og_type":"article","og_title":"Louis Poulsen PH 4\/3 Pendelleuchte Originaldesign Poul Henningsen","og_description":"Entdecken Sie die Louis Poulsen PH 4\/3 Pendelleuchte \u2013 eine d\u00e4nische Vintage-Designikone von Poul Henningsen. Blendfreies Licht, perfekt \u00fcber dem Esstisch oder der Sitzecke.","og_url":"https:\/\/scandinavischelampen.nl\/de\/produkt\/louis-poulsen-ph-4-3-pendelleuchte\/","og_site_name":"Skandinavische Lampen","article_publisher":"https:\/\/www.facebook.com\/scandinavischelampen\/","article_modified_time":"2025-11-07T15:48:09+00:00","og_image":[{"width":1920,"height":2560,"url":"https:\/\/i0.wp.com\/scandinavischelampen.nl\/wp-content\/uploads\/2025\/11\/IMG_0711-kopie-scaled.jpg?fit=1920%2C2560&ssl=1","type":"image\/jpeg"}],"twitter_card":"summary_large_image","twitter_misc":{"Gesch\u00e4tzte Lesezeit":"1\u00a0Minute"},"schema":{"@context":"https:\/\/schema.org","@graph":[{"@type":"WebPage","@id":"https:\/\/scandinavischelampen.nl\/de\/produkt\/louis-poulsen-ph-4-3-pendelleuchte\/","url":"https:\/\/scandinavischelampen.nl\/de\/produkt\/louis-poulsen-ph-4-3-pendelleuchte\/","name":"Louis Poulsen PH 4\/3 Pendelleuchte Originaldesign Poul Henningsen","isPartOf":{"@id":"https:\/\/scandinavischelampen.nl\/de\/#website"},"primaryImageOfPage":{"@id":"https:\/\/scandinavischelampen.nl\/de\/produkt\/louis-poulsen-ph-4-3-pendelleuchte\/#primaryimage"},"image":{"@id":"https:\/\/scandinavischelampen.nl\/de\/produkt\/louis-poulsen-ph-4-3-pendelleuchte\/#primaryimage"},"thumbnailUrl":"https:\/\/i0.wp.com\/scandinavischelampen.nl\/wp-content\/uploads\/2025\/11\/IMG_0711-kopie-scaled.jpg?fit=1920%2C2560&ssl=1","datePublished":"2025-11-07T14:57:08+00:00","dateModified":"2025-11-07T15:48:09+00:00","description":"Entdecken Sie die Louis Poulsen PH 4\/3 Pendelleuchte \u2013 eine d\u00e4nische Vintage-Designikone von Poul Henningsen. Blendfreies Licht, perfekt \u00fcber dem Esstisch oder der Sitzecke.","breadcrumb":{"@id":"https:\/\/scandinavischelampen.nl\/de\/produkt\/louis-poulsen-ph-4-3-pendelleuchte\/#breadcrumb"},"inLanguage":"de","potentialAction":[{"@type":"ReadAction","target":["https:\/\/scandinavischelampen.nl\/de\/produkt\/louis-poulsen-ph-4-3-pendelleuchte\/"]}]},{"@type":"ImageObject","inLanguage":"de","@id":"https:\/\/scandinavischelampen.nl\/de\/produkt\/louis-poulsen-ph-4-3-pendelleuchte\/#primaryimage","url":"https:\/\/i0.wp.com\/scandinavischelampen.nl\/wp-content\/uploads\/2025\/11\/IMG_0711-kopie-scaled.jpg?fit=1920%2C2560&ssl=1","contentUrl":"https:\/\/i0.wp.com\/scandinavischelampen.nl\/wp-content\/uploads\/2025\/11\/IMG_0711-kopie-scaled.jpg?fit=1920%2C2560&ssl=1","width":1920,"height":2560,"caption":"Louis Poulsen PH 4\/3 hanglamp \u2013 Deens designicoon"},{"@type":"BreadcrumbList","@id":"https:\/\/scandinavischelampen.nl\/de\/produkt\/louis-poulsen-ph-4-3-pendelleuchte\/#breadcrumb","itemListElement":[{"@type":"ListItem","position":1,"name":"Home","item":"https:\/\/scandinavischelampen.nl\/de\/"},{"@type":"ListItem","position":2,"name":"Gesch\u00e4ft","item":"https:\/\/scandinavischelampen.nl\/de\/laden\/"},{"@type":"ListItem","position":3,"name":"Louis Poulsen PH 4\/3 Pendelleuchte \u2013 D\u00e4nische Design-Ikone"}]},{"@type":"WebSite","@id":"https:\/\/scandinavischelampen.nl\/de\/#website","url":"https:\/\/scandinavischelampen.nl\/de\/","name":"Scandinavische Lampen","description":"Vintage-Designbeleuchtung","publisher":{"@id":"https:\/\/scandinavischelampen.nl\/de\/#organization"},"potentialAction":[{"@type":"SearchAction","target":{"@type":"EntryPoint","urlTemplate":"https:\/\/scandinavischelampen.nl\/de\/?s={search_term_string}"},"query-input":{"@type":"PropertyValueSpecification","valueRequired":true,"valueName":"search_term_string"}}],"inLanguage":"de"},{"@type":"Organization","@id":"https:\/\/scandinavischelampen.nl\/de\/#organization","name":"Scandinavische Lampen","url":"https:\/\/scandinavischelampen.nl\/de\/","logo":{"@type":"ImageObject","inLanguage":"de","@id":"https:\/\/scandinavischelampen.nl\/de\/#\/schema\/logo\/image\/","url":"https:\/\/i0.wp.com\/scandinavischelampen.nl\/wp-content\/uploads\/2023\/07\/cropped-Scandinavische-lampen-logo-oranje-01-scaled.png?fit=4717%2C1570&ssl=1","contentUrl":"https:\/\/i0.wp.com\/scandinavischelampen.nl\/wp-content\/uploads\/2023\/07\/cropped-Scandinavische-lampen-logo-oranje-01-scaled.png?fit=4717%2C1570&ssl=1","width":4717,"height":1570,"caption":"Scandinavische Lampen"},"image":{"@id":"https:\/\/scandinavischelampen.nl\/de\/#\/schema\/logo\/image\/"},"sameAs":["https:\/\/www.facebook.com\/scandinavischelampen\/","https:\/\/www.instagram.com\/scandinavische_lampen\/"]}]}},"uagb_featured_image_src":{"full":["https:\/\/i0.wp.com\/scandinavischelampen.nl\/wp-content\/uploads\/2025\/11\/IMG_0711-kopie-scaled.jpg?fit=1920%2C2560&ssl=1",1920,2560,false],"thumbnail":["https:\/\/i0.wp.com\/scandinavischelampen.nl\/wp-content\/uploads\/2025\/11\/IMG_0711-kopie-scaled.jpg?resize=150%2C150&ssl=1",150,150,true],"medium":["https:\/\/i0.wp.com\/scandinavischelampen.nl\/wp-content\/uploads\/2025\/11\/IMG_0711-kopie-scaled.jpg?fit=225%2C300&ssl=1",225,300,true],"medium_large":["https:\/\/i0.wp.com\/scandinavischelampen.nl\/wp-content\/uploads\/2025\/11\/IMG_0711-kopie-scaled.jpg?fit=768%2C1024&ssl=1",768,1024,true],"large":["https:\/\/i0.wp.com\/scandinavischelampen.nl\/wp-content\/uploads\/2025\/11\/IMG_0711-kopie-scaled.jpg?fit=768%2C1024&ssl=1",768,1024,true],"1536x1536":["https:\/\/i0.wp.com\/scandinavischelampen.nl\/wp-content\/uploads\/2025\/11\/IMG_0711-kopie-scaled.jpg?fit=1152%2C1536&ssl=1",1152,1536,true],"2048x2048":["https:\/\/i0.wp.com\/scandinavischelampen.nl\/wp-content\/uploads\/2025\/11\/IMG_0711-kopie-scaled.jpg?fit=1536%2C2048&ssl=1",1536,2048,true],"woocommerce_thumbnail":["https:\/\/i0.wp.com\/scandinavischelampen.nl\/wp-content\/uploads\/2025\/11\/IMG_0711-kopie-scaled.jpg?resize=300%2C300&ssl=1",300,300,true],"woocommerce_single":["https:\/\/i0.wp.com\/scandinavischelampen.nl\/wp-content\/uploads\/2025\/11\/IMG_0711-kopie-scaled.jpg?fit=600%2C800&ssl=1",600,800,true],"woocommerce_gallery_thumbnail":["https:\/\/i0.wp.com\/scandinavischelampen.nl\/wp-content\/uploads\/2025\/11\/IMG_0711-kopie-scaled.jpg?resize=100%2C100&ssl=1",100,100,true],"thaps-thumb-img":["https:\/\/i0.wp.com\/scandinavischelampen.nl\/wp-content\/uploads\/2025\/11\/IMG_0711-kopie-scaled.jpg?resize=48%2C64&ssl=1",48,64,true]},"uagb_author_info":{"display_name":"administrator","author_link":"https:\/\/scandinavischelampen.nl\/de\/author\/"},"uagb_comment_info":0,"uagb_excerpt":"Original d\u00e4nisches Design von Poul Henningsen \ud83c\udde9\ud83c\uddf0 Professionelles Vintage-St\u00fcck mit leichten Gebrauchsspuren \u2728 Untere Scheibe f\u00fcr gr\u00f6\u00dfere Lampen entfernt \/ E27-Fassung \ud83d\udca1 Blendfreies und harmonisches Licht Kostenloser Versand innerhalb der Niederlande \ud83d\ude9a Durchmesser des oberen Bildschirms: 40 cm \u2013 H\u00f6he: 28 cm \u2013 Beschlag: E27","jetpack_sharing_enabled":true,"_links":{"self":[{"href":"https:\/\/scandinavischelampen.nl\/de\/wp-json\/wp\/v2\/product\/61286","targetHints":{"allow":["GET"]}}],"collection":[{"href":"https:\/\/scandinavischelampen.nl\/de\/wp-json\/wp\/v2\/product"}],"about":[{"href":"https:\/\/scandinavischelampen.nl\/de\/wp-json\/wp\/v2\/types\/product"}],"wp:featuredmedia":[{"embeddable":true,"href":"https:\/\/scandinavischelampen.nl\/de\/wp-json\/wp\/v2\/media\/61291"}],"wp:attachment":[{"href":"https:\/\/scandinavischelampen.nl\/de\/wp-json\/wp\/v2\/media?parent=61286"}],"wp:term":[{"taxonomy":"product_brand","embeddable":true,"href":"https:\/\/scandinavischelampen.nl\/de\/wp-json\/wp\/v2\/product_brand?post=61286"},{"taxonomy":"product_cat","embeddable":true,"href":"https:\/\/scandinavischelampen.nl\/de\/wp-json\/wp\/v2\/product_cat?post=61286"},{"taxonomy":"product_tag","embeddable":true,"href":"https:\/\/scandinavischelampen.nl\/de\/wp-json\/wp\/v2\/product_tag?post=61286"}],"curies":[{"name":"wp","href":"https:\/\/api.w.org\/{rel}","templated":true}]}}