{"id":60652,"date":"2025-10-30T15:40:16","date_gmt":"2025-10-30T14:40:16","guid":{"rendered":"https:\/\/scandinavischelampen.nl\/?post_type=product&#038;p=60652"},"modified":"2025-10-30T15:55:48","modified_gmt":"2025-10-30T14:55:48","slug":"lyfa-semi-pendant-mosgroen","status":"publish","type":"product","link":"https:\/\/scandinavischelampen.nl\/de\/produkt\/lyfa-semi-pendant-mosgroen\/","title":{"rendered":"Lyfa Semi Pendelleuchte \u2013 Moosgr\u00fcn"},"content":{"rendered":"<section><\/section>\n<section><\/section>\n<p data-start=\"125\" data-end=\"434\"><strong data-start=\"125\" data-end=\"175\">Lyfa Semi Pendelleuchte \u2013 Moosgr\u00fcn <\/strong><br data-start=\"175\" data-end=\"178\">Holen Sie sich d\u00e4nische Designklassiker in Ihr Zuhause mit dieser Lyfa Semi Pendelleuchte, die urspr\u00fcnglich 1968 von Claus Bonderup und Torsten Thorup entworfen wurde. Diese Lampe ist nicht nur Beleuchtung; es ist ein subtiles Statement des skandinavischen Minimalismus und der Designgeschichte. <\/p>\n<p data-start=\"436\" data-end=\"895\">Charakteristisch f\u00fcr den Semi ist seine einzigartige, geometrische Form: ein Kreis, der in einer eleganten Spitze aus handgedrehtem Aluminium endet. Diese Form sorgt nicht nur f\u00fcr ein optisch ansprechendes Design, sondern auch f\u00fcr eine funktionale Lichtverteilung. Das Licht wird weich und kegelf\u00f6rmig nach unten gerichtet und erzeugt so eine warme und stimmungsvolle Beleuchtung \u2013 ideal \u00fcber einem Esstisch, einer K\u00fcchenbar oder im Loungebereich.  <\/p>\n<p data-start=\"897\" data-end=\"1254\">Die Leuchte wurde vor kurzem professionell in einer modernen moosgr\u00fcnen Farbe pulverbeschichtet, was ihr ein frisches, zeitgem\u00e4\u00dfes Aussehen verleiht, ohne ihren urspr\u00fcnglichen Charakter zu beeintr\u00e4chtigen. Dieser tiefe, nat\u00fcrliche Schirm macht die Leuchte vielseitig einsetzbar und l\u00e4sst sich leicht mit verschiedenen Einrichtungsstilen kombinieren, von skandinavischem \u00fcber japanischen Minimalismus bis hin zu warmer Moderne. <\/p>\n<p data-start=\"1256\" data-end=\"1605\"><strong data-start=\"1256\" data-end=\"1268\">Zustand<\/strong><br data-start=\"1268\" data-end=\"1271\">Diese Lampe ist ein Original und stammt aus der Zeit vor etwa 40 Jahren. Er befindet sich in einem guten Vintage-Zustand mit leichten Gebrauchsspuren, die seinem Alter entsprechen. Man kann sich eine leichte Biegung der Kante und zwei kleine Dellen vorstellen. Dank der neuen Pulverbeschichtung erh\u00e4lt die Leuchte ein frisches Aussehen und ist bereit f\u00fcr den jahrelangen Einsatz.   <\/p>\n<p data-start=\"1607\" data-end=\"1704\">Eine wunderbare Gelegenheit, einen authentischen Designklassiker mit einem modernen Touch in Ihr Zuhause zu bringen.<\/p>\n<p data-start=\"1706\" data-end=\"1743\"><strong data-start=\"1706\" data-end=\"1741\">Spezifikationen Lyfa Semi Pendelleuchte<\/strong><\/p>\n<ul style=\"font-weight: 400;\">\n<li>H\u00f6he: 25 cm<\/li>\n<li>Durchmesser: 47 cm<\/li>\n<li>Gesamth\u00f6he mit Kordel 220 cm (w\u00e4hrend der Installation verstellbar)<\/li>\n<li>Material: Aluminium<\/li>\n<li>Farbe Kabel: wei\u00df<\/li>\n<li>Maximale Wattzahl: 60 W<\/li>\n<li>Fassung: E27<\/li>\n<li>F\u00fcr LED-Lampen geeignet<\/li>\n<li>Gewicht: 2,5 kg<\/li>\n<\/ul>\n<h2 style=\"font-weight: 400;\"><strong>\u00dcber Lyfa<\/strong><\/h2>\n<p style=\"font-weight: 400;\">Lyfa produzierte bis Ende der 1970er Jahre unabh\u00e4ngig Leuchten. In den sp\u00e4ten 1970er Jahren fusionierte Fog &amp; Morup mit Lyfa. Und einige Jahre nach Jo Hammerborgs Pensionierung im Jahr 1980 wurde Lyfa-Fog &amp; Morup von Lyskaer \u00fcbernommen. Lyskaer-Lyfa existierte bis 1991, als es von Horn Belysning (Lightyears) \u00fcbernommen wurde. <a href=\"https:\/\/scandinavischelampen.nl\/product-categorie\/merken\/lyfa\/\">Sehen Sie sich hier unsere komplette Kollektion an Lyfa-H\u00e4ngelampen an.<\/a><\/p>\n<p>&nbsp;<\/p>\n","protected":false},"excerpt":{"rendered":"<p class=\"tw-data-text tw-text-large XcVN5d tw-ta\" dir=\"ltr\" data-placeholder=\"Vertaling\"><strong><span style=\"color: #00ff00;\">\u221a<\/span> <span style=\"color: #ff6600;\">Kostenloser Versand in Europa ab \u20ac350<\/span><br \/>\n<\/strong><strong><span style=\"color: #00ff00;\">\u221a<\/span> Bestellt vor <span style=\"color: #ff6600;\">16:00 Uhr<\/span>? Normalerweise am selben Tag versandt<br \/>\n<\/strong><strong><span style=\"color: #00ff00;\">\u221a<\/span> <span style=\"color: #ff6600;\">14 Tage<\/span> Bedenkzeit<br \/>\n<\/strong><strong><span style=\"color: #00ff00;\">\u221a<\/span> Geeignet f\u00fcr <span style=\"color: #ff6600;\">LED<\/span><\/strong><\/p>\n<ul style=\"font-weight: 400;\">\n<li><strong>H\u00f6he: 25 cm<\/strong><\/li>\n<li><strong>Durchmesser: 47 cm<\/strong><\/li>\n<\/ul>\n","protected":false},"featured_media":60662,"template":"","meta":{"_uag_custom_page_level_css":"","site-sidebar-layout":"default","site-content-layout":"default","ast-site-content-layout":"default","site-content-style":"default","site-sidebar-style":"default","ast-global-header-display":"","ast-banner-title-visibility":"","ast-main-header-display":"","ast-hfb-above-header-display":"","ast-hfb-below-header-display":"","ast-hfb-mobile-header-display":"","site-post-title":"","ast-breadcrumbs-content":"","ast-featured-img":"","footer-sml-layout":"","ast-disable-related-posts":"","theme-transparent-header-meta":"default","adv-header-id-meta":"","stick-header-meta":"","header-above-stick-meta":"","header-main-stick-meta":"","header-below-stick-meta":"","astra-migrate-meta-layouts":"set","ast-page-background-enabled":"default","ast-page-background-meta":{"desktop":{"background-color":"var(--ast-global-color-4)","background-image":"","background-repeat":"repeat","background-position":"center center","background-size":"auto","background-attachment":"scroll","background-type":"","background-media":"","overlay-type":"","overlay-color":"","overlay-opacity":"","overlay-gradient":""},"tablet":{"background-color":"","background-image":"","background-repeat":"repeat","background-position":"center center","background-size":"auto","background-attachment":"scroll","background-type":"","background-media":"","overlay-type":"","overlay-color":"","overlay-opacity":"","overlay-gradient":""},"mobile":{"background-color":"","background-image":"","background-repeat":"repeat","background-position":"center center","background-size":"auto","background-attachment":"scroll","background-type":"","background-media":"","overlay-type":"","overlay-color":"","overlay-opacity":"","overlay-gradient":""}},"ast-content-background-meta":{"desktop":{"background-color":"var(--ast-global-color-5)","background-image":"","background-repeat":"repeat","background-position":"center center","background-size":"auto","background-attachment":"scroll","background-type":"","background-media":"","overlay-type":"","overlay-color":"","overlay-opacity":"","overlay-gradient":""},"tablet":{"background-color":"var(--ast-global-color-5)","background-image":"","background-repeat":"repeat","background-position":"center center","background-size":"auto","background-attachment":"scroll","background-type":"","background-media":"","overlay-type":"","overlay-color":"","overlay-opacity":"","overlay-gradient":""},"mobile":{"background-color":"var(--ast-global-color-5)","background-image":"","background-repeat":"repeat","background-position":"center center","background-size":"auto","background-attachment":"scroll","background-type":"","background-media":"","overlay-type":"","overlay-color":"","overlay-opacity":"","overlay-gradient":""}}},"product_brand":[],"product_cat":[255,279,243,245,248,605,249],"product_tag":[301],"class_list":{"0":"post-60652","1":"product","2":"type-product","3":"status-publish","4":"has-post-thumbnail","6":"product_cat-farbkollektion","7":"product_cat-fog-morup-de","8":"product_cat-skandinavische-pendelleuchten","9":"product_cat-pendelleuchte-esstisch","10":"product_cat-schlafzimmer","11":"product_cat-sehen-sie-sich-unsere-komplette-kollektion-an","12":"product_cat-wohnzimmer","13":"product_tag-grun","14":"desktop-align-center","15":"tablet-align-left","16":"mobile-align-left","18":"first","19":"instock","20":"taxable","21":"shipping-taxable","22":"purchasable","23":"product-type-simple"},"yoast_head":"<!-- This site is optimized with the Yoast SEO plugin v27.6 - https:\/\/yoast.com\/product\/yoast-seo-wordpress\/ -->\n<title>Lyfa Semi Pendelleuchte \u2013 Moosgr\u00fcn - Skandinavische Lampen<\/title>\n<meta name=\"description\" content=\"Sch\u00f6ner Lyfa Semi Anh\u00e4nger in der Farbe moosgr\u00fcn. Das einzigartige und zeitlose Design der Semi-Pendelleuchte ist \u00e4u\u00dferst vielseitig.\" \/>\n<meta name=\"robots\" content=\"index, follow, max-snippet:-1, max-image-preview:large, max-video-preview:-1\" \/>\n<link rel=\"canonical\" href=\"https:\/\/scandinavischelampen.nl\/de\/produkt\/lyfa-semi-pendant-mosgroen\/\" \/>\n<meta property=\"og:locale\" content=\"de_DE\" \/>\n<meta property=\"og:type\" content=\"article\" \/>\n<meta property=\"og:title\" content=\"Lyfa Semi Pendelleuchte \u2013 Moosgr\u00fcn - Skandinavische Lampen\" \/>\n<meta property=\"og:description\" content=\"Sch\u00f6ner Lyfa Semi Anh\u00e4nger in der Farbe moosgr\u00fcn. Das einzigartige und zeitlose Design der Semi-Pendelleuchte ist \u00e4u\u00dferst vielseitig.\" \/>\n<meta property=\"og:url\" content=\"https:\/\/scandinavischelampen.nl\/de\/produkt\/lyfa-semi-pendant-mosgroen\/\" \/>\n<meta property=\"og:site_name\" content=\"Skandinavische Lampen\" \/>\n<meta property=\"article:publisher\" content=\"https:\/\/www.facebook.com\/scandinavischelampen\/\" \/>\n<meta property=\"article:modified_time\" content=\"2025-10-30T14:55:48+00:00\" \/>\n<meta property=\"og:image\" content=\"https:\/\/i0.wp.com\/scandinavischelampen.nl\/wp-content\/uploads\/2025\/10\/IMG_0445-kopie-scaled.jpg?fit=1920%2C2560&ssl=1\" \/>\n\t<meta property=\"og:image:width\" content=\"1920\" \/>\n\t<meta property=\"og:image:height\" content=\"2560\" \/>\n\t<meta property=\"og:image:type\" content=\"image\/jpeg\" \/>\n<meta name=\"twitter:card\" content=\"summary_large_image\" \/>\n<meta name=\"twitter:label1\" content=\"Gesch\u00e4tzte Lesezeit\" \/>\n\t<meta name=\"twitter:data1\" content=\"2\u00a0Minuten\" \/>\n<script type=\"application\/ld+json\" class=\"yoast-schema-graph\">{\"@context\":\"https:\\\/\\\/schema.org\",\"@graph\":[{\"@type\":\"WebPage\",\"@id\":\"https:\\\/\\\/scandinavischelampen.nl\\\/de\\\/produkt\\\/lyfa-semi-pendant-mosgroen\\\/\",\"url\":\"https:\\\/\\\/scandinavischelampen.nl\\\/de\\\/produkt\\\/lyfa-semi-pendant-mosgroen\\\/\",\"name\":\"Lyfa Semi Pendelleuchte \u2013 Moosgr\u00fcn - Skandinavische Lampen\",\"isPartOf\":{\"@id\":\"https:\\\/\\\/scandinavischelampen.nl\\\/de\\\/#website\"},\"primaryImageOfPage\":{\"@id\":\"https:\\\/\\\/scandinavischelampen.nl\\\/de\\\/produkt\\\/lyfa-semi-pendant-mosgroen\\\/#primaryimage\"},\"image\":{\"@id\":\"https:\\\/\\\/scandinavischelampen.nl\\\/de\\\/produkt\\\/lyfa-semi-pendant-mosgroen\\\/#primaryimage\"},\"thumbnailUrl\":\"https:\\\/\\\/i0.wp.com\\\/scandinavischelampen.nl\\\/wp-content\\\/uploads\\\/2025\\\/10\\\/IMG_0445-kopie-scaled.jpg?fit=1920%2C2560&ssl=1\",\"datePublished\":\"2025-10-30T14:40:16+00:00\",\"dateModified\":\"2025-10-30T14:55:48+00:00\",\"description\":\"Sch\u00f6ner Lyfa Semi Anh\u00e4nger in der Farbe moosgr\u00fcn. Das einzigartige und zeitlose Design der Semi-Pendelleuchte ist \u00e4u\u00dferst vielseitig.\",\"breadcrumb\":{\"@id\":\"https:\\\/\\\/scandinavischelampen.nl\\\/de\\\/produkt\\\/lyfa-semi-pendant-mosgroen\\\/#breadcrumb\"},\"inLanguage\":\"de\",\"potentialAction\":[{\"@type\":\"ReadAction\",\"target\":[\"https:\\\/\\\/scandinavischelampen.nl\\\/de\\\/produkt\\\/lyfa-semi-pendant-mosgroen\\\/\"]}]},{\"@type\":\"ImageObject\",\"inLanguage\":\"de\",\"@id\":\"https:\\\/\\\/scandinavischelampen.nl\\\/de\\\/produkt\\\/lyfa-semi-pendant-mosgroen\\\/#primaryimage\",\"url\":\"https:\\\/\\\/i0.wp.com\\\/scandinavischelampen.nl\\\/wp-content\\\/uploads\\\/2025\\\/10\\\/IMG_0445-kopie-scaled.jpg?fit=1920%2C2560&ssl=1\",\"contentUrl\":\"https:\\\/\\\/i0.wp.com\\\/scandinavischelampen.nl\\\/wp-content\\\/uploads\\\/2025\\\/10\\\/IMG_0445-kopie-scaled.jpg?fit=1920%2C2560&ssl=1\",\"width\":1920,\"height\":2560,\"caption\":\"Lyfa Semi Pendelleuchte \u2013 Moosgr\u00fcn\"},{\"@type\":\"BreadcrumbList\",\"@id\":\"https:\\\/\\\/scandinavischelampen.nl\\\/de\\\/produkt\\\/lyfa-semi-pendant-mosgroen\\\/#breadcrumb\",\"itemListElement\":[{\"@type\":\"ListItem\",\"position\":1,\"name\":\"Home\",\"item\":\"https:\\\/\\\/scandinavischelampen.nl\\\/de\\\/\"},{\"@type\":\"ListItem\",\"position\":2,\"name\":\"Gesch\u00e4ft\",\"item\":\"https:\\\/\\\/scandinavischelampen.nl\\\/de\\\/laden\\\/\"},{\"@type\":\"ListItem\",\"position\":3,\"name\":\"Lyfa Semi Pendelleuchte \u2013 Moosgr\u00fcn\"}]},{\"@type\":\"WebSite\",\"@id\":\"https:\\\/\\\/scandinavischelampen.nl\\\/de\\\/#website\",\"url\":\"https:\\\/\\\/scandinavischelampen.nl\\\/de\\\/\",\"name\":\"Scandinavische Lampen\",\"description\":\"Vintage-Designbeleuchtung\",\"publisher\":{\"@id\":\"https:\\\/\\\/scandinavischelampen.nl\\\/de\\\/#organization\"},\"potentialAction\":[{\"@type\":\"SearchAction\",\"target\":{\"@type\":\"EntryPoint\",\"urlTemplate\":\"https:\\\/\\\/scandinavischelampen.nl\\\/de\\\/?s={search_term_string}\"},\"query-input\":{\"@type\":\"PropertyValueSpecification\",\"valueRequired\":true,\"valueName\":\"search_term_string\"}}],\"inLanguage\":\"de\"},{\"@type\":\"Organization\",\"@id\":\"https:\\\/\\\/scandinavischelampen.nl\\\/de\\\/#organization\",\"name\":\"Scandinavische Lampen\",\"url\":\"https:\\\/\\\/scandinavischelampen.nl\\\/de\\\/\",\"logo\":{\"@type\":\"ImageObject\",\"inLanguage\":\"de\",\"@id\":\"https:\\\/\\\/scandinavischelampen.nl\\\/de\\\/#\\\/schema\\\/logo\\\/image\\\/\",\"url\":\"https:\\\/\\\/i0.wp.com\\\/scandinavischelampen.nl\\\/wp-content\\\/uploads\\\/2023\\\/07\\\/cropped-Scandinavische-lampen-logo-oranje-01-scaled.png?fit=4717%2C1570&ssl=1\",\"contentUrl\":\"https:\\\/\\\/i0.wp.com\\\/scandinavischelampen.nl\\\/wp-content\\\/uploads\\\/2023\\\/07\\\/cropped-Scandinavische-lampen-logo-oranje-01-scaled.png?fit=4717%2C1570&ssl=1\",\"width\":4717,\"height\":1570,\"caption\":\"Scandinavische Lampen\"},\"image\":{\"@id\":\"https:\\\/\\\/scandinavischelampen.nl\\\/de\\\/#\\\/schema\\\/logo\\\/image\\\/\"},\"sameAs\":[\"https:\\\/\\\/www.facebook.com\\\/scandinavischelampen\\\/\",\"https:\\\/\\\/www.instagram.com\\\/scandinavische_lampen\\\/\"]}]}<\/script>\n<!-- \/ Yoast SEO plugin. -->","yoast_head_json":{"title":"Lyfa Semi Pendelleuchte \u2013 Moosgr\u00fcn - Skandinavische Lampen","description":"Sch\u00f6ner Lyfa Semi Anh\u00e4nger in der Farbe moosgr\u00fcn. Das einzigartige und zeitlose Design der Semi-Pendelleuchte ist \u00e4u\u00dferst vielseitig.","robots":{"index":"index","follow":"follow","max-snippet":"max-snippet:-1","max-image-preview":"max-image-preview:large","max-video-preview":"max-video-preview:-1"},"canonical":"https:\/\/scandinavischelampen.nl\/de\/produkt\/lyfa-semi-pendant-mosgroen\/","og_locale":"de_DE","og_type":"article","og_title":"Lyfa Semi Pendelleuchte \u2013 Moosgr\u00fcn - Skandinavische Lampen","og_description":"Sch\u00f6ner Lyfa Semi Anh\u00e4nger in der Farbe moosgr\u00fcn. Das einzigartige und zeitlose Design der Semi-Pendelleuchte ist \u00e4u\u00dferst vielseitig.","og_url":"https:\/\/scandinavischelampen.nl\/de\/produkt\/lyfa-semi-pendant-mosgroen\/","og_site_name":"Skandinavische Lampen","article_publisher":"https:\/\/www.facebook.com\/scandinavischelampen\/","article_modified_time":"2025-10-30T14:55:48+00:00","og_image":[{"width":1920,"height":2560,"url":"https:\/\/i0.wp.com\/scandinavischelampen.nl\/wp-content\/uploads\/2025\/10\/IMG_0445-kopie-scaled.jpg?fit=1920%2C2560&ssl=1","type":"image\/jpeg"}],"twitter_card":"summary_large_image","twitter_misc":{"Gesch\u00e4tzte Lesezeit":"2\u00a0Minuten"},"schema":{"@context":"https:\/\/schema.org","@graph":[{"@type":"WebPage","@id":"https:\/\/scandinavischelampen.nl\/de\/produkt\/lyfa-semi-pendant-mosgroen\/","url":"https:\/\/scandinavischelampen.nl\/de\/produkt\/lyfa-semi-pendant-mosgroen\/","name":"Lyfa Semi Pendelleuchte \u2013 Moosgr\u00fcn - Skandinavische Lampen","isPartOf":{"@id":"https:\/\/scandinavischelampen.nl\/de\/#website"},"primaryImageOfPage":{"@id":"https:\/\/scandinavischelampen.nl\/de\/produkt\/lyfa-semi-pendant-mosgroen\/#primaryimage"},"image":{"@id":"https:\/\/scandinavischelampen.nl\/de\/produkt\/lyfa-semi-pendant-mosgroen\/#primaryimage"},"thumbnailUrl":"https:\/\/i0.wp.com\/scandinavischelampen.nl\/wp-content\/uploads\/2025\/10\/IMG_0445-kopie-scaled.jpg?fit=1920%2C2560&ssl=1","datePublished":"2025-10-30T14:40:16+00:00","dateModified":"2025-10-30T14:55:48+00:00","description":"Sch\u00f6ner Lyfa Semi Anh\u00e4nger in der Farbe moosgr\u00fcn. Das einzigartige und zeitlose Design der Semi-Pendelleuchte ist \u00e4u\u00dferst vielseitig.","breadcrumb":{"@id":"https:\/\/scandinavischelampen.nl\/de\/produkt\/lyfa-semi-pendant-mosgroen\/#breadcrumb"},"inLanguage":"de","potentialAction":[{"@type":"ReadAction","target":["https:\/\/scandinavischelampen.nl\/de\/produkt\/lyfa-semi-pendant-mosgroen\/"]}]},{"@type":"ImageObject","inLanguage":"de","@id":"https:\/\/scandinavischelampen.nl\/de\/produkt\/lyfa-semi-pendant-mosgroen\/#primaryimage","url":"https:\/\/i0.wp.com\/scandinavischelampen.nl\/wp-content\/uploads\/2025\/10\/IMG_0445-kopie-scaled.jpg?fit=1920%2C2560&ssl=1","contentUrl":"https:\/\/i0.wp.com\/scandinavischelampen.nl\/wp-content\/uploads\/2025\/10\/IMG_0445-kopie-scaled.jpg?fit=1920%2C2560&ssl=1","width":1920,"height":2560,"caption":"Lyfa Semi Pendelleuchte \u2013 Moosgr\u00fcn"},{"@type":"BreadcrumbList","@id":"https:\/\/scandinavischelampen.nl\/de\/produkt\/lyfa-semi-pendant-mosgroen\/#breadcrumb","itemListElement":[{"@type":"ListItem","position":1,"name":"Home","item":"https:\/\/scandinavischelampen.nl\/de\/"},{"@type":"ListItem","position":2,"name":"Gesch\u00e4ft","item":"https:\/\/scandinavischelampen.nl\/de\/laden\/"},{"@type":"ListItem","position":3,"name":"Lyfa Semi Pendelleuchte \u2013 Moosgr\u00fcn"}]},{"@type":"WebSite","@id":"https:\/\/scandinavischelampen.nl\/de\/#website","url":"https:\/\/scandinavischelampen.nl\/de\/","name":"Scandinavische Lampen","description":"Vintage-Designbeleuchtung","publisher":{"@id":"https:\/\/scandinavischelampen.nl\/de\/#organization"},"potentialAction":[{"@type":"SearchAction","target":{"@type":"EntryPoint","urlTemplate":"https:\/\/scandinavischelampen.nl\/de\/?s={search_term_string}"},"query-input":{"@type":"PropertyValueSpecification","valueRequired":true,"valueName":"search_term_string"}}],"inLanguage":"de"},{"@type":"Organization","@id":"https:\/\/scandinavischelampen.nl\/de\/#organization","name":"Scandinavische Lampen","url":"https:\/\/scandinavischelampen.nl\/de\/","logo":{"@type":"ImageObject","inLanguage":"de","@id":"https:\/\/scandinavischelampen.nl\/de\/#\/schema\/logo\/image\/","url":"https:\/\/i0.wp.com\/scandinavischelampen.nl\/wp-content\/uploads\/2023\/07\/cropped-Scandinavische-lampen-logo-oranje-01-scaled.png?fit=4717%2C1570&ssl=1","contentUrl":"https:\/\/i0.wp.com\/scandinavischelampen.nl\/wp-content\/uploads\/2023\/07\/cropped-Scandinavische-lampen-logo-oranje-01-scaled.png?fit=4717%2C1570&ssl=1","width":4717,"height":1570,"caption":"Scandinavische Lampen"},"image":{"@id":"https:\/\/scandinavischelampen.nl\/de\/#\/schema\/logo\/image\/"},"sameAs":["https:\/\/www.facebook.com\/scandinavischelampen\/","https:\/\/www.instagram.com\/scandinavische_lampen\/"]}]}},"uagb_featured_image_src":{"full":["https:\/\/i0.wp.com\/scandinavischelampen.nl\/wp-content\/uploads\/2025\/10\/IMG_0445-kopie-scaled.jpg?fit=1920%2C2560&ssl=1",1920,2560,false],"thumbnail":["https:\/\/i0.wp.com\/scandinavischelampen.nl\/wp-content\/uploads\/2025\/10\/IMG_0445-kopie-scaled.jpg?resize=150%2C150&ssl=1",150,150,true],"medium":["https:\/\/i0.wp.com\/scandinavischelampen.nl\/wp-content\/uploads\/2025\/10\/IMG_0445-kopie-scaled.jpg?fit=225%2C300&ssl=1",225,300,true],"medium_large":["https:\/\/i0.wp.com\/scandinavischelampen.nl\/wp-content\/uploads\/2025\/10\/IMG_0445-kopie-scaled.jpg?fit=768%2C1024&ssl=1",768,1024,true],"large":["https:\/\/i0.wp.com\/scandinavischelampen.nl\/wp-content\/uploads\/2025\/10\/IMG_0445-kopie-scaled.jpg?fit=768%2C1024&ssl=1",768,1024,true],"1536x1536":["https:\/\/i0.wp.com\/scandinavischelampen.nl\/wp-content\/uploads\/2025\/10\/IMG_0445-kopie-scaled.jpg?fit=1152%2C1536&ssl=1",1152,1536,true],"2048x2048":["https:\/\/i0.wp.com\/scandinavischelampen.nl\/wp-content\/uploads\/2025\/10\/IMG_0445-kopie-scaled.jpg?fit=1536%2C2048&ssl=1",1536,2048,true],"woocommerce_thumbnail":["https:\/\/i0.wp.com\/scandinavischelampen.nl\/wp-content\/uploads\/2025\/10\/IMG_0445-kopie-scaled.jpg?resize=300%2C300&ssl=1",300,300,true],"woocommerce_single":["https:\/\/i0.wp.com\/scandinavischelampen.nl\/wp-content\/uploads\/2025\/10\/IMG_0445-kopie-scaled.jpg?fit=600%2C800&ssl=1",600,800,true],"woocommerce_gallery_thumbnail":["https:\/\/i0.wp.com\/scandinavischelampen.nl\/wp-content\/uploads\/2025\/10\/IMG_0445-kopie-scaled.jpg?resize=100%2C100&ssl=1",100,100,true],"thaps-thumb-img":["https:\/\/i0.wp.com\/scandinavischelampen.nl\/wp-content\/uploads\/2025\/10\/IMG_0445-kopie-scaled.jpg?resize=48%2C64&ssl=1",48,64,true]},"uagb_author_info":{"display_name":"administrator","author_link":"https:\/\/scandinavischelampen.nl\/de\/author\/"},"uagb_comment_info":0,"uagb_excerpt":"\u221a Kostenloser Versand in Europa ab \u20ac350 \u221a Bestellt vor 16:00 Uhr? Normalerweise am selben Tag versandt \u221a 14 Tage Bedenkzeit \u221a Geeignet f\u00fcr LED H\u00f6he: 25 cm Durchmesser: 47 cm","jetpack_sharing_enabled":true,"_links":{"self":[{"href":"https:\/\/scandinavischelampen.nl\/de\/wp-json\/wp\/v2\/product\/60652","targetHints":{"allow":["GET"]}}],"collection":[{"href":"https:\/\/scandinavischelampen.nl\/de\/wp-json\/wp\/v2\/product"}],"about":[{"href":"https:\/\/scandinavischelampen.nl\/de\/wp-json\/wp\/v2\/types\/product"}],"wp:featuredmedia":[{"embeddable":true,"href":"https:\/\/scandinavischelampen.nl\/de\/wp-json\/wp\/v2\/media\/60662"}],"wp:attachment":[{"href":"https:\/\/scandinavischelampen.nl\/de\/wp-json\/wp\/v2\/media?parent=60652"}],"wp:term":[{"taxonomy":"product_brand","embeddable":true,"href":"https:\/\/scandinavischelampen.nl\/de\/wp-json\/wp\/v2\/product_brand?post=60652"},{"taxonomy":"product_cat","embeddable":true,"href":"https:\/\/scandinavischelampen.nl\/de\/wp-json\/wp\/v2\/product_cat?post=60652"},{"taxonomy":"product_tag","embeddable":true,"href":"https:\/\/scandinavischelampen.nl\/de\/wp-json\/wp\/v2\/product_tag?post=60652"}],"curies":[{"name":"wp","href":"https:\/\/api.w.org\/{rel}","templated":true}]}}