{"id":60371,"date":"2025-10-11T14:45:09","date_gmt":"2025-10-11T12:45:09","guid":{"rendered":"https:\/\/scandinavischelampen.nl\/?post_type=product&#038;p=60371"},"modified":"2025-10-11T15:10:02","modified_gmt":"2025-10-11T13:10:02","slug":"design-licht-pendelleuchte-modell-pendel","status":"publish","type":"product","link":"https:\/\/scandinavischelampen.nl\/de\/produkt\/design-licht-pendelleuchte-modell-pendel\/","title":{"rendered":"Design Light Pendelleuchte Modell Pendel Typ P914"},"content":{"rendered":"<h2>Design Light Pendelleuchte Modell Pendel Typ P914<\/h2>\n<p>Suchen Sie nach der perfekten Beleuchtung f\u00fcr Ihre K\u00fcche? Suchen Sie nicht weiter, denn wir haben die Lampe, die Sie suchen!  Dieses schlanke Lichtobjekt ist ein Meisterwerk aus den sp\u00e4ten 90er Jahren. Diese Vintage-Pendelleuchte wird von der renommierten d\u00e4nischen Marke Design Light hergestellt und unter dem Modell Pendel herausgebracht. Sie verleiht Ihrem Interieur einen Hauch skandinavischer Klasse. <\/p>\n<p>Mit ihrem charmanten creme-farbenen Design strahlt diese Lampe nicht nur Licht aus, sondern auch Charakter und Stil. Die geschickt platzierten Schichten sorgen f\u00fcr eine verspielte Lichtverteilung, sowohl nach unten als auch seitlich. Es ist, als w\u00fcrde diese Lampe nicht nur den Raum erhellen, sondern Ihrem Interieur auch eine k\u00fcnstlerische Note verleihen.<\/p>\n<p>Warten Sie nicht zu lange, denn wir haben nur eine Lampe auf Lager. Setzen Sie ein Statement in Ihrem Zuhause mit diesem zeitlosen St\u00fcck aus D\u00e4nemark. Bestellen Sie jetzt und lassen Sie Ihre Beleuchtung genauso beeindruckend sein wie der Rest Ihres stilvollen Interieurs!<\/p>\n<h2>Condition Design Light Pendelleuchte<\/h2>\n<p>Die Lampe wurde am Ende des letzten Jahrhunderts hergestellt und ist in gutem Zustand mit leichten Anzeichen fr\u00fcheren Gebrauchs. Das Netzkabel wurde erneuert. Der Aufkleber des Herstellers ist in der Lampe vorhanden.<\/p>\n<h2><span style=\"color: #3366ff;\"><strong>Die Spezifikationen sind:<\/strong><\/span><\/h2>\n<ul>\n<li>Durchmesser: 40 cm<\/li>\n<li>H\u00f6he: 15 cm<\/li>\n<li>Gesamtl\u00e4nge mit Kordel: 200 cm (w\u00e4hrend der Installation einstellbar)<\/li>\n<li>Metall<\/li>\n<li>Wei\u00dfe Kordel<\/li>\n<li>Maximale Leistung 60 W<\/li>\n<li>E27-Gl\u00fchbirnenfassung<\/li>\n<li>F\u00fcr LED-Lampen geeignet<\/li>\n<li>1,4 kg<\/li>\n<\/ul>\n<h2><span style=\"color: #3366ff;\">\u00dcber Design-Light<\/span><\/h2>\n<p>Das d\u00e4nische Beleuchtungsunternehmen Design Light mit Sitz in Randers startete in den 1980er Jahren mit zwei Hauptserien. Minimalistische, UFO-\u00e4hnliche H\u00e4nge- und Wandleuchten aus innovativen Materialkombinationen wie Plexiglas und Metallgeflecht. Die andere Linie besteht aus hochwertigen mehrschichtigen Pendelleuchten im klassischen d\u00e4nischen modernen Stil. Design Light produzierte auch Lampen unter dem Namen Dana Light. <strong><a href=\"https:\/\/scandinavischelampen.nl\/product-categorie\/merken\/design-light\/\">Sehen Sie sich hier unsere komplette Kollektion an Design-Light-H\u00e4ngelampen an<\/a><\/strong><\/p>\n","protected":false},"excerpt":{"rendered":"<p><strong><span style=\"color: #00ff00;\">\u221a<\/span> <span style=\"color: #ff6600;\">Kostenloser Versand in Europa ab \u20ac350<\/span><br \/>\n<\/strong><strong><span style=\"color: #00ff00;\">\u221a<\/span> Bestellt vor <span style=\"color: #ff6600;\">16:00 Uhr<\/span>? Normalerweise am selben Tag versandt<br \/>\n<\/strong><strong><span style=\"color: #00ff00;\">\u221a<\/span> <span style=\"color: #ff6600;\">14 Tage<\/span> Bedenkzeit<br \/>\n<\/strong><strong><span style=\"color: #00ff00;\">\u221a<\/span> Geeignet f\u00fcr <span style=\"color: #ff6600;\">LED<\/span><\/strong><\/p>\n<ul>\n<li><strong>Durchmesser: 30 cm<\/strong><\/li>\n<li><strong>H\u00f6he: 16 cm<\/strong><\/li>\n<\/ul>\n","protected":false},"featured_media":60377,"template":"","meta":{"_uag_custom_page_level_css":"","site-sidebar-layout":"default","site-content-layout":"default","ast-site-content-layout":"default","site-content-style":"default","site-sidebar-style":"default","ast-global-header-display":"","ast-banner-title-visibility":"","ast-main-header-display":"","ast-hfb-above-header-display":"","ast-hfb-below-header-display":"","ast-hfb-mobile-header-display":"","site-post-title":"","ast-breadcrumbs-content":"","ast-featured-img":"","footer-sml-layout":"","ast-disable-related-posts":"","theme-transparent-header-meta":"default","adv-header-id-meta":"","stick-header-meta":"","header-above-stick-meta":"","header-main-stick-meta":"","header-below-stick-meta":"","astra-migrate-meta-layouts":"set","ast-page-background-enabled":"default","ast-page-background-meta":{"desktop":{"background-color":"var(--ast-global-color-4)","background-image":"","background-repeat":"repeat","background-position":"center center","background-size":"auto","background-attachment":"scroll","background-type":"","background-media":"","overlay-type":"","overlay-color":"","overlay-opacity":"","overlay-gradient":""},"tablet":{"background-color":"","background-image":"","background-repeat":"repeat","background-position":"center center","background-size":"auto","background-attachment":"scroll","background-type":"","background-media":"","overlay-type":"","overlay-color":"","overlay-opacity":"","overlay-gradient":""},"mobile":{"background-color":"","background-image":"","background-repeat":"repeat","background-position":"center center","background-size":"auto","background-attachment":"scroll","background-type":"","background-media":"","overlay-type":"","overlay-color":"","overlay-opacity":"","overlay-gradient":""}},"ast-content-background-meta":{"desktop":{"background-color":"var(--ast-global-color-5)","background-image":"","background-repeat":"repeat","background-position":"center center","background-size":"auto","background-attachment":"scroll","background-type":"","background-media":"","overlay-type":"","overlay-color":"","overlay-opacity":"","overlay-gradient":""},"tablet":{"background-color":"var(--ast-global-color-5)","background-image":"","background-repeat":"repeat","background-position":"center center","background-size":"auto","background-attachment":"scroll","background-type":"","background-media":"","overlay-type":"","overlay-color":"","overlay-opacity":"","overlay-gradient":""},"mobile":{"background-color":"var(--ast-global-color-5)","background-image":"","background-repeat":"repeat","background-position":"center center","background-size":"auto","background-attachment":"scroll","background-type":"","background-media":"","overlay-type":"","overlay-color":"","overlay-opacity":"","overlay-gradient":""}}},"product_brand":[],"product_cat":[281,260,246,243,247,248,605,249],"product_tag":[266],"class_list":{"0":"post-60371","1":"product","2":"type-product","3":"status-publish","4":"has-post-thumbnail","6":"product_cat-buro-de","7":"product_cat-design-light-de","8":"product_cat-halle","9":"product_cat-skandinavische-pendelleuchten","10":"product_cat-kuche","11":"product_cat-schlafzimmer","12":"product_cat-sehen-sie-sich-unsere-komplette-kollektion-an","13":"product_cat-wohnzimmer","14":"product_tag-cremeweis","15":"desktop-align-center","16":"tablet-align-left","17":"mobile-align-left","19":"first","20":"instock","21":"taxable","22":"shipping-taxable","23":"purchasable","24":"product-type-simple"},"yoast_head":"<!-- This site is optimized with the Yoast SEO plugin v27.5 - https:\/\/yoast.com\/product\/yoast-seo-wordpress\/ -->\n<title>Design Light Pendelleuchte Modell Pendel Typ P914<\/title>\n<meta name=\"description\" content=\"Wundersch\u00f6ne Vintage Design Pendelleuchte Modell Pendel in Cremewei\u00df mit drei getrennten Ebenen. Die Basis bildet ein spiegelndes Multi-Screen-System.\" \/>\n<meta name=\"robots\" content=\"index, follow, max-snippet:-1, max-image-preview:large, max-video-preview:-1\" \/>\n<link rel=\"canonical\" href=\"https:\/\/scandinavischelampen.nl\/de\/produkt\/design-licht-pendelleuchte-modell-pendel\/\" \/>\n<meta property=\"og:locale\" content=\"de_DE\" \/>\n<meta property=\"og:type\" content=\"article\" \/>\n<meta property=\"og:title\" content=\"Design Light Pendelleuchte Modell Pendel Typ P914\" \/>\n<meta property=\"og:description\" content=\"Wundersch\u00f6ne Vintage Design Pendelleuchte Modell Pendel in Cremewei\u00df mit drei getrennten Ebenen. Die Basis bildet ein spiegelndes Multi-Screen-System.\" \/>\n<meta property=\"og:url\" content=\"https:\/\/scandinavischelampen.nl\/de\/produkt\/design-licht-pendelleuchte-modell-pendel\/\" \/>\n<meta property=\"og:site_name\" content=\"Skandinavische Lampen\" \/>\n<meta property=\"article:publisher\" content=\"https:\/\/www.facebook.com\/scandinavischelampen\/\" \/>\n<meta property=\"article:modified_time\" content=\"2025-10-11T13:10:02+00:00\" \/>\n<meta property=\"og:image\" content=\"https:\/\/i0.wp.com\/scandinavischelampen.nl\/wp-content\/uploads\/2025\/10\/IMG_0211-kopie-scaled.jpg?fit=1920%2C2560&ssl=1\" \/>\n\t<meta property=\"og:image:width\" content=\"1920\" \/>\n\t<meta property=\"og:image:height\" content=\"2560\" \/>\n\t<meta property=\"og:image:type\" content=\"image\/jpeg\" \/>\n<meta name=\"twitter:card\" content=\"summary_large_image\" \/>\n<meta name=\"twitter:label1\" content=\"Gesch\u00e4tzte Lesezeit\" \/>\n\t<meta name=\"twitter:data1\" content=\"2\u00a0Minuten\" \/>\n<script type=\"application\/ld+json\" class=\"yoast-schema-graph\">{\"@context\":\"https:\\\/\\\/schema.org\",\"@graph\":[{\"@type\":\"WebPage\",\"@id\":\"https:\\\/\\\/scandinavischelampen.nl\\\/de\\\/produkt\\\/design-licht-pendelleuchte-modell-pendel\\\/\",\"url\":\"https:\\\/\\\/scandinavischelampen.nl\\\/de\\\/produkt\\\/design-licht-pendelleuchte-modell-pendel\\\/\",\"name\":\"Design Light Pendelleuchte Modell Pendel Typ P914\",\"isPartOf\":{\"@id\":\"https:\\\/\\\/scandinavischelampen.nl\\\/de\\\/#website\"},\"primaryImageOfPage\":{\"@id\":\"https:\\\/\\\/scandinavischelampen.nl\\\/de\\\/produkt\\\/design-licht-pendelleuchte-modell-pendel\\\/#primaryimage\"},\"image\":{\"@id\":\"https:\\\/\\\/scandinavischelampen.nl\\\/de\\\/produkt\\\/design-licht-pendelleuchte-modell-pendel\\\/#primaryimage\"},\"thumbnailUrl\":\"https:\\\/\\\/i0.wp.com\\\/scandinavischelampen.nl\\\/wp-content\\\/uploads\\\/2025\\\/10\\\/IMG_0211-kopie-scaled.jpg?fit=1920%2C2560&ssl=1\",\"datePublished\":\"2025-10-11T12:45:09+00:00\",\"dateModified\":\"2025-10-11T13:10:02+00:00\",\"description\":\"Wundersch\u00f6ne Vintage Design Pendelleuchte Modell Pendel in Cremewei\u00df mit drei getrennten Ebenen. Die Basis bildet ein spiegelndes Multi-Screen-System.\",\"breadcrumb\":{\"@id\":\"https:\\\/\\\/scandinavischelampen.nl\\\/de\\\/produkt\\\/design-licht-pendelleuchte-modell-pendel\\\/#breadcrumb\"},\"inLanguage\":\"de\",\"potentialAction\":[{\"@type\":\"ReadAction\",\"target\":[\"https:\\\/\\\/scandinavischelampen.nl\\\/de\\\/produkt\\\/design-licht-pendelleuchte-modell-pendel\\\/\"]}]},{\"@type\":\"ImageObject\",\"inLanguage\":\"de\",\"@id\":\"https:\\\/\\\/scandinavischelampen.nl\\\/de\\\/produkt\\\/design-licht-pendelleuchte-modell-pendel\\\/#primaryimage\",\"url\":\"https:\\\/\\\/i0.wp.com\\\/scandinavischelampen.nl\\\/wp-content\\\/uploads\\\/2025\\\/10\\\/IMG_0211-kopie-scaled.jpg?fit=1920%2C2560&ssl=1\",\"contentUrl\":\"https:\\\/\\\/i0.wp.com\\\/scandinavischelampen.nl\\\/wp-content\\\/uploads\\\/2025\\\/10\\\/IMG_0211-kopie-scaled.jpg?fit=1920%2C2560&ssl=1\",\"width\":1920,\"height\":2560,\"caption\":\"Design Light Pendelleuchte Modell Pendel Typ P914\"},{\"@type\":\"BreadcrumbList\",\"@id\":\"https:\\\/\\\/scandinavischelampen.nl\\\/de\\\/produkt\\\/design-licht-pendelleuchte-modell-pendel\\\/#breadcrumb\",\"itemListElement\":[{\"@type\":\"ListItem\",\"position\":1,\"name\":\"Home\",\"item\":\"https:\\\/\\\/scandinavischelampen.nl\\\/de\\\/\"},{\"@type\":\"ListItem\",\"position\":2,\"name\":\"Gesch\u00e4ft\",\"item\":\"https:\\\/\\\/scandinavischelampen.nl\\\/de\\\/laden\\\/\"},{\"@type\":\"ListItem\",\"position\":3,\"name\":\"Design Light Pendelleuchte Modell Pendel Typ P914\"}]},{\"@type\":\"WebSite\",\"@id\":\"https:\\\/\\\/scandinavischelampen.nl\\\/de\\\/#website\",\"url\":\"https:\\\/\\\/scandinavischelampen.nl\\\/de\\\/\",\"name\":\"Scandinavische Lampen\",\"description\":\"Vintage-Designbeleuchtung\",\"publisher\":{\"@id\":\"https:\\\/\\\/scandinavischelampen.nl\\\/de\\\/#organization\"},\"potentialAction\":[{\"@type\":\"SearchAction\",\"target\":{\"@type\":\"EntryPoint\",\"urlTemplate\":\"https:\\\/\\\/scandinavischelampen.nl\\\/de\\\/?s={search_term_string}\"},\"query-input\":{\"@type\":\"PropertyValueSpecification\",\"valueRequired\":true,\"valueName\":\"search_term_string\"}}],\"inLanguage\":\"de\"},{\"@type\":\"Organization\",\"@id\":\"https:\\\/\\\/scandinavischelampen.nl\\\/de\\\/#organization\",\"name\":\"Scandinavische Lampen\",\"url\":\"https:\\\/\\\/scandinavischelampen.nl\\\/de\\\/\",\"logo\":{\"@type\":\"ImageObject\",\"inLanguage\":\"de\",\"@id\":\"https:\\\/\\\/scandinavischelampen.nl\\\/de\\\/#\\\/schema\\\/logo\\\/image\\\/\",\"url\":\"https:\\\/\\\/i0.wp.com\\\/scandinavischelampen.nl\\\/wp-content\\\/uploads\\\/2023\\\/07\\\/cropped-Scandinavische-lampen-logo-oranje-01-scaled.png?fit=4717%2C1570&ssl=1\",\"contentUrl\":\"https:\\\/\\\/i0.wp.com\\\/scandinavischelampen.nl\\\/wp-content\\\/uploads\\\/2023\\\/07\\\/cropped-Scandinavische-lampen-logo-oranje-01-scaled.png?fit=4717%2C1570&ssl=1\",\"width\":4717,\"height\":1570,\"caption\":\"Scandinavische Lampen\"},\"image\":{\"@id\":\"https:\\\/\\\/scandinavischelampen.nl\\\/de\\\/#\\\/schema\\\/logo\\\/image\\\/\"},\"sameAs\":[\"https:\\\/\\\/www.facebook.com\\\/scandinavischelampen\\\/\",\"https:\\\/\\\/www.instagram.com\\\/scandinavische_lampen\\\/\"]}]}<\/script>\n<!-- \/ Yoast SEO plugin. -->","yoast_head_json":{"title":"Design Light Pendelleuchte Modell Pendel Typ P914","description":"Wundersch\u00f6ne Vintage Design Pendelleuchte Modell Pendel in Cremewei\u00df mit drei getrennten Ebenen. Die Basis bildet ein spiegelndes Multi-Screen-System.","robots":{"index":"index","follow":"follow","max-snippet":"max-snippet:-1","max-image-preview":"max-image-preview:large","max-video-preview":"max-video-preview:-1"},"canonical":"https:\/\/scandinavischelampen.nl\/de\/produkt\/design-licht-pendelleuchte-modell-pendel\/","og_locale":"de_DE","og_type":"article","og_title":"Design Light Pendelleuchte Modell Pendel Typ P914","og_description":"Wundersch\u00f6ne Vintage Design Pendelleuchte Modell Pendel in Cremewei\u00df mit drei getrennten Ebenen. Die Basis bildet ein spiegelndes Multi-Screen-System.","og_url":"https:\/\/scandinavischelampen.nl\/de\/produkt\/design-licht-pendelleuchte-modell-pendel\/","og_site_name":"Skandinavische Lampen","article_publisher":"https:\/\/www.facebook.com\/scandinavischelampen\/","article_modified_time":"2025-10-11T13:10:02+00:00","og_image":[{"width":1920,"height":2560,"url":"https:\/\/i0.wp.com\/scandinavischelampen.nl\/wp-content\/uploads\/2025\/10\/IMG_0211-kopie-scaled.jpg?fit=1920%2C2560&ssl=1","type":"image\/jpeg"}],"twitter_card":"summary_large_image","twitter_misc":{"Gesch\u00e4tzte Lesezeit":"2\u00a0Minuten"},"schema":{"@context":"https:\/\/schema.org","@graph":[{"@type":"WebPage","@id":"https:\/\/scandinavischelampen.nl\/de\/produkt\/design-licht-pendelleuchte-modell-pendel\/","url":"https:\/\/scandinavischelampen.nl\/de\/produkt\/design-licht-pendelleuchte-modell-pendel\/","name":"Design Light Pendelleuchte Modell Pendel Typ P914","isPartOf":{"@id":"https:\/\/scandinavischelampen.nl\/de\/#website"},"primaryImageOfPage":{"@id":"https:\/\/scandinavischelampen.nl\/de\/produkt\/design-licht-pendelleuchte-modell-pendel\/#primaryimage"},"image":{"@id":"https:\/\/scandinavischelampen.nl\/de\/produkt\/design-licht-pendelleuchte-modell-pendel\/#primaryimage"},"thumbnailUrl":"https:\/\/i0.wp.com\/scandinavischelampen.nl\/wp-content\/uploads\/2025\/10\/IMG_0211-kopie-scaled.jpg?fit=1920%2C2560&ssl=1","datePublished":"2025-10-11T12:45:09+00:00","dateModified":"2025-10-11T13:10:02+00:00","description":"Wundersch\u00f6ne Vintage Design Pendelleuchte Modell Pendel in Cremewei\u00df mit drei getrennten Ebenen. Die Basis bildet ein spiegelndes Multi-Screen-System.","breadcrumb":{"@id":"https:\/\/scandinavischelampen.nl\/de\/produkt\/design-licht-pendelleuchte-modell-pendel\/#breadcrumb"},"inLanguage":"de","potentialAction":[{"@type":"ReadAction","target":["https:\/\/scandinavischelampen.nl\/de\/produkt\/design-licht-pendelleuchte-modell-pendel\/"]}]},{"@type":"ImageObject","inLanguage":"de","@id":"https:\/\/scandinavischelampen.nl\/de\/produkt\/design-licht-pendelleuchte-modell-pendel\/#primaryimage","url":"https:\/\/i0.wp.com\/scandinavischelampen.nl\/wp-content\/uploads\/2025\/10\/IMG_0211-kopie-scaled.jpg?fit=1920%2C2560&ssl=1","contentUrl":"https:\/\/i0.wp.com\/scandinavischelampen.nl\/wp-content\/uploads\/2025\/10\/IMG_0211-kopie-scaled.jpg?fit=1920%2C2560&ssl=1","width":1920,"height":2560,"caption":"Design Light Pendelleuchte Modell Pendel Typ P914"},{"@type":"BreadcrumbList","@id":"https:\/\/scandinavischelampen.nl\/de\/produkt\/design-licht-pendelleuchte-modell-pendel\/#breadcrumb","itemListElement":[{"@type":"ListItem","position":1,"name":"Home","item":"https:\/\/scandinavischelampen.nl\/de\/"},{"@type":"ListItem","position":2,"name":"Gesch\u00e4ft","item":"https:\/\/scandinavischelampen.nl\/de\/laden\/"},{"@type":"ListItem","position":3,"name":"Design Light Pendelleuchte Modell Pendel Typ P914"}]},{"@type":"WebSite","@id":"https:\/\/scandinavischelampen.nl\/de\/#website","url":"https:\/\/scandinavischelampen.nl\/de\/","name":"Scandinavische Lampen","description":"Vintage-Designbeleuchtung","publisher":{"@id":"https:\/\/scandinavischelampen.nl\/de\/#organization"},"potentialAction":[{"@type":"SearchAction","target":{"@type":"EntryPoint","urlTemplate":"https:\/\/scandinavischelampen.nl\/de\/?s={search_term_string}"},"query-input":{"@type":"PropertyValueSpecification","valueRequired":true,"valueName":"search_term_string"}}],"inLanguage":"de"},{"@type":"Organization","@id":"https:\/\/scandinavischelampen.nl\/de\/#organization","name":"Scandinavische Lampen","url":"https:\/\/scandinavischelampen.nl\/de\/","logo":{"@type":"ImageObject","inLanguage":"de","@id":"https:\/\/scandinavischelampen.nl\/de\/#\/schema\/logo\/image\/","url":"https:\/\/i0.wp.com\/scandinavischelampen.nl\/wp-content\/uploads\/2023\/07\/cropped-Scandinavische-lampen-logo-oranje-01-scaled.png?fit=4717%2C1570&ssl=1","contentUrl":"https:\/\/i0.wp.com\/scandinavischelampen.nl\/wp-content\/uploads\/2023\/07\/cropped-Scandinavische-lampen-logo-oranje-01-scaled.png?fit=4717%2C1570&ssl=1","width":4717,"height":1570,"caption":"Scandinavische Lampen"},"image":{"@id":"https:\/\/scandinavischelampen.nl\/de\/#\/schema\/logo\/image\/"},"sameAs":["https:\/\/www.facebook.com\/scandinavischelampen\/","https:\/\/www.instagram.com\/scandinavische_lampen\/"]}]}},"uagb_featured_image_src":{"full":["https:\/\/i0.wp.com\/scandinavischelampen.nl\/wp-content\/uploads\/2025\/10\/IMG_0211-kopie-scaled.jpg?fit=1920%2C2560&ssl=1",1920,2560,false],"thumbnail":["https:\/\/i0.wp.com\/scandinavischelampen.nl\/wp-content\/uploads\/2025\/10\/IMG_0211-kopie-scaled.jpg?resize=150%2C150&ssl=1",150,150,true],"medium":["https:\/\/i0.wp.com\/scandinavischelampen.nl\/wp-content\/uploads\/2025\/10\/IMG_0211-kopie-scaled.jpg?fit=225%2C300&ssl=1",225,300,true],"medium_large":["https:\/\/i0.wp.com\/scandinavischelampen.nl\/wp-content\/uploads\/2025\/10\/IMG_0211-kopie-scaled.jpg?fit=768%2C1024&ssl=1",768,1024,true],"large":["https:\/\/i0.wp.com\/scandinavischelampen.nl\/wp-content\/uploads\/2025\/10\/IMG_0211-kopie-scaled.jpg?fit=768%2C1024&ssl=1",768,1024,true],"1536x1536":["https:\/\/i0.wp.com\/scandinavischelampen.nl\/wp-content\/uploads\/2025\/10\/IMG_0211-kopie-scaled.jpg?fit=1152%2C1536&ssl=1",1152,1536,true],"2048x2048":["https:\/\/i0.wp.com\/scandinavischelampen.nl\/wp-content\/uploads\/2025\/10\/IMG_0211-kopie-scaled.jpg?fit=1536%2C2048&ssl=1",1536,2048,true],"woocommerce_thumbnail":["https:\/\/i0.wp.com\/scandinavischelampen.nl\/wp-content\/uploads\/2025\/10\/IMG_0211-kopie-scaled.jpg?resize=300%2C300&ssl=1",300,300,true],"woocommerce_single":["https:\/\/i0.wp.com\/scandinavischelampen.nl\/wp-content\/uploads\/2025\/10\/IMG_0211-kopie-scaled.jpg?fit=600%2C800&ssl=1",600,800,true],"woocommerce_gallery_thumbnail":["https:\/\/i0.wp.com\/scandinavischelampen.nl\/wp-content\/uploads\/2025\/10\/IMG_0211-kopie-scaled.jpg?resize=100%2C100&ssl=1",100,100,true],"thaps-thumb-img":["https:\/\/i0.wp.com\/scandinavischelampen.nl\/wp-content\/uploads\/2025\/10\/IMG_0211-kopie-scaled.jpg?resize=48%2C64&ssl=1",48,64,true]},"uagb_author_info":{"display_name":"administrator","author_link":"https:\/\/scandinavischelampen.nl\/de\/author\/"},"uagb_comment_info":0,"uagb_excerpt":"\u221a Kostenloser Versand in Europa ab \u20ac350 \u221a Bestellt vor 16:00 Uhr? Normalerweise am selben Tag versandt \u221a 14 Tage Bedenkzeit \u221a Geeignet f\u00fcr LED Durchmesser: 30 cm H\u00f6he: 16 cm","jetpack_sharing_enabled":true,"_links":{"self":[{"href":"https:\/\/scandinavischelampen.nl\/de\/wp-json\/wp\/v2\/product\/60371","targetHints":{"allow":["GET"]}}],"collection":[{"href":"https:\/\/scandinavischelampen.nl\/de\/wp-json\/wp\/v2\/product"}],"about":[{"href":"https:\/\/scandinavischelampen.nl\/de\/wp-json\/wp\/v2\/types\/product"}],"wp:featuredmedia":[{"embeddable":true,"href":"https:\/\/scandinavischelampen.nl\/de\/wp-json\/wp\/v2\/media\/60377"}],"wp:attachment":[{"href":"https:\/\/scandinavischelampen.nl\/de\/wp-json\/wp\/v2\/media?parent=60371"}],"wp:term":[{"taxonomy":"product_brand","embeddable":true,"href":"https:\/\/scandinavischelampen.nl\/de\/wp-json\/wp\/v2\/product_brand?post=60371"},{"taxonomy":"product_cat","embeddable":true,"href":"https:\/\/scandinavischelampen.nl\/de\/wp-json\/wp\/v2\/product_cat?post=60371"},{"taxonomy":"product_tag","embeddable":true,"href":"https:\/\/scandinavischelampen.nl\/de\/wp-json\/wp\/v2\/product_tag?post=60371"}],"curies":[{"name":"wp","href":"https:\/\/api.w.org\/{rel}","templated":true}]}}