{"id":57545,"date":"2025-05-23T16:28:06","date_gmt":"2025-05-23T14:28:06","guid":{"rendered":"https:\/\/scandinavischelampen.nl\/?post_type=product&#038;p=57545"},"modified":"2026-01-31T19:54:40","modified_gmt":"2026-01-31T18:54:40","slug":"skandinavisch-taupe-esstisch-pendellampe-elegant-beleuchtung-3","status":"publish","type":"product","link":"https:\/\/scandinavischelampen.nl\/de\/produkt\/skandinavisch-taupe-esstisch-pendellampe-elegant-beleuchtung-3\/","title":{"rendered":"Skandinavische Taupe Esstisch Pendelleuchte &#8211; Elegante Beleuchtung"},"content":{"rendered":"<h2 data-start=\"158\" data-end=\"251\"><strong data-start=\"158\" data-end=\"249\">Stilvolle skandinavische Tischpendelleuchte in Taupe \u2013 ein raffinierter Blickfang \u00fcber Ihrem Esstisch<\/strong><\/h2>\n<p class=\"\" data-start=\"253\" data-end=\"536\">Schaffen Sie mit dieser eleganten skandinavischen Pendelleuchte in stilvollem Taupe eine warme, einladende Atmosph\u00e4re \u00fcber Ihrem Esstisch. Dank zeitlosem Design und hochwertiger Materialien ist diese Leuchte auf Langlebigkeit und \u00c4sthetik ausgelegt und wird Ihnen viele Jahre Freude bereiten. <\/p>\n<p class=\"\" data-start=\"538\" data-end=\"883\">Dank der dezenten Taupe-Pulverbeschichtung strahlt die Leuchte eine ruhige Eleganz aus, die sowohl zu modernen, minimalistischen Interieurs als auch zu eher klassischen oder nat\u00fcrlichen Wohnstilen passt. Die Pulverbeschichtung ist nicht nur kratzfest und farbecht, sondern auch leicht sauber zu halten \u2013 ideal f\u00fcr einen Ort, an dem Menschen t\u00e4glich leben und essen. <\/p>\n<p class=\"\" data-start=\"885\" data-end=\"1207\">Durch ihr minimalistisches Design f\u00e4llt die Lampe dezent auf, ohne aufdringlich zu wirken. Das sanfte, gleichm\u00e4\u00dfige Licht sorgt f\u00fcr eine gem\u00fctliche, entspannte Atmosph\u00e4re am Tisch \u2013 perfekt f\u00fcr das Abendessen mit Freunden, lange Abende mit der Familie oder einfach ein gutes Glas Wein nach einem langen Tag. <\/p>\n<p class=\"\" data-start=\"1209\" data-end=\"1389\">Diese Pendelleuchte ist mehr als nur eine Lichtquelle: Sie bildet das Herzst\u00fcck Ihres Essbereichs. Ein Ort, an dem Geschichten geteilt, Erinnerungen geschaffen und die Atmosph\u00e4re den Unterschied macht. <\/p>\n<h2 data-start=\"1391\" data-end=\"1859\"><strong data-start=\"1391\" data-end=\"1415\">Zustand <\/strong><strong data-start=\"158\" data-end=\"249\">Skandinavische <\/strong><strong data-start=\"158\" data-end=\"249\">Esstisch-Pendelleuchte in Taupe<\/strong><\/h2>\n<p class=\"\" data-start=\"1391\" data-end=\"1859\">Diese Pendelleuchte ist ca. 20 Jahre alt und in gutem Zustand mit leichten Gebrauchsspuren. Sie wurde professionell mit einer neuen, strapazierf\u00e4higen taupefarbenen Pulverbeschichtung versehen und sieht dadurch wie neu aus. Die gesamte Elektrik wurde erneuert, sodass die Leuchte sofort und sicher in Betrieb genommen werden kann. Leider fehlt der Herstelleraufkleber, daher ist der Hersteller unbekannt.   <\/p>\n<h2 data-start=\"1391\" data-end=\"1859\">Spezifikationen Skandinavische <strong data-start=\"158\" data-end=\"249\">Esstisch-Pendelleuchte<\/strong> in Taupe<\/h2>\n<ul>\n<li>Durchmesser: 43 cm<\/li>\n<li>H\u00f6he: 25 cm<\/li>\n<li>Gesamth\u00f6he mit Kordel 220 cm (w\u00e4hrend der Installation verstellbar)<\/li>\n<li>Material: Metall<\/li>\n<li>Farbe Kabel: wei\u00df<\/li>\n<li>Maximale Wattzahl: 60 W<\/li>\n<li>Fassung: E27<\/li>\n<li>F\u00fcr LED-Lampen geeignet<\/li>\n<li>Gewicht: 3 kg<\/li>\n<\/ul>\n<h2>Pers\u00f6nliche Anmerkung:<\/h2>\n<div class=\"\">\n<p>Diese charmante Pendelleuchte ist eine tolle Erg\u00e4nzung f\u00fcr jeden Esstisch. Das einzigartige mehrschichtige Design sorgt daf\u00fcr, dass Sie nie direkt in die Lampe blicken und sorgt so f\u00fcr eine weiche und angenehme Beleuchtung. Die frische, helle Taupe-Farbe macht diese Lampe zur perfekten Wahl f\u00fcr ein modernes Interieur, dem sie eine verspielte und stilvolle Note verleiht.<\/p>\n<\/div>\n<div><\/div>\n","protected":false},"excerpt":{"rendered":"<p><strong><span style=\"color: #00ff00;\">\u221a<\/span> <span style=\"color: #ff6600;\">Kostenloser Versand in Europa ab \u20ac350<\/span><br \/>\n<\/strong><strong><span style=\"color: #00ff00;\">\u221a<\/span> Bestellt vor <span style=\"color: #ff6600;\">16:00 Uhr<\/span>? Normalerweise am selben Tag versandt<br \/>\n<\/strong><strong><span style=\"color: #00ff00;\">\u221a<\/span> <span style=\"color: #ff6600;\">14 Tage<\/span> Bedenkzeit<br \/>\n<\/strong><strong><span style=\"color: #00ff00;\">\u221a<\/span> Geeignet f\u00fcr <span style=\"color: #ff6600;\">LED<\/span><\/strong><\/p>\n<ul>\n<li><strong>Durchmesser: 43 cm<\/strong><\/li>\n<li><strong>H\u00f6he: 25 cm<\/strong><\/li>\n<\/ul>\n","protected":false},"featured_media":57567,"template":"","meta":{"_uag_custom_page_level_css":"","site-sidebar-layout":"default","site-content-layout":"default","ast-site-content-layout":"default","site-content-style":"default","site-sidebar-style":"default","ast-global-header-display":"","ast-banner-title-visibility":"","ast-main-header-display":"","ast-hfb-above-header-display":"","ast-hfb-below-header-display":"","ast-hfb-mobile-header-display":"","site-post-title":"","ast-breadcrumbs-content":"","ast-featured-img":"","footer-sml-layout":"","ast-disable-related-posts":"","theme-transparent-header-meta":"default","adv-header-id-meta":"","stick-header-meta":"","header-above-stick-meta":"","header-main-stick-meta":"","header-below-stick-meta":"","astra-migrate-meta-layouts":"set","ast-page-background-enabled":"default","ast-page-background-meta":{"desktop":{"background-color":"var(--ast-global-color-4)","background-image":"","background-repeat":"repeat","background-position":"center center","background-size":"auto","background-attachment":"scroll","background-type":"","background-media":"","overlay-type":"","overlay-color":"","overlay-opacity":"","overlay-gradient":""},"tablet":{"background-color":"","background-image":"","background-repeat":"repeat","background-position":"center center","background-size":"auto","background-attachment":"scroll","background-type":"","background-media":"","overlay-type":"","overlay-color":"","overlay-opacity":"","overlay-gradient":""},"mobile":{"background-color":"","background-image":"","background-repeat":"repeat","background-position":"center center","background-size":"auto","background-attachment":"scroll","background-type":"","background-media":"","overlay-type":"","overlay-color":"","overlay-opacity":"","overlay-gradient":""}},"ast-content-background-meta":{"desktop":{"background-color":"var(--ast-global-color-5)","background-image":"","background-repeat":"repeat","background-position":"center center","background-size":"auto","background-attachment":"scroll","background-type":"","background-media":"","overlay-type":"","overlay-color":"","overlay-opacity":"","overlay-gradient":""},"tablet":{"background-color":"var(--ast-global-color-5)","background-image":"","background-repeat":"repeat","background-position":"center center","background-size":"auto","background-attachment":"scroll","background-type":"","background-media":"","overlay-type":"","overlay-color":"","overlay-opacity":"","overlay-gradient":""},"mobile":{"background-color":"var(--ast-global-color-5)","background-image":"","background-repeat":"repeat","background-position":"center center","background-size":"auto","background-attachment":"scroll","background-type":"","background-media":"","overlay-type":"","overlay-color":"","overlay-opacity":"","overlay-gradient":""}}},"product_brand":[],"product_cat":[281,255,243,247,248,605,249],"product_tag":[592],"class_list":{"0":"post-57545","1":"product","2":"type-product","3":"status-publish","4":"has-post-thumbnail","6":"product_cat-buro-de","7":"product_cat-farbkollektion","8":"product_cat-skandinavische-pendelleuchten","9":"product_cat-kuche","10":"product_cat-schlafzimmer","11":"product_cat-sehen-sie-sich-unsere-komplette-kollektion-an","12":"product_cat-wohnzimmer","13":"product_tag-taupe-de","14":"desktop-align-center","15":"tablet-align-left","16":"mobile-align-left","18":"first","19":"instock","20":"taxable","21":"shipping-taxable","22":"purchasable","23":"product-type-simple"},"yoast_head":"<!-- This site is optimized with the Yoast SEO plugin v27.4 - https:\/\/yoast.com\/product\/yoast-seo-wordpress\/ -->\n<title>Stilvolle skandinavische Esstisch-Pendelleuchte in Taupe<\/title>\n<meta name=\"description\" content=\"Diese charmante Lampe ist eine tolle Erg\u00e4nzung f\u00fcr jeden Esstisch. Die Pendelleuchte ist mit einer modernen, taupefarbenen Pulverbeschichtung versehen.\" \/>\n<meta name=\"robots\" content=\"index, follow, max-snippet:-1, max-image-preview:large, max-video-preview:-1\" \/>\n<link rel=\"canonical\" href=\"https:\/\/scandinavischelampen.nl\/de\/produkt\/skandinavisch-taupe-esstisch-pendellampe-elegant-beleuchtung-3\/\" \/>\n<meta property=\"og:locale\" content=\"de_DE\" \/>\n<meta property=\"og:type\" content=\"article\" \/>\n<meta property=\"og:title\" content=\"Stilvolle skandinavische Esstisch-Pendelleuchte in Taupe\" \/>\n<meta property=\"og:description\" content=\"Diese charmante Lampe ist eine tolle Erg\u00e4nzung f\u00fcr jeden Esstisch. Die Pendelleuchte ist mit einer modernen, taupefarbenen Pulverbeschichtung versehen.\" \/>\n<meta property=\"og:url\" content=\"https:\/\/scandinavischelampen.nl\/de\/produkt\/skandinavisch-taupe-esstisch-pendellampe-elegant-beleuchtung-3\/\" \/>\n<meta property=\"og:site_name\" content=\"Skandinavische Lampen\" \/>\n<meta property=\"article:publisher\" content=\"https:\/\/www.facebook.com\/scandinavischelampen\/\" \/>\n<meta property=\"article:modified_time\" content=\"2026-01-31T18:54:40+00:00\" \/>\n<meta property=\"og:image\" content=\"https:\/\/i0.wp.com\/scandinavischelampen.nl\/wp-content\/uploads\/2025\/05\/IMG_7282-2-kopie-scaled.jpg?fit=1920%2C2560&ssl=1\" \/>\n\t<meta property=\"og:image:width\" content=\"1920\" \/>\n\t<meta property=\"og:image:height\" content=\"2560\" \/>\n\t<meta property=\"og:image:type\" content=\"image\/jpeg\" \/>\n<meta name=\"twitter:card\" content=\"summary_large_image\" \/>\n<meta name=\"twitter:label1\" content=\"Gesch\u00e4tzte Lesezeit\" \/>\n\t<meta name=\"twitter:data1\" content=\"2\u00a0Minuten\" \/>\n<script type=\"application\/ld+json\" class=\"yoast-schema-graph\">{\"@context\":\"https:\\\/\\\/schema.org\",\"@graph\":[{\"@type\":\"WebPage\",\"@id\":\"https:\\\/\\\/scandinavischelampen.nl\\\/de\\\/produkt\\\/skandinavisch-taupe-esstisch-pendellampe-elegant-beleuchtung-3\\\/\",\"url\":\"https:\\\/\\\/scandinavischelampen.nl\\\/de\\\/produkt\\\/skandinavisch-taupe-esstisch-pendellampe-elegant-beleuchtung-3\\\/\",\"name\":\"Stilvolle skandinavische Esstisch-Pendelleuchte in Taupe\",\"isPartOf\":{\"@id\":\"https:\\\/\\\/scandinavischelampen.nl\\\/de\\\/#website\"},\"primaryImageOfPage\":{\"@id\":\"https:\\\/\\\/scandinavischelampen.nl\\\/de\\\/produkt\\\/skandinavisch-taupe-esstisch-pendellampe-elegant-beleuchtung-3\\\/#primaryimage\"},\"image\":{\"@id\":\"https:\\\/\\\/scandinavischelampen.nl\\\/de\\\/produkt\\\/skandinavisch-taupe-esstisch-pendellampe-elegant-beleuchtung-3\\\/#primaryimage\"},\"thumbnailUrl\":\"https:\\\/\\\/i0.wp.com\\\/scandinavischelampen.nl\\\/wp-content\\\/uploads\\\/2025\\\/05\\\/IMG_7282-2-kopie-scaled.jpg?fit=1920%2C2560&ssl=1\",\"datePublished\":\"2025-05-23T14:28:06+00:00\",\"dateModified\":\"2026-01-31T18:54:40+00:00\",\"description\":\"Diese charmante Lampe ist eine tolle Erg\u00e4nzung f\u00fcr jeden Esstisch. Die Pendelleuchte ist mit einer modernen, taupefarbenen Pulverbeschichtung versehen.\",\"breadcrumb\":{\"@id\":\"https:\\\/\\\/scandinavischelampen.nl\\\/de\\\/produkt\\\/skandinavisch-taupe-esstisch-pendellampe-elegant-beleuchtung-3\\\/#breadcrumb\"},\"inLanguage\":\"de\",\"potentialAction\":[{\"@type\":\"ReadAction\",\"target\":[\"https:\\\/\\\/scandinavischelampen.nl\\\/de\\\/produkt\\\/skandinavisch-taupe-esstisch-pendellampe-elegant-beleuchtung-3\\\/\"]}]},{\"@type\":\"ImageObject\",\"inLanguage\":\"de\",\"@id\":\"https:\\\/\\\/scandinavischelampen.nl\\\/de\\\/produkt\\\/skandinavisch-taupe-esstisch-pendellampe-elegant-beleuchtung-3\\\/#primaryimage\",\"url\":\"https:\\\/\\\/i0.wp.com\\\/scandinavischelampen.nl\\\/wp-content\\\/uploads\\\/2025\\\/05\\\/IMG_7282-2-kopie-scaled.jpg?fit=1920%2C2560&ssl=1\",\"contentUrl\":\"https:\\\/\\\/i0.wp.com\\\/scandinavischelampen.nl\\\/wp-content\\\/uploads\\\/2025\\\/05\\\/IMG_7282-2-kopie-scaled.jpg?fit=1920%2C2560&ssl=1\",\"width\":1920,\"height\":2560,\"caption\":\"Skandinavische Taupe Esstisch Pendelleuchte - Elegante Beleuchtung\"},{\"@type\":\"BreadcrumbList\",\"@id\":\"https:\\\/\\\/scandinavischelampen.nl\\\/de\\\/produkt\\\/skandinavisch-taupe-esstisch-pendellampe-elegant-beleuchtung-3\\\/#breadcrumb\",\"itemListElement\":[{\"@type\":\"ListItem\",\"position\":1,\"name\":\"Home\",\"item\":\"https:\\\/\\\/scandinavischelampen.nl\\\/de\\\/\"},{\"@type\":\"ListItem\",\"position\":2,\"name\":\"Gesch\u00e4ft\",\"item\":\"https:\\\/\\\/scandinavischelampen.nl\\\/de\\\/laden\\\/\"},{\"@type\":\"ListItem\",\"position\":3,\"name\":\"Skandinavische Taupe Esstisch Pendelleuchte &#8211; Elegante Beleuchtung\"}]},{\"@type\":\"WebSite\",\"@id\":\"https:\\\/\\\/scandinavischelampen.nl\\\/de\\\/#website\",\"url\":\"https:\\\/\\\/scandinavischelampen.nl\\\/de\\\/\",\"name\":\"Scandinavische Lampen\",\"description\":\"Vintage-Designbeleuchtung\",\"publisher\":{\"@id\":\"https:\\\/\\\/scandinavischelampen.nl\\\/de\\\/#organization\"},\"potentialAction\":[{\"@type\":\"SearchAction\",\"target\":{\"@type\":\"EntryPoint\",\"urlTemplate\":\"https:\\\/\\\/scandinavischelampen.nl\\\/de\\\/?s={search_term_string}\"},\"query-input\":{\"@type\":\"PropertyValueSpecification\",\"valueRequired\":true,\"valueName\":\"search_term_string\"}}],\"inLanguage\":\"de\"},{\"@type\":\"Organization\",\"@id\":\"https:\\\/\\\/scandinavischelampen.nl\\\/de\\\/#organization\",\"name\":\"Scandinavische Lampen\",\"url\":\"https:\\\/\\\/scandinavischelampen.nl\\\/de\\\/\",\"logo\":{\"@type\":\"ImageObject\",\"inLanguage\":\"de\",\"@id\":\"https:\\\/\\\/scandinavischelampen.nl\\\/de\\\/#\\\/schema\\\/logo\\\/image\\\/\",\"url\":\"https:\\\/\\\/i0.wp.com\\\/scandinavischelampen.nl\\\/wp-content\\\/uploads\\\/2023\\\/07\\\/cropped-Scandinavische-lampen-logo-oranje-01-scaled.png?fit=4717%2C1570&ssl=1\",\"contentUrl\":\"https:\\\/\\\/i0.wp.com\\\/scandinavischelampen.nl\\\/wp-content\\\/uploads\\\/2023\\\/07\\\/cropped-Scandinavische-lampen-logo-oranje-01-scaled.png?fit=4717%2C1570&ssl=1\",\"width\":4717,\"height\":1570,\"caption\":\"Scandinavische Lampen\"},\"image\":{\"@id\":\"https:\\\/\\\/scandinavischelampen.nl\\\/de\\\/#\\\/schema\\\/logo\\\/image\\\/\"},\"sameAs\":[\"https:\\\/\\\/www.facebook.com\\\/scandinavischelampen\\\/\",\"https:\\\/\\\/www.instagram.com\\\/scandinavische_lampen\\\/\"]}]}<\/script>\n<!-- \/ Yoast SEO plugin. -->","yoast_head_json":{"title":"Stilvolle skandinavische Esstisch-Pendelleuchte in Taupe","description":"Diese charmante Lampe ist eine tolle Erg\u00e4nzung f\u00fcr jeden Esstisch. Die Pendelleuchte ist mit einer modernen, taupefarbenen Pulverbeschichtung versehen.","robots":{"index":"index","follow":"follow","max-snippet":"max-snippet:-1","max-image-preview":"max-image-preview:large","max-video-preview":"max-video-preview:-1"},"canonical":"https:\/\/scandinavischelampen.nl\/de\/produkt\/skandinavisch-taupe-esstisch-pendellampe-elegant-beleuchtung-3\/","og_locale":"de_DE","og_type":"article","og_title":"Stilvolle skandinavische Esstisch-Pendelleuchte in Taupe","og_description":"Diese charmante Lampe ist eine tolle Erg\u00e4nzung f\u00fcr jeden Esstisch. Die Pendelleuchte ist mit einer modernen, taupefarbenen Pulverbeschichtung versehen.","og_url":"https:\/\/scandinavischelampen.nl\/de\/produkt\/skandinavisch-taupe-esstisch-pendellampe-elegant-beleuchtung-3\/","og_site_name":"Skandinavische Lampen","article_publisher":"https:\/\/www.facebook.com\/scandinavischelampen\/","article_modified_time":"2026-01-31T18:54:40+00:00","og_image":[{"width":1920,"height":2560,"url":"https:\/\/i0.wp.com\/scandinavischelampen.nl\/wp-content\/uploads\/2025\/05\/IMG_7282-2-kopie-scaled.jpg?fit=1920%2C2560&ssl=1","type":"image\/jpeg"}],"twitter_card":"summary_large_image","twitter_misc":{"Gesch\u00e4tzte Lesezeit":"2\u00a0Minuten"},"schema":{"@context":"https:\/\/schema.org","@graph":[{"@type":"WebPage","@id":"https:\/\/scandinavischelampen.nl\/de\/produkt\/skandinavisch-taupe-esstisch-pendellampe-elegant-beleuchtung-3\/","url":"https:\/\/scandinavischelampen.nl\/de\/produkt\/skandinavisch-taupe-esstisch-pendellampe-elegant-beleuchtung-3\/","name":"Stilvolle skandinavische Esstisch-Pendelleuchte in Taupe","isPartOf":{"@id":"https:\/\/scandinavischelampen.nl\/de\/#website"},"primaryImageOfPage":{"@id":"https:\/\/scandinavischelampen.nl\/de\/produkt\/skandinavisch-taupe-esstisch-pendellampe-elegant-beleuchtung-3\/#primaryimage"},"image":{"@id":"https:\/\/scandinavischelampen.nl\/de\/produkt\/skandinavisch-taupe-esstisch-pendellampe-elegant-beleuchtung-3\/#primaryimage"},"thumbnailUrl":"https:\/\/i0.wp.com\/scandinavischelampen.nl\/wp-content\/uploads\/2025\/05\/IMG_7282-2-kopie-scaled.jpg?fit=1920%2C2560&ssl=1","datePublished":"2025-05-23T14:28:06+00:00","dateModified":"2026-01-31T18:54:40+00:00","description":"Diese charmante Lampe ist eine tolle Erg\u00e4nzung f\u00fcr jeden Esstisch. Die Pendelleuchte ist mit einer modernen, taupefarbenen Pulverbeschichtung versehen.","breadcrumb":{"@id":"https:\/\/scandinavischelampen.nl\/de\/produkt\/skandinavisch-taupe-esstisch-pendellampe-elegant-beleuchtung-3\/#breadcrumb"},"inLanguage":"de","potentialAction":[{"@type":"ReadAction","target":["https:\/\/scandinavischelampen.nl\/de\/produkt\/skandinavisch-taupe-esstisch-pendellampe-elegant-beleuchtung-3\/"]}]},{"@type":"ImageObject","inLanguage":"de","@id":"https:\/\/scandinavischelampen.nl\/de\/produkt\/skandinavisch-taupe-esstisch-pendellampe-elegant-beleuchtung-3\/#primaryimage","url":"https:\/\/i0.wp.com\/scandinavischelampen.nl\/wp-content\/uploads\/2025\/05\/IMG_7282-2-kopie-scaled.jpg?fit=1920%2C2560&ssl=1","contentUrl":"https:\/\/i0.wp.com\/scandinavischelampen.nl\/wp-content\/uploads\/2025\/05\/IMG_7282-2-kopie-scaled.jpg?fit=1920%2C2560&ssl=1","width":1920,"height":2560,"caption":"Skandinavische Taupe Esstisch Pendelleuchte - Elegante Beleuchtung"},{"@type":"BreadcrumbList","@id":"https:\/\/scandinavischelampen.nl\/de\/produkt\/skandinavisch-taupe-esstisch-pendellampe-elegant-beleuchtung-3\/#breadcrumb","itemListElement":[{"@type":"ListItem","position":1,"name":"Home","item":"https:\/\/scandinavischelampen.nl\/de\/"},{"@type":"ListItem","position":2,"name":"Gesch\u00e4ft","item":"https:\/\/scandinavischelampen.nl\/de\/laden\/"},{"@type":"ListItem","position":3,"name":"Skandinavische Taupe Esstisch Pendelleuchte &#8211; Elegante Beleuchtung"}]},{"@type":"WebSite","@id":"https:\/\/scandinavischelampen.nl\/de\/#website","url":"https:\/\/scandinavischelampen.nl\/de\/","name":"Scandinavische Lampen","description":"Vintage-Designbeleuchtung","publisher":{"@id":"https:\/\/scandinavischelampen.nl\/de\/#organization"},"potentialAction":[{"@type":"SearchAction","target":{"@type":"EntryPoint","urlTemplate":"https:\/\/scandinavischelampen.nl\/de\/?s={search_term_string}"},"query-input":{"@type":"PropertyValueSpecification","valueRequired":true,"valueName":"search_term_string"}}],"inLanguage":"de"},{"@type":"Organization","@id":"https:\/\/scandinavischelampen.nl\/de\/#organization","name":"Scandinavische Lampen","url":"https:\/\/scandinavischelampen.nl\/de\/","logo":{"@type":"ImageObject","inLanguage":"de","@id":"https:\/\/scandinavischelampen.nl\/de\/#\/schema\/logo\/image\/","url":"https:\/\/i0.wp.com\/scandinavischelampen.nl\/wp-content\/uploads\/2023\/07\/cropped-Scandinavische-lampen-logo-oranje-01-scaled.png?fit=4717%2C1570&ssl=1","contentUrl":"https:\/\/i0.wp.com\/scandinavischelampen.nl\/wp-content\/uploads\/2023\/07\/cropped-Scandinavische-lampen-logo-oranje-01-scaled.png?fit=4717%2C1570&ssl=1","width":4717,"height":1570,"caption":"Scandinavische Lampen"},"image":{"@id":"https:\/\/scandinavischelampen.nl\/de\/#\/schema\/logo\/image\/"},"sameAs":["https:\/\/www.facebook.com\/scandinavischelampen\/","https:\/\/www.instagram.com\/scandinavische_lampen\/"]}]}},"uagb_featured_image_src":{"full":["https:\/\/i0.wp.com\/scandinavischelampen.nl\/wp-content\/uploads\/2025\/05\/IMG_7282-2-kopie-scaled.jpg?fit=1920%2C2560&ssl=1",1920,2560,false],"thumbnail":["https:\/\/i0.wp.com\/scandinavischelampen.nl\/wp-content\/uploads\/2025\/05\/IMG_7282-2-kopie-scaled.jpg?resize=150%2C150&ssl=1",150,150,true],"medium":["https:\/\/i0.wp.com\/scandinavischelampen.nl\/wp-content\/uploads\/2025\/05\/IMG_7282-2-kopie-scaled.jpg?fit=225%2C300&ssl=1",225,300,true],"medium_large":["https:\/\/i0.wp.com\/scandinavischelampen.nl\/wp-content\/uploads\/2025\/05\/IMG_7282-2-kopie-scaled.jpg?fit=768%2C1024&ssl=1",768,1024,true],"large":["https:\/\/i0.wp.com\/scandinavischelampen.nl\/wp-content\/uploads\/2025\/05\/IMG_7282-2-kopie-scaled.jpg?fit=768%2C1024&ssl=1",768,1024,true],"1536x1536":["https:\/\/i0.wp.com\/scandinavischelampen.nl\/wp-content\/uploads\/2025\/05\/IMG_7282-2-kopie-scaled.jpg?fit=1152%2C1536&ssl=1",1152,1536,true],"2048x2048":["https:\/\/i0.wp.com\/scandinavischelampen.nl\/wp-content\/uploads\/2025\/05\/IMG_7282-2-kopie-scaled.jpg?fit=1536%2C2048&ssl=1",1536,2048,true],"woocommerce_thumbnail":["https:\/\/i0.wp.com\/scandinavischelampen.nl\/wp-content\/uploads\/2025\/05\/IMG_7282-2-kopie-scaled.jpg?resize=300%2C300&ssl=1",300,300,true],"woocommerce_single":["https:\/\/i0.wp.com\/scandinavischelampen.nl\/wp-content\/uploads\/2025\/05\/IMG_7282-2-kopie-scaled.jpg?fit=600%2C800&ssl=1",600,800,true],"woocommerce_gallery_thumbnail":["https:\/\/i0.wp.com\/scandinavischelampen.nl\/wp-content\/uploads\/2025\/05\/IMG_7282-2-kopie-scaled.jpg?resize=100%2C100&ssl=1",100,100,true],"thaps-thumb-img":["https:\/\/i0.wp.com\/scandinavischelampen.nl\/wp-content\/uploads\/2025\/05\/IMG_7282-2-kopie-scaled.jpg?resize=48%2C64&ssl=1",48,64,true]},"uagb_author_info":{"display_name":"administrator","author_link":"https:\/\/scandinavischelampen.nl\/de\/author\/"},"uagb_comment_info":0,"uagb_excerpt":"\u221a Kostenloser Versand in Europa ab \u20ac350 \u221a Bestellt vor 16:00 Uhr? Normalerweise am selben Tag versandt \u221a 14 Tage Bedenkzeit \u221a Geeignet f\u00fcr LED Durchmesser: 43 cm H\u00f6he: 25 cm","jetpack_sharing_enabled":true,"_links":{"self":[{"href":"https:\/\/scandinavischelampen.nl\/de\/wp-json\/wp\/v2\/product\/57545","targetHints":{"allow":["GET"]}}],"collection":[{"href":"https:\/\/scandinavischelampen.nl\/de\/wp-json\/wp\/v2\/product"}],"about":[{"href":"https:\/\/scandinavischelampen.nl\/de\/wp-json\/wp\/v2\/types\/product"}],"wp:featuredmedia":[{"embeddable":true,"href":"https:\/\/scandinavischelampen.nl\/de\/wp-json\/wp\/v2\/media\/57567"}],"wp:attachment":[{"href":"https:\/\/scandinavischelampen.nl\/de\/wp-json\/wp\/v2\/media?parent=57545"}],"wp:term":[{"taxonomy":"product_brand","embeddable":true,"href":"https:\/\/scandinavischelampen.nl\/de\/wp-json\/wp\/v2\/product_brand?post=57545"},{"taxonomy":"product_cat","embeddable":true,"href":"https:\/\/scandinavischelampen.nl\/de\/wp-json\/wp\/v2\/product_cat?post=57545"},{"taxonomy":"product_tag","embeddable":true,"href":"https:\/\/scandinavischelampen.nl\/de\/wp-json\/wp\/v2\/product_tag?post=57545"}],"curies":[{"name":"wp","href":"https:\/\/api.w.org\/{rel}","templated":true}]}}