{"id":54683,"date":"2025-02-15T14:38:02","date_gmt":"2025-02-15T13:38:02","guid":{"rendered":"https:\/\/scandinavischelampen.nl\/?post_type=product&#038;p=54683"},"modified":"2025-02-15T19:09:11","modified_gmt":"2025-02-15T18:09:11","slug":"horn-belysning-type-776-hanglamp-licht-taupe","status":"publish","type":"product","link":"https:\/\/scandinavischelampen.nl\/de\/produkt\/horn-belysning-type-776-hanglamp-licht-taupe\/","title":{"rendered":"Horn Belysning Typ 776 H\u00e4ngelampe Helles Taupe"},"content":{"rendered":"<h2 style=\"font-weight: 400;\">Horn-H\u00e4ngelampe Typ 776 Light Taupe<\/h2>\n<p>Sind Sie auf der Suche nach einer Vintage-Lampe, die Ihr modernes Interieur auf ein neues Niveau hebt? Suchen Sie nicht weiter! Die atemberaubende Vintage-H\u00e4ngelampe Horn Belysning, Typ 776 in stilvollem hellem Taupe, ist genau das, was Sie brauchen. Ob Sie sie in Ihrem Wohnzimmer neben dem Sofa pr\u00e4sentieren oder Ihrer K\u00fcche Atmosph\u00e4re verleihen m\u00f6chten, diese Lampe kann alles.<\/p>\n<p>Mit ihrer charakteristischen skandinavischen Schichtstruktur bietet diese H\u00e4ngeleuchte ein einzigartiges visuelles Element, das perfekt in zeitgen\u00f6ssische Interieurs passt. Genie\u00dfen Sie blendfreies Licht, das den Raum dezent erhellt. Das urspr\u00fcngliche wei\u00dfe Design der Lampe wurde durch ein spezialisiertes Unternehmen in ein modernes Schwarz umgewandelt, indem die Schirme neu pulverbeschichtet wurden. Dadurch befindet sich die Lampe in ausgezeichnetem Zustand und ist bereit, Ihren Raum zu versch\u00f6nern.<\/p>\n<p>Durch die sanfte, helltaupefarbene Oberfl\u00e4che eignet sich diese H\u00e4ngelampe perfekt f\u00fcr ein modernes Interieur und ist der letzte Schliff, den Sie brauchen, um Ihrem Zuhause ein zeitgem\u00e4\u00dfes Aussehen zu verleihen. Warten Sie nicht l\u00e4nger und bringen Sie den Vintage-Charme der Horn Belysning H\u00e4ngeleuchte in Ihr Zuhause und setzen Sie ein stilvolles Statement!<\/p>\n<h2 style=\"font-weight: 400;\">Zustand<\/h2>\n<p style=\"font-weight: 400;\">Diese H\u00e4ngelampe ist etwa 40 Jahre alt. Die Lampe ist pulverbeschichtet und daher in neuwertigem Zustand. Auch der Strom wurde erneuert.<\/p>\n<h2 style=\"font-weight: 400;\">Technische Daten Horn-H\u00e4ngelampe Typ 776 Light Taupe<\/h2>\n<ul style=\"font-weight: 400;\">\n<li>Durchmesser: 24 cm<\/li>\n<li>H\u00f6he: 18 cm<\/li>\n<li>Gesamtl\u00e4nge mit Kabel: 210 cm (bei der Installation anpassbar)<\/li>\n<li>Material: Stahl<\/li>\n<li>Farbe Kabel: wei\u00df<\/li>\n<li>Maximale Leistung 60 W<\/li>\n<li>Fassung: E27<\/li>\n<li>F\u00fcr LED-Lampen geeignet<\/li>\n<li>Gewicht: 1,1 kg<\/li>\n<\/ul>\n<h2 style=\"font-weight: 400;\">\u00dcber Horn Belysning<\/h2>\n<div class=\"flex-1 overflow-hidden\">\n<div class=\"react-scroll-to-bottom--css-sqzra-79elbk h-full\">\n<div class=\"react-scroll-to-bottom--css-sqzra-1n7m0yu\">\n<div class=\"flex flex-col pb-9 text-sm\">\n<div class=\"w-full text-token-text-primary\" data-testid=\"conversation-turn-9\">\n<div class=\"px-4 py-2 justify-center text-base md:gap-6 m-auto\">\n<div class=\"flex flex-1 text-base mx-auto gap-3 md:px-5 lg:px-1 xl:px-5 md:max-w-3xl lg:max-w-[40rem] xl:max-w-[48rem] group final-completion\">\n<div class=\"relative flex w-full flex-col lg:w-[calc(100%-115px)] agent-turn\">\n<div class=\"flex-col gap-1 md:gap-3\">\n<div class=\"flex flex-grow flex-col max-w-full\">\n<div class=\"min-h-[20px] text-message flex flex-col items-start gap-3 whitespace-pre-wrap break-words [.text-message+&amp;]:mt-5 overflow-x-auto\" data-message-author-role=\"assistant\" data-message-id=\"2496bef8-52a3-497c-b1d0-6a13c678245e\">\n<div class=\"markdown prose w-full break-words dark:prose-invert light\">\n<p>Seit 1952 hat sich Horn Belysning, auch bekannt als E.S. Horn, in D\u00e4nemark einen Ruf als Hersteller von hochwertigen Lampen aufgebaut. Der Erfolg von Horn war so gro\u00df, dass IKEA mehrere Jahre lang ein wichtiger Kunde war. Als b\u00f6rsennotiertes Unternehmen erwarb Horn 1991 das ebenfalls b\u00f6rsennotierte Unternehmen Lysk\u00e6r-Lyfa A\/S, das aus verschiedenen Marken wie Lysk\u00e6r, LYFA, ABO und Fog &amp; M\u00f8rup bestand. Entdecken Sie hier unsere umfangreiche Sammlung von Vintage-Lampen von Horn Belysning und erleben Sie selbst den zeitlosen Charme ihrer Handwerkskunst.<span style=\"font-size: 16px;\"> <\/span><a style=\"font-size: 16px;\" href=\"https:\/\/scandinavischelampen.nl\/product-categorie\/merken\/horn-belysning\/\">Entdecken Sie hier unsere umfangreiche Sammlung von Vintage-Lampen von Horn Belysning und erleben Sie selbst den zeitlosen Charme ihrer Handwerkskunst.<\/a><\/p>\n<\/div>\n<\/div>\n<\/div>\n<\/div>\n<\/div>\n<\/div>\n<\/div>\n<\/div>\n<\/div>\n<\/div>\n<\/div>\n<\/div>\n<p style=\"font-weight: 400;\">\n","protected":false},"excerpt":{"rendered":"<p><strong><span style=\"color: #00ff00;\">\u221a<\/span> <span style=\"color: #ff6600;\">Kostenloser Versand in Europa ab \u20ac350<\/span><br \/>\n<\/strong><strong><span style=\"color: #00ff00;\">\u221a<\/span> Bestellt vor <span style=\"color: #ff6600;\">16:00 Uhr<\/span>? Normalerweise am selben Tag versandt<br \/>\n<\/strong><strong><span style=\"color: #00ff00;\">\u221a<\/span> <span style=\"color: #ff6600;\">14 Tage<\/span> Bedenkzeit<br \/>\n<\/strong><strong><span style=\"color: #00ff00;\">\u221a<\/span> Geeignet f\u00fcr <span style=\"color: #ff6600;\">LED<\/span><\/strong><\/p>\n<p>&nbsp;<\/p>\n<ul style=\"font-weight: 400;\">\n<li><strong>Durchmesser: 24 cm<\/strong><\/li>\n<li><strong>H\u00f6he: 18 cm<\/strong><\/li>\n<\/ul>\n","protected":false},"featured_media":54681,"template":"","meta":{"_uag_custom_page_level_css":"","site-sidebar-layout":"default","site-content-layout":"default","ast-site-content-layout":"default","site-content-style":"default","site-sidebar-style":"default","ast-global-header-display":"","ast-banner-title-visibility":"","ast-main-header-display":"","ast-hfb-above-header-display":"","ast-hfb-below-header-display":"","ast-hfb-mobile-header-display":"","site-post-title":"","ast-breadcrumbs-content":"","ast-featured-img":"","footer-sml-layout":"","ast-disable-related-posts":"","theme-transparent-header-meta":"default","adv-header-id-meta":"","stick-header-meta":"","header-above-stick-meta":"","header-main-stick-meta":"","header-below-stick-meta":"","astra-migrate-meta-layouts":"set","ast-page-background-enabled":"default","ast-page-background-meta":{"desktop":{"background-color":"var(--ast-global-color-4)","background-image":"","background-repeat":"repeat","background-position":"center center","background-size":"auto","background-attachment":"scroll","background-type":"","background-media":"","overlay-type":"","overlay-color":"","overlay-opacity":"","overlay-gradient":""},"tablet":{"background-color":"","background-image":"","background-repeat":"repeat","background-position":"center center","background-size":"auto","background-attachment":"scroll","background-type":"","background-media":"","overlay-type":"","overlay-color":"","overlay-opacity":"","overlay-gradient":""},"mobile":{"background-color":"","background-image":"","background-repeat":"repeat","background-position":"center center","background-size":"auto","background-attachment":"scroll","background-type":"","background-media":"","overlay-type":"","overlay-color":"","overlay-opacity":"","overlay-gradient":""}},"ast-content-background-meta":{"desktop":{"background-color":"var(--ast-global-color-5)","background-image":"","background-repeat":"repeat","background-position":"center center","background-size":"auto","background-attachment":"scroll","background-type":"","background-media":"","overlay-type":"","overlay-color":"","overlay-opacity":"","overlay-gradient":""},"tablet":{"background-color":"var(--ast-global-color-5)","background-image":"","background-repeat":"repeat","background-position":"center center","background-size":"auto","background-attachment":"scroll","background-type":"","background-media":"","overlay-type":"","overlay-color":"","overlay-opacity":"","overlay-gradient":""},"mobile":{"background-color":"var(--ast-global-color-5)","background-image":"","background-repeat":"repeat","background-position":"center center","background-size":"auto","background-attachment":"scroll","background-type":"","background-media":"","overlay-type":"","overlay-color":"","overlay-opacity":"","overlay-gradient":""}}},"product_brand":[],"product_cat":[281,255,246,243,265,247,248,605,249],"product_tag":[592],"class_list":{"0":"post-54683","1":"product","2":"type-product","3":"status-publish","4":"has-post-thumbnail","6":"product_cat-buro-de","7":"product_cat-farbkollektion","8":"product_cat-halle","9":"product_cat-skandinavische-pendelleuchten","10":"product_cat-horn-belysning-de","11":"product_cat-kuche","12":"product_cat-schlafzimmer","13":"product_cat-sehen-sie-sich-unsere-komplette-kollektion-an","14":"product_cat-wohnzimmer","15":"product_tag-taupe-de","16":"desktop-align-center","17":"tablet-align-left","18":"mobile-align-left","20":"first","21":"instock","22":"featured","23":"taxable","24":"shipping-taxable","25":"purchasable","26":"product-type-simple"},"yoast_head":"<!-- This site is optimized with the Yoast SEO plugin v27.5 - https:\/\/yoast.com\/product\/yoast-seo-wordpress\/ -->\n<title>Horn Belysning Typ 776 H\u00e4ngelampe Helles Taupe<\/title>\n<meta name=\"description\" content=\"Horn Belysning Typ 776 H\u00e4ngelampe in hellem Taupe. Verleihen Sie Ihrem Interieur d\u00e4nisches Vintage-Design. Bestellen Sie hier \u221aGro\u00dfe Auswahl \u221aSchnelle Lieferung\" \/>\n<meta name=\"robots\" content=\"index, follow, max-snippet:-1, max-image-preview:large, max-video-preview:-1\" \/>\n<link rel=\"canonical\" href=\"https:\/\/scandinavischelampen.nl\/de\/produkt\/horn-belysning-type-776-hanglamp-licht-taupe\/\" \/>\n<meta property=\"og:locale\" content=\"de_DE\" \/>\n<meta property=\"og:type\" content=\"article\" \/>\n<meta property=\"og:title\" content=\"Horn Belysning Typ 776 H\u00e4ngelampe Helles Taupe\" \/>\n<meta property=\"og:description\" content=\"Horn Belysning Typ 776 H\u00e4ngelampe in hellem Taupe. Verleihen Sie Ihrem Interieur d\u00e4nisches Vintage-Design. Bestellen Sie hier \u221aGro\u00dfe Auswahl \u221aSchnelle Lieferung\" \/>\n<meta property=\"og:url\" content=\"https:\/\/scandinavischelampen.nl\/de\/produkt\/horn-belysning-type-776-hanglamp-licht-taupe\/\" \/>\n<meta property=\"og:site_name\" content=\"Skandinavische Lampen\" \/>\n<meta property=\"article:publisher\" content=\"https:\/\/www.facebook.com\/scandinavischelampen\/\" \/>\n<meta property=\"article:modified_time\" content=\"2025-02-15T18:09:11+00:00\" \/>\n<meta property=\"og:image\" content=\"https:\/\/i0.wp.com\/scandinavischelampen.nl\/wp-content\/uploads\/2025\/02\/IMG_7358-2-kopie-scaled.jpg?fit=1920%2C2560&ssl=1\" \/>\n\t<meta property=\"og:image:width\" content=\"1920\" \/>\n\t<meta property=\"og:image:height\" content=\"2560\" \/>\n\t<meta property=\"og:image:type\" content=\"image\/jpeg\" \/>\n<meta name=\"twitter:card\" content=\"summary_large_image\" \/>\n<meta name=\"twitter:label1\" content=\"Gesch\u00e4tzte Lesezeit\" \/>\n\t<meta name=\"twitter:data1\" content=\"2\u00a0Minuten\" \/>\n<script type=\"application\/ld+json\" class=\"yoast-schema-graph\">{\"@context\":\"https:\\\/\\\/schema.org\",\"@graph\":[{\"@type\":\"WebPage\",\"@id\":\"https:\\\/\\\/scandinavischelampen.nl\\\/de\\\/produkt\\\/horn-belysning-type-776-hanglamp-licht-taupe\\\/\",\"url\":\"https:\\\/\\\/scandinavischelampen.nl\\\/de\\\/produkt\\\/horn-belysning-type-776-hanglamp-licht-taupe\\\/\",\"name\":\"Horn Belysning Typ 776 H\u00e4ngelampe Helles Taupe\",\"isPartOf\":{\"@id\":\"https:\\\/\\\/scandinavischelampen.nl\\\/de\\\/#website\"},\"primaryImageOfPage\":{\"@id\":\"https:\\\/\\\/scandinavischelampen.nl\\\/de\\\/produkt\\\/horn-belysning-type-776-hanglamp-licht-taupe\\\/#primaryimage\"},\"image\":{\"@id\":\"https:\\\/\\\/scandinavischelampen.nl\\\/de\\\/produkt\\\/horn-belysning-type-776-hanglamp-licht-taupe\\\/#primaryimage\"},\"thumbnailUrl\":\"https:\\\/\\\/i0.wp.com\\\/scandinavischelampen.nl\\\/wp-content\\\/uploads\\\/2025\\\/02\\\/IMG_7358-2-kopie-scaled.jpg?fit=1920%2C2560&ssl=1\",\"datePublished\":\"2025-02-15T13:38:02+00:00\",\"dateModified\":\"2025-02-15T18:09:11+00:00\",\"description\":\"Horn Belysning Typ 776 H\u00e4ngelampe in hellem Taupe. Verleihen Sie Ihrem Interieur d\u00e4nisches Vintage-Design. Bestellen Sie hier \u221aGro\u00dfe Auswahl \u221aSchnelle Lieferung\",\"breadcrumb\":{\"@id\":\"https:\\\/\\\/scandinavischelampen.nl\\\/de\\\/produkt\\\/horn-belysning-type-776-hanglamp-licht-taupe\\\/#breadcrumb\"},\"inLanguage\":\"de\",\"potentialAction\":[{\"@type\":\"ReadAction\",\"target\":[\"https:\\\/\\\/scandinavischelampen.nl\\\/de\\\/produkt\\\/horn-belysning-type-776-hanglamp-licht-taupe\\\/\"]}]},{\"@type\":\"ImageObject\",\"inLanguage\":\"de\",\"@id\":\"https:\\\/\\\/scandinavischelampen.nl\\\/de\\\/produkt\\\/horn-belysning-type-776-hanglamp-licht-taupe\\\/#primaryimage\",\"url\":\"https:\\\/\\\/i0.wp.com\\\/scandinavischelampen.nl\\\/wp-content\\\/uploads\\\/2025\\\/02\\\/IMG_7358-2-kopie-scaled.jpg?fit=1920%2C2560&ssl=1\",\"contentUrl\":\"https:\\\/\\\/i0.wp.com\\\/scandinavischelampen.nl\\\/wp-content\\\/uploads\\\/2025\\\/02\\\/IMG_7358-2-kopie-scaled.jpg?fit=1920%2C2560&ssl=1\",\"width\":1920,\"height\":2560,\"caption\":\"Horn Belysning Typ 776 H\u00e4ngelampe Helles Taupe\"},{\"@type\":\"BreadcrumbList\",\"@id\":\"https:\\\/\\\/scandinavischelampen.nl\\\/de\\\/produkt\\\/horn-belysning-type-776-hanglamp-licht-taupe\\\/#breadcrumb\",\"itemListElement\":[{\"@type\":\"ListItem\",\"position\":1,\"name\":\"Home\",\"item\":\"https:\\\/\\\/scandinavischelampen.nl\\\/de\\\/\"},{\"@type\":\"ListItem\",\"position\":2,\"name\":\"Gesch\u00e4ft\",\"item\":\"https:\\\/\\\/scandinavischelampen.nl\\\/de\\\/laden\\\/\"},{\"@type\":\"ListItem\",\"position\":3,\"name\":\"Horn Belysning Typ 776 H\u00e4ngelampe Helles Taupe\"}]},{\"@type\":\"WebSite\",\"@id\":\"https:\\\/\\\/scandinavischelampen.nl\\\/de\\\/#website\",\"url\":\"https:\\\/\\\/scandinavischelampen.nl\\\/de\\\/\",\"name\":\"Scandinavische Lampen\",\"description\":\"Vintage-Designbeleuchtung\",\"publisher\":{\"@id\":\"https:\\\/\\\/scandinavischelampen.nl\\\/de\\\/#organization\"},\"potentialAction\":[{\"@type\":\"SearchAction\",\"target\":{\"@type\":\"EntryPoint\",\"urlTemplate\":\"https:\\\/\\\/scandinavischelampen.nl\\\/de\\\/?s={search_term_string}\"},\"query-input\":{\"@type\":\"PropertyValueSpecification\",\"valueRequired\":true,\"valueName\":\"search_term_string\"}}],\"inLanguage\":\"de\"},{\"@type\":\"Organization\",\"@id\":\"https:\\\/\\\/scandinavischelampen.nl\\\/de\\\/#organization\",\"name\":\"Scandinavische Lampen\",\"url\":\"https:\\\/\\\/scandinavischelampen.nl\\\/de\\\/\",\"logo\":{\"@type\":\"ImageObject\",\"inLanguage\":\"de\",\"@id\":\"https:\\\/\\\/scandinavischelampen.nl\\\/de\\\/#\\\/schema\\\/logo\\\/image\\\/\",\"url\":\"https:\\\/\\\/i0.wp.com\\\/scandinavischelampen.nl\\\/wp-content\\\/uploads\\\/2023\\\/07\\\/cropped-Scandinavische-lampen-logo-oranje-01-scaled.png?fit=4717%2C1570&ssl=1\",\"contentUrl\":\"https:\\\/\\\/i0.wp.com\\\/scandinavischelampen.nl\\\/wp-content\\\/uploads\\\/2023\\\/07\\\/cropped-Scandinavische-lampen-logo-oranje-01-scaled.png?fit=4717%2C1570&ssl=1\",\"width\":4717,\"height\":1570,\"caption\":\"Scandinavische Lampen\"},\"image\":{\"@id\":\"https:\\\/\\\/scandinavischelampen.nl\\\/de\\\/#\\\/schema\\\/logo\\\/image\\\/\"},\"sameAs\":[\"https:\\\/\\\/www.facebook.com\\\/scandinavischelampen\\\/\",\"https:\\\/\\\/www.instagram.com\\\/scandinavische_lampen\\\/\"]}]}<\/script>\n<!-- \/ Yoast SEO plugin. -->","yoast_head_json":{"title":"Horn Belysning Typ 776 H\u00e4ngelampe Helles Taupe","description":"Horn Belysning Typ 776 H\u00e4ngelampe in hellem Taupe. Verleihen Sie Ihrem Interieur d\u00e4nisches Vintage-Design. Bestellen Sie hier \u221aGro\u00dfe Auswahl \u221aSchnelle Lieferung","robots":{"index":"index","follow":"follow","max-snippet":"max-snippet:-1","max-image-preview":"max-image-preview:large","max-video-preview":"max-video-preview:-1"},"canonical":"https:\/\/scandinavischelampen.nl\/de\/produkt\/horn-belysning-type-776-hanglamp-licht-taupe\/","og_locale":"de_DE","og_type":"article","og_title":"Horn Belysning Typ 776 H\u00e4ngelampe Helles Taupe","og_description":"Horn Belysning Typ 776 H\u00e4ngelampe in hellem Taupe. Verleihen Sie Ihrem Interieur d\u00e4nisches Vintage-Design. Bestellen Sie hier \u221aGro\u00dfe Auswahl \u221aSchnelle Lieferung","og_url":"https:\/\/scandinavischelampen.nl\/de\/produkt\/horn-belysning-type-776-hanglamp-licht-taupe\/","og_site_name":"Skandinavische Lampen","article_publisher":"https:\/\/www.facebook.com\/scandinavischelampen\/","article_modified_time":"2025-02-15T18:09:11+00:00","og_image":[{"width":1920,"height":2560,"url":"https:\/\/i0.wp.com\/scandinavischelampen.nl\/wp-content\/uploads\/2025\/02\/IMG_7358-2-kopie-scaled.jpg?fit=1920%2C2560&ssl=1","type":"image\/jpeg"}],"twitter_card":"summary_large_image","twitter_misc":{"Gesch\u00e4tzte Lesezeit":"2\u00a0Minuten"},"schema":{"@context":"https:\/\/schema.org","@graph":[{"@type":"WebPage","@id":"https:\/\/scandinavischelampen.nl\/de\/produkt\/horn-belysning-type-776-hanglamp-licht-taupe\/","url":"https:\/\/scandinavischelampen.nl\/de\/produkt\/horn-belysning-type-776-hanglamp-licht-taupe\/","name":"Horn Belysning Typ 776 H\u00e4ngelampe Helles Taupe","isPartOf":{"@id":"https:\/\/scandinavischelampen.nl\/de\/#website"},"primaryImageOfPage":{"@id":"https:\/\/scandinavischelampen.nl\/de\/produkt\/horn-belysning-type-776-hanglamp-licht-taupe\/#primaryimage"},"image":{"@id":"https:\/\/scandinavischelampen.nl\/de\/produkt\/horn-belysning-type-776-hanglamp-licht-taupe\/#primaryimage"},"thumbnailUrl":"https:\/\/i0.wp.com\/scandinavischelampen.nl\/wp-content\/uploads\/2025\/02\/IMG_7358-2-kopie-scaled.jpg?fit=1920%2C2560&ssl=1","datePublished":"2025-02-15T13:38:02+00:00","dateModified":"2025-02-15T18:09:11+00:00","description":"Horn Belysning Typ 776 H\u00e4ngelampe in hellem Taupe. Verleihen Sie Ihrem Interieur d\u00e4nisches Vintage-Design. Bestellen Sie hier \u221aGro\u00dfe Auswahl \u221aSchnelle Lieferung","breadcrumb":{"@id":"https:\/\/scandinavischelampen.nl\/de\/produkt\/horn-belysning-type-776-hanglamp-licht-taupe\/#breadcrumb"},"inLanguage":"de","potentialAction":[{"@type":"ReadAction","target":["https:\/\/scandinavischelampen.nl\/de\/produkt\/horn-belysning-type-776-hanglamp-licht-taupe\/"]}]},{"@type":"ImageObject","inLanguage":"de","@id":"https:\/\/scandinavischelampen.nl\/de\/produkt\/horn-belysning-type-776-hanglamp-licht-taupe\/#primaryimage","url":"https:\/\/i0.wp.com\/scandinavischelampen.nl\/wp-content\/uploads\/2025\/02\/IMG_7358-2-kopie-scaled.jpg?fit=1920%2C2560&ssl=1","contentUrl":"https:\/\/i0.wp.com\/scandinavischelampen.nl\/wp-content\/uploads\/2025\/02\/IMG_7358-2-kopie-scaled.jpg?fit=1920%2C2560&ssl=1","width":1920,"height":2560,"caption":"Horn Belysning Typ 776 H\u00e4ngelampe Helles Taupe"},{"@type":"BreadcrumbList","@id":"https:\/\/scandinavischelampen.nl\/de\/produkt\/horn-belysning-type-776-hanglamp-licht-taupe\/#breadcrumb","itemListElement":[{"@type":"ListItem","position":1,"name":"Home","item":"https:\/\/scandinavischelampen.nl\/de\/"},{"@type":"ListItem","position":2,"name":"Gesch\u00e4ft","item":"https:\/\/scandinavischelampen.nl\/de\/laden\/"},{"@type":"ListItem","position":3,"name":"Horn Belysning Typ 776 H\u00e4ngelampe Helles Taupe"}]},{"@type":"WebSite","@id":"https:\/\/scandinavischelampen.nl\/de\/#website","url":"https:\/\/scandinavischelampen.nl\/de\/","name":"Scandinavische Lampen","description":"Vintage-Designbeleuchtung","publisher":{"@id":"https:\/\/scandinavischelampen.nl\/de\/#organization"},"potentialAction":[{"@type":"SearchAction","target":{"@type":"EntryPoint","urlTemplate":"https:\/\/scandinavischelampen.nl\/de\/?s={search_term_string}"},"query-input":{"@type":"PropertyValueSpecification","valueRequired":true,"valueName":"search_term_string"}}],"inLanguage":"de"},{"@type":"Organization","@id":"https:\/\/scandinavischelampen.nl\/de\/#organization","name":"Scandinavische Lampen","url":"https:\/\/scandinavischelampen.nl\/de\/","logo":{"@type":"ImageObject","inLanguage":"de","@id":"https:\/\/scandinavischelampen.nl\/de\/#\/schema\/logo\/image\/","url":"https:\/\/i0.wp.com\/scandinavischelampen.nl\/wp-content\/uploads\/2023\/07\/cropped-Scandinavische-lampen-logo-oranje-01-scaled.png?fit=4717%2C1570&ssl=1","contentUrl":"https:\/\/i0.wp.com\/scandinavischelampen.nl\/wp-content\/uploads\/2023\/07\/cropped-Scandinavische-lampen-logo-oranje-01-scaled.png?fit=4717%2C1570&ssl=1","width":4717,"height":1570,"caption":"Scandinavische Lampen"},"image":{"@id":"https:\/\/scandinavischelampen.nl\/de\/#\/schema\/logo\/image\/"},"sameAs":["https:\/\/www.facebook.com\/scandinavischelampen\/","https:\/\/www.instagram.com\/scandinavische_lampen\/"]}]}},"uagb_featured_image_src":{"full":["https:\/\/i0.wp.com\/scandinavischelampen.nl\/wp-content\/uploads\/2025\/02\/IMG_7358-2-kopie-scaled.jpg?fit=1920%2C2560&ssl=1",1920,2560,false],"thumbnail":["https:\/\/i0.wp.com\/scandinavischelampen.nl\/wp-content\/uploads\/2025\/02\/IMG_7358-2-kopie-scaled.jpg?resize=150%2C150&ssl=1",150,150,true],"medium":["https:\/\/i0.wp.com\/scandinavischelampen.nl\/wp-content\/uploads\/2025\/02\/IMG_7358-2-kopie-scaled.jpg?fit=225%2C300&ssl=1",225,300,true],"medium_large":["https:\/\/i0.wp.com\/scandinavischelampen.nl\/wp-content\/uploads\/2025\/02\/IMG_7358-2-kopie-scaled.jpg?fit=768%2C1024&ssl=1",768,1024,true],"large":["https:\/\/i0.wp.com\/scandinavischelampen.nl\/wp-content\/uploads\/2025\/02\/IMG_7358-2-kopie-scaled.jpg?fit=768%2C1024&ssl=1",768,1024,true],"1536x1536":["https:\/\/i0.wp.com\/scandinavischelampen.nl\/wp-content\/uploads\/2025\/02\/IMG_7358-2-kopie-scaled.jpg?fit=1152%2C1536&ssl=1",1152,1536,true],"2048x2048":["https:\/\/i0.wp.com\/scandinavischelampen.nl\/wp-content\/uploads\/2025\/02\/IMG_7358-2-kopie-scaled.jpg?fit=1536%2C2048&ssl=1",1536,2048,true],"woocommerce_thumbnail":["https:\/\/i0.wp.com\/scandinavischelampen.nl\/wp-content\/uploads\/2025\/02\/IMG_7358-2-kopie-scaled.jpg?resize=300%2C300&ssl=1",300,300,true],"woocommerce_single":["https:\/\/i0.wp.com\/scandinavischelampen.nl\/wp-content\/uploads\/2025\/02\/IMG_7358-2-kopie-scaled.jpg?fit=600%2C800&ssl=1",600,800,true],"woocommerce_gallery_thumbnail":["https:\/\/i0.wp.com\/scandinavischelampen.nl\/wp-content\/uploads\/2025\/02\/IMG_7358-2-kopie-scaled.jpg?resize=100%2C100&ssl=1",100,100,true],"thaps-thumb-img":["https:\/\/i0.wp.com\/scandinavischelampen.nl\/wp-content\/uploads\/2025\/02\/IMG_7358-2-kopie-scaled.jpg?resize=48%2C64&ssl=1",48,64,true]},"uagb_author_info":{"display_name":"administrator","author_link":"https:\/\/scandinavischelampen.nl\/de\/author\/"},"uagb_comment_info":0,"uagb_excerpt":"\u221a Kostenloser Versand in Europa ab \u20ac350 \u221a Bestellt vor 16:00 Uhr? Normalerweise am selben Tag versandt \u221a 14 Tage Bedenkzeit \u221a Geeignet f\u00fcr LED &nbsp; Durchmesser: 24 cm H\u00f6he: 18 cm","jetpack_sharing_enabled":true,"_links":{"self":[{"href":"https:\/\/scandinavischelampen.nl\/de\/wp-json\/wp\/v2\/product\/54683","targetHints":{"allow":["GET"]}}],"collection":[{"href":"https:\/\/scandinavischelampen.nl\/de\/wp-json\/wp\/v2\/product"}],"about":[{"href":"https:\/\/scandinavischelampen.nl\/de\/wp-json\/wp\/v2\/types\/product"}],"wp:featuredmedia":[{"embeddable":true,"href":"https:\/\/scandinavischelampen.nl\/de\/wp-json\/wp\/v2\/media\/54681"}],"wp:attachment":[{"href":"https:\/\/scandinavischelampen.nl\/de\/wp-json\/wp\/v2\/media?parent=54683"}],"wp:term":[{"taxonomy":"product_brand","embeddable":true,"href":"https:\/\/scandinavischelampen.nl\/de\/wp-json\/wp\/v2\/product_brand?post=54683"},{"taxonomy":"product_cat","embeddable":true,"href":"https:\/\/scandinavischelampen.nl\/de\/wp-json\/wp\/v2\/product_cat?post=54683"},{"taxonomy":"product_tag","embeddable":true,"href":"https:\/\/scandinavischelampen.nl\/de\/wp-json\/wp\/v2\/product_tag?post=54683"}],"curies":[{"name":"wp","href":"https:\/\/api.w.org\/{rel}","templated":true}]}}