{"id":54094,"date":"2025-01-18T12:45:31","date_gmt":"2025-01-18T11:45:31","guid":{"rendered":"https:\/\/scandinavischelampen.nl\/?post_type=product&#038;p=54094"},"modified":"2025-01-18T13:00:14","modified_gmt":"2025-01-18T12:00:14","slug":"pendelleuchte-hell-taupe-design-light-model-siam","status":"publish","type":"product","link":"https:\/\/scandinavischelampen.nl\/de\/produkt\/pendelleuchte-hell-taupe-design-light-model-siam\/","title":{"rendered":"Pendelleuchten Light Taupe Design Light Modell Siam 2er Set"},"content":{"rendered":"<h1>Pendelleuchten Light Taupe Design Light Modell Siam 2er Set<\/h1>\n<p>Entdecken Sie die zeitlose Eleganz unseres Sets aus zwei neu pulverbeschichteten Pendelleuchten in hellem Taupe, direkt aus D\u00e4nemark und jetzt in unserer Kollektion erh\u00e4ltlich. Diese raffinierten Lampen kombinieren m\u00fchelos Stil mit Funktionalit\u00e4t und sind somit eine unverzichtbare Erg\u00e4nzung f\u00fcr jedes moderne Interieur. Die dezente, warme Taupe-Farbe verleiht jedem Raum, in dem sie h\u00e4ngen, ein ruhiges und raffiniertes Aussehen. Mit ihrem raffinierten Design verteilen die Lampen das Licht auf spielerische Weise sowohl nach unten als auch zu den Seiten und schaffen so eine stimmungsvolle und einladende Atmosph\u00e4re. Egal, ob Sie eine stilvolle Erg\u00e4nzung \u00fcber Ihrer K\u00fccheninsel oder einen Blickfang f\u00fcr Ihren Flur suchen, dieses Pendelleuchten-Set bietet die perfekte Balance zwischen \u00c4sthetik und praktischem Nutzen. Bringen Sie W\u00e4rme und Charakter in Ihr Interieur mit diesen einzigartigen taupefarbenen H\u00e4ngelampen. Verwandeln Sie Ihren Raum mit diesen wundersch\u00f6nen, neu pulverbeschichteten Lampen in eine Oase voller Atmosph\u00e4re und Eleganz. Bestellen Sie noch heute und geben Sie Ihrem Interieur das Upgrade, das es verdient! <\/p>\n<h2>Zustand<\/h2>\n<p>Dieses Set aus zwei Vintage-H\u00e4ngelampen stammt aus den 1990er Jahren. Sie sind dank einer neuen Pulverbeschichtung in sehr gutem Zustand. Dar\u00fcber hinaus wurde auf eine Modernisierung mit v\u00f6llig neuer elektrischer Verkabelung geachtet, wodurch diese Lampen nicht nur \u00e4sthetisch ansprechend, sondern auch sicher und zuverl\u00e4ssig im Gebrauch sind.  <\/p>\n<h2>Technische Daten H\u00e4ngelampen helltaupe<\/h2>\n<ul>\n<li>H\u00f6he: 18 cm<\/li>\n<li>Durchmesser: 14,5 cm<\/li>\n<li>Gesamth\u00f6he mit Kordel 200 cm<\/li>\n<li>Material: Stahl<\/li>\n<li>Farbe Kabel: wei\u00df<\/li>\n<li>Maximale Wattzahl: 60 W<\/li>\n<li>Fassung: E27<\/li>\n<li>F\u00fcr LED-Lampen geeignet<\/li>\n<li>Gewicht: 2 kg<\/li>\n<\/ul>\n<h2>\u00dcber Design Light<\/h2>\n<p>Das d\u00e4nische Beleuchtungsunternehmen Design Light mit Sitz in Randers startete in den 1980er Jahren mit zwei Hauptserien. Minimalistische, UFO-\u00e4hnliche H\u00e4nge- und Wandleuchten aus innovativen Materialkombinationen wie Plexiglas und Metallgeflecht. Die andere Linie besteht aus hochwertigen mehrschichtigen Pendelleuchten im klassischen d\u00e4nischen modernen Stil. <span style=\"color: #ff6600;\"><strong><a style=\"color: #ff6600;\" href=\"https:\/\/scandinavischelampen.nl\/product-categorie\/merken\/design-light\/\">Sehen Sie sich hier unsere komplette Kollektion an Design-Light-H\u00e4ngelampen an<\/a><\/strong><\/span><\/p>\n","protected":false},"excerpt":{"rendered":"<p><strong><span style=\"color: #00ff00;\">\u221a<\/span> <span style=\"color: #ff6600;\">Kostenloser Versand in Europa ab \u20ac350<\/span><br \/>\n<\/strong><strong><span style=\"color: #00ff00;\">\u221a<\/span> Bestellt vor <span style=\"color: #ff6600;\">16:00 Uhr<\/span>? Normalerweise am selben Tag versandt<br \/>\n<\/strong><strong><span style=\"color: #00ff00;\">\u221a<\/span> <span style=\"color: #ff6600;\">14 Tage<\/span> Bedenkzeit<br \/>\n<\/strong><strong><span style=\"color: #00ff00;\">\u221a<\/span> Geeignet f\u00fcr <span style=\"color: #ff6600;\">LED<\/span><\/strong><\/p>\n<ul>\n<li><strong>H\u00f6he: 18 cm<\/strong><\/li>\n<li><strong>Durchmesser: 14,5 cm<\/strong><\/li>\n<\/ul>\n","protected":false},"featured_media":54106,"template":"","meta":{"_uag_custom_page_level_css":"","site-sidebar-layout":"default","site-content-layout":"default","ast-site-content-layout":"default","site-content-style":"default","site-sidebar-style":"default","ast-global-header-display":"","ast-banner-title-visibility":"","ast-main-header-display":"","ast-hfb-above-header-display":"","ast-hfb-below-header-display":"","ast-hfb-mobile-header-display":"","site-post-title":"","ast-breadcrumbs-content":"","ast-featured-img":"","footer-sml-layout":"","ast-disable-related-posts":"","theme-transparent-header-meta":"default","adv-header-id-meta":"","stick-header-meta":"","header-above-stick-meta":"","header-main-stick-meta":"","header-below-stick-meta":"","astra-migrate-meta-layouts":"set","ast-page-background-enabled":"default","ast-page-background-meta":{"desktop":{"background-color":"var(--ast-global-color-4)","background-image":"","background-repeat":"repeat","background-position":"center center","background-size":"auto","background-attachment":"scroll","background-type":"","background-media":"","overlay-type":"","overlay-color":"","overlay-opacity":"","overlay-gradient":""},"tablet":{"background-color":"","background-image":"","background-repeat":"repeat","background-position":"center center","background-size":"auto","background-attachment":"scroll","background-type":"","background-media":"","overlay-type":"","overlay-color":"","overlay-opacity":"","overlay-gradient":""},"mobile":{"background-color":"","background-image":"","background-repeat":"repeat","background-position":"center center","background-size":"auto","background-attachment":"scroll","background-type":"","background-media":"","overlay-type":"","overlay-color":"","overlay-opacity":"","overlay-gradient":""}},"ast-content-background-meta":{"desktop":{"background-color":"var(--ast-global-color-5)","background-image":"","background-repeat":"repeat","background-position":"center center","background-size":"auto","background-attachment":"scroll","background-type":"","background-media":"","overlay-type":"","overlay-color":"","overlay-opacity":"","overlay-gradient":""},"tablet":{"background-color":"var(--ast-global-color-5)","background-image":"","background-repeat":"repeat","background-position":"center center","background-size":"auto","background-attachment":"scroll","background-type":"","background-media":"","overlay-type":"","overlay-color":"","overlay-opacity":"","overlay-gradient":""},"mobile":{"background-color":"var(--ast-global-color-5)","background-image":"","background-repeat":"repeat","background-position":"center center","background-size":"auto","background-attachment":"scroll","background-type":"","background-media":"","overlay-type":"","overlay-color":"","overlay-opacity":"","overlay-gradient":""}}},"product_brand":[],"product_cat":[260,246,243,247,275,245,605,249],"product_tag":[592],"class_list":{"0":"post-54094","1":"product","2":"type-product","3":"status-publish","4":"has-post-thumbnail","6":"product_cat-design-light-de","7":"product_cat-halle","8":"product_cat-skandinavische-pendelleuchten","9":"product_cat-kuche","10":"product_cat-lampen-duos-de","11":"product_cat-pendelleuchte-esstisch","12":"product_cat-sehen-sie-sich-unsere-komplette-kollektion-an","13":"product_cat-wohnzimmer","14":"product_tag-taupe-de","15":"desktop-align-center","16":"tablet-align-left","17":"mobile-align-left","19":"first","20":"instock","21":"taxable","22":"shipping-taxable","23":"purchasable","24":"product-type-simple"},"yoast_head":"<!-- This site is optimized with the Yoast SEO plugin v27.5 - https:\/\/yoast.com\/product\/yoast-seo-wordpress\/ -->\n<title>Pendelleuchten Light Taupe Design Light Modell Siam 2er Set<\/title>\n<meta name=\"description\" content=\"Entdecken Sie die perfekte Kombination aus Stil und Funktionalit\u00e4t mit unseren attraktiven Pendelleuchten in hellem Taupe aus der Siam-Kollektion von Design Light.\" \/>\n<meta name=\"robots\" content=\"index, follow, max-snippet:-1, max-image-preview:large, max-video-preview:-1\" \/>\n<link rel=\"canonical\" href=\"https:\/\/scandinavischelampen.nl\/de\/produkt\/pendelleuchte-hell-taupe-design-light-model-siam\/\" \/>\n<meta property=\"og:locale\" content=\"de_DE\" \/>\n<meta property=\"og:type\" content=\"article\" \/>\n<meta property=\"og:title\" content=\"Pendelleuchten Light Taupe Design Light Modell Siam 2er Set\" \/>\n<meta property=\"og:description\" content=\"Entdecken Sie die perfekte Kombination aus Stil und Funktionalit\u00e4t mit unseren attraktiven Pendelleuchten in hellem Taupe aus der Siam-Kollektion von Design Light.\" \/>\n<meta property=\"og:url\" content=\"https:\/\/scandinavischelampen.nl\/de\/produkt\/pendelleuchte-hell-taupe-design-light-model-siam\/\" \/>\n<meta property=\"og:site_name\" content=\"Skandinavische Lampen\" \/>\n<meta property=\"article:publisher\" content=\"https:\/\/www.facebook.com\/scandinavischelampen\/\" \/>\n<meta property=\"article:modified_time\" content=\"2025-01-18T12:00:14+00:00\" \/>\n<meta property=\"og:image\" content=\"https:\/\/i0.wp.com\/scandinavischelampen.nl\/wp-content\/uploads\/2025\/01\/IMG_6971-3-kopie-scaled.jpg?fit=1920%2C2560&ssl=1\" \/>\n\t<meta property=\"og:image:width\" content=\"1920\" \/>\n\t<meta property=\"og:image:height\" content=\"2560\" \/>\n\t<meta property=\"og:image:type\" content=\"image\/jpeg\" \/>\n<meta name=\"twitter:card\" content=\"summary_large_image\" \/>\n<meta name=\"twitter:label1\" content=\"Gesch\u00e4tzte Lesezeit\" \/>\n\t<meta name=\"twitter:data1\" content=\"2\u00a0Minuten\" \/>\n<script type=\"application\/ld+json\" class=\"yoast-schema-graph\">{\"@context\":\"https:\\\/\\\/schema.org\",\"@graph\":[{\"@type\":\"WebPage\",\"@id\":\"https:\\\/\\\/scandinavischelampen.nl\\\/de\\\/produkt\\\/pendelleuchte-hell-taupe-design-light-model-siam\\\/\",\"url\":\"https:\\\/\\\/scandinavischelampen.nl\\\/de\\\/produkt\\\/pendelleuchte-hell-taupe-design-light-model-siam\\\/\",\"name\":\"Pendelleuchten Light Taupe Design Light Modell Siam 2er Set\",\"isPartOf\":{\"@id\":\"https:\\\/\\\/scandinavischelampen.nl\\\/de\\\/#website\"},\"primaryImageOfPage\":{\"@id\":\"https:\\\/\\\/scandinavischelampen.nl\\\/de\\\/produkt\\\/pendelleuchte-hell-taupe-design-light-model-siam\\\/#primaryimage\"},\"image\":{\"@id\":\"https:\\\/\\\/scandinavischelampen.nl\\\/de\\\/produkt\\\/pendelleuchte-hell-taupe-design-light-model-siam\\\/#primaryimage\"},\"thumbnailUrl\":\"https:\\\/\\\/i0.wp.com\\\/scandinavischelampen.nl\\\/wp-content\\\/uploads\\\/2025\\\/01\\\/IMG_6971-3-kopie-scaled.jpg?fit=1920%2C2560&ssl=1\",\"datePublished\":\"2025-01-18T11:45:31+00:00\",\"dateModified\":\"2025-01-18T12:00:14+00:00\",\"description\":\"Entdecken Sie die perfekte Kombination aus Stil und Funktionalit\u00e4t mit unseren attraktiven Pendelleuchten in hellem Taupe aus der Siam-Kollektion von Design Light.\",\"breadcrumb\":{\"@id\":\"https:\\\/\\\/scandinavischelampen.nl\\\/de\\\/produkt\\\/pendelleuchte-hell-taupe-design-light-model-siam\\\/#breadcrumb\"},\"inLanguage\":\"de\",\"potentialAction\":[{\"@type\":\"ReadAction\",\"target\":[\"https:\\\/\\\/scandinavischelampen.nl\\\/de\\\/produkt\\\/pendelleuchte-hell-taupe-design-light-model-siam\\\/\"]}]},{\"@type\":\"ImageObject\",\"inLanguage\":\"de\",\"@id\":\"https:\\\/\\\/scandinavischelampen.nl\\\/de\\\/produkt\\\/pendelleuchte-hell-taupe-design-light-model-siam\\\/#primaryimage\",\"url\":\"https:\\\/\\\/i0.wp.com\\\/scandinavischelampen.nl\\\/wp-content\\\/uploads\\\/2025\\\/01\\\/IMG_6971-3-kopie-scaled.jpg?fit=1920%2C2560&ssl=1\",\"contentUrl\":\"https:\\\/\\\/i0.wp.com\\\/scandinavischelampen.nl\\\/wp-content\\\/uploads\\\/2025\\\/01\\\/IMG_6971-3-kopie-scaled.jpg?fit=1920%2C2560&ssl=1\",\"width\":1920,\"height\":2560,\"caption\":\"Pendelleuchten Light Taupe Design Light Modell Siam 2er Set\"},{\"@type\":\"BreadcrumbList\",\"@id\":\"https:\\\/\\\/scandinavischelampen.nl\\\/de\\\/produkt\\\/pendelleuchte-hell-taupe-design-light-model-siam\\\/#breadcrumb\",\"itemListElement\":[{\"@type\":\"ListItem\",\"position\":1,\"name\":\"Home\",\"item\":\"https:\\\/\\\/scandinavischelampen.nl\\\/de\\\/\"},{\"@type\":\"ListItem\",\"position\":2,\"name\":\"Gesch\u00e4ft\",\"item\":\"https:\\\/\\\/scandinavischelampen.nl\\\/de\\\/laden\\\/\"},{\"@type\":\"ListItem\",\"position\":3,\"name\":\"Pendelleuchten Light Taupe Design Light Modell Siam 2er Set\"}]},{\"@type\":\"WebSite\",\"@id\":\"https:\\\/\\\/scandinavischelampen.nl\\\/de\\\/#website\",\"url\":\"https:\\\/\\\/scandinavischelampen.nl\\\/de\\\/\",\"name\":\"Scandinavische Lampen\",\"description\":\"Vintage-Designbeleuchtung\",\"publisher\":{\"@id\":\"https:\\\/\\\/scandinavischelampen.nl\\\/de\\\/#organization\"},\"potentialAction\":[{\"@type\":\"SearchAction\",\"target\":{\"@type\":\"EntryPoint\",\"urlTemplate\":\"https:\\\/\\\/scandinavischelampen.nl\\\/de\\\/?s={search_term_string}\"},\"query-input\":{\"@type\":\"PropertyValueSpecification\",\"valueRequired\":true,\"valueName\":\"search_term_string\"}}],\"inLanguage\":\"de\"},{\"@type\":\"Organization\",\"@id\":\"https:\\\/\\\/scandinavischelampen.nl\\\/de\\\/#organization\",\"name\":\"Scandinavische Lampen\",\"url\":\"https:\\\/\\\/scandinavischelampen.nl\\\/de\\\/\",\"logo\":{\"@type\":\"ImageObject\",\"inLanguage\":\"de\",\"@id\":\"https:\\\/\\\/scandinavischelampen.nl\\\/de\\\/#\\\/schema\\\/logo\\\/image\\\/\",\"url\":\"https:\\\/\\\/i0.wp.com\\\/scandinavischelampen.nl\\\/wp-content\\\/uploads\\\/2023\\\/07\\\/cropped-Scandinavische-lampen-logo-oranje-01-scaled.png?fit=4717%2C1570&ssl=1\",\"contentUrl\":\"https:\\\/\\\/i0.wp.com\\\/scandinavischelampen.nl\\\/wp-content\\\/uploads\\\/2023\\\/07\\\/cropped-Scandinavische-lampen-logo-oranje-01-scaled.png?fit=4717%2C1570&ssl=1\",\"width\":4717,\"height\":1570,\"caption\":\"Scandinavische Lampen\"},\"image\":{\"@id\":\"https:\\\/\\\/scandinavischelampen.nl\\\/de\\\/#\\\/schema\\\/logo\\\/image\\\/\"},\"sameAs\":[\"https:\\\/\\\/www.facebook.com\\\/scandinavischelampen\\\/\",\"https:\\\/\\\/www.instagram.com\\\/scandinavische_lampen\\\/\"]}]}<\/script>\n<!-- \/ Yoast SEO plugin. -->","yoast_head_json":{"title":"Pendelleuchten Light Taupe Design Light Modell Siam 2er Set","description":"Entdecken Sie die perfekte Kombination aus Stil und Funktionalit\u00e4t mit unseren attraktiven Pendelleuchten in hellem Taupe aus der Siam-Kollektion von Design Light.","robots":{"index":"index","follow":"follow","max-snippet":"max-snippet:-1","max-image-preview":"max-image-preview:large","max-video-preview":"max-video-preview:-1"},"canonical":"https:\/\/scandinavischelampen.nl\/de\/produkt\/pendelleuchte-hell-taupe-design-light-model-siam\/","og_locale":"de_DE","og_type":"article","og_title":"Pendelleuchten Light Taupe Design Light Modell Siam 2er Set","og_description":"Entdecken Sie die perfekte Kombination aus Stil und Funktionalit\u00e4t mit unseren attraktiven Pendelleuchten in hellem Taupe aus der Siam-Kollektion von Design Light.","og_url":"https:\/\/scandinavischelampen.nl\/de\/produkt\/pendelleuchte-hell-taupe-design-light-model-siam\/","og_site_name":"Skandinavische Lampen","article_publisher":"https:\/\/www.facebook.com\/scandinavischelampen\/","article_modified_time":"2025-01-18T12:00:14+00:00","og_image":[{"width":1920,"height":2560,"url":"https:\/\/i0.wp.com\/scandinavischelampen.nl\/wp-content\/uploads\/2025\/01\/IMG_6971-3-kopie-scaled.jpg?fit=1920%2C2560&ssl=1","type":"image\/jpeg"}],"twitter_card":"summary_large_image","twitter_misc":{"Gesch\u00e4tzte Lesezeit":"2\u00a0Minuten"},"schema":{"@context":"https:\/\/schema.org","@graph":[{"@type":"WebPage","@id":"https:\/\/scandinavischelampen.nl\/de\/produkt\/pendelleuchte-hell-taupe-design-light-model-siam\/","url":"https:\/\/scandinavischelampen.nl\/de\/produkt\/pendelleuchte-hell-taupe-design-light-model-siam\/","name":"Pendelleuchten Light Taupe Design Light Modell Siam 2er Set","isPartOf":{"@id":"https:\/\/scandinavischelampen.nl\/de\/#website"},"primaryImageOfPage":{"@id":"https:\/\/scandinavischelampen.nl\/de\/produkt\/pendelleuchte-hell-taupe-design-light-model-siam\/#primaryimage"},"image":{"@id":"https:\/\/scandinavischelampen.nl\/de\/produkt\/pendelleuchte-hell-taupe-design-light-model-siam\/#primaryimage"},"thumbnailUrl":"https:\/\/i0.wp.com\/scandinavischelampen.nl\/wp-content\/uploads\/2025\/01\/IMG_6971-3-kopie-scaled.jpg?fit=1920%2C2560&ssl=1","datePublished":"2025-01-18T11:45:31+00:00","dateModified":"2025-01-18T12:00:14+00:00","description":"Entdecken Sie die perfekte Kombination aus Stil und Funktionalit\u00e4t mit unseren attraktiven Pendelleuchten in hellem Taupe aus der Siam-Kollektion von Design Light.","breadcrumb":{"@id":"https:\/\/scandinavischelampen.nl\/de\/produkt\/pendelleuchte-hell-taupe-design-light-model-siam\/#breadcrumb"},"inLanguage":"de","potentialAction":[{"@type":"ReadAction","target":["https:\/\/scandinavischelampen.nl\/de\/produkt\/pendelleuchte-hell-taupe-design-light-model-siam\/"]}]},{"@type":"ImageObject","inLanguage":"de","@id":"https:\/\/scandinavischelampen.nl\/de\/produkt\/pendelleuchte-hell-taupe-design-light-model-siam\/#primaryimage","url":"https:\/\/i0.wp.com\/scandinavischelampen.nl\/wp-content\/uploads\/2025\/01\/IMG_6971-3-kopie-scaled.jpg?fit=1920%2C2560&ssl=1","contentUrl":"https:\/\/i0.wp.com\/scandinavischelampen.nl\/wp-content\/uploads\/2025\/01\/IMG_6971-3-kopie-scaled.jpg?fit=1920%2C2560&ssl=1","width":1920,"height":2560,"caption":"Pendelleuchten Light Taupe Design Light Modell Siam 2er Set"},{"@type":"BreadcrumbList","@id":"https:\/\/scandinavischelampen.nl\/de\/produkt\/pendelleuchte-hell-taupe-design-light-model-siam\/#breadcrumb","itemListElement":[{"@type":"ListItem","position":1,"name":"Home","item":"https:\/\/scandinavischelampen.nl\/de\/"},{"@type":"ListItem","position":2,"name":"Gesch\u00e4ft","item":"https:\/\/scandinavischelampen.nl\/de\/laden\/"},{"@type":"ListItem","position":3,"name":"Pendelleuchten Light Taupe Design Light Modell Siam 2er Set"}]},{"@type":"WebSite","@id":"https:\/\/scandinavischelampen.nl\/de\/#website","url":"https:\/\/scandinavischelampen.nl\/de\/","name":"Scandinavische Lampen","description":"Vintage-Designbeleuchtung","publisher":{"@id":"https:\/\/scandinavischelampen.nl\/de\/#organization"},"potentialAction":[{"@type":"SearchAction","target":{"@type":"EntryPoint","urlTemplate":"https:\/\/scandinavischelampen.nl\/de\/?s={search_term_string}"},"query-input":{"@type":"PropertyValueSpecification","valueRequired":true,"valueName":"search_term_string"}}],"inLanguage":"de"},{"@type":"Organization","@id":"https:\/\/scandinavischelampen.nl\/de\/#organization","name":"Scandinavische Lampen","url":"https:\/\/scandinavischelampen.nl\/de\/","logo":{"@type":"ImageObject","inLanguage":"de","@id":"https:\/\/scandinavischelampen.nl\/de\/#\/schema\/logo\/image\/","url":"https:\/\/i0.wp.com\/scandinavischelampen.nl\/wp-content\/uploads\/2023\/07\/cropped-Scandinavische-lampen-logo-oranje-01-scaled.png?fit=4717%2C1570&ssl=1","contentUrl":"https:\/\/i0.wp.com\/scandinavischelampen.nl\/wp-content\/uploads\/2023\/07\/cropped-Scandinavische-lampen-logo-oranje-01-scaled.png?fit=4717%2C1570&ssl=1","width":4717,"height":1570,"caption":"Scandinavische Lampen"},"image":{"@id":"https:\/\/scandinavischelampen.nl\/de\/#\/schema\/logo\/image\/"},"sameAs":["https:\/\/www.facebook.com\/scandinavischelampen\/","https:\/\/www.instagram.com\/scandinavische_lampen\/"]}]}},"uagb_featured_image_src":{"full":["https:\/\/i0.wp.com\/scandinavischelampen.nl\/wp-content\/uploads\/2025\/01\/IMG_6971-3-kopie-scaled.jpg?fit=1920%2C2560&ssl=1",1920,2560,false],"thumbnail":["https:\/\/i0.wp.com\/scandinavischelampen.nl\/wp-content\/uploads\/2025\/01\/IMG_6971-3-kopie-scaled.jpg?resize=150%2C150&ssl=1",150,150,true],"medium":["https:\/\/i0.wp.com\/scandinavischelampen.nl\/wp-content\/uploads\/2025\/01\/IMG_6971-3-kopie-scaled.jpg?fit=225%2C300&ssl=1",225,300,true],"medium_large":["https:\/\/i0.wp.com\/scandinavischelampen.nl\/wp-content\/uploads\/2025\/01\/IMG_6971-3-kopie-scaled.jpg?fit=768%2C1024&ssl=1",768,1024,true],"large":["https:\/\/i0.wp.com\/scandinavischelampen.nl\/wp-content\/uploads\/2025\/01\/IMG_6971-3-kopie-scaled.jpg?fit=768%2C1024&ssl=1",768,1024,true],"1536x1536":["https:\/\/i0.wp.com\/scandinavischelampen.nl\/wp-content\/uploads\/2025\/01\/IMG_6971-3-kopie-scaled.jpg?fit=1152%2C1536&ssl=1",1152,1536,true],"2048x2048":["https:\/\/i0.wp.com\/scandinavischelampen.nl\/wp-content\/uploads\/2025\/01\/IMG_6971-3-kopie-scaled.jpg?fit=1536%2C2048&ssl=1",1536,2048,true],"woocommerce_thumbnail":["https:\/\/i0.wp.com\/scandinavischelampen.nl\/wp-content\/uploads\/2025\/01\/IMG_6971-3-kopie-scaled.jpg?resize=300%2C300&ssl=1",300,300,true],"woocommerce_single":["https:\/\/i0.wp.com\/scandinavischelampen.nl\/wp-content\/uploads\/2025\/01\/IMG_6971-3-kopie-scaled.jpg?fit=600%2C800&ssl=1",600,800,true],"woocommerce_gallery_thumbnail":["https:\/\/i0.wp.com\/scandinavischelampen.nl\/wp-content\/uploads\/2025\/01\/IMG_6971-3-kopie-scaled.jpg?resize=100%2C100&ssl=1",100,100,true],"thaps-thumb-img":["https:\/\/i0.wp.com\/scandinavischelampen.nl\/wp-content\/uploads\/2025\/01\/IMG_6971-3-kopie-scaled.jpg?resize=48%2C64&ssl=1",48,64,true]},"uagb_author_info":{"display_name":"administrator","author_link":"https:\/\/scandinavischelampen.nl\/de\/author\/"},"uagb_comment_info":0,"uagb_excerpt":"\u221a Kostenloser Versand in Europa ab \u20ac350 \u221a Bestellt vor 16:00 Uhr? Normalerweise am selben Tag versandt \u221a 14 Tage Bedenkzeit \u221a Geeignet f\u00fcr LED H\u00f6he: 18 cm Durchmesser: 14,5 cm","jetpack_sharing_enabled":true,"_links":{"self":[{"href":"https:\/\/scandinavischelampen.nl\/de\/wp-json\/wp\/v2\/product\/54094","targetHints":{"allow":["GET"]}}],"collection":[{"href":"https:\/\/scandinavischelampen.nl\/de\/wp-json\/wp\/v2\/product"}],"about":[{"href":"https:\/\/scandinavischelampen.nl\/de\/wp-json\/wp\/v2\/types\/product"}],"wp:featuredmedia":[{"embeddable":true,"href":"https:\/\/scandinavischelampen.nl\/de\/wp-json\/wp\/v2\/media\/54106"}],"wp:attachment":[{"href":"https:\/\/scandinavischelampen.nl\/de\/wp-json\/wp\/v2\/media?parent=54094"}],"wp:term":[{"taxonomy":"product_brand","embeddable":true,"href":"https:\/\/scandinavischelampen.nl\/de\/wp-json\/wp\/v2\/product_brand?post=54094"},{"taxonomy":"product_cat","embeddable":true,"href":"https:\/\/scandinavischelampen.nl\/de\/wp-json\/wp\/v2\/product_cat?post=54094"},{"taxonomy":"product_tag","embeddable":true,"href":"https:\/\/scandinavischelampen.nl\/de\/wp-json\/wp\/v2\/product_tag?post=54094"}],"curies":[{"name":"wp","href":"https:\/\/api.w.org\/{rel}","templated":true}]}}