{"id":53320,"date":"2025-01-02T12:15:52","date_gmt":"2025-01-02T11:15:52","guid":{"rendered":"https:\/\/scandinavischelampen.nl\/?post_type=product&#038;p=53320"},"modified":"2025-01-02T12:27:56","modified_gmt":"2025-01-02T11:27:56","slug":"horn-belysning-typ-729-haengelampe","status":"publish","type":"product","link":"https:\/\/scandinavischelampen.nl\/de\/produkt\/horn-belysning-typ-729-haengelampe\/","title":{"rendered":"Horn Belysning typ 729 H\u00e4ngelampe"},"content":{"rendered":"<h2 style=\"font-weight: 400;\">Horn H\u00e4ngelampe typ 729<\/h2>\n<p>Suchen Sie einen einzigartigen Vintage-Touch f\u00fcr Ihr modernes Interieur? Dann ist die sch\u00f6ne Horn Belysning H\u00e4ngelampe Typ 729 genau das Richtige f\u00fcr Sie! Diese stilvolle Lampe im zeitlosen Cremewei\u00df ist ein echter Hingucker, der jedem Raum Eleganz und Atmosph\u00e4re verleiht. Das dezente Design verspr\u00fcht klassischen Charme, w\u00e4hrend das schlanke Profil nahtlos in moderne und minimalistische Innenr\u00e4ume passt. Die H\u00e4ngelampe Horn Belysning sieht perfekt in der K\u00fcche oder als attraktiver Mittelpunkt im Flur aus. Dank ihres Vintage-Aussehens verleiht diese Lampe Ihrem Zuhause Charakter, ohne die moderne Einrichtung zu beeintr\u00e4chtigen. Ob Sie einen skandinavischen, industriellen oder modernen Stil m\u00f6gen, diese H\u00e4ngelampe wei\u00df, wie sie jeden Raum auf ein h\u00f6heres Niveau hebt. Mit ihrer hochwertigen Verarbeitung und dem langlebigen Design ist die Horn Belysning 729 nicht nur eine Augenweide, sondern auch ein funktionaler Lichtpunkt in Ihrem Zuhause. Verleihen Sie Ihrem Interieur mit dieser Vintage-Perle ein stilvolles Update und genie\u00dfen Sie die warme Atmosph\u00e4re, die sie jeden Tag ausstrahlt!   <\/p>\n<h2 style=\"font-weight: 400;\">Zustand<\/h2>\n<p style=\"font-weight: 400;\">Diese Pendelleuchte ist etwa 40 Jahre alt und in gutem Zustand mit leichten Gebrauchsspuren. Die Elektrik wurde komplett erneuert.<\/p>\n<h2 style=\"font-weight: 400;\">Technische Daten Horn H\u00e4ngelampe Typ 729<\/h2>\n<ul style=\"font-weight: 400;\">\n<li>Durchmesser: 28 cm<\/li>\n<li>H\u00f6he: 16 cm<\/li>\n<li>Gesamtl\u00e4nge mit Kabel: 220 cm (bei der Installation anpassbar)<\/li>\n<li>Material: Stahl<\/li>\n<li>Farbe Kabel: wei\u00df<\/li>\n<li>Maximale Leistung 60 W<\/li>\n<li>Fassung: E27<\/li>\n<li>F\u00fcr LED-Lampen geeignet<\/li>\n<li>Gewicht: 1,1 kg<\/li>\n<\/ul>\n<h3 style=\"font-weight: 400;\">\u00dcber Horn Belysning<\/h3>\n<p style=\"font-weight: 400;\">Horn Belysning, auch bekannt als E.S. Horn produziert seit 1952 Lampen in D\u00e4nemark. Zu Horns Erfolg geh\u00f6rte auch, dass IKEA mehrere Jahre lang ein Gro\u00dfkunde war. Das Unternehmen ist an der B\u00f6rse notiert und kaufte 1991 das ebenfalls b\u00f6rsennotierte Unternehmen Lysk\u00e6r-Lyfa A\/S. Zu dieser Zeit bestand Lyskaer Lyfa aus verschiedenen Unternehmen wie Lysk\u00e6r, LYFA, ABO und Fog &amp; M\u00f8rup. <a href=\"https:\/\/scandinavischelampen.nl\/product-categorie\/merken\/horn-belysning\/\">Sehen Sie sich hier unsere komplette Kollektion an Vintage-Horn-Belysning-Lampen an.<\/a><\/p>\n<p style=\"font-weight: 400;\">\n","protected":false},"excerpt":{"rendered":"<p class=\"tw-data-text tw-text-large XcVN5d tw-ta\" dir=\"ltr\" data-placeholder=\"Vertaling\"><strong><span style=\"color: #00ff00;\">\u221a<\/span> <span style=\"color: #ff6600;\">Kostenloser Versand in Europa ab \u20ac350<\/span><br \/>\n<\/strong><strong><span style=\"color: #00ff00;\">\u221a<\/span> Bestellt vor <span style=\"color: #ff6600;\">16:00 Uhr<\/span>? Normalerweise am selben Tag versandt<br \/>\n<\/strong><strong><span style=\"color: #00ff00;\">\u221a<\/span> <span style=\"color: #ff6600;\">14 Tage<\/span> Bedenkzeit<br \/>\n<\/strong><strong><span style=\"color: #00ff00;\">\u221a<\/span> Geeignet f\u00fcr <span style=\"color: #ff6600;\">LED<\/span><\/strong><\/p>\n<ul style=\"font-weight: 400;\">\n<li><strong>Durchmesser: 28 cm<\/strong><\/li>\n<li><strong>H\u00f6he: 16 cm<\/strong><\/li>\n<\/ul>\n","protected":false},"featured_media":53357,"template":"","meta":{"_uag_custom_page_level_css":"","site-sidebar-layout":"default","site-content-layout":"default","ast-site-content-layout":"default","site-content-style":"default","site-sidebar-style":"default","ast-global-header-display":"","ast-banner-title-visibility":"","ast-main-header-display":"","ast-hfb-above-header-display":"","ast-hfb-below-header-display":"","ast-hfb-mobile-header-display":"","site-post-title":"","ast-breadcrumbs-content":"","ast-featured-img":"","footer-sml-layout":"","ast-disable-related-posts":"","theme-transparent-header-meta":"default","adv-header-id-meta":"","stick-header-meta":"","header-above-stick-meta":"","header-main-stick-meta":"","header-below-stick-meta":"","astra-migrate-meta-layouts":"set","ast-page-background-enabled":"default","ast-page-background-meta":{"desktop":{"background-color":"var(--ast-global-color-4)","background-image":"","background-repeat":"repeat","background-position":"center center","background-size":"auto","background-attachment":"scroll","background-type":"","background-media":"","overlay-type":"","overlay-color":"","overlay-opacity":"","overlay-gradient":""},"tablet":{"background-color":"","background-image":"","background-repeat":"repeat","background-position":"center center","background-size":"auto","background-attachment":"scroll","background-type":"","background-media":"","overlay-type":"","overlay-color":"","overlay-opacity":"","overlay-gradient":""},"mobile":{"background-color":"","background-image":"","background-repeat":"repeat","background-position":"center center","background-size":"auto","background-attachment":"scroll","background-type":"","background-media":"","overlay-type":"","overlay-color":"","overlay-opacity":"","overlay-gradient":""}},"ast-content-background-meta":{"desktop":{"background-color":"var(--ast-global-color-5)","background-image":"","background-repeat":"repeat","background-position":"center center","background-size":"auto","background-attachment":"scroll","background-type":"","background-media":"","overlay-type":"","overlay-color":"","overlay-opacity":"","overlay-gradient":""},"tablet":{"background-color":"var(--ast-global-color-5)","background-image":"","background-repeat":"repeat","background-position":"center center","background-size":"auto","background-attachment":"scroll","background-type":"","background-media":"","overlay-type":"","overlay-color":"","overlay-opacity":"","overlay-gradient":""},"mobile":{"background-color":"var(--ast-global-color-5)","background-image":"","background-repeat":"repeat","background-position":"center center","background-size":"auto","background-attachment":"scroll","background-type":"","background-media":"","overlay-type":"","overlay-color":"","overlay-opacity":"","overlay-gradient":""}}},"product_brand":[],"product_cat":[246,243,265,247,245,248,605,249],"product_tag":[252],"class_list":{"0":"post-53320","1":"product","2":"type-product","3":"status-publish","4":"has-post-thumbnail","6":"product_cat-halle","7":"product_cat-skandinavische-pendelleuchten","8":"product_cat-horn-belysning-de","9":"product_cat-kuche","10":"product_cat-pendelleuchte-esstisch","11":"product_cat-schlafzimmer","12":"product_cat-sehen-sie-sich-unsere-komplette-kollektion-an","13":"product_cat-wohnzimmer","14":"product_tag-weiss","15":"desktop-align-center","16":"tablet-align-left","17":"mobile-align-left","19":"first","20":"instock","21":"featured","22":"taxable","23":"shipping-taxable","24":"purchasable","25":"product-type-simple"},"yoast_head":"<!-- This site is optimized with the Yoast SEO plugin v27.4 - https:\/\/yoast.com\/product\/yoast-seo-wordpress\/ -->\n<title>Horn Belysning typ 729 H\u00e4ngelampe<\/title>\n<meta name=\"description\" content=\"Horn Belysning Typ 729 H\u00e4ngelampe in der Farbe Creme. Verleihen Sie Ihrem Interieur d\u00e4nisches Vintage-Design. Hier bestellen \u221aGro\u00dfe Auswahl \u221aSchnelle Lieferung\" \/>\n<meta name=\"robots\" content=\"index, follow, max-snippet:-1, max-image-preview:large, max-video-preview:-1\" \/>\n<link rel=\"canonical\" href=\"https:\/\/scandinavischelampen.nl\/de\/produkt\/horn-belysning-typ-729-haengelampe\/\" \/>\n<meta property=\"og:locale\" content=\"de_DE\" \/>\n<meta property=\"og:type\" content=\"article\" \/>\n<meta property=\"og:title\" content=\"Horn Belysning typ 729 H\u00e4ngelampe\" \/>\n<meta property=\"og:description\" content=\"Horn Belysning Typ 729 H\u00e4ngelampe in der Farbe Creme. Verleihen Sie Ihrem Interieur d\u00e4nisches Vintage-Design. Hier bestellen \u221aGro\u00dfe Auswahl \u221aSchnelle Lieferung\" \/>\n<meta property=\"og:url\" content=\"https:\/\/scandinavischelampen.nl\/de\/produkt\/horn-belysning-typ-729-haengelampe\/\" \/>\n<meta property=\"og:site_name\" content=\"Skandinavische Lampen\" \/>\n<meta property=\"article:publisher\" content=\"https:\/\/www.facebook.com\/scandinavischelampen\/\" \/>\n<meta property=\"article:modified_time\" content=\"2025-01-02T11:27:56+00:00\" \/>\n<meta property=\"og:image\" content=\"https:\/\/i0.wp.com\/scandinavischelampen.nl\/wp-content\/uploads\/2025\/01\/IMG_4986-3-kopie-scaled.jpg?fit=1920%2C2560&ssl=1\" \/>\n\t<meta property=\"og:image:width\" content=\"1920\" \/>\n\t<meta property=\"og:image:height\" content=\"2560\" \/>\n\t<meta property=\"og:image:type\" content=\"image\/jpeg\" \/>\n<meta name=\"twitter:card\" content=\"summary_large_image\" \/>\n<meta name=\"twitter:label1\" content=\"Gesch\u00e4tzte Lesezeit\" \/>\n\t<meta name=\"twitter:data1\" content=\"2\u00a0Minuten\" \/>\n<script type=\"application\/ld+json\" class=\"yoast-schema-graph\">{\"@context\":\"https:\\\/\\\/schema.org\",\"@graph\":[{\"@type\":\"WebPage\",\"@id\":\"https:\\\/\\\/scandinavischelampen.nl\\\/de\\\/produkt\\\/horn-belysning-typ-729-haengelampe\\\/\",\"url\":\"https:\\\/\\\/scandinavischelampen.nl\\\/de\\\/produkt\\\/horn-belysning-typ-729-haengelampe\\\/\",\"name\":\"Horn Belysning typ 729 H\u00e4ngelampe\",\"isPartOf\":{\"@id\":\"https:\\\/\\\/scandinavischelampen.nl\\\/de\\\/#website\"},\"primaryImageOfPage\":{\"@id\":\"https:\\\/\\\/scandinavischelampen.nl\\\/de\\\/produkt\\\/horn-belysning-typ-729-haengelampe\\\/#primaryimage\"},\"image\":{\"@id\":\"https:\\\/\\\/scandinavischelampen.nl\\\/de\\\/produkt\\\/horn-belysning-typ-729-haengelampe\\\/#primaryimage\"},\"thumbnailUrl\":\"https:\\\/\\\/i0.wp.com\\\/scandinavischelampen.nl\\\/wp-content\\\/uploads\\\/2025\\\/01\\\/IMG_4986-3-kopie-scaled.jpg?fit=1920%2C2560&ssl=1\",\"datePublished\":\"2025-01-02T11:15:52+00:00\",\"dateModified\":\"2025-01-02T11:27:56+00:00\",\"description\":\"Horn Belysning Typ 729 H\u00e4ngelampe in der Farbe Creme. Verleihen Sie Ihrem Interieur d\u00e4nisches Vintage-Design. Hier bestellen \u221aGro\u00dfe Auswahl \u221aSchnelle Lieferung\",\"breadcrumb\":{\"@id\":\"https:\\\/\\\/scandinavischelampen.nl\\\/de\\\/produkt\\\/horn-belysning-typ-729-haengelampe\\\/#breadcrumb\"},\"inLanguage\":\"de\",\"potentialAction\":[{\"@type\":\"ReadAction\",\"target\":[\"https:\\\/\\\/scandinavischelampen.nl\\\/de\\\/produkt\\\/horn-belysning-typ-729-haengelampe\\\/\"]}]},{\"@type\":\"ImageObject\",\"inLanguage\":\"de\",\"@id\":\"https:\\\/\\\/scandinavischelampen.nl\\\/de\\\/produkt\\\/horn-belysning-typ-729-haengelampe\\\/#primaryimage\",\"url\":\"https:\\\/\\\/i0.wp.com\\\/scandinavischelampen.nl\\\/wp-content\\\/uploads\\\/2025\\\/01\\\/IMG_4986-3-kopie-scaled.jpg?fit=1920%2C2560&ssl=1\",\"contentUrl\":\"https:\\\/\\\/i0.wp.com\\\/scandinavischelampen.nl\\\/wp-content\\\/uploads\\\/2025\\\/01\\\/IMG_4986-3-kopie-scaled.jpg?fit=1920%2C2560&ssl=1\",\"width\":1920,\"height\":2560,\"caption\":\"Horn Belysning type 729 hanglamp\"},{\"@type\":\"BreadcrumbList\",\"@id\":\"https:\\\/\\\/scandinavischelampen.nl\\\/de\\\/produkt\\\/horn-belysning-typ-729-haengelampe\\\/#breadcrumb\",\"itemListElement\":[{\"@type\":\"ListItem\",\"position\":1,\"name\":\"Home\",\"item\":\"https:\\\/\\\/scandinavischelampen.nl\\\/de\\\/\"},{\"@type\":\"ListItem\",\"position\":2,\"name\":\"Gesch\u00e4ft\",\"item\":\"https:\\\/\\\/scandinavischelampen.nl\\\/de\\\/laden\\\/\"},{\"@type\":\"ListItem\",\"position\":3,\"name\":\"Horn Belysning typ 729 H\u00e4ngelampe\"}]},{\"@type\":\"WebSite\",\"@id\":\"https:\\\/\\\/scandinavischelampen.nl\\\/de\\\/#website\",\"url\":\"https:\\\/\\\/scandinavischelampen.nl\\\/de\\\/\",\"name\":\"Scandinavische Lampen\",\"description\":\"Vintage-Designbeleuchtung\",\"publisher\":{\"@id\":\"https:\\\/\\\/scandinavischelampen.nl\\\/de\\\/#organization\"},\"potentialAction\":[{\"@type\":\"SearchAction\",\"target\":{\"@type\":\"EntryPoint\",\"urlTemplate\":\"https:\\\/\\\/scandinavischelampen.nl\\\/de\\\/?s={search_term_string}\"},\"query-input\":{\"@type\":\"PropertyValueSpecification\",\"valueRequired\":true,\"valueName\":\"search_term_string\"}}],\"inLanguage\":\"de\"},{\"@type\":\"Organization\",\"@id\":\"https:\\\/\\\/scandinavischelampen.nl\\\/de\\\/#organization\",\"name\":\"Scandinavische Lampen\",\"url\":\"https:\\\/\\\/scandinavischelampen.nl\\\/de\\\/\",\"logo\":{\"@type\":\"ImageObject\",\"inLanguage\":\"de\",\"@id\":\"https:\\\/\\\/scandinavischelampen.nl\\\/de\\\/#\\\/schema\\\/logo\\\/image\\\/\",\"url\":\"https:\\\/\\\/i0.wp.com\\\/scandinavischelampen.nl\\\/wp-content\\\/uploads\\\/2023\\\/07\\\/cropped-Scandinavische-lampen-logo-oranje-01-scaled.png?fit=4717%2C1570&ssl=1\",\"contentUrl\":\"https:\\\/\\\/i0.wp.com\\\/scandinavischelampen.nl\\\/wp-content\\\/uploads\\\/2023\\\/07\\\/cropped-Scandinavische-lampen-logo-oranje-01-scaled.png?fit=4717%2C1570&ssl=1\",\"width\":4717,\"height\":1570,\"caption\":\"Scandinavische Lampen\"},\"image\":{\"@id\":\"https:\\\/\\\/scandinavischelampen.nl\\\/de\\\/#\\\/schema\\\/logo\\\/image\\\/\"},\"sameAs\":[\"https:\\\/\\\/www.facebook.com\\\/scandinavischelampen\\\/\",\"https:\\\/\\\/www.instagram.com\\\/scandinavische_lampen\\\/\"]}]}<\/script>\n<!-- \/ Yoast SEO plugin. -->","yoast_head_json":{"title":"Horn Belysning typ 729 H\u00e4ngelampe","description":"Horn Belysning Typ 729 H\u00e4ngelampe in der Farbe Creme. Verleihen Sie Ihrem Interieur d\u00e4nisches Vintage-Design. Hier bestellen \u221aGro\u00dfe Auswahl \u221aSchnelle Lieferung","robots":{"index":"index","follow":"follow","max-snippet":"max-snippet:-1","max-image-preview":"max-image-preview:large","max-video-preview":"max-video-preview:-1"},"canonical":"https:\/\/scandinavischelampen.nl\/de\/produkt\/horn-belysning-typ-729-haengelampe\/","og_locale":"de_DE","og_type":"article","og_title":"Horn Belysning typ 729 H\u00e4ngelampe","og_description":"Horn Belysning Typ 729 H\u00e4ngelampe in der Farbe Creme. Verleihen Sie Ihrem Interieur d\u00e4nisches Vintage-Design. Hier bestellen \u221aGro\u00dfe Auswahl \u221aSchnelle Lieferung","og_url":"https:\/\/scandinavischelampen.nl\/de\/produkt\/horn-belysning-typ-729-haengelampe\/","og_site_name":"Skandinavische Lampen","article_publisher":"https:\/\/www.facebook.com\/scandinavischelampen\/","article_modified_time":"2025-01-02T11:27:56+00:00","og_image":[{"width":1920,"height":2560,"url":"https:\/\/i0.wp.com\/scandinavischelampen.nl\/wp-content\/uploads\/2025\/01\/IMG_4986-3-kopie-scaled.jpg?fit=1920%2C2560&ssl=1","type":"image\/jpeg"}],"twitter_card":"summary_large_image","twitter_misc":{"Gesch\u00e4tzte Lesezeit":"2\u00a0Minuten"},"schema":{"@context":"https:\/\/schema.org","@graph":[{"@type":"WebPage","@id":"https:\/\/scandinavischelampen.nl\/de\/produkt\/horn-belysning-typ-729-haengelampe\/","url":"https:\/\/scandinavischelampen.nl\/de\/produkt\/horn-belysning-typ-729-haengelampe\/","name":"Horn Belysning typ 729 H\u00e4ngelampe","isPartOf":{"@id":"https:\/\/scandinavischelampen.nl\/de\/#website"},"primaryImageOfPage":{"@id":"https:\/\/scandinavischelampen.nl\/de\/produkt\/horn-belysning-typ-729-haengelampe\/#primaryimage"},"image":{"@id":"https:\/\/scandinavischelampen.nl\/de\/produkt\/horn-belysning-typ-729-haengelampe\/#primaryimage"},"thumbnailUrl":"https:\/\/i0.wp.com\/scandinavischelampen.nl\/wp-content\/uploads\/2025\/01\/IMG_4986-3-kopie-scaled.jpg?fit=1920%2C2560&ssl=1","datePublished":"2025-01-02T11:15:52+00:00","dateModified":"2025-01-02T11:27:56+00:00","description":"Horn Belysning Typ 729 H\u00e4ngelampe in der Farbe Creme. Verleihen Sie Ihrem Interieur d\u00e4nisches Vintage-Design. Hier bestellen \u221aGro\u00dfe Auswahl \u221aSchnelle Lieferung","breadcrumb":{"@id":"https:\/\/scandinavischelampen.nl\/de\/produkt\/horn-belysning-typ-729-haengelampe\/#breadcrumb"},"inLanguage":"de","potentialAction":[{"@type":"ReadAction","target":["https:\/\/scandinavischelampen.nl\/de\/produkt\/horn-belysning-typ-729-haengelampe\/"]}]},{"@type":"ImageObject","inLanguage":"de","@id":"https:\/\/scandinavischelampen.nl\/de\/produkt\/horn-belysning-typ-729-haengelampe\/#primaryimage","url":"https:\/\/i0.wp.com\/scandinavischelampen.nl\/wp-content\/uploads\/2025\/01\/IMG_4986-3-kopie-scaled.jpg?fit=1920%2C2560&ssl=1","contentUrl":"https:\/\/i0.wp.com\/scandinavischelampen.nl\/wp-content\/uploads\/2025\/01\/IMG_4986-3-kopie-scaled.jpg?fit=1920%2C2560&ssl=1","width":1920,"height":2560,"caption":"Horn Belysning type 729 hanglamp"},{"@type":"BreadcrumbList","@id":"https:\/\/scandinavischelampen.nl\/de\/produkt\/horn-belysning-typ-729-haengelampe\/#breadcrumb","itemListElement":[{"@type":"ListItem","position":1,"name":"Home","item":"https:\/\/scandinavischelampen.nl\/de\/"},{"@type":"ListItem","position":2,"name":"Gesch\u00e4ft","item":"https:\/\/scandinavischelampen.nl\/de\/laden\/"},{"@type":"ListItem","position":3,"name":"Horn Belysning typ 729 H\u00e4ngelampe"}]},{"@type":"WebSite","@id":"https:\/\/scandinavischelampen.nl\/de\/#website","url":"https:\/\/scandinavischelampen.nl\/de\/","name":"Scandinavische Lampen","description":"Vintage-Designbeleuchtung","publisher":{"@id":"https:\/\/scandinavischelampen.nl\/de\/#organization"},"potentialAction":[{"@type":"SearchAction","target":{"@type":"EntryPoint","urlTemplate":"https:\/\/scandinavischelampen.nl\/de\/?s={search_term_string}"},"query-input":{"@type":"PropertyValueSpecification","valueRequired":true,"valueName":"search_term_string"}}],"inLanguage":"de"},{"@type":"Organization","@id":"https:\/\/scandinavischelampen.nl\/de\/#organization","name":"Scandinavische Lampen","url":"https:\/\/scandinavischelampen.nl\/de\/","logo":{"@type":"ImageObject","inLanguage":"de","@id":"https:\/\/scandinavischelampen.nl\/de\/#\/schema\/logo\/image\/","url":"https:\/\/i0.wp.com\/scandinavischelampen.nl\/wp-content\/uploads\/2023\/07\/cropped-Scandinavische-lampen-logo-oranje-01-scaled.png?fit=4717%2C1570&ssl=1","contentUrl":"https:\/\/i0.wp.com\/scandinavischelampen.nl\/wp-content\/uploads\/2023\/07\/cropped-Scandinavische-lampen-logo-oranje-01-scaled.png?fit=4717%2C1570&ssl=1","width":4717,"height":1570,"caption":"Scandinavische Lampen"},"image":{"@id":"https:\/\/scandinavischelampen.nl\/de\/#\/schema\/logo\/image\/"},"sameAs":["https:\/\/www.facebook.com\/scandinavischelampen\/","https:\/\/www.instagram.com\/scandinavische_lampen\/"]}]}},"uagb_featured_image_src":{"full":["https:\/\/i0.wp.com\/scandinavischelampen.nl\/wp-content\/uploads\/2025\/01\/IMG_4986-3-kopie-scaled.jpg?fit=1920%2C2560&ssl=1",1920,2560,false],"thumbnail":["https:\/\/i0.wp.com\/scandinavischelampen.nl\/wp-content\/uploads\/2025\/01\/IMG_4986-3-kopie-scaled.jpg?resize=150%2C150&ssl=1",150,150,true],"medium":["https:\/\/i0.wp.com\/scandinavischelampen.nl\/wp-content\/uploads\/2025\/01\/IMG_4986-3-kopie-scaled.jpg?fit=225%2C300&ssl=1",225,300,true],"medium_large":["https:\/\/i0.wp.com\/scandinavischelampen.nl\/wp-content\/uploads\/2025\/01\/IMG_4986-3-kopie-scaled.jpg?fit=768%2C1024&ssl=1",768,1024,true],"large":["https:\/\/i0.wp.com\/scandinavischelampen.nl\/wp-content\/uploads\/2025\/01\/IMG_4986-3-kopie-scaled.jpg?fit=768%2C1024&ssl=1",768,1024,true],"1536x1536":["https:\/\/i0.wp.com\/scandinavischelampen.nl\/wp-content\/uploads\/2025\/01\/IMG_4986-3-kopie-scaled.jpg?fit=1152%2C1536&ssl=1",1152,1536,true],"2048x2048":["https:\/\/i0.wp.com\/scandinavischelampen.nl\/wp-content\/uploads\/2025\/01\/IMG_4986-3-kopie-scaled.jpg?fit=1536%2C2048&ssl=1",1536,2048,true],"woocommerce_thumbnail":["https:\/\/i0.wp.com\/scandinavischelampen.nl\/wp-content\/uploads\/2025\/01\/IMG_4986-3-kopie-scaled.jpg?resize=300%2C300&ssl=1",300,300,true],"woocommerce_single":["https:\/\/i0.wp.com\/scandinavischelampen.nl\/wp-content\/uploads\/2025\/01\/IMG_4986-3-kopie-scaled.jpg?fit=600%2C800&ssl=1",600,800,true],"woocommerce_gallery_thumbnail":["https:\/\/i0.wp.com\/scandinavischelampen.nl\/wp-content\/uploads\/2025\/01\/IMG_4986-3-kopie-scaled.jpg?resize=100%2C100&ssl=1",100,100,true],"thaps-thumb-img":["https:\/\/i0.wp.com\/scandinavischelampen.nl\/wp-content\/uploads\/2025\/01\/IMG_4986-3-kopie-scaled.jpg?resize=48%2C64&ssl=1",48,64,true]},"uagb_author_info":{"display_name":"administrator","author_link":"https:\/\/scandinavischelampen.nl\/de\/author\/"},"uagb_comment_info":0,"uagb_excerpt":"\u221a Kostenloser Versand in Europa ab \u20ac350 \u221a Bestellt vor 16:00 Uhr? Normalerweise am selben Tag versandt \u221a 14 Tage Bedenkzeit \u221a Geeignet f\u00fcr LED Durchmesser: 28 cm H\u00f6he: 16 cm","jetpack_sharing_enabled":true,"_links":{"self":[{"href":"https:\/\/scandinavischelampen.nl\/de\/wp-json\/wp\/v2\/product\/53320","targetHints":{"allow":["GET"]}}],"collection":[{"href":"https:\/\/scandinavischelampen.nl\/de\/wp-json\/wp\/v2\/product"}],"about":[{"href":"https:\/\/scandinavischelampen.nl\/de\/wp-json\/wp\/v2\/types\/product"}],"wp:featuredmedia":[{"embeddable":true,"href":"https:\/\/scandinavischelampen.nl\/de\/wp-json\/wp\/v2\/media\/53357"}],"wp:attachment":[{"href":"https:\/\/scandinavischelampen.nl\/de\/wp-json\/wp\/v2\/media?parent=53320"}],"wp:term":[{"taxonomy":"product_brand","embeddable":true,"href":"https:\/\/scandinavischelampen.nl\/de\/wp-json\/wp\/v2\/product_brand?post=53320"},{"taxonomy":"product_cat","embeddable":true,"href":"https:\/\/scandinavischelampen.nl\/de\/wp-json\/wp\/v2\/product_cat?post=53320"},{"taxonomy":"product_tag","embeddable":true,"href":"https:\/\/scandinavischelampen.nl\/de\/wp-json\/wp\/v2\/product_tag?post=53320"}],"curies":[{"name":"wp","href":"https:\/\/api.w.org\/{rel}","templated":true}]}}