{"id":42199,"date":"2024-04-10T14:39:14","date_gmt":"2024-04-10T12:39:14","guid":{"rendered":"https:\/\/scandinavischelampen.nl\/?post_type=product&#038;p=42199"},"modified":"2026-03-01T19:49:54","modified_gmt":"2026-03-01T18:49:54","slug":"raadvad-broodsnijder-creme-kleurig-met-gouden-letters-2","status":"publish","type":"product","link":"https:\/\/scandinavischelampen.nl\/de\/produkt\/raadvad-broodsnijder-creme-kleurig-met-gouden-letters-2\/","title":{"rendered":"Raadvad Brotschneider cremefarben mit goldenen Buchstaben"},"content":{"rendered":"<h2>Raadvad Brotschneider cremefarben mit goldenen Buchstaben<\/h2>\n<p>Diese d\u00e4nische Erfindung eignet sich ideal zum Schneiden von Brot. Dieser cremefarbene Brotschneider von Raadvad mit goldenen Buchstaben verf\u00fcgt \u00fcber eine messerscharfe Edelstahlklinge und ein Holzbrett, auf das Sie das Brot legen k\u00f6nnen. Anschlie\u00dfend bestimmen Sie die gew\u00fcnschte Dicke des Brotes und lassen die Guillotine ihre Arbeit erledigen. Neben Brot eignet sich das Raadvad beispielsweise auch hervorragend zum Schneiden von Gem\u00fcse, Fleisch und K\u00e4se.<\/p>\n<p>Obwohl der Raadvad-Brotschneider in D\u00e4nemark immer noch t\u00e4glich verwendet wird, wird der Raadvad in den Niederlanden h\u00e4ufig zur Dekoration verwendet. Der Raadvad ist ein cooler Hingucker zum Beispiel f\u00fcr das Gastgewerbe, Fachgesch\u00e4fte und B\u00e4cker. Das Design des Raadvad ist ein d\u00e4nischer Klassiker. Halten Sie es von Kindern fern, da die Klinge messerscharf ist!<\/p>\n<h2>Zustand<\/h2>\n<p>Dieser Raadvad in der Farbe Creme ist etwa 30 Jahre alt und in gutem Zustand mit geringen Gebrauchsspuren.<\/p>\n<h2>Spezifikationen<\/h2>\n<ul>\n<li>H\u00f6he: 24 cm<\/li>\n<li>Breite: 35,5 cm<\/li>\n<li>Farbe: schwarz<\/li>\n<li>Material: Metall, Holz<\/li>\n<li>Gewicht: 3 kg<\/li>\n<\/ul>\n<h2>Wartungsklinge<\/h2>\n<p>Um die Klinge scharf zu halten, k\u00f6nnen Sie sie von Zeit zu Zeit sch\u00e4rfen. Wir sch\u00e4rfen die Messer nicht selbst, da die Brotschneider oft als Dekoration gekauft werden.<\/p>\n<h2>Unser Lagerbestand<\/h2>\n<p>Die von uns angebotenen Raadvads sind alle ab Lager lieferbar. Das bedeutet, dass wir Ihre Bestellung oft noch am selben oder am n\u00e4chsten Werktag versenden. Bitte beachten Sie, dass wir in der Regel nur einen Artikel auf Lager haben. Da wir nur Vintage-Raadvads verkaufen, ist es ungewiss, ob wir Raadvads in dieser Farbe in Zukunft noch einmal erhalten werden. <a href=\"https:\/\/scandinavischelampen.nl\/product-categorie\/raadvad\/\">Sehen Sie sich hier unsere komplette Kollektion an Vintage-Brotschneidern von Raadvad an.<\/a><\/p>\n<h2>Versandoptionen<\/h2>\n<p>Weltweit ist es m\u00f6glich, bei uns zu bestellen. Wir versenden die Lampen per Einschreiben, gut verpackt in dicker Luftpolsterfolie und in doppellagigen Kartons. Sobald Ihr Paket versendet wurde, erhalten Sie eine E-Mail von Post NL. Hier finden Sie die Track-Trace-Informationen, mit denen Sie das Paket bis zu Ihrer Haust\u00fcr verfolgen k\u00f6nnen. Nach Erhalt Ihrer Bestellung haben Sie 14 Tage Bedenkzeit.<\/p>\n<h2>Geschichte Raadvad<\/h2>\n<p>Die Raadvaddam-Fabrik wurde 1759 in der d\u00e4nischen Stadt Raadvaddam gegr\u00fcndet. Laut einem Katalog der Fabrik aus dem Jahr 1805 konzentrierte sich die Fabrik nicht auf Luxusg\u00fcter, sondern auf n\u00fctzliche G\u00fcter f\u00fcr Berufst\u00e4tige. Diese Philosophie hat sich nie ge\u00e4ndert. Raadvad hat begonnen, sich auf die Herstellung hochwertiger Messer und Brotschneider zu spezialisieren. Dies beinhaltete auch eine Namens\u00e4nderung, der Name der Fabrik wurde ge\u00e4ndert in: Raadvad Knife Fabriken. Die Fabrik besteht seit \u00fcber 250 Jahren und ist international f\u00fcr ihre hohe Qualit\u00e4t bekannt. Ove Larsen entwarf 1939 den Raadvad-Brotschneider. Das Design ist zu einer d\u00e4nischen Designikone geworden!<\/p>\n","protected":false},"excerpt":{"rendered":"<p>Sie sind auf der Suche nach einem coolen Hingucker f\u00fcr Ihre K\u00fcche? Dann ist dieser wundersch\u00f6ne Raadvad genau das Richtige f\u00fcr Sie.<\/p>\n<ul>\n<li><span class=\"s1\">H\u00f6he: 24 cm <\/span><\/li>\n<li><span class=\"s1\">Breite: 35,5 cm <\/span><\/li>\n<li>Farbe: schwarz<\/li>\n<li>Weltweiter Versand<\/li>\n<li>14 Tage Bedenkzeit<\/li>\n<\/ul>\n","protected":false},"featured_media":62984,"template":"","meta":{"_uag_custom_page_level_css":"","site-sidebar-layout":"default","site-content-layout":"default","ast-site-content-layout":"default","site-content-style":"default","site-sidebar-style":"default","ast-global-header-display":"","ast-banner-title-visibility":"","ast-main-header-display":"","ast-hfb-above-header-display":"","ast-hfb-below-header-display":"","ast-hfb-mobile-header-display":"","site-post-title":"","ast-breadcrumbs-content":"","ast-featured-img":"","footer-sml-layout":"","ast-disable-related-posts":"","theme-transparent-header-meta":"default","adv-header-id-meta":"","stick-header-meta":"","header-above-stick-meta":"","header-main-stick-meta":"","header-below-stick-meta":"","astra-migrate-meta-layouts":"set","ast-page-background-enabled":"default","ast-page-background-meta":{"desktop":{"background-color":"var(--ast-global-color-4)","background-image":"","background-repeat":"repeat","background-position":"center center","background-size":"auto","background-attachment":"scroll","background-type":"","background-media":"","overlay-type":"","overlay-color":"","overlay-opacity":"","overlay-gradient":""},"tablet":{"background-color":"","background-image":"","background-repeat":"repeat","background-position":"center center","background-size":"auto","background-attachment":"scroll","background-type":"","background-media":"","overlay-type":"","overlay-color":"","overlay-opacity":"","overlay-gradient":""},"mobile":{"background-color":"","background-image":"","background-repeat":"repeat","background-position":"center center","background-size":"auto","background-attachment":"scroll","background-type":"","background-media":"","overlay-type":"","overlay-color":"","overlay-opacity":"","overlay-gradient":""}},"ast-content-background-meta":{"desktop":{"background-color":"var(--ast-global-color-5)","background-image":"","background-repeat":"repeat","background-position":"center center","background-size":"auto","background-attachment":"scroll","background-type":"","background-media":"","overlay-type":"","overlay-color":"","overlay-opacity":"","overlay-gradient":""},"tablet":{"background-color":"var(--ast-global-color-5)","background-image":"","background-repeat":"repeat","background-position":"center center","background-size":"auto","background-attachment":"scroll","background-type":"","background-media":"","overlay-type":"","overlay-color":"","overlay-opacity":"","overlay-gradient":""},"mobile":{"background-color":"var(--ast-global-color-5)","background-image":"","background-repeat":"repeat","background-position":"center center","background-size":"auto","background-attachment":"scroll","background-type":"","background-media":"","overlay-type":"","overlay-color":"","overlay-opacity":"","overlay-gradient":""}}},"product_brand":[],"product_cat":[312,654,605],"product_tag":[],"class_list":{"0":"post-42199","1":"product","2":"type-product","3":"status-publish","4":"has-post-thumbnail","6":"product_cat-raadvad-de","7":"product_cat-raadvad-de-2","8":"product_cat-sehen-sie-sich-unsere-komplette-kollektion-an","9":"desktop-align-center","10":"tablet-align-left","11":"mobile-align-left","13":"first","14":"instock","15":"taxable","16":"shipping-taxable","17":"purchasable","18":"product-type-simple"},"yoast_head":"<!-- This site is optimized with the Yoast SEO plugin v27.5 - https:\/\/yoast.com\/product\/yoast-seo-wordpress\/ -->\n<title>Raadvad Brotschneider cremefarben mit goldenen Buchstaben - Vintage<\/title>\n<meta name=\"description\" content=\"Vintage Raadvad Brotschneider cremefarben mit goldenen Buchstaben in gutem Zustand. Stilvolle Dekoration in z.B. Gastronomie, Konditoreien, Fachgesch\u00e4ften.\" \/>\n<meta name=\"robots\" content=\"index, follow, max-snippet:-1, max-image-preview:large, max-video-preview:-1\" \/>\n<link rel=\"canonical\" href=\"https:\/\/scandinavischelampen.nl\/de\/produkt\/raadvad-broodsnijder-creme-kleurig-met-gouden-letters-2\/\" \/>\n<meta property=\"og:locale\" content=\"de_DE\" \/>\n<meta property=\"og:type\" content=\"article\" \/>\n<meta property=\"og:title\" content=\"Raadvad Brotschneider cremefarben mit goldenen Buchstaben - Vintage\" \/>\n<meta property=\"og:description\" content=\"Vintage Raadvad Brotschneider cremefarben mit goldenen Buchstaben in gutem Zustand. Stilvolle Dekoration in z.B. Gastronomie, Konditoreien, Fachgesch\u00e4ften.\" \/>\n<meta property=\"og:url\" content=\"https:\/\/scandinavischelampen.nl\/de\/produkt\/raadvad-broodsnijder-creme-kleurig-met-gouden-letters-2\/\" \/>\n<meta property=\"og:site_name\" content=\"Skandinavische Lampen\" \/>\n<meta property=\"article:publisher\" content=\"https:\/\/www.facebook.com\/scandinavischelampen\/\" \/>\n<meta property=\"article:modified_time\" content=\"2026-03-01T18:49:54+00:00\" \/>\n<meta property=\"og:image\" content=\"https:\/\/i0.wp.com\/scandinavischelampen.nl\/wp-content\/uploads\/2024\/04\/IMG_1854-kopie-scaled.jpg?fit=2560%2C1920&ssl=1\" \/>\n\t<meta property=\"og:image:width\" content=\"2560\" \/>\n\t<meta property=\"og:image:height\" content=\"1920\" \/>\n\t<meta property=\"og:image:type\" content=\"image\/jpeg\" \/>\n<meta name=\"twitter:card\" content=\"summary_large_image\" \/>\n<meta name=\"twitter:label1\" content=\"Gesch\u00e4tzte Lesezeit\" \/>\n\t<meta name=\"twitter:data1\" content=\"2\u00a0Minuten\" \/>\n<script type=\"application\/ld+json\" class=\"yoast-schema-graph\">{\"@context\":\"https:\\\/\\\/schema.org\",\"@graph\":[{\"@type\":\"WebPage\",\"@id\":\"https:\\\/\\\/scandinavischelampen.nl\\\/de\\\/produkt\\\/raadvad-broodsnijder-creme-kleurig-met-gouden-letters-2\\\/\",\"url\":\"https:\\\/\\\/scandinavischelampen.nl\\\/de\\\/produkt\\\/raadvad-broodsnijder-creme-kleurig-met-gouden-letters-2\\\/\",\"name\":\"Raadvad Brotschneider cremefarben mit goldenen Buchstaben - Vintage\",\"isPartOf\":{\"@id\":\"https:\\\/\\\/scandinavischelampen.nl\\\/de\\\/#website\"},\"primaryImageOfPage\":{\"@id\":\"https:\\\/\\\/scandinavischelampen.nl\\\/de\\\/produkt\\\/raadvad-broodsnijder-creme-kleurig-met-gouden-letters-2\\\/#primaryimage\"},\"image\":{\"@id\":\"https:\\\/\\\/scandinavischelampen.nl\\\/de\\\/produkt\\\/raadvad-broodsnijder-creme-kleurig-met-gouden-letters-2\\\/#primaryimage\"},\"thumbnailUrl\":\"https:\\\/\\\/i0.wp.com\\\/scandinavischelampen.nl\\\/wp-content\\\/uploads\\\/2024\\\/04\\\/IMG_1854-kopie-scaled.jpg?fit=2560%2C1920&ssl=1\",\"datePublished\":\"2024-04-10T12:39:14+00:00\",\"dateModified\":\"2026-03-01T18:49:54+00:00\",\"description\":\"Vintage Raadvad Brotschneider cremefarben mit goldenen Buchstaben in gutem Zustand. Stilvolle Dekoration in z.B. Gastronomie, Konditoreien, Fachgesch\u00e4ften.\",\"breadcrumb\":{\"@id\":\"https:\\\/\\\/scandinavischelampen.nl\\\/de\\\/produkt\\\/raadvad-broodsnijder-creme-kleurig-met-gouden-letters-2\\\/#breadcrumb\"},\"inLanguage\":\"de\",\"potentialAction\":[{\"@type\":\"ReadAction\",\"target\":[\"https:\\\/\\\/scandinavischelampen.nl\\\/de\\\/produkt\\\/raadvad-broodsnijder-creme-kleurig-met-gouden-letters-2\\\/\"]}]},{\"@type\":\"ImageObject\",\"inLanguage\":\"de\",\"@id\":\"https:\\\/\\\/scandinavischelampen.nl\\\/de\\\/produkt\\\/raadvad-broodsnijder-creme-kleurig-met-gouden-letters-2\\\/#primaryimage\",\"url\":\"https:\\\/\\\/i0.wp.com\\\/scandinavischelampen.nl\\\/wp-content\\\/uploads\\\/2024\\\/04\\\/IMG_1854-kopie-scaled.jpg?fit=2560%2C1920&ssl=1\",\"contentUrl\":\"https:\\\/\\\/i0.wp.com\\\/scandinavischelampen.nl\\\/wp-content\\\/uploads\\\/2024\\\/04\\\/IMG_1854-kopie-scaled.jpg?fit=2560%2C1920&ssl=1\",\"width\":2560,\"height\":1920,\"caption\":\"Raadvad Brotschneider cremefarben mit goldenen Buchstaben\"},{\"@type\":\"BreadcrumbList\",\"@id\":\"https:\\\/\\\/scandinavischelampen.nl\\\/de\\\/produkt\\\/raadvad-broodsnijder-creme-kleurig-met-gouden-letters-2\\\/#breadcrumb\",\"itemListElement\":[{\"@type\":\"ListItem\",\"position\":1,\"name\":\"Home\",\"item\":\"https:\\\/\\\/scandinavischelampen.nl\\\/de\\\/\"},{\"@type\":\"ListItem\",\"position\":2,\"name\":\"Gesch\u00e4ft\",\"item\":\"https:\\\/\\\/scandinavischelampen.nl\\\/de\\\/laden\\\/\"},{\"@type\":\"ListItem\",\"position\":3,\"name\":\"Raadvad Brotschneider cremefarben mit goldenen Buchstaben\"}]},{\"@type\":\"WebSite\",\"@id\":\"https:\\\/\\\/scandinavischelampen.nl\\\/de\\\/#website\",\"url\":\"https:\\\/\\\/scandinavischelampen.nl\\\/de\\\/\",\"name\":\"Scandinavische Lampen\",\"description\":\"Vintage-Designbeleuchtung\",\"publisher\":{\"@id\":\"https:\\\/\\\/scandinavischelampen.nl\\\/de\\\/#organization\"},\"potentialAction\":[{\"@type\":\"SearchAction\",\"target\":{\"@type\":\"EntryPoint\",\"urlTemplate\":\"https:\\\/\\\/scandinavischelampen.nl\\\/de\\\/?s={search_term_string}\"},\"query-input\":{\"@type\":\"PropertyValueSpecification\",\"valueRequired\":true,\"valueName\":\"search_term_string\"}}],\"inLanguage\":\"de\"},{\"@type\":\"Organization\",\"@id\":\"https:\\\/\\\/scandinavischelampen.nl\\\/de\\\/#organization\",\"name\":\"Scandinavische Lampen\",\"url\":\"https:\\\/\\\/scandinavischelampen.nl\\\/de\\\/\",\"logo\":{\"@type\":\"ImageObject\",\"inLanguage\":\"de\",\"@id\":\"https:\\\/\\\/scandinavischelampen.nl\\\/de\\\/#\\\/schema\\\/logo\\\/image\\\/\",\"url\":\"https:\\\/\\\/i0.wp.com\\\/scandinavischelampen.nl\\\/wp-content\\\/uploads\\\/2023\\\/07\\\/cropped-Scandinavische-lampen-logo-oranje-01-scaled.png?fit=4717%2C1570&ssl=1\",\"contentUrl\":\"https:\\\/\\\/i0.wp.com\\\/scandinavischelampen.nl\\\/wp-content\\\/uploads\\\/2023\\\/07\\\/cropped-Scandinavische-lampen-logo-oranje-01-scaled.png?fit=4717%2C1570&ssl=1\",\"width\":4717,\"height\":1570,\"caption\":\"Scandinavische Lampen\"},\"image\":{\"@id\":\"https:\\\/\\\/scandinavischelampen.nl\\\/de\\\/#\\\/schema\\\/logo\\\/image\\\/\"},\"sameAs\":[\"https:\\\/\\\/www.facebook.com\\\/scandinavischelampen\\\/\",\"https:\\\/\\\/www.instagram.com\\\/scandinavische_lampen\\\/\"]}]}<\/script>\n<!-- \/ Yoast SEO plugin. -->","yoast_head_json":{"title":"Raadvad Brotschneider cremefarben mit goldenen Buchstaben - Vintage","description":"Vintage Raadvad Brotschneider cremefarben mit goldenen Buchstaben in gutem Zustand. Stilvolle Dekoration in z.B. Gastronomie, Konditoreien, Fachgesch\u00e4ften.","robots":{"index":"index","follow":"follow","max-snippet":"max-snippet:-1","max-image-preview":"max-image-preview:large","max-video-preview":"max-video-preview:-1"},"canonical":"https:\/\/scandinavischelampen.nl\/de\/produkt\/raadvad-broodsnijder-creme-kleurig-met-gouden-letters-2\/","og_locale":"de_DE","og_type":"article","og_title":"Raadvad Brotschneider cremefarben mit goldenen Buchstaben - Vintage","og_description":"Vintage Raadvad Brotschneider cremefarben mit goldenen Buchstaben in gutem Zustand. Stilvolle Dekoration in z.B. Gastronomie, Konditoreien, Fachgesch\u00e4ften.","og_url":"https:\/\/scandinavischelampen.nl\/de\/produkt\/raadvad-broodsnijder-creme-kleurig-met-gouden-letters-2\/","og_site_name":"Skandinavische Lampen","article_publisher":"https:\/\/www.facebook.com\/scandinavischelampen\/","article_modified_time":"2026-03-01T18:49:54+00:00","og_image":[{"width":2560,"height":1920,"url":"https:\/\/i0.wp.com\/scandinavischelampen.nl\/wp-content\/uploads\/2024\/04\/IMG_1854-kopie-scaled.jpg?fit=2560%2C1920&ssl=1","type":"image\/jpeg"}],"twitter_card":"summary_large_image","twitter_misc":{"Gesch\u00e4tzte Lesezeit":"2\u00a0Minuten"},"schema":{"@context":"https:\/\/schema.org","@graph":[{"@type":"WebPage","@id":"https:\/\/scandinavischelampen.nl\/de\/produkt\/raadvad-broodsnijder-creme-kleurig-met-gouden-letters-2\/","url":"https:\/\/scandinavischelampen.nl\/de\/produkt\/raadvad-broodsnijder-creme-kleurig-met-gouden-letters-2\/","name":"Raadvad Brotschneider cremefarben mit goldenen Buchstaben - Vintage","isPartOf":{"@id":"https:\/\/scandinavischelampen.nl\/de\/#website"},"primaryImageOfPage":{"@id":"https:\/\/scandinavischelampen.nl\/de\/produkt\/raadvad-broodsnijder-creme-kleurig-met-gouden-letters-2\/#primaryimage"},"image":{"@id":"https:\/\/scandinavischelampen.nl\/de\/produkt\/raadvad-broodsnijder-creme-kleurig-met-gouden-letters-2\/#primaryimage"},"thumbnailUrl":"https:\/\/i0.wp.com\/scandinavischelampen.nl\/wp-content\/uploads\/2024\/04\/IMG_1854-kopie-scaled.jpg?fit=2560%2C1920&ssl=1","datePublished":"2024-04-10T12:39:14+00:00","dateModified":"2026-03-01T18:49:54+00:00","description":"Vintage Raadvad Brotschneider cremefarben mit goldenen Buchstaben in gutem Zustand. Stilvolle Dekoration in z.B. Gastronomie, Konditoreien, Fachgesch\u00e4ften.","breadcrumb":{"@id":"https:\/\/scandinavischelampen.nl\/de\/produkt\/raadvad-broodsnijder-creme-kleurig-met-gouden-letters-2\/#breadcrumb"},"inLanguage":"de","potentialAction":[{"@type":"ReadAction","target":["https:\/\/scandinavischelampen.nl\/de\/produkt\/raadvad-broodsnijder-creme-kleurig-met-gouden-letters-2\/"]}]},{"@type":"ImageObject","inLanguage":"de","@id":"https:\/\/scandinavischelampen.nl\/de\/produkt\/raadvad-broodsnijder-creme-kleurig-met-gouden-letters-2\/#primaryimage","url":"https:\/\/i0.wp.com\/scandinavischelampen.nl\/wp-content\/uploads\/2024\/04\/IMG_1854-kopie-scaled.jpg?fit=2560%2C1920&ssl=1","contentUrl":"https:\/\/i0.wp.com\/scandinavischelampen.nl\/wp-content\/uploads\/2024\/04\/IMG_1854-kopie-scaled.jpg?fit=2560%2C1920&ssl=1","width":2560,"height":1920,"caption":"Raadvad Brotschneider cremefarben mit goldenen Buchstaben"},{"@type":"BreadcrumbList","@id":"https:\/\/scandinavischelampen.nl\/de\/produkt\/raadvad-broodsnijder-creme-kleurig-met-gouden-letters-2\/#breadcrumb","itemListElement":[{"@type":"ListItem","position":1,"name":"Home","item":"https:\/\/scandinavischelampen.nl\/de\/"},{"@type":"ListItem","position":2,"name":"Gesch\u00e4ft","item":"https:\/\/scandinavischelampen.nl\/de\/laden\/"},{"@type":"ListItem","position":3,"name":"Raadvad Brotschneider cremefarben mit goldenen Buchstaben"}]},{"@type":"WebSite","@id":"https:\/\/scandinavischelampen.nl\/de\/#website","url":"https:\/\/scandinavischelampen.nl\/de\/","name":"Scandinavische Lampen","description":"Vintage-Designbeleuchtung","publisher":{"@id":"https:\/\/scandinavischelampen.nl\/de\/#organization"},"potentialAction":[{"@type":"SearchAction","target":{"@type":"EntryPoint","urlTemplate":"https:\/\/scandinavischelampen.nl\/de\/?s={search_term_string}"},"query-input":{"@type":"PropertyValueSpecification","valueRequired":true,"valueName":"search_term_string"}}],"inLanguage":"de"},{"@type":"Organization","@id":"https:\/\/scandinavischelampen.nl\/de\/#organization","name":"Scandinavische Lampen","url":"https:\/\/scandinavischelampen.nl\/de\/","logo":{"@type":"ImageObject","inLanguage":"de","@id":"https:\/\/scandinavischelampen.nl\/de\/#\/schema\/logo\/image\/","url":"https:\/\/i0.wp.com\/scandinavischelampen.nl\/wp-content\/uploads\/2023\/07\/cropped-Scandinavische-lampen-logo-oranje-01-scaled.png?fit=4717%2C1570&ssl=1","contentUrl":"https:\/\/i0.wp.com\/scandinavischelampen.nl\/wp-content\/uploads\/2023\/07\/cropped-Scandinavische-lampen-logo-oranje-01-scaled.png?fit=4717%2C1570&ssl=1","width":4717,"height":1570,"caption":"Scandinavische Lampen"},"image":{"@id":"https:\/\/scandinavischelampen.nl\/de\/#\/schema\/logo\/image\/"},"sameAs":["https:\/\/www.facebook.com\/scandinavischelampen\/","https:\/\/www.instagram.com\/scandinavische_lampen\/"]}]}},"uagb_featured_image_src":{"full":["https:\/\/i0.wp.com\/scandinavischelampen.nl\/wp-content\/uploads\/2024\/04\/IMG_1854-kopie-scaled.jpg?fit=2560%2C1920&ssl=1",2560,1920,false],"thumbnail":["https:\/\/i0.wp.com\/scandinavischelampen.nl\/wp-content\/uploads\/2024\/04\/IMG_1854-kopie-scaled.jpg?resize=150%2C150&ssl=1",150,150,true],"medium":["https:\/\/i0.wp.com\/scandinavischelampen.nl\/wp-content\/uploads\/2024\/04\/IMG_1854-kopie-scaled.jpg?fit=300%2C225&ssl=1",300,225,true],"medium_large":["https:\/\/i0.wp.com\/scandinavischelampen.nl\/wp-content\/uploads\/2024\/04\/IMG_1854-kopie-scaled.jpg?fit=768%2C576&ssl=1",768,576,true],"large":["https:\/\/i0.wp.com\/scandinavischelampen.nl\/wp-content\/uploads\/2024\/04\/IMG_1854-kopie-scaled.jpg?fit=1024%2C768&ssl=1",1024,768,true],"1536x1536":["https:\/\/i0.wp.com\/scandinavischelampen.nl\/wp-content\/uploads\/2024\/04\/IMG_1854-kopie-scaled.jpg?fit=1536%2C1152&ssl=1",1536,1152,true],"2048x2048":["https:\/\/i0.wp.com\/scandinavischelampen.nl\/wp-content\/uploads\/2024\/04\/IMG_1854-kopie-scaled.jpg?fit=2048%2C1536&ssl=1",2048,1536,true],"woocommerce_thumbnail":["https:\/\/i0.wp.com\/scandinavischelampen.nl\/wp-content\/uploads\/2024\/04\/IMG_1854-kopie-scaled.jpg?resize=300%2C300&ssl=1",300,300,true],"woocommerce_single":["https:\/\/i0.wp.com\/scandinavischelampen.nl\/wp-content\/uploads\/2024\/04\/IMG_1854-kopie-scaled.jpg?fit=600%2C450&ssl=1",600,450,true],"woocommerce_gallery_thumbnail":["https:\/\/i0.wp.com\/scandinavischelampen.nl\/wp-content\/uploads\/2024\/04\/IMG_1854-kopie-scaled.jpg?resize=100%2C100&ssl=1",100,100,true],"thaps-thumb-img":["https:\/\/i0.wp.com\/scandinavischelampen.nl\/wp-content\/uploads\/2024\/04\/IMG_1854-kopie-scaled.jpg?resize=48%2C36&ssl=1",48,36,true]},"uagb_author_info":{"display_name":"administrator","author_link":"https:\/\/scandinavischelampen.nl\/de\/author\/"},"uagb_comment_info":0,"uagb_excerpt":"Sie sind auf der Suche nach einem coolen Hingucker f\u00fcr Ihre K\u00fcche? Dann ist dieser wundersch\u00f6ne Raadvad genau das Richtige f\u00fcr Sie. H\u00f6he: 24 cm Breite: 35,5 cm Farbe: schwarz Weltweiter Versand 14 Tage Bedenkzeit","jetpack_sharing_enabled":true,"_links":{"self":[{"href":"https:\/\/scandinavischelampen.nl\/de\/wp-json\/wp\/v2\/product\/42199","targetHints":{"allow":["GET"]}}],"collection":[{"href":"https:\/\/scandinavischelampen.nl\/de\/wp-json\/wp\/v2\/product"}],"about":[{"href":"https:\/\/scandinavischelampen.nl\/de\/wp-json\/wp\/v2\/types\/product"}],"wp:featuredmedia":[{"embeddable":true,"href":"https:\/\/scandinavischelampen.nl\/de\/wp-json\/wp\/v2\/media\/62984"}],"wp:attachment":[{"href":"https:\/\/scandinavischelampen.nl\/de\/wp-json\/wp\/v2\/media?parent=42199"}],"wp:term":[{"taxonomy":"product_brand","embeddable":true,"href":"https:\/\/scandinavischelampen.nl\/de\/wp-json\/wp\/v2\/product_brand?post=42199"},{"taxonomy":"product_cat","embeddable":true,"href":"https:\/\/scandinavischelampen.nl\/de\/wp-json\/wp\/v2\/product_cat?post=42199"},{"taxonomy":"product_tag","embeddable":true,"href":"https:\/\/scandinavischelampen.nl\/de\/wp-json\/wp\/v2\/product_tag?post=42199"}],"curies":[{"name":"wp","href":"https:\/\/api.w.org\/{rel}","templated":true}]}}