{"id":41261,"date":"2024-02-12T17:23:11","date_gmt":"2024-02-12T16:23:11","guid":{"rendered":"https:\/\/scandinavischelampen.nl\/product\/haengelampe-design-light-modell-bolero\/"},"modified":"2024-11-15T07:41:42","modified_gmt":"2024-11-15T06:41:42","slug":"hangelampen-design","status":"publish","type":"product","link":"https:\/\/scandinavischelampen.nl\/de\/produkt\/hangelampen-design\/","title":{"rendered":"H\u00e4ngelampe Design Light Modell Bolero"},"content":{"rendered":"<h1>H\u00e4ngelampe Design Light Modell Bolero<\/h1>\n<p>Diese H\u00e4ngelampe, entworfen f\u00fcr die Marke Design Light und unter dem Modell Bolero ver\u00f6ffentlicht, zeichnet sich durch ihr auff\u00e4lliges Design mit femininen Formen aus. Die geschichtete Struktur erm\u00f6glicht eine spielerische Verteilung des Lichts, sowohl nach unten als auch zur Seite.<\/p>\n<p>Ein subtiles sandfarbenes Akzent versch\u00f6nert diese Lampe. Die Kappe oben auf der Lampe ist in einem neutralen Sandton neu beschichtet, was der Lampe eine zus\u00e4tzliche Note verleiht und es ihr erm\u00f6glicht, nahtlos in ein modernes Interieur zu integrieren.<\/p>\n<p>Suchen Sie die perfekte Lampe f\u00fcr \u00fcber Ihren Esstisch? Suchen Sie nicht weiter, diese Lampe ist absolut geeignet f\u00fcr diese Rolle.<\/p>\n<h2>Zustand<\/h2>\n<p>Diese Lampe in einem cremewei\u00dfen Farbton stammt aus den 1980er Jahren und befindet sich in gutem Zustand mit subtilen Spuren fr\u00fcherer Nutzung. Die obere Kappe wurde mit einer Pulverbeschichtung in einem neutralen Sandton neu beschichtet. Zus\u00e4tzlich wurde die elektrische Verkabelung vollst\u00e4ndig erneuert. Au\u00dferdem ist der urspr\u00fcngliche Herstelleraufkleber noch immer an der Lampe vorhanden.<\/p>\n<h2>Spezifikationen der H\u00e4ngelampe Design Light Modell Bolero<\/h2>\n<ul>\n<li>H\u00f6he: 18 cm<\/li>\n<li>Durchmesser: 45 cm<\/li>\n<li>Gesamth\u00f6he mit Kordel 200 cm (bei der Montage anpassbar)<\/li>\n<li>Material: Stahl<\/li>\n<li>Farbe Kabel: wei\u00df<\/li>\n<li>Maximale Wattzahl: 60 W<\/li>\n<li>Fassung: E27<\/li>\n<li>F\u00fcr LED-Lampen geeignet<\/li>\n<li>Gewicht: 2 kg<\/li>\n<\/ul>\n<h2>\u00dcber Design-Light<\/h2>\n<div class=\"flex-1 overflow-hidden\">\n<div class=\"react-scroll-to-bottom--css-fsylo-79elbk h-full\">\n<div class=\"react-scroll-to-bottom--css-fsylo-1n7m0yu\">\n<div class=\"flex flex-col pb-9 text-sm\">\n<div class=\"w-full text-token-text-primary\" data-testid=\"conversation-turn-23\">\n<div class=\"px-4 py-2 justify-center text-base md:gap-6 m-auto\">\n<div class=\"flex flex-1 text-base mx-auto gap-3 md:px-5 lg:px-1 xl:px-5 md:max-w-3xl lg:max-w-[40rem] xl:max-w-[48rem] group final-completion\">\n<div class=\"relative flex w-full flex-col lg:w-[calc(100%-115px)] agent-turn\">\n<div class=\"flex-col gap-1 md:gap-3\">\n<div class=\"flex flex-grow flex-col max-w-full\">\n<div class=\"min-h-[20px] text-message flex flex-col items-start gap-3 whitespace-pre-wrap break-words [.text-message+&amp;]:mt-5 overflow-x-auto\" data-message-author-role=\"assistant\" data-message-id=\"f2911795-6542-4605-adbb-12e99feeebe3\">\n<div class=\"markdown prose w-full break-words dark:prose-invert light\">\n<p>Design Light, ein renommiertes d\u00e4nisches Beleuchtungsunternehmen mit Sitz in Randers, machte sich in den lebhaften 1980er Jahren mit der Einf\u00fchrung von zwei f\u00fchrenden Kollektionen bemerkbar, die die Grenzen von \u00c4sthetik und Funktionalit\u00e4t erweiterten. Die erste Kollektion f\u00fchrte minimalistische H\u00e4nge- und Wandleuchten ein, charakterisiert durch ein UFO-\u00e4hnliches Design. Diese bemerkenswerten St\u00fccke wurden mit bahnbrechenden Materialkombinationen hergestellt, einschlie\u00dflich Perspex und Metallgitter, was zu einem futuristischen Aussehen f\u00fchrte, das Aufmerksamkeit erregte.<\/p>\n<p>Die zweite Kollektion von Design Light umfasste andererseits hochwertige mehrschichtige H\u00e4ngelampen, die die Essenz des klassischen d\u00e4nischen modernen Stils umarmten. Diese anspruchsvollen St\u00fccke verk\u00f6rperten die zeitlose Eleganz und funktionale Perfektion, die typisch f\u00fcr skandinavisches Design sind. Die Lampe, die in dieser Anzeige vorgestellt wird, stammt unverkennbar aus dieser prestigetr\u00e4chtigen zweiten Kollektion. Das Design umarmt die sch\u00f6ne geschichtete Struktur, f\u00fcr die skandinavische Lampen so ber\u00fchmt sind, und macht sie zu einem zeitlosen Kunstwerk, das sich m\u00fchelos in moderne Interieurs einf\u00fcgt und den charakteristischen Stil von Design Light repr\u00e4sentiert. <strong style=\"color: #ff6600; font-size: 16px;\"><a style=\"color: #ff6600;\" href=\"https:\/\/scandinavischelampen.nl\/product-categorie\/merken\/design-light\/\">Sehen Sie sich hier unsere komplette Kollektion an Design-Light-H\u00e4ngelampen an<\/a><\/strong><\/p>\n<\/div>\n<\/div>\n<\/div>\n<\/div>\n<\/div>\n<\/div>\n<\/div>\n<\/div>\n<\/div>\n<\/div>\n<\/div>\n<\/div>\n","protected":false},"excerpt":{"rendered":"<p>Stimmungsvolle Pendelleuchte Modell Bolero der d\u00e4nischen Marke Design-Light.<\/p>\n<p>&nbsp;<\/p>\n<ul>\n<li><strong>Geeignet f\u00fcr LED<\/strong><\/li>\n<li><strong>Weltweiter Versand<\/strong><\/li>\n<li><strong>14 Tage Bedenkzeit<\/strong><\/li>\n<\/ul>\n","protected":false},"featured_media":40405,"template":"","meta":{"_uag_custom_page_level_css":"","site-sidebar-layout":"default","site-content-layout":"","ast-site-content-layout":"default","site-content-style":"default","site-sidebar-style":"default","ast-global-header-display":"","ast-banner-title-visibility":"","ast-main-header-display":"","ast-hfb-above-header-display":"","ast-hfb-below-header-display":"","ast-hfb-mobile-header-display":"","site-post-title":"","ast-breadcrumbs-content":"","ast-featured-img":"","footer-sml-layout":"","ast-disable-related-posts":"","theme-transparent-header-meta":"default","adv-header-id-meta":"","stick-header-meta":"","header-above-stick-meta":"","header-main-stick-meta":"","header-below-stick-meta":"","astra-migrate-meta-layouts":"default","ast-page-background-enabled":"default","ast-page-background-meta":{"desktop":{"background-color":"var(--ast-global-color-4)","background-image":"","background-repeat":"repeat","background-position":"center center","background-size":"auto","background-attachment":"scroll","background-type":"","background-media":"","overlay-type":"","overlay-color":"","overlay-opacity":"","overlay-gradient":""},"tablet":{"background-color":"","background-image":"","background-repeat":"repeat","background-position":"center center","background-size":"auto","background-attachment":"scroll","background-type":"","background-media":"","overlay-type":"","overlay-color":"","overlay-opacity":"","overlay-gradient":""},"mobile":{"background-color":"","background-image":"","background-repeat":"repeat","background-position":"center center","background-size":"auto","background-attachment":"scroll","background-type":"","background-media":"","overlay-type":"","overlay-color":"","overlay-opacity":"","overlay-gradient":""}},"ast-content-background-meta":{"desktop":{"background-color":"var(--ast-global-color-5)","background-image":"","background-repeat":"repeat","background-position":"center center","background-size":"auto","background-attachment":"scroll","background-type":"","background-media":"","overlay-type":"","overlay-color":"","overlay-opacity":"","overlay-gradient":""},"tablet":{"background-color":"var(--ast-global-color-5)","background-image":"","background-repeat":"repeat","background-position":"center center","background-size":"auto","background-attachment":"scroll","background-type":"","background-media":"","overlay-type":"","overlay-color":"","overlay-opacity":"","overlay-gradient":""},"mobile":{"background-color":"var(--ast-global-color-5)","background-image":"","background-repeat":"repeat","background-position":"center center","background-size":"auto","background-attachment":"scroll","background-type":"","background-media":"","overlay-type":"","overlay-color":"","overlay-opacity":"","overlay-gradient":""}}},"product_brand":[],"product_cat":[260,255,243,247,245,248,605,249],"product_tag":[901,252],"class_list":{"0":"post-41261","1":"product","2":"type-product","3":"status-publish","4":"has-post-thumbnail","6":"product_cat-design-light-de","7":"product_cat-farbkollektion","8":"product_cat-skandinavische-pendelleuchten","9":"product_cat-kuche","10":"product_cat-pendelleuchte-esstisch","11":"product_cat-schlafzimmer","12":"product_cat-sehen-sie-sich-unsere-komplette-kollektion-an","13":"product_cat-wohnzimmer","14":"product_tag-sand-de-2","15":"product_tag-weiss","16":"desktop-align-center","17":"tablet-align-left","18":"mobile-align-left","20":"first","21":"instock","22":"taxable","23":"shipping-taxable","24":"purchasable","25":"product-type-simple"},"yoast_head":"<!-- This site is optimized with the Yoast SEO plugin v27.4 - https:\/\/yoast.com\/product\/yoast-seo-wordpress\/ -->\n<title>H\u00e4ngelampe Design Light Modell Bolero<\/title>\n<meta name=\"description\" content=\"Wundersch\u00f6ne Vintage-Design-H\u00e4ngelampe Modell Bolero mit zwei separaten Schichten. Wundersch\u00f6n \u00fcber einem Esstisch, im Wohn- und Schlafzimmer\" \/>\n<meta name=\"robots\" content=\"index, follow, max-snippet:-1, max-image-preview:large, max-video-preview:-1\" \/>\n<link rel=\"canonical\" href=\"https:\/\/scandinavischelampen.nl\/de\/produkt\/hangelampen-design\/\" \/>\n<meta property=\"og:locale\" content=\"de_DE\" \/>\n<meta property=\"og:type\" content=\"article\" \/>\n<meta property=\"og:title\" content=\"H\u00e4ngelampe Design Light Modell Bolero\" \/>\n<meta property=\"og:description\" content=\"Wundersch\u00f6ne Vintage-Design-H\u00e4ngelampe Modell Bolero mit zwei separaten Schichten. Wundersch\u00f6n \u00fcber einem Esstisch, im Wohn- und Schlafzimmer\" \/>\n<meta property=\"og:url\" content=\"https:\/\/scandinavischelampen.nl\/de\/produkt\/hangelampen-design\/\" \/>\n<meta property=\"og:site_name\" content=\"Skandinavische Lampen\" \/>\n<meta property=\"article:publisher\" content=\"https:\/\/www.facebook.com\/scandinavischelampen\/\" \/>\n<meta property=\"article:modified_time\" content=\"2024-11-15T06:41:42+00:00\" \/>\n<meta property=\"og:image\" content=\"https:\/\/i0.wp.com\/scandinavischelampen.nl\/wp-content\/uploads\/2024\/02\/9B6AFBF4-B888-457F-8CE7-B16405248B4C_1_201_a-kopieren-scaled.jpg?fit=1920%2C2560&ssl=1\" \/>\n\t<meta property=\"og:image:width\" content=\"1920\" \/>\n\t<meta property=\"og:image:height\" content=\"2560\" \/>\n\t<meta property=\"og:image:type\" content=\"image\/jpeg\" \/>\n<meta name=\"twitter:card\" content=\"summary_large_image\" \/>\n<meta name=\"twitter:label1\" content=\"Gesch\u00e4tzte Lesezeit\" \/>\n\t<meta name=\"twitter:data1\" content=\"2\u00a0Minuten\" \/>\n<script type=\"application\/ld+json\" class=\"yoast-schema-graph\">{\"@context\":\"https:\\\/\\\/schema.org\",\"@graph\":[{\"@type\":\"WebPage\",\"@id\":\"https:\\\/\\\/scandinavischelampen.nl\\\/de\\\/produkt\\\/hangelampen-design\\\/\",\"url\":\"https:\\\/\\\/scandinavischelampen.nl\\\/de\\\/produkt\\\/hangelampen-design\\\/\",\"name\":\"H\u00e4ngelampe Design Light Modell Bolero\",\"isPartOf\":{\"@id\":\"https:\\\/\\\/scandinavischelampen.nl\\\/de\\\/#website\"},\"primaryImageOfPage\":{\"@id\":\"https:\\\/\\\/scandinavischelampen.nl\\\/de\\\/produkt\\\/hangelampen-design\\\/#primaryimage\"},\"image\":{\"@id\":\"https:\\\/\\\/scandinavischelampen.nl\\\/de\\\/produkt\\\/hangelampen-design\\\/#primaryimage\"},\"thumbnailUrl\":\"https:\\\/\\\/i0.wp.com\\\/scandinavischelampen.nl\\\/wp-content\\\/uploads\\\/2024\\\/02\\\/9B6AFBF4-B888-457F-8CE7-B16405248B4C_1_201_a-kopieren-scaled.jpg?fit=1920%2C2560&ssl=1\",\"datePublished\":\"2024-02-12T16:23:11+00:00\",\"dateModified\":\"2024-11-15T06:41:42+00:00\",\"description\":\"Wundersch\u00f6ne Vintage-Design-H\u00e4ngelampe Modell Bolero mit zwei separaten Schichten. Wundersch\u00f6n \u00fcber einem Esstisch, im Wohn- und Schlafzimmer\",\"breadcrumb\":{\"@id\":\"https:\\\/\\\/scandinavischelampen.nl\\\/de\\\/produkt\\\/hangelampen-design\\\/#breadcrumb\"},\"inLanguage\":\"de\",\"potentialAction\":[{\"@type\":\"ReadAction\",\"target\":[\"https:\\\/\\\/scandinavischelampen.nl\\\/de\\\/produkt\\\/hangelampen-design\\\/\"]}]},{\"@type\":\"ImageObject\",\"inLanguage\":\"de\",\"@id\":\"https:\\\/\\\/scandinavischelampen.nl\\\/de\\\/produkt\\\/hangelampen-design\\\/#primaryimage\",\"url\":\"https:\\\/\\\/i0.wp.com\\\/scandinavischelampen.nl\\\/wp-content\\\/uploads\\\/2024\\\/02\\\/9B6AFBF4-B888-457F-8CE7-B16405248B4C_1_201_a-kopieren-scaled.jpg?fit=1920%2C2560&ssl=1\",\"contentUrl\":\"https:\\\/\\\/i0.wp.com\\\/scandinavischelampen.nl\\\/wp-content\\\/uploads\\\/2024\\\/02\\\/9B6AFBF4-B888-457F-8CE7-B16405248B4C_1_201_a-kopieren-scaled.jpg?fit=1920%2C2560&ssl=1\",\"width\":1920,\"height\":2560,\"caption\":\"H\u00e4ngelampen Design in Cremewei\u00df mit sandfarbenem Akzent\"},{\"@type\":\"BreadcrumbList\",\"@id\":\"https:\\\/\\\/scandinavischelampen.nl\\\/de\\\/produkt\\\/hangelampen-design\\\/#breadcrumb\",\"itemListElement\":[{\"@type\":\"ListItem\",\"position\":1,\"name\":\"Home\",\"item\":\"https:\\\/\\\/scandinavischelampen.nl\\\/de\\\/\"},{\"@type\":\"ListItem\",\"position\":2,\"name\":\"Gesch\u00e4ft\",\"item\":\"https:\\\/\\\/scandinavischelampen.nl\\\/de\\\/laden\\\/\"},{\"@type\":\"ListItem\",\"position\":3,\"name\":\"H\u00e4ngelampe Design Light Modell Bolero\"}]},{\"@type\":\"WebSite\",\"@id\":\"https:\\\/\\\/scandinavischelampen.nl\\\/de\\\/#website\",\"url\":\"https:\\\/\\\/scandinavischelampen.nl\\\/de\\\/\",\"name\":\"Scandinavische Lampen\",\"description\":\"Vintage-Designbeleuchtung\",\"publisher\":{\"@id\":\"https:\\\/\\\/scandinavischelampen.nl\\\/de\\\/#organization\"},\"potentialAction\":[{\"@type\":\"SearchAction\",\"target\":{\"@type\":\"EntryPoint\",\"urlTemplate\":\"https:\\\/\\\/scandinavischelampen.nl\\\/de\\\/?s={search_term_string}\"},\"query-input\":{\"@type\":\"PropertyValueSpecification\",\"valueRequired\":true,\"valueName\":\"search_term_string\"}}],\"inLanguage\":\"de\"},{\"@type\":\"Organization\",\"@id\":\"https:\\\/\\\/scandinavischelampen.nl\\\/de\\\/#organization\",\"name\":\"Scandinavische Lampen\",\"url\":\"https:\\\/\\\/scandinavischelampen.nl\\\/de\\\/\",\"logo\":{\"@type\":\"ImageObject\",\"inLanguage\":\"de\",\"@id\":\"https:\\\/\\\/scandinavischelampen.nl\\\/de\\\/#\\\/schema\\\/logo\\\/image\\\/\",\"url\":\"https:\\\/\\\/i0.wp.com\\\/scandinavischelampen.nl\\\/wp-content\\\/uploads\\\/2023\\\/07\\\/cropped-Scandinavische-lampen-logo-oranje-01-scaled.png?fit=4717%2C1570&ssl=1\",\"contentUrl\":\"https:\\\/\\\/i0.wp.com\\\/scandinavischelampen.nl\\\/wp-content\\\/uploads\\\/2023\\\/07\\\/cropped-Scandinavische-lampen-logo-oranje-01-scaled.png?fit=4717%2C1570&ssl=1\",\"width\":4717,\"height\":1570,\"caption\":\"Scandinavische Lampen\"},\"image\":{\"@id\":\"https:\\\/\\\/scandinavischelampen.nl\\\/de\\\/#\\\/schema\\\/logo\\\/image\\\/\"},\"sameAs\":[\"https:\\\/\\\/www.facebook.com\\\/scandinavischelampen\\\/\",\"https:\\\/\\\/www.instagram.com\\\/scandinavische_lampen\\\/\"]}]}<\/script>\n<!-- \/ Yoast SEO plugin. -->","yoast_head_json":{"title":"H\u00e4ngelampe Design Light Modell Bolero","description":"Wundersch\u00f6ne Vintage-Design-H\u00e4ngelampe Modell Bolero mit zwei separaten Schichten. Wundersch\u00f6n \u00fcber einem Esstisch, im Wohn- und Schlafzimmer","robots":{"index":"index","follow":"follow","max-snippet":"max-snippet:-1","max-image-preview":"max-image-preview:large","max-video-preview":"max-video-preview:-1"},"canonical":"https:\/\/scandinavischelampen.nl\/de\/produkt\/hangelampen-design\/","og_locale":"de_DE","og_type":"article","og_title":"H\u00e4ngelampe Design Light Modell Bolero","og_description":"Wundersch\u00f6ne Vintage-Design-H\u00e4ngelampe Modell Bolero mit zwei separaten Schichten. Wundersch\u00f6n \u00fcber einem Esstisch, im Wohn- und Schlafzimmer","og_url":"https:\/\/scandinavischelampen.nl\/de\/produkt\/hangelampen-design\/","og_site_name":"Skandinavische Lampen","article_publisher":"https:\/\/www.facebook.com\/scandinavischelampen\/","article_modified_time":"2024-11-15T06:41:42+00:00","og_image":[{"width":1920,"height":2560,"url":"https:\/\/i0.wp.com\/scandinavischelampen.nl\/wp-content\/uploads\/2024\/02\/9B6AFBF4-B888-457F-8CE7-B16405248B4C_1_201_a-kopieren-scaled.jpg?fit=1920%2C2560&ssl=1","type":"image\/jpeg"}],"twitter_card":"summary_large_image","twitter_misc":{"Gesch\u00e4tzte Lesezeit":"2\u00a0Minuten"},"schema":{"@context":"https:\/\/schema.org","@graph":[{"@type":"WebPage","@id":"https:\/\/scandinavischelampen.nl\/de\/produkt\/hangelampen-design\/","url":"https:\/\/scandinavischelampen.nl\/de\/produkt\/hangelampen-design\/","name":"H\u00e4ngelampe Design Light Modell Bolero","isPartOf":{"@id":"https:\/\/scandinavischelampen.nl\/de\/#website"},"primaryImageOfPage":{"@id":"https:\/\/scandinavischelampen.nl\/de\/produkt\/hangelampen-design\/#primaryimage"},"image":{"@id":"https:\/\/scandinavischelampen.nl\/de\/produkt\/hangelampen-design\/#primaryimage"},"thumbnailUrl":"https:\/\/i0.wp.com\/scandinavischelampen.nl\/wp-content\/uploads\/2024\/02\/9B6AFBF4-B888-457F-8CE7-B16405248B4C_1_201_a-kopieren-scaled.jpg?fit=1920%2C2560&ssl=1","datePublished":"2024-02-12T16:23:11+00:00","dateModified":"2024-11-15T06:41:42+00:00","description":"Wundersch\u00f6ne Vintage-Design-H\u00e4ngelampe Modell Bolero mit zwei separaten Schichten. Wundersch\u00f6n \u00fcber einem Esstisch, im Wohn- und Schlafzimmer","breadcrumb":{"@id":"https:\/\/scandinavischelampen.nl\/de\/produkt\/hangelampen-design\/#breadcrumb"},"inLanguage":"de","potentialAction":[{"@type":"ReadAction","target":["https:\/\/scandinavischelampen.nl\/de\/produkt\/hangelampen-design\/"]}]},{"@type":"ImageObject","inLanguage":"de","@id":"https:\/\/scandinavischelampen.nl\/de\/produkt\/hangelampen-design\/#primaryimage","url":"https:\/\/i0.wp.com\/scandinavischelampen.nl\/wp-content\/uploads\/2024\/02\/9B6AFBF4-B888-457F-8CE7-B16405248B4C_1_201_a-kopieren-scaled.jpg?fit=1920%2C2560&ssl=1","contentUrl":"https:\/\/i0.wp.com\/scandinavischelampen.nl\/wp-content\/uploads\/2024\/02\/9B6AFBF4-B888-457F-8CE7-B16405248B4C_1_201_a-kopieren-scaled.jpg?fit=1920%2C2560&ssl=1","width":1920,"height":2560,"caption":"H\u00e4ngelampen Design in Cremewei\u00df mit sandfarbenem Akzent"},{"@type":"BreadcrumbList","@id":"https:\/\/scandinavischelampen.nl\/de\/produkt\/hangelampen-design\/#breadcrumb","itemListElement":[{"@type":"ListItem","position":1,"name":"Home","item":"https:\/\/scandinavischelampen.nl\/de\/"},{"@type":"ListItem","position":2,"name":"Gesch\u00e4ft","item":"https:\/\/scandinavischelampen.nl\/de\/laden\/"},{"@type":"ListItem","position":3,"name":"H\u00e4ngelampe Design Light Modell Bolero"}]},{"@type":"WebSite","@id":"https:\/\/scandinavischelampen.nl\/de\/#website","url":"https:\/\/scandinavischelampen.nl\/de\/","name":"Scandinavische Lampen","description":"Vintage-Designbeleuchtung","publisher":{"@id":"https:\/\/scandinavischelampen.nl\/de\/#organization"},"potentialAction":[{"@type":"SearchAction","target":{"@type":"EntryPoint","urlTemplate":"https:\/\/scandinavischelampen.nl\/de\/?s={search_term_string}"},"query-input":{"@type":"PropertyValueSpecification","valueRequired":true,"valueName":"search_term_string"}}],"inLanguage":"de"},{"@type":"Organization","@id":"https:\/\/scandinavischelampen.nl\/de\/#organization","name":"Scandinavische Lampen","url":"https:\/\/scandinavischelampen.nl\/de\/","logo":{"@type":"ImageObject","inLanguage":"de","@id":"https:\/\/scandinavischelampen.nl\/de\/#\/schema\/logo\/image\/","url":"https:\/\/i0.wp.com\/scandinavischelampen.nl\/wp-content\/uploads\/2023\/07\/cropped-Scandinavische-lampen-logo-oranje-01-scaled.png?fit=4717%2C1570&ssl=1","contentUrl":"https:\/\/i0.wp.com\/scandinavischelampen.nl\/wp-content\/uploads\/2023\/07\/cropped-Scandinavische-lampen-logo-oranje-01-scaled.png?fit=4717%2C1570&ssl=1","width":4717,"height":1570,"caption":"Scandinavische Lampen"},"image":{"@id":"https:\/\/scandinavischelampen.nl\/de\/#\/schema\/logo\/image\/"},"sameAs":["https:\/\/www.facebook.com\/scandinavischelampen\/","https:\/\/www.instagram.com\/scandinavische_lampen\/"]}]}},"uagb_featured_image_src":{"full":["https:\/\/i0.wp.com\/scandinavischelampen.nl\/wp-content\/uploads\/2024\/02\/9B6AFBF4-B888-457F-8CE7-B16405248B4C_1_201_a-kopieren-scaled.jpg?fit=1920%2C2560&ssl=1",1920,2560,false],"thumbnail":["https:\/\/i0.wp.com\/scandinavischelampen.nl\/wp-content\/uploads\/2024\/02\/9B6AFBF4-B888-457F-8CE7-B16405248B4C_1_201_a-kopieren-scaled.jpg?resize=150%2C150&ssl=1",150,150,true],"medium":["https:\/\/i0.wp.com\/scandinavischelampen.nl\/wp-content\/uploads\/2024\/02\/9B6AFBF4-B888-457F-8CE7-B16405248B4C_1_201_a-kopieren-scaled.jpg?fit=225%2C300&ssl=1",225,300,true],"medium_large":["https:\/\/i0.wp.com\/scandinavischelampen.nl\/wp-content\/uploads\/2024\/02\/9B6AFBF4-B888-457F-8CE7-B16405248B4C_1_201_a-kopieren-scaled.jpg?fit=768%2C1024&ssl=1",768,1024,true],"large":["https:\/\/i0.wp.com\/scandinavischelampen.nl\/wp-content\/uploads\/2024\/02\/9B6AFBF4-B888-457F-8CE7-B16405248B4C_1_201_a-kopieren-scaled.jpg?fit=768%2C1024&ssl=1",768,1024,true],"1536x1536":["https:\/\/i0.wp.com\/scandinavischelampen.nl\/wp-content\/uploads\/2024\/02\/9B6AFBF4-B888-457F-8CE7-B16405248B4C_1_201_a-kopieren-scaled.jpg?fit=1152%2C1536&ssl=1",1152,1536,true],"2048x2048":["https:\/\/i0.wp.com\/scandinavischelampen.nl\/wp-content\/uploads\/2024\/02\/9B6AFBF4-B888-457F-8CE7-B16405248B4C_1_201_a-kopieren-scaled.jpg?fit=1536%2C2048&ssl=1",1536,2048,true],"woocommerce_thumbnail":["https:\/\/i0.wp.com\/scandinavischelampen.nl\/wp-content\/uploads\/2024\/02\/9B6AFBF4-B888-457F-8CE7-B16405248B4C_1_201_a-kopieren-scaled.jpg?resize=300%2C300&ssl=1",300,300,true],"woocommerce_single":["https:\/\/i0.wp.com\/scandinavischelampen.nl\/wp-content\/uploads\/2024\/02\/9B6AFBF4-B888-457F-8CE7-B16405248B4C_1_201_a-kopieren-scaled.jpg?fit=600%2C800&ssl=1",600,800,true],"woocommerce_gallery_thumbnail":["https:\/\/i0.wp.com\/scandinavischelampen.nl\/wp-content\/uploads\/2024\/02\/9B6AFBF4-B888-457F-8CE7-B16405248B4C_1_201_a-kopieren-scaled.jpg?resize=100%2C100&ssl=1",100,100,true],"thaps-thumb-img":["https:\/\/i0.wp.com\/scandinavischelampen.nl\/wp-content\/uploads\/2024\/02\/9B6AFBF4-B888-457F-8CE7-B16405248B4C_1_201_a-kopieren-scaled.jpg?resize=48%2C64&ssl=1",48,64,true]},"uagb_author_info":{"display_name":"administrator","author_link":"https:\/\/scandinavischelampen.nl\/de\/author\/"},"uagb_comment_info":0,"uagb_excerpt":"Stimmungsvolle Pendelleuchte Modell Bolero der d\u00e4nischen Marke Design-Light. &nbsp; Geeignet f\u00fcr LED Weltweiter Versand 14 Tage Bedenkzeit","jetpack_sharing_enabled":true,"_links":{"self":[{"href":"https:\/\/scandinavischelampen.nl\/de\/wp-json\/wp\/v2\/product\/41261","targetHints":{"allow":["GET"]}}],"collection":[{"href":"https:\/\/scandinavischelampen.nl\/de\/wp-json\/wp\/v2\/product"}],"about":[{"href":"https:\/\/scandinavischelampen.nl\/de\/wp-json\/wp\/v2\/types\/product"}],"wp:featuredmedia":[{"embeddable":true,"href":"https:\/\/scandinavischelampen.nl\/de\/wp-json\/wp\/v2\/media\/40405"}],"wp:attachment":[{"href":"https:\/\/scandinavischelampen.nl\/de\/wp-json\/wp\/v2\/media?parent=41261"}],"wp:term":[{"taxonomy":"product_brand","embeddable":true,"href":"https:\/\/scandinavischelampen.nl\/de\/wp-json\/wp\/v2\/product_brand?post=41261"},{"taxonomy":"product_cat","embeddable":true,"href":"https:\/\/scandinavischelampen.nl\/de\/wp-json\/wp\/v2\/product_cat?post=41261"},{"taxonomy":"product_tag","embeddable":true,"href":"https:\/\/scandinavischelampen.nl\/de\/wp-json\/wp\/v2\/product_tag?post=41261"}],"curies":[{"name":"wp","href":"https:\/\/api.w.org\/{rel}","templated":true}]}}