{"id":21681,"date":"2023-06-28T09:11:56","date_gmt":"2023-06-28T07:11:56","guid":{"rendered":"https:\/\/v2.scandinavischelampen.nl\/product\/jeka-metaltryk-haengelampe-mette-modell-4024-p\/"},"modified":"2025-07-25T13:21:38","modified_gmt":"2025-07-25T11:21:38","slug":"jeka-metaltryk-haengelampe-mit-modell-4024-p","status":"publish","type":"product","link":"https:\/\/scandinavischelampen.nl\/de\/produkt\/jeka-metaltryk-haengelampe-mit-modell-4024-p\/","title":{"rendered":"Jeka Metaltryk H\u00e4ngelampe Mette Modell 4024-P"},"content":{"rendered":"<h2 style=\"font-weight: 400;\"><strong>Jeka Mette H\u00e4ngelampe 4024-P<\/strong><\/h2>\n<p>Entdecken Sie die zeitlose Sch\u00f6nheit dieser Vintage-H\u00e4ngelampe, die von der renommierten Marke Jeka entworfen und als Mette Typ 4024-P herausgebracht wurde. Ihr verspieltes Design macht diese H\u00e4ngelampe wirklich zu einem herausragenden St\u00fcck.<\/p>\n<p>Mit ihrer geschichteten Struktur wird das Licht elegant nach unten und zur Seite diffundiert, w\u00e4hrend es auch einen sanften Glanz nach oben durch das charmante Gitter oben an der Lampe abgibt. Egal, ob Sie auf der Suche nach der perfekten Beleuchtung f\u00fcr Ihren Flur oder Ihre K\u00fcche sind, diese Lampe ist zweifellos f\u00fcr Ihre Bed\u00fcrfnisse geeignet.<\/p>\n<p>Bringen Sie einen Hauch zeitloser Eleganz in Ihr Interieur mit der Mette 4024-P H\u00e4ngelampe von Jeka. Bestellen Sie noch heute und verwandeln Sie Ihr Zuhause in eine Oase des Stils und der W\u00e4rme!<\/p>\n<h2 style=\"font-weight: 400;\"><strong>Zustand<\/strong><\/h2>\n<div class=\"group w-full text-token-text-primary border-b border-black\/10 dark:border-gray-900\/50 bg-gray-50 dark:bg-[#444654]\">\n<div class=\"flex p-4 gap-4 text-base md:gap-6 md:max-w-2xl lg:max-w-[38rem] xl:max-w-3xl md:py-6 lg:px-0 m-auto\">\n<div class=\"relative flex w-[calc(100%-50px)] flex-col gap-1 md:gap-3 lg:w-[calc(100%-115px)]\">\n<div class=\"flex flex-grow flex-col gap-3\">\n<div class=\"min-h-[20px] flex flex-col items-start gap-3 overflow-x-auto whitespace-pre-wrap break-words\">\n<div class=\"markdown prose w-full break-words dark:prose-invert light\">\n<p>Diese Lampe, die ein respektables Alter von etwa 30 Jahren aufweist, befindet sich in gutem Zustand, mit nur subtilen Spuren fr\u00fcherer Verwendung.<\/p>\n<p>Diese Lampe ist nicht nur eine \u00e4sthetische Erg\u00e4nzung; es ist auch eine bewusste Wahl f\u00fcr die Umwelt. Hole nicht nur ein St\u00fcck d\u00e4nisches Design in dein Zuhause, sondern trage auch zu einer gr\u00fcneren Welt bei. Mit dieser Lampe setzt du nicht nur ein Statement des Stils, sondern auch des Umweltbewusstseins. Entscheide dich f\u00fcr Beleuchtung mit einer Geschichte und einer Wirkung.<\/p>\n<\/div>\n<\/div>\n<\/div>\n<\/div>\n<\/div>\n<\/div>\n<h2 style=\"font-weight: 400;\"><strong>Spezifikationen Jeka H\u00e4ngelampe Mette 4024-P<\/strong><\/h2>\n<ul style=\"font-weight: 400;\">\n<li>H\u00f6he: 20 cm<\/li>\n<li>Durchmesser: 24 cm<\/li>\n<li>Gesamth\u00f6he mit Kordel 150 cm (bei der Montage anpassbar)<\/li>\n<li>Material: Stahl<\/li>\n<li>Farbe Kabel: wei\u00df<\/li>\n<li>Maximale Wattzahl: 60 W<\/li>\n<li>Fassung: E27<\/li>\n<li>F\u00fcr LED-Lampen geeignet<\/li>\n<li>Gewicht: 0,8 kg<\/li>\n<\/ul>\n<h2>Geeignet f\u00fcr LED und dimmbar<\/h2>\n<p>Angesichts der heutigen Energiekosten ist Effizienz zu einem entscheidenden Faktor geworden. Diese Pendelleuchte ist mit einer E27-Fassung ausgestattet, was sie kompatibel mit LED-Lampen und sogar intelligenten Beleuchtungsoptionen macht. Au\u00dferdem kann die Lampe problemlos mit einem Dimmer kombiniert werden, sodass Sie die volle Kontrolle \u00fcber die Atmosph\u00e4re haben. Genie\u00dfen Sie die perfekte Mischung aus Vergangenheit und Zukunft und sparen Sie gleichzeitig Energie.<\/p>\n<h3>Unser verf\u00fcgbarer Bestand<\/h3>\n<p>Alle von uns angebotenen Lampen sind sofort lieferbar. Das bedeutet, dass wir Ihre Bestellung in der Regel am selben oder am n\u00e4chsten Werktag versenden. Es ist jedoch wichtig zu beachten, dass wir in der Regel nur eine Kopie jedes Artikels auf Lager haben. Da wir ausschlie\u00dflich mit Vintage-Lampen handeln, ist ungewiss, ob wir in Zukunft die gleichen Lampen wieder anbieten k\u00f6nnen.<\/p>\n<h3>Versandoptionen<\/h3>\n<p>Sie k\u00f6nnen bei uns weltweit mit Vertrauen bestellen und von unserem erstklassigen Versandservice profitieren. Wir behandeln Ihre Lampe mit gr\u00f6\u00dfter Sorgfalt, verpacken sie sorgf\u00e4ltig in dicke Luftpolsterfolie und versenden sie in stabilen doppelwandigen Kartons. So tun wir alles, um sicherzustellen, dass Ihr kostbarer Kauf in einwandfreiem Zustand ankommt.<\/p>\n<p>Sobald Ihre Bestellung unser Lager verl\u00e4sst, erhalten Sie sofort eine E-Mail von Post NL mit wichtigen Tracking- und Tracing-Informationen. Auf diese Weise k\u00f6nnen Sie Ihr Paket vom Zeitpunkt der Versendung bis zu Ihrer Haust\u00fcr verfolgen, sodass Sie jederzeit \u00fcber den Status Ihrer Bestellung informiert sind.<\/p>\n<p>Wir verstehen, dass Sie Zeit ben\u00f6tigen, um zu entscheiden, ob die Lampe perfekt zu Ihrem Interieur passt. Daher bieten wir Ihnen eine 14-t\u00e4gige Widerrufsfrist nach Erhalt Ihrer Bestellung an. So k\u00f6nnen Sie in aller Ruhe feststellen, ob die Lampe Ihren Erwartungen entspricht.<\/p>\n<h3>Entdecken Sie Jeka Metaltryk: Ein historischer \u00dcberblick<\/h3>\n<p>Die Geschichte von Jeka Metaltryk mag einige geheimnisvolle Aspekte haben, aber eines steht fest: Bis 2002 waren sie in der Lampenproduktion aktiv. Der Name Jeka steht f\u00fcr au\u00dfergew\u00f6hnliche Qualit\u00e4t und zeitlose Designs in der Welt der Beleuchtung. Ihre Lampen, die sich durch ihre exquisite Handwerkskunst auszeichnen, haben die Zeit \u00fcberdauert und strahlen nach wie vor zeitlose \u00c4sthetik aus. <a href=\"https:\/\/scandinavischelampen.nl\/product-categorie\/merken\/jeka-metaltryk\/\">Entdecken Sie unsere vollst\u00e4ndige Sammlung von Vintage-Jeka-Lampen hier und erfahren Sie selbst, warum dieser Name einen so soliden Ruf erlangt hat.<\/a><\/p>\n<p>&nbsp;<\/p>\n","protected":false},"excerpt":{"rendered":"<p><strong><span style=\"color: #00ff00;\">\u221a<\/span> <span style=\"color: #ff6600;\">Kostenloser Versand in Europa ab \u20ac350<\/span><br \/>\n<\/strong><strong><span style=\"color: #00ff00;\">\u221a<\/span> Bestellt vor <span style=\"color: #ff6600;\">16:00 Uhr<\/span>? Normalerweise am selben Tag versandt<br \/>\n<\/strong><strong><span style=\"color: #00ff00;\">\u221a<\/span> <span style=\"color: #ff6600;\">14 Tage<\/span> Bedenkzeit<br \/>\n<\/strong><strong><span style=\"color: #00ff00;\">\u221a<\/span> Geeignet f\u00fcr <span style=\"color: #ff6600;\">LED<\/span><\/strong><\/p>\n<ul style=\"font-weight: 400;\">\n<li><strong>H\u00f6he: 20 cm<\/strong><\/li>\n<li><strong>Durchmesser: 24 cm<\/strong><\/li>\n<\/ul>\n","protected":false},"featured_media":59034,"template":"","meta":{"_uag_custom_page_level_css":"","site-sidebar-layout":"default","site-content-layout":"default","ast-site-content-layout":"default","site-content-style":"default","site-sidebar-style":"default","ast-global-header-display":"","ast-banner-title-visibility":"","ast-main-header-display":"","ast-hfb-above-header-display":"","ast-hfb-below-header-display":"","ast-hfb-mobile-header-display":"","site-post-title":"","ast-breadcrumbs-content":"","ast-featured-img":"","footer-sml-layout":"","ast-disable-related-posts":"","theme-transparent-header-meta":"default","adv-header-id-meta":"","stick-header-meta":"","header-above-stick-meta":"","header-main-stick-meta":"","header-below-stick-meta":"","astra-migrate-meta-layouts":"default","ast-page-background-enabled":"default","ast-page-background-meta":{"desktop":{"background-color":"var(--ast-global-color-4)","background-image":"","background-repeat":"repeat","background-position":"center center","background-size":"auto","background-attachment":"scroll","background-type":"","background-media":"","overlay-type":"","overlay-color":"","overlay-opacity":"","overlay-gradient":""},"tablet":{"background-color":"","background-image":"","background-repeat":"repeat","background-position":"center center","background-size":"auto","background-attachment":"scroll","background-type":"","background-media":"","overlay-type":"","overlay-color":"","overlay-opacity":"","overlay-gradient":""},"mobile":{"background-color":"","background-image":"","background-repeat":"repeat","background-position":"center center","background-size":"auto","background-attachment":"scroll","background-type":"","background-media":"","overlay-type":"","overlay-color":"","overlay-opacity":"","overlay-gradient":""}},"ast-content-background-meta":{"desktop":{"background-color":"var(--ast-global-color-5)","background-image":"","background-repeat":"repeat","background-position":"center center","background-size":"auto","background-attachment":"scroll","background-type":"","background-media":"","overlay-type":"","overlay-color":"","overlay-opacity":"","overlay-gradient":""},"tablet":{"background-color":"var(--ast-global-color-5)","background-image":"","background-repeat":"repeat","background-position":"center center","background-size":"auto","background-attachment":"scroll","background-type":"","background-media":"","overlay-type":"","overlay-color":"","overlay-opacity":"","overlay-gradient":""},"mobile":{"background-color":"var(--ast-global-color-5)","background-image":"","background-repeat":"repeat","background-position":"center center","background-size":"auto","background-attachment":"scroll","background-type":"","background-media":"","overlay-type":"","overlay-color":"","overlay-opacity":"","overlay-gradient":""}}},"product_brand":[],"product_cat":[246,243,291,247,248,605,249],"product_tag":[252],"class_list":{"0":"post-21681","1":"product","2":"type-product","3":"status-publish","4":"has-post-thumbnail","6":"product_cat-halle","7":"product_cat-skandinavische-pendelleuchten","8":"product_cat-jeka-lampen-de","9":"product_cat-kuche","10":"product_cat-schlafzimmer","11":"product_cat-sehen-sie-sich-unsere-komplette-kollektion-an","12":"product_cat-wohnzimmer","13":"product_tag-weiss","14":"desktop-align-center","15":"tablet-align-left","16":"mobile-align-left","18":"first","19":"instock","20":"taxable","21":"shipping-taxable","22":"purchasable","23":"product-type-simple"},"yoast_head":"<!-- This site is optimized with the Yoast SEO plugin v27.4 - https:\/\/yoast.com\/product\/yoast-seo-wordpress\/ -->\n<title>Jeka Metaltryk H\u00e4ngelampe Mette Modell 4024-P<\/title>\n<meta name=\"description\" content=\"Lassen Sie sich von dieser exquisiten Vintage-H\u00e4ngelampe von Jeka verzaubern, bekannt als Mette Modell 4024-P. \u221a Vintage skandinavisches Design\" \/>\n<meta name=\"robots\" content=\"index, follow, max-snippet:-1, max-image-preview:large, max-video-preview:-1\" \/>\n<link rel=\"canonical\" href=\"https:\/\/scandinavischelampen.nl\/de\/produkt\/jeka-metaltryk-haengelampe-mit-modell-4024-p\/\" \/>\n<meta property=\"og:locale\" content=\"de_DE\" \/>\n<meta property=\"og:type\" content=\"article\" \/>\n<meta property=\"og:title\" content=\"Jeka Metaltryk H\u00e4ngelampe Mette Modell 4024-P\" \/>\n<meta property=\"og:description\" content=\"Lassen Sie sich von dieser exquisiten Vintage-H\u00e4ngelampe von Jeka verzaubern, bekannt als Mette Modell 4024-P. \u221a Vintage skandinavisches Design\" \/>\n<meta property=\"og:url\" content=\"https:\/\/scandinavischelampen.nl\/de\/produkt\/jeka-metaltryk-haengelampe-mit-modell-4024-p\/\" \/>\n<meta property=\"og:site_name\" content=\"Skandinavische Lampen\" \/>\n<meta property=\"article:publisher\" content=\"https:\/\/www.facebook.com\/scandinavischelampen\/\" \/>\n<meta property=\"article:modified_time\" content=\"2025-07-25T11:21:38+00:00\" \/>\n<meta property=\"og:image\" content=\"https:\/\/i0.wp.com\/scandinavischelampen.nl\/wp-content\/uploads\/2023\/06\/IMG_9432-2-kopie-scaled.jpg?fit=1920%2C2560&ssl=1\" \/>\n\t<meta property=\"og:image:width\" content=\"1920\" \/>\n\t<meta property=\"og:image:height\" content=\"2560\" \/>\n\t<meta property=\"og:image:type\" content=\"image\/jpeg\" \/>\n<meta name=\"twitter:card\" content=\"summary_large_image\" \/>\n<meta name=\"twitter:label1\" content=\"Gesch\u00e4tzte Lesezeit\" \/>\n\t<meta name=\"twitter:data1\" content=\"3\u00a0Minuten\" \/>\n<script type=\"application\/ld+json\" class=\"yoast-schema-graph\">{\"@context\":\"https:\\\/\\\/schema.org\",\"@graph\":[{\"@type\":\"WebPage\",\"@id\":\"https:\\\/\\\/scandinavischelampen.nl\\\/de\\\/produkt\\\/jeka-metaltryk-haengelampe-mit-modell-4024-p\\\/\",\"url\":\"https:\\\/\\\/scandinavischelampen.nl\\\/de\\\/produkt\\\/jeka-metaltryk-haengelampe-mit-modell-4024-p\\\/\",\"name\":\"Jeka Metaltryk H\u00e4ngelampe Mette Modell 4024-P\",\"isPartOf\":{\"@id\":\"https:\\\/\\\/scandinavischelampen.nl\\\/de\\\/#website\"},\"primaryImageOfPage\":{\"@id\":\"https:\\\/\\\/scandinavischelampen.nl\\\/de\\\/produkt\\\/jeka-metaltryk-haengelampe-mit-modell-4024-p\\\/#primaryimage\"},\"image\":{\"@id\":\"https:\\\/\\\/scandinavischelampen.nl\\\/de\\\/produkt\\\/jeka-metaltryk-haengelampe-mit-modell-4024-p\\\/#primaryimage\"},\"thumbnailUrl\":\"https:\\\/\\\/i0.wp.com\\\/scandinavischelampen.nl\\\/wp-content\\\/uploads\\\/2023\\\/06\\\/IMG_9432-2-kopie-scaled.jpg?fit=1920%2C2560&ssl=1\",\"datePublished\":\"2023-06-28T07:11:56+00:00\",\"dateModified\":\"2025-07-25T11:21:38+00:00\",\"description\":\"Lassen Sie sich von dieser exquisiten Vintage-H\u00e4ngelampe von Jeka verzaubern, bekannt als Mette Modell 4024-P. \u221a Vintage skandinavisches Design\",\"breadcrumb\":{\"@id\":\"https:\\\/\\\/scandinavischelampen.nl\\\/de\\\/produkt\\\/jeka-metaltryk-haengelampe-mit-modell-4024-p\\\/#breadcrumb\"},\"inLanguage\":\"de\",\"potentialAction\":[{\"@type\":\"ReadAction\",\"target\":[\"https:\\\/\\\/scandinavischelampen.nl\\\/de\\\/produkt\\\/jeka-metaltryk-haengelampe-mit-modell-4024-p\\\/\"]}]},{\"@type\":\"ImageObject\",\"inLanguage\":\"de\",\"@id\":\"https:\\\/\\\/scandinavischelampen.nl\\\/de\\\/produkt\\\/jeka-metaltryk-haengelampe-mit-modell-4024-p\\\/#primaryimage\",\"url\":\"https:\\\/\\\/i0.wp.com\\\/scandinavischelampen.nl\\\/wp-content\\\/uploads\\\/2023\\\/06\\\/IMG_9432-2-kopie-scaled.jpg?fit=1920%2C2560&ssl=1\",\"contentUrl\":\"https:\\\/\\\/i0.wp.com\\\/scandinavischelampen.nl\\\/wp-content\\\/uploads\\\/2023\\\/06\\\/IMG_9432-2-kopie-scaled.jpg?fit=1920%2C2560&ssl=1\",\"width\":1920,\"height\":2560,\"caption\":\"Jeka Metaltryk H\u00e4ngelampe Mette Modell 4024-P\"},{\"@type\":\"BreadcrumbList\",\"@id\":\"https:\\\/\\\/scandinavischelampen.nl\\\/de\\\/produkt\\\/jeka-metaltryk-haengelampe-mit-modell-4024-p\\\/#breadcrumb\",\"itemListElement\":[{\"@type\":\"ListItem\",\"position\":1,\"name\":\"Home\",\"item\":\"https:\\\/\\\/scandinavischelampen.nl\\\/de\\\/\"},{\"@type\":\"ListItem\",\"position\":2,\"name\":\"Gesch\u00e4ft\",\"item\":\"https:\\\/\\\/scandinavischelampen.nl\\\/de\\\/laden\\\/\"},{\"@type\":\"ListItem\",\"position\":3,\"name\":\"Jeka Metaltryk H\u00e4ngelampe Mette Modell 4024-P\"}]},{\"@type\":\"WebSite\",\"@id\":\"https:\\\/\\\/scandinavischelampen.nl\\\/de\\\/#website\",\"url\":\"https:\\\/\\\/scandinavischelampen.nl\\\/de\\\/\",\"name\":\"Scandinavische Lampen\",\"description\":\"Vintage-Designbeleuchtung\",\"publisher\":{\"@id\":\"https:\\\/\\\/scandinavischelampen.nl\\\/de\\\/#organization\"},\"potentialAction\":[{\"@type\":\"SearchAction\",\"target\":{\"@type\":\"EntryPoint\",\"urlTemplate\":\"https:\\\/\\\/scandinavischelampen.nl\\\/de\\\/?s={search_term_string}\"},\"query-input\":{\"@type\":\"PropertyValueSpecification\",\"valueRequired\":true,\"valueName\":\"search_term_string\"}}],\"inLanguage\":\"de\"},{\"@type\":\"Organization\",\"@id\":\"https:\\\/\\\/scandinavischelampen.nl\\\/de\\\/#organization\",\"name\":\"Scandinavische Lampen\",\"url\":\"https:\\\/\\\/scandinavischelampen.nl\\\/de\\\/\",\"logo\":{\"@type\":\"ImageObject\",\"inLanguage\":\"de\",\"@id\":\"https:\\\/\\\/scandinavischelampen.nl\\\/de\\\/#\\\/schema\\\/logo\\\/image\\\/\",\"url\":\"https:\\\/\\\/i0.wp.com\\\/scandinavischelampen.nl\\\/wp-content\\\/uploads\\\/2023\\\/07\\\/cropped-Scandinavische-lampen-logo-oranje-01-scaled.png?fit=4717%2C1570&ssl=1\",\"contentUrl\":\"https:\\\/\\\/i0.wp.com\\\/scandinavischelampen.nl\\\/wp-content\\\/uploads\\\/2023\\\/07\\\/cropped-Scandinavische-lampen-logo-oranje-01-scaled.png?fit=4717%2C1570&ssl=1\",\"width\":4717,\"height\":1570,\"caption\":\"Scandinavische Lampen\"},\"image\":{\"@id\":\"https:\\\/\\\/scandinavischelampen.nl\\\/de\\\/#\\\/schema\\\/logo\\\/image\\\/\"},\"sameAs\":[\"https:\\\/\\\/www.facebook.com\\\/scandinavischelampen\\\/\",\"https:\\\/\\\/www.instagram.com\\\/scandinavische_lampen\\\/\"]}]}<\/script>\n<!-- \/ Yoast SEO plugin. -->","yoast_head_json":{"title":"Jeka Metaltryk H\u00e4ngelampe Mette Modell 4024-P","description":"Lassen Sie sich von dieser exquisiten Vintage-H\u00e4ngelampe von Jeka verzaubern, bekannt als Mette Modell 4024-P. \u221a Vintage skandinavisches Design","robots":{"index":"index","follow":"follow","max-snippet":"max-snippet:-1","max-image-preview":"max-image-preview:large","max-video-preview":"max-video-preview:-1"},"canonical":"https:\/\/scandinavischelampen.nl\/de\/produkt\/jeka-metaltryk-haengelampe-mit-modell-4024-p\/","og_locale":"de_DE","og_type":"article","og_title":"Jeka Metaltryk H\u00e4ngelampe Mette Modell 4024-P","og_description":"Lassen Sie sich von dieser exquisiten Vintage-H\u00e4ngelampe von Jeka verzaubern, bekannt als Mette Modell 4024-P. \u221a Vintage skandinavisches Design","og_url":"https:\/\/scandinavischelampen.nl\/de\/produkt\/jeka-metaltryk-haengelampe-mit-modell-4024-p\/","og_site_name":"Skandinavische Lampen","article_publisher":"https:\/\/www.facebook.com\/scandinavischelampen\/","article_modified_time":"2025-07-25T11:21:38+00:00","og_image":[{"width":1920,"height":2560,"url":"https:\/\/i0.wp.com\/scandinavischelampen.nl\/wp-content\/uploads\/2023\/06\/IMG_9432-2-kopie-scaled.jpg?fit=1920%2C2560&ssl=1","type":"image\/jpeg"}],"twitter_card":"summary_large_image","twitter_misc":{"Gesch\u00e4tzte Lesezeit":"3\u00a0Minuten"},"schema":{"@context":"https:\/\/schema.org","@graph":[{"@type":"WebPage","@id":"https:\/\/scandinavischelampen.nl\/de\/produkt\/jeka-metaltryk-haengelampe-mit-modell-4024-p\/","url":"https:\/\/scandinavischelampen.nl\/de\/produkt\/jeka-metaltryk-haengelampe-mit-modell-4024-p\/","name":"Jeka Metaltryk H\u00e4ngelampe Mette Modell 4024-P","isPartOf":{"@id":"https:\/\/scandinavischelampen.nl\/de\/#website"},"primaryImageOfPage":{"@id":"https:\/\/scandinavischelampen.nl\/de\/produkt\/jeka-metaltryk-haengelampe-mit-modell-4024-p\/#primaryimage"},"image":{"@id":"https:\/\/scandinavischelampen.nl\/de\/produkt\/jeka-metaltryk-haengelampe-mit-modell-4024-p\/#primaryimage"},"thumbnailUrl":"https:\/\/i0.wp.com\/scandinavischelampen.nl\/wp-content\/uploads\/2023\/06\/IMG_9432-2-kopie-scaled.jpg?fit=1920%2C2560&ssl=1","datePublished":"2023-06-28T07:11:56+00:00","dateModified":"2025-07-25T11:21:38+00:00","description":"Lassen Sie sich von dieser exquisiten Vintage-H\u00e4ngelampe von Jeka verzaubern, bekannt als Mette Modell 4024-P. \u221a Vintage skandinavisches Design","breadcrumb":{"@id":"https:\/\/scandinavischelampen.nl\/de\/produkt\/jeka-metaltryk-haengelampe-mit-modell-4024-p\/#breadcrumb"},"inLanguage":"de","potentialAction":[{"@type":"ReadAction","target":["https:\/\/scandinavischelampen.nl\/de\/produkt\/jeka-metaltryk-haengelampe-mit-modell-4024-p\/"]}]},{"@type":"ImageObject","inLanguage":"de","@id":"https:\/\/scandinavischelampen.nl\/de\/produkt\/jeka-metaltryk-haengelampe-mit-modell-4024-p\/#primaryimage","url":"https:\/\/i0.wp.com\/scandinavischelampen.nl\/wp-content\/uploads\/2023\/06\/IMG_9432-2-kopie-scaled.jpg?fit=1920%2C2560&ssl=1","contentUrl":"https:\/\/i0.wp.com\/scandinavischelampen.nl\/wp-content\/uploads\/2023\/06\/IMG_9432-2-kopie-scaled.jpg?fit=1920%2C2560&ssl=1","width":1920,"height":2560,"caption":"Jeka Metaltryk H\u00e4ngelampe Mette Modell 4024-P"},{"@type":"BreadcrumbList","@id":"https:\/\/scandinavischelampen.nl\/de\/produkt\/jeka-metaltryk-haengelampe-mit-modell-4024-p\/#breadcrumb","itemListElement":[{"@type":"ListItem","position":1,"name":"Home","item":"https:\/\/scandinavischelampen.nl\/de\/"},{"@type":"ListItem","position":2,"name":"Gesch\u00e4ft","item":"https:\/\/scandinavischelampen.nl\/de\/laden\/"},{"@type":"ListItem","position":3,"name":"Jeka Metaltryk H\u00e4ngelampe Mette Modell 4024-P"}]},{"@type":"WebSite","@id":"https:\/\/scandinavischelampen.nl\/de\/#website","url":"https:\/\/scandinavischelampen.nl\/de\/","name":"Scandinavische Lampen","description":"Vintage-Designbeleuchtung","publisher":{"@id":"https:\/\/scandinavischelampen.nl\/de\/#organization"},"potentialAction":[{"@type":"SearchAction","target":{"@type":"EntryPoint","urlTemplate":"https:\/\/scandinavischelampen.nl\/de\/?s={search_term_string}"},"query-input":{"@type":"PropertyValueSpecification","valueRequired":true,"valueName":"search_term_string"}}],"inLanguage":"de"},{"@type":"Organization","@id":"https:\/\/scandinavischelampen.nl\/de\/#organization","name":"Scandinavische Lampen","url":"https:\/\/scandinavischelampen.nl\/de\/","logo":{"@type":"ImageObject","inLanguage":"de","@id":"https:\/\/scandinavischelampen.nl\/de\/#\/schema\/logo\/image\/","url":"https:\/\/i0.wp.com\/scandinavischelampen.nl\/wp-content\/uploads\/2023\/07\/cropped-Scandinavische-lampen-logo-oranje-01-scaled.png?fit=4717%2C1570&ssl=1","contentUrl":"https:\/\/i0.wp.com\/scandinavischelampen.nl\/wp-content\/uploads\/2023\/07\/cropped-Scandinavische-lampen-logo-oranje-01-scaled.png?fit=4717%2C1570&ssl=1","width":4717,"height":1570,"caption":"Scandinavische Lampen"},"image":{"@id":"https:\/\/scandinavischelampen.nl\/de\/#\/schema\/logo\/image\/"},"sameAs":["https:\/\/www.facebook.com\/scandinavischelampen\/","https:\/\/www.instagram.com\/scandinavische_lampen\/"]}]}},"uagb_featured_image_src":{"full":["https:\/\/i0.wp.com\/scandinavischelampen.nl\/wp-content\/uploads\/2023\/06\/IMG_9432-2-kopie-scaled.jpg?fit=1920%2C2560&ssl=1",1920,2560,false],"thumbnail":["https:\/\/i0.wp.com\/scandinavischelampen.nl\/wp-content\/uploads\/2023\/06\/IMG_9432-2-kopie-scaled.jpg?resize=150%2C150&ssl=1",150,150,true],"medium":["https:\/\/i0.wp.com\/scandinavischelampen.nl\/wp-content\/uploads\/2023\/06\/IMG_9432-2-kopie-scaled.jpg?fit=225%2C300&ssl=1",225,300,true],"medium_large":["https:\/\/i0.wp.com\/scandinavischelampen.nl\/wp-content\/uploads\/2023\/06\/IMG_9432-2-kopie-scaled.jpg?fit=768%2C1024&ssl=1",768,1024,true],"large":["https:\/\/i0.wp.com\/scandinavischelampen.nl\/wp-content\/uploads\/2023\/06\/IMG_9432-2-kopie-scaled.jpg?fit=768%2C1024&ssl=1",768,1024,true],"1536x1536":["https:\/\/i0.wp.com\/scandinavischelampen.nl\/wp-content\/uploads\/2023\/06\/IMG_9432-2-kopie-scaled.jpg?fit=1152%2C1536&ssl=1",1152,1536,true],"2048x2048":["https:\/\/i0.wp.com\/scandinavischelampen.nl\/wp-content\/uploads\/2023\/06\/IMG_9432-2-kopie-scaled.jpg?fit=1536%2C2048&ssl=1",1536,2048,true],"woocommerce_thumbnail":["https:\/\/i0.wp.com\/scandinavischelampen.nl\/wp-content\/uploads\/2023\/06\/IMG_9432-2-kopie-scaled.jpg?resize=300%2C300&ssl=1",300,300,true],"woocommerce_single":["https:\/\/i0.wp.com\/scandinavischelampen.nl\/wp-content\/uploads\/2023\/06\/IMG_9432-2-kopie-scaled.jpg?fit=600%2C800&ssl=1",600,800,true],"woocommerce_gallery_thumbnail":["https:\/\/i0.wp.com\/scandinavischelampen.nl\/wp-content\/uploads\/2023\/06\/IMG_9432-2-kopie-scaled.jpg?resize=100%2C100&ssl=1",100,100,true],"thaps-thumb-img":["https:\/\/i0.wp.com\/scandinavischelampen.nl\/wp-content\/uploads\/2023\/06\/IMG_9432-2-kopie-scaled.jpg?resize=48%2C64&ssl=1",48,64,true]},"uagb_author_info":{"display_name":"administrator","author_link":"https:\/\/scandinavischelampen.nl\/de\/author\/"},"uagb_comment_info":0,"uagb_excerpt":"\u221a Kostenloser Versand in Europa ab \u20ac350 \u221a Bestellt vor 16:00 Uhr? Normalerweise am selben Tag versandt \u221a 14 Tage Bedenkzeit \u221a Geeignet f\u00fcr LED H\u00f6he: 20 cm Durchmesser: 24 cm","jetpack_sharing_enabled":true,"_links":{"self":[{"href":"https:\/\/scandinavischelampen.nl\/de\/wp-json\/wp\/v2\/product\/21681","targetHints":{"allow":["GET"]}}],"collection":[{"href":"https:\/\/scandinavischelampen.nl\/de\/wp-json\/wp\/v2\/product"}],"about":[{"href":"https:\/\/scandinavischelampen.nl\/de\/wp-json\/wp\/v2\/types\/product"}],"wp:featuredmedia":[{"embeddable":true,"href":"https:\/\/scandinavischelampen.nl\/de\/wp-json\/wp\/v2\/media\/59034"}],"wp:attachment":[{"href":"https:\/\/scandinavischelampen.nl\/de\/wp-json\/wp\/v2\/media?parent=21681"}],"wp:term":[{"taxonomy":"product_brand","embeddable":true,"href":"https:\/\/scandinavischelampen.nl\/de\/wp-json\/wp\/v2\/product_brand?post=21681"},{"taxonomy":"product_cat","embeddable":true,"href":"https:\/\/scandinavischelampen.nl\/de\/wp-json\/wp\/v2\/product_cat?post=21681"},{"taxonomy":"product_tag","embeddable":true,"href":"https:\/\/scandinavischelampen.nl\/de\/wp-json\/wp\/v2\/product_tag?post=21681"}],"curies":[{"name":"wp","href":"https:\/\/api.w.org\/{rel}","templated":true}]}}