{"id":21632,"date":"2023-06-28T09:12:18","date_gmt":"2023-06-28T07:12:18","guid":{"rendered":"https:\/\/v2.scandinavischelampen.nl\/product\/skandinavische-haengelampe-weiss\/"},"modified":"2025-02-05T08:36:11","modified_gmt":"2025-02-05T07:36:11","slug":"skandinavische-haengelampe-weiss-3","status":"publish","type":"product","link":"https:\/\/scandinavischelampen.nl\/de\/produkt\/skandinavische-haengelampe-weiss-3\/","title":{"rendered":"Skandinavische H\u00e4ngelampe wei\u00df"},"content":{"rendered":"<h1>Skandinavische H\u00e4ngelampe wei\u00df<\/h1>\n<p>Diese skandinavische Vintage-H\u00e4ngelampe in der Farbe Wei\u00df zeichnet sich durch ihr verspieltes Design aus. Die Schichten sorgen f\u00fcr eine spielerische Lichtverteilung nach unten und zur Seite. Suchen Sie eine Leuchte f\u00fcr \u00fcber Ihrem Esstisch oder in Ihrer K\u00fcche? Dann ist dieses hier auf jeden Fall geeignet.<\/p>\n<h2>Zustand<\/h2>\n<p>Die Lampe ist ca. 35 Jahre alt und in gutem Zustand mit leichten Gebrauchsspuren. Der Aufkleber des Herstellers ist nicht vorhanden. Daher ist es leider nicht m\u00f6glich herauszufinden, wer diese Lampe hergestellt hat.<\/p>\n<p>Diese Lampe ist nicht nur eine \u00e4sthetische Erg\u00e4nzung; es ist auch eine bewusste Wahl f\u00fcr die Umwelt. Hole nicht nur ein St\u00fcck d\u00e4nisches Design in dein Zuhause, sondern trage auch zu einer gr\u00fcneren Welt bei. Mit dieser Lampe setzt du nicht nur ein Statement des Stils, sondern auch des Umweltbewusstseins. Entscheide dich f\u00fcr Beleuchtung mit einer Geschichte und einer Wirkung.<\/p>\n<h2>Spezifikationen Skandinavische Pendelleuchte wei\u00df<\/h2>\n<ul>\n<li>Durchmesser: 34 cm<\/li>\n<li>H\u00f6he: 15 cm<\/li>\n<li>Gesamth\u00f6he mit Kordel 100 cm (bei der Montage anpassbar)<\/li>\n<li>Material: Stahl<\/li>\n<li>Farbe Kabel: wei\u00df<\/li>\n<li>Maximale Wattzahl: 60 W<\/li>\n<li>Fassung: E27<\/li>\n<li>F\u00fcr LED-Lampen geeignet<\/li>\n<li>Gewicht: 0,9 kg<\/li>\n<\/ul>\n<h2>Geeignet f\u00fcr LED und dimmbar<\/h2>\n<p>Bei den aktuellen Energietarifen ist die Energieeinsparung ein wichtiger Punkt. Diese H\u00e4ngelampe enth\u00e4lt eine E27-Fassung. Dadurch eignet es sich f\u00fcr LED-Lampen und sogar f\u00fcr smarte Beleuchtung. Die Lampe kann auch in Kombination mit einem Dimmer verwendet werden.<\/p>\n<h2>Unser Lagerbestand<\/h2>\n<p>Die angebotenen Leuchten sind immer ab Lager lieferbar. Das bedeutet, dass wir Ihre Bestellung oft noch am selben oder am n\u00e4chsten Werktag versenden. Bitte beachten Sie, dass wir nur einen Artikel auf Lager haben. Da wir ausschlie\u00dflich Vintage-Lampen verkaufen, ist es ungewiss, ob wir diese Lampe in Zukunft noch einmal erhalten werden.<span style=\"color: #ff6600;\"> <a style=\"color: #ff6600;\" href=\"https:\/\/scandinavischelampen.nl\/product-categorie\/verlichting\/hanglampen\/\">Sehen Sie sich hier unsere komplette Kollektion an Vintage-Pendelleuchten an.<\/a><\/span><\/p>\n<h2>Versandoptionen<\/h2>\n<p>Weltweit ist es m\u00f6glich, bei uns zu bestellen. Wir versenden die Lampe sorgf\u00e4ltig verpackt in dicker Luftpolsterfolie und registriert in doppellagigen Kartons. Sobald Ihr Paket versendet wurde, erhalten Sie eine E-Mail von Post NL. Hier finden Sie die Track-Trace-Informationen, mit denen Sie das Paket bis zu Ihrer Haust\u00fcr verfolgen k\u00f6nnen. Nach Erhalt Ihrer Bestellung haben Sie 14 Tage Bedenkzeit.<\/p>\n","protected":false},"excerpt":{"rendered":"<p><strong><span style=\"color: #00ff00;\">\u221a<\/span> <span style=\"color: #ff6600;\">Kostenloser Versand in Europa ab \u20ac350<\/span><br \/>\n<\/strong><strong><span style=\"color: #00ff00;\">\u221a<\/span> Bestellt vor <span style=\"color: #ff6600;\">16:00 Uhr<\/span>? Normalerweise am selben Tag versandt<br \/>\n<\/strong><strong><span style=\"color: #00ff00;\">\u221a<\/span> <span style=\"color: #ff6600;\">14 Tage<\/span> Bedenkzeit<br \/>\n<\/strong><strong><span style=\"color: #00ff00;\">\u221a<\/span> Geeignet f\u00fcr <span style=\"color: #ff6600;\">LED<\/span><\/strong><\/p>\n<ul>\n<li><strong>Durchmesser: 34 cm<\/strong><\/li>\n<li><strong>H\u00f6he: 15 cm<\/strong><\/li>\n<\/ul>\n","protected":false},"featured_media":54565,"template":"","meta":{"_uag_custom_page_level_css":"","site-sidebar-layout":"default","site-content-layout":"default","ast-site-content-layout":"default","site-content-style":"default","site-sidebar-style":"default","ast-global-header-display":"","ast-banner-title-visibility":"","ast-main-header-display":"","ast-hfb-above-header-display":"","ast-hfb-below-header-display":"","ast-hfb-mobile-header-display":"","site-post-title":"","ast-breadcrumbs-content":"","ast-featured-img":"","footer-sml-layout":"","ast-disable-related-posts":"","theme-transparent-header-meta":"default","adv-header-id-meta":"","stick-header-meta":"","header-above-stick-meta":"","header-main-stick-meta":"","header-below-stick-meta":"","astra-migrate-meta-layouts":"default","ast-page-background-enabled":"default","ast-page-background-meta":{"desktop":{"background-color":"var(--ast-global-color-4)","background-image":"","background-repeat":"repeat","background-position":"center center","background-size":"auto","background-attachment":"scroll","background-type":"","background-media":"","overlay-type":"","overlay-color":"","overlay-opacity":"","overlay-gradient":""},"tablet":{"background-color":"","background-image":"","background-repeat":"repeat","background-position":"center center","background-size":"auto","background-attachment":"scroll","background-type":"","background-media":"","overlay-type":"","overlay-color":"","overlay-opacity":"","overlay-gradient":""},"mobile":{"background-color":"","background-image":"","background-repeat":"repeat","background-position":"center center","background-size":"auto","background-attachment":"scroll","background-type":"","background-media":"","overlay-type":"","overlay-color":"","overlay-opacity":"","overlay-gradient":""}},"ast-content-background-meta":{"desktop":{"background-color":"var(--ast-global-color-5)","background-image":"","background-repeat":"repeat","background-position":"center center","background-size":"auto","background-attachment":"scroll","background-type":"","background-media":"","overlay-type":"","overlay-color":"","overlay-opacity":"","overlay-gradient":""},"tablet":{"background-color":"var(--ast-global-color-5)","background-image":"","background-repeat":"repeat","background-position":"center center","background-size":"auto","background-attachment":"scroll","background-type":"","background-media":"","overlay-type":"","overlay-color":"","overlay-opacity":"","overlay-gradient":""},"mobile":{"background-color":"var(--ast-global-color-5)","background-image":"","background-repeat":"repeat","background-position":"center center","background-size":"auto","background-attachment":"scroll","background-type":"","background-media":"","overlay-type":"","overlay-color":"","overlay-opacity":"","overlay-gradient":""}}},"product_brand":[],"product_cat":[243,247,245,248,605,249],"product_tag":[252],"class_list":{"0":"post-21632","1":"product","2":"type-product","3":"status-publish","4":"has-post-thumbnail","6":"product_cat-skandinavische-pendelleuchten","7":"product_cat-kuche","8":"product_cat-pendelleuchte-esstisch","9":"product_cat-schlafzimmer","10":"product_cat-sehen-sie-sich-unsere-komplette-kollektion-an","11":"product_cat-wohnzimmer","12":"product_tag-weiss","13":"desktop-align-center","14":"tablet-align-left","15":"mobile-align-left","17":"first","18":"instock","19":"taxable","20":"shipping-taxable","21":"purchasable","22":"product-type-simple"},"yoast_head":"<!-- This site is optimized with the Yoast SEO plugin v27.4 - https:\/\/yoast.com\/product\/yoast-seo-wordpress\/ -->\n<title>Skandinavische H\u00e4ngelampe wei\u00df - Vintage<\/title>\n<meta name=\"description\" content=\"Wundersch\u00f6ne skandinavische Vintage-Pendelleuchte in der Farbe Wei\u00df. Suchen Sie eine separate Lampe \u00fcber Ihrem Esstisch? Dann schauen Sie hier \u221aSchneller Versand\" \/>\n<meta name=\"robots\" content=\"index, follow, max-snippet:-1, max-image-preview:large, max-video-preview:-1\" \/>\n<link rel=\"canonical\" href=\"https:\/\/scandinavischelampen.nl\/de\/produkt\/skandinavische-haengelampe-weiss-3\/\" \/>\n<meta property=\"og:locale\" content=\"de_DE\" \/>\n<meta property=\"og:type\" content=\"article\" \/>\n<meta property=\"og:title\" content=\"Skandinavische H\u00e4ngelampe wei\u00df - Vintage\" \/>\n<meta property=\"og:description\" content=\"Wundersch\u00f6ne skandinavische Vintage-Pendelleuchte in der Farbe Wei\u00df. Suchen Sie eine separate Lampe \u00fcber Ihrem Esstisch? Dann schauen Sie hier \u221aSchneller Versand\" \/>\n<meta property=\"og:url\" content=\"https:\/\/scandinavischelampen.nl\/de\/produkt\/skandinavische-haengelampe-weiss-3\/\" \/>\n<meta property=\"og:site_name\" content=\"Skandinavische Lampen\" \/>\n<meta property=\"article:publisher\" content=\"https:\/\/www.facebook.com\/scandinavischelampen\/\" \/>\n<meta property=\"article:modified_time\" content=\"2025-02-05T07:36:11+00:00\" \/>\n<meta property=\"og:image\" content=\"https:\/\/i0.wp.com\/scandinavischelampen.nl\/wp-content\/uploads\/2023\/06\/Optimized-IMG_6272.jpg?fit=675%2C900&ssl=1\" \/>\n\t<meta property=\"og:image:width\" content=\"675\" \/>\n\t<meta property=\"og:image:height\" content=\"900\" \/>\n\t<meta property=\"og:image:type\" content=\"image\/jpeg\" \/>\n<meta name=\"twitter:card\" content=\"summary_large_image\" \/>\n<meta name=\"twitter:label1\" content=\"Gesch\u00e4tzte Lesezeit\" \/>\n\t<meta name=\"twitter:data1\" content=\"2\u00a0Minuten\" \/>\n<script type=\"application\/ld+json\" class=\"yoast-schema-graph\">{\"@context\":\"https:\\\/\\\/schema.org\",\"@graph\":[{\"@type\":\"WebPage\",\"@id\":\"https:\\\/\\\/scandinavischelampen.nl\\\/de\\\/produkt\\\/skandinavische-haengelampe-weiss-3\\\/\",\"url\":\"https:\\\/\\\/scandinavischelampen.nl\\\/de\\\/produkt\\\/skandinavische-haengelampe-weiss-3\\\/\",\"name\":\"Skandinavische H\u00e4ngelampe wei\u00df - Vintage\",\"isPartOf\":{\"@id\":\"https:\\\/\\\/scandinavischelampen.nl\\\/de\\\/#website\"},\"primaryImageOfPage\":{\"@id\":\"https:\\\/\\\/scandinavischelampen.nl\\\/de\\\/produkt\\\/skandinavische-haengelampe-weiss-3\\\/#primaryimage\"},\"image\":{\"@id\":\"https:\\\/\\\/scandinavischelampen.nl\\\/de\\\/produkt\\\/skandinavische-haengelampe-weiss-3\\\/#primaryimage\"},\"thumbnailUrl\":\"https:\\\/\\\/i0.wp.com\\\/scandinavischelampen.nl\\\/wp-content\\\/uploads\\\/2023\\\/06\\\/Optimized-IMG_6272.jpg?fit=675%2C900&ssl=1\",\"datePublished\":\"2023-06-28T07:12:18+00:00\",\"dateModified\":\"2025-02-05T07:36:11+00:00\",\"description\":\"Wundersch\u00f6ne skandinavische Vintage-Pendelleuchte in der Farbe Wei\u00df. Suchen Sie eine separate Lampe \u00fcber Ihrem Esstisch? Dann schauen Sie hier \u221aSchneller Versand\",\"breadcrumb\":{\"@id\":\"https:\\\/\\\/scandinavischelampen.nl\\\/de\\\/produkt\\\/skandinavische-haengelampe-weiss-3\\\/#breadcrumb\"},\"inLanguage\":\"de\",\"potentialAction\":[{\"@type\":\"ReadAction\",\"target\":[\"https:\\\/\\\/scandinavischelampen.nl\\\/de\\\/produkt\\\/skandinavische-haengelampe-weiss-3\\\/\"]}]},{\"@type\":\"ImageObject\",\"inLanguage\":\"de\",\"@id\":\"https:\\\/\\\/scandinavischelampen.nl\\\/de\\\/produkt\\\/skandinavische-haengelampe-weiss-3\\\/#primaryimage\",\"url\":\"https:\\\/\\\/i0.wp.com\\\/scandinavischelampen.nl\\\/wp-content\\\/uploads\\\/2023\\\/06\\\/Optimized-IMG_6272.jpg?fit=675%2C900&ssl=1\",\"contentUrl\":\"https:\\\/\\\/i0.wp.com\\\/scandinavischelampen.nl\\\/wp-content\\\/uploads\\\/2023\\\/06\\\/Optimized-IMG_6272.jpg?fit=675%2C900&ssl=1\",\"width\":675,\"height\":900,\"caption\":\"Skandinavische H\u00e4ngelampe wei\u00df\"},{\"@type\":\"BreadcrumbList\",\"@id\":\"https:\\\/\\\/scandinavischelampen.nl\\\/de\\\/produkt\\\/skandinavische-haengelampe-weiss-3\\\/#breadcrumb\",\"itemListElement\":[{\"@type\":\"ListItem\",\"position\":1,\"name\":\"Home\",\"item\":\"https:\\\/\\\/scandinavischelampen.nl\\\/de\\\/\"},{\"@type\":\"ListItem\",\"position\":2,\"name\":\"Gesch\u00e4ft\",\"item\":\"https:\\\/\\\/scandinavischelampen.nl\\\/de\\\/laden\\\/\"},{\"@type\":\"ListItem\",\"position\":3,\"name\":\"Skandinavische H\u00e4ngelampe wei\u00df\"}]},{\"@type\":\"WebSite\",\"@id\":\"https:\\\/\\\/scandinavischelampen.nl\\\/de\\\/#website\",\"url\":\"https:\\\/\\\/scandinavischelampen.nl\\\/de\\\/\",\"name\":\"Scandinavische Lampen\",\"description\":\"Vintage-Designbeleuchtung\",\"publisher\":{\"@id\":\"https:\\\/\\\/scandinavischelampen.nl\\\/de\\\/#organization\"},\"potentialAction\":[{\"@type\":\"SearchAction\",\"target\":{\"@type\":\"EntryPoint\",\"urlTemplate\":\"https:\\\/\\\/scandinavischelampen.nl\\\/de\\\/?s={search_term_string}\"},\"query-input\":{\"@type\":\"PropertyValueSpecification\",\"valueRequired\":true,\"valueName\":\"search_term_string\"}}],\"inLanguage\":\"de\"},{\"@type\":\"Organization\",\"@id\":\"https:\\\/\\\/scandinavischelampen.nl\\\/de\\\/#organization\",\"name\":\"Scandinavische Lampen\",\"url\":\"https:\\\/\\\/scandinavischelampen.nl\\\/de\\\/\",\"logo\":{\"@type\":\"ImageObject\",\"inLanguage\":\"de\",\"@id\":\"https:\\\/\\\/scandinavischelampen.nl\\\/de\\\/#\\\/schema\\\/logo\\\/image\\\/\",\"url\":\"https:\\\/\\\/i0.wp.com\\\/scandinavischelampen.nl\\\/wp-content\\\/uploads\\\/2023\\\/07\\\/cropped-Scandinavische-lampen-logo-oranje-01-scaled.png?fit=4717%2C1570&ssl=1\",\"contentUrl\":\"https:\\\/\\\/i0.wp.com\\\/scandinavischelampen.nl\\\/wp-content\\\/uploads\\\/2023\\\/07\\\/cropped-Scandinavische-lampen-logo-oranje-01-scaled.png?fit=4717%2C1570&ssl=1\",\"width\":4717,\"height\":1570,\"caption\":\"Scandinavische Lampen\"},\"image\":{\"@id\":\"https:\\\/\\\/scandinavischelampen.nl\\\/de\\\/#\\\/schema\\\/logo\\\/image\\\/\"},\"sameAs\":[\"https:\\\/\\\/www.facebook.com\\\/scandinavischelampen\\\/\",\"https:\\\/\\\/www.instagram.com\\\/scandinavische_lampen\\\/\"]}]}<\/script>\n<!-- \/ Yoast SEO plugin. -->","yoast_head_json":{"title":"Skandinavische H\u00e4ngelampe wei\u00df - Vintage","description":"Wundersch\u00f6ne skandinavische Vintage-Pendelleuchte in der Farbe Wei\u00df. Suchen Sie eine separate Lampe \u00fcber Ihrem Esstisch? Dann schauen Sie hier \u221aSchneller Versand","robots":{"index":"index","follow":"follow","max-snippet":"max-snippet:-1","max-image-preview":"max-image-preview:large","max-video-preview":"max-video-preview:-1"},"canonical":"https:\/\/scandinavischelampen.nl\/de\/produkt\/skandinavische-haengelampe-weiss-3\/","og_locale":"de_DE","og_type":"article","og_title":"Skandinavische H\u00e4ngelampe wei\u00df - Vintage","og_description":"Wundersch\u00f6ne skandinavische Vintage-Pendelleuchte in der Farbe Wei\u00df. Suchen Sie eine separate Lampe \u00fcber Ihrem Esstisch? Dann schauen Sie hier \u221aSchneller Versand","og_url":"https:\/\/scandinavischelampen.nl\/de\/produkt\/skandinavische-haengelampe-weiss-3\/","og_site_name":"Skandinavische Lampen","article_publisher":"https:\/\/www.facebook.com\/scandinavischelampen\/","article_modified_time":"2025-02-05T07:36:11+00:00","og_image":[{"width":675,"height":900,"url":"https:\/\/i0.wp.com\/scandinavischelampen.nl\/wp-content\/uploads\/2023\/06\/Optimized-IMG_6272.jpg?fit=675%2C900&ssl=1","type":"image\/jpeg"}],"twitter_card":"summary_large_image","twitter_misc":{"Gesch\u00e4tzte Lesezeit":"2\u00a0Minuten"},"schema":{"@context":"https:\/\/schema.org","@graph":[{"@type":"WebPage","@id":"https:\/\/scandinavischelampen.nl\/de\/produkt\/skandinavische-haengelampe-weiss-3\/","url":"https:\/\/scandinavischelampen.nl\/de\/produkt\/skandinavische-haengelampe-weiss-3\/","name":"Skandinavische H\u00e4ngelampe wei\u00df - Vintage","isPartOf":{"@id":"https:\/\/scandinavischelampen.nl\/de\/#website"},"primaryImageOfPage":{"@id":"https:\/\/scandinavischelampen.nl\/de\/produkt\/skandinavische-haengelampe-weiss-3\/#primaryimage"},"image":{"@id":"https:\/\/scandinavischelampen.nl\/de\/produkt\/skandinavische-haengelampe-weiss-3\/#primaryimage"},"thumbnailUrl":"https:\/\/i0.wp.com\/scandinavischelampen.nl\/wp-content\/uploads\/2023\/06\/Optimized-IMG_6272.jpg?fit=675%2C900&ssl=1","datePublished":"2023-06-28T07:12:18+00:00","dateModified":"2025-02-05T07:36:11+00:00","description":"Wundersch\u00f6ne skandinavische Vintage-Pendelleuchte in der Farbe Wei\u00df. Suchen Sie eine separate Lampe \u00fcber Ihrem Esstisch? Dann schauen Sie hier \u221aSchneller Versand","breadcrumb":{"@id":"https:\/\/scandinavischelampen.nl\/de\/produkt\/skandinavische-haengelampe-weiss-3\/#breadcrumb"},"inLanguage":"de","potentialAction":[{"@type":"ReadAction","target":["https:\/\/scandinavischelampen.nl\/de\/produkt\/skandinavische-haengelampe-weiss-3\/"]}]},{"@type":"ImageObject","inLanguage":"de","@id":"https:\/\/scandinavischelampen.nl\/de\/produkt\/skandinavische-haengelampe-weiss-3\/#primaryimage","url":"https:\/\/i0.wp.com\/scandinavischelampen.nl\/wp-content\/uploads\/2023\/06\/Optimized-IMG_6272.jpg?fit=675%2C900&ssl=1","contentUrl":"https:\/\/i0.wp.com\/scandinavischelampen.nl\/wp-content\/uploads\/2023\/06\/Optimized-IMG_6272.jpg?fit=675%2C900&ssl=1","width":675,"height":900,"caption":"Skandinavische H\u00e4ngelampe wei\u00df"},{"@type":"BreadcrumbList","@id":"https:\/\/scandinavischelampen.nl\/de\/produkt\/skandinavische-haengelampe-weiss-3\/#breadcrumb","itemListElement":[{"@type":"ListItem","position":1,"name":"Home","item":"https:\/\/scandinavischelampen.nl\/de\/"},{"@type":"ListItem","position":2,"name":"Gesch\u00e4ft","item":"https:\/\/scandinavischelampen.nl\/de\/laden\/"},{"@type":"ListItem","position":3,"name":"Skandinavische H\u00e4ngelampe wei\u00df"}]},{"@type":"WebSite","@id":"https:\/\/scandinavischelampen.nl\/de\/#website","url":"https:\/\/scandinavischelampen.nl\/de\/","name":"Scandinavische Lampen","description":"Vintage-Designbeleuchtung","publisher":{"@id":"https:\/\/scandinavischelampen.nl\/de\/#organization"},"potentialAction":[{"@type":"SearchAction","target":{"@type":"EntryPoint","urlTemplate":"https:\/\/scandinavischelampen.nl\/de\/?s={search_term_string}"},"query-input":{"@type":"PropertyValueSpecification","valueRequired":true,"valueName":"search_term_string"}}],"inLanguage":"de"},{"@type":"Organization","@id":"https:\/\/scandinavischelampen.nl\/de\/#organization","name":"Scandinavische Lampen","url":"https:\/\/scandinavischelampen.nl\/de\/","logo":{"@type":"ImageObject","inLanguage":"de","@id":"https:\/\/scandinavischelampen.nl\/de\/#\/schema\/logo\/image\/","url":"https:\/\/i0.wp.com\/scandinavischelampen.nl\/wp-content\/uploads\/2023\/07\/cropped-Scandinavische-lampen-logo-oranje-01-scaled.png?fit=4717%2C1570&ssl=1","contentUrl":"https:\/\/i0.wp.com\/scandinavischelampen.nl\/wp-content\/uploads\/2023\/07\/cropped-Scandinavische-lampen-logo-oranje-01-scaled.png?fit=4717%2C1570&ssl=1","width":4717,"height":1570,"caption":"Scandinavische Lampen"},"image":{"@id":"https:\/\/scandinavischelampen.nl\/de\/#\/schema\/logo\/image\/"},"sameAs":["https:\/\/www.facebook.com\/scandinavischelampen\/","https:\/\/www.instagram.com\/scandinavische_lampen\/"]}]}},"uagb_featured_image_src":{"full":["https:\/\/i0.wp.com\/scandinavischelampen.nl\/wp-content\/uploads\/2023\/06\/Optimized-IMG_6272.jpg?fit=675%2C900&ssl=1",675,900,false],"thumbnail":["https:\/\/i0.wp.com\/scandinavischelampen.nl\/wp-content\/uploads\/2023\/06\/Optimized-IMG_6272.jpg?resize=150%2C150&ssl=1",150,150,true],"medium":["https:\/\/i0.wp.com\/scandinavischelampen.nl\/wp-content\/uploads\/2023\/06\/Optimized-IMG_6272.jpg?fit=225%2C300&ssl=1",225,300,true],"medium_large":["https:\/\/i0.wp.com\/scandinavischelampen.nl\/wp-content\/uploads\/2023\/06\/Optimized-IMG_6272.jpg?fit=675%2C900&ssl=1",675,900,true],"large":["https:\/\/i0.wp.com\/scandinavischelampen.nl\/wp-content\/uploads\/2023\/06\/Optimized-IMG_6272.jpg?fit=675%2C900&ssl=1",675,900,true],"1536x1536":["https:\/\/i0.wp.com\/scandinavischelampen.nl\/wp-content\/uploads\/2023\/06\/Optimized-IMG_6272.jpg?fit=675%2C900&ssl=1",675,900,true],"2048x2048":["https:\/\/i0.wp.com\/scandinavischelampen.nl\/wp-content\/uploads\/2023\/06\/Optimized-IMG_6272.jpg?fit=675%2C900&ssl=1",675,900,true],"woocommerce_thumbnail":["https:\/\/i0.wp.com\/scandinavischelampen.nl\/wp-content\/uploads\/2023\/06\/Optimized-IMG_6272.jpg?resize=300%2C300&ssl=1",300,300,true],"woocommerce_single":["https:\/\/i0.wp.com\/scandinavischelampen.nl\/wp-content\/uploads\/2023\/06\/Optimized-IMG_6272.jpg?fit=600%2C800&ssl=1",600,800,true],"woocommerce_gallery_thumbnail":["https:\/\/i0.wp.com\/scandinavischelampen.nl\/wp-content\/uploads\/2023\/06\/Optimized-IMG_6272.jpg?resize=100%2C100&ssl=1",100,100,true],"thaps-thumb-img":["https:\/\/i0.wp.com\/scandinavischelampen.nl\/wp-content\/uploads\/2023\/06\/Optimized-IMG_6272.jpg?resize=48%2C64&ssl=1",48,64,true]},"uagb_author_info":{"display_name":"administrator","author_link":"https:\/\/scandinavischelampen.nl\/de\/author\/"},"uagb_comment_info":0,"uagb_excerpt":"\u221a Kostenloser Versand in Europa ab \u20ac350 \u221a Bestellt vor 16:00 Uhr? Normalerweise am selben Tag versandt \u221a 14 Tage Bedenkzeit \u221a Geeignet f\u00fcr LED Durchmesser: 34 cm H\u00f6he: 15 cm","jetpack_sharing_enabled":true,"_links":{"self":[{"href":"https:\/\/scandinavischelampen.nl\/de\/wp-json\/wp\/v2\/product\/21632","targetHints":{"allow":["GET"]}}],"collection":[{"href":"https:\/\/scandinavischelampen.nl\/de\/wp-json\/wp\/v2\/product"}],"about":[{"href":"https:\/\/scandinavischelampen.nl\/de\/wp-json\/wp\/v2\/types\/product"}],"wp:featuredmedia":[{"embeddable":true,"href":"https:\/\/scandinavischelampen.nl\/de\/wp-json\/wp\/v2\/media\/54565"}],"wp:attachment":[{"href":"https:\/\/scandinavischelampen.nl\/de\/wp-json\/wp\/v2\/media?parent=21632"}],"wp:term":[{"taxonomy":"product_brand","embeddable":true,"href":"https:\/\/scandinavischelampen.nl\/de\/wp-json\/wp\/v2\/product_brand?post=21632"},{"taxonomy":"product_cat","embeddable":true,"href":"https:\/\/scandinavischelampen.nl\/de\/wp-json\/wp\/v2\/product_cat?post=21632"},{"taxonomy":"product_tag","embeddable":true,"href":"https:\/\/scandinavischelampen.nl\/de\/wp-json\/wp\/v2\/product_tag?post=21632"}],"curies":[{"name":"wp","href":"https:\/\/api.w.org\/{rel}","templated":true}]}}