{"id":21596,"date":"2023-06-28T09:12:20","date_gmt":"2023-06-28T07:12:20","guid":{"rendered":"https:\/\/v2.scandinavischelampen.nl\/product\/holmegaard-mandarin-haengelampe-lille\/"},"modified":"2025-04-23T21:53:58","modified_gmt":"2025-04-23T19:53:58","slug":"holmegaard-mandarine-haengelampe-lille","status":"publish","type":"product","link":"https:\/\/scandinavischelampen.nl\/de\/produkt\/holmegaard-mandarine-haengelampe-lille\/","title":{"rendered":"Holmegaard Mandarin H\u00e4ngelampe Lille"},"content":{"rendered":"<h2 class=\"title-wrapper\">Holmegaard Mandarin H\u00e4ngelampe Lille<\/h2>\n<div class=\"stats__counts-wrapper\">\n<p>Diese stimmungsvolle H\u00e4ngelampe wurde f\u00fcr die Marke Holmegaard entworfen und unter dem Typ Mandarin Lille herausgebracht. <span class=\"Y2IQFc\" lang=\"nl\">Die Mandarin-Pendelleuchte wurde in den 1980er Jahren von Michael Bang entworfen. Es besteht aus mundgeblasenem Glas. Sowohl die Au\u00dfenseite als auch die Innenseite sind wei\u00df. Wenn die Lampe eingeschaltet ist, hat der Schirm ein sch\u00f6nes, sanftes Leuchten.<\/span><\/p>\n<h2>Zustand<\/h2>\n<p>Die Lampe ist ca. 40 Jahre alt und in sehr gutem Zustand. Der Aufkleber des Herstellers ist in der Lampe vorhanden.<\/p>\n<p>Diese Lampe ist nicht nur eine \u00e4sthetische Erg\u00e4nzung; es ist auch eine bewusste Wahl f\u00fcr die Umwelt. Hole nicht nur ein St\u00fcck d\u00e4nisches Design in dein Zuhause, sondern trage auch zu einer gr\u00fcneren Welt bei. Mit dieser Lampe setzt du nicht nur ein Statement des Stils, sondern auch des Umweltbewusstseins. Entscheide dich f\u00fcr Beleuchtung mit einer Geschichte und einer Wirkung.<\/p>\n<h2>Spezifikationen Holmegaard H\u00e4ngelampe Mandarin Lille<\/h2>\n<ul>\n<li>H\u00f6he: 21 cm<\/li>\n<li>Durchmesser: 23 cm<\/li>\n<li>Gesamth\u00f6he mit Kordel 125 cm (verstellbar bei der Montage)<\/li>\n<li>Material: Glas<\/li>\n<li>Farbe Kabel: wei\u00df<\/li>\n<li>Maximale Wattzahl: 60 W<\/li>\n<li>Fassung: E27<\/li>\n<li>F\u00fcr LED-Lampen geeignet<\/li>\n<li>Gewicht: 1 kg<\/li>\n<\/ul>\n<h2>Geeignet f\u00fcr LED und dimmbar<\/h2>\n<p>Bei den aktuellen Energietarifen ist die Energieeinsparung ein wichtiger Punkt. Diese H\u00e4ngelampe enth\u00e4lt eine E27-Fassung. Dadurch eignet es sich f\u00fcr LED-Lampen und sogar f\u00fcr smarte Beleuchtung. Die Lampe kann auch in Kombination mit einem Dimmer verwendet werden.<\/p>\n<h2>Unser Lagerbestand<\/h2>\n<p>Die angebotenen Leuchten sind immer ab Lager lieferbar. Das bedeutet, dass wir Ihre Bestellung oft noch am selben oder am n\u00e4chsten Werktag versenden. Bitte beachten Sie, dass wir nur einen Artikel auf Lager haben. Da wir ausschlie\u00dflich Vintage-Lampen verkaufen, ist es ungewiss, ob wir diese Lampe in Zukunft noch einmal erhalten werden.<\/p>\n<h2>Versandoptionen<\/h2>\n<p>Weltweit ist es m\u00f6glich, bei uns zu bestellen. Wir versenden die Lampe sorgf\u00e4ltig verpackt in dicker Luftpolsterfolie und registriert in doppellagigen Kartons. Sobald Ihr Paket versendet wurde, erhalten Sie eine E-Mail von Post NL. Hier finden Sie die Track-Trace-Informationen, mit denen Sie das Paket bis zu Ihrer Haust\u00fcr verfolgen k\u00f6nnen. Nach Erhalt Ihrer Bestellung haben Sie 14 Tage Bedenkzeit.<\/p>\n<\/div>\n<h2><strong>\u00dcber Holmegaard<\/strong><\/h2>\n<p><span style=\"font-size: 16px;\">Die Geschichte der Glash\u00fctte Holmegaard begann im Jahr 1825, als Graf Christian Danneskiold-Sams\u00f8e den K\u00f6nig von D\u00e4nemark um Erlaubnis zur Errichtung einer Glash\u00fctte in Holmegaard Mose bat. Der Earl starb jedoch 1823, ohne eine Antwort auf seine Bitte zu erhalten. Seine Witwe, Gr\u00e4fin Henriette Danneskiold-Sams\u00f8e, beschloss, das Projekt fortzusetzen, als sie kurz nach dem Tod ihres Mannes die Erlaubnis des K\u00f6nigs erhielt, eine Glash\u00fctte zu errichten.<\/span><\/p>\n<p><span class=\"Y2IQFc\" lang=\"nl\">Die Fabrik sollte im Torfmoor liegen, weil dort gen\u00fcgend Brennstoff vorhanden war, um die hohen Temperaturen f\u00fcr den Glasofen zu erzeugen. Die erste Produktion in der Glasfabrik Holmegaard begann im Jahr 1825. Anfangs produzierte die Fabrik nur gr\u00fcne Flaschen, doch Henriette wollte auch Klarglasbecher herstellen, und die b\u00f6hmischen Glasbl\u00e4ser konnten diese herstellen. Die Geschichte der Glash\u00fctte Holmegaard ist die Geschichte einiger kleiner Glash\u00fctten in einem Torfmoor, die sich im Laufe von 185 Jahren zu einer gro\u00dfen modernen Gruppe entwickelten. Im 20. Jahrhundert tauchten K\u00fcnstler auf, die Holmegaards Glasprodukte entwarfen und gestalteten. Dies war der Beginn einer langen und stolzen Tradition und daher sind auch heute noch einige der besten K\u00fcnstler D\u00e4nemarks mit der Glasproduktion von Holmegaard verbunden. <\/span><span style=\"color: #ff6600;\"><a style=\"color: #ff6600;\" href=\"https:\/\/scandinavischelampen.nl\/product-categorie\/merken\/holmegaard\/\">Sehen Sie sich hier unsere Sammlung von Holmegaard-Pendelleuchten an.<\/a><\/span><\/p>\n","protected":false},"excerpt":{"rendered":"<p><strong><span style=\"color: #00ff00;\">\u221a<\/span> <span style=\"color: #ff6600;\">Kostenloser Versand in Europa ab \u20ac350<\/span><br \/>\n<\/strong><strong><span style=\"color: #00ff00;\">\u221a<\/span> Bestellt vor <span style=\"color: #ff6600;\">16:00 Uhr<\/span>? Normalerweise am selben Tag versandt<br \/>\n<\/strong><strong><span style=\"color: #00ff00;\">\u221a<\/span> <span style=\"color: #ff6600;\">14 Tage<\/span> Bedenkzeit<br \/>\n<\/strong><strong><span style=\"color: #00ff00;\">\u221a<\/span> Geeignet f\u00fcr <span style=\"color: #ff6600;\">LED<\/span><\/strong><\/p>\n<ul>\n<li><strong>H\u00f6he: 21 cm<\/strong><\/li>\n<li><strong>Durchmesser: 23 cm<\/strong><\/li>\n<\/ul>\n","protected":false},"featured_media":12751,"template":"","meta":{"_uag_custom_page_level_css":"","site-sidebar-layout":"default","site-content-layout":"default","ast-site-content-layout":"default","site-content-style":"default","site-sidebar-style":"default","ast-global-header-display":"","ast-banner-title-visibility":"","ast-main-header-display":"","ast-hfb-above-header-display":"","ast-hfb-below-header-display":"","ast-hfb-mobile-header-display":"","site-post-title":"","ast-breadcrumbs-content":"","ast-featured-img":"","footer-sml-layout":"","ast-disable-related-posts":"","theme-transparent-header-meta":"default","adv-header-id-meta":"","stick-header-meta":"","header-above-stick-meta":"","header-main-stick-meta":"","header-below-stick-meta":"","astra-migrate-meta-layouts":"default","ast-page-background-enabled":"default","ast-page-background-meta":{"desktop":{"background-color":"var(--ast-global-color-4)","background-image":"","background-repeat":"repeat","background-position":"center center","background-size":"auto","background-attachment":"scroll","background-type":"","background-media":"","overlay-type":"","overlay-color":"","overlay-opacity":"","overlay-gradient":""},"tablet":{"background-color":"","background-image":"","background-repeat":"repeat","background-position":"center center","background-size":"auto","background-attachment":"scroll","background-type":"","background-media":"","overlay-type":"","overlay-color":"","overlay-opacity":"","overlay-gradient":""},"mobile":{"background-color":"","background-image":"","background-repeat":"repeat","background-position":"center center","background-size":"auto","background-attachment":"scroll","background-type":"","background-media":"","overlay-type":"","overlay-color":"","overlay-opacity":"","overlay-gradient":""}},"ast-content-background-meta":{"desktop":{"background-color":"var(--ast-global-color-5)","background-image":"","background-repeat":"repeat","background-position":"center center","background-size":"auto","background-attachment":"scroll","background-type":"","background-media":"","overlay-type":"","overlay-color":"","overlay-opacity":"","overlay-gradient":""},"tablet":{"background-color":"var(--ast-global-color-5)","background-image":"","background-repeat":"repeat","background-position":"center center","background-size":"auto","background-attachment":"scroll","background-type":"","background-media":"","overlay-type":"","overlay-color":"","overlay-opacity":"","overlay-gradient":""},"mobile":{"background-color":"var(--ast-global-color-5)","background-image":"","background-repeat":"repeat","background-position":"center center","background-size":"auto","background-attachment":"scroll","background-type":"","background-media":"","overlay-type":"","overlay-color":"","overlay-opacity":"","overlay-gradient":""}}},"product_brand":[],"product_cat":[246,243,247,248,605,249],"product_tag":[252],"class_list":{"0":"post-21596","1":"product","2":"type-product","3":"status-publish","4":"has-post-thumbnail","6":"product_cat-halle","7":"product_cat-skandinavische-pendelleuchten","8":"product_cat-kuche","9":"product_cat-schlafzimmer","10":"product_cat-sehen-sie-sich-unsere-komplette-kollektion-an","11":"product_cat-wohnzimmer","12":"product_tag-weiss","13":"desktop-align-center","14":"tablet-align-left","15":"mobile-align-left","17":"first","18":"instock","19":"taxable","20":"shipping-taxable","21":"purchasable","22":"product-type-simple"},"yoast_head":"<!-- This site is optimized with the Yoast SEO plugin v27.5 - https:\/\/yoast.com\/product\/yoast-seo-wordpress\/ -->\n<title>Holmegaard Mandarin H\u00e4ngelampe Lille - Einfach online bestellt<\/title>\n<meta name=\"description\" content=\"Mandarin-H\u00e4ngelampe Lille, entworfen von Michael Bang f\u00fcr Holmegaard. Sehen Sie sich hier unsere Vintage-Kollektion von Holmegaard an \u221a Ab Lager lieferbar\" \/>\n<meta name=\"robots\" content=\"index, follow, max-snippet:-1, max-image-preview:large, max-video-preview:-1\" \/>\n<link rel=\"canonical\" href=\"https:\/\/scandinavischelampen.nl\/de\/produkt\/holmegaard-mandarine-haengelampe-lille\/\" \/>\n<meta property=\"og:locale\" content=\"de_DE\" \/>\n<meta property=\"og:type\" content=\"article\" \/>\n<meta property=\"og:title\" content=\"Holmegaard Mandarin H\u00e4ngelampe Lille - Einfach online bestellt\" \/>\n<meta property=\"og:description\" content=\"Mandarin-H\u00e4ngelampe Lille, entworfen von Michael Bang f\u00fcr Holmegaard. Sehen Sie sich hier unsere Vintage-Kollektion von Holmegaard an \u221a Ab Lager lieferbar\" \/>\n<meta property=\"og:url\" content=\"https:\/\/scandinavischelampen.nl\/de\/produkt\/holmegaard-mandarine-haengelampe-lille\/\" \/>\n<meta property=\"og:site_name\" content=\"Skandinavische Lampen\" \/>\n<meta property=\"article:publisher\" content=\"https:\/\/www.facebook.com\/scandinavischelampen\/\" \/>\n<meta property=\"article:modified_time\" content=\"2025-04-23T19:53:58+00:00\" \/>\n<meta property=\"og:image\" content=\"https:\/\/i0.wp.com\/scandinavischelampen.nl\/wp-content\/uploads\/2022\/09\/C2D0738D-BDFD-4AB0-A30D-D6C97981ADFA.jpeg?fit=480%2C640&ssl=1\" \/>\n\t<meta property=\"og:image:width\" content=\"480\" \/>\n\t<meta property=\"og:image:height\" content=\"640\" \/>\n\t<meta property=\"og:image:type\" content=\"image\/jpeg\" \/>\n<meta name=\"twitter:card\" content=\"summary_large_image\" \/>\n<meta name=\"twitter:label1\" content=\"Gesch\u00e4tzte Lesezeit\" \/>\n\t<meta name=\"twitter:data1\" content=\"3\u00a0Minuten\" \/>\n<script type=\"application\/ld+json\" class=\"yoast-schema-graph\">{\"@context\":\"https:\\\/\\\/schema.org\",\"@graph\":[{\"@type\":\"WebPage\",\"@id\":\"https:\\\/\\\/scandinavischelampen.nl\\\/de\\\/produkt\\\/holmegaard-mandarine-haengelampe-lille\\\/\",\"url\":\"https:\\\/\\\/scandinavischelampen.nl\\\/de\\\/produkt\\\/holmegaard-mandarine-haengelampe-lille\\\/\",\"name\":\"Holmegaard Mandarin H\u00e4ngelampe Lille - Einfach online bestellt\",\"isPartOf\":{\"@id\":\"https:\\\/\\\/scandinavischelampen.nl\\\/de\\\/#website\"},\"primaryImageOfPage\":{\"@id\":\"https:\\\/\\\/scandinavischelampen.nl\\\/de\\\/produkt\\\/holmegaard-mandarine-haengelampe-lille\\\/#primaryimage\"},\"image\":{\"@id\":\"https:\\\/\\\/scandinavischelampen.nl\\\/de\\\/produkt\\\/holmegaard-mandarine-haengelampe-lille\\\/#primaryimage\"},\"thumbnailUrl\":\"https:\\\/\\\/i0.wp.com\\\/scandinavischelampen.nl\\\/wp-content\\\/uploads\\\/2022\\\/09\\\/C2D0738D-BDFD-4AB0-A30D-D6C97981ADFA.jpeg?fit=480%2C640&ssl=1\",\"datePublished\":\"2023-06-28T07:12:20+00:00\",\"dateModified\":\"2025-04-23T19:53:58+00:00\",\"description\":\"Mandarin-H\u00e4ngelampe Lille, entworfen von Michael Bang f\u00fcr Holmegaard. Sehen Sie sich hier unsere Vintage-Kollektion von Holmegaard an \u221a Ab Lager lieferbar\",\"breadcrumb\":{\"@id\":\"https:\\\/\\\/scandinavischelampen.nl\\\/de\\\/produkt\\\/holmegaard-mandarine-haengelampe-lille\\\/#breadcrumb\"},\"inLanguage\":\"de\",\"potentialAction\":[{\"@type\":\"ReadAction\",\"target\":[\"https:\\\/\\\/scandinavischelampen.nl\\\/de\\\/produkt\\\/holmegaard-mandarine-haengelampe-lille\\\/\"]}]},{\"@type\":\"ImageObject\",\"inLanguage\":\"de\",\"@id\":\"https:\\\/\\\/scandinavischelampen.nl\\\/de\\\/produkt\\\/holmegaard-mandarine-haengelampe-lille\\\/#primaryimage\",\"url\":\"https:\\\/\\\/i0.wp.com\\\/scandinavischelampen.nl\\\/wp-content\\\/uploads\\\/2022\\\/09\\\/C2D0738D-BDFD-4AB0-A30D-D6C97981ADFA.jpeg?fit=480%2C640&ssl=1\",\"contentUrl\":\"https:\\\/\\\/i0.wp.com\\\/scandinavischelampen.nl\\\/wp-content\\\/uploads\\\/2022\\\/09\\\/C2D0738D-BDFD-4AB0-A30D-D6C97981ADFA.jpeg?fit=480%2C640&ssl=1\",\"width\":480,\"height\":640,\"caption\":\"Bild des in dieser Anzeige angebotenen Holmegaard Mandarin pendelleuchten Lille\"},{\"@type\":\"BreadcrumbList\",\"@id\":\"https:\\\/\\\/scandinavischelampen.nl\\\/de\\\/produkt\\\/holmegaard-mandarine-haengelampe-lille\\\/#breadcrumb\",\"itemListElement\":[{\"@type\":\"ListItem\",\"position\":1,\"name\":\"Home\",\"item\":\"https:\\\/\\\/scandinavischelampen.nl\\\/de\\\/\"},{\"@type\":\"ListItem\",\"position\":2,\"name\":\"Gesch\u00e4ft\",\"item\":\"https:\\\/\\\/scandinavischelampen.nl\\\/de\\\/laden\\\/\"},{\"@type\":\"ListItem\",\"position\":3,\"name\":\"Holmegaard Mandarin H\u00e4ngelampe Lille\"}]},{\"@type\":\"WebSite\",\"@id\":\"https:\\\/\\\/scandinavischelampen.nl\\\/de\\\/#website\",\"url\":\"https:\\\/\\\/scandinavischelampen.nl\\\/de\\\/\",\"name\":\"Scandinavische Lampen\",\"description\":\"Vintage-Designbeleuchtung\",\"publisher\":{\"@id\":\"https:\\\/\\\/scandinavischelampen.nl\\\/de\\\/#organization\"},\"potentialAction\":[{\"@type\":\"SearchAction\",\"target\":{\"@type\":\"EntryPoint\",\"urlTemplate\":\"https:\\\/\\\/scandinavischelampen.nl\\\/de\\\/?s={search_term_string}\"},\"query-input\":{\"@type\":\"PropertyValueSpecification\",\"valueRequired\":true,\"valueName\":\"search_term_string\"}}],\"inLanguage\":\"de\"},{\"@type\":\"Organization\",\"@id\":\"https:\\\/\\\/scandinavischelampen.nl\\\/de\\\/#organization\",\"name\":\"Scandinavische Lampen\",\"url\":\"https:\\\/\\\/scandinavischelampen.nl\\\/de\\\/\",\"logo\":{\"@type\":\"ImageObject\",\"inLanguage\":\"de\",\"@id\":\"https:\\\/\\\/scandinavischelampen.nl\\\/de\\\/#\\\/schema\\\/logo\\\/image\\\/\",\"url\":\"https:\\\/\\\/i0.wp.com\\\/scandinavischelampen.nl\\\/wp-content\\\/uploads\\\/2023\\\/07\\\/cropped-Scandinavische-lampen-logo-oranje-01-scaled.png?fit=4717%2C1570&ssl=1\",\"contentUrl\":\"https:\\\/\\\/i0.wp.com\\\/scandinavischelampen.nl\\\/wp-content\\\/uploads\\\/2023\\\/07\\\/cropped-Scandinavische-lampen-logo-oranje-01-scaled.png?fit=4717%2C1570&ssl=1\",\"width\":4717,\"height\":1570,\"caption\":\"Scandinavische Lampen\"},\"image\":{\"@id\":\"https:\\\/\\\/scandinavischelampen.nl\\\/de\\\/#\\\/schema\\\/logo\\\/image\\\/\"},\"sameAs\":[\"https:\\\/\\\/www.facebook.com\\\/scandinavischelampen\\\/\",\"https:\\\/\\\/www.instagram.com\\\/scandinavische_lampen\\\/\"]}]}<\/script>\n<!-- \/ Yoast SEO plugin. -->","yoast_head_json":{"title":"Holmegaard Mandarin H\u00e4ngelampe Lille - Einfach online bestellt","description":"Mandarin-H\u00e4ngelampe Lille, entworfen von Michael Bang f\u00fcr Holmegaard. Sehen Sie sich hier unsere Vintage-Kollektion von Holmegaard an \u221a Ab Lager lieferbar","robots":{"index":"index","follow":"follow","max-snippet":"max-snippet:-1","max-image-preview":"max-image-preview:large","max-video-preview":"max-video-preview:-1"},"canonical":"https:\/\/scandinavischelampen.nl\/de\/produkt\/holmegaard-mandarine-haengelampe-lille\/","og_locale":"de_DE","og_type":"article","og_title":"Holmegaard Mandarin H\u00e4ngelampe Lille - Einfach online bestellt","og_description":"Mandarin-H\u00e4ngelampe Lille, entworfen von Michael Bang f\u00fcr Holmegaard. Sehen Sie sich hier unsere Vintage-Kollektion von Holmegaard an \u221a Ab Lager lieferbar","og_url":"https:\/\/scandinavischelampen.nl\/de\/produkt\/holmegaard-mandarine-haengelampe-lille\/","og_site_name":"Skandinavische Lampen","article_publisher":"https:\/\/www.facebook.com\/scandinavischelampen\/","article_modified_time":"2025-04-23T19:53:58+00:00","og_image":[{"width":480,"height":640,"url":"https:\/\/i0.wp.com\/scandinavischelampen.nl\/wp-content\/uploads\/2022\/09\/C2D0738D-BDFD-4AB0-A30D-D6C97981ADFA.jpeg?fit=480%2C640&ssl=1","type":"image\/jpeg"}],"twitter_card":"summary_large_image","twitter_misc":{"Gesch\u00e4tzte Lesezeit":"3\u00a0Minuten"},"schema":{"@context":"https:\/\/schema.org","@graph":[{"@type":"WebPage","@id":"https:\/\/scandinavischelampen.nl\/de\/produkt\/holmegaard-mandarine-haengelampe-lille\/","url":"https:\/\/scandinavischelampen.nl\/de\/produkt\/holmegaard-mandarine-haengelampe-lille\/","name":"Holmegaard Mandarin H\u00e4ngelampe Lille - Einfach online bestellt","isPartOf":{"@id":"https:\/\/scandinavischelampen.nl\/de\/#website"},"primaryImageOfPage":{"@id":"https:\/\/scandinavischelampen.nl\/de\/produkt\/holmegaard-mandarine-haengelampe-lille\/#primaryimage"},"image":{"@id":"https:\/\/scandinavischelampen.nl\/de\/produkt\/holmegaard-mandarine-haengelampe-lille\/#primaryimage"},"thumbnailUrl":"https:\/\/i0.wp.com\/scandinavischelampen.nl\/wp-content\/uploads\/2022\/09\/C2D0738D-BDFD-4AB0-A30D-D6C97981ADFA.jpeg?fit=480%2C640&ssl=1","datePublished":"2023-06-28T07:12:20+00:00","dateModified":"2025-04-23T19:53:58+00:00","description":"Mandarin-H\u00e4ngelampe Lille, entworfen von Michael Bang f\u00fcr Holmegaard. Sehen Sie sich hier unsere Vintage-Kollektion von Holmegaard an \u221a Ab Lager lieferbar","breadcrumb":{"@id":"https:\/\/scandinavischelampen.nl\/de\/produkt\/holmegaard-mandarine-haengelampe-lille\/#breadcrumb"},"inLanguage":"de","potentialAction":[{"@type":"ReadAction","target":["https:\/\/scandinavischelampen.nl\/de\/produkt\/holmegaard-mandarine-haengelampe-lille\/"]}]},{"@type":"ImageObject","inLanguage":"de","@id":"https:\/\/scandinavischelampen.nl\/de\/produkt\/holmegaard-mandarine-haengelampe-lille\/#primaryimage","url":"https:\/\/i0.wp.com\/scandinavischelampen.nl\/wp-content\/uploads\/2022\/09\/C2D0738D-BDFD-4AB0-A30D-D6C97981ADFA.jpeg?fit=480%2C640&ssl=1","contentUrl":"https:\/\/i0.wp.com\/scandinavischelampen.nl\/wp-content\/uploads\/2022\/09\/C2D0738D-BDFD-4AB0-A30D-D6C97981ADFA.jpeg?fit=480%2C640&ssl=1","width":480,"height":640,"caption":"Bild des in dieser Anzeige angebotenen Holmegaard Mandarin pendelleuchten Lille"},{"@type":"BreadcrumbList","@id":"https:\/\/scandinavischelampen.nl\/de\/produkt\/holmegaard-mandarine-haengelampe-lille\/#breadcrumb","itemListElement":[{"@type":"ListItem","position":1,"name":"Home","item":"https:\/\/scandinavischelampen.nl\/de\/"},{"@type":"ListItem","position":2,"name":"Gesch\u00e4ft","item":"https:\/\/scandinavischelampen.nl\/de\/laden\/"},{"@type":"ListItem","position":3,"name":"Holmegaard Mandarin H\u00e4ngelampe Lille"}]},{"@type":"WebSite","@id":"https:\/\/scandinavischelampen.nl\/de\/#website","url":"https:\/\/scandinavischelampen.nl\/de\/","name":"Scandinavische Lampen","description":"Vintage-Designbeleuchtung","publisher":{"@id":"https:\/\/scandinavischelampen.nl\/de\/#organization"},"potentialAction":[{"@type":"SearchAction","target":{"@type":"EntryPoint","urlTemplate":"https:\/\/scandinavischelampen.nl\/de\/?s={search_term_string}"},"query-input":{"@type":"PropertyValueSpecification","valueRequired":true,"valueName":"search_term_string"}}],"inLanguage":"de"},{"@type":"Organization","@id":"https:\/\/scandinavischelampen.nl\/de\/#organization","name":"Scandinavische Lampen","url":"https:\/\/scandinavischelampen.nl\/de\/","logo":{"@type":"ImageObject","inLanguage":"de","@id":"https:\/\/scandinavischelampen.nl\/de\/#\/schema\/logo\/image\/","url":"https:\/\/i0.wp.com\/scandinavischelampen.nl\/wp-content\/uploads\/2023\/07\/cropped-Scandinavische-lampen-logo-oranje-01-scaled.png?fit=4717%2C1570&ssl=1","contentUrl":"https:\/\/i0.wp.com\/scandinavischelampen.nl\/wp-content\/uploads\/2023\/07\/cropped-Scandinavische-lampen-logo-oranje-01-scaled.png?fit=4717%2C1570&ssl=1","width":4717,"height":1570,"caption":"Scandinavische Lampen"},"image":{"@id":"https:\/\/scandinavischelampen.nl\/de\/#\/schema\/logo\/image\/"},"sameAs":["https:\/\/www.facebook.com\/scandinavischelampen\/","https:\/\/www.instagram.com\/scandinavische_lampen\/"]}]}},"uagb_featured_image_src":{"full":["https:\/\/i0.wp.com\/scandinavischelampen.nl\/wp-content\/uploads\/2022\/09\/C2D0738D-BDFD-4AB0-A30D-D6C97981ADFA.jpeg?fit=480%2C640&ssl=1",480,640,false],"thumbnail":["https:\/\/i0.wp.com\/scandinavischelampen.nl\/wp-content\/uploads\/2022\/09\/C2D0738D-BDFD-4AB0-A30D-D6C97981ADFA.jpeg?resize=150%2C150&ssl=1",150,150,true],"medium":["https:\/\/i0.wp.com\/scandinavischelampen.nl\/wp-content\/uploads\/2022\/09\/C2D0738D-BDFD-4AB0-A30D-D6C97981ADFA.jpeg?fit=225%2C300&ssl=1",225,300,true],"medium_large":["https:\/\/i0.wp.com\/scandinavischelampen.nl\/wp-content\/uploads\/2022\/09\/C2D0738D-BDFD-4AB0-A30D-D6C97981ADFA.jpeg?fit=480%2C640&ssl=1",480,640,true],"large":["https:\/\/i0.wp.com\/scandinavischelampen.nl\/wp-content\/uploads\/2022\/09\/C2D0738D-BDFD-4AB0-A30D-D6C97981ADFA.jpeg?fit=480%2C640&ssl=1",480,640,true],"1536x1536":["https:\/\/i0.wp.com\/scandinavischelampen.nl\/wp-content\/uploads\/2022\/09\/C2D0738D-BDFD-4AB0-A30D-D6C97981ADFA.jpeg?fit=480%2C640&ssl=1",480,640,true],"2048x2048":["https:\/\/i0.wp.com\/scandinavischelampen.nl\/wp-content\/uploads\/2022\/09\/C2D0738D-BDFD-4AB0-A30D-D6C97981ADFA.jpeg?fit=480%2C640&ssl=1",480,640,true],"woocommerce_thumbnail":["https:\/\/i0.wp.com\/scandinavischelampen.nl\/wp-content\/uploads\/2022\/09\/C2D0738D-BDFD-4AB0-A30D-D6C97981ADFA.jpeg?resize=300%2C300&ssl=1",300,300,true],"woocommerce_single":["https:\/\/i0.wp.com\/scandinavischelampen.nl\/wp-content\/uploads\/2022\/09\/C2D0738D-BDFD-4AB0-A30D-D6C97981ADFA.jpeg?fit=480%2C640&ssl=1",480,640,true],"woocommerce_gallery_thumbnail":["https:\/\/i0.wp.com\/scandinavischelampen.nl\/wp-content\/uploads\/2022\/09\/C2D0738D-BDFD-4AB0-A30D-D6C97981ADFA.jpeg?resize=100%2C100&ssl=1",100,100,true],"thaps-thumb-img":["https:\/\/i0.wp.com\/scandinavischelampen.nl\/wp-content\/uploads\/2022\/09\/C2D0738D-BDFD-4AB0-A30D-D6C97981ADFA.jpeg?resize=48%2C64&ssl=1",48,64,true]},"uagb_author_info":{"display_name":"administrator","author_link":"https:\/\/scandinavischelampen.nl\/de\/author\/"},"uagb_comment_info":0,"uagb_excerpt":"\u221a Kostenloser Versand in Europa ab \u20ac350 \u221a Bestellt vor 16:00 Uhr? Normalerweise am selben Tag versandt \u221a 14 Tage Bedenkzeit \u221a Geeignet f\u00fcr LED H\u00f6he: 21 cm Durchmesser: 23 cm","jetpack_sharing_enabled":true,"_links":{"self":[{"href":"https:\/\/scandinavischelampen.nl\/de\/wp-json\/wp\/v2\/product\/21596","targetHints":{"allow":["GET"]}}],"collection":[{"href":"https:\/\/scandinavischelampen.nl\/de\/wp-json\/wp\/v2\/product"}],"about":[{"href":"https:\/\/scandinavischelampen.nl\/de\/wp-json\/wp\/v2\/types\/product"}],"wp:featuredmedia":[{"embeddable":true,"href":"https:\/\/scandinavischelampen.nl\/de\/wp-json\/wp\/v2\/media\/12751"}],"wp:attachment":[{"href":"https:\/\/scandinavischelampen.nl\/de\/wp-json\/wp\/v2\/media?parent=21596"}],"wp:term":[{"taxonomy":"product_brand","embeddable":true,"href":"https:\/\/scandinavischelampen.nl\/de\/wp-json\/wp\/v2\/product_brand?post=21596"},{"taxonomy":"product_cat","embeddable":true,"href":"https:\/\/scandinavischelampen.nl\/de\/wp-json\/wp\/v2\/product_cat?post=21596"},{"taxonomy":"product_tag","embeddable":true,"href":"https:\/\/scandinavischelampen.nl\/de\/wp-json\/wp\/v2\/product_tag?post=21596"}],"curies":[{"name":"wp","href":"https:\/\/api.w.org\/{rel}","templated":true}]}}