{"id":21585,"date":"2023-06-28T09:12:29","date_gmt":"2023-06-28T07:12:29","guid":{"rendered":"https:\/\/v2.scandinavischelampen.nl\/product\/vitrika-haengelampe-mit-messingdetails\/"},"modified":"2023-07-06T10:06:54","modified_gmt":"2023-07-06T08:06:54","slug":"vitrika-pendelleuchte-mit-messingdetails-2","status":"publish","type":"product","link":"https:\/\/scandinavischelampen.nl\/de\/produkt\/vitrika-pendelleuchte-mit-messingdetails-2\/","title":{"rendered":"Vitrika-H\u00e4ngelampe mit Messingdetails"},"content":{"rendered":"<h1>Vitrika Pendelleuchte mit Messingdetails<\/h1>\n<p>Diese stimmungsvolle H\u00e4ngelampe wurde f\u00fcr die Marke Vitrika entworfen. Es ist ein verspieltes Design mit messingfarbenen Akzenten. Die Schichten sorgen f\u00fcr eine spielerische Lichtverteilung nach unten und zur Seite. Suchen Sie eine Leuchte f\u00fcr \u00fcber Ihrem Esstisch oder in Ihrer K\u00fcche? Dann ist dieses hier auf jeden Fall geeignet.<\/p>\n<h2>Zustand dieses Leuchte<\/h2>\n<p>Die Pendelleuchte ist ca. 50 Jahre alt und in gutem Zustand mit leichten Gebrauchsspuren.<\/p>\n<h2>Authentische Fotos<\/h2>\n<p>Bei den Fotos in dieser Anzeige handelt es sich um authentische Fotos der von Ihnen bestellten Lampe. Der Zustand der Lampe entspricht den Fotos und eventuelle Gebrauchsspuren sind auf den beigef\u00fcgten Fotos erkennbar. M\u00f6chten Sie zus\u00e4tzliche Fotos erhalten? Das ist kein Problem. <a href=\"https:\/\/scandinavischelampen.nl\/contact-us\/\">Bitte kontaktieren Sie uns hierf\u00fcr.<\/a><\/p>\n<h2>Spezifikationen Vitrika H\u00e4ngelampe mit Messingdetails<\/h2>\n<ul>\n<li>H\u00f6he: 19 cm<\/li>\n<li>Durchmesser: 35 cm<\/li>\n<li>Gesamth\u00f6he mit Kordel 100 cm (bei der Montage anpassbar)<\/li>\n<li>Material: Metall<\/li>\n<li>Farbe Kabel: wei\u00df<\/li>\n<li>Maximale Wattzahl: 60 W<\/li>\n<li>Fassung: E27<\/li>\n<li>Geeignet f\u00fcr LED-Lampen<\/li>\n<li>Gewicht: 1 kg<\/li>\n<\/ul>\n<h2>LED in Ihrer Vintage-Leuchte<\/h2>\n<p>Bei den aktuellen Energietarifen ist die Energieeinsparung ein wichtiger Punkt. Diese H\u00e4ngelampe enth\u00e4lt eine E27-Fassung. Dadurch eignet es sich f\u00fcr LED-Lampen und sogar f\u00fcr smarte Beleuchtung. Die Lampe kann auch in Kombination mit einem Dimmer verwendet werden.<\/p>\n<h2>Unser Lagerbestand<\/h2>\n<p>Die angebotenen Leuchten sind immer ab Lager lieferbar. Das bedeutet, dass wir Ihre Bestellung oft noch am selben oder am n\u00e4chsten Werktag versenden. Bitte beachten Sie, dass wir in der Regel nur einen Artikel auf Lager haben. Da wir ausschlie\u00dflich Vintage-Lampen verkaufen, ist es ungewiss, ob wir diese Lampe in Zukunft noch einmal erhalten werden.<\/p>\n<h2>Versandoptionen<\/h2>\n<p>Weltweit ist es m\u00f6glich, bei uns zu bestellen. Wir versenden die Lampe sorgf\u00e4ltig verpackt in dicker Luftpolsterfolie und registriert in doppellagigen Kartons. Sobald Ihr Paket versendet wurde, erhalten Sie eine E-Mail von Post NL. Hier finden Sie die Track-Trace-Informationen, mit denen Sie das Paket bis zu Ihrer Haust\u00fcr verfolgen k\u00f6nnen. Nach Erhalt Ihrer Bestellung haben Sie 14 Tage Bedenkzeit.<\/p>\n<h2>\u00dcber Vitrika<\/h2>\n<p>\u00dcber das d\u00e4nische Beleuchtungsunternehmen Vitrika ist nicht viel bekannt. Der Hersteller stellte haupts\u00e4chlich Aluminiumlampen her. Die Designs sind ziemlich robust und robust. <span style=\"color: #ff6600;\"><a style=\"color: #ff6600;\" href=\"https:\/\/scandinavischelampen.nl\/product-categorie\/merken\/vitrika\/\">Sehen Sie sich hier unsere komplette Kollektion an Vintage-Pendelleuchten von Vitrika an. <\/a><\/span><\/p>\n<p>&nbsp;<\/p>\n","protected":false},"excerpt":{"rendered":"<p>Verspielte skandinavische H\u00e4ngelampe der Marke Vitrika in der Farbe Wei\u00df mit Messingakzenten<\/p>\n<p>&nbsp;<\/p>\n<ul>\n<li><strong>Geeignet f\u00fcr LED<\/strong><\/li>\n<li><strong>Weltweiter Versand<\/strong><\/li>\n<li><strong>14 Tage Bedenkzeit<\/strong><\/li>\n<\/ul>\n","protected":false},"featured_media":17398,"template":"","meta":{"_uag_custom_page_level_css":"","site-sidebar-layout":"default","site-content-layout":"default","ast-site-content-layout":"default","site-content-style":"default","site-sidebar-style":"default","ast-global-header-display":"","ast-banner-title-visibility":"","ast-main-header-display":"","ast-hfb-above-header-display":"","ast-hfb-below-header-display":"","ast-hfb-mobile-header-display":"","site-post-title":"","ast-breadcrumbs-content":"","ast-featured-img":"","footer-sml-layout":"","ast-disable-related-posts":"","theme-transparent-header-meta":"default","adv-header-id-meta":"","stick-header-meta":"","header-above-stick-meta":"","header-main-stick-meta":"","header-below-stick-meta":"","astra-migrate-meta-layouts":"default","ast-page-background-enabled":"default","ast-page-background-meta":{"desktop":{"background-color":"var(--ast-global-color-4)","background-image":"","background-repeat":"repeat","background-position":"center center","background-size":"auto","background-attachment":"scroll","background-type":"","background-media":"","overlay-type":"","overlay-color":"","overlay-opacity":"","overlay-gradient":""},"tablet":{"background-color":"","background-image":"","background-repeat":"repeat","background-position":"center center","background-size":"auto","background-attachment":"scroll","background-type":"","background-media":"","overlay-type":"","overlay-color":"","overlay-opacity":"","overlay-gradient":""},"mobile":{"background-color":"","background-image":"","background-repeat":"repeat","background-position":"center center","background-size":"auto","background-attachment":"scroll","background-type":"","background-media":"","overlay-type":"","overlay-color":"","overlay-opacity":"","overlay-gradient":""}},"ast-content-background-meta":{"desktop":{"background-color":"var(--ast-global-color-5)","background-image":"","background-repeat":"repeat","background-position":"center center","background-size":"auto","background-attachment":"scroll","background-type":"","background-media":"","overlay-type":"","overlay-color":"","overlay-opacity":"","overlay-gradient":""},"tablet":{"background-color":"var(--ast-global-color-5)","background-image":"","background-repeat":"repeat","background-position":"center center","background-size":"auto","background-attachment":"scroll","background-type":"","background-media":"","overlay-type":"","overlay-color":"","overlay-opacity":"","overlay-gradient":""},"mobile":{"background-color":"var(--ast-global-color-5)","background-image":"","background-repeat":"repeat","background-position":"center center","background-size":"auto","background-attachment":"scroll","background-type":"","background-media":"","overlay-type":"","overlay-color":"","overlay-opacity":"","overlay-gradient":""}}},"product_brand":[],"product_cat":[243,247,245,248,605,249],"product_tag":[252],"class_list":{"0":"post-21585","1":"product","2":"type-product","3":"status-publish","4":"has-post-thumbnail","6":"product_cat-skandinavische-pendelleuchten","7":"product_cat-kuche","8":"product_cat-pendelleuchte-esstisch","9":"product_cat-schlafzimmer","10":"product_cat-sehen-sie-sich-unsere-komplette-kollektion-an","11":"product_cat-wohnzimmer","12":"product_tag-weiss","13":"desktop-align-center","14":"tablet-align-left","15":"mobile-align-left","17":"first","18":"instock","19":"taxable","20":"shipping-taxable","21":"purchasable","22":"product-type-simple"},"yoast_head":"<!-- This site is optimized with the Yoast SEO plugin v27.5 - https:\/\/yoast.com\/product\/yoast-seo-wordpress\/ -->\n<title>Vitrika-H\u00e4ngelampe mit Messingdetails - Skandinavische Lampen<\/title>\n<meta name=\"description\" content=\"Wundersch\u00f6ne Vintage-H\u00e4ngelampe Vitrika in der Farbe Wei\u00df. Allerdings ein Hingucker mit seiner robusten Optik. Perfekt in einem skandinavischen Interieur!\" \/>\n<meta name=\"robots\" content=\"index, follow, max-snippet:-1, max-image-preview:large, max-video-preview:-1\" \/>\n<link rel=\"canonical\" href=\"https:\/\/scandinavischelampen.nl\/de\/produkt\/vitrika-pendelleuchte-mit-messingdetails-2\/\" \/>\n<meta property=\"og:locale\" content=\"de_DE\" \/>\n<meta property=\"og:type\" content=\"article\" \/>\n<meta property=\"og:title\" content=\"Vitrika-H\u00e4ngelampe mit Messingdetails - Skandinavische Lampen\" \/>\n<meta property=\"og:description\" content=\"Wundersch\u00f6ne Vintage-H\u00e4ngelampe Vitrika in der Farbe Wei\u00df. Allerdings ein Hingucker mit seiner robusten Optik. Perfekt in einem skandinavischen Interieur!\" \/>\n<meta property=\"og:url\" content=\"https:\/\/scandinavischelampen.nl\/de\/produkt\/vitrika-pendelleuchte-mit-messingdetails-2\/\" \/>\n<meta property=\"og:site_name\" content=\"Skandinavische Lampen\" \/>\n<meta property=\"article:publisher\" content=\"https:\/\/www.facebook.com\/scandinavischelampen\/\" \/>\n<meta property=\"article:modified_time\" content=\"2023-07-06T08:06:54+00:00\" \/>\n<meta property=\"og:image\" content=\"https:\/\/i0.wp.com\/scandinavischelampen.nl\/wp-content\/uploads\/2023\/02\/Optimized-IMG_7047.jpeg?fit=675%2C900&ssl=1\" \/>\n\t<meta property=\"og:image:width\" content=\"675\" \/>\n\t<meta property=\"og:image:height\" content=\"900\" \/>\n\t<meta property=\"og:image:type\" content=\"image\/jpeg\" \/>\n<meta name=\"twitter:card\" content=\"summary_large_image\" \/>\n<meta name=\"twitter:label1\" content=\"Gesch\u00e4tzte Lesezeit\" \/>\n\t<meta name=\"twitter:data1\" content=\"2\u00a0Minuten\" \/>\n<script type=\"application\/ld+json\" class=\"yoast-schema-graph\">{\"@context\":\"https:\\\/\\\/schema.org\",\"@graph\":[{\"@type\":\"WebPage\",\"@id\":\"https:\\\/\\\/scandinavischelampen.nl\\\/de\\\/produkt\\\/vitrika-pendelleuchte-mit-messingdetails-2\\\/\",\"url\":\"https:\\\/\\\/scandinavischelampen.nl\\\/de\\\/produkt\\\/vitrika-pendelleuchte-mit-messingdetails-2\\\/\",\"name\":\"Vitrika-H\u00e4ngelampe mit Messingdetails - Skandinavische Lampen\",\"isPartOf\":{\"@id\":\"https:\\\/\\\/scandinavischelampen.nl\\\/de\\\/#website\"},\"primaryImageOfPage\":{\"@id\":\"https:\\\/\\\/scandinavischelampen.nl\\\/de\\\/produkt\\\/vitrika-pendelleuchte-mit-messingdetails-2\\\/#primaryimage\"},\"image\":{\"@id\":\"https:\\\/\\\/scandinavischelampen.nl\\\/de\\\/produkt\\\/vitrika-pendelleuchte-mit-messingdetails-2\\\/#primaryimage\"},\"thumbnailUrl\":\"https:\\\/\\\/i0.wp.com\\\/scandinavischelampen.nl\\\/wp-content\\\/uploads\\\/2023\\\/02\\\/Optimized-IMG_7047.jpeg?fit=675%2C900&ssl=1\",\"datePublished\":\"2023-06-28T07:12:29+00:00\",\"dateModified\":\"2023-07-06T08:06:54+00:00\",\"description\":\"Wundersch\u00f6ne Vintage-H\u00e4ngelampe Vitrika in der Farbe Wei\u00df. Allerdings ein Hingucker mit seiner robusten Optik. Perfekt in einem skandinavischen Interieur!\",\"breadcrumb\":{\"@id\":\"https:\\\/\\\/scandinavischelampen.nl\\\/de\\\/produkt\\\/vitrika-pendelleuchte-mit-messingdetails-2\\\/#breadcrumb\"},\"inLanguage\":\"de\",\"potentialAction\":[{\"@type\":\"ReadAction\",\"target\":[\"https:\\\/\\\/scandinavischelampen.nl\\\/de\\\/produkt\\\/vitrika-pendelleuchte-mit-messingdetails-2\\\/\"]}]},{\"@type\":\"ImageObject\",\"inLanguage\":\"de\",\"@id\":\"https:\\\/\\\/scandinavischelampen.nl\\\/de\\\/produkt\\\/vitrika-pendelleuchte-mit-messingdetails-2\\\/#primaryimage\",\"url\":\"https:\\\/\\\/i0.wp.com\\\/scandinavischelampen.nl\\\/wp-content\\\/uploads\\\/2023\\\/02\\\/Optimized-IMG_7047.jpeg?fit=675%2C900&ssl=1\",\"contentUrl\":\"https:\\\/\\\/i0.wp.com\\\/scandinavischelampen.nl\\\/wp-content\\\/uploads\\\/2023\\\/02\\\/Optimized-IMG_7047.jpeg?fit=675%2C900&ssl=1\",\"width\":675,\"height\":900,\"caption\":\"Bild der in dieser Anzeige angebotenen Vitrika-Pendelleuchte mit Messingdetails\"},{\"@type\":\"BreadcrumbList\",\"@id\":\"https:\\\/\\\/scandinavischelampen.nl\\\/de\\\/produkt\\\/vitrika-pendelleuchte-mit-messingdetails-2\\\/#breadcrumb\",\"itemListElement\":[{\"@type\":\"ListItem\",\"position\":1,\"name\":\"Home\",\"item\":\"https:\\\/\\\/scandinavischelampen.nl\\\/de\\\/\"},{\"@type\":\"ListItem\",\"position\":2,\"name\":\"Gesch\u00e4ft\",\"item\":\"https:\\\/\\\/scandinavischelampen.nl\\\/de\\\/laden\\\/\"},{\"@type\":\"ListItem\",\"position\":3,\"name\":\"Vitrika-H\u00e4ngelampe mit Messingdetails\"}]},{\"@type\":\"WebSite\",\"@id\":\"https:\\\/\\\/scandinavischelampen.nl\\\/de\\\/#website\",\"url\":\"https:\\\/\\\/scandinavischelampen.nl\\\/de\\\/\",\"name\":\"Scandinavische Lampen\",\"description\":\"Vintage-Designbeleuchtung\",\"publisher\":{\"@id\":\"https:\\\/\\\/scandinavischelampen.nl\\\/de\\\/#organization\"},\"potentialAction\":[{\"@type\":\"SearchAction\",\"target\":{\"@type\":\"EntryPoint\",\"urlTemplate\":\"https:\\\/\\\/scandinavischelampen.nl\\\/de\\\/?s={search_term_string}\"},\"query-input\":{\"@type\":\"PropertyValueSpecification\",\"valueRequired\":true,\"valueName\":\"search_term_string\"}}],\"inLanguage\":\"de\"},{\"@type\":\"Organization\",\"@id\":\"https:\\\/\\\/scandinavischelampen.nl\\\/de\\\/#organization\",\"name\":\"Scandinavische Lampen\",\"url\":\"https:\\\/\\\/scandinavischelampen.nl\\\/de\\\/\",\"logo\":{\"@type\":\"ImageObject\",\"inLanguage\":\"de\",\"@id\":\"https:\\\/\\\/scandinavischelampen.nl\\\/de\\\/#\\\/schema\\\/logo\\\/image\\\/\",\"url\":\"https:\\\/\\\/i0.wp.com\\\/scandinavischelampen.nl\\\/wp-content\\\/uploads\\\/2023\\\/07\\\/cropped-Scandinavische-lampen-logo-oranje-01-scaled.png?fit=4717%2C1570&ssl=1\",\"contentUrl\":\"https:\\\/\\\/i0.wp.com\\\/scandinavischelampen.nl\\\/wp-content\\\/uploads\\\/2023\\\/07\\\/cropped-Scandinavische-lampen-logo-oranje-01-scaled.png?fit=4717%2C1570&ssl=1\",\"width\":4717,\"height\":1570,\"caption\":\"Scandinavische Lampen\"},\"image\":{\"@id\":\"https:\\\/\\\/scandinavischelampen.nl\\\/de\\\/#\\\/schema\\\/logo\\\/image\\\/\"},\"sameAs\":[\"https:\\\/\\\/www.facebook.com\\\/scandinavischelampen\\\/\",\"https:\\\/\\\/www.instagram.com\\\/scandinavische_lampen\\\/\"]}]}<\/script>\n<!-- \/ Yoast SEO plugin. -->","yoast_head_json":{"title":"Vitrika-H\u00e4ngelampe mit Messingdetails - Skandinavische Lampen","description":"Wundersch\u00f6ne Vintage-H\u00e4ngelampe Vitrika in der Farbe Wei\u00df. Allerdings ein Hingucker mit seiner robusten Optik. Perfekt in einem skandinavischen Interieur!","robots":{"index":"index","follow":"follow","max-snippet":"max-snippet:-1","max-image-preview":"max-image-preview:large","max-video-preview":"max-video-preview:-1"},"canonical":"https:\/\/scandinavischelampen.nl\/de\/produkt\/vitrika-pendelleuchte-mit-messingdetails-2\/","og_locale":"de_DE","og_type":"article","og_title":"Vitrika-H\u00e4ngelampe mit Messingdetails - Skandinavische Lampen","og_description":"Wundersch\u00f6ne Vintage-H\u00e4ngelampe Vitrika in der Farbe Wei\u00df. Allerdings ein Hingucker mit seiner robusten Optik. Perfekt in einem skandinavischen Interieur!","og_url":"https:\/\/scandinavischelampen.nl\/de\/produkt\/vitrika-pendelleuchte-mit-messingdetails-2\/","og_site_name":"Skandinavische Lampen","article_publisher":"https:\/\/www.facebook.com\/scandinavischelampen\/","article_modified_time":"2023-07-06T08:06:54+00:00","og_image":[{"width":675,"height":900,"url":"https:\/\/i0.wp.com\/scandinavischelampen.nl\/wp-content\/uploads\/2023\/02\/Optimized-IMG_7047.jpeg?fit=675%2C900&ssl=1","type":"image\/jpeg"}],"twitter_card":"summary_large_image","twitter_misc":{"Gesch\u00e4tzte Lesezeit":"2\u00a0Minuten"},"schema":{"@context":"https:\/\/schema.org","@graph":[{"@type":"WebPage","@id":"https:\/\/scandinavischelampen.nl\/de\/produkt\/vitrika-pendelleuchte-mit-messingdetails-2\/","url":"https:\/\/scandinavischelampen.nl\/de\/produkt\/vitrika-pendelleuchte-mit-messingdetails-2\/","name":"Vitrika-H\u00e4ngelampe mit Messingdetails - Skandinavische Lampen","isPartOf":{"@id":"https:\/\/scandinavischelampen.nl\/de\/#website"},"primaryImageOfPage":{"@id":"https:\/\/scandinavischelampen.nl\/de\/produkt\/vitrika-pendelleuchte-mit-messingdetails-2\/#primaryimage"},"image":{"@id":"https:\/\/scandinavischelampen.nl\/de\/produkt\/vitrika-pendelleuchte-mit-messingdetails-2\/#primaryimage"},"thumbnailUrl":"https:\/\/i0.wp.com\/scandinavischelampen.nl\/wp-content\/uploads\/2023\/02\/Optimized-IMG_7047.jpeg?fit=675%2C900&ssl=1","datePublished":"2023-06-28T07:12:29+00:00","dateModified":"2023-07-06T08:06:54+00:00","description":"Wundersch\u00f6ne Vintage-H\u00e4ngelampe Vitrika in der Farbe Wei\u00df. Allerdings ein Hingucker mit seiner robusten Optik. Perfekt in einem skandinavischen Interieur!","breadcrumb":{"@id":"https:\/\/scandinavischelampen.nl\/de\/produkt\/vitrika-pendelleuchte-mit-messingdetails-2\/#breadcrumb"},"inLanguage":"de","potentialAction":[{"@type":"ReadAction","target":["https:\/\/scandinavischelampen.nl\/de\/produkt\/vitrika-pendelleuchte-mit-messingdetails-2\/"]}]},{"@type":"ImageObject","inLanguage":"de","@id":"https:\/\/scandinavischelampen.nl\/de\/produkt\/vitrika-pendelleuchte-mit-messingdetails-2\/#primaryimage","url":"https:\/\/i0.wp.com\/scandinavischelampen.nl\/wp-content\/uploads\/2023\/02\/Optimized-IMG_7047.jpeg?fit=675%2C900&ssl=1","contentUrl":"https:\/\/i0.wp.com\/scandinavischelampen.nl\/wp-content\/uploads\/2023\/02\/Optimized-IMG_7047.jpeg?fit=675%2C900&ssl=1","width":675,"height":900,"caption":"Bild der in dieser Anzeige angebotenen Vitrika-Pendelleuchte mit Messingdetails"},{"@type":"BreadcrumbList","@id":"https:\/\/scandinavischelampen.nl\/de\/produkt\/vitrika-pendelleuchte-mit-messingdetails-2\/#breadcrumb","itemListElement":[{"@type":"ListItem","position":1,"name":"Home","item":"https:\/\/scandinavischelampen.nl\/de\/"},{"@type":"ListItem","position":2,"name":"Gesch\u00e4ft","item":"https:\/\/scandinavischelampen.nl\/de\/laden\/"},{"@type":"ListItem","position":3,"name":"Vitrika-H\u00e4ngelampe mit Messingdetails"}]},{"@type":"WebSite","@id":"https:\/\/scandinavischelampen.nl\/de\/#website","url":"https:\/\/scandinavischelampen.nl\/de\/","name":"Scandinavische Lampen","description":"Vintage-Designbeleuchtung","publisher":{"@id":"https:\/\/scandinavischelampen.nl\/de\/#organization"},"potentialAction":[{"@type":"SearchAction","target":{"@type":"EntryPoint","urlTemplate":"https:\/\/scandinavischelampen.nl\/de\/?s={search_term_string}"},"query-input":{"@type":"PropertyValueSpecification","valueRequired":true,"valueName":"search_term_string"}}],"inLanguage":"de"},{"@type":"Organization","@id":"https:\/\/scandinavischelampen.nl\/de\/#organization","name":"Scandinavische Lampen","url":"https:\/\/scandinavischelampen.nl\/de\/","logo":{"@type":"ImageObject","inLanguage":"de","@id":"https:\/\/scandinavischelampen.nl\/de\/#\/schema\/logo\/image\/","url":"https:\/\/i0.wp.com\/scandinavischelampen.nl\/wp-content\/uploads\/2023\/07\/cropped-Scandinavische-lampen-logo-oranje-01-scaled.png?fit=4717%2C1570&ssl=1","contentUrl":"https:\/\/i0.wp.com\/scandinavischelampen.nl\/wp-content\/uploads\/2023\/07\/cropped-Scandinavische-lampen-logo-oranje-01-scaled.png?fit=4717%2C1570&ssl=1","width":4717,"height":1570,"caption":"Scandinavische Lampen"},"image":{"@id":"https:\/\/scandinavischelampen.nl\/de\/#\/schema\/logo\/image\/"},"sameAs":["https:\/\/www.facebook.com\/scandinavischelampen\/","https:\/\/www.instagram.com\/scandinavische_lampen\/"]}]}},"uagb_featured_image_src":{"full":["https:\/\/i0.wp.com\/scandinavischelampen.nl\/wp-content\/uploads\/2023\/02\/Optimized-IMG_7047.jpeg?fit=675%2C900&ssl=1",675,900,false],"thumbnail":["https:\/\/i0.wp.com\/scandinavischelampen.nl\/wp-content\/uploads\/2023\/02\/Optimized-IMG_7047.jpeg?resize=150%2C150&ssl=1",150,150,true],"medium":["https:\/\/i0.wp.com\/scandinavischelampen.nl\/wp-content\/uploads\/2023\/02\/Optimized-IMG_7047.jpeg?fit=225%2C300&ssl=1",225,300,true],"medium_large":["https:\/\/i0.wp.com\/scandinavischelampen.nl\/wp-content\/uploads\/2023\/02\/Optimized-IMG_7047.jpeg?fit=675%2C900&ssl=1",675,900,true],"large":["https:\/\/i0.wp.com\/scandinavischelampen.nl\/wp-content\/uploads\/2023\/02\/Optimized-IMG_7047.jpeg?fit=675%2C900&ssl=1",675,900,true],"1536x1536":["https:\/\/i0.wp.com\/scandinavischelampen.nl\/wp-content\/uploads\/2023\/02\/Optimized-IMG_7047.jpeg?fit=675%2C900&ssl=1",675,900,true],"2048x2048":["https:\/\/i0.wp.com\/scandinavischelampen.nl\/wp-content\/uploads\/2023\/02\/Optimized-IMG_7047.jpeg?fit=675%2C900&ssl=1",675,900,true],"woocommerce_thumbnail":["https:\/\/i0.wp.com\/scandinavischelampen.nl\/wp-content\/uploads\/2023\/02\/Optimized-IMG_7047.jpeg?resize=300%2C300&ssl=1",300,300,true],"woocommerce_single":["https:\/\/i0.wp.com\/scandinavischelampen.nl\/wp-content\/uploads\/2023\/02\/Optimized-IMG_7047.jpeg?fit=600%2C800&ssl=1",600,800,true],"woocommerce_gallery_thumbnail":["https:\/\/i0.wp.com\/scandinavischelampen.nl\/wp-content\/uploads\/2023\/02\/Optimized-IMG_7047.jpeg?resize=100%2C100&ssl=1",100,100,true],"thaps-thumb-img":["https:\/\/i0.wp.com\/scandinavischelampen.nl\/wp-content\/uploads\/2023\/02\/Optimized-IMG_7047.jpeg?resize=48%2C64&ssl=1",48,64,true]},"uagb_author_info":{"display_name":"administrator","author_link":"https:\/\/scandinavischelampen.nl\/de\/author\/"},"uagb_comment_info":0,"uagb_excerpt":"Verspielte skandinavische H\u00e4ngelampe der Marke Vitrika in der Farbe Wei\u00df mit Messingakzenten &nbsp; Geeignet f\u00fcr LED Weltweiter Versand 14 Tage Bedenkzeit","jetpack_sharing_enabled":true,"_links":{"self":[{"href":"https:\/\/scandinavischelampen.nl\/de\/wp-json\/wp\/v2\/product\/21585","targetHints":{"allow":["GET"]}}],"collection":[{"href":"https:\/\/scandinavischelampen.nl\/de\/wp-json\/wp\/v2\/product"}],"about":[{"href":"https:\/\/scandinavischelampen.nl\/de\/wp-json\/wp\/v2\/types\/product"}],"wp:featuredmedia":[{"embeddable":true,"href":"https:\/\/scandinavischelampen.nl\/de\/wp-json\/wp\/v2\/media\/17398"}],"wp:attachment":[{"href":"https:\/\/scandinavischelampen.nl\/de\/wp-json\/wp\/v2\/media?parent=21585"}],"wp:term":[{"taxonomy":"product_brand","embeddable":true,"href":"https:\/\/scandinavischelampen.nl\/de\/wp-json\/wp\/v2\/product_brand?post=21585"},{"taxonomy":"product_cat","embeddable":true,"href":"https:\/\/scandinavischelampen.nl\/de\/wp-json\/wp\/v2\/product_cat?post=21585"},{"taxonomy":"product_tag","embeddable":true,"href":"https:\/\/scandinavischelampen.nl\/de\/wp-json\/wp\/v2\/product_tag?post=21585"}],"curies":[{"name":"wp","href":"https:\/\/api.w.org\/{rel}","templated":true}]}}