{"id":21546,"date":"2023-06-28T09:12:42","date_gmt":"2023-06-28T07:12:42","guid":{"rendered":"https:\/\/v2.scandinavischelampen.nl\/product\/louis-poulsen-ph-5-4%c2%bd-pendelleuchten-charlotteborg\/"},"modified":"2025-03-09T20:49:36","modified_gmt":"2025-03-09T19:49:36","slug":"louis-poulsen-ph-5-4%c2%bd-hanglamp-charlotteborg-2","status":"publish","type":"product","link":"https:\/\/scandinavischelampen.nl\/de\/produkt\/louis-poulsen-ph-5-4%c2%bd-hanglamp-charlotteborg-2\/","title":{"rendered":"Vintage Louis Poulsen PH 5-41\/2 Pendelleuchte Charlotteborg"},"content":{"rendered":"<h1><strong>Louis Poulsen PH 5-4\u00bd Pendelleuchte <\/strong><strong>Charlotteborg<\/strong><\/h1>\n<p>Die Louis Poulsen PH 5-4\u00bd Pendelleuchte Charlotteborg ist eines der Meisterwerke von Poul Henningsen. Die Lampe besteht aus vier Schirmen, was unangenehme Blendungen durch die Lichtquelle verhindert. Der trompetenf\u00f6rmige obere Bildschirm sorgt daf\u00fcr, dass drei darunter liegende Bildschirme wundersch\u00f6n beleuchtet werden. Diese drei Schirme lenken das Licht haupts\u00e4chlich nach unten. Die Lampe enth\u00e4lt einen Basisreflektor und einen blauen Dimmring, die eine Blendung aus allen Winkeln verhindern. Suchen Sie eine Lampe als Blickfang? Dann ist Charlotteborg genau das Richtige f\u00fcr Sie.<\/p>\n<h2><strong>Zustand<\/strong><\/h2>\n<p>Diese Louis Poulsen PH 5\/4\u00bd Pendelleuchte ist etwa 40 Jahre alt und weist Gebrauchsspuren auf. Die Schichten der Lampe sind leicht gebogen. Auch an den R\u00e4ndern weist die Lampe leichte Gebrauchsspuren auf. Der untere Bildschirm wurde entfernt. Dadurch ist die Lampe f\u00fcr gr\u00f6\u00dfere Lampen mit E27-Fassung geeignet.<\/p>\n<p>Diese Lampe ist nicht nur eine \u00e4sthetische Erg\u00e4nzung; es ist auch eine bewusste Wahl f\u00fcr die Umwelt. Hole nicht nur ein St\u00fcck d\u00e4nisches Design in dein Zuhause, sondern trage auch zu einer gr\u00fcneren Welt bei. Mit dieser Lampe setzt du nicht nur ein Statement des Stils, sondern auch des Umweltbewusstseins. Entscheide dich f\u00fcr Beleuchtung mit einer Geschichte und einer Wirkung.<\/p>\n<h2>Technische <strong>Daten<\/strong> <strong>Louis Poulsen <\/strong><strong>5-4\u00bd Pendelleuchte <\/strong><strong>Charlotteborg<\/strong><\/h2>\n<ul>\n<li><span class=\"s1\">H\u00f6he: 31,8 cm <\/span><\/li>\n<li><span class=\"s1\">Durchmesser: 46,6 cm <\/span><\/li>\n<li>Material: Metall<\/li>\n<li>Maximale Wattzahl: 70 W<\/li>\n<li>Fassung: E27<\/li>\n<li>F\u00fcr LED-Lampen geeignet<\/li>\n<li>Gewicht: 2,5 kg<\/li>\n<\/ul>\n<h2>Geeignet f\u00fcr LED und dimmbar<\/h2>\n<p>Bei den aktuellen Energietarifen ist die Energieeinsparung ein wichtiger Punkt. Diese Lampe enth\u00e4lt eine E27-Fassung. Dadurch eignet es sich f\u00fcr LED-Lampen und sogar f\u00fcr smarte Beleuchtung. Die Lampe kann auch in Kombination mit einem Dimmer verwendet werden.<\/p>\n<h2>Unser Lagerbestand<\/h2>\n<p>Die angebotenen Leuchten sind immer ab Lager lieferbar. Das bedeutet, dass wir Ihre Bestellung oft noch am selben oder am n\u00e4chsten Werktag versenden. Bitte beachten Sie, dass wir oft nur einen Artikel auf Lager haben. Da wir ausschlie\u00dflich Vintage-Lampen verkaufen, ist es ungewiss, ob wir diese Lampe in Zukunft noch einmal erhalten werden.<\/p>\n<h2>Versandoptionen<\/h2>\n<p>Weltweit ist es m\u00f6glich, bei uns zu bestellen. Wir versenden die Lampen per Einschreiben, gut verpackt in dicker Luftpolsterfolie und in doppellagigen Kartons. Sobald Ihr Paket versendet wurde, erhalten Sie eine E-Mail von Post NL. Hier finden Sie die Track-Trace-Informationen, mit denen Sie das Paket bis zu Ihrer Haust\u00fcr verfolgen k\u00f6nnen. Nach Erhalt Ihrer Bestellung haben Sie 14 Tage Bedenkzeit.<\/p>\n<h2>\u00dcber Louis Poulsen<\/h2>\n<p>Das Ziel von Louis Poulsen besteht nicht nur darin, Lampen zu entwerfen. Durch die Formung des Lichts einer Lampe m\u00f6chte Louis Poulsen eine Atmosph\u00e4re schaffen, in der sich Menschen drinnen und drau\u00dfen wohlf\u00fchlen. Die Form der Leuchte schafft Raum und die Produkte m\u00fcssen sich harmonisch in den von ihnen definierten Raum einf\u00fcgen \u2013 indirekt, weich und einladend. <span style=\"color: #ff6600;\"><a style=\"color: #ff6600;\" href=\"https:\/\/scandinavischelampen.nl\/product-categorie\/louis-poulsen\/\">Sehen Sie sich hier unsere komplette Leuchtenkollektion von Louis Poulsen an.<\/a><\/span><\/p>\n<p>&nbsp;<\/p>\n","protected":false},"excerpt":{"rendered":"<div class=\"title-wrapper\">\n<p><strong><span style=\"color: #00ff00;\">\u221a<\/span> <span style=\"color: #ff6600;\">Kostenloser Versand in Europa ab \u20ac350<\/span><br \/>\n<\/strong><strong><span style=\"color: #00ff00;\">\u221a<\/span> Bestellt vor <span style=\"color: #ff6600;\">16:00 Uhr<\/span>? Normalerweise am selben Tag versandt<br \/>\n<\/strong><strong><span style=\"color: #00ff00;\">\u221a<\/span> <span style=\"color: #ff6600;\">14 Tage<\/span> Bedenkzeit<br \/>\n<\/strong><strong><span style=\"color: #00ff00;\">\u221a<\/span> Geeignet f\u00fcr <span style=\"color: #ff6600;\">LED<\/span><\/strong><\/p>\n<ul>\n<li><strong><span class=\"s1\">H\u00f6he: 31,8 cm <\/span><\/strong><\/li>\n<li><strong><span class=\"s1\">Durchmesser: 46,6 cm <\/span><\/strong><\/li>\n<\/ul>\n<\/div>\n","protected":false},"featured_media":20244,"template":"","meta":{"_uag_custom_page_level_css":"","site-sidebar-layout":"default","site-content-layout":"default","ast-site-content-layout":"default","site-content-style":"default","site-sidebar-style":"default","ast-global-header-display":"","ast-banner-title-visibility":"","ast-main-header-display":"","ast-hfb-above-header-display":"","ast-hfb-below-header-display":"","ast-hfb-mobile-header-display":"","site-post-title":"","ast-breadcrumbs-content":"","ast-featured-img":"","footer-sml-layout":"","ast-disable-related-posts":"","theme-transparent-header-meta":"default","adv-header-id-meta":"","stick-header-meta":"","header-above-stick-meta":"","header-main-stick-meta":"","header-below-stick-meta":"","astra-migrate-meta-layouts":"default","ast-page-background-enabled":"default","ast-page-background-meta":{"desktop":{"background-color":"var(--ast-global-color-4)","background-image":"","background-repeat":"repeat","background-position":"center center","background-size":"auto","background-attachment":"scroll","background-type":"","background-media":"","overlay-type":"","overlay-color":"","overlay-opacity":"","overlay-gradient":""},"tablet":{"background-color":"","background-image":"","background-repeat":"repeat","background-position":"center center","background-size":"auto","background-attachment":"scroll","background-type":"","background-media":"","overlay-type":"","overlay-color":"","overlay-opacity":"","overlay-gradient":""},"mobile":{"background-color":"","background-image":"","background-repeat":"repeat","background-position":"center center","background-size":"auto","background-attachment":"scroll","background-type":"","background-media":"","overlay-type":"","overlay-color":"","overlay-opacity":"","overlay-gradient":""}},"ast-content-background-meta":{"desktop":{"background-color":"var(--ast-global-color-5)","background-image":"","background-repeat":"repeat","background-position":"center center","background-size":"auto","background-attachment":"scroll","background-type":"","background-media":"","overlay-type":"","overlay-color":"","overlay-opacity":"","overlay-gradient":""},"tablet":{"background-color":"var(--ast-global-color-5)","background-image":"","background-repeat":"repeat","background-position":"center center","background-size":"auto","background-attachment":"scroll","background-type":"","background-media":"","overlay-type":"","overlay-color":"","overlay-opacity":"","overlay-gradient":""},"mobile":{"background-color":"var(--ast-global-color-5)","background-image":"","background-repeat":"repeat","background-position":"center center","background-size":"auto","background-attachment":"scroll","background-type":"","background-media":"","overlay-type":"","overlay-color":"","overlay-opacity":"","overlay-gradient":""}}},"product_brand":[],"product_cat":[243,247,275,277,245,248,605,249],"product_tag":[252],"class_list":{"0":"post-21546","1":"product","2":"type-product","3":"status-publish","4":"has-post-thumbnail","6":"product_cat-skandinavische-pendelleuchten","7":"product_cat-kuche","8":"product_cat-lampen-duos-de","9":"product_cat-louis-poulsen-de","10":"product_cat-pendelleuchte-esstisch","11":"product_cat-schlafzimmer","12":"product_cat-sehen-sie-sich-unsere-komplette-kollektion-an","13":"product_cat-wohnzimmer","14":"product_tag-weiss","15":"desktop-align-center","16":"tablet-align-left","17":"mobile-align-left","19":"first","20":"outofstock","21":"taxable","22":"shipping-taxable","23":"purchasable","24":"product-type-simple"},"yoast_head":"<!-- This site is optimized with the Yoast SEO plugin v27.5 - https:\/\/yoast.com\/product\/yoast-seo-wordpress\/ -->\n<title>- Jahrgang<\/title>\n<meta name=\"description\" content=\"Die Louis Poulsen PH 5-4\u00bd H\u00e4ngelampe Charlotteborg ist ein echter Vintage-Designklassiker. Suchen Sie diese Lampe, wir haben mehrere auf Lager.\" \/>\n<meta name=\"robots\" content=\"index, follow, max-snippet:-1, max-image-preview:large, max-video-preview:-1\" \/>\n<link rel=\"canonical\" href=\"https:\/\/scandinavischelampen.nl\/de\/produkt\/louis-poulsen-ph-5-4%c2%bd-hanglamp-charlotteborg-2\/\" \/>\n<meta property=\"og:locale\" content=\"de_DE\" \/>\n<meta property=\"og:type\" content=\"article\" \/>\n<meta property=\"og:title\" content=\"- Jahrgang\" \/>\n<meta property=\"og:description\" content=\"Die Louis Poulsen PH 5-4\u00bd H\u00e4ngelampe Charlotteborg ist ein echter Vintage-Designklassiker. Suchen Sie diese Lampe, wir haben mehrere auf Lager.\" \/>\n<meta property=\"og:url\" content=\"https:\/\/scandinavischelampen.nl\/de\/produkt\/louis-poulsen-ph-5-4%c2%bd-hanglamp-charlotteborg-2\/\" \/>\n<meta property=\"og:site_name\" content=\"Skandinavische Lampen\" \/>\n<meta property=\"article:publisher\" content=\"https:\/\/www.facebook.com\/scandinavischelampen\/\" \/>\n<meta property=\"article:modified_time\" content=\"2025-03-09T19:49:36+00:00\" \/>\n<meta property=\"og:image\" content=\"https:\/\/i0.wp.com\/scandinavischelampen.nl\/wp-content\/uploads\/2023\/06\/Optimized-IMG_8756-2.jpeg?fit=675%2C900&ssl=1\" \/>\n\t<meta property=\"og:image:width\" content=\"675\" \/>\n\t<meta property=\"og:image:height\" content=\"900\" \/>\n\t<meta property=\"og:image:type\" content=\"image\/jpeg\" \/>\n<meta name=\"twitter:card\" content=\"summary_large_image\" \/>\n<meta name=\"twitter:label1\" content=\"Gesch\u00e4tzte Lesezeit\" \/>\n\t<meta name=\"twitter:data1\" content=\"2\u00a0Minuten\" \/>\n<script type=\"application\/ld+json\" class=\"yoast-schema-graph\">{\"@context\":\"https:\\\/\\\/schema.org\",\"@graph\":[{\"@type\":\"WebPage\",\"@id\":\"https:\\\/\\\/scandinavischelampen.nl\\\/de\\\/produkt\\\/louis-poulsen-ph-5-4%c2%bd-hanglamp-charlotteborg-2\\\/\",\"url\":\"https:\\\/\\\/scandinavischelampen.nl\\\/de\\\/produkt\\\/louis-poulsen-ph-5-4%c2%bd-hanglamp-charlotteborg-2\\\/\",\"name\":\"- Jahrgang\",\"isPartOf\":{\"@id\":\"https:\\\/\\\/scandinavischelampen.nl\\\/de\\\/#website\"},\"primaryImageOfPage\":{\"@id\":\"https:\\\/\\\/scandinavischelampen.nl\\\/de\\\/produkt\\\/louis-poulsen-ph-5-4%c2%bd-hanglamp-charlotteborg-2\\\/#primaryimage\"},\"image\":{\"@id\":\"https:\\\/\\\/scandinavischelampen.nl\\\/de\\\/produkt\\\/louis-poulsen-ph-5-4%c2%bd-hanglamp-charlotteborg-2\\\/#primaryimage\"},\"thumbnailUrl\":\"https:\\\/\\\/i0.wp.com\\\/scandinavischelampen.nl\\\/wp-content\\\/uploads\\\/2023\\\/06\\\/Optimized-IMG_8756-2.jpeg?fit=675%2C900&ssl=1\",\"datePublished\":\"2023-06-28T07:12:42+00:00\",\"dateModified\":\"2025-03-09T19:49:36+00:00\",\"description\":\"Die Louis Poulsen PH 5-4\u00bd H\u00e4ngelampe Charlotteborg ist ein echter Vintage-Designklassiker. Suchen Sie diese Lampe, wir haben mehrere auf Lager.\",\"breadcrumb\":{\"@id\":\"https:\\\/\\\/scandinavischelampen.nl\\\/de\\\/produkt\\\/louis-poulsen-ph-5-4%c2%bd-hanglamp-charlotteborg-2\\\/#breadcrumb\"},\"inLanguage\":\"de\",\"potentialAction\":[{\"@type\":\"ReadAction\",\"target\":[\"https:\\\/\\\/scandinavischelampen.nl\\\/de\\\/produkt\\\/louis-poulsen-ph-5-4%c2%bd-hanglamp-charlotteborg-2\\\/\"]}]},{\"@type\":\"ImageObject\",\"inLanguage\":\"de\",\"@id\":\"https:\\\/\\\/scandinavischelampen.nl\\\/de\\\/produkt\\\/louis-poulsen-ph-5-4%c2%bd-hanglamp-charlotteborg-2\\\/#primaryimage\",\"url\":\"https:\\\/\\\/i0.wp.com\\\/scandinavischelampen.nl\\\/wp-content\\\/uploads\\\/2023\\\/06\\\/Optimized-IMG_8756-2.jpeg?fit=675%2C900&ssl=1\",\"contentUrl\":\"https:\\\/\\\/i0.wp.com\\\/scandinavischelampen.nl\\\/wp-content\\\/uploads\\\/2023\\\/06\\\/Optimized-IMG_8756-2.jpeg?fit=675%2C900&ssl=1\",\"width\":675,\"height\":900,\"caption\":\"Bild der in dieser Anzeige angebotenen Louis Poulsen PH 5-4 1\\\/2 Charlottenburg Pendelleuchte.\"},{\"@type\":\"BreadcrumbList\",\"@id\":\"https:\\\/\\\/scandinavischelampen.nl\\\/de\\\/produkt\\\/louis-poulsen-ph-5-4%c2%bd-hanglamp-charlotteborg-2\\\/#breadcrumb\",\"itemListElement\":[{\"@type\":\"ListItem\",\"position\":1,\"name\":\"Home\",\"item\":\"https:\\\/\\\/scandinavischelampen.nl\\\/de\\\/\"},{\"@type\":\"ListItem\",\"position\":2,\"name\":\"Gesch\u00e4ft\",\"item\":\"https:\\\/\\\/scandinavischelampen.nl\\\/de\\\/laden\\\/\"},{\"@type\":\"ListItem\",\"position\":3,\"name\":\"Vintage Louis Poulsen PH 5-41\\\/2 Pendelleuchte Charlotteborg\"}]},{\"@type\":\"WebSite\",\"@id\":\"https:\\\/\\\/scandinavischelampen.nl\\\/de\\\/#website\",\"url\":\"https:\\\/\\\/scandinavischelampen.nl\\\/de\\\/\",\"name\":\"Scandinavische Lampen\",\"description\":\"Vintage-Designbeleuchtung\",\"publisher\":{\"@id\":\"https:\\\/\\\/scandinavischelampen.nl\\\/de\\\/#organization\"},\"potentialAction\":[{\"@type\":\"SearchAction\",\"target\":{\"@type\":\"EntryPoint\",\"urlTemplate\":\"https:\\\/\\\/scandinavischelampen.nl\\\/de\\\/?s={search_term_string}\"},\"query-input\":{\"@type\":\"PropertyValueSpecification\",\"valueRequired\":true,\"valueName\":\"search_term_string\"}}],\"inLanguage\":\"de\"},{\"@type\":\"Organization\",\"@id\":\"https:\\\/\\\/scandinavischelampen.nl\\\/de\\\/#organization\",\"name\":\"Scandinavische Lampen\",\"url\":\"https:\\\/\\\/scandinavischelampen.nl\\\/de\\\/\",\"logo\":{\"@type\":\"ImageObject\",\"inLanguage\":\"de\",\"@id\":\"https:\\\/\\\/scandinavischelampen.nl\\\/de\\\/#\\\/schema\\\/logo\\\/image\\\/\",\"url\":\"https:\\\/\\\/i0.wp.com\\\/scandinavischelampen.nl\\\/wp-content\\\/uploads\\\/2023\\\/07\\\/cropped-Scandinavische-lampen-logo-oranje-01-scaled.png?fit=4717%2C1570&ssl=1\",\"contentUrl\":\"https:\\\/\\\/i0.wp.com\\\/scandinavischelampen.nl\\\/wp-content\\\/uploads\\\/2023\\\/07\\\/cropped-Scandinavische-lampen-logo-oranje-01-scaled.png?fit=4717%2C1570&ssl=1\",\"width\":4717,\"height\":1570,\"caption\":\"Scandinavische Lampen\"},\"image\":{\"@id\":\"https:\\\/\\\/scandinavischelampen.nl\\\/de\\\/#\\\/schema\\\/logo\\\/image\\\/\"},\"sameAs\":[\"https:\\\/\\\/www.facebook.com\\\/scandinavischelampen\\\/\",\"https:\\\/\\\/www.instagram.com\\\/scandinavische_lampen\\\/\"]}]}<\/script>\n<!-- \/ Yoast SEO plugin. -->","yoast_head_json":{"title":"- Jahrgang","description":"Die Louis Poulsen PH 5-4\u00bd H\u00e4ngelampe Charlotteborg ist ein echter Vintage-Designklassiker. Suchen Sie diese Lampe, wir haben mehrere auf Lager.","robots":{"index":"index","follow":"follow","max-snippet":"max-snippet:-1","max-image-preview":"max-image-preview:large","max-video-preview":"max-video-preview:-1"},"canonical":"https:\/\/scandinavischelampen.nl\/de\/produkt\/louis-poulsen-ph-5-4%c2%bd-hanglamp-charlotteborg-2\/","og_locale":"de_DE","og_type":"article","og_title":"- Jahrgang","og_description":"Die Louis Poulsen PH 5-4\u00bd H\u00e4ngelampe Charlotteborg ist ein echter Vintage-Designklassiker. Suchen Sie diese Lampe, wir haben mehrere auf Lager.","og_url":"https:\/\/scandinavischelampen.nl\/de\/produkt\/louis-poulsen-ph-5-4%c2%bd-hanglamp-charlotteborg-2\/","og_site_name":"Skandinavische Lampen","article_publisher":"https:\/\/www.facebook.com\/scandinavischelampen\/","article_modified_time":"2025-03-09T19:49:36+00:00","og_image":[{"width":675,"height":900,"url":"https:\/\/i0.wp.com\/scandinavischelampen.nl\/wp-content\/uploads\/2023\/06\/Optimized-IMG_8756-2.jpeg?fit=675%2C900&ssl=1","type":"image\/jpeg"}],"twitter_card":"summary_large_image","twitter_misc":{"Gesch\u00e4tzte Lesezeit":"2\u00a0Minuten"},"schema":{"@context":"https:\/\/schema.org","@graph":[{"@type":"WebPage","@id":"https:\/\/scandinavischelampen.nl\/de\/produkt\/louis-poulsen-ph-5-4%c2%bd-hanglamp-charlotteborg-2\/","url":"https:\/\/scandinavischelampen.nl\/de\/produkt\/louis-poulsen-ph-5-4%c2%bd-hanglamp-charlotteborg-2\/","name":"- Jahrgang","isPartOf":{"@id":"https:\/\/scandinavischelampen.nl\/de\/#website"},"primaryImageOfPage":{"@id":"https:\/\/scandinavischelampen.nl\/de\/produkt\/louis-poulsen-ph-5-4%c2%bd-hanglamp-charlotteborg-2\/#primaryimage"},"image":{"@id":"https:\/\/scandinavischelampen.nl\/de\/produkt\/louis-poulsen-ph-5-4%c2%bd-hanglamp-charlotteborg-2\/#primaryimage"},"thumbnailUrl":"https:\/\/i0.wp.com\/scandinavischelampen.nl\/wp-content\/uploads\/2023\/06\/Optimized-IMG_8756-2.jpeg?fit=675%2C900&ssl=1","datePublished":"2023-06-28T07:12:42+00:00","dateModified":"2025-03-09T19:49:36+00:00","description":"Die Louis Poulsen PH 5-4\u00bd H\u00e4ngelampe Charlotteborg ist ein echter Vintage-Designklassiker. Suchen Sie diese Lampe, wir haben mehrere auf Lager.","breadcrumb":{"@id":"https:\/\/scandinavischelampen.nl\/de\/produkt\/louis-poulsen-ph-5-4%c2%bd-hanglamp-charlotteborg-2\/#breadcrumb"},"inLanguage":"de","potentialAction":[{"@type":"ReadAction","target":["https:\/\/scandinavischelampen.nl\/de\/produkt\/louis-poulsen-ph-5-4%c2%bd-hanglamp-charlotteborg-2\/"]}]},{"@type":"ImageObject","inLanguage":"de","@id":"https:\/\/scandinavischelampen.nl\/de\/produkt\/louis-poulsen-ph-5-4%c2%bd-hanglamp-charlotteborg-2\/#primaryimage","url":"https:\/\/i0.wp.com\/scandinavischelampen.nl\/wp-content\/uploads\/2023\/06\/Optimized-IMG_8756-2.jpeg?fit=675%2C900&ssl=1","contentUrl":"https:\/\/i0.wp.com\/scandinavischelampen.nl\/wp-content\/uploads\/2023\/06\/Optimized-IMG_8756-2.jpeg?fit=675%2C900&ssl=1","width":675,"height":900,"caption":"Bild der in dieser Anzeige angebotenen Louis Poulsen PH 5-4 1\/2 Charlottenburg Pendelleuchte."},{"@type":"BreadcrumbList","@id":"https:\/\/scandinavischelampen.nl\/de\/produkt\/louis-poulsen-ph-5-4%c2%bd-hanglamp-charlotteborg-2\/#breadcrumb","itemListElement":[{"@type":"ListItem","position":1,"name":"Home","item":"https:\/\/scandinavischelampen.nl\/de\/"},{"@type":"ListItem","position":2,"name":"Gesch\u00e4ft","item":"https:\/\/scandinavischelampen.nl\/de\/laden\/"},{"@type":"ListItem","position":3,"name":"Vintage Louis Poulsen PH 5-41\/2 Pendelleuchte Charlotteborg"}]},{"@type":"WebSite","@id":"https:\/\/scandinavischelampen.nl\/de\/#website","url":"https:\/\/scandinavischelampen.nl\/de\/","name":"Scandinavische Lampen","description":"Vintage-Designbeleuchtung","publisher":{"@id":"https:\/\/scandinavischelampen.nl\/de\/#organization"},"potentialAction":[{"@type":"SearchAction","target":{"@type":"EntryPoint","urlTemplate":"https:\/\/scandinavischelampen.nl\/de\/?s={search_term_string}"},"query-input":{"@type":"PropertyValueSpecification","valueRequired":true,"valueName":"search_term_string"}}],"inLanguage":"de"},{"@type":"Organization","@id":"https:\/\/scandinavischelampen.nl\/de\/#organization","name":"Scandinavische Lampen","url":"https:\/\/scandinavischelampen.nl\/de\/","logo":{"@type":"ImageObject","inLanguage":"de","@id":"https:\/\/scandinavischelampen.nl\/de\/#\/schema\/logo\/image\/","url":"https:\/\/i0.wp.com\/scandinavischelampen.nl\/wp-content\/uploads\/2023\/07\/cropped-Scandinavische-lampen-logo-oranje-01-scaled.png?fit=4717%2C1570&ssl=1","contentUrl":"https:\/\/i0.wp.com\/scandinavischelampen.nl\/wp-content\/uploads\/2023\/07\/cropped-Scandinavische-lampen-logo-oranje-01-scaled.png?fit=4717%2C1570&ssl=1","width":4717,"height":1570,"caption":"Scandinavische Lampen"},"image":{"@id":"https:\/\/scandinavischelampen.nl\/de\/#\/schema\/logo\/image\/"},"sameAs":["https:\/\/www.facebook.com\/scandinavischelampen\/","https:\/\/www.instagram.com\/scandinavische_lampen\/"]}]}},"uagb_featured_image_src":{"full":["https:\/\/i0.wp.com\/scandinavischelampen.nl\/wp-content\/uploads\/2023\/06\/Optimized-IMG_8756-2.jpeg?fit=675%2C900&ssl=1",675,900,false],"thumbnail":["https:\/\/i0.wp.com\/scandinavischelampen.nl\/wp-content\/uploads\/2023\/06\/Optimized-IMG_8756-2.jpeg?resize=150%2C150&ssl=1",150,150,true],"medium":["https:\/\/i0.wp.com\/scandinavischelampen.nl\/wp-content\/uploads\/2023\/06\/Optimized-IMG_8756-2.jpeg?fit=225%2C300&ssl=1",225,300,true],"medium_large":["https:\/\/i0.wp.com\/scandinavischelampen.nl\/wp-content\/uploads\/2023\/06\/Optimized-IMG_8756-2.jpeg?fit=675%2C900&ssl=1",675,900,true],"large":["https:\/\/i0.wp.com\/scandinavischelampen.nl\/wp-content\/uploads\/2023\/06\/Optimized-IMG_8756-2.jpeg?fit=675%2C900&ssl=1",675,900,true],"1536x1536":["https:\/\/i0.wp.com\/scandinavischelampen.nl\/wp-content\/uploads\/2023\/06\/Optimized-IMG_8756-2.jpeg?fit=675%2C900&ssl=1",675,900,true],"2048x2048":["https:\/\/i0.wp.com\/scandinavischelampen.nl\/wp-content\/uploads\/2023\/06\/Optimized-IMG_8756-2.jpeg?fit=675%2C900&ssl=1",675,900,true],"woocommerce_thumbnail":["https:\/\/i0.wp.com\/scandinavischelampen.nl\/wp-content\/uploads\/2023\/06\/Optimized-IMG_8756-2.jpeg?resize=300%2C300&ssl=1",300,300,true],"woocommerce_single":["https:\/\/i0.wp.com\/scandinavischelampen.nl\/wp-content\/uploads\/2023\/06\/Optimized-IMG_8756-2.jpeg?fit=600%2C800&ssl=1",600,800,true],"woocommerce_gallery_thumbnail":["https:\/\/i0.wp.com\/scandinavischelampen.nl\/wp-content\/uploads\/2023\/06\/Optimized-IMG_8756-2.jpeg?resize=100%2C100&ssl=1",100,100,true],"thaps-thumb-img":["https:\/\/i0.wp.com\/scandinavischelampen.nl\/wp-content\/uploads\/2023\/06\/Optimized-IMG_8756-2.jpeg?resize=48%2C64&ssl=1",48,64,true]},"uagb_author_info":{"display_name":"administrator","author_link":"https:\/\/scandinavischelampen.nl\/de\/author\/"},"uagb_comment_info":0,"uagb_excerpt":"\u221a Kostenloser Versand in Europa ab \u20ac350 \u221a Bestellt vor 16:00 Uhr? Normalerweise am selben Tag versandt \u221a 14 Tage Bedenkzeit \u221a Geeignet f\u00fcr LED H\u00f6he: 31,8 cm Durchmesser: 46,6 cm","jetpack_sharing_enabled":true,"_links":{"self":[{"href":"https:\/\/scandinavischelampen.nl\/de\/wp-json\/wp\/v2\/product\/21546","targetHints":{"allow":["GET"]}}],"collection":[{"href":"https:\/\/scandinavischelampen.nl\/de\/wp-json\/wp\/v2\/product"}],"about":[{"href":"https:\/\/scandinavischelampen.nl\/de\/wp-json\/wp\/v2\/types\/product"}],"wp:featuredmedia":[{"embeddable":true,"href":"https:\/\/scandinavischelampen.nl\/de\/wp-json\/wp\/v2\/media\/20244"}],"wp:attachment":[{"href":"https:\/\/scandinavischelampen.nl\/de\/wp-json\/wp\/v2\/media?parent=21546"}],"wp:term":[{"taxonomy":"product_brand","embeddable":true,"href":"https:\/\/scandinavischelampen.nl\/de\/wp-json\/wp\/v2\/product_brand?post=21546"},{"taxonomy":"product_cat","embeddable":true,"href":"https:\/\/scandinavischelampen.nl\/de\/wp-json\/wp\/v2\/product_cat?post=21546"},{"taxonomy":"product_tag","embeddable":true,"href":"https:\/\/scandinavischelampen.nl\/de\/wp-json\/wp\/v2\/product_tag?post=21546"}],"curies":[{"name":"wp","href":"https:\/\/api.w.org\/{rel}","templated":true}]}}